{"id":19612,"date":"2025-04-07T06:57:21","date_gmt":"2025-04-07T06:57:21","guid":{"rendered":"https:\/\/www.hydraulic-cylinders.net\/product\/boom-cylinder-for-volwa-middle-excavator-dls230-8h\/"},"modified":"2025-04-07T06:57:24","modified_gmt":"2025-04-07T06:57:24","slug":"boom-cylinder-for-volwa-middle-excavator-dls230-8h","status":"publish","type":"product","link":"https:\/\/www.hydraulic-cylinders.net\/pt\/produto\/boom-cylinder-for-volwa-middle-excavator-dls230-8h\/","title":{"rendered":"Cilindro da lan\u00e7a para escavadeira m\u00e9dia Volwa DLS230-8H"},"content":{"rendered":"<h1>Cilindro da lan\u00e7a para escavadeira m\u00e9dia Volwa DLS230-8H<\/h1>\n<h2>Introdu\u00e7\u00e3o aos Cilindros de Lan\u00e7a<\/h2>\n<p>O cilindro da lan\u00e7a \u00e9 um componente crucial nos sistemas hidr\u00e1ulicos de m\u00e1quinas pesadas, como escavadeiras, retroescavadeiras e p\u00e1s carregadeiras. Ele \u00e9 projetado especificamente para controlar o movimento da ca\u00e7amba, permitindo que ela seja levantada, abaixada e inclinada com efici\u00eancia durante as tarefas de movimenta\u00e7\u00e3o de materiais. Esses cilindros utilizam fluido hidr\u00e1ulico para gerar for\u00e7a, possibilitando que a m\u00e1quina execute uma variedade de opera\u00e7\u00f5es com precis\u00e3o e efic\u00e1cia.<\/p>\n<p>Como um tipo de cilindro hidr\u00e1ulico, o cilindro da lan\u00e7a desempenha um papel significativo em diversas aplica\u00e7\u00f5es em diferentes setores. Ao manipular a posi\u00e7\u00e3o da ca\u00e7amba, os operadores podem otimizar seu fluxo de trabalho e aumentar a produtividade nos canteiros de obras. Esse sistema hidr\u00e1ulico \u00e9 essencial para tarefas como escava\u00e7\u00e3o, carregamento e transporte de materiais, tornando-se um recurso vital na constru\u00e7\u00e3o civil, agricultura e minera\u00e7\u00e3o.<\/p>\n<p><img decoding=\"async\" src=\"https:\/\/www.hydraulic-cylinders.net\/wp-content\/uploads\/2025\/04\/songte-company-1.webp\" alt=\"Imagem do Cilindro Hidr\u00e1ulico\" \/><\/p>\n<h2>Principais caracter\u00edsticas do cilindro da lan\u00e7a<\/h2>\n<ul>\n<li><strong>Alta resist\u00eancia e durabilidade:<\/strong> Fabricado em a\u00e7o de alta resist\u00eancia ou alum\u00ednio, o cilindro da lan\u00e7a suporta alta press\u00e3o e cargas pesadas, sendo adequado para condi\u00e7\u00f5es de trabalho severas. Seu design inclui resist\u00eancia ao desgaste e \u00e0 corros\u00e3o para prolongar sua vida \u00fatil.<\/li>\n<li><strong>Opera\u00e7\u00e3o hidr\u00e1ulica eficiente:<\/strong> O cilindro da lan\u00e7a funciona suavemente utilizando a press\u00e3o do fluido hidr\u00e1ulico, permitindo uma resposta r\u00e1pida aos comandos de controle e fornecendo uma for\u00e7a substancial de empuxo e tra\u00e7\u00e3o, ideal para manusear objetos pesados \u200b\u200be realizar tarefas complexas.<\/li>\n<li><strong>Tipos diversos:<\/strong> Dispon\u00edvel em configura\u00e7\u00f5es de a\u00e7\u00e3o simples (utilizando o sistema hidr\u00e1ulico apenas em uma dire\u00e7\u00e3o) ou de a\u00e7\u00e3o dupla (utilizando o sistema hidr\u00e1ulico em ambas as dire\u00e7\u00f5es), o cilindro da lan\u00e7a pode ser adaptado para atender a diversas necessidades operacionais. Alguns modelos apresentam designs telesc\u00f3picos para maior extens\u00e3o sem aumentar as dimens\u00f5es externas, perfeitos para aplica\u00e7\u00f5es com espa\u00e7o limitado.<\/li>\n<li><strong>Fabrica\u00e7\u00e3o personalizada:<\/strong> Nossa empresa \u00e9 especializada na produ\u00e7\u00e3o desses cilindros de lan\u00e7a, garantindo que sejam substitutos perfeitos para os cilindros hidr\u00e1ulicos existentes em m\u00e1quinas.<\/li>\n<li><strong>Aplica\u00e7\u00f5es vers\u00e1teis:<\/strong> O cilindro da lan\u00e7a pode ser adaptado para diferentes tipos de m\u00e1quinas, aumentando sua utilidade em diversas tarefas.<\/li>\n<\/ul>\n<p><img decoding=\"async\" src=\"https:\/\/www.hydraulic-cylinders.net\/wp-content\/uploads\/2025\/04\/songte-cylinder-head-with-all-kinds-excavator-models.webp\" alt=\"Imagem de modelos de escavadeiras\" \/><\/p>\n<h2>Aplica\u00e7\u00f5es de Cilindros de Lan\u00e7a<\/h2>\n<h3>Equipamentos de constru\u00e7\u00e3o<\/h3>\n<p>Em escavadeiras, os cilindros da lan\u00e7a s\u00e3o essenciais para escavar, carregar e movimentar terra ou entulho. Eles permitem que a ca\u00e7amba penetre no solo de forma eficaz, garantindo processos de escava\u00e7\u00e3o eficientes. Em retroescavadeiras, esses cilindros facilitam tanto as opera\u00e7\u00f5es de escava\u00e7\u00e3o quanto as de eleva\u00e7\u00e3o, tornando-os fundamentais para diversas tarefas de constru\u00e7\u00e3o.<\/p>\n<h3>Maquinaria agr\u00edcola<\/h3>\n<p>Em carregadeiras frontais, os cilindros da lan\u00e7a s\u00e3o usados \u200b\u200bpara escavar, levantar e transportar terra, feno e outros materiais. Eles aumentam a efici\u00eancia e a efic\u00e1cia das opera\u00e7\u00f5es agr\u00edcolas, auxiliando em tarefas como carregar ra\u00e7\u00e3o e movimentar materiais a granel nas fazendas.<\/p>\n<h3>Escavadeiras<\/h3>\n<p>O cilindro da lan\u00e7a \u00e9 crucial em escavadeiras, permitindo que a ca\u00e7amba penetre no solo para realizar escava\u00e7\u00f5es. Essa capacidade \u00e9 essencial para diversas tarefas de constru\u00e7\u00e3o e paisagismo, fornecendo aos operadores a pot\u00eancia necess\u00e1ria para executar opera\u00e7\u00f5es de escava\u00e7\u00e3o eficazes.<\/p>\n<h3>Carregadores<\/h3>\n<p>Em carregadeiras frontais, os cilindros da lan\u00e7a contribuem para o levantamento e despejo eficazes de cargas. Seu acionamento hidr\u00e1ulico permite transi\u00e7\u00f5es suaves e movimentos precisos, garantindo seguran\u00e7a e efici\u00eancia no manuseio de materiais pesados.<\/p>\n<h2>Considera\u00e7\u00f5es de design e crit\u00e9rios de sele\u00e7\u00e3o<\/h2>\n<h3>Capacidade de carga<\/h3>\n<p>Ao projetar um cilindro de lan\u00e7a, a capacidade de carga \u00e9 uma considera\u00e7\u00e3o primordial. Ele deve ser capaz de suportar o peso m\u00e1ximo que ser\u00e1 aplicado durante a opera\u00e7\u00e3o. Os engenheiros calculam os requisitos de carga com base nas especifica\u00e7\u00f5es da m\u00e1quina e nas tarefas que ela dever\u00e1 executar. Selecionar um cilindro com a capacidade de carga adequada garante seguran\u00e7a e efici\u00eancia durante as opera\u00e7\u00f5es.<\/p>\n<h3>Desempenho de veda\u00e7\u00e3o<\/h3>\n<p>A veda\u00e7\u00e3o eficaz \u00e9 crucial em sistemas hidr\u00e1ulicos. Uma veda\u00e7\u00e3o bem projetada impede vazamentos de fluido hidr\u00e1ulico, garantindo o funcionamento ideal e reduzindo as necessidades de manuten\u00e7\u00e3o. Os materiais utilizados para as veda\u00e7\u00f5es, como poliuretano e borracha nitr\u00edlica, s\u00e3o escolhidos por sua resist\u00eancia ao desgaste e durabilidade, contribuindo para a longevidade geral do cilindro da lan\u00e7a.<\/p>\n<h3>Durabilidade<\/h3>\n<p>A durabilidade \u00e9 essencial para o cilindro da lan\u00e7a, pois ele opera em ambientes agressivos. Os materiais e as pr\u00e1ticas de engenharia devem priorizar a resist\u00eancia ao desgaste, \u00e0 corros\u00e3o e \u00e0 fadiga. Essa considera\u00e7\u00e3o garante que o cilindro suporte os rigores do uso di\u00e1rio em aplica\u00e7\u00f5es de constru\u00e7\u00e3o e agricultura.<\/p>\n<h3>Recursos de seguran\u00e7a<\/h3>\n<p>Incorporar recursos de seguran\u00e7a no projeto do cilindro da lan\u00e7a \u00e9 crucial. Isso pode incluir v\u00e1lvulas de al\u00edvio de press\u00e3o, que evitam o ac\u00famulo excessivo de press\u00e3o, e mecanismos \u00e0 prova de falhas que garantem a opera\u00e7\u00e3o segura da m\u00e1quina mesmo em condi\u00e7\u00f5es adversas. Um cilindro bem projetado prioriza a seguran\u00e7a tanto dos operadores quanto das pessoas ao redor.<\/p>\n<h3>Manutenibilidade<\/h3>\n<p>Projetar para facilitar a manuten\u00e7\u00e3o permite inspe\u00e7\u00f5es e reparos mais simples. Recursos como pontos de lubrifica\u00e7\u00e3o acess\u00edveis e componentes modulares simplificam as tarefas de manuten\u00e7\u00e3o, garantindo que o cilindro da lan\u00e7a permane\u00e7a em boas condi\u00e7\u00f5es de funcionamento durante toda a sua vida \u00fatil. O foco na facilidade de manuten\u00e7\u00e3o reduz o tempo de inatividade e aumenta a produtividade.<\/p>\n<p><img decoding=\"async\" src=\"https:\/\/www.hydraulic-cylinders.net\/wp-content\/uploads\/2025\/04\/songte-oil-pipes-and-spare-parts.webp\" alt=\"Imagem de tubos de \u00f3leo e pe\u00e7as de reposi\u00e7\u00e3o\" \/><\/p>\n<h2>Veda\u00e7\u00e3o e Lubrifica\u00e7\u00e3o<\/h2>\n<p>A veda\u00e7\u00e3o e a lubrifica\u00e7\u00e3o adequadas s\u00e3o fundamentais para o funcionamento eficiente dos cilindros da lan\u00e7a. Diversos elementos de veda\u00e7\u00e3o, como veda\u00e7\u00f5es de pist\u00e3o e veda\u00e7\u00f5es de haste, s\u00e3o utilizados para evitar vazamentos de fluido hidr\u00e1ulico. Essas veda\u00e7\u00f5es s\u00e3o geralmente feitas de materiais dur\u00e1veis, como poliuretano e borracha nitr\u00edlica, que oferecem excelente resist\u00eancia ao desgaste.<\/p>\n<p>O corpo do cilindro e as extremidades roscadas passam por processos de acabamento precisos para aumentar sua durabilidade e resist\u00eancia ao desgaste. A manuten\u00e7\u00e3o regular inclui a adi\u00e7\u00e3o da quantidade adequada de \u00f3leo hidr\u00e1ulico para garantir o funcionamento suave e reduzir o atrito entre as pe\u00e7as m\u00f3veis. Essa lubrifica\u00e7\u00e3o \u00e9 essencial para evitar o desgaste prematuro e garantir a longevidade do cilindro da lan\u00e7a.<\/p>\n<h2>Inspe\u00e7\u00e3o regular e manuten\u00e7\u00e3o preventiva<\/h2>\n<ul>\n<li><strong>Inspe\u00e7\u00f5es de rotina:<\/strong> Realize inspe\u00e7\u00f5es regulares para verificar vazamentos, desgaste e outros sinais de danos. Identificar problemas precocemente pode evitar problemas mais graves e reparos dispendiosos.<\/li>\n<li><strong>Lubrifica\u00e7\u00e3o adequada:<\/strong> Certifique-se de que o cilindro da lan\u00e7a esteja adequadamente lubrificado para facilitar o funcionamento suave e reduzir o desgaste. Utilize \u00f3leo hidr\u00e1ulico de alta qualidade e siga as orienta\u00e7\u00f5es do fabricante quanto aos cronogramas de lubrifica\u00e7\u00e3o.<\/li>\n<li><strong>Substitui\u00e7\u00e3o da veda\u00e7\u00e3o:<\/strong> Verifique regularmente o estado das veda\u00e7\u00f5es e substitua-as quando necess\u00e1rio. Veda\u00e7\u00f5es desgastadas ou danificadas podem causar vazamentos de fluido hidr\u00e1ulico, comprometendo o funcionamento e a seguran\u00e7a do cilindro.<\/li>\n<\/ul>\n<h2>Diretrizes de instala\u00e7\u00e3o<\/h2>\n<p>A instala\u00e7\u00e3o de um cilindro de lan\u00e7a requer aten\u00e7\u00e3o meticulosa aos detalhes para garantir o desempenho ideal. Comece certificando-se de que o cilindro esteja corretamente alinhado com os pontos de montagem da m\u00e1quina. O desalinhamento pode levar ao desgaste prematuro e \u00e0 falha do equipamento.<\/p>\n<p>Utilize suportes de montagem adequados para fixar o cilindro no lugar, garantindo que esteja firmemente preso \u00e0 estrutura da m\u00e1quina. Antes de finalizar a instala\u00e7\u00e3o, verifique novamente todas as conex\u00f5es hidr\u00e1ulicas quanto a vazamentos e encaixes adequados. Seguir as especifica\u00e7\u00f5es do fabricante para a instala\u00e7\u00e3o \u00e9 crucial para obter o melhor desempenho e prolongar a vida \u00fatil do cilindro da lan\u00e7a.<\/p>\n<h2>Tarefas comuns de manuten\u00e7\u00e3o<\/h2>\n<ul>\n<li><strong>Inspe\u00e7\u00f5es regulares:<\/strong> Realize inspe\u00e7\u00f5es para detectar quaisquer sinais de desgaste ou danos. Observar irregularidades pode ajudar a solucionar problemas antes que se agravem.<\/li>\n<li><strong>Lubrifica\u00e7\u00e3o adequada:<\/strong> Certifique-se de que a lubrifica\u00e7\u00e3o seja realizada de acordo com o cronograma recomendado. Essa pr\u00e1tica minimiza o atrito e o desgaste, prolongando a vida \u00fatil do cilindro.<\/li>\n<li><strong>Substitui\u00e7\u00e3o da veda\u00e7\u00e3o:<\/strong> Monitore regularmente o estado das veda\u00e7\u00f5es e substitua-as conforme necess\u00e1rio. Veda\u00e7\u00f5es desgastadas podem causar vazamentos de fluido hidr\u00e1ulico, afetando o desempenho.<\/li>\n<\/ul>\n<h2>Considera\u00e7\u00f5es de seguran\u00e7a e fatores ambientais<\/h2>\n<p>Ao trabalhar com cilindros de lan\u00e7a, as medidas de seguran\u00e7a s\u00e3o fundamentais. Os operadores devem usar equipamentos de prote\u00e7\u00e3o individual (EPI) adequados e receber treinamento em procedimentos operacionais seguros. \u00c9 tamb\u00e9m vital garantir que o sistema hidr\u00e1ulico esteja em boas condi\u00e7\u00f5es de funcionamento para evitar acidentes. Fatores ambientais, como a exposi\u00e7\u00e3o a temperaturas extremas e materiais corrosivos, devem ser considerados, pois podem afetar a integridade do cilindro da lan\u00e7a.<\/p>\n<h2>Solu\u00e7\u00e3o de problemas e problemas comuns<\/h2>\n<ul>\n<li><strong>Vazamento de fluido hidr\u00e1ulico:<\/strong> Caso seja detectado vazamento de fluido hidr\u00e1ulico, inspecione as veda\u00e7\u00f5es e conex\u00f5es quanto a desgaste ou danos. A substitui\u00e7\u00e3o das veda\u00e7\u00f5es desgastadas e a verifica\u00e7\u00e3o de conex\u00f5es firmes podem resolver o problema.<\/li>\n<li><strong>Desempenho ruim:<\/strong> Se o cilindro da lan\u00e7a n\u00e3o estiver respondendo como esperado, verifique se h\u00e1 obstru\u00e7\u00f5es nas linhas hidr\u00e1ulicas ou n\u00edveis baixos de fluido. Resolver esses problemas pode restaurar o funcionamento ideal.<\/li>\n<li><strong>Ru\u00eddos incomuns:<\/strong> Ru\u00eddos incomuns durante o funcionamento podem indicar desgaste ou danos internos. Inspecione o cilindro em busca de sinais vis\u00edveis de danos e considere consultar um profissional, se necess\u00e1rio.<\/li>\n<\/ul>\n<p>A implementa\u00e7\u00e3o de medidas preventivas pode minimizar problemas potenciais e prolongar a vida \u00fatil do cilindro da lan\u00e7a. Manuten\u00e7\u00e3o regular, inspe\u00e7\u00f5es e aten\u00e7\u00e3o imediata a problemas s\u00e3o estrat\u00e9gias essenciais para garantir a funcionalidade a longo prazo.<\/p>\n<p><img decoding=\"async\" src=\"https:\/\/www.hydraulic-cylinders.net\/wp-content\/uploads\/2025\/04\/songte-bushings-with-all-kinds-of-excavator-models.webp\" alt=\"Imagem da bucha\" \/><\/p>\n<h2>Sobre nossa empresa<\/h2>\n<p>Somos um dos principais fabricantes e distribuidores atacadistas de cilindros hidr\u00e1ulicos de reposi\u00e7\u00e3o, reconhecidos pela nossa ampla gama de produtos e compromisso com a qualidade. Nossa empresa consolidou-se como um importante player nos mercados nacional e internacional.<\/p>\n<p>Aderimos a uma filosofia de excel\u00eancia em qualidade, alavancando estrat\u00e9gias avan\u00e7adas de fabrica\u00e7\u00e3o e equipamentos digitais de ponta. Nosso sistema de gest\u00e3o de produ\u00e7\u00e3o concentra-se na melhoria cont\u00ednua, utilizando pessoal t\u00e9cnico qualificado e sistemas de teste profissionais para aprimorar nossas capacidades de fabrica\u00e7\u00e3o.<\/p>\n<p>Nosso compromisso com alta efici\u00eancia, precis\u00e3o e qualidade nos permite atender \u00e0s diversas necessidades dos clientes. Oferecemos servi\u00e7os personalizados, adaptados a requisitos espec\u00edficos, garantindo que nossos produtos sejam n\u00e3o apenas confi\u00e1veis, mas tamb\u00e9m adequados para diversas aplica\u00e7\u00f5es.<\/p>\n<p><img decoding=\"async\" src=\"https:\/\/www.hydraulic-cylinders.net\/wp-content\/uploads\/2025\/04\/songte-company-4.webp\" alt=\"Imagem da empresa\" \/><br \/>\n<img decoding=\"async\" src=\"https:\/\/www.hydraulic-cylinders.net\/wp-content\/uploads\/2025\/04\/songte-company-3.webp\" alt=\"Imagem da empresa\" \/><\/p>\n<p>Autor: lyl<\/p>","protected":false},"excerpt":{"rendered":"<p>Boom Cylinder For Volwa Middle Excavator DLS230-8H Introduction to Boom Cylinders The boom cylinder is a crucial component in the hydraulic systems of heavy machinery such as excavators, backhoe loaders, and front loaders. It is specifically designed to control the movement of the bucket, allowing it to lift, lower, and tilt efficiently during material handling [&hellip;]<\/p>","protected":false},"featured_media":17875,"comment_status":"open","ping_status":"closed","template":"","meta":{"_et_pb_use_builder":"","_et_pb_old_content":"","_et_gb_content_width":""},"product_brand":[],"product_cat":[1546],"product_tag":[1547,1496],"class_list":{"0":"post-19612","1":"product","2":"type-product","3":"status-publish","4":"has-post-thumbnail","6":"product_cat-boom-cylinders","7":"product_tag-boom-cylinders","8":"product_tag-hydraulic-cylinders","10":"first","11":"instock","12":"shipping-taxable","13":"product-type-simple"},"amp_enabled":true,"_links":{"self":[{"href":"https:\/\/www.hydraulic-cylinders.net\/pt\/wp-json\/wp\/v2\/product\/19612","targetHints":{"allow":["GET"]}}],"collection":[{"href":"https:\/\/www.hydraulic-cylinders.net\/pt\/wp-json\/wp\/v2\/product"}],"about":[{"href":"https:\/\/www.hydraulic-cylinders.net\/pt\/wp-json\/wp\/v2\/types\/product"}],"replies":[{"embeddable":true,"href":"https:\/\/www.hydraulic-cylinders.net\/pt\/wp-json\/wp\/v2\/comments?post=19612"}],"wp:featuredmedia":[{"embeddable":true,"href":"https:\/\/www.hydraulic-cylinders.net\/pt\/wp-json\/wp\/v2\/media\/17875"}],"wp:attachment":[{"href":"https:\/\/www.hydraulic-cylinders.net\/pt\/wp-json\/wp\/v2\/media?parent=19612"}],"wp:term":[{"taxonomy":"product_brand","embeddable":true,"href":"https:\/\/www.hydraulic-cylinders.net\/pt\/wp-json\/wp\/v2\/product_brand?post=19612"},{"taxonomy":"product_cat","embeddable":true,"href":"https:\/\/www.hydraulic-cylinders.net\/pt\/wp-json\/wp\/v2\/product_cat?post=19612"},{"taxonomy":"product_tag","embeddable":true,"href":"https:\/\/www.hydraulic-cylinders.net\/pt\/wp-json\/wp\/v2\/product_tag?post=19612"}],"curies":[{"name":"wp","href":"https:\/\/api.w.org\/{rel}","templated":true}]}}