{"id":19618,"date":"2025-04-07T06:57:50","date_gmt":"2025-04-07T06:57:50","guid":{"rendered":"https:\/\/www.hydraulic-cylinders.net\/product\/boom-cylinder-for-volwa-wheel-excavator-dls890-9a\/"},"modified":"2025-04-07T06:57:53","modified_gmt":"2025-04-07T06:57:53","slug":"boom-cylinder-for-volwa-wheel-excavator-dls890-9a","status":"publish","type":"product","link":"https:\/\/www.hydraulic-cylinders.net\/pt\/produto\/boom-cylinder-for-volwa-wheel-excavator-dls890-9a\/","title":{"rendered":"Cilindro da lan\u00e7a para escavadeira de rodas Volwa DLS890-9A"},"content":{"rendered":"<h1>Cilindro da lan\u00e7a para escavadeira de rodas Volwa DLS890-9A<\/h1>\n<h2>Vis\u00e3o geral do produto<\/h2>\n<p>O cilindro da lan\u00e7a para a escavadeira de rodas Volwa DLS890-9A \u00e9 um cilindro hidr\u00e1ulico especializado, projetado para otimizar a funcionalidade das escavadeiras. Esses cilindros permitem o controle preciso do movimento da ca\u00e7amba, o que \u00e9 crucial para diversas tarefas com m\u00e1quinas pesadas. Como um tipo de cilindro hidr\u00e1ulico, o cilindro da ca\u00e7amba \u00e9 essencial para controlar o movimento da ca\u00e7amba em equipamentos pesados, como escavadeiras, retroescavadeiras e p\u00e1s carregadeiras. Eles facilitam o levantamento, o abaixamento e a inclina\u00e7\u00e3o da ca\u00e7amba, tornando-os indispens\u00e1veis \u200b\u200bpara tarefas de movimenta\u00e7\u00e3o de materiais.<\/p>\n<p><img decoding=\"async\" src=\"https:\/\/www.hydraulic-cylinders.net\/wp-content\/uploads\/2025\/04\/songte-company-1.webp\" alt=\"Cilindro da lan\u00e7a para escavadeira\" \/><\/p>\n<h3>Defini\u00e7\u00e3o e import\u00e2ncia<\/h3>\n<p>Os cilindros de ca\u00e7amba s\u00e3o cilindros hidr\u00e1ulicos projetados especificamente para m\u00e1quinas pesadas, permitindo que elas executem diversas tarefas com efici\u00eancia. Esses cilindros funcionam convertendo energia hidr\u00e1ulica em energia mec\u00e2nica, fornecendo assim a for\u00e7a necess\u00e1ria para realizar tarefas exigentes. Eles s\u00e3o cruciais para aumentar a efici\u00eancia e a efic\u00e1cia operacional de escavadeiras e equipamentos similares, permitindo que os operadores executem a\u00e7\u00f5es precisas ao manusear materiais, escavar ou levantar cargas.<\/p>\n<h2>Caracter\u00edsticas do Cilindro de Lan\u00e7a<\/h2>\n<ul>\n<li><strong>Alta resist\u00eancia e durabilidade:<\/strong> Fabricados em a\u00e7o de alta resist\u00eancia ou alum\u00ednio, esses cilindros suportam alta press\u00e3o e cargas pesadas, adaptando-se a ambientes de trabalho severos. S\u00e3o projetados para resist\u00eancia ao desgaste e prote\u00e7\u00e3o contra corros\u00e3o, prolongando sua vida \u00fatil.<\/li>\n<li><strong>Opera\u00e7\u00e3o hidr\u00e1ulica eficiente:<\/strong> A utiliza\u00e7\u00e3o da press\u00e3o do \u00f3leo hidr\u00e1ulico permite movimentos suaves de extens\u00e3o e retra\u00e7\u00e3o. Esses cilindros oferecem respostas r\u00e1pidas aos comandos operacionais, proporcionando for\u00e7as de tra\u00e7\u00e3o e empuxo potentes, adequadas para o manuseio de objetos pesados \u200b\u200be tarefas complexas.<\/li>\n<li><strong>Tipos diversos:<\/strong> Dispon\u00edveis em cilindros de a\u00e7\u00e3o simples (utilizando press\u00e3o hidr\u00e1ulica em uma dire\u00e7\u00e3o) ou de a\u00e7\u00e3o dupla (utilizando press\u00e3o hidr\u00e1ulica em ambas as dire\u00e7\u00f5es) para atender a diferentes necessidades operacionais. Alguns modelos s\u00e3o telesc\u00f3picos, permitindo maior extens\u00e3o sem aumentar as dimens\u00f5es externas, ideais para aplica\u00e7\u00f5es com espa\u00e7o limitado.<\/li>\n<li><strong>Op\u00e7\u00f5es personaliz\u00e1veis:<\/strong> Os produtos podem ser personalizados de acordo com requisitos espec\u00edficos, garantindo a compatibilidade com diversos modelos de escavadeiras e necessidades operacionais.<\/li>\n<li><strong>Fabrica\u00e7\u00e3o de alta qualidade:<\/strong> Nossos cilindros s\u00e3o produzidos com engenharia de precis\u00e3o, atendendo a rigorosos padr\u00f5es da ind\u00fastria para garantir confiabilidade e desempenho.<\/li>\n<\/ul>\n<p>Podemos fabricar este produto, e nossos cilindros hidr\u00e1ulicos podem substituir perfeitamente as op\u00e7\u00f5es existentes.<\/p>\n<p><img decoding=\"async\" src=\"https:\/\/www.hydraulic-cylinders.net\/wp-content\/uploads\/2025\/04\/songte-cylinder-head-with-all-kinds-excavator-models.webp\" alt=\"Modelos de Escavadeiras\" \/><\/p>\n<h2>Aplica\u00e7\u00f5es do Cilindro de Lan\u00e7a<\/h2>\n<h3>Equipamentos de constru\u00e7\u00e3o<\/h3>\n<p>Em escavadeiras, os cilindros da lan\u00e7a s\u00e3o vitais para escavar, carregar e movimentar terra ou entulho. Eles possibilitam a escava\u00e7\u00e3o e facilitam o levantamento de cargas pesadas, aumentando a efici\u00eancia das tarefas de constru\u00e7\u00e3o. As retroescavadeiras utilizam cilindros da lan\u00e7a tanto para escavar quanto para levantar, tornando-os parte integrante da m\u00e1quina.<\/p>\n<h3>Maquinaria agr\u00edcola<\/h3>\n<p>Em carregadeiras frontais, os cilindros da lan\u00e7a s\u00e3o essenciais para escavar, levantar e transportar terra, feno e outros materiais. Seu funcionamento confi\u00e1vel garante que as tarefas agr\u00edcolas sejam conclu\u00eddas de forma r\u00e1pida e eficiente, contribuindo para uma maior produtividade nas atividades agr\u00edcolas.<\/p>\n<h3>Escavadeiras<\/h3>\n<p>Os cilindros da lan\u00e7a da escavadeira permitem que a ca\u00e7amba penetre no solo durante as opera\u00e7\u00f5es de escava\u00e7\u00e3o, sendo cruciais para projetos de constru\u00e7\u00e3o e paisagismo. Esses cilindros fornecem a for\u00e7a necess\u00e1ria para romper solos compactados e transportar materiais com efici\u00eancia.<\/p>\n<h3>Carregadores<\/h3>\n<p>Nas p\u00e1s carregadeiras, os cilindros da lan\u00e7a auxiliam no levantamento e despejo eficientes das cargas. Sua capacidade de operar suavemente sob press\u00e3o permite que as p\u00e1s carregadeiras executem uma variedade de tarefas, desde a movimenta\u00e7\u00e3o de cascalho at\u00e9 a remo\u00e7\u00e3o de entulhos.<\/p>\n<h2>Considera\u00e7\u00f5es de design e crit\u00e9rios de sele\u00e7\u00e3o<\/h2>\n<h3>Capacidade de carga<\/h3>\n<p>Ao selecionar um cilindro de lan\u00e7a, a capacidade de carga \u00e9 uma considera\u00e7\u00e3o primordial. O cilindro deve ser capaz de suportar a carga m\u00e1xima esperada durante a opera\u00e7\u00e3o para evitar falhas e garantir a seguran\u00e7a. As especifica\u00e7\u00f5es de engenharia devem sempre ser respeitadas em rela\u00e7\u00e3o ao peso m\u00e1ximo que pode ser i\u00e7ado.<\/p>\n<h3>Desempenho de veda\u00e7\u00e3o<\/h3>\n<p>A veda\u00e7\u00e3o \u00e9 crucial para manter a press\u00e3o hidr\u00e1ulica dentro do cilindro. Veda\u00e7\u00f5es de alta qualidade evitam vazamentos de \u00f3leo, garantindo uma opera\u00e7\u00e3o eficiente e minimizando o impacto ambiental. A inspe\u00e7\u00e3o regular das veda\u00e7\u00f5es \u00e9 necess\u00e1ria para substituir componentes desgastados antes que apresentem falhas.<\/p>\n<h3>Durabilidade<\/h3>\n<p>A durabilidade de um cilindro hidr\u00e1ulico \u00e9 essencial, principalmente em ambientes exigentes. O uso de materiais resistentes ao desgaste, como o a\u00e7o temperado, prolonga a vida \u00fatil do cilindro e reduz a frequ\u00eancia de substitui\u00e7\u00f5es.<\/p>\n<h3>Seguran\u00e7a<\/h3>\n<p>Os recursos de seguran\u00e7a s\u00e3o um aspecto crucial no projeto de cilindros. Isso inclui v\u00e1lvulas de al\u00edvio de press\u00e3o para evitar a sobrepressuriza\u00e7\u00e3o e garantir a opera\u00e7\u00e3o segura. Os operadores devem sempre ser treinados para reconhecer os sintomas de uma poss\u00edvel falha do cilindro, a fim de mitigar os riscos.<\/p>\n<h3>Manutenibilidade<\/h3>\n<p>A facilidade de manuten\u00e7\u00e3o \u00e9 um fator crucial em qualquer cilindro hidr\u00e1ulico. Projetos que permitem f\u00e1cil acesso \u00e0s veda\u00e7\u00f5es e aos componentes internos facilitam a realiza\u00e7\u00e3o de manuten\u00e7\u00f5es regulares pelos operadores, prolongando assim a vida \u00fatil do cilindro.<\/p>\n<p><img decoding=\"async\" src=\"https:\/\/www.hydraulic-cylinders.net\/wp-content\/uploads\/2025\/04\/songte-oil-pipes-and-spare-parts.webp\" alt=\"Pe\u00e7as Hidr\u00e1ulicas\" \/><\/p>\n<h2>Veda\u00e7\u00e3o e Lubrifica\u00e7\u00e3o<\/h2>\n<p>A veda\u00e7\u00e3o e a lubrifica\u00e7\u00e3o adequadas s\u00e3o vitais para a longevidade dos cilindros hidr\u00e1ulicos. Diversos componentes de veda\u00e7\u00e3o, como veda\u00e7\u00f5es de pist\u00e3o e veda\u00e7\u00f5es de haste, s\u00e3o utilizados para garantir que n\u00e3o haja vazamentos de \u00f3leo hidr\u00e1ulico do cilindro. Recomenda-se o uso de veda\u00e7\u00f5es fabricadas com materiais dur\u00e1veis, como poliuretano e borracha nitr\u00edlica, devido \u00e0s suas propriedades de resist\u00eancia ao desgaste.<\/p>\n<p>O corpo do cilindro e as superf\u00edcies roscadas das extremidades s\u00e3o usinados com precis\u00e3o para melhorar a resist\u00eancia ao desgaste. A lubrifica\u00e7\u00e3o regular com o \u00f3leo hidr\u00e1ulico apropriado \u00e9 essencial para minimizar o atrito e o desgaste dos componentes internos, garantindo um funcionamento suave.<\/p>\n<h2>Medidas de Manuten\u00e7\u00e3o Preventiva<\/h2>\n<ul>\n<li><strong>Inspe\u00e7\u00f5es regulares:<\/strong> Realizar verifica\u00e7\u00f5es de rotina na integridade dos cilindros, incluindo inspe\u00e7\u00f5es visuais para detectar vazamentos e desgaste.<\/li>\n<li><strong>Lubrifica\u00e7\u00e3o:<\/strong> Certifique-se de que os n\u00edveis de \u00f3leo hidr\u00e1ulico estejam adequados e que a troca de \u00f3leo seja feita conforme as recomenda\u00e7\u00f5es do fabricante para manter o desempenho ideal.<\/li>\n<li><strong>Substitui\u00e7\u00e3o da veda\u00e7\u00e3o:<\/strong> Substitua as veda\u00e7\u00f5es aos primeiros sinais de desgaste para evitar vazamentos e manter a integridade operacional.<\/li>\n<\/ul>\n<h2>Diretrizes de instala\u00e7\u00e3o<\/h2>\n<p>A instala\u00e7\u00e3o correta do cilindro da lan\u00e7a \u00e9 essencial para um desempenho ideal. Comece por garantir que todos os componentes sejam compat\u00edveis e estejam livres de danos. \u00c9 crucial alinhar o cilindro corretamente com a m\u00e1quina para evitar travamentos durante a opera\u00e7\u00e3o. Utilize suportes de montagem adequados para fixar o cilindro no lugar, assegurando que esteja firmemente preso para evitar movimentos durante a opera\u00e7\u00e3o.<\/p>\n<p>As conex\u00f5es hidr\u00e1ulicas devem ser apertadas firmemente para evitar vazamentos. Ap\u00f3s a instala\u00e7\u00e3o, \u00e9 recomend\u00e1vel testar o sistema sob baixa press\u00e3o para verificar a exist\u00eancia de vazamentos antes de operar em plena capacidade. O alinhamento correto e a fixa\u00e7\u00e3o segura s\u00e3o vitais para prolongar a vida \u00fatil do cilindro e melhorar o desempenho.<\/p>\n<h2>Tarefas comuns de manuten\u00e7\u00e3o<\/h2>\n<h3>Inspe\u00e7\u00f5es regulares<\/h3>\n<p>A realiza\u00e7\u00e3o de inspe\u00e7\u00f5es regulares no cilindro da lan\u00e7a \u00e9 essencial para identificar quaisquer sinais precoces de desgaste ou danos. Os operadores devem verificar rotineiramente se h\u00e1 vazamentos, rachaduras ou outras irregularidades na superf\u00edcie do cilindro. A detec\u00e7\u00e3o precoce de problemas pode evitar problemas mais graves no futuro, garantindo uma opera\u00e7\u00e3o eficiente.<\/p>\n<h3>Lubrifica\u00e7\u00e3o adequada<\/h3>\n<p>A lubrifica\u00e7\u00e3o adequada do cilindro hidr\u00e1ulico \u00e9 crucial para o seu funcionamento. O \u00f3leo hidr\u00e1ulico precisa ser reposto regularmente e deve atender \u00e0s especifica\u00e7\u00f5es do fabricante. A lubrifica\u00e7\u00e3o adequada reduz o atrito, que pode levar ao desgaste prematuro e \u00e0 falha dos componentes do cilindro.<\/p>\n<h3>Substitui\u00e7\u00e3o de selos e verifica\u00e7\u00f5es de calibra\u00e7\u00e3o<\/h3>\n<p>A substitui\u00e7\u00e3o das veda\u00e7\u00f5es ao primeiro sinal de desgaste \u00e9 crucial para manter a press\u00e3o hidr\u00e1ulica. Os operadores tamb\u00e9m devem realizar verifica\u00e7\u00f5es de calibra\u00e7\u00e3o para garantir que o cilindro opere dentro dos par\u00e2metros especificados. A calibra\u00e7\u00e3o incorreta pode levar a uma opera\u00e7\u00e3o ineficiente e ao aumento do desgaste do cilindro.<\/p>\n<p><img decoding=\"async\" src=\"https:\/\/www.hydraulic-cylinders.net\/wp-content\/uploads\/2025\/04\/songte-chushion-collar.webp\" alt=\"Coleira almofadada\" \/><\/p>\n<h2>Considera\u00e7\u00f5es de seguran\u00e7a e fatores ambientais<\/h2>\n<p>Ao utilizar cilindros hidr\u00e1ulicos, as precau\u00e7\u00f5es de seguran\u00e7a s\u00e3o fundamentais. Os operadores devem estar cientes dos riscos potenciais, como vazamentos de fluido hidr\u00e1ulico, que podem representar perigos ambientais. A implementa\u00e7\u00e3o de medidas de seguran\u00e7a adequadas, como inspe\u00e7\u00f5es regulares e manuten\u00e7\u00e3o dos equipamentos, \u00e9 essencial para garantir a opera\u00e7\u00e3o segura e minimizar o impacto ambiental.<\/p>\n<h2>Diagn\u00f3stico de falhas e problemas comuns<\/h2>\n<ul>\n<li><strong>Vazamentos de fluido hidr\u00e1ulico:<\/strong> Identificar a origem dos vazamentos rapidamente \u00e9 crucial, pois eles podem levar \u00e0 perda de press\u00e3o hidr\u00e1ulica. Inspe\u00e7\u00f5es regulares podem ajudar a detectar vazamentos precocemente.<\/li>\n<li><strong>Movimento lento ou irregular:<\/strong> Isso pode indicar problemas com a press\u00e3o hidr\u00e1ulica ou uma veda\u00e7\u00e3o defeituosa. Diagnosticar o problema precocemente pode evitar danos maiores.<\/li>\n<li><strong>Ru\u00eddos incomuns:<\/strong> Quaisquer sons anormais durante o funcionamento devem ser investigados, pois podem indicar desgaste ou danos no sistema.<\/li>\n<\/ul>\n<h2>Dicas para solu\u00e7\u00e3o de problemas<\/h2>\n<p>Para diagnosticar e resolver problemas com o cilindro da lan\u00e7a de forma eficaz, os operadores devem manter um registro de quaisquer irregularidades e realizar inspe\u00e7\u00f5es minuciosas. A manuten\u00e7\u00e3o regular e a aten\u00e7\u00e3o aos detalhes podem prevenir muitos problemas comuns. A implementa\u00e7\u00e3o de um plano de manuten\u00e7\u00e3o proativo pode minimizar problemas potenciais e garantir o bom funcionamento do sistema hidr\u00e1ulico.<\/p>\n<p><img decoding=\"async\" src=\"https:\/\/www.hydraulic-cylinders.net\/wp-content\/uploads\/2025\/04\/songte-bushings-with-all-kinds-of-excavator-models.webp\" alt=\"Buchas de escavadeira\" \/><\/p>\n<h2>Vis\u00e3o geral da empresa<\/h2>\n<p>Somos um fabricante l\u00edder de cilindros hidr\u00e1ulicos de reposi\u00e7\u00e3o, oferecendo uma ampla gama de produtos que nos consolidaram como um importante player nos mercados nacional e internacional. Nosso compromisso com a excel\u00eancia se reflete na nossa ades\u00e3o a rigorosos padr\u00f5es de qualidade e t\u00e9cnicas de fabrica\u00e7\u00e3o avan\u00e7adas.<\/p>\n<p>Adotamos uma estrat\u00e9gia sofisticada de gest\u00e3o da produ\u00e7\u00e3o para aprimorar nossas capacidades de fabrica\u00e7\u00e3o. Empregando pessoal t\u00e9cnico qualificado, equipamentos de fabrica\u00e7\u00e3o digital de ponta e sistemas de teste profissionais, melhoramos continuamente nossa plataforma de produ\u00e7\u00e3o para garantir produtos de alta qualidade.<\/p>\n<p>Nosso foco em efici\u00eancia, precis\u00e3o e altos padr\u00f5es de qualidade nos permite atender \u00e0s diversas necessidades dos clientes. Oferecemos solu\u00e7\u00f5es personaliz\u00e1veis \u200b\u200bcom forte suporte p\u00f3s-venda para garantir a satisfa\u00e7\u00e3o do cliente.<\/p>\n<p><img decoding=\"async\" src=\"https:\/\/www.hydraulic-cylinders.net\/wp-content\/uploads\/2025\/04\/songte-company-4.webp\" alt=\"Empresa de fabrica\u00e7\u00e3o\" \/><br \/>\n<img decoding=\"async\" src=\"https:\/\/www.hydraulic-cylinders.net\/wp-content\/uploads\/2025\/04\/songte-company-3.webp\" alt=\"Equipamentos da empresa\" \/><\/p>\n<p>Autor: lyl<\/p>","protected":false},"excerpt":{"rendered":"<p>Boom Cylinder For Volwa Wheel Excavator DLS890-9A Product Overview The Boom Cylinder for Volwa Wheel Excavator DLS890-9A is a specialized hydraulic cylinder designed to optimize the functionality of excavators. These cylinders enable precise control of the bucket&#8217;s movement, which is crucial for various heavy machinery tasks. As a type of hydraulic cylinder, the bucket cylinder [&hellip;]<\/p>","protected":false},"featured_media":17881,"comment_status":"open","ping_status":"closed","template":"","meta":{"_et_pb_use_builder":"","_et_pb_old_content":"","_et_gb_content_width":""},"product_brand":[],"product_cat":[1546],"product_tag":[1547,1496],"class_list":{"0":"post-19618","1":"product","2":"type-product","3":"status-publish","4":"has-post-thumbnail","6":"product_cat-boom-cylinders","7":"product_tag-boom-cylinders","8":"product_tag-hydraulic-cylinders","10":"first","11":"instock","12":"shipping-taxable","13":"product-type-simple"},"amp_enabled":true,"_links":{"self":[{"href":"https:\/\/www.hydraulic-cylinders.net\/pt\/wp-json\/wp\/v2\/product\/19618","targetHints":{"allow":["GET"]}}],"collection":[{"href":"https:\/\/www.hydraulic-cylinders.net\/pt\/wp-json\/wp\/v2\/product"}],"about":[{"href":"https:\/\/www.hydraulic-cylinders.net\/pt\/wp-json\/wp\/v2\/types\/product"}],"replies":[{"embeddable":true,"href":"https:\/\/www.hydraulic-cylinders.net\/pt\/wp-json\/wp\/v2\/comments?post=19618"}],"wp:featuredmedia":[{"embeddable":true,"href":"https:\/\/www.hydraulic-cylinders.net\/pt\/wp-json\/wp\/v2\/media\/17881"}],"wp:attachment":[{"href":"https:\/\/www.hydraulic-cylinders.net\/pt\/wp-json\/wp\/v2\/media?parent=19618"}],"wp:term":[{"taxonomy":"product_brand","embeddable":true,"href":"https:\/\/www.hydraulic-cylinders.net\/pt\/wp-json\/wp\/v2\/product_brand?post=19618"},{"taxonomy":"product_cat","embeddable":true,"href":"https:\/\/www.hydraulic-cylinders.net\/pt\/wp-json\/wp\/v2\/product_cat?post=19618"},{"taxonomy":"product_tag","embeddable":true,"href":"https:\/\/www.hydraulic-cylinders.net\/pt\/wp-json\/wp\/v2\/product_tag?post=19618"}],"curies":[{"name":"wp","href":"https:\/\/api.w.org\/{rel}","templated":true}]}}