{"id":19625,"date":"2025-04-07T06:58:11","date_gmt":"2025-04-07T06:58:11","guid":{"rendered":"https:\/\/www.hydraulic-cylinders.net\/product\/boom-cylinder-for-volwa-cane-unloader-dls118-9a\/"},"modified":"2025-04-07T06:58:13","modified_gmt":"2025-04-07T06:58:13","slug":"boom-cylinder-for-volwa-cane-unloader-dls118-9a","status":"publish","type":"product","link":"https:\/\/www.hydraulic-cylinders.net\/pt\/produto\/boom-cylinder-for-volwa-cane-unloader-dls118-9a\/","title":{"rendered":"Cilindro de lan\u00e7a para descarregador de cana Volwa DLS118-9A"},"content":{"rendered":"<h1>Cilindro de lan\u00e7a para descarregador de cana Volwa DLS118-9A<\/h1>\n<h2>Vis\u00e3o geral do cilindro de lan\u00e7a<\/h2>\n<p>O Cilindro de Lan\u00e7a \u00e9 um componente crucial em sistemas hidr\u00e1ulicos, projetado especificamente para controlar o movimento de ca\u00e7ambas de m\u00e1quinas pesadas, como as encontradas em escavadeiras, retroescavadeiras e carregadeiras frontais. Este cilindro hidr\u00e1ulico permite que a ca\u00e7amba levante, abaixe e incline, facilitando tarefas eficientes de movimenta\u00e7\u00e3o de materiais. Utilizando press\u00e3o hidr\u00e1ulica, esses cilindros fornecem a for\u00e7a necess\u00e1ria para manobrar grandes cargas, tornando-os indispens\u00e1veis \u200b\u200bem diversas aplica\u00e7\u00f5es industriais e agr\u00edcolas.<\/p>\n<p><img decoding=\"async\" src=\"https:\/\/www.hydraulic-cylinders.net\/wp-content\/uploads\/2025\/04\/songte-company-1.webp\" alt=\"Cilindro de lan\u00e7a\"><\/p>\n<h2>Caracter\u00edsticas do Cilindro de Lan\u00e7a<\/h2>\n<ul>\n<li><strong>Alta resist\u00eancia e durabilidade:<\/strong> Normalmente constru\u00eddos em a\u00e7o ou alum\u00ednio de alta resist\u00eancia, esses cilindros suportam altas press\u00f5es e cargas pesadas, tornando-os adequados para ambientes de trabalho severos. Seu design considera a resist\u00eancia ao desgaste e \u00e0 corros\u00e3o, prolongando sua vida \u00fatil.<\/li>\n<li><strong>Opera\u00e7\u00e3o hidr\u00e1ulica eficiente:<\/strong> Utilizando press\u00e3o de \u00f3leo hidr\u00e1ulico para extens\u00e3o e retra\u00e7\u00e3o suaves, esses cilindros respondem rapidamente aos comandos de controle, proporcionando forte for\u00e7a de empurr\u00e3o e tra\u00e7\u00e3o, ideal para lidar com tarefas pesadas e complexas.<\/li>\n<li><strong>Tipos diversos:<\/strong> Dispon\u00edveis em configura\u00e7\u00f5es de simples a\u00e7\u00e3o (a\u00e7\u00e3o hidr\u00e1ulica em uma dire\u00e7\u00e3o) ou dupla a\u00e7\u00e3o (a\u00e7\u00e3o hidr\u00e1ulica em ambas as dire\u00e7\u00f5es), atendem a diversas necessidades operacionais. Alguns modelos s\u00e3o telesc\u00f3picos, permitindo maior extens\u00e3o sem aumentar as dimens\u00f5es externas, adequados para aplica\u00e7\u00f5es com espa\u00e7o limitado.<\/li>\n<\/ul>\n<h2>Capacidades de Fabrica\u00e7\u00e3o<\/h2>\n<p>Somos especializados na produ\u00e7\u00e3o de cilindros de lan\u00e7a de alta qualidade, que podem substituir perfeitamente os cilindros hidr\u00e1ulicos existentes. Nossos produtos s\u00e3o projetados com precis\u00e3o e confiabilidade, garantindo que atendam aos padr\u00f5es da ind\u00fastria.<\/p>\n<p><img decoding=\"async\" src=\"https:\/\/www.hydraulic-cylinders.net\/wp-content\/uploads\/2025\/04\/songte-cylinder-head-with-all-kinds-excavator-models.webp\" alt=\"Modelos de cilindros de lan\u00e7a\"><\/p>\n<h2>Aplica\u00e7\u00f5es do Cilindro de Lan\u00e7a<\/h2>\n<h3>Equipamentos de constru\u00e7\u00e3o<\/h3>\n<p>No setor da constru\u00e7\u00e3o civil, os cilindros da lan\u00e7a desempenham um papel vital em escavadeiras, sendo essenciais para escavar, carregar e transportar solo ou entulho. O cilindro da lan\u00e7a permite que a ca\u00e7amba cave o solo com efici\u00eancia, permitindo que a m\u00e1quina execute diversas tarefas com facilidade e efici\u00eancia. Em retroescavadeiras, esses cilindros n\u00e3o apenas auxiliam na escava\u00e7\u00e3o, mas tamb\u00e9m nas opera\u00e7\u00f5es de eleva\u00e7\u00e3o, tornando-as vers\u00e1teis para diversas aplica\u00e7\u00f5es.<\/p>\n<h3>Maquinaria agr\u00edcola<\/h3>\n<p>Em ambientes agr\u00edcolas, carregadeiras frontais equipadas com cilindros de lan\u00e7a s\u00e3o utilizadas para recolher, i\u00e7ar e transportar solo, feno e outros materiais. Esses cilindros aumentam a capacidade da carregadeira de manusear materiais a granel com efici\u00eancia, agilizando as opera\u00e7\u00f5es agr\u00edcolas e aumentando a produtividade.<\/p>\n<h3>Escavadeiras<\/h3>\n<p>Em escavadeiras, os cilindros da lan\u00e7a facilitam a escava\u00e7\u00e3o, permitindo que a ca\u00e7amba penetre no solo sem esfor\u00e7o. Este componente hidr\u00e1ulico \u00e9 essencial para alcan\u00e7ar profundidade e precis\u00e3o em tarefas de escava\u00e7\u00e3o, contribuindo para a prepara\u00e7\u00e3o eficaz do local e para a execu\u00e7\u00e3o das funda\u00e7\u00f5es.<\/p>\n<h3>Carregadores<\/h3>\n<p>Em carregadeiras frontais, os cilindros de lan\u00e7a permitem a eleva\u00e7\u00e3o e o despejo de materiais com efici\u00eancia. Eles garantem que a carregadeira possa movimentar cargas pesadas com o m\u00ednimo de esfor\u00e7o, tornando-os indispens\u00e1veis \u200b\u200bpara opera\u00e7\u00f5es de constru\u00e7\u00e3o e movimenta\u00e7\u00e3o de materiais.<\/p>\n<h2>Considera\u00e7\u00f5es de design e crit\u00e9rios de sele\u00e7\u00e3o<\/h2>\n<ul>\n<li><strong>Capacidade de carga:<\/strong> \u00c9 essencial avaliar a capacidade de carga do cilindro da lan\u00e7a para garantir que ele possa lidar com as tarefas pretendidas sem falhas. A capacidade de carga de um cilindro \u00e9 determinada por seu tamanho, material e design. Uma avalia\u00e7\u00e3o adequada garante desempenho e seguran\u00e7a ideais durante a opera\u00e7\u00e3o.<\/li>\n<li><strong>Selagem:<\/strong> O sistema de veda\u00e7\u00e3o de um cilindro hidr\u00e1ulico desempenha um papel fundamental na preven\u00e7\u00e3o de vazamentos e na manuten\u00e7\u00e3o da press\u00e3o. Selecionar veda\u00e7\u00f5es de alta qualidade, feitas de materiais dur\u00e1veis, como poliuretano ou borracha nitr\u00edlica, pode aumentar a longevidade e a confiabilidade do cilindro. Al\u00e9m disso, a usinagem precisa do corpo do cilindro e das superf\u00edcies das extremidades roscadas minimiza o desgaste das veda\u00e7\u00f5es.<\/li>\n<li><strong>Durabilidade:<\/strong> Um cilindro de lan\u00e7a bem projetado deve suportar condi\u00e7\u00f5es adversas e uso repetido. Fatores como resist\u00eancia \u00e0 corros\u00e3o e ao desgaste devem ser priorizados no projeto para prolongar a vida \u00fatil do produto. A utiliza\u00e7\u00e3o de materiais de alta resist\u00eancia e revestimentos protetores contribui para a durabilidade geral.<\/li>\n<li><strong>Seguran\u00e7a:<\/strong> Os recursos de seguran\u00e7a do sistema hidr\u00e1ulico s\u00e3o primordiais. \u00c9 crucial implementar medidas de seguran\u00e7a, como v\u00e1lvulas de al\u00edvio de press\u00e3o e sistemas de montagem adequadamente projetados, para evitar acidentes durante a opera\u00e7\u00e3o. Verifica\u00e7\u00f5es de manuten\u00e7\u00e3o regulares tamb\u00e9m podem aprimorar os padr\u00f5es de seguran\u00e7a.<\/li>\n<li><strong>Manutenibilidade:<\/strong> F\u00e1cil acesso para manuten\u00e7\u00e3o \u00e9 vital para garantir que o sistema hidr\u00e1ulico permane\u00e7a em \u00f3timas condi\u00e7\u00f5es. Considera\u00e7\u00f5es de projeto devem facilitar a inspe\u00e7\u00e3o, a lubrifica\u00e7\u00e3o e a substitui\u00e7\u00e3o de componentes, minimizando o tempo de inatividade e os custos de manuten\u00e7\u00e3o.<\/li>\n<\/ul>\n<p><img decoding=\"async\" src=\"https:\/\/www.hydraulic-cylinders.net\/wp-content\/uploads\/2025\/04\/songte-oil-pipes-and-spare-parts.webp\" alt=\"Pe\u00e7as Hidr\u00e1ulicas\"><\/p>\n<h2>Veda\u00e7\u00e3o e Lubrifica\u00e7\u00e3o do Cilindro Hidr\u00e1ulico<\/h2>\n<p>A efic\u00e1cia de um cilindro hidr\u00e1ulico \u00e9 significativamente influenciada por seus sistemas de veda\u00e7\u00e3o e lubrifica\u00e7\u00e3o. V\u00e1rios componentes de veda\u00e7\u00e3o, como veda\u00e7\u00f5es de pist\u00e3o e de biela, trabalham em conjunto para manter a integridade do sistema. Veda\u00e7\u00f5es feitas de materiais resistentes ao desgaste, como poliuretano e borracha nitr\u00edlica, proporcionam durabilidade sob press\u00e3o.<\/p>\n<p>Al\u00e9m disso, o corpo do cilindro e as extremidades roscadas devem passar por um tratamento de superf\u00edcie meticuloso para aumentar a resist\u00eancia ao desgaste. A lubrifica\u00e7\u00e3o regular com \u00f3leo hidr\u00e1ulico \u00e9 essencial para garantir um funcionamento suave e evitar quebras. Manter os n\u00edveis de \u00f3leo adequados e troc\u00e1-los regularmente pode prolongar significativamente a vida \u00fatil do cilindro hidr\u00e1ulico.<\/p>\n<h2>Medidas de inspe\u00e7\u00e3o regular e manuten\u00e7\u00e3o preventiva<\/h2>\n<ul>\n<li><strong>Inspe\u00e7\u00f5es regulares:<\/strong> Realizar inspe\u00e7\u00f5es de rotina \u00e9 crucial para identificar poss\u00edveis problemas antes que eles se agravem. Verifique se h\u00e1 vazamentos, desgaste anormal e o desempenho geral do cilindro. A detec\u00e7\u00e3o precoce de problemas pode evitar reparos dispendiosos e paradas.<\/li>\n<li><strong>Lubrifica\u00e7\u00e3o adequada:<\/strong> Garantir que o cilindro hidr\u00e1ulico esteja adequadamente lubrificado aumentar\u00e1 seu desempenho. Verifique regularmente os n\u00edveis de \u00f3leo e aplique o fluido hidr\u00e1ulico apropriado conforme necess\u00e1rio para manter a funcionalidade ideal e evitar superaquecimento.<\/li>\n<li><strong>Substitui\u00e7\u00e3o da veda\u00e7\u00e3o:<\/strong> As veda\u00e7\u00f5es dos cilindros hidr\u00e1ulicos se desgastam com o tempo devido \u00e0 press\u00e3o e ao movimento constantes. A substitui\u00e7\u00e3o programada das veda\u00e7\u00f5es pode evitar vazamentos e manter a press\u00e3o dentro do sistema, garantindo uma opera\u00e7\u00e3o eficiente.<\/li>\n<\/ul>\n<h2>Diretrizes de instala\u00e7\u00e3o adequadas<\/h2>\n<p>Para garantir o desempenho ideal do cilindro da lan\u00e7a, a instala\u00e7\u00e3o correta \u00e9 essencial. Comece alinhando o cilindro corretamente com a aplica\u00e7\u00e3o para evitar tens\u00f5es indevidas e desalinhamento. Use suportes de montagem adequados para fixar o cilindro no lugar, garantindo que ele esteja firmemente preso e n\u00e3o se mova durante a opera\u00e7\u00e3o.<\/p>\n<p>Siga as instru\u00e7\u00f5es do fabricante quanto \u00e0s especifica\u00e7\u00f5es de torque durante a fixa\u00e7\u00e3o para evitar danos. Ap\u00f3s a instala\u00e7\u00e3o, realize uma inspe\u00e7\u00e3o completa para confirmar se todas as conex\u00f5es est\u00e3o firmes e se n\u00e3o h\u00e1 vazamentos. Durante a opera\u00e7\u00e3o inicial, monitore o cilindro atentamente para detectar quaisquer irregularidades, fazendo os ajustes necess\u00e1rios para garantir um funcionamento suave.<\/p>\n<h2>Tarefas comuns de manuten\u00e7\u00e3o<\/h2>\n<ul>\n<li><strong>Inspe\u00e7\u00f5es regulares:<\/strong> Realize verifica\u00e7\u00f5es frequentes para garantir que o sistema hidr\u00e1ulico esteja funcionando corretamente. Procure por sinais de desgaste ou danos que possam levar \u00e0 falha. Uma inspe\u00e7\u00e3o adequada ajuda a manter a efici\u00eancia do cilindro e prolonga sua vida \u00fatil.<\/li>\n<li><strong>Lubrifica\u00e7\u00e3o adequada:<\/strong> Certifique-se de que o \u00f3leo hidr\u00e1ulico esteja no n\u00edvel ideal e troque-o periodicamente. A lubrifica\u00e7\u00e3o adequada \u00e9 vital para reduzir o atrito e o desgaste entre as pe\u00e7as m\u00f3veis, melhorando o funcionamento geral do sistema hidr\u00e1ulico.<\/li>\n<li><strong>Substitui\u00e7\u00e3o da veda\u00e7\u00e3o:<\/strong> Inspecione regularmente as veda\u00e7\u00f5es quanto a desgaste e substitua-as conforme necess\u00e1rio. Uma veda\u00e7\u00e3o eficaz \u00e9 crucial para manter a press\u00e3o e evitar vazamentos, que podem comprometer o desempenho do sistema.<\/li>\n<\/ul>\n<p>A instala\u00e7\u00e3o e o alinhamento corretos do cilindro s\u00e3o essenciais para evitar problemas operacionais. Utilize suportes de montagem adequados para estabilizar o cilindro e siga as instru\u00e7\u00f5es do fabricante para os procedimentos de instala\u00e7\u00e3o, garantindo confiabilidade e efici\u00eancia.<\/p>\n<p><img decoding=\"async\" src=\"https:\/\/www.hydraulic-cylinders.net\/wp-content\/uploads\/2025\/04\/songte-chushion-collar.webp\" alt=\"Coleira almofadada\"><\/p>\n<h2>Considera\u00e7\u00f5es de seguran\u00e7a e fatores ambientais<\/h2>\n<p>Ao operar sistemas hidr\u00e1ulicos, a implementa\u00e7\u00e3o de medidas de seguran\u00e7a \u00e9 fundamental. Os operadores devem sempre usar equipamentos de prote\u00e7\u00e3o adequados e seguir os protocolos de seguran\u00e7a para minimizar os riscos associados a falhas de press\u00e3o hidr\u00e1ulica. Manuten\u00e7\u00f5es e inspe\u00e7\u00f5es regulares s\u00e3o cruciais para garantir que os sistemas de seguran\u00e7a, como v\u00e1lvulas de al\u00edvio de press\u00e3o, estejam funcionando corretamente para evitar acidentes.<\/p>\n<h2>Diagn\u00f3stico de falhas e problemas comuns<\/h2>\n<ul>\n<li><strong>Vazamentos hidr\u00e1ulicos:<\/strong> Um dos problemas mais comuns s\u00e3o os vazamentos de fluido hidr\u00e1ulico, que podem ser causados \u200b\u200bpor veda\u00e7\u00f5es desgastadas ou mangueiras danificadas. Identificar a origem do vazamento \u00e9 essencial para evitar perdas de press\u00e3o e manter a funcionalidade.<\/li>\n<li><strong>Desempenho reduzido:<\/strong> Se o cilindro da lan\u00e7a n\u00e3o estiver funcionando conforme o esperado, isso pode indicar baixos n\u00edveis de fluido hidr\u00e1ulico ou danos internos. Diagnosticar esse problema imediatamente pode evitar complica\u00e7\u00f5es futuras.<\/li>\n<li><strong>Ru\u00eddos incomuns:<\/strong> Sons estranhos durante a opera\u00e7\u00e3o, como rangidos ou batidas, podem indicar desgaste ou desalinhamento de componentes. Tratar esses ru\u00eddos rapidamente pode evitar falhas catastr\u00f3ficas.<\/li>\n<\/ul>\n<p>Para auxiliar no diagn\u00f3stico eficaz de falhas, os operadores devem se familiarizar com os sintomas de problemas comuns e tomar medidas proativas para solucion\u00e1-los. Manuten\u00e7\u00f5es e inspe\u00e7\u00f5es regulares podem reduzir significativamente a probabilidade de ocorr\u00eancia desses problemas.<\/p>\n<p><img decoding=\"async\" src=\"https:\/\/www.hydraulic-cylinders.net\/wp-content\/uploads\/2025\/04\/songte-bushings-with-all-kinds-of-excavator-models.webp\" alt=\"Modelos de Buchas\"><\/p>\n<h2>Sobre nossa empresa<\/h2>\n<p>Somos um fabricante l\u00edder de cilindros hidr\u00e1ulicos, oferecendo uma gama completa de produtos que atendem aos mercados nacional e internacional. Nosso compromisso com a excel\u00eancia garante a manuten\u00e7\u00e3o de altos padr\u00f5es de fabrica\u00e7\u00e3o por meio de estrat\u00e9gias de gest\u00e3o refinadas em nossas oficinas de produ\u00e7\u00e3o. Nossa empresa investe em talentos t\u00e9cnicos, equipamentos avan\u00e7ados de fabrica\u00e7\u00e3o digital e sistemas de teste profissionais para aprimorar continuamente nossa capacidade de produ\u00e7\u00e3o.<\/p>\n<p>Com foco em alta efici\u00eancia, precis\u00e3o e qualidade, nos esfor\u00e7amos para atender \u00e0s diversas necessidades de nossos clientes. Nossas certifica\u00e7\u00f5es internacionais e servi\u00e7os personalizados garantem solu\u00e7\u00f5es sob medida para diversas aplica\u00e7\u00f5es. Nossas instala\u00e7\u00f5es de produ\u00e7\u00e3o de \u00faltima gera\u00e7\u00e3o e nosso dedicado servi\u00e7o p\u00f3s-venda nos diferenciam no setor de cilindros hidr\u00e1ulicos.<\/p>\n<p><img decoding=\"async\" src=\"https:\/\/www.hydraulic-cylinders.net\/wp-content\/uploads\/2025\/04\/songte-company-4.webp\" alt=\"Imagem da empresa 1\"><br \/>\n<img decoding=\"async\" src=\"https:\/\/www.hydraulic-cylinders.net\/wp-content\/uploads\/2025\/04\/songte-company-3.webp\" alt=\"Imagem da empresa 2\"><\/p>\n<p>Autor: lyl<\/p>","protected":false},"excerpt":{"rendered":"<p>Boom Cylinder For Volwa Cane Unloader DLS118-9A Overview of Boom Cylinder The Boom Cylinder is a crucial component in hydraulic systems, specifically designed to control the movement of heavy machinery&#8217;s buckets, such as those found in excavators, backhoe loaders, and front-end loaders. This hydraulic cylinder enables the bucket to lift, lower, and tilt, facilitating efficient [&hellip;]<\/p>","protected":false},"featured_media":17873,"comment_status":"open","ping_status":"closed","template":"","meta":{"_et_pb_use_builder":"","_et_pb_old_content":"","_et_gb_content_width":""},"product_brand":[],"product_cat":[1546],"product_tag":[1547,1496],"class_list":{"0":"post-19625","1":"product","2":"type-product","3":"status-publish","4":"has-post-thumbnail","6":"product_cat-boom-cylinders","7":"product_tag-boom-cylinders","8":"product_tag-hydraulic-cylinders","10":"first","11":"instock","12":"shipping-taxable","13":"product-type-simple"},"amp_enabled":true,"_links":{"self":[{"href":"https:\/\/www.hydraulic-cylinders.net\/pt\/wp-json\/wp\/v2\/product\/19625","targetHints":{"allow":["GET"]}}],"collection":[{"href":"https:\/\/www.hydraulic-cylinders.net\/pt\/wp-json\/wp\/v2\/product"}],"about":[{"href":"https:\/\/www.hydraulic-cylinders.net\/pt\/wp-json\/wp\/v2\/types\/product"}],"replies":[{"embeddable":true,"href":"https:\/\/www.hydraulic-cylinders.net\/pt\/wp-json\/wp\/v2\/comments?post=19625"}],"wp:featuredmedia":[{"embeddable":true,"href":"https:\/\/www.hydraulic-cylinders.net\/pt\/wp-json\/wp\/v2\/media\/17873"}],"wp:attachment":[{"href":"https:\/\/www.hydraulic-cylinders.net\/pt\/wp-json\/wp\/v2\/media?parent=19625"}],"wp:term":[{"taxonomy":"product_brand","embeddable":true,"href":"https:\/\/www.hydraulic-cylinders.net\/pt\/wp-json\/wp\/v2\/product_brand?post=19625"},{"taxonomy":"product_cat","embeddable":true,"href":"https:\/\/www.hydraulic-cylinders.net\/pt\/wp-json\/wp\/v2\/product_cat?post=19625"},{"taxonomy":"product_tag","embeddable":true,"href":"https:\/\/www.hydraulic-cylinders.net\/pt\/wp-json\/wp\/v2\/product_tag?post=19625"}],"curies":[{"name":"wp","href":"https:\/\/api.w.org\/{rel}","templated":true}]}}