{"id":19633,"date":"2025-04-07T06:58:34","date_gmt":"2025-04-07T06:58:34","guid":{"rendered":"https:\/\/www.hydraulic-cylinders.net\/product\/boom-cylinder-for-aotai-at80e-9\/"},"modified":"2025-04-07T06:58:37","modified_gmt":"2025-04-07T06:58:37","slug":"boom-cylinder-for-aotai-at80e-9","status":"publish","type":"product","link":"https:\/\/www.hydraulic-cylinders.net\/pt\/produto\/boom-cylinder-for-aotai-at80e-9\/","title":{"rendered":"Cilindro da lan\u00e7a para Aotai AT80E-9"},"content":{"rendered":"<h1>Cilindro da lan\u00e7a para Aotai AT80E-9<\/h1>\n<h2>Vis\u00e3o geral do produto<\/h2>\n<p>O cilindro da lan\u00e7a para a Aotai AT80E-9 \u00e9 um componente crucial projetado especificamente para m\u00e1quinas pesadas. Este cilindro hidr\u00e1ulico controla o movimento da lan\u00e7a, permitindo o levantamento, abaixamento e inclina\u00e7\u00e3o da ca\u00e7amba de forma eficaz. Esses cilindros s\u00e3o essenciais para a execu\u00e7\u00e3o eficiente de tarefas de movimenta\u00e7\u00e3o de materiais em diversas aplica\u00e7\u00f5es, principalmente na constru\u00e7\u00e3o civil e escava\u00e7\u00e3o.<\/p>\n<p><img decoding=\"async\" src=\"https:\/\/www.hydraulic-cylinders.net\/wp-content\/uploads\/2025\/04\/songte-company-1.webp\" alt=\"Imagem do Cilindro da Lan\u00e7a\"><\/p>\n<h3>Defini\u00e7\u00e3o e Fun\u00e7\u00e3o<\/h3>\n<p>Um cilindro de ca\u00e7amba \u00e9 um tipo de cilindro hidr\u00e1ulico projetado especificamente para controlar o movimento de ca\u00e7ambas em m\u00e1quinas pesadas, como escavadeiras, retroescavadeiras e p\u00e1s carregadeiras. Sua principal fun\u00e7\u00e3o \u00e9 facilitar o levantamento, abaixamento e inclina\u00e7\u00e3o da ca\u00e7amba, o que \u00e9 vital para opera\u00e7\u00f5es eficazes de movimenta\u00e7\u00e3o de materiais. Esses cilindros utilizam fluido hidr\u00e1ulico para gerar for\u00e7a e movimento, tornando-os indispens\u00e1veis \u200b\u200bem sistemas hidr\u00e1ulicos. O cilindro de ca\u00e7amba converte energia hidr\u00e1ulica em energia mec\u00e2nica, permitindo um controle preciso sobre os movimentos da ca\u00e7amba, aumentando assim a produtividade e a efici\u00eancia nos canteiros de obras.<\/p>\n<h2>Caracter\u00edsticas do Cilindro de Lan\u00e7a<\/h2>\n<ul>\n<li><strong>Alta resist\u00eancia e durabilidade:<\/strong> Fabricados em a\u00e7o de alta resist\u00eancia ou alum\u00ednio, esses cilindros s\u00e3o projetados para suportar alta press\u00e3o e cargas pesadas, adaptando-se a ambientes de trabalho severos. Seu design incorpora resist\u00eancia ao desgaste e \u00e0 corros\u00e3o, prolongando significativamente sua vida \u00fatil.<\/li>\n<li><strong>Opera\u00e7\u00e3o hidr\u00e1ulica eficiente:<\/strong> O cilindro opera de forma eficiente utilizando a press\u00e3o do \u00f3leo hidr\u00e1ulico, garantindo uma extens\u00e3o e retra\u00e7\u00e3o suaves. Ele responde rapidamente aos comandos de controle e fornece uma forte for\u00e7a de empurrar e puxar, tornando-o adequado para lidar com tarefas pesadas e complexas.<\/li>\n<li><strong>Tipos diversos:<\/strong> O cilindro da lan\u00e7a est\u00e1 dispon\u00edvel em v\u00e1rios tipos, incluindo modelos de a\u00e7\u00e3o simples (que utilizam for\u00e7a hidr\u00e1ulica em uma dire\u00e7\u00e3o) e de a\u00e7\u00e3o dupla (que utilizam for\u00e7a hidr\u00e1ulica em ambas as dire\u00e7\u00f5es). Algumas vers\u00f5es s\u00e3o telesc\u00f3picas, permitindo maior extens\u00e3o sem aumentar as dimens\u00f5es externas, o que as torna ideais para aplica\u00e7\u00f5es compactas.<\/li>\n<li><strong>Instala\u00e7\u00e3o f\u00e1cil:<\/strong> Esses cilindros s\u00e3o projetados para uma instala\u00e7\u00e3o simples, garantindo compatibilidade com diversos modelos de m\u00e1quinas pesadas, o que facilita a substitui\u00e7\u00e3o e a manuten\u00e7\u00e3o.<\/li>\n<li><strong>Rela\u00e7\u00e3o custo-benef\u00edcio:<\/strong> Ao escolher nossos cilindros de lan\u00e7a, os clientes podem obter economias significativas em termos de reparos e substitui\u00e7\u00f5es, sem sacrificar o desempenho ou a qualidade.<\/li>\n<\/ul>\n<p>Fabricamos esses cilindros de lan\u00e7a, que s\u00e3o substitutos perfeitos para os cilindros hidr\u00e1ulicos existentes no mercado.<\/p>\n<p><img decoding=\"async\" src=\"https:\/\/www.hydraulic-cylinders.net\/wp-content\/uploads\/2025\/04\/songte-cylinder-head-with-all-kinds-excavator-models.webp\" alt=\"Modelos de Escavadeiras\"><\/p>\n<h2>Aplica\u00e7\u00f5es do Cilindro de Lan\u00e7a<\/h2>\n<h3>Equipamentos de constru\u00e7\u00e3o<\/h3>\n<p>Em equipamentos de constru\u00e7\u00e3o, o cilindro da lan\u00e7a desempenha um papel vital nas escavadeiras para escavar, carregar e movimentar solo ou entulho. Ele controla com efici\u00eancia o levantamento e o abaixamento da lan\u00e7a, permitindo a\u00e7\u00f5es de escava\u00e7\u00e3o precisas. A capacidade do cilindro hidr\u00e1ulico de levantar cargas pesadas o torna essencial para tarefas de constru\u00e7\u00e3o, onde efici\u00eancia e velocidade s\u00e3o cruciais para os cronogramas do projeto.<\/p>\n<h3>Maquinaria agr\u00edcola<\/h3>\n<p>Em contextos agr\u00edcolas, o cilindro da lan\u00e7a \u00e9 utilizado em p\u00e1s carregadeiras frontais para recolher, levantar e transportar terra, feno e outros materiais. A pot\u00eancia hidr\u00e1ulica permite o manuseio r\u00e1pido e eficiente de cargas pesadas, o que \u00e9 essencial em opera\u00e7\u00f5es agr\u00edcolas onde o tempo e a efici\u00eancia impactam diretamente a produtividade e a colheita.<\/p>\n<h3>Escavadeiras<\/h3>\n<p>Em escavadeiras, o cilindro da lan\u00e7a facilita as opera\u00e7\u00f5es de escava\u00e7\u00e3o, permitindo que a ca\u00e7amba penetre no solo de forma eficaz. Essa capacidade \u00e9 crucial para diversas aplica\u00e7\u00f5es, incluindo abertura de valas e prepara\u00e7\u00e3o do terreno, onde a precis\u00e3o \u00e9 necess\u00e1ria para alcan\u00e7ar os resultados desejados sem danificar as \u00e1reas circundantes.<\/p>\n<h3>Carregadores<\/h3>\n<p>Em carregadeiras frontais, os cilindros da lan\u00e7a auxiliam no levantamento e despejo eficiente de materiais. Os cilindros hidr\u00e1ulicos fornecem a for\u00e7a necess\u00e1ria para levantar cargas pesadas, garantindo que os materiais possam ser transportados e posicionados com precis\u00e3o, o que \u00e9 essencial tanto na constru\u00e7\u00e3o civil quanto em opera\u00e7\u00f5es de movimenta\u00e7\u00e3o de materiais.<\/p>\n<h2>Considera\u00e7\u00f5es de design e crit\u00e9rios de sele\u00e7\u00e3o<\/h2>\n<h3>Capacidade de carga<\/h3>\n<p>A capacidade de carga do cilindro da lan\u00e7a \u00e9 um fator cr\u00edtico no projeto. Ele deve ser capaz de suportar o peso m\u00e1ximo das cargas encontradas em diversas aplica\u00e7\u00f5es. Escolher um cilindro com capacidade de carga adequada garante seguran\u00e7a e efici\u00eancia durante a opera\u00e7\u00e3o. Um cilindro subdimensionado pode levar a falhas ou danos, enquanto um cilindro superdimensionado pode aumentar os custos desnecessariamente.<\/p>\n<h3>Integridade de veda\u00e7\u00e3o<\/h3>\n<p>A veda\u00e7\u00e3o eficaz \u00e9 fundamental em cilindros hidr\u00e1ulicos para evitar vazamentos de fluido, que podem levar a problemas de desempenho e aumento dos custos de manuten\u00e7\u00e3o. Veda\u00e7\u00f5es de alta qualidade, feitas de materiais dur\u00e1veis \u200b\u200bcomo poliuretano e borracha nitr\u00edlica, s\u00e3o essenciais para garantir longevidade e confiabilidade. O projeto deve permitir a f\u00e1cil substitui\u00e7\u00e3o da veda\u00e7\u00e3o para facilitar a manuten\u00e7\u00e3o.<\/p>\n<h3>Durabilidade<\/h3>\n<p>A durabilidade \u00e9 um fator crucial para cilindros hidr\u00e1ulicos que operam em ambientes agressivos. Os materiais utilizados na fabrica\u00e7\u00e3o devem resistir ao desgaste e \u00e0 corros\u00e3o. Revestimentos e tratamentos aplicados ao corpo do cilindro podem aumentar a durabilidade, prolongando a vida \u00fatil do produto e reduzindo a frequ\u00eancia de substitui\u00e7\u00f5es.<\/p>\n<h3>Recursos de seguran\u00e7a<\/h3>\n<p>A seguran\u00e7a \u00e9 uma considera\u00e7\u00e3o primordial no projeto de cilindros hidr\u00e1ulicos. A incorpora\u00e7\u00e3o de recursos como v\u00e1lvulas de al\u00edvio de press\u00e3o e mecanismos de travamento pode aumentar a seguran\u00e7a durante a opera\u00e7\u00e3o. Esses recursos previnem acidentes causados \u200b\u200bpor picos de press\u00e3o inesperados ou falhas no cilindro, garantindo a seguran\u00e7a dos operadores e das m\u00e1quinas.<\/p>\n<h3>Acessibilidade de Manuten\u00e7\u00e3o<\/h3>\n<p>Projetar cilindros hidr\u00e1ulicos que facilitem a manuten\u00e7\u00e3o \u00e9 crucial. Tarefas de manuten\u00e7\u00e3o, como lubrifica\u00e7\u00e3o e substitui\u00e7\u00e3o de veda\u00e7\u00f5es, devem ser simples para minimizar o tempo de inatividade. Um cilindro bem projetado pode reduzir significativamente os custos de manuten\u00e7\u00e3o e melhorar a efici\u00eancia operacional.<\/p>\n<p><img decoding=\"async\" src=\"https:\/\/www.hydraulic-cylinders.net\/wp-content\/uploads\/2025\/04\/songte-oil-pipes-and-spare-parts.webp\" alt=\"Tubos de \u00f3leo e pe\u00e7as de reposi\u00e7\u00e3o\"><\/p>\n<h2>Veda\u00e7\u00e3o e Lubrifica\u00e7\u00e3o<\/h2>\n<p>A veda\u00e7\u00e3o e a lubrifica\u00e7\u00e3o eficazes s\u00e3o cruciais para manter o desempenho dos cilindros hidr\u00e1ulicos. Diversos tipos de veda\u00e7\u00f5es, incluindo veda\u00e7\u00f5es de pist\u00e3o e de haste, s\u00e3o essenciais para evitar vazamentos de fluido hidr\u00e1ulico. A escolha dos materiais de veda\u00e7\u00e3o, como poliuretano ou borracha nitr\u00edlica, garante resist\u00eancia ao desgaste e \u00e0s condi\u00e7\u00f5es ambientais.<\/p>\n<p>Al\u00e9m disso, o corpo do cilindro e as extremidades roscadas passam por usinagem de precis\u00e3o para aumentar a durabilidade e o desempenho. A lubrifica\u00e7\u00e3o regular com o \u00f3leo hidr\u00e1ulico apropriado \u00e9 necess\u00e1ria para minimizar o atrito e o desgaste dos componentes m\u00f3veis. Essa etapa de manuten\u00e7\u00e3o ajuda a garantir o bom funcionamento e prolonga a vida \u00fatil do cilindro hidr\u00e1ulico.<\/p>\n<h2>Manuten\u00e7\u00e3o regular e medidas preventivas<\/h2>\n<ul>\n<li><strong>Inspe\u00e7\u00f5es:<\/strong> Inspe\u00e7\u00f5es regulares devem ser realizadas para identificar desgastes ou problemas potenciais antes que se agravem. Essa abordagem proativa pode evitar reparos dispendiosos e tempo de inatividade.<\/li>\n<li><strong>Lubrifica\u00e7\u00e3o:<\/strong> Garantir que os cilindros hidr\u00e1ulicos estejam adequadamente lubrificados \u00e9 essencial para o seu bom funcionamento. Verificar e completar o \u00f3leo hidr\u00e1ulico regularmente pode prevenir o desgaste excessivo e prolongar a vida \u00fatil do cilindro.<\/li>\n<li><strong>Substitui\u00e7\u00e3o da veda\u00e7\u00e3o:<\/strong> Com o tempo, as veda\u00e7\u00f5es podem se degradar, causando vazamentos. O monitoramento regular e a substitui\u00e7\u00e3o oportuna de veda\u00e7\u00f5es desgastadas s\u00e3o cruciais para manter o desempenho e evitar a perda de fluido hidr\u00e1ulico.<\/li>\n<\/ul>\n<h2>Diretrizes de instala\u00e7\u00e3o<\/h2>\n<p>A instala\u00e7\u00e3o correta do cilindro da lan\u00e7a \u00e9 essencial para o desempenho ideal. Comece certificando-se de que todos os componentes estejam limpos e livres de detritos. Alinhe o cilindro com precis\u00e3o com os suportes de montagem para evitar tens\u00e3o excessiva no cilindro. A utiliza\u00e7\u00e3o de suportes de montagem adequados \u00e9 crucial para fixar o cilindro no lugar.<\/p>\n<p>Ap\u00f3s o alinhamento, aperte todos os parafusos de acordo com as especifica\u00e7\u00f5es do fabricante para garantir uma fixa\u00e7\u00e3o segura. Verifique novamente se as conex\u00f5es hidr\u00e1ulicas est\u00e3o firmes e sem vazamentos. Ap\u00f3s a instala\u00e7\u00e3o, teste o funcionamento do cilindro gradualmente, verificando se h\u00e1 ru\u00eddos incomuns ou vazamentos. O alinhamento correto e a instala\u00e7\u00e3o segura podem reduzir significativamente os problemas durante a opera\u00e7\u00e3o.<\/p>\n<h2>Tarefas comuns de manuten\u00e7\u00e3o<\/h2>\n<h3>Inspe\u00e7\u00f5es regulares<\/h3>\n<p>Realizar inspe\u00e7\u00f5es regulares em cilindros hidr\u00e1ulicos \u00e9 crucial para identificar problemas potenciais precocemente. Inspecione os cilindros em busca de sinais de desgaste, vazamentos ou danos. Essa abordagem proativa pode prevenir falhas inesperadas e aumentar a confiabilidade dos sistemas hidr\u00e1ulicos.<\/p>\n<h3>Lubrifica\u00e7\u00e3o adequada<\/h3>\n<p>Manter os n\u00edveis adequados de lubrifica\u00e7\u00e3o \u00e9 essencial para prevenir o desgaste e garantir o bom funcionamento. Verifique regularmente os n\u00edveis de \u00f3leo hidr\u00e1ulico e complete conforme necess\u00e1rio. O uso do tipo correto de \u00f3leo hidr\u00e1ulico \u00e9 crucial para o desempenho ideal e a longevidade do cilindro.<\/p>\n<h3>Substitui\u00e7\u00e3o de selos e verifica\u00e7\u00f5es de calibra\u00e7\u00e3o<\/h3>\n<p>Monitore regularmente o desgaste das veda\u00e7\u00f5es e substitua-as conforme necess\u00e1rio para evitar vazamentos. As verifica\u00e7\u00f5es de calibra\u00e7\u00e3o garantem que o cilindro opere dentro dos par\u00e2metros especificados. Veda\u00e7\u00f5es em bom funcionamento e cilindros calibrados aumentam a efici\u00eancia operacional e a seguran\u00e7a.<\/p>\n<p><img decoding=\"async\" src=\"https:\/\/www.hydraulic-cylinders.net\/wp-content\/uploads\/2025\/04\/songte-chushion-collar.webp\" alt=\"Coleira almofadada\"><\/p>\n<h2>Considera\u00e7\u00f5es de seguran\u00e7a e fatores ambientais<\/h2>\n<p>Ao utilizar cilindros hidr\u00e1ulicos, as medidas de seguran\u00e7a s\u00e3o fundamentais. Os operadores devem ser treinados para reconhecer os riscos potenciais associados aos equipamentos hidr\u00e1ulicos. Devem ser utilizados equipamentos de prote\u00e7\u00e3o individual e os protocolos de seguran\u00e7a devem ser rigorosamente seguidos ao operar m\u00e1quinas equipadas com cilindros hidr\u00e1ulicos. Fatores ambientais, como flutua\u00e7\u00f5es de temperatura e exposi\u00e7\u00e3o a subst\u00e2ncias corrosivas, tamb\u00e9m devem ser considerados no projeto e na manuten\u00e7\u00e3o dos cilindros hidr\u00e1ulicos para garantir confiabilidade e longevidade.<\/p>\n<h2>Solu\u00e7\u00e3o de problemas e problemas comuns<\/h2>\n<ul>\n<li><strong>Cilindro sem resposta:<\/strong> Se o cilindro n\u00e3o responder aos comandos, verifique os n\u00edveis do fluido hidr\u00e1ulico e poss\u00edveis vazamentos no sistema. Certifique-se de que a bomba hidr\u00e1ulica esteja funcionando corretamente.<\/li>\n<li><strong>Vazamentos de fluidos:<\/strong> Vazamentos de fluido podem indicar veda\u00e7\u00f5es desgastadas ou componentes do cilindro danificados. Inspecione as veda\u00e7\u00f5es quanto a desgaste e substitua-as conforme necess\u00e1rio para evitar perda de fluido.<\/li>\n<li><strong>Ru\u00eddos incomuns:<\/strong> Ru\u00eddos incomuns durante o funcionamento podem indicar danos internos ou lubrifica\u00e7\u00e3o insuficiente. Realize inspe\u00e7\u00f5es minuciosas para identificar e corrigir a causa.<\/li>\n<\/ul>\n<p>Adotar medidas preventivas, como manuten\u00e7\u00e3o e inspe\u00e7\u00f5es regulares, pode ajudar a minimizar problemas potenciais e aumentar a confiabilidade dos sistemas hidr\u00e1ulicos.<\/p>\n<p><img decoding=\"async\" src=\"https:\/\/www.hydraulic-cylinders.net\/wp-content\/uploads\/2025\/04\/songte-bushings-with-all-kinds-of-excavator-models.webp\" alt=\"Bucha com modelos de escavadeira\"><\/p>\n<h2>Introdu\u00e7\u00e3o \u00e0 empresa<\/h2>\n<p>Somos um fabricante l\u00edder de cilindros hidr\u00e1ulicos de reposi\u00e7\u00e3o, oferecendo uma ampla gama de produtos que atendem aos mercados nacional e internacional. Nosso compromisso com a excel\u00eancia em qualidade \u00e9 sustentado por processos de fabrica\u00e7\u00e3o refinados e uma s\u00f3lida estrat\u00e9gia de gest\u00e3o da produ\u00e7\u00e3o. Utilizamos tecnologia avan\u00e7ada, pessoal qualificado e sistemas de teste inovadores para aprimorar continuamente nossa plataforma de fabrica\u00e7\u00e3o.<\/p>\n<p>Nossa capacidade produtiva nos permite atender \u00e0s diversas necessidades dos clientes com efici\u00eancia, priorizando alta efici\u00eancia, precis\u00e3o e qualidade. Com certifica\u00e7\u00f5es internacionais e servi\u00e7os personalizados, garantimos que nossos produtos atendam aos mais altos padr\u00f5es de desempenho e confiabilidade. Nosso servi\u00e7o p\u00f3s-venda foi projetado para fornecer suporte e assist\u00eancia cont\u00ednuos, assegurando a satisfa\u00e7\u00e3o do cliente com nossas solu\u00e7\u00f5es hidr\u00e1ulicas.<\/p>\n<p><img decoding=\"async\" src=\"https:\/\/www.hydraulic-cylinders.net\/wp-content\/uploads\/2025\/04\/songte-company-4.webp\" alt=\"Imagem da empresa 4\"><br \/>\n<img decoding=\"async\" src=\"https:\/\/www.hydraulic-cylinders.net\/wp-content\/uploads\/2025\/04\/songte-company-3.webp\" alt=\"Imagem da empresa 3\"><\/p>\n<p>Autor: lyl<\/p>","protected":false},"excerpt":{"rendered":"<p>Boom Cylinder For Aotai AT80E-9 Product Overview The Boom Cylinder for Aotai AT80E-9 is a crucial component designed specifically for heavy machinery. This hydraulic cylinder controls the movement of the boom, enabling the lifting, lowering, and tilting of the bucket effectively. These cylinders are essential for performing material handling tasks efficiently in various applications, particularly [&hellip;]<\/p>","protected":false},"featured_media":17881,"comment_status":"open","ping_status":"closed","template":"","meta":{"_et_pb_use_builder":"","_et_pb_old_content":"","_et_gb_content_width":""},"product_brand":[],"product_cat":[1546],"product_tag":[1547,1496],"class_list":{"0":"post-19633","1":"product","2":"type-product","3":"status-publish","4":"has-post-thumbnail","6":"product_cat-boom-cylinders","7":"product_tag-boom-cylinders","8":"product_tag-hydraulic-cylinders","10":"first","11":"instock","12":"shipping-taxable","13":"product-type-simple"},"amp_enabled":true,"_links":{"self":[{"href":"https:\/\/www.hydraulic-cylinders.net\/pt\/wp-json\/wp\/v2\/product\/19633","targetHints":{"allow":["GET"]}}],"collection":[{"href":"https:\/\/www.hydraulic-cylinders.net\/pt\/wp-json\/wp\/v2\/product"}],"about":[{"href":"https:\/\/www.hydraulic-cylinders.net\/pt\/wp-json\/wp\/v2\/types\/product"}],"replies":[{"embeddable":true,"href":"https:\/\/www.hydraulic-cylinders.net\/pt\/wp-json\/wp\/v2\/comments?post=19633"}],"wp:featuredmedia":[{"embeddable":true,"href":"https:\/\/www.hydraulic-cylinders.net\/pt\/wp-json\/wp\/v2\/media\/17881"}],"wp:attachment":[{"href":"https:\/\/www.hydraulic-cylinders.net\/pt\/wp-json\/wp\/v2\/media?parent=19633"}],"wp:term":[{"taxonomy":"product_brand","embeddable":true,"href":"https:\/\/www.hydraulic-cylinders.net\/pt\/wp-json\/wp\/v2\/product_brand?post=19633"},{"taxonomy":"product_cat","embeddable":true,"href":"https:\/\/www.hydraulic-cylinders.net\/pt\/wp-json\/wp\/v2\/product_cat?post=19633"},{"taxonomy":"product_tag","embeddable":true,"href":"https:\/\/www.hydraulic-cylinders.net\/pt\/wp-json\/wp\/v2\/product_tag?post=19633"}],"curies":[{"name":"wp","href":"https:\/\/api.w.org\/{rel}","templated":true}]}}