{"id":19664,"date":"2025-04-07T07:00:28","date_gmt":"2025-04-07T07:00:28","guid":{"rendered":"https:\/\/www.hydraulic-cylinders.net\/product\/boom-cylinder-for-nhig-3306lc\/"},"modified":"2025-04-07T07:00:30","modified_gmt":"2025-04-07T07:00:30","slug":"boom-cylinder-for-nhig-3306lc","status":"publish","type":"product","link":"https:\/\/www.hydraulic-cylinders.net\/pt\/produto\/boom-cylinder-for-nhig-3306lc\/","title":{"rendered":"Cilindro da lan\u00e7a para NHIG 3306LC"},"content":{"rendered":"<h1>Cilindro da lan\u00e7a para NHIG 3306LC<\/h1>\n<h2>Introdu\u00e7\u00e3o ao Cilindro de Lan\u00e7a<\/h2>\n<p>O cilindro da lan\u00e7a, projetado especificamente para a NHIG 3306LC, \u00e9 um componente hidr\u00e1ulico vital usado em m\u00e1quinas pesadas, como escavadeiras, retroescavadeiras e p\u00e1s carregadeiras. Este cilindro hidr\u00e1ulico permite o movimento controlado da lan\u00e7a, possibilitando o levantamento, abaixamento e inclina\u00e7\u00e3o precisos da ca\u00e7amba. Sua funcionalidade \u00e9 essencial para tarefas eficientes de movimenta\u00e7\u00e3o de materiais, fornecendo a pot\u00eancia e a flexibilidade necess\u00e1rias em diversos ambientes operacionais.<\/p>\n<p><img decoding=\"async\" src=\"https:\/\/www.hydraulic-cylinders.net\/wp-content\/uploads\/2025\/04\/songte-company-1.webp\" alt=\"Imagem do Cilindro da Lan\u00e7a\" \/><\/p>\n<h3>Defini\u00e7\u00e3o e Vis\u00e3o Geral<\/h3>\n<p>Um cilindro de lan\u00e7a \u00e9 um tipo de cilindro hidr\u00e1ulico utilizado especificamente para controlar o movimento das ca\u00e7ambas em m\u00e1quinas pesadas. Sua principal fun\u00e7\u00e3o \u00e9 permitir que os operadores executem tarefas como escavar, levantar e transportar materiais com efici\u00eancia. Projetados para suportar alta press\u00e3o e cargas pesadas, esses cilindros s\u00e3o cruciais em sistemas hidr\u00e1ulicos, facilitando transi\u00e7\u00f5es suaves e aumentando a produtividade geral de m\u00e1quinas de constru\u00e7\u00e3o e agr\u00edcolas.<\/p>\n<h2>Principais caracter\u00edsticas do cilindro de lan\u00e7a<\/h2>\n<ul>\n<li><strong>Alta resist\u00eancia e durabilidade:<\/strong> Normalmente fabricados em a\u00e7o de alta resist\u00eancia ou alum\u00ednio, esses cilindros suportam alta press\u00e3o e cargas pesadas, sendo ideais para condi\u00e7\u00f5es de trabalho severas. S\u00e3o projetados com foco na resist\u00eancia ao desgaste e \u00e0 corros\u00e3o para prolongar sua vida \u00fatil.<\/li>\n<li><strong>Opera\u00e7\u00e3o hidr\u00e1ulica eficiente:<\/strong> A utiliza\u00e7\u00e3o da press\u00e3o do \u00f3leo hidr\u00e1ulico permite uma extens\u00e3o e retra\u00e7\u00e3o suaves, proporcionando uma resposta r\u00e1pida aos comandos do operador e capacidades poderosas de empurrar e puxar, ideais para manusear objetos pesados \u200b\u200be realizar tarefas complexas.<\/li>\n<li><strong>Tipos diversos:<\/strong> Dependendo das necessidades operacionais, os usu\u00e1rios podem escolher entre cilindros de a\u00e7\u00e3o simples (que utilizam press\u00e3o hidr\u00e1ulica em uma dire\u00e7\u00e3o) ou de a\u00e7\u00e3o dupla (que utilizam press\u00e3o hidr\u00e1ulica em ambas as dire\u00e7\u00f5es). Alguns modelos s\u00e3o telesc\u00f3picos, permitindo maior extens\u00e3o sem aumentar as dimens\u00f5es externas, sendo adequados para aplica\u00e7\u00f5es com espa\u00e7o limitado.<\/li>\n<li><strong>Fabrica\u00e7\u00e3o personalizada:<\/strong> Nossa empresa \u00e9 especializada na produ\u00e7\u00e3o de cilindros de lan\u00e7a de alta qualidade que podem substituir perfeitamente os cilindros hidr\u00e1ulicos existentes, garantindo compatibilidade e confiabilidade.<\/li>\n<li><strong>Design robusto:<\/strong> Projetados para oferecer alto desempenho e efici\u00eancia em diversas aplica\u00e7\u00f5es, nossos cilindros passam por rigorosos controles de qualidade para atender aos padr\u00f5es da ind\u00fastria.<\/li>\n<\/ul>\n<p><img decoding=\"async\" src=\"https:\/\/www.hydraulic-cylinders.net\/wp-content\/uploads\/2025\/04\/songte-cylinder-head-with-all-kinds-excavator-models.webp\" alt=\"Cabe\u00e7ote do cilindro com escavadeiras\" \/><\/p>\n<h2>Aplica\u00e7\u00f5es do Cilindro de Lan\u00e7a<\/h2>\n<h3>Equipamentos de constru\u00e7\u00e3o<\/h3>\n<p>Em equipamentos de constru\u00e7\u00e3o, como escavadeiras, os cilindros da lan\u00e7a desempenham um papel fundamental na escava\u00e7\u00e3o, carregamento e movimenta\u00e7\u00e3o de solo ou entulho. Eles facilitam o controle preciso necess\u00e1rio para atividades de abertura de valas e escava\u00e7\u00e3o, garantindo que o material possa ser manuseado com efici\u00eancia e com o m\u00ednimo esfor\u00e7o. A adaptabilidade dos cilindros da lan\u00e7a permite a utiliza\u00e7\u00e3o de diversos acess\u00f3rios, aumentando a versatilidade da m\u00e1quina.<\/p>\n<h3>Maquinaria agr\u00edcola<\/h3>\n<p>As p\u00e1s carregadeiras frontais equipadas com cilindros de lan\u00e7a se destacam em tarefas que envolvem a coleta, o levantamento e o transporte de terra, feno e outros materiais. Esses cilindros aumentam a efici\u00eancia das opera\u00e7\u00f5es agr\u00edcolas, permitindo que os agricultores movimentem materiais rapidamente, melhorando a produtividade e reduzindo os custos de m\u00e3o de obra. A natureza hidr\u00e1ulica do cilindro de lan\u00e7a fornece a pot\u00eancia de eleva\u00e7\u00e3o necess\u00e1ria, tornando essas tarefas mais f\u00e1ceis e eficientes.<\/p>\n<h3>Escavadeiras<\/h3>\n<p>Em escavadeiras, os cilindros da lan\u00e7a permitem que a ca\u00e7amba penetre no solo de forma eficaz, facilitando as opera\u00e7\u00f5es de escava\u00e7\u00e3o. O mecanismo hidr\u00e1ulico proporciona um movimento suave, garantindo que a escavadeira possa executar tarefas como abertura de valas e nivelamento com precis\u00e3o. O controle oferecido pelos cilindros da lan\u00e7a \u00e9 vital para que os operadores naveguem em terrenos desafiadores e executem opera\u00e7\u00f5es complexas.<\/p>\n<h3>Carregadores<\/h3>\n<p>Em carregadeiras frontais, os cilindros da lan\u00e7a auxiliam no levantamento e despejo eficientes de cargas. Sua capacidade de fornecer uma for\u00e7a de eleva\u00e7\u00e3o significativa permite o manuseio de materiais pesados, como cascalho e terra, com facilidade. O design eficiente desses cilindros hidr\u00e1ulicos garante que os operadores possam executar tarefas rapidamente, resultando em melhor fluxo de trabalho e maior produtividade nos canteiros de obras.<\/p>\n<h2>Considera\u00e7\u00f5es de design e crit\u00e9rios de sele\u00e7\u00e3o<\/h2>\n<h3>Capacidade de carga<\/h3>\n<p>A capacidade de carga de um cilindro de lan\u00e7a \u00e9 um dos fatores mais cr\u00edticos a serem considerados durante a fase de projeto. Ela deve ser avaliada com base nas aplica\u00e7\u00f5es espec\u00edficas para as quais o cilindro se destina. Uma capacidade de carga nominal adequada garante que o cilindro possa suportar com seguran\u00e7a as cargas m\u00e1ximas que encontrar\u00e1 durante as opera\u00e7\u00f5es. Os fabricantes frequentemente utilizam materiais avan\u00e7ados e t\u00e9cnicas de engenharia para garantir que seus cilindros atendam ou excedam as classifica\u00e7\u00f5es de carga exigidas.<\/p>\n<h3>Desempenho de veda\u00e7\u00e3o<\/h3>\n<p>O desempenho da veda\u00e7\u00e3o \u00e9 vital para manter a press\u00e3o hidr\u00e1ulica e evitar vazamentos de fluido. A sele\u00e7\u00e3o de veda\u00e7\u00f5es apropriadas, como veda\u00e7\u00f5es de pist\u00e3o e veda\u00e7\u00f5es de haste, feitas de materiais dur\u00e1veis \u200b\u200bcomo poliuretano ou borracha nitr\u00edlica, pode aumentar significativamente a confiabilidade e a vida \u00fatil dos cilindros da lan\u00e7a. A tecnologia de veda\u00e7\u00e3o adequada \u00e9 essencial para garantir uma opera\u00e7\u00e3o eficiente e minimizar as necessidades de manuten\u00e7\u00e3o.<\/p>\n<h3>Durabilidade<\/h3>\n<p>A durabilidade \u00e9 fundamental para os cilindros de lan\u00e7as, pois frequentemente operam em condi\u00e7\u00f5es exigentes. Fatores como flutua\u00e7\u00f5es de temperatura, exposi\u00e7\u00e3o a elementos ambientais agressivos e a natureza dos materiais manuseados podem impactar a vida \u00fatil dos cilindros hidr\u00e1ulicos. Portanto, a sele\u00e7\u00e3o criteriosa de materiais e o projeto de engenharia s\u00e3o cruciais para garantir que os cilindros suportem esses desafios sem falhas prematuras.<\/p>\n<h3>Recursos de seguran\u00e7a<\/h3>\n<p>Os recursos de seguran\u00e7a s\u00e3o parte integrante do projeto dos cilindros da lan\u00e7a. Esses recursos ajudam a prevenir acidentes e garantem a opera\u00e7\u00e3o segura de m\u00e1quinas pesadas. A implementa\u00e7\u00e3o de medidas de seguran\u00e7a, como v\u00e1lvulas de al\u00edvio de press\u00e3o, prote\u00e7\u00e3o contra sobrecarga e t\u00e9cnicas de montagem adequadas, pode reduzir significativamente o risco de les\u00f5es e danos ao equipamento durante a opera\u00e7\u00e3o. Os fabricantes devem priorizar a seguran\u00e7a em seus processos de projeto para proteger tanto os operadores quanto o equipamento.<\/p>\n<h3>Manuten\u00e7\u00e3o e reparabilidade<\/h3>\n<p>Projetar visando a manuten\u00e7\u00e3o e o reparo \u00e9 essencial para prolongar a vida \u00fatil dos cilindros da lan\u00e7a. O acesso a componentes-chave para inspe\u00e7\u00e3o e manuten\u00e7\u00e3o pode reduzir significativamente o tempo de inatividade e os custos associados \u00e0 manuten\u00e7\u00e3o. Recursos como veda\u00e7\u00f5es substitu\u00edveis, f\u00e1cil acesso \u00e0s portas hidr\u00e1ulicas e pontos de servi\u00e7o bem definidos devem ser considerados na fase de projeto para facilitar reparos eficientes e manuten\u00e7\u00e3o de rotina.<\/p>\n<p><img decoding=\"async\" src=\"https:\/\/www.hydraulic-cylinders.net\/wp-content\/uploads\/2025\/04\/songte-oil-pipes-and-spare-parts.webp\" alt=\"Tubos de \u00f3leo e pe\u00e7as de reposi\u00e7\u00e3o\" \/><\/p>\n<h2>Veda\u00e7\u00e3o e lubrifica\u00e7\u00e3o do cilindro<\/h2>\n<p>A utiliza\u00e7\u00e3o de diversos componentes de veda\u00e7\u00e3o, como veda\u00e7\u00f5es de pist\u00e3o e de haste, \u00e9 fundamental para o funcionamento eficaz dos cilindros da lan\u00e7a. Essas veda\u00e7\u00f5es s\u00e3o geralmente fabricadas com materiais resistentes \u00e0 abras\u00e3o, como poliuretano e borracha nitr\u00edlica, o que aumenta sua durabilidade e desempenho. Al\u00e9m disso, o corpo do cilindro e as extremidades roscadas devem passar por processos de usinagem precisos para melhorar a resist\u00eancia ao desgaste e garantir uma veda\u00e7\u00e3o adequada. A lubrifica\u00e7\u00e3o regular com \u00f3leo hidr\u00e1ulico \u00e9 essencial, pois n\u00e3o s\u00f3 reduz o atrito, como tamb\u00e9m previne a corros\u00e3o e ajuda a manter as temperaturas ideais de opera\u00e7\u00e3o. Garantir a manuten\u00e7\u00e3o adequada das veda\u00e7\u00f5es e dos sistemas de lubrifica\u00e7\u00e3o \u00e9 vital para o funcionamento confi\u00e1vel dos cilindros hidr\u00e1ulicos.<\/p>\n<h2>Medidas de Manuten\u00e7\u00e3o Preventiva<\/h2>\n<ul>\n<li><strong>Inspe\u00e7\u00f5es regulares:<\/strong> Realizar inspe\u00e7\u00f5es de rotina \u00e9 essencial para identificar poss\u00edveis desgastes ou danos no cilindro da lan\u00e7a. Verifique se h\u00e1 vazamentos, ru\u00eddos incomuns e quaisquer sinais de corros\u00e3o. A detec\u00e7\u00e3o precoce pode evitar problemas mais s\u00e9rios no futuro.<\/li>\n<li><strong>Lubrifica\u00e7\u00e3o adequada:<\/strong> Certifique-se de que os n\u00edveis de \u00f3leo hidr\u00e1ulico estejam adequados e que a troca seja feita conforme as recomenda\u00e7\u00f5es do fabricante. A lubrifica\u00e7\u00e3o adequada minimiza o atrito e o desgaste, prolongando a vida \u00fatil do cilindro.<\/li>\n<li><strong>Substitui\u00e7\u00f5es de veda\u00e7\u00f5es:<\/strong> Verifique e substitua as veda\u00e7\u00f5es regularmente, conforme necess\u00e1rio, para evitar vazamentos e manter a press\u00e3o hidr\u00e1ulica. Veda\u00e7\u00f5es desgastadas podem levar \u00e0 diminui\u00e7\u00e3o da efici\u00eancia e a poss\u00edveis danos ao cilindro.<\/li>\n<\/ul>\n<h2>Diretrizes de instala\u00e7\u00e3o<\/h2>\n<p>Para garantir a instala\u00e7\u00e3o correta do cilindro da lan\u00e7a, siga estes passos:<\/p>\n<ol>\n<li><strong>Prepara\u00e7\u00e3o:<\/strong> Re\u00fana todas as ferramentas e materiais necess\u00e1rios. Certifique-se de que a \u00e1rea de trabalho esteja limpa e livre de detritos.<\/li>\n<li><strong>Alinhamento:<\/strong> Alinhe corretamente o cilindro com os suportes de montagem. O desalinhamento pode causar tens\u00e3o excessiva e levar a falhas prematuras.<\/li>\n<li><strong>Montagem:<\/strong> Utilize suportes de montagem adequados para fixar o cilindro no lugar. Certifique-se de que todos os parafusos e fixadores estejam apertados de acordo com as especifica\u00e7\u00f5es do fabricante.<\/li>\n<li><strong>Conex\u00f5es hidr\u00e1ulicas:<\/strong> Conecte as mangueiras hidr\u00e1ulicas, certificando-se de que n\u00e3o haja vazamentos no sistema. Verifique todas as conex\u00f5es e acess\u00f3rios antes de prosseguir.<\/li>\n<li><strong>Teste:<\/strong> Ap\u00f3s a instala\u00e7\u00e3o, realize um teste funcional para garantir que o cilindro opere de forma suave e sem problemas. Monitore qualquer anormalidade durante a opera\u00e7\u00e3o.<\/li>\n<\/ol>\n<h2>Tarefas comuns de manuten\u00e7\u00e3o<\/h2>\n<h3>Inspe\u00e7\u00f5es regulares<\/h3>\n<p>Realizar inspe\u00e7\u00f5es regulares no cilindro da lan\u00e7a \u00e9 crucial para identificar problemas potenciais antes que se agravem. Isso inclui verificar sinais de desgaste, vazamentos e ru\u00eddos estranhos durante a opera\u00e7\u00e3o. Estabelecer um cronograma de inspe\u00e7\u00f5es de rotina ajuda a manter o desempenho ideal e prolonga a vida \u00fatil do cilindro.<\/p>\n<h3>Lubrifica\u00e7\u00e3o adequada<\/h3>\n<p>Garantir a lubrifica\u00e7\u00e3o adequada do cilindro da lan\u00e7a \u00e9 vital para o seu funcionamento. Verifique regularmente os n\u00edveis do fluido hidr\u00e1ulico e substitua-o conforme necess\u00e1rio. A lubrifica\u00e7\u00e3o adequada reduz o atrito, evita o superaquecimento e minimiza o desgaste dos componentes internos, aumentando a vida \u00fatil do cilindro.<\/p>\n<h3>Substitui\u00e7\u00e3o de selos e verifica\u00e7\u00f5es de calibra\u00e7\u00e3o<\/h3>\n<p>Veda\u00e7\u00f5es desgastadas podem causar vazamentos de fluido hidr\u00e1ulico e redu\u00e7\u00e3o do desempenho. Monitore regularmente a condi\u00e7\u00e3o das veda\u00e7\u00f5es e substitua-as quando necess\u00e1rio. Al\u00e9m disso, realize verifica\u00e7\u00f5es peri\u00f3dicas de calibra\u00e7\u00e3o para garantir que o cilindro opere com precis\u00e3o e efici\u00eancia, facilitando um desempenho suave em diversas tarefas.<\/p>\n<p><img decoding=\"async\" src=\"https:\/\/www.hydraulic-cylinders.net\/wp-content\/uploads\/2025\/04\/songte-chushion-collar.webp\" alt=\"Coleira almofadada\" \/><\/p>\n<h2>Considera\u00e7\u00f5es de seguran\u00e7a e fatores ambientais<\/h2>\n<p>Ao trabalhar com cilindros hidr\u00e1ulicos, as medidas de seguran\u00e7a s\u00e3o fundamentais. Os operadores devem ser treinados no uso correto dos equipamentos e na import\u00e2ncia do uso de equipamentos de prote\u00e7\u00e3o individual (EPI) para minimizar os riscos. Sess\u00f5es regulares de treinamento e a ades\u00e3o aos protocolos de seguran\u00e7a podem ajudar a reduzir acidentes de trabalho, garantindo a longevidade dos sistemas hidr\u00e1ulicos em uso. As considera\u00e7\u00f5es ambientais tamb\u00e9m desempenham um papel crucial no projeto e na opera\u00e7\u00e3o de cilindros hidr\u00e1ulicos. O uso de fluidos hidr\u00e1ulicos ecol\u00f3gicos e a implementa\u00e7\u00e3o de m\u00e9todos adequados de descarte de fluidos usados \u200b\u200bpodem reduzir significativamente o impacto ambiental das m\u00e1quinas hidr\u00e1ulicas.<\/p>\n<h2>Solu\u00e7\u00e3o de problemas comuns<\/h2>\n<h3>Identificando problemas comuns<\/h3>\n<ul>\n<li><strong>Vazamentos de fluidos:<\/strong> Um dos problemas mais comuns s\u00e3o os vazamentos de fluido hidr\u00e1ulico. Inspecione as veda\u00e7\u00f5es e conex\u00f5es para identificar a origem do vazamento.<\/li>\n<li><strong>Resposta lenta:<\/strong> Se o cilindro demorar a responder, pode haver um problema com o n\u00edvel do fluido hidr\u00e1ulico ou um bloqueio nas linhas.<\/li>\n<li><strong>Ru\u00eddos incomuns:<\/strong> Ru\u00eddos de rangido ou batida podem indicar desgaste ou danos internos, exigindo inspe\u00e7\u00e3o imediata.<\/li>\n<\/ul>\n<h3>Dicas para solu\u00e7\u00e3o de problemas<\/h3>\n<p>Para cada problema identificado, consulte as diretrizes do fabricante e siga estas etapas gerais de solu\u00e7\u00e3o de problemas:<\/p>\n<ol>\n<li>Verifique os n\u00edveis do fluido hidr\u00e1ulico e complete se necess\u00e1rio.<\/li>\n<li>Inspecione as veda\u00e7\u00f5es e conex\u00f5es quanto a desgaste ou danos e substitua-as conforme necess\u00e1rio.<\/li>\n<li>Certifique-se de que todas as conex\u00f5es estejam apertadas e seguras para evitar vazamentos.<\/li>\n<li>Consulte um t\u00e9cnico profissional para problemas internos ou reparos complexos.<\/li>\n<\/ol>\n<h3>Medidas preventivas<\/h3>\n<p>Para minimizar poss\u00edveis problemas, siga um cronograma de manuten\u00e7\u00e3o regular que inclua inspe\u00e7\u00f5es, lubrifica\u00e7\u00e3o e substitui\u00e7\u00e3o oportuna de veda\u00e7\u00f5es. Manter as condi\u00e7\u00f5es operacionais adequadas e garantir que o equipamento seja usado corretamente pode reduzir significativamente a probabilidade de problemas futuros.<\/p>\n<p><img decoding=\"async\" src=\"https:\/\/www.hydraulic-cylinders.net\/wp-content\/uploads\/2025\/04\/songte-bushings-with-all-kinds-of-excavator-models.webp\" alt=\"Buchas com Escavadeiras\" \/><\/p>\n<h2>Sobre nossa empresa<\/h2>\n<p>Somos um fabricante e distribuidor atacadista l\u00edder de cilindros hidr\u00e1ulicos, especializados em pe\u00e7as de reposi\u00e7\u00e3o. Nossa ampla gama de produtos nos posiciona como um player chave nos mercados nacional e internacional. Primamos pela excel\u00eancia em qualidade, alavancando uma estrat\u00e9gia de fabrica\u00e7\u00e3o refinada aliada a pr\u00e1ticas avan\u00e7adas de gest\u00e3o da produ\u00e7\u00e3o. Nossa equipe \u00e9 composta por pessoal t\u00e9cnico qualificado e utilizamos equipamentos de fabrica\u00e7\u00e3o de ponta e sistemas de teste profissionais para aprimorar continuamente nossos processos de produ\u00e7\u00e3o. Nosso compromisso com alta efici\u00eancia, precis\u00e3o e qualidade nos permite atender com efic\u00e1cia \u00e0s diversas necessidades de nossos clientes.<\/p>\n<h3>Experi\u00eancia profissional<\/h3>\n<p>Nossa equipe possui vasta experi\u00eancia na fabrica\u00e7\u00e3o de cilindros hidr\u00e1ulicos, garantindo que nossos produtos atendam aos padr\u00f5es internacionais. Oferecemos solu\u00e7\u00f5es personalizadas, adaptadas \u00e0s necessidades espec\u00edficas de cada cliente, aprimorando o desempenho e a adaptabilidade dos sistemas hidr\u00e1ulicos.<\/p>\n<h3>Certifica\u00e7\u00f5es Internacionais<\/h3>\n<p>Todos os nossos produtos s\u00e3o certificados por normas internacionais de qualidade, garantindo que nossos clientes recebam cilindros hidr\u00e1ulicos confi\u00e1veis \u200b\u200be dur\u00e1veis. Priorizamos o cumprimento das normas de seguran\u00e7a e efici\u00eancia em n\u00edvel global.<\/p>\n<h3>Servi\u00e7os personalizados<\/h3>\n<p>Entendemos que cada cliente pode ter necessidades espec\u00edficas; por isso, oferecemos servi\u00e7os de fabrica\u00e7\u00e3o personalizados. Seja um tamanho, design ou funcionalidade espec\u00edficos, nossa equipe est\u00e1 preparada para fornecer solu\u00e7\u00f5es sob medida.<\/p>\n<h3>Equipamentos de produ\u00e7\u00e3o<\/h3>\n<p>Nossos equipamentos de produ\u00e7\u00e3o de \u00faltima gera\u00e7\u00e3o nos permitem manter altos padr\u00f5es de qualidade e precis\u00e3o na fabrica\u00e7\u00e3o. Estamos comprometidos com o investimento cont\u00ednuo em tecnologia para aprimorar nossas capacidades de produ\u00e7\u00e3o.<\/p>\n<h3>Suporte p\u00f3s-venda<\/h3>\n<p>Acreditamos na constru\u00e7\u00e3o de relacionamentos de longo prazo com nossos clientes, e nosso suporte p\u00f3s-venda \u00e9 a prova disso. Nossa equipe est\u00e1 dispon\u00edvel para assist\u00eancia, orienta\u00e7\u00e3o e servi\u00e7os, garantindo que nossos clientes obtenham o m\u00e1ximo de seus cilindros hidr\u00e1ulicos.<\/p>\n<p><img decoding=\"async\" src=\"https:\/\/www.hydraulic-cylinders.net\/wp-content\/uploads\/2025\/04\/songte-company-4.webp\" alt=\"Vis\u00e3o geral da empresa\" \/><br \/>\n<img decoding=\"async\" src=\"https:\/\/www.hydraulic-cylinders.net\/wp-content\/uploads\/2025\/04\/songte-company-3.webp\" alt=\"Recursos da empresa\" \/><\/p>\n<p>Autor: lyl<\/p>","protected":false},"excerpt":{"rendered":"<p>Boom Cylinder For NHIG 3306LC Introduction to Boom Cylinder The boom cylinder, specifically designed for the NHIG 3306LC, is a vital hydraulic component used in heavy machinery such as excavators, backhoe loaders, and front loaders. This hydraulic cylinder enables the controlled movement of the boom, allowing for precise lifting, lowering, and tilting of the bucket. [&hellip;]<\/p>","protected":false},"featured_media":17867,"comment_status":"open","ping_status":"closed","template":"","meta":{"_et_pb_use_builder":"","_et_pb_old_content":"","_et_gb_content_width":""},"product_brand":[],"product_cat":[1546],"product_tag":[1547,1496],"class_list":{"0":"post-19664","1":"product","2":"type-product","3":"status-publish","4":"has-post-thumbnail","6":"product_cat-boom-cylinders","7":"product_tag-boom-cylinders","8":"product_tag-hydraulic-cylinders","10":"first","11":"instock","12":"shipping-taxable","13":"product-type-simple"},"amp_enabled":true,"_links":{"self":[{"href":"https:\/\/www.hydraulic-cylinders.net\/pt\/wp-json\/wp\/v2\/product\/19664","targetHints":{"allow":["GET"]}}],"collection":[{"href":"https:\/\/www.hydraulic-cylinders.net\/pt\/wp-json\/wp\/v2\/product"}],"about":[{"href":"https:\/\/www.hydraulic-cylinders.net\/pt\/wp-json\/wp\/v2\/types\/product"}],"replies":[{"embeddable":true,"href":"https:\/\/www.hydraulic-cylinders.net\/pt\/wp-json\/wp\/v2\/comments?post=19664"}],"wp:featuredmedia":[{"embeddable":true,"href":"https:\/\/www.hydraulic-cylinders.net\/pt\/wp-json\/wp\/v2\/media\/17867"}],"wp:attachment":[{"href":"https:\/\/www.hydraulic-cylinders.net\/pt\/wp-json\/wp\/v2\/media?parent=19664"}],"wp:term":[{"taxonomy":"product_brand","embeddable":true,"href":"https:\/\/www.hydraulic-cylinders.net\/pt\/wp-json\/wp\/v2\/product_brand?post=19664"},{"taxonomy":"product_cat","embeddable":true,"href":"https:\/\/www.hydraulic-cylinders.net\/pt\/wp-json\/wp\/v2\/product_cat?post=19664"},{"taxonomy":"product_tag","embeddable":true,"href":"https:\/\/www.hydraulic-cylinders.net\/pt\/wp-json\/wp\/v2\/product_tag?post=19664"}],"curies":[{"name":"wp","href":"https:\/\/api.w.org\/{rel}","templated":true}]}}