{"id":19673,"date":"2025-04-07T07:01:03","date_gmt":"2025-04-07T07:01:03","guid":{"rendered":"https:\/\/www.hydraulic-cylinders.net\/product\/boom-cylinder-for-baoding-wy65-6\/"},"modified":"2025-04-07T07:01:06","modified_gmt":"2025-04-07T07:01:06","slug":"boom-cylinder-for-baoding-wy65-6","status":"publish","type":"product","link":"https:\/\/www.hydraulic-cylinders.net\/pt\/produto\/boom-cylinder-for-baoding-wy65-6\/","title":{"rendered":"Cilindro da lan\u00e7a para Baoding WY65-6"},"content":{"rendered":"<h1>Cilindro da lan\u00e7a para Baoding WY65-6<\/h1>\n<h2>Vis\u00e3o geral do produto<\/h2>\n<p>O cilindro da lan\u00e7a para Baoding WY65-6 \u00e9 um cilindro hidr\u00e1ulico especializado, projetado para controlar o movimento da ca\u00e7amba em m\u00e1quinas pesadas, como escavadeiras, retroescavadeiras e p\u00e1s carregadeiras. Este cilindro hidr\u00e1ulico permite que a ca\u00e7amba suba, des\u00e7a e incline com efici\u00eancia, facilitando diversas tarefas de movimenta\u00e7\u00e3o de materiais. O cilindro da ca\u00e7amba \u00e9 um componente essencial dos sistemas hidr\u00e1ulicos, pois converte energia hidr\u00e1ulica em energia mec\u00e2nica, permitindo movimentos suaves e controlados em equipamentos de constru\u00e7\u00e3o e agr\u00edcolas.<\/p>\n<p><img decoding=\"async\" src=\"https:\/\/www.hydraulic-cylinders.net\/wp-content\/uploads\/2025\/04\/songte-company-1.webp\" alt=\"Cilindro de lan\u00e7a\" \/><\/p>\n<h2>Principais caracter\u00edsticas<\/h2>\n<ul>\n<li><strong>Alta resist\u00eancia e durabilidade:<\/strong> Fabricado em a\u00e7o ou alum\u00ednio de alta resist\u00eancia, capaz de suportar alta press\u00e3o e cargas pesadas. Projetado para resist\u00eancia ao desgaste e prote\u00e7\u00e3o contra corros\u00e3o, prolongando sua vida \u00fatil.<\/li>\n<li><strong>Opera\u00e7\u00e3o hidr\u00e1ulica eficiente:<\/strong> Utiliza press\u00e3o de \u00f3leo hidr\u00e1ulico para extens\u00e3o e retra\u00e7\u00e3o suaves, permitindo respostas r\u00e1pidas aos comandos de controle e fornecendo forte for\u00e7a de tra\u00e7\u00e3o e compress\u00e3o para lidar com tarefas pesadas e complexas.<\/li>\n<li><strong>Tipos diversos:<\/strong> Dispon\u00edvel em configura\u00e7\u00f5es de a\u00e7\u00e3o simples (sistema hidr\u00e1ulico em uma dire\u00e7\u00e3o) ou de a\u00e7\u00e3o dupla (sistema hidr\u00e1ulico em ambas as dire\u00e7\u00f5es) para atender a diversas necessidades operacionais. Alguns modelos apresentam design telesc\u00f3pico para maior alcance sem aumentar o tamanho, sendo ideais para aplica\u00e7\u00f5es com espa\u00e7o limitado.<\/li>\n<li><strong>Fabrica\u00e7\u00e3o personalizada:<\/strong> Nossa capacidade de produ\u00e7\u00e3o nos permite fabricar este produto, garantindo uma substitui\u00e7\u00e3o perfeita para diversos cilindros hidr\u00e1ulicos dispon\u00edveis no mercado.<\/li>\n<li><strong>Controle de Qualidade Abrangente:<\/strong> Cada cilindro passa por testes rigorosos para garantir que atenda aos altos padr\u00f5es de qualidade em termos de confiabilidade e desempenho.<\/li>\n<\/ul>\n<p><img decoding=\"async\" src=\"https:\/\/www.hydraulic-cylinders.net\/wp-content\/uploads\/2025\/04\/songte-cylinder-head-with-all-kinds-excavator-models.webp\" alt=\"Op\u00e7\u00f5es de cilindro hidr\u00e1ulico\" \/><\/p>\n<h2>Cen\u00e1rios de Aplica\u00e7\u00e3o<\/h2>\n<h3>Equipamentos de constru\u00e7\u00e3o<\/h3>\n<p>Em escavadeiras, os cilindros da lan\u00e7a s\u00e3o cruciais para escavar, carregar e movimentar terra ou entulho. Eles fornecem a for\u00e7a necess\u00e1ria para levantar cargas pesadas e s\u00e3o parte integrante da opera\u00e7\u00e3o da m\u00e1quina. Em retroescavadeiras, eles auxiliam tanto na escava\u00e7\u00e3o quanto no levantamento, tornando-as vers\u00e1teis para diversas tarefas.<\/p>\n<h3>Maquinaria agr\u00edcola<\/h3>\n<p>Em p\u00e1s carregadeiras frontais, os cilindros da lan\u00e7a s\u00e3o usados \u200b\u200bpara escavar, levantar e transportar terra, feno e outros materiais. Seu desempenho confi\u00e1vel garante processos de carga e descarga eficientes, aumentando a produtividade em fazendas e canteiros de obras.<\/p>\n<h3>Escavadeiras<\/h3>\n<p>O cilindro da lan\u00e7a permite que a ca\u00e7amba penetre no solo de forma eficaz, facilitando as opera\u00e7\u00f5es de escava\u00e7\u00e3o. Essa capacidade \u00e9 essencial tanto para projetos de constru\u00e7\u00e3o quanto de demoli\u00e7\u00e3o, onde \u00e9 necess\u00e1ria uma escava\u00e7\u00e3o precisa.<\/p>\n<h3>Carregadores<\/h3>\n<p>Em carregadeiras frontais, os cilindros da lan\u00e7a s\u00e3o fundamentais para levantar e despejar materiais com efici\u00eancia. Eles permitem que os operadores manuseiem materiais a granel com facilidade, aumentando a funcionalidade e a efici\u00eancia da carregadeira.<\/p>\n<h2>Considera\u00e7\u00f5es de design e crit\u00e9rios de sele\u00e7\u00e3o<\/h2>\n<h3>Capacidade de carga<\/h3>\n<p>A capacidade de carga de um cilindro hidr\u00e1ulico \u00e9 um fator primordial na sele\u00e7\u00e3o de um cilindro para lan\u00e7a. Ele deve ser capaz de suportar a carga m\u00e1xima esperada durante a opera\u00e7\u00e3o, sem comprometer a seguran\u00e7a ou o desempenho. Os fabricantes utilizam materiais de alta resist\u00eancia e projetos robustos para garantir que at\u00e9 mesmo as cargas mais pesadas possam ser gerenciadas com efic\u00e1cia. Um cilindro com a capacidade de carga correta n\u00e3o s\u00f3 ter\u00e1 um desempenho melhor, como tamb\u00e9m aumentar\u00e1 a vida \u00fatil da m\u00e1quina.<\/p>\n<h3>Sistemas de Veda\u00e7\u00e3o<\/h3>\n<p>A efici\u00eancia e a vida \u00fatil de um cilindro hidr\u00e1ulico s\u00e3o significativamente influenciadas por seus sistemas de veda\u00e7\u00e3o. Veda\u00e7\u00f5es de alta qualidade devem ser utilizadas para evitar vazamentos e contamina\u00e7\u00e3o do fluido hidr\u00e1ulico. Materiais como poliuretano e borracha nitr\u00edlica s\u00e3o preferidos devido \u00e0 sua durabilidade e resist\u00eancia ao desgaste. Uma veda\u00e7\u00e3o adequada \u00e9 essencial para manter a press\u00e3o do sistema e garantir o funcionamento suave do cilindro.<\/p>\n<h3>Durabilidade<\/h3>\n<p>A durabilidade \u00e9 outro fator cr\u00edtico na sele\u00e7\u00e3o de cilindros hidr\u00e1ulicos. Os componentes devem suportar ambientes de trabalho severos, incluindo temperaturas extremas, poeira e umidade. Os fabricantes normalmente utilizam revestimentos e tratamentos avan\u00e7ados para melhorar a resist\u00eancia \u00e0 corros\u00e3o e as caracter\u00edsticas de desgaste dos cilindros hidr\u00e1ulicos, garantindo que permane\u00e7am funcionais ao longo do tempo, mesmo em condi\u00e7\u00f5es adversas.<\/p>\n<h3>Recursos de seguran\u00e7a<\/h3>\n<p>A seguran\u00e7a \u00e9 fundamental no projeto dos cilindros da lan\u00e7a. Recursos como v\u00e1lvulas de al\u00edvio de press\u00e3o e tampas robustas ajudam a prevenir falhas catastr\u00f3ficas. \u00c9 crucial que os operadores estejam cientes das medidas de seguran\u00e7a e garantam que todos os sistemas instalados estejam funcionando corretamente para evitar acidentes durante a opera\u00e7\u00e3o.<\/p>\n<h3>Acessibilidade de Manuten\u00e7\u00e3o<\/h3>\n<p>Projetar cilindros hidr\u00e1ulicos com foco na manuten\u00e7\u00e3o facilita o acesso para inspe\u00e7\u00f5es, reparos e substitui\u00e7\u00f5es. Essa considera\u00e7\u00e3o reduz o tempo de inatividade e melhora a produtividade geral. Elementos de projeto como tampas remov\u00edveis e pontos de lubrifica\u00e7\u00e3o de f\u00e1cil acesso podem aumentar significativamente a efici\u00eancia da manuten\u00e7\u00e3o.<\/p>\n<p><img decoding=\"async\" src=\"https:\/\/www.hydraulic-cylinders.net\/wp-content\/uploads\/2025\/04\/songte-oil-pipes-and-spare-parts.webp\" alt=\"Pe\u00e7as de reposi\u00e7\u00e3o\" \/><\/p>\n<h2>Veda\u00e7\u00e3o e Lubrifica\u00e7\u00e3o<\/h2>\n<p>A veda\u00e7\u00e3o e a lubrifica\u00e7\u00e3o eficazes s\u00e3o vitais para o desempenho dos cilindros hidr\u00e1ulicos. Diversos componentes de veda\u00e7\u00e3o, incluindo veda\u00e7\u00f5es de pist\u00e3o e de haste, desempenham um papel crucial na preven\u00e7\u00e3o de vazamentos e na manuten\u00e7\u00e3o da press\u00e3o. A sele\u00e7\u00e3o de veda\u00e7\u00f5es fabricadas com materiais dur\u00e1veis, como poliuretano e borracha nitr\u00edlica, garante sua resist\u00eancia ao desgaste e aos fatores ambientais. O corpo do cilindro e as extremidades roscadas passam por usinagem de precis\u00e3o para aumentar a resist\u00eancia ao desgaste. A lubrifica\u00e7\u00e3o regular com \u00f3leo hidr\u00e1ulico \u00e9 essencial para minimizar o atrito e prolongar a vida \u00fatil dos componentes hidr\u00e1ulicos, garantindo seu funcionamento suave ao longo do tempo.<\/p>\n<h2>Medidas de Manuten\u00e7\u00e3o Preventiva<\/h2>\n<ul>\n<li><strong>Inspe\u00e7\u00f5es regulares:<\/strong> Realize verifica\u00e7\u00f5es frequentes no sistema hidr\u00e1ulico para detectar quaisquer sinais de vazamentos, desgaste ou danos. A detec\u00e7\u00e3o precoce de problemas pode evitar problemas mais graves no futuro.<\/li>\n<li><strong>Lubrifica\u00e7\u00e3o adequada:<\/strong> Assegure-se de que os n\u00edveis de \u00f3leo hidr\u00e1ulico sejam mantidos e que a lubrifica\u00e7\u00e3o seja realizada conforme as recomenda\u00e7\u00f5es do fabricante para manter o sistema funcionando de forma otimizada.<\/li>\n<li><strong>Substitui\u00e7\u00e3o da veda\u00e7\u00e3o:<\/strong> Avalie regularmente o estado das veda\u00e7\u00f5es e substitua-as quando surgirem sinais de desgaste. Uma veda\u00e7\u00e3o adequada \u00e9 crucial para manter a integridade e a efici\u00eancia do sistema hidr\u00e1ulico.<\/li>\n<\/ul>\n<h2>Diretrizes de instala\u00e7\u00e3o<\/h2>\n<p>A instala\u00e7\u00e3o correta do cilindro da lan\u00e7a \u00e9 essencial para o desempenho ideal. Comece certificando-se de que a \u00e1rea de instala\u00e7\u00e3o esteja limpa e livre de detritos. Alinhe o cilindro com precis\u00e3o com os suportes de montagem, garantindo que esteja firmemente fixado. Recomenda-se o uso de suportes de montagem adequados para proporcionar estabilidade e apoio durante a opera\u00e7\u00e3o. Verifique se as linhas hidr\u00e1ulicas est\u00e3o conectadas corretamente e sem vazamentos. Por fim, ap\u00f3s a instala\u00e7\u00e3o, realize uma verifica\u00e7\u00e3o completa de todo o sistema para garantir que n\u00e3o haja problemas antes de coloc\u00e1-lo em opera\u00e7\u00e3o.<\/p>\n<h2>Tarefas comuns de manuten\u00e7\u00e3o<\/h2>\n<ul>\n<li><strong>Verifica\u00e7\u00f5es regulares:<\/strong> Realize inspe\u00e7\u00f5es de rotina para identificar quaisquer problemas potenciais precocemente. Verifica\u00e7\u00f5es regulares ajudam a manter a integridade do sistema e prolongam a vida \u00fatil dos componentes hidr\u00e1ulicos.<\/li>\n<li><strong>Lubrifica\u00e7\u00e3o adequada:<\/strong> Lubrifique as pe\u00e7as m\u00f3veis conforme as instru\u00e7\u00f5es para garantir um funcionamento suave. A lubrifica\u00e7\u00e3o adequada reduz o desgaste dos componentes, melhorando o desempenho.<\/li>\n<li><strong>Substitui\u00e7\u00e3o da veda\u00e7\u00e3o:<\/strong> Programe verifica\u00e7\u00f5es e substitui\u00e7\u00f5es regulares das veda\u00e7\u00f5es, conforme necess\u00e1rio. Veda\u00e7\u00f5es bem conservadas evitam vazamentos e mant\u00eam a press\u00e3o do sistema, o que \u00e9 crucial para o seu funcionamento eficaz.<\/li>\n<\/ul>\n<h2>Considera\u00e7\u00f5es de seguran\u00e7a e fatores ambientais<\/h2>\n<p>Ao lidar com sistemas hidr\u00e1ulicos, a implementa\u00e7\u00e3o de medidas de seguran\u00e7a \u00e9 imprescind\u00edvel. Os operadores devem ser treinados na opera\u00e7\u00e3o segura de m\u00e1quinas hidr\u00e1ulicas para minimizar acidentes. Auditorias de seguran\u00e7a regulares e a ades\u00e3o a protocolos de seguran\u00e7a podem reduzir significativamente os riscos. Al\u00e9m disso, as considera\u00e7\u00f5es ambientais desempenham um papel vital; o gerenciamento eficaz de vazamentos de \u00f3leo hidr\u00e1ulico e o descarte adequado de veda\u00e7\u00f5es e componentes desgastados contribuem para um ambiente mais seguro.<\/p>\n<h2>Solu\u00e7\u00e3o de problemas e problemas comuns<\/h2>\n<ul>\n<li><strong>Vazamento:<\/strong> Se houver uma queda percept\u00edvel nos n\u00edveis de fluido hidr\u00e1ulico, inspecione as veda\u00e7\u00f5es e conex\u00f5es em busca de vazamentos. Apertar as conex\u00f5es ou substituir as veda\u00e7\u00f5es pode resolver o problema.<\/li>\n<li><strong>Desempenho ruim:<\/strong> Se o funcionamento do cilindro estiver lento, verifique os n\u00edveis e a qualidade do \u00f3leo hidr\u00e1ulico. A contamina\u00e7\u00e3o pode exigir a troca do \u00f3leo e a limpeza do sistema.<\/li>\n<li><strong>Opera\u00e7\u00e3o ruidosa:<\/strong> Ru\u00eddos incomuns podem indicar danos internos ou falta de lubrifica\u00e7\u00e3o. Inspecione o cilindro em busca de sinais de desgaste e certifique-se de que a lubrifica\u00e7\u00e3o esteja adequada.<\/li>\n<\/ul>\n<p>A resolu\u00e7\u00e3o imediata desses problemas pode ajudar a manter a efici\u00eancia do sistema e prolongar a vida \u00fatil dos componentes hidr\u00e1ulicos.<\/p>\n<p><img decoding=\"async\" src=\"https:\/\/www.hydraulic-cylinders.net\/wp-content\/uploads\/2025\/04\/songte-bushings-with-all-kinds-of-excavator-models.webp\" alt=\"Buchas hidr\u00e1ulicas\" \/><\/p>\n<h2>Vis\u00e3o geral da empresa<\/h2>\n<p>Somos um dos principais fabricantes e distribuidores de cilindros hidr\u00e1ulicos de reposi\u00e7\u00e3o, oferecendo uma gama completa de produtos tanto no mercado nacional quanto internacional. Nosso compromisso com a excel\u00eancia em qualidade \u00e9 respaldado por uma estrat\u00e9gia de gest\u00e3o de produ\u00e7\u00e3o refinada. Ao alavancar tecnologias de fabrica\u00e7\u00e3o avan\u00e7adas e contar com pessoal qualificado, aprimoramos continuamente nossos processos de produ\u00e7\u00e3o. Nossos robustos sistemas de garantia da qualidade asseguram que atendemos \u00e0s diversas necessidades de nossos clientes, mantendo altos padr\u00f5es de efici\u00eancia, precis\u00e3o e qualidade.<\/p>\n<p><img decoding=\"async\" src=\"https:\/\/www.hydraulic-cylinders.net\/wp-content\/uploads\/2025\/04\/songte-company-4.webp\" alt=\"Vis\u00e3o geral da empresa\" \/><br \/>\n<img decoding=\"async\" src=\"https:\/\/www.hydraulic-cylinders.net\/wp-content\/uploads\/2025\/04\/songte-company-3.webp\" alt=\"Instala\u00e7\u00f5es de fabrica\u00e7\u00e3o\" \/><\/p>\n<p>Nossa compet\u00eancia profissional, certifica\u00e7\u00f5es internacionais, servi\u00e7os personalizados, equipamentos de produ\u00e7\u00e3o de \u00faltima gera\u00e7\u00e3o e excepcional suporte p\u00f3s-venda nos diferenciam no setor. Priorizamos a satisfa\u00e7\u00e3o do cliente e nos esfor\u00e7amos para entregar produtos que atendam aos mais altos padr\u00f5es.<\/p>\n<p>Autor: lyl<\/p>","protected":false},"excerpt":{"rendered":"<p>Boom Cylinder For Baoding WY65-6 Product Overview The Boom Cylinder for Baoding WY65-6 is a specialized hydraulic cylinder designed to control the movement of buckets in heavy machinery such as excavators, backhoe loaders, and front-end loaders. This hydraulic cylinder enables the bucket to lift, lower, and tilt efficiently, facilitating various material handling tasks. The bucket [&hellip;]<\/p>","protected":false},"featured_media":17876,"comment_status":"open","ping_status":"closed","template":"","meta":{"_et_pb_use_builder":"","_et_pb_old_content":"","_et_gb_content_width":""},"product_brand":[],"product_cat":[1546],"product_tag":[1547,1496],"class_list":{"0":"post-19673","1":"product","2":"type-product","3":"status-publish","4":"has-post-thumbnail","6":"product_cat-boom-cylinders","7":"product_tag-boom-cylinders","8":"product_tag-hydraulic-cylinders","10":"first","11":"instock","12":"shipping-taxable","13":"product-type-simple"},"amp_enabled":true,"_links":{"self":[{"href":"https:\/\/www.hydraulic-cylinders.net\/pt\/wp-json\/wp\/v2\/product\/19673","targetHints":{"allow":["GET"]}}],"collection":[{"href":"https:\/\/www.hydraulic-cylinders.net\/pt\/wp-json\/wp\/v2\/product"}],"about":[{"href":"https:\/\/www.hydraulic-cylinders.net\/pt\/wp-json\/wp\/v2\/types\/product"}],"replies":[{"embeddable":true,"href":"https:\/\/www.hydraulic-cylinders.net\/pt\/wp-json\/wp\/v2\/comments?post=19673"}],"wp:featuredmedia":[{"embeddable":true,"href":"https:\/\/www.hydraulic-cylinders.net\/pt\/wp-json\/wp\/v2\/media\/17876"}],"wp:attachment":[{"href":"https:\/\/www.hydraulic-cylinders.net\/pt\/wp-json\/wp\/v2\/media?parent=19673"}],"wp:term":[{"taxonomy":"product_brand","embeddable":true,"href":"https:\/\/www.hydraulic-cylinders.net\/pt\/wp-json\/wp\/v2\/product_brand?post=19673"},{"taxonomy":"product_cat","embeddable":true,"href":"https:\/\/www.hydraulic-cylinders.net\/pt\/wp-json\/wp\/v2\/product_cat?post=19673"},{"taxonomy":"product_tag","embeddable":true,"href":"https:\/\/www.hydraulic-cylinders.net\/pt\/wp-json\/wp\/v2\/product_tag?post=19673"}],"curies":[{"name":"wp","href":"https:\/\/api.w.org\/{rel}","templated":true}]}}