{"id":19682,"date":"2025-04-07T07:01:29","date_gmt":"2025-04-07T07:01:29","guid":{"rendered":"https:\/\/www.hydraulic-cylinders.net\/product\/boom-cylinder-for-baoding-wy75-7\/"},"modified":"2025-04-07T07:01:32","modified_gmt":"2025-04-07T07:01:32","slug":"boom-cylinder-for-baoding-wy75-7","status":"publish","type":"product","link":"https:\/\/www.hydraulic-cylinders.net\/pt\/produto\/boom-cylinder-for-baoding-wy75-7\/","title":{"rendered":"Cilindro da lan\u00e7a para Baoding WY75-7"},"content":{"rendered":"<h1>Cilindro da lan\u00e7a para Baoding WY75-7<\/h1>\n<h2>Vis\u00e3o geral do produto<\/h2>\n<p>O cilindro da lan\u00e7a para Baoding WY75-7 \u00e9 um cilindro hidr\u00e1ulico especializado, projetado para controlar o movimento das ca\u00e7ambas em diversas m\u00e1quinas pesadas, como escavadeiras, retroescavadeiras e p\u00e1s carregadeiras. Este cilindro hidr\u00e1ulico facilita o levantamento, o abaixamento e a inclina\u00e7\u00e3o da ca\u00e7amba, permitindo a movimenta\u00e7\u00e3o eficiente de materiais.<\/p>\n<p><img decoding=\"async\" src=\"https:\/\/www.hydraulic-cylinders.net\/wp-content\/uploads\/2025\/04\/songte-company-1.webp\" alt=\"Cilindro de lan\u00e7a\"><\/p>\n<h3>Compreendendo os cilindros de ca\u00e7amba<\/h3>\n<p>Os cilindros de ca\u00e7amba s\u00e3o componentes essenciais em sistemas hidr\u00e1ulicos, fornecendo a for\u00e7a necess\u00e1ria para executar tarefas cr\u00edticas em m\u00e1quinas de constru\u00e7\u00e3o e agr\u00edcolas. Esses cilindros utilizam fluido hidr\u00e1ulico para gerar movimento, permitindo que os operadores realizem uma ampla gama de tarefas com efici\u00eancia. O projeto desses cilindros \u00e9 crucial para seu desempenho, tornando-os confi\u00e1veis \u200b\u200bpara aplica\u00e7\u00f5es exigentes.<\/p>\n<h2>Principais caracter\u00edsticas do cilindro de lan\u00e7a<\/h2>\n<ul>\n<li><strong>Alta resist\u00eancia e durabilidade:<\/strong> Fabricados em a\u00e7o ou alum\u00ednio de alta resist\u00eancia, esses cilindros suportam alta press\u00e3o e cargas pesadas, tornando-os adequados para ambientes de trabalho severos.<\/li>\n<li><strong>Opera\u00e7\u00e3o hidr\u00e1ulica eficiente:<\/strong> Utilizando press\u00e3o de \u00f3leo hidr\u00e1ulico para extens\u00e3o e retra\u00e7\u00e3o suaves, respondem rapidamente aos comandos de controle e fornecem for\u00e7as de empurrar e puxar poderosas, ideais para manusear objetos pesados.<\/li>\n<li><strong>Tipos diversos:<\/strong> Dispon\u00edveis em configura\u00e7\u00f5es de a\u00e7\u00e3o simples (opera em uma dire\u00e7\u00e3o) ou de a\u00e7\u00e3o dupla (opera em ambas as dire\u00e7\u00f5es), elas podem atender a diversos requisitos operacionais, com alguns modelos apresentando designs telesc\u00f3picos para maior alcance em espa\u00e7os confinados.<\/li>\n<li><strong>Sistema de veda\u00e7\u00e3o otimizado:<\/strong> Projetado com tecnologias de veda\u00e7\u00e3o avan\u00e7adas para evitar vazamentos e garantir um desempenho ideal ao longo do tempo.<\/li>\n<li><strong>Op\u00e7\u00f5es de personaliza\u00e7\u00e3o:<\/strong> Nossos produtos podem substituir perfeitamente os cilindros hidr\u00e1ulicos existentes, oferecendo solu\u00e7\u00f5es personalizadas para necessidades espec\u00edficas de m\u00e1quinas.<\/li>\n<\/ul>\n<p><img decoding=\"async\" src=\"https:\/\/www.hydraulic-cylinders.net\/wp-content\/uploads\/2025\/04\/songte-cylinder-head-with-all-kinds-excavator-models.webp\" alt=\"Modelos de cilindros de lan\u00e7a\"><\/p>\n<h2>Aplica\u00e7\u00f5es do Cilindro de Lan\u00e7a<\/h2>\n<h3>Equipamentos de constru\u00e7\u00e3o<\/h3>\n<p>Em escavadeiras, os cilindros da lan\u00e7a desempenham um papel fundamental na escava\u00e7\u00e3o, carregamento e movimenta\u00e7\u00e3o de solo ou entulho. Eles fornecem a pot\u00eancia necess\u00e1ria para elevar a ca\u00e7amba, permitindo uma escava\u00e7\u00e3o na profundidade ideal e facilitando o transporte eficiente de materiais. Em retroescavadeiras, o cilindro da ca\u00e7amba auxilia tanto nas tarefas de escava\u00e7\u00e3o quanto nas de eleva\u00e7\u00e3o, aumentando a produtividade geral em canteiros de obras.<\/p>\n<h3>Maquinaria agr\u00edcola<\/h3>\n<p>Em carregadeiras frontais, o cilindro da lan\u00e7a \u00e9 essencial para escavar, levantar e transportar terra, feno e diversos materiais. O acionamento hidr\u00e1ulico permite um controle preciso, facilitando o manuseio de cargas pesadas e a execu\u00e7\u00e3o de tarefas com exatid\u00e3o, reduzindo assim o tempo operacional e os custos de m\u00e3o de obra.<\/p>\n<h3>Processos de Escava\u00e7\u00e3o<\/h3>\n<p>O cilindro da lan\u00e7a permite que as escavadeiras penetrem no solo com efic\u00e1cia. Ao permitir que a ca\u00e7amba escave o solo, ele maximiza a capacidade da m\u00e1quina de remover terra e detritos rapidamente, tornando-se um componente fundamental para trabalhos de escava\u00e7\u00e3o.<\/p>\n<h3>Fun\u00e7\u00f5es do carregador<\/h3>\n<p>Em carregadeiras frontais, os cilindros da lan\u00e7a auxiliam no levantamento e despejo de cargas com efici\u00eancia. Seu sistema hidr\u00e1ulico permite que os operadores executem tarefas como movimenta\u00e7\u00e3o de materiais, remo\u00e7\u00e3o de entulhos e carregamento de caminh\u00f5es com o m\u00ednimo esfor\u00e7o, aumentando a efici\u00eancia no local de trabalho.<\/p>\n<h2>Considera\u00e7\u00f5es de design e crit\u00e9rios de sele\u00e7\u00e3o<\/h2>\n<h3>Capacidade de carga<\/h3>\n<p>Ao selecionar um cilindro para lan\u00e7a, um dos fatores mais cruciais a considerar \u00e9 sua capacidade de carga. O cilindro deve ser capaz de suportar as cargas esperadas sem risco de falha. Os engenheiros geralmente avaliam a for\u00e7a m\u00e1xima que o cilindro deve exercer, levando em conta o peso da carga \u00fatil e as condi\u00e7\u00f5es adversas de opera\u00e7\u00e3o para garantir confiabilidade e desempenho.<\/p>\n<h3>Desempenho de veda\u00e7\u00e3o<\/h3>\n<p>O sistema de veda\u00e7\u00e3o de um cilindro hidr\u00e1ulico \u00e9 vital para o seu funcionamento. As veda\u00e7\u00f5es devem impedir eficazmente vazamentos de fluido, suportando altas press\u00f5es e varia\u00e7\u00f5es de temperatura. A escolha dos materiais adequados, como poliuretano ou borracha nitr\u00edlica, garante durabilidade e desempenho de veda\u00e7\u00e3o ideal, aumentando a vida \u00fatil do cilindro.<\/p>\n<h3>Durabilidade e manuten\u00e7\u00e3o<\/h3>\n<p>A durabilidade \u00e9 essencial para cilindros hidr\u00e1ulicos, pois operam em ambientes desafiadores. Os fabricantes projetam esses produtos com materiais resistentes ao desgaste e \u00e0 corros\u00e3o. Al\u00e9m disso, recursos que facilitam a manuten\u00e7\u00e3o ajudam a prolongar a vida \u00fatil dos cilindros. Verifica\u00e7\u00f5es e manuten\u00e7\u00f5es regulares s\u00e3o cruciais para evitar reparos dispendiosos e garantir um desempenho consistente.<\/p>\n<h3>Recursos de seguran\u00e7a<\/h3>\n<p>A seguran\u00e7a deve ser sempre uma prioridade m\u00e1xima no projeto de cilindros hidr\u00e1ulicos. A incorpora\u00e7\u00e3o de recursos como v\u00e1lvulas de al\u00edvio de press\u00e3o ajuda a prevenir sobrecargas, enquanto uma constru\u00e7\u00e3o robusta minimiza o risco de falhas catastr\u00f3ficas. Medidas de seguran\u00e7a adequadas garantem que os operadores possam trabalhar com confian\u00e7a, sabendo que seus equipamentos s\u00e3o confi\u00e1veis.<\/p>\n<p><img decoding=\"async\" src=\"https:\/\/www.hydraulic-cylinders.net\/wp-content\/uploads\/2025\/04\/songte-oil-pipes-and-spare-parts.webp\" alt=\"Pe\u00e7as de cilindro hidr\u00e1ulico\"><\/p>\n<h2>Veda\u00e7\u00e3o e Lubrifica\u00e7\u00e3o<\/h2>\n<p>A veda\u00e7\u00e3o e a lubrifica\u00e7\u00e3o eficazes desempenham pap\u00e9is cruciais para garantir a longevidade e o desempenho dos cilindros hidr\u00e1ulicos. Diversos tipos de veda\u00e7\u00f5es, incluindo veda\u00e7\u00f5es de pist\u00e3o e de haste, s\u00e3o utilizados para manter a press\u00e3o e evitar vazamentos. Materiais de alta qualidade, como poliuretano e borracha nitr\u00edlica, proporcionam excepcional resist\u00eancia ao desgaste.<\/p>\n<p>O corpo do cilindro e as superf\u00edcies roscadas das extremidades passam por usinagem de precis\u00e3o para aumentar a resist\u00eancia ao desgaste. A lubrifica\u00e7\u00e3o regular com \u00f3leo hidr\u00e1ulico \u00e9 necess\u00e1ria para manter os componentes funcionando sem problemas e evitar o desgaste prematuro.<\/p>\n<h2>Medidas de Manuten\u00e7\u00e3o Preventiva<\/h2>\n<ul>\n<li><strong>Inspe\u00e7\u00f5es de rotina:<\/strong> Verifica\u00e7\u00f5es regulares de vazamentos, desgaste e n\u00edveis de fluido hidr\u00e1ulico podem identificar problemas potenciais antes que se tornem cr\u00edticos.<\/li>\n<li><strong>Pr\u00e1ticas de lubrifica\u00e7\u00e3o:<\/strong> A lubrifica\u00e7\u00e3o adequada \u00e9 essencial para o bom funcionamento dos cilindros hidr\u00e1ulicos. A aplica\u00e7\u00e3o do tipo e da quantidade corretos de \u00f3leo hidr\u00e1ulico melhorar\u00e1 o desempenho e reduzir\u00e1 o desgaste.<\/li>\n<li><strong>Substitui\u00e7\u00e3o da veda\u00e7\u00e3o:<\/strong> As veda\u00e7\u00f5es devem ser inspecionadas e substitu\u00eddas conforme necess\u00e1rio para evitar vazamentos e garantir o desempenho ideal.<\/li>\n<\/ul>\n<h2>Diretrizes de instala\u00e7\u00e3o<\/h2>\n<p>A instala\u00e7\u00e3o de um cilindro de lan\u00e7a requer aten\u00e7\u00e3o meticulosa aos detalhes para garantir o funcionamento adequado e a seguran\u00e7a. Aqui est\u00e3o os passos essenciais para uma instala\u00e7\u00e3o correta:<\/p>\n<ol>\n<li>Comece por garantir que as superf\u00edcies de montagem, tanto na m\u00e1quina quanto no cilindro, estejam limpas e livres de detritos.<\/li>\n<li>Alinhe o cilindro corretamente com os pontos de montagem. O uso de gabaritos ou dispositivos de alinhamento pode ajudar a manter a posi\u00e7\u00e3o correta.<\/li>\n<li>Fixe o cilindro utilizando os suportes ou acess\u00f3rios de montagem recomendados, certificando-se de que estejam apertados de acordo com as especifica\u00e7\u00f5es do fabricante.<\/li>\n<li>Conecte as linhas hidr\u00e1ulicas, certificando-se de usar as conex\u00f5es corretas e evitando o cruzamento das roscas.<\/li>\n<li>Encha o sistema hidr\u00e1ulico com fluido e sangre o sistema para remover quaisquer bolsas de ar antes de testar o funcionamento.<\/li>\n<\/ol>\n<h2>Tarefas comuns de manuten\u00e7\u00e3o<\/h2>\n<h3>Inspe\u00e7\u00f5es regulares<\/h3>\n<p>Inspe\u00e7\u00f5es frequentes do sistema hidr\u00e1ulico s\u00e3o vitais para identificar precocemente quaisquer sinais de desgaste ou danos. Verificar vazamentos, avaliar o estado das veda\u00e7\u00f5es e monitorar os n\u00edveis de fluido hidr\u00e1ulico podem ajudar a manter o desempenho ideal.<\/p>\n<h3>Lubrifica\u00e7\u00e3o adequada<\/h3>\n<p>A lubrifica\u00e7\u00e3o \u00e9 fundamental para reduzir o atrito entre as pe\u00e7as m\u00f3veis. Utilizar o tipo correto de \u00f3leo hidr\u00e1ulico e aplic\u00e1-lo nas quantidades adequadas aumentar\u00e1 a efici\u00eancia do sistema hidr\u00e1ulico e prolongar\u00e1 sua vida \u00fatil.<\/p>\n<h3>Substitui\u00e7\u00e3o de selos e verifica\u00e7\u00f5es de calibra\u00e7\u00e3o<\/h3>\n<p>A substitui\u00e7\u00e3o regular das veda\u00e7\u00f5es e a verifica\u00e7\u00e3o da calibra\u00e7\u00e3o s\u00e3o essenciais para garantir que o cilindro hidr\u00e1ulico opere dentro dos par\u00e2metros projetados. Manter um registro de manuten\u00e7\u00e3o detalhado facilitar\u00e1 interven\u00e7\u00f5es oportunas, evitando falhas inesperadas.<\/p>\n<p><img decoding=\"async\" src=\"https:\/\/www.hydraulic-cylinders.net\/wp-content\/uploads\/2025\/04\/songte-chushion-collar.webp\" alt=\"Colarinho de amortecimento cil\u00edndrico\"><\/p>\n<h2>Considera\u00e7\u00f5es de seguran\u00e7a e fatores ambientais<\/h2>\n<p>Garantir a seguran\u00e7a durante a opera\u00e7\u00e3o de cilindros hidr\u00e1ulicos \u00e9 fundamental. A implementa\u00e7\u00e3o de medidas de seguran\u00e7a adequadas, como o uso de equipamentos de prote\u00e7\u00e3o individual e o cumprimento dos protocolos operacionais, minimiza os riscos. Al\u00e9m disso, considerar fatores ambientais, como a conten\u00e7\u00e3o de derramamentos de fluidos, \u00e9 crucial para manter um ambiente de trabalho seguro e respons\u00e1vel.<\/p>\n<h2>Solu\u00e7\u00e3o de problemas e problemas comuns<\/h2>\n<ul>\n<li><strong>Vazamento:<\/strong> Identifique a origem dos vazamentos, geralmente causados \u200b\u200bpor veda\u00e7\u00f5es desgastadas ou componentes danificados. Substitua as veda\u00e7\u00f5es e inspecione-as em busca de danos.<\/li>\n<li><strong>Movimento inconsistente:<\/strong> Isso pode ser devido \u00e0 presen\u00e7a de ar no sistema ou \u00e0 insufici\u00eancia de fluido hidr\u00e1ulico. Sangre o sistema e verifique os n\u00edveis de fluido.<\/li>\n<li><strong>Superaquecimento:<\/strong> O sobreaquecimento pode resultar de carga excessiva ou circula\u00e7\u00e3o inadequada de fluido. Avalie a carga e assegure-se de que os n\u00edveis de fluido estejam adequados.<\/li>\n<\/ul>\n<h2>Dicas para uma resolu\u00e7\u00e3o de problemas eficaz<\/h2>\n<p>Para diagnosticar e resolver problemas de forma eficaz, siga estas orienta\u00e7\u00f5es:<\/p>\n<ul>\n<li>Realize verifica\u00e7\u00f5es de manuten\u00e7\u00e3o regulares para identificar sinais precoces de desgaste.<\/li>\n<li>Utilize as diretrizes do fabricante para solucionar problemas espec\u00edficos, garantindo a ades\u00e3o \u00e0s pr\u00e1ticas recomendadas.<\/li>\n<li>Invista em treinamento para que os operadores reconhe\u00e7am e abordem poss\u00edveis problemas de forma proativa.<\/li>\n<\/ul>\n<p><img decoding=\"async\" src=\"https:\/\/www.hydraulic-cylinders.net\/wp-content\/uploads\/2025\/04\/songte-bushings-with-all-kinds-of-excavator-models.webp\" alt=\"Buchas de escavadeira\"><\/p>\n<h2>Introdu\u00e7\u00e3o \u00e0 empresa<\/h2>\n<p>Nossa empresa \u00e9 uma fabricante e distribuidora l\u00edder de cilindros hidr\u00e1ulicos de reposi\u00e7\u00e3o, reconhecida tanto no mercado nacional quanto internacional. Aderimos aos mais altos padr\u00f5es de qualidade, apoiados por uma estrat\u00e9gia de fabrica\u00e7\u00e3o refinada que incorpora tecnologia de ponta e m\u00e3o de obra qualificada. Nosso compromisso com a excel\u00eancia garante que atendemos \u00e0s diversas necessidades dos clientes com alta efici\u00eancia e precis\u00e3o.<\/p>\n<p>Nossa especializa\u00e7\u00e3o abrange diversos aspectos:<\/p>\n<ul>\n<li><strong>Profissionalismo:<\/strong> Com uma equipe dedicada de especialistas, priorizamos a qualidade do produto e a satisfa\u00e7\u00e3o do cliente.<\/li>\n<li><strong>Certifica\u00e7\u00e3o Internacional:<\/strong> Nossos produtos atendem aos padr\u00f5es da ind\u00fastria, garantindo confiabilidade e seguran\u00e7a.<\/li>\n<li><strong>Servi\u00e7os personalizados:<\/strong> Oferecemos solu\u00e7\u00f5es sob medida para atender \u00e0s necessidades espec\u00edficas de cada cliente, proporcionando uma abordagem individualizada.<\/li>\n<li><strong>Equipamentos avan\u00e7ados de fabrica\u00e7\u00e3o:<\/strong> A utiliza\u00e7\u00e3o de maquin\u00e1rio de \u00faltima gera\u00e7\u00e3o aprimora nossa capacidade de produ\u00e7\u00e3o e melhora a qualidade do produto.<\/li>\n<li><strong>Suporte p\u00f3s-venda:<\/strong> Nossa equipe de atendimento ao cliente est\u00e1 sempre dispon\u00edvel para ajudar com quaisquer d\u00favidas ou suporte necess\u00e1rio ap\u00f3s a compra.<\/li>\n<\/ul>\n<p><img decoding=\"async\" src=\"https:\/\/www.hydraulic-cylinders.net\/wp-content\/uploads\/2025\/04\/songte-company-4.webp\" alt=\"Vis\u00e3o geral da empresa\"><br \/>\n<img decoding=\"async\" src=\"https:\/\/www.hydraulic-cylinders.net\/wp-content\/uploads\/2025\/04\/songte-company-3.webp\" alt=\"Instala\u00e7\u00e3o de Fabrica\u00e7\u00e3o\"><\/p>\n<p>Autor: lyl<\/p>","protected":false},"excerpt":{"rendered":"<p>Boom Cylinder For Baoding WY75-7 Product Overview The Boom Cylinder for Baoding WY75-7 is a specialized hydraulic cylinder designed to control the movement of buckets on various heavy machinery such as excavators, backhoes, and front loaders. This hydraulic cylinder facilitates the lifting, lowering, and tilting of the bucket, enabling efficient material handling tasks. Understanding Bucket [&hellip;]<\/p>","protected":false},"featured_media":17870,"comment_status":"open","ping_status":"closed","template":"","meta":{"_et_pb_use_builder":"","_et_pb_old_content":"","_et_gb_content_width":""},"product_brand":[],"product_cat":[1546],"product_tag":[1547,1496],"class_list":{"0":"post-19682","1":"product","2":"type-product","3":"status-publish","4":"has-post-thumbnail","6":"product_cat-boom-cylinders","7":"product_tag-boom-cylinders","8":"product_tag-hydraulic-cylinders","10":"first","11":"instock","12":"shipping-taxable","13":"product-type-simple"},"amp_enabled":true,"_links":{"self":[{"href":"https:\/\/www.hydraulic-cylinders.net\/pt\/wp-json\/wp\/v2\/product\/19682","targetHints":{"allow":["GET"]}}],"collection":[{"href":"https:\/\/www.hydraulic-cylinders.net\/pt\/wp-json\/wp\/v2\/product"}],"about":[{"href":"https:\/\/www.hydraulic-cylinders.net\/pt\/wp-json\/wp\/v2\/types\/product"}],"replies":[{"embeddable":true,"href":"https:\/\/www.hydraulic-cylinders.net\/pt\/wp-json\/wp\/v2\/comments?post=19682"}],"wp:featuredmedia":[{"embeddable":true,"href":"https:\/\/www.hydraulic-cylinders.net\/pt\/wp-json\/wp\/v2\/media\/17870"}],"wp:attachment":[{"href":"https:\/\/www.hydraulic-cylinders.net\/pt\/wp-json\/wp\/v2\/media?parent=19682"}],"wp:term":[{"taxonomy":"product_brand","embeddable":true,"href":"https:\/\/www.hydraulic-cylinders.net\/pt\/wp-json\/wp\/v2\/product_brand?post=19682"},{"taxonomy":"product_cat","embeddable":true,"href":"https:\/\/www.hydraulic-cylinders.net\/pt\/wp-json\/wp\/v2\/product_cat?post=19682"},{"taxonomy":"product_tag","embeddable":true,"href":"https:\/\/www.hydraulic-cylinders.net\/pt\/wp-json\/wp\/v2\/product_tag?post=19682"}],"curies":[{"name":"wp","href":"https:\/\/api.w.org\/{rel}","templated":true}]}}