{"id":19688,"date":"2025-04-07T07:01:54","date_gmt":"2025-04-07T07:01:54","guid":{"rendered":"https:\/\/www.hydraulic-cylinders.net\/product\/boom-cylinder-for-tiangong-zg3255lc-9\/"},"modified":"2025-04-07T07:01:59","modified_gmt":"2025-04-07T07:01:59","slug":"boom-cylinder-for-tiangong-zg3255lc-9","status":"publish","type":"product","link":"https:\/\/www.hydraulic-cylinders.net\/pt\/produto\/boom-cylinder-for-tiangong-zg3255lc-9\/","title":{"rendered":"Cilindro da lan\u00e7a para Tiangong ZG3255LC-9"},"content":{"rendered":"<h1>Cilindro da lan\u00e7a para Tiangong ZG3255LC-9<\/h1>\n<h2>Compreendendo o Cilindro da Lan\u00e7a<\/h2>\n<p>O cilindro da lan\u00e7a \u00e9 um cilindro hidr\u00e1ulico especializado, projetado para controlar o movimento da ca\u00e7amba em diversas m\u00e1quinas pesadas, como escavadeiras, retroescavadeiras e p\u00e1s carregadeiras. Sua principal fun\u00e7\u00e3o \u00e9 permitir que a ca\u00e7amba se eleve, abaixe e incline, facilitando as tarefas de movimenta\u00e7\u00e3o de materiais. O funcionamento dos cilindros da lan\u00e7a \u00e9 crucial em sistemas hidr\u00e1ulicos, pois oferece a precis\u00e3o e a pot\u00eancia necess\u00e1rias para opera\u00e7\u00f5es de eleva\u00e7\u00e3o e escava\u00e7\u00e3o de cargas pesadas.<\/p>\n<p><img decoding=\"async\" src=\"https:\/\/www.hydraulic-cylinders.net\/wp-content\/uploads\/2025\/04\/songte-company-1.webp\" alt=\"Cilindro de lan\u00e7a\"><\/p>\n<h2>Principais caracter\u00edsticas do cilindro de lan\u00e7a<\/h2>\n<ul>\n<li><strong>Alta resist\u00eancia e durabilidade:<\/strong> Normalmente constru\u00eddos em a\u00e7o de alta resist\u00eancia ou alum\u00ednio, os cilindros da lan\u00e7a suportam alta press\u00e3o e cargas pesadas, sendo ideais para ambientes de trabalho severos. Seu design incorpora resist\u00eancia ao desgaste e prote\u00e7\u00e3o contra corros\u00e3o, prolongando sua vida \u00fatil.<\/li>\n<li><strong>Opera\u00e7\u00e3o hidr\u00e1ulica eficiente:<\/strong> O cilindro funciona utilizando press\u00e3o de \u00f3leo hidr\u00e1ulico, permitindo uma extens\u00e3o e retra\u00e7\u00e3o suaves. Ele responde rapidamente aos comandos de controle, fornecendo uma for\u00e7a de empurrar e puxar potente, adequada para manusear objetos pesados \u200b\u200be realizar tarefas complexas.<\/li>\n<li><strong>Variedade de tipos:<\/strong> Os cilindros da lan\u00e7a podem ser de a\u00e7\u00e3o simples (utilizando press\u00e3o hidr\u00e1ulica em uma dire\u00e7\u00e3o) ou de a\u00e7\u00e3o dupla (utilizando press\u00e3o hidr\u00e1ulica em ambas as dire\u00e7\u00f5es), atendendo a diferentes necessidades operacionais. Alguns modelos s\u00e3o telesc\u00f3picos, permitindo maior extens\u00e3o sem aumentar as dimens\u00f5es externas, sendo adequados para aplica\u00e7\u00f5es com espa\u00e7o limitado.<\/li>\n<li><strong>Designs personaliz\u00e1veis:<\/strong> Podemos fabricar este produto, fornecendo substitutos perfeitos para cilindros hidr\u00e1ulicos usados \u200b\u200bem diversas m\u00e1quinas.<\/li>\n<li><strong>Tecnologia avan\u00e7ada:<\/strong> Nosso processo de produ\u00e7\u00e3o integra tecnologia de ponta, garantindo um produto final de alta qualidade que atende aos padr\u00f5es da ind\u00fastria.<\/li>\n<\/ul>\n<p><img decoding=\"async\" src=\"https:\/\/www.hydraulic-cylinders.net\/wp-content\/uploads\/2025\/04\/songte-cylinder-head-with-all-kinds-excavator-models.webp\" alt=\"Modelos de Escavadeiras\"><\/p>\n<h2>Aplica\u00e7\u00f5es do Cilindro de Lan\u00e7a<\/h2>\n<h3>Equipamentos de constru\u00e7\u00e3o<\/h3>\n<p>Em escavadeiras, os cilindros da lan\u00e7a s\u00e3o cruciais para escavar, carregar e movimentar terra ou entulho. Sua capacidade de levantar e abaixar a ca\u00e7amba aumenta a funcionalidade da escavadeira, permitindo uma opera\u00e7\u00e3o eficiente em diversas tarefas de constru\u00e7\u00e3o. Em retroescavadeiras, esses cilindros auxiliam tanto na escava\u00e7\u00e3o quanto no levantamento, tornando-os indispens\u00e1veis \u200b\u200bem projetos de terraplenagem.<\/p>\n<h3>Maquinaria agr\u00edcola<\/h3>\n<p>Em carregadeiras frontais, os cilindros da lan\u00e7a s\u00e3o essenciais para escavar, levantar e transportar terra, feno e outros materiais. Eles permitem o manuseio r\u00e1pido e eficiente de tarefas agr\u00edcolas, melhorando a produtividade nas fazendas e nas opera\u00e7\u00f5es agr\u00edcolas.<\/p>\n<h3>Escavadeiras<\/h3>\n<p>Em escavadeiras, o cilindro da lan\u00e7a permite que a ca\u00e7amba penetre no solo, facilitando as opera\u00e7\u00f5es de escava\u00e7\u00e3o. Essa capacidade \u00e9 vital para abertura de valas, funda\u00e7\u00f5es e prepara\u00e7\u00e3o do terreno, garantindo que as tarefas sejam conclu\u00eddas de forma eficiente e eficaz.<\/p>\n<h3>Carregadores<\/h3>\n<p>Em carregadeiras frontais, os cilindros da lan\u00e7a s\u00e3o respons\u00e1veis \u200b\u200bpor levantar e despejar materiais com efici\u00eancia. Seu funcionamento robusto permite a transfer\u00eancia r\u00e1pida de cargas pesadas, otimizando o desempenho geral em aplica\u00e7\u00f5es de constru\u00e7\u00e3o e movimenta\u00e7\u00e3o de materiais.<\/p>\n<h2>Considera\u00e7\u00f5es de design e crit\u00e9rios de sele\u00e7\u00e3o<\/h2>\n<h3>Capacidade de carga<\/h3>\n<p>Ao selecionar um cilindro para lan\u00e7a, a capacidade de carga deve ser cuidadosamente considerada. Esse par\u00e2metro determina quanto peso o cilindro pode suportar sem falhar. Uma maior capacidade de carga significa que o cilindro pode executar tarefas mais pesadas com efici\u00eancia, mas isso geralmente implica em maior tamanho e peso. Portanto, \u00e9 essencial equilibrar a capacidade com o projeto geral da m\u00e1quina e os requisitos operacionais.<\/p>\n<h3>Veda\u00e7\u00e3o e durabilidade<\/h3>\n<p>A veda\u00e7\u00e3o \u00e9 crucial em cilindros hidr\u00e1ulicos para evitar vazamentos e garantir uma opera\u00e7\u00e3o eficiente. Veda\u00e7\u00f5es de alta qualidade devem ser escolhidas com base no tipo de fluido utilizado e no ambiente operacional. Uma veda\u00e7\u00e3o adequada mant\u00e9m a press\u00e3o hidr\u00e1ulica e garante a longevidade do cilindro. Al\u00e9m disso, os materiais utilizados devem ser selecionados por sua capacidade de resistir ao desgaste, \u00e0 corros\u00e3o e a altas press\u00f5es, visto que esses fatores impactam significativamente a durabilidade do cilindro.<\/p>\n<h3>Recursos de seguran\u00e7a<\/h3>\n<p>A seguran\u00e7a \u00e9 fundamental em sistemas hidr\u00e1ulicos. Os cilindros da lan\u00e7a devem incluir recursos de seguran\u00e7a, como v\u00e1lvulas de al\u00edvio de press\u00e3o e travas de seguran\u00e7a, para evitar acidentes durante a opera\u00e7\u00e3o. A implementa\u00e7\u00e3o dessas medidas de seguran\u00e7a minimiza os riscos associados a falhas hidr\u00e1ulicas, garantindo a seguran\u00e7a tanto do operador quanto do equipamento em ambientes desafiadores.<\/p>\n<p><img decoding=\"async\" src=\"https:\/\/www.hydraulic-cylinders.net\/wp-content\/uploads\/2025\/04\/songte-oil-pipes-and-spare-parts.webp\" alt=\"Tubos de \u00f3leo e pe\u00e7as de reposi\u00e7\u00e3o\"><\/p>\n<h2>Veda\u00e7\u00e3o e Lubrifica\u00e7\u00e3o<\/h2>\n<p>A veda\u00e7\u00e3o e a lubrifica\u00e7\u00e3o adequadas s\u00e3o vitais para o funcionamento eficaz dos cilindros da lan\u00e7a. V\u00e1rios componentes de veda\u00e7\u00e3o, como veda\u00e7\u00f5es de pist\u00e3o e veda\u00e7\u00f5es de haste, s\u00e3o usados \u200b\u200bpara garantir uma veda\u00e7\u00e3o herm\u00e9tica. Materiais dur\u00e1veis, como poliuretano e borracha nitr\u00edlica, s\u00e3o comumente usados \u200b\u200bpara essas veda\u00e7\u00f5es devido \u00e0 sua excelente resist\u00eancia ao desgaste. Al\u00e9m disso, o corpo do cilindro hidr\u00e1ulico e as superf\u00edcies roscadas das extremidades passam por um processo de usinagem fino para aumentar a resist\u00eancia ao desgaste. A lubrifica\u00e7\u00e3o regular com \u00f3leo hidr\u00e1ulico \u00e9 essencial para garantir uma opera\u00e7\u00e3o suave e evitar o desgaste.<\/p>\n<h2>Medidas de manuten\u00e7\u00e3o preventiva<\/h2>\n<ul>\n<li><strong>Inspe\u00e7\u00f5es regulares:<\/strong> Inspecione os cilindros em busca de sinais de desgaste, vazamentos ou danos. A detec\u00e7\u00e3o precoce de problemas potenciais pode evitar reparos dispendiosos e aumentar a vida \u00fatil do cilindro.<\/li>\n<li><strong>Lubrifica\u00e7\u00e3o adequada:<\/strong> Certifique-se de que o cilindro esteja adequadamente lubrificado com o \u00f3leo hidr\u00e1ulico apropriado. Essa pr\u00e1tica reduz o atrito e o desgaste, contribuindo para o funcionamento eficiente do sistema hidr\u00e1ulico.<\/li>\n<li><strong>Substitui\u00e7\u00e3o da veda\u00e7\u00e3o:<\/strong> Verifique regularmente se h\u00e1 danos nas veda\u00e7\u00f5es e substitua-as conforme necess\u00e1rio. Veda\u00e7\u00f5es desgastadas podem causar vazamentos de fluido hidr\u00e1ulico, comprometendo o desempenho e a seguran\u00e7a do sistema.<\/li>\n<\/ul>\n<h2>Diretrizes de instala\u00e7\u00e3o<\/h2>\n<p>A instala\u00e7\u00e3o correta do cilindro da lan\u00e7a \u00e9 fundamental para o desempenho ideal. Ao instalar, certifique-se de que o cilindro esteja alinhado corretamente com a m\u00e1quina para evitar tens\u00e3o excessiva nos componentes. \u00c9 recomend\u00e1vel usar suportes de montagem adequados para fixar o cilindro firmemente. Siga as especifica\u00e7\u00f5es do fabricante para os valores de torque recomendados e os procedimentos de instala\u00e7\u00e3o. Inspecione regularmente a instala\u00e7\u00e3o para verificar se h\u00e1 sinais de desalinhamento ou desgaste e fa\u00e7a os ajustes necess\u00e1rios para manter a opera\u00e7\u00e3o eficaz.<\/p>\n<h2>Tarefas comuns de manuten\u00e7\u00e3o<\/h2>\n<h3>Verifica\u00e7\u00f5es regulares<\/h3>\n<p>Realize verifica\u00e7\u00f5es de rotina nos sistemas hidr\u00e1ulicos para garantir que tudo funcione corretamente. Isso inclui procurar vazamentos, avaliar o desempenho dos cilindros e confirmar se todos os componentes est\u00e3o funcionando conforme o esperado. A detec\u00e7\u00e3o precoce de problemas, como ru\u00eddos incomuns ou diminui\u00e7\u00e3o da efici\u00eancia, pode reduzir significativamente os custos de reparo.<\/p>\n<h3>Lubrifica\u00e7\u00e3o adequada<\/h3>\n<p>A lubrifica\u00e7\u00e3o \u00e9 vital para a longevidade do cilindro hidr\u00e1ulico. Utilizar o tipo correto de \u00f3leo hidr\u00e1ulico e garantir que esteja no n\u00edvel recomendado \u00e9 essencial. Verifica\u00e7\u00f5es e trocas regulares do lubrificante podem prevenir problemas mec\u00e2nicos causados \u200b\u200bpor lubrifica\u00e7\u00e3o insuficiente, mantendo assim a efici\u00eancia operacional.<\/p>\n<h3>Substitui\u00e7\u00e3o de selos e verifica\u00e7\u00f5es de calibra\u00e7\u00e3o<\/h3>\n<p>As veda\u00e7\u00f5es est\u00e3o sujeitas a desgaste devido \u00e0 alta press\u00e3o e ao atrito a que s\u00e3o submetidas durante o funcionamento. Inspecione e substitua as veda\u00e7\u00f5es regularmente para evitar vazamentos. Tamb\u00e9m devem ser realizadas verifica\u00e7\u00f5es de calibra\u00e7\u00e3o para garantir que o sistema hidr\u00e1ulico opere dentro dos limites especificados, melhorando o desempenho geral e a seguran\u00e7a.<\/p>\n<p><img decoding=\"async\" src=\"https:\/\/www.hydraulic-cylinders.net\/wp-content\/uploads\/2025\/04\/songte-chushion-collar.webp\" alt=\"Coleira almofadada\"><\/p>\n<h2>Considera\u00e7\u00f5es sobre seguran\u00e7a e meio ambiente<\/h2>\n<p>Ao lidar com cilindros hidr\u00e1ulicos, as medidas de seguran\u00e7a s\u00e3o fundamentais. O treinamento adequado dos operadores \u00e9 essencial para garantir o manuseio seguro de equipamentos hidromec\u00e2nicos. Al\u00e9m disso, pr\u00e1ticas ambientalmente respons\u00e1veis \u200b\u200bdevem ser adotadas, como o descarte correto de fluidos e materiais hidr\u00e1ulicos. A conscientiza\u00e7\u00e3o sobre os riscos potenciais associados aos sistemas hidr\u00e1ulicos ajudar\u00e1 a manter um ambiente de trabalho seguro.<\/p>\n<h2>Solu\u00e7\u00e3o de problemas e problemas comuns<\/h2>\n<ul>\n<li><strong>Vazamentos de fluido hidr\u00e1ulico:<\/strong> Verifique se h\u00e1 vazamentos vis\u00edveis em torno das veda\u00e7\u00f5es e conex\u00f5es. Substitua as veda\u00e7\u00f5es danificadas e certifique-se de que todas as conex\u00f5es estejam bem apertadas para evitar vazamento de fluido.<\/li>\n<li><strong>Desempenho deficiente do cilindro:<\/strong> Se o cilindro estiver funcionando lentamente, verifique se h\u00e1 n\u00edveis baixos de fluido ou contamina\u00e7\u00e3o no fluido hidr\u00e1ulico. Certifique-se de que a lubrifica\u00e7\u00e3o esteja adequada e verifique se h\u00e1 ar no sistema.<\/li>\n<li><strong>Ru\u00eddos incomuns:<\/strong> Ru\u00eddos podem indicar problemas mec\u00e2nicos no sistema hidr\u00e1ulico. Inspecione se h\u00e1 componentes soltos ou danos internos e resolva-os imediatamente para evitar maiores complica\u00e7\u00f5es.<\/li>\n<\/ul>\n<h2>Dicas de resolu\u00e7\u00e3o de problemas e medidas preventivas<\/h2>\n<p>Para diagnosticar e resolver problemas hidr\u00e1ulicos com efic\u00e1cia, mantenha um cronograma de manuten\u00e7\u00e3o regular para detectar problemas potenciais precocemente. Os operadores devem ser treinados para reconhecer sinais de alerta, como ru\u00eddos ou desempenho irregulares, para agir rapidamente. A implementa\u00e7\u00e3o de uma verifica\u00e7\u00e3o rotineira dos n\u00edveis de fluido hidr\u00e1ulico e da condi\u00e7\u00e3o das veda\u00e7\u00f5es pode reduzir significativamente a probabilidade de falhas graves.<\/p>\n<p><img decoding=\"async\" src=\"https:\/\/www.hydraulic-cylinders.net\/wp-content\/uploads\/2025\/04\/songte-bushings-with-all-kinds-of-excavator-models.webp\" alt=\"Buchas com modelos de escavadeira\"><\/p>\n<h2>Vis\u00e3o geral da empresa<\/h2>\n<p>Somos um fabricante l\u00edder de cilindros hidr\u00e1ulicos de reposi\u00e7\u00e3o, com uma linha completa de produtos que nos posiciona como um dos principais fabricantes e distribuidores nos mercados nacional e internacional. Aderimos a rigorosos padr\u00f5es de qualidade e utilizamos uma estrat\u00e9gia de fabrica\u00e7\u00e3o refinada para aprimorar nossa capacidade produtiva. Nossa expertise tecnol\u00f3gica, equipamentos de fabrica\u00e7\u00e3o avan\u00e7ados e sistemas de teste profissionais nos permitem elevar continuamente nossa plataforma de produ\u00e7\u00e3o e garantir produtos da mais alta qualidade. Orgulhamo-nos da nossa capacidade de atender \u00e0s diversas necessidades dos clientes com efici\u00eancia, precis\u00e3o e excel\u00eancia.<\/p>\n<p><img decoding=\"async\" src=\"https:\/\/www.hydraulic-cylinders.net\/wp-content\/uploads\/2025\/04\/songte-company-4.webp\" alt=\"Vis\u00e3o geral da empresa\"><br \/>\n<img decoding=\"async\" src=\"https:\/\/www.hydraulic-cylinders.net\/wp-content\/uploads\/2025\/04\/songte-company-3.webp\" alt=\"Empresa de fabrica\u00e7\u00e3o\"><\/p>\n<p>Al\u00e9m do nosso profissionalismo e das nossas certifica\u00e7\u00f5es internacionais, oferecemos servi\u00e7os personalizados para atender \u00e0s necessidades espec\u00edficas de cada cliente. Nossas instala\u00e7\u00f5es de produ\u00e7\u00e3o s\u00e3o equipadas com maquin\u00e1rio de \u00faltima gera\u00e7\u00e3o, permitindo a fabrica\u00e7\u00e3o eficiente de produtos de alta qualidade. Al\u00e9m disso, temos o compromisso de fornecer um servi\u00e7o p\u00f3s-venda excepcional para dar suporte aos nossos clientes muito tempo depois da conclus\u00e3o da venda.<\/p>\n<p>Autor: lyl<\/p>","protected":false},"excerpt":{"rendered":"<p>Boom Cylinder For Tiangong ZG3255LC-9 Understanding the Boom Cylinder The Boom Cylinder is a specialized hydraulic cylinder designed to control the movement of the bucket in various heavy machinery, such as excavators, backhoe loaders, and front-end loaders. Its primary function is to enable the bucket to lift, lower, and tilt, which facilitates effective material handling [&hellip;]<\/p>","protected":false},"featured_media":17876,"comment_status":"open","ping_status":"closed","template":"","meta":{"_et_pb_use_builder":"","_et_pb_old_content":"","_et_gb_content_width":""},"product_brand":[],"product_cat":[1546],"product_tag":[1547,1496],"class_list":{"0":"post-19688","1":"product","2":"type-product","3":"status-publish","4":"has-post-thumbnail","6":"product_cat-boom-cylinders","7":"product_tag-boom-cylinders","8":"product_tag-hydraulic-cylinders","10":"first","11":"instock","12":"shipping-taxable","13":"product-type-simple"},"amp_enabled":true,"_links":{"self":[{"href":"https:\/\/www.hydraulic-cylinders.net\/pt\/wp-json\/wp\/v2\/product\/19688","targetHints":{"allow":["GET"]}}],"collection":[{"href":"https:\/\/www.hydraulic-cylinders.net\/pt\/wp-json\/wp\/v2\/product"}],"about":[{"href":"https:\/\/www.hydraulic-cylinders.net\/pt\/wp-json\/wp\/v2\/types\/product"}],"replies":[{"embeddable":true,"href":"https:\/\/www.hydraulic-cylinders.net\/pt\/wp-json\/wp\/v2\/comments?post=19688"}],"wp:featuredmedia":[{"embeddable":true,"href":"https:\/\/www.hydraulic-cylinders.net\/pt\/wp-json\/wp\/v2\/media\/17876"}],"wp:attachment":[{"href":"https:\/\/www.hydraulic-cylinders.net\/pt\/wp-json\/wp\/v2\/media?parent=19688"}],"wp:term":[{"taxonomy":"product_brand","embeddable":true,"href":"https:\/\/www.hydraulic-cylinders.net\/pt\/wp-json\/wp\/v2\/product_brand?post=19688"},{"taxonomy":"product_cat","embeddable":true,"href":"https:\/\/www.hydraulic-cylinders.net\/pt\/wp-json\/wp\/v2\/product_cat?post=19688"},{"taxonomy":"product_tag","embeddable":true,"href":"https:\/\/www.hydraulic-cylinders.net\/pt\/wp-json\/wp\/v2\/product_tag?post=19688"}],"curies":[{"name":"wp","href":"https:\/\/api.w.org\/{rel}","templated":true}]}}