{"id":19703,"date":"2025-04-07T07:02:41","date_gmt":"2025-04-07T07:02:41","guid":{"rendered":"https:\/\/www.hydraulic-cylinders.net\/product\/boom-cylinder-for-sinomach-zg3235-9\/"},"modified":"2025-04-07T07:02:43","modified_gmt":"2025-04-07T07:02:43","slug":"boom-cylinder-for-sinomach-zg3235-9","status":"publish","type":"product","link":"https:\/\/www.hydraulic-cylinders.net\/pt\/produto\/boom-cylinder-for-sinomach-zg3235-9\/","title":{"rendered":"Cilindro da lan\u00e7a para Sinomach ZG3235-9"},"content":{"rendered":"<h1>Cilindro da lan\u00e7a para Sinomach ZG3235-9<\/h1>\n<h2>Vis\u00e3o geral do produto<\/h2>\n<p>O cilindro da lan\u00e7a para Sinomach ZG3235-9 \u00e9 um componente crucial projetado para controlar o movimento das ca\u00e7ambas de m\u00e1quinas pesadas. Especificamente, trata-se de um cilindro hidr\u00e1ulico que permite o levantamento, abaixamento e inclina\u00e7\u00e3o da ca\u00e7amba em diversas aplica\u00e7\u00f5es, como escavadeiras, retroescavadeiras e p\u00e1s carregadeiras. Este cilindro hidr\u00e1ulico garante a efici\u00eancia das tarefas de movimenta\u00e7\u00e3o de materiais, fornecendo a for\u00e7a necess\u00e1ria para essas opera\u00e7\u00f5es.<\/p>\n<p><img decoding=\"async\" src=\"https:\/\/www.hydraulic-cylinders.net\/wp-content\/uploads\/2025\/04\/songte-company-1.webp\" alt=\"Imagem do Cilindro da Lan\u00e7a\"><\/p>\n<h3>Defini\u00e7\u00e3o e Fun\u00e7\u00e3o<\/h3>\n<p>Os cilindros hidr\u00e1ulicos, como o cilindro da lan\u00e7a, desempenham um papel fundamental nos sistemas hidr\u00e1ulicos, utilizando a press\u00e3o do fluido para criar movimento linear. Eles consistem em um corpo cil\u00edndrico, um pist\u00e3o e v\u00e1rias veda\u00e7\u00f5es, que trabalham em conjunto para possibilitar o movimento desejado. Em equipamentos pesados, a principal fun\u00e7\u00e3o do cilindro da lan\u00e7a \u00e9 facilitar a escava\u00e7\u00e3o e o transporte de materiais, aumentando a efici\u00eancia e a produtividade das opera\u00e7\u00f5es de constru\u00e7\u00e3o e agr\u00edcolas.<\/p>\n<h2>Caracter\u00edsticas do produto<\/h2>\n<ul>\n<li><strong>Alta resist\u00eancia e durabilidade:<\/strong> Fabricado em a\u00e7o ou alum\u00ednio de alta resist\u00eancia, projetado para suportar alta press\u00e3o e cargas pesadas, resistindo a condi\u00e7\u00f5es de trabalho severas.<\/li>\n<li><strong>Opera\u00e7\u00e3o hidr\u00e1ulica eficiente:<\/strong> Permite extens\u00e3o e retra\u00e7\u00e3o suaves utilizando press\u00e3o de \u00f3leo hidr\u00e1ulico, respondendo rapidamente aos comandos de controle e fornecendo for\u00e7a significativa de empurrar e puxar.<\/li>\n<li><strong>Variedade de tipos:<\/strong> Dispon\u00edvel em configura\u00e7\u00f5es de a\u00e7\u00e3o simples (operando em uma dire\u00e7\u00e3o) ou de a\u00e7\u00e3o dupla (operando em ambas as dire\u00e7\u00f5es) para atender a diversas necessidades operacionais.<\/li>\n<li><strong>Projetos que otimizam o espa\u00e7o:<\/strong> Alguns modelos apresentam design telesc\u00f3pico, permitindo maior extens\u00e3o sem aumentar as dimens\u00f5es externas, sendo adequados para aplica\u00e7\u00f5es em espa\u00e7os confinados.<\/li>\n<li><strong>Resist\u00eancia \u00e0 corros\u00e3o e ao desgaste:<\/strong> Projetado com materiais resistentes ao desgaste e \u00e0 corros\u00e3o, garantindo longevidade e confiabilidade em ambientes desafiadores.<\/li>\n<\/ul>\n<h3>Nossas capacidades de fabrica\u00e7\u00e3o<\/h3>\n<p>Orgulhamo-nos da nossa capacidade de fabricar e fornecer cilindros de lan\u00e7a de alta qualidade que podem substituir perfeitamente os cilindros hidr\u00e1ulicos existentes em diversas aplica\u00e7\u00f5es.<\/p>\n<p><img decoding=\"async\" src=\"https:\/\/www.hydraulic-cylinders.net\/wp-content\/uploads\/2025\/04\/songte-cylinder-head-with-all-kinds-excavator-models.webp\" alt=\"Imagem de modelos de escavadeiras\"><\/p>\n<h2>Aplica\u00e7\u00f5es do cilindro da lan\u00e7a<\/h2>\n<h3>Equipamentos de constru\u00e7\u00e3o<\/h3>\n<p>Em escavadeiras, os cilindros da lan\u00e7a s\u00e3o fundamentais para escavar, carregar e movimentar terra ou entulho. Eles fornecem a for\u00e7a necess\u00e1ria para que a ca\u00e7amba da escavadeira penetre no solo de forma eficaz, permitindo a execu\u00e7\u00e3o eficiente de tarefas de movimenta\u00e7\u00e3o de terra. Em retroescavadeiras, os cilindros da lan\u00e7a facilitam tanto as opera\u00e7\u00f5es de escava\u00e7\u00e3o quanto as de eleva\u00e7\u00e3o, tornando-os indispens\u00e1veis \u200b\u200bem projetos de constru\u00e7\u00e3o.<\/p>\n<h3>Maquinaria agr\u00edcola<\/h3>\n<p>Nas p\u00e1s carregadeiras frontais, os cilindros da lan\u00e7a s\u00e3o usados \u200b\u200bpara recolher, levantar e transportar terra, feno e outros materiais. Seu design permite \u00f3tima manobrabilidade e controle, possibilitando aos agricultores gerenciar seus materiais com efici\u00eancia em toda a \u00e1rea agr\u00edcola.<\/p>\n<h3>Escavadeiras<\/h3>\n<p>O cilindro da lan\u00e7a permite que a ca\u00e7amba da escavadeira penetre no solo com efic\u00e1cia, possibilitando escava\u00e7\u00f5es potentes. Seus recursos hidr\u00e1ulicos aprimoram o desempenho geral da m\u00e1quina, tornando-o um componente vital para qualquer trabalho de escava\u00e7\u00e3o.<\/p>\n<h3>Carregadores<\/h3>\n<p>Em carregadeiras frontais, os cilindros da lan\u00e7a auxiliam no levantamento e despejo de materiais com efici\u00eancia. Seu design robusto garante o manuseio f\u00e1cil de cargas pesadas, proporcionando uma opera\u00e7\u00e3o cont\u00ednua durante as tarefas de movimenta\u00e7\u00e3o de materiais.<\/p>\n<h2>Considera\u00e7\u00f5es de design<\/h2>\n<h3>Capacidade de carga<\/h3>\n<p>Ao projetar um cilindro de lan\u00e7a, a capacidade de carga \u00e9 crucial. O cilindro deve ser capaz de suportar o peso m\u00e1ximo que a m\u00e1quina possa levantar ou movimentar. Os engenheiros calculam cuidadosamente as dimens\u00f5es e os materiais do cilindro para garantir seguran\u00e7a e efici\u00eancia sob carga.<\/p>\n<h3>Selagem<\/h3>\n<p>A veda\u00e7\u00e3o eficaz \u00e9 fundamental em sistemas hidr\u00e1ulicos. Veda\u00e7\u00f5es de alta qualidade evitam vazamentos de fluido hidr\u00e1ulico, que podem causar problemas de desempenho e reduzir a efici\u00eancia. A escolha dos materiais certos para as veda\u00e7\u00f5es, como poliuretano ou borracha nitr\u00edlica, \u00e9 essencial para garantir durabilidade e resist\u00eancia ao desgaste.<\/p>\n<h3>Durabilidade<\/h3>\n<p>A durabilidade \u00e9 um fator crucial no projeto dos cilindros da lan\u00e7a. Eles devem suportar ambientes de trabalho severos, incluindo exposi\u00e7\u00e3o ao solo, \u00e1gua e temperaturas vari\u00e1veis. O uso de materiais resistentes \u00e0 corros\u00e3o e revestimentos protetores contribui para sua longa vida \u00fatil.<\/p>\n<h3>Seguran\u00e7a<\/h3>\n<p>Os recursos de seguran\u00e7a devem ser integrados ao projeto dos cilindros da lan\u00e7a para evitar falhas durante a opera\u00e7\u00e3o. Isso inclui v\u00e1lvulas de al\u00edvio de press\u00e3o e uma constru\u00e7\u00e3o robusta para suportar cargas ou impactos inesperados.<\/p>\n<h3>Acessibilidade de Manuten\u00e7\u00e3o<\/h3>\n<p>Projetar pensando na manuten\u00e7\u00e3o \u00e9 essencial. Os componentes devem ser facilmente acess\u00edveis para inspe\u00e7\u00f5es, reparos e substitui\u00e7\u00f5es, garantindo que o cilindro possa ser reparado sem tempo de inatividade significativo.<\/p>\n<p><img decoding=\"async\" src=\"https:\/\/www.hydraulic-cylinders.net\/wp-content\/uploads\/2025\/04\/songte-oil-pipes-and-spare-parts.webp\" alt=\"Imagem de tubos de \u00f3leo e pe\u00e7as de reposi\u00e7\u00e3o\"><\/p>\n<h2>Veda\u00e7\u00e3o e Lubrifica\u00e7\u00e3o<\/h2>\n<p>A integridade dos cilindros hidr\u00e1ulicos depende fortemente de uma veda\u00e7\u00e3o e lubrifica\u00e7\u00e3o eficazes. Diversos tipos de veda\u00e7\u00f5es, como as de pist\u00e3o e as de haste, s\u00e3o utilizados para manter o fluido hidr\u00e1ulico dentro do cilindro. Materiais como poliuretano e borracha nitr\u00edlica s\u00e3o comumente usados \u200b\u200bdevido \u00e0 sua durabilidade e resist\u00eancia ao desgaste. Al\u00e9m disso, o corpo do cilindro e as superf\u00edcies roscadas das extremidades passam por usinagem de precis\u00e3o para aumentar sua durabilidade.<\/p>\n<p>A lubrifica\u00e7\u00e3o regular com \u00f3leo hidr\u00e1ulico \u00e9 necess\u00e1ria para minimizar o atrito entre as pe\u00e7as m\u00f3veis e garantir o funcionamento suave, prolongando assim a vida \u00fatil do cilindro. A falta de lubrifica\u00e7\u00e3o adequada pode levar ao desgaste prematuro e \u00e0 poss\u00edvel falha do sistema hidr\u00e1ulico.<\/p>\n<h2>Medidas de Manuten\u00e7\u00e3o Preventiva<\/h2>\n<ul>\n<li><strong>Inspe\u00e7\u00f5es regulares:<\/strong> Realize verifica\u00e7\u00f5es peri\u00f3dicas para detectar vazamentos, desgaste e funcionamento adequado do cilindro. A detec\u00e7\u00e3o precoce pode evitar reparos dispendiosos.<\/li>\n<li><strong>Lubrifica\u00e7\u00e3o:<\/strong> Certifique-se de que o cilindro seja lubrificado regularmente para manter o bom funcionamento e reduzir o desgaste dos componentes.<\/li>\n<li><strong>Substitui\u00e7\u00e3o da veda\u00e7\u00e3o:<\/strong> Substitua as veda\u00e7\u00f5es conforme necess\u00e1rio para evitar vazamentos e manter o desempenho ideal do sistema hidr\u00e1ulico.<\/li>\n<\/ul>\n<h2>Diretrizes de instala\u00e7\u00e3o<\/h2>\n<p>A instala\u00e7\u00e3o correta do cilindro da lan\u00e7a \u00e9 crucial para um desempenho ideal. Comece certificando-se de que a \u00e1rea de trabalho esteja limpa e livre de detritos. Utilize os suportes de montagem adequados para fixar o cilindro no lugar. Alinhe o cilindro com precis\u00e3o para evitar qualquer desalinhamento durante a opera\u00e7\u00e3o.<\/p>\n<p>Siga as especifica\u00e7\u00f5es do fabricante quanto aos valores de torque e tipos de conex\u00e3o. Certifique-se de que todas as conex\u00f5es hidr\u00e1ulicas estejam firmemente apertadas e sem vazamentos. Ap\u00f3s a instala\u00e7\u00e3o, realize um teste funcional para verificar o funcionamento adequado antes de retornar o equipamento \u00e0 opera\u00e7\u00e3o. Verifique regularmente a instala\u00e7\u00e3o quanto a sinais de desgaste ou afrouxamento para manter a seguran\u00e7a e a efici\u00eancia.<\/p>\n<h2>Tarefas comuns de manuten\u00e7\u00e3o<\/h2>\n<h3>Inspe\u00e7\u00f5es regulares<\/h3>\n<p>Realizar inspe\u00e7\u00f5es regulares \u00e9 essencial para identificar problemas potenciais antes que se agravem. Inspecione-os em busca de sinais de desgaste, vazamentos e funcionamento adequado. A detec\u00e7\u00e3o precoce pode ajudar a manter a efici\u00eancia e prolongar a vida \u00fatil do produto.<\/p>\n<h3>Lubrifica\u00e7\u00e3o adequada<\/h3>\n<p>A aplica\u00e7\u00e3o do tipo e da quantidade corretos de \u00f3leo hidr\u00e1ulico \u00e9 crucial para manter o desempenho do cilindro. A lubrifica\u00e7\u00e3o insuficiente pode levar ao aumento do atrito e do desgaste, resultando em falha prematura. Siga as recomenda\u00e7\u00f5es do fabricante quanto aos intervalos de lubrifica\u00e7\u00e3o e ao tipo de \u00f3leo.<\/p>\n<h3>Substitui\u00e7\u00e3o de selos e verifica\u00e7\u00f5es de calibra\u00e7\u00e3o<\/h3>\n<p>Com o tempo, as veda\u00e7\u00f5es podem se desgastar e precisam ser substitu\u00eddas para evitar vazamentos. Verifica\u00e7\u00f5es regulares de calibra\u00e7\u00e3o garantem que os sistemas hidr\u00e1ulicos estejam operando dentro dos par\u00e2metros especificados, mantendo a efici\u00eancia e a seguran\u00e7a. O alinhamento correto dos cilindros tamb\u00e9m \u00e9 fundamental para evitar danos e garantir um funcionamento suave.<\/p>\n<p><img decoding=\"async\" src=\"https:\/\/www.hydraulic-cylinders.net\/wp-content\/uploads\/2025\/04\/songte-chushion-collar.webp\" alt=\"Imagem de gola almofadada\"><\/p>\n<h2>Considera\u00e7\u00f5es de seguran\u00e7a e fatores ambientais<\/h2>\n<p>Ao trabalhar com cilindros hidr\u00e1ulicos, as medidas de seguran\u00e7a devem ser prioridade. Certifique-se de que todos os operadores sejam treinados e compreendam os riscos associados aos equipamentos hidr\u00e1ulicos. Utilize equipamentos de prote\u00e7\u00e3o individual e siga os protocolos de seguran\u00e7a durante a opera\u00e7\u00e3o e a manuten\u00e7\u00e3o. Fatores ambientais, como a exposi\u00e7\u00e3o a condi\u00e7\u00f5es adversas, tamb\u00e9m devem ser levados em considera\u00e7\u00e3o, o que exige a sele\u00e7\u00e3o de materiais adequados e medidas de prote\u00e7\u00e3o para manter a integridade do cilindro.<\/p>\n<h2>Diagn\u00f3stico de falhas e problemas comuns<\/h2>\n<ul>\n<li><strong>Vazamento:<\/strong> Geralmente causada por veda\u00e7\u00f5es desgastadas ou conex\u00f5es danificadas. A manuten\u00e7\u00e3o regular pode ajudar a detectar vazamentos precocemente.<\/li>\n<li><strong>Desempenho ruim:<\/strong> Pode indicar n\u00edveis baixos de fluido hidr\u00e1ulico ou bloqueios no sistema. Certifique-se de que os n\u00edveis de fluido estejam adequados e verifique se h\u00e1 obstru\u00e7\u00f5es.<\/li>\n<li><strong>Ru\u00eddos incomuns:<\/strong> Ru\u00eddos de rangido ou chiado podem ser sinais de desgaste ou ar no sistema. Realize inspe\u00e7\u00f5es minuciosas para identificar a origem do ru\u00eddo.<\/li>\n<\/ul>\n<h2>Dicas para solu\u00e7\u00e3o de problemas<\/h2>\n<p>Para diagnosticar e resolver problemas com o cilindro da lan\u00e7a de forma eficaz, comece verificando os n\u00edveis do fluido hidr\u00e1ulico e certificando-se de que n\u00e3o h\u00e1 vazamentos no sistema. Mantenha um registro de qualquer desempenho anormal para identificar padr\u00f5es que possam indicar problemas espec\u00edficos. Fa\u00e7a a manuten\u00e7\u00e3o e substitua regularmente os componentes desgastados para evitar que os problemas se agravem. Adote uma abordagem de manuten\u00e7\u00e3o proativa para minimizar o tempo de inatividade e aumentar a vida \u00fatil do sistema hidr\u00e1ulico.<\/p>\n<p><img decoding=\"async\" src=\"https:\/\/www.hydraulic-cylinders.net\/wp-content\/uploads\/2025\/04\/songte-bushings-with-all-kinds-of-excavator-models.webp\" alt=\"Buchas com modelos de escavadeira (imagem)\"><\/p>\n<h2>Sobre nossa empresa<\/h2>\n<p>Somos um fabricante e distribuidor atacadista l\u00edder de cilindros hidr\u00e1ulicos, comprometidos em fornecer produtos de alta qualidade para os mercados nacional e internacional. Nossa empresa preza pela excel\u00eancia seguindo uma estrat\u00e9gia de fabrica\u00e7\u00e3o meticulosa, alavancando pr\u00e1ticas avan\u00e7adas de gest\u00e3o da produ\u00e7\u00e3o. Com foco em conhecimento t\u00e9cnico, equipamentos de fabrica\u00e7\u00e3o de ponta e um sistema de testes robusto, aprimoramos continuamente nossas capacidades de produ\u00e7\u00e3o.<\/p>\n<p>Nossa ampla gama de produtos atende \u00e0s variadas necessidades de nossos clientes, impulsionada por nosso compromisso com a efici\u00eancia, a precis\u00e3o e a qualidade. Tamb\u00e9m oferecemos servi\u00e7os personalizados, adaptados a requisitos espec\u00edficos, garantindo que nossos clientes recebam solu\u00e7\u00f5es que se encaixem em suas aplica\u00e7\u00f5es exclusivas.<\/p>\n<p>Com conhecimento especializado, certifica\u00e7\u00f5es internacionais e suporte p\u00f3s-venda dedicado, nos esfor\u00e7amos para fornecer servi\u00e7os e produtos excepcionais que superem as expectativas dos clientes.<\/p>\n<p><img decoding=\"async\" src=\"https:\/\/www.hydraulic-cylinders.net\/wp-content\/uploads\/2025\/04\/songte-company-4.webp\" alt=\"Imagem da empresa 1\"><br \/>\n<img decoding=\"async\" src=\"https:\/\/www.hydraulic-cylinders.net\/wp-content\/uploads\/2025\/04\/songte-company-3.webp\" alt=\"Imagem da empresa 2\"><\/p>\n<p>Autor: lyl<\/p>","protected":false},"excerpt":{"rendered":"<p>Boom Cylinder For Sinomach ZG3235-9 Product Overview The Boom Cylinder for Sinomach ZG3235-9 is a crucial component designed to control the movement of heavy machinery buckets. Specifically, it is a hydraulic cylinder that enables the lifting, lowering, and tilting of the bucket in various applications, such as excavators, backhoe loaders, and front-end loaders. This hydraulic [&hellip;]<\/p>","protected":false},"featured_media":17876,"comment_status":"open","ping_status":"closed","template":"","meta":{"_et_pb_use_builder":"","_et_pb_old_content":"","_et_gb_content_width":""},"product_brand":[],"product_cat":[1546],"product_tag":[1547,1496],"class_list":{"0":"post-19703","1":"product","2":"type-product","3":"status-publish","4":"has-post-thumbnail","6":"product_cat-boom-cylinders","7":"product_tag-boom-cylinders","8":"product_tag-hydraulic-cylinders","10":"first","11":"instock","12":"shipping-taxable","13":"product-type-simple"},"amp_enabled":true,"_links":{"self":[{"href":"https:\/\/www.hydraulic-cylinders.net\/pt\/wp-json\/wp\/v2\/product\/19703","targetHints":{"allow":["GET"]}}],"collection":[{"href":"https:\/\/www.hydraulic-cylinders.net\/pt\/wp-json\/wp\/v2\/product"}],"about":[{"href":"https:\/\/www.hydraulic-cylinders.net\/pt\/wp-json\/wp\/v2\/types\/product"}],"replies":[{"embeddable":true,"href":"https:\/\/www.hydraulic-cylinders.net\/pt\/wp-json\/wp\/v2\/comments?post=19703"}],"wp:featuredmedia":[{"embeddable":true,"href":"https:\/\/www.hydraulic-cylinders.net\/pt\/wp-json\/wp\/v2\/media\/17876"}],"wp:attachment":[{"href":"https:\/\/www.hydraulic-cylinders.net\/pt\/wp-json\/wp\/v2\/media?parent=19703"}],"wp:term":[{"taxonomy":"product_brand","embeddable":true,"href":"https:\/\/www.hydraulic-cylinders.net\/pt\/wp-json\/wp\/v2\/product_brand?post=19703"},{"taxonomy":"product_cat","embeddable":true,"href":"https:\/\/www.hydraulic-cylinders.net\/pt\/wp-json\/wp\/v2\/product_cat?post=19703"},{"taxonomy":"product_tag","embeddable":true,"href":"https:\/\/www.hydraulic-cylinders.net\/pt\/wp-json\/wp\/v2\/product_tag?post=19703"}],"curies":[{"name":"wp","href":"https:\/\/api.w.org\/{rel}","templated":true}]}}