{"id":19705,"date":"2025-04-07T07:02:54","date_gmt":"2025-04-07T07:02:54","guid":{"rendered":"https:\/\/www.hydraulic-cylinders.net\/product\/boom-cylinder-for-hengte-ht65-8\/"},"modified":"2025-04-07T07:02:57","modified_gmt":"2025-04-07T07:02:57","slug":"boom-cylinder-for-hengte-ht65-8","status":"publish","type":"product","link":"https:\/\/www.hydraulic-cylinders.net\/pt\/produto\/boom-cylinder-for-hengte-ht65-8\/","title":{"rendered":"Cilindro da lan\u00e7a para Hengte HT65-8"},"content":{"rendered":"<h1>Cilindro da lan\u00e7a para Hengte HT65-8<\/h1>\n<h2>Introdu\u00e7\u00e3o aos Cilindros de Lan\u00e7a<\/h2>\n<p>O cilindro da lan\u00e7a \u00e9 um componente hidr\u00e1ulico crucial em m\u00e1quinas, projetado especificamente para controlar o movimento das ca\u00e7ambas em equipamentos pesados \u200b\u200bcomo escavadeiras, retroescavadeiras e p\u00e1s carregadeiras. Ele permite que a ca\u00e7amba suba, des\u00e7a e incline, facilitando tarefas eficientes de movimenta\u00e7\u00e3o de materiais. Ao aproveitar a for\u00e7a do fluido hidr\u00e1ulico, esses cilindros fornecem a for\u00e7a necess\u00e1ria para realizar opera\u00e7\u00f5es exigentes. Isso os torna uma parte indispens\u00e1vel de qualquer m\u00e1quina de constru\u00e7\u00e3o ou agr\u00edcola.<\/p>\n<p><img decoding=\"async\" src=\"https:\/\/www.hydraulic-cylinders.net\/wp-content\/uploads\/2025\/04\/songte-company-1.webp\" alt=\"Cilindro de lan\u00e7a\"><\/p>\n<h2>Caracter\u00edsticas do Cilindro de Lan\u00e7a<\/h2>\n<ul>\n<li>\n<h3>Alta resist\u00eancia e durabilidade<\/h3>\n<p>Normalmente fabricado em a\u00e7o de alta resist\u00eancia ou alum\u00ednio, o cilindro da lan\u00e7a suporta alta press\u00e3o e cargas pesadas, tornando-o adequado para ambientes de trabalho severos. Seu design leva em considera\u00e7\u00e3o a resist\u00eancia ao desgaste e \u00e0 corros\u00e3o, prolongando significativamente sua vida \u00fatil.<\/p>\n<\/li>\n<li>\n<h3>Opera\u00e7\u00e3o Hidr\u00e1ulica Eficiente<\/h3>\n<p>A utiliza\u00e7\u00e3o da press\u00e3o do \u00f3leo hidr\u00e1ulico permite uma extens\u00e3o e retra\u00e7\u00e3o suaves, possibilitando respostas r\u00e1pidas aos comandos de controle. Essa caracter\u00edstica proporciona uma for\u00e7a consider\u00e1vel de tra\u00e7\u00e3o e empuxo, essencial para lidar com tarefas pesadas e complexas.<\/p>\n<\/li>\n<li>\n<h3>Variedade de tipos<\/h3>\n<p>Est\u00e3o dispon\u00edveis diferentes tipos de cilindros para lan\u00e7as, incluindo cilindros de a\u00e7\u00e3o simples (que operam com press\u00e3o hidr\u00e1ulica em uma dire\u00e7\u00e3o) e cilindros de a\u00e7\u00e3o dupla (que operam em ambas as dire\u00e7\u00f5es). Alguns modelos s\u00e3o telesc\u00f3picos, permitindo maior extens\u00e3o sem aumentar as dimens\u00f5es externas, ideais para aplica\u00e7\u00f5es com espa\u00e7o limitado.<\/p>\n<\/li>\n<li>\n<h3>Compatibilidade com equipamentos existentes<\/h3>\n<p>Nossos produtos substituem perfeitamente os cilindros hidr\u00e1ulicos existentes, garantindo uma integra\u00e7\u00e3o perfeita em sua configura\u00e7\u00e3o de m\u00e1quinas atual.<\/p>\n<\/li>\n<li>\n<h3>Tecnologia Avan\u00e7ada<\/h3>\n<p>A incorpora\u00e7\u00e3o das mais recentes inova\u00e7\u00f5es em tecnologia hidr\u00e1ulica aprimora o desempenho, a confiabilidade e a efici\u00eancia operacional, atendendo \u00e0s demandas das modernas aplica\u00e7\u00f5es de servi\u00e7o pesado.<\/p>\n<\/li>\n<\/ul>\n<p><img decoding=\"async\" src=\"https:\/\/www.hydraulic-cylinders.net\/wp-content\/uploads\/2025\/04\/songte-cylinder-head-with-all-kinds-excavator-models.webp\" alt=\"Compatibilidade do cilindro da lan\u00e7a\"><\/p>\n<h2>Aplica\u00e7\u00f5es de Cilindros de Lan\u00e7a<\/h2>\n<h3>Equipamentos de constru\u00e7\u00e3o<\/h3>\n<p>Em escavadeiras, os cilindros da lan\u00e7a s\u00e3o vitais para escavar, carregar e movimentar solo ou entulho. Eles permitem que a ca\u00e7amba penetre no solo de forma eficaz, possibilitando que os operadores executem tarefas de escava\u00e7\u00e3o com efici\u00eancia. A pot\u00eancia hidr\u00e1ulica garante que a escavadeira possa lidar com diversos tipos de solo e tamanhos de entulho, tornando-a uma ferramenta altamente vers\u00e1til em canteiros de obras.<\/p>\n<h3>Maquinaria agr\u00edcola<\/h3>\n<p>Em carregadeiras frontais, os cilindros da lan\u00e7a facilitam o levantamento, a coleta e o transporte de terra, feno e outros materiais. A capacidade de controlar com precis\u00e3o o movimento da ca\u00e7amba permite que os agricultores otimizem suas opera\u00e7\u00f5es de carregamento, aumentando a produtividade e reduzindo os custos de m\u00e3o de obra. A pot\u00eancia e a confiabilidade desses cilindros s\u00e3o essenciais para o manuseio de cargas agr\u00edcolas pesadas.<\/p>\n<h3>Escavadeiras<\/h3>\n<p>Em escavadeiras, o cilindro da ca\u00e7amba desempenha um papel crucial na execu\u00e7\u00e3o das opera\u00e7\u00f5es de escava\u00e7\u00e3o. Ao permitir que a ca\u00e7amba penetre no solo de forma eficiente, ele aumenta a capacidade da escavadeira de concluir tarefas desafiadoras, como abertura de valas e trabalhos de funda\u00e7\u00e3o. A capacidade de resposta dos sistemas hidr\u00e1ulicos garante que os operadores possam fazer ajustes r\u00e1pidos conforme necess\u00e1rio, melhorando a efici\u00eancia geral.<\/p>\n<h3>Carregadores<\/h3>\n<p>Em carregadeiras frontais, os cilindros da lan\u00e7a auxiliam no levantamento e despejo eficientes de cargas. O sistema hidr\u00e1ulico permite ao operador levantar materiais pesados \u200b\u200bcom facilidade, garantindo processos de carga e descarga r\u00e1pidos e eficazes. Essa capacidade \u00e9 vital em diversos setores, incluindo constru\u00e7\u00e3o civil, gest\u00e3o de res\u00edduos e agricultura.<\/p>\n<h2>Considera\u00e7\u00f5es de design e crit\u00e9rios de sele\u00e7\u00e3o<\/h2>\n<ul>\n<li>\n<h3>Capacidade de carga<\/h3>\n<p>Ao selecionar um cilindro para lan\u00e7a, \u00e9 fundamental compreender a capacidade de carga. Ela determina o peso m\u00e1ximo que o cilindro pode suportar com efici\u00eancia, sem falhas. Um cilindro com a capacidade de carga adequada garante a opera\u00e7\u00e3o segura durante tarefas pesadas, prevenindo acidentes causados \u200b\u200bpor sobrecarga.<\/p>\n<\/li>\n<li>\n<h3>Selagem<\/h3>\n<p>Uma veda\u00e7\u00e3o eficaz \u00e9 crucial para manter a press\u00e3o hidr\u00e1ulica dentro do cilindro. Veda\u00e7\u00f5es de alta qualidade evitam vazamentos de fluido, garantindo desempenho ideal e reduzindo o risco de contamina\u00e7\u00e3o. As veda\u00e7\u00f5es devem ser dur\u00e1veis \u200b\u200be resistentes ao desgaste, pois s\u00e3o essenciais para manter a funcionalidade do cilindro ao longo do tempo.<\/p>\n<\/li>\n<li>\n<h3>Durabilidade<\/h3>\n<p>Projetado para suportar condi\u00e7\u00f5es extremas, a durabilidade de um cilindro de lan\u00e7a afeta sua vida \u00fatil e confiabilidade. Os materiais utilizados devem resistir \u00e0 corros\u00e3o, ao desgaste e \u00e0 fadiga, especialmente em ambientes de trabalho severos. A sele\u00e7\u00e3o de cilindros projetados para durabilidade minimiza os custos de manuten\u00e7\u00e3o e substitui\u00e7\u00e3o.<\/p>\n<\/li>\n<li>\n<h3>Seguran\u00e7a<\/h3>\n<p>Os recursos de seguran\u00e7a s\u00e3o fundamentais em sistemas hidr\u00e1ulicos. Os cilindros devem incluir v\u00e1lvulas de seguran\u00e7a e mecanismos de al\u00edvio de press\u00e3o para evitar falhas durante a opera\u00e7\u00e3o. Compreender as normas e regulamenta\u00e7\u00f5es de seguran\u00e7a \u00e9 essencial para garantir a conformidade e proteger os operadores e os equipamentos.<\/p>\n<\/li>\n<li>\n<h3>Manutenibilidade<\/h3>\n<p>A facilidade de manuten\u00e7\u00e3o \u00e9 um fator crucial na escolha de um cilindro para lan\u00e7a. Caracter\u00edsticas como pontos de lubrifica\u00e7\u00e3o acess\u00edveis, veda\u00e7\u00f5es substitu\u00edveis e processos de instala\u00e7\u00e3o simples contribuem para a facilidade de manuten\u00e7\u00e3o do sistema hidr\u00e1ulico. Um cilindro bem projetado permite uma manuten\u00e7\u00e3o r\u00e1pida e eficaz, mantendo a m\u00e1quina em funcionamento.<\/p>\n<\/li>\n<\/ul>\n<p><img decoding=\"async\" src=\"https:\/\/www.hydraulic-cylinders.net\/wp-content\/uploads\/2025\/04\/songte-oil-pipes-and-spare-parts.webp\" alt=\"Componentes hidr\u00e1ulicos\"><\/p>\n<h2>Veda\u00e7\u00e3o e Lubrifica\u00e7\u00e3o<\/h2>\n<p>Uma veda\u00e7\u00e3o e lubrifica\u00e7\u00e3o confi\u00e1veis \u200b\u200bs\u00e3o essenciais para o desempenho ideal dos cilindros hidr\u00e1ulicos. Diversos componentes de veda\u00e7\u00e3o, como veda\u00e7\u00f5es de pist\u00e3o e veda\u00e7\u00f5es de haste, s\u00e3o empregados para evitar vazamentos de fluido hidr\u00e1ulico. Essas veda\u00e7\u00f5es s\u00e3o frequentemente fabricadas com materiais resistentes \u00e0 abras\u00e3o, como poliuretano e borracha nitr\u00edlica, garantindo durabilidade e efic\u00e1cia.<\/p>\n<p>As superf\u00edcies do corpo do cilindro e das extremidades roscadas passam por um processamento meticuloso para aumentar a resist\u00eancia ao desgaste, promovendo maior durabilidade. A lubrifica\u00e7\u00e3o regular com o \u00f3leo hidr\u00e1ulico apropriado \u00e9 necess\u00e1ria para manter o funcionamento suave e evitar o desgaste ao longo do tempo. A lubrifica\u00e7\u00e3o adequada reduz o atrito entre as pe\u00e7as m\u00f3veis, garantindo uma a\u00e7\u00e3o hidr\u00e1ulica eficiente e prolongando a vida \u00fatil do cilindro da lan\u00e7a.<\/p>\n<h2>Medidas de inspe\u00e7\u00e3o regular e manuten\u00e7\u00e3o preventiva<\/h2>\n<ul>\n<li>\n<h3>Inspe\u00e7\u00f5es regulares<\/h3>\n<p>Realizar inspe\u00e7\u00f5es peri\u00f3dicas \u00e9 fundamental para identificar problemas potenciais antes que se agravem. Verifique se h\u00e1 vazamentos vis\u00edveis, desgaste nas veda\u00e7\u00f5es e quaisquer sinais de danos ou deforma\u00e7\u00f5es. A detec\u00e7\u00e3o precoce permite reparos oportunos, evitando maiores danos ao sistema hidr\u00e1ulico.<\/p>\n<\/li>\n<li>\n<h3>Lubrifica\u00e7\u00e3o adequada<\/h3>\n<p>Certifique-se de que o sistema hidr\u00e1ulico esteja adequadamente lubrificado com o fluido hidr\u00e1ulico recomendado. Reabaste\u00e7a regularmente o reservat\u00f3rio de \u00f3leo e verifique se h\u00e1 contamina\u00e7\u00e3o ou degrada\u00e7\u00e3o do fluido hidr\u00e1ulico. A lubrifica\u00e7\u00e3o adequada minimiza o desgaste dos componentes internos, otimizando o desempenho e prolongando a vida \u00fatil do cilindro.<\/p>\n<\/li>\n<li>\n<h3>Substitui\u00e7\u00e3o da veda\u00e7\u00e3o<\/h3>\n<p>As veda\u00e7\u00f5es devem ser substitu\u00eddas como parte da manuten\u00e7\u00e3o regular para evitar vazamentos de fluido hidr\u00e1ulico. Sinais de desgaste, como vazamentos de fluido ou desempenho reduzido, indicam que \u00e9 hora de substituir as veda\u00e7\u00f5es. As veda\u00e7\u00f5es de reposi\u00e7\u00e3o devem corresponder \u00e0s especifica\u00e7\u00f5es do equipamento original para garantir o funcionamento adequado.<\/p>\n<\/li>\n<\/ul>\n<h2>Diretrizes de instala\u00e7\u00e3o<\/h2>\n<p>A instala\u00e7\u00e3o correta do cilindro da lan\u00e7a \u00e9 crucial para um desempenho ideal. Comece certificando-se de que todos os componentes estejam limpos e livres de detritos. Alinhe o cilindro com precis\u00e3o com os suportes de montagem para evitar desalinhamentos, que podem levar ao desgaste prematuro e \u00e0 falha do equipamento.<\/p>\n<p>Utilize suportes de montagem adequados para fixar o cilindro, garantindo estabilidade durante a opera\u00e7\u00e3o. Ap\u00f3s a instala\u00e7\u00e3o, verifique se h\u00e1 vazamentos nas conex\u00f5es hidr\u00e1ulicas e certifique-se de que todos os fixadores estejam apertados de acordo com as especifica\u00e7\u00f5es do fabricante. Uma vez instalado, realize um teste de press\u00e3o para confirmar a integridade e a efici\u00eancia do sistema.<\/p>\n<h2>Tarefas comuns de manuten\u00e7\u00e3o<\/h2>\n<ul>\n<li>\n<h3>Verifica\u00e7\u00f5es regulares<\/h3>\n<p>A verifica\u00e7\u00e3o peri\u00f3dica do sistema hidr\u00e1ulico e do cilindro da lan\u00e7a \u00e9 essencial para manter o desempenho. Inspecione se h\u00e1 vazamentos, certifique-se de que as linhas hidr\u00e1ulicas estejam intactas e confirme a integridade operacional do cilindro. O monitoramento regular pode ajudar a detectar problemas precocemente, reduzindo custos com reparos.<\/p>\n<\/li>\n<li>\n<h3>Lubrifica\u00e7\u00e3o adequada<\/h3>\n<p>Manter a lubrifica\u00e7\u00e3o adequada \u00e9 crucial para a efici\u00eancia do sistema hidr\u00e1ulico. Verifique regularmente os n\u00edveis de lubrificante e complete com o fluido hidr\u00e1ulico apropriado, conforme necess\u00e1rio. Garantir a lubrifica\u00e7\u00e3o adequada minimiza o atrito, prevenindo o desgaste e prolongando a vida \u00fatil do cilindro.<\/p>\n<\/li>\n<li>\n<h3>Substitui\u00e7\u00e3o de selos e verifica\u00e7\u00f5es de calibra\u00e7\u00e3o<\/h3>\n<p>Substitua as veda\u00e7\u00f5es conforme necess\u00e1rio para evitar vazamentos de fluido e realize verifica\u00e7\u00f5es de calibra\u00e7\u00e3o para garantir o funcionamento correto do sistema hidr\u00e1ulico. A calibra\u00e7\u00e3o adequada garante que o cilindro opere dentro dos par\u00e2metros definidos, melhorando o desempenho geral e a seguran\u00e7a.<\/p>\n<\/li>\n<\/ul>\n<p><img decoding=\"async\" src=\"https:\/\/www.hydraulic-cylinders.net\/wp-content\/uploads\/2025\/04\/songte-chushion-collar.webp\" alt=\"Componentes de manuten\u00e7\u00e3o\"><\/p>\n<h2>Considera\u00e7\u00f5es de seguran\u00e7a e fatores ambientais<\/h2>\n<p>As medidas de seguran\u00e7a s\u00e3o vitais ao trabalhar com sistemas hidr\u00e1ulicos. Os operadores devem ser treinados sobre os riscos potenciais associados aos equipamentos hidr\u00e1ulicos, incluindo o risco de vazamentos de fluido hidr\u00e1ulico e les\u00f5es relacionadas \u00e0 press\u00e3o. Os equipamentos de prote\u00e7\u00e3o individual devem ser usados \u200b\u200bem todos os momentos para minimizar os riscos. Al\u00e9m disso, as considera\u00e7\u00f5es ambientais devem incluir o descarte adequado de fluidos e componentes hidr\u00e1ulicos para evitar a polui\u00e7\u00e3o e cumprir as normas locais.<\/p>\n<h2>Diagn\u00f3stico de falhas e problemas comuns<\/h2>\n<ul>\n<li>\n<h3>Perda de press\u00e3o hidr\u00e1ulica<\/h3>\n<p>Um problema comum \u00e9 a perda de press\u00e3o hidr\u00e1ulica, que pode ser causada por vazamentos em veda\u00e7\u00f5es ou tubula\u00e7\u00f5es hidr\u00e1ulicas. Para diagnosticar, inspecione em busca de vazamentos vis\u00edveis e teste os n\u00edveis de press\u00e3o do sistema. Certifique-se de que todas as conex\u00f5es estejam seguras e substitua quaisquer componentes danificados.<\/p>\n<\/li>\n<li>\n<h3>Movimento lento ou sem resposta do cilindro<\/h3>\n<p>Se o cilindro se mover lentamente ou n\u00e3o responder, verifique se h\u00e1 ar no fluido hidr\u00e1ulico e certifique-se de que o n\u00edvel do fluido esteja correto. Inspecione se h\u00e1 obstru\u00e7\u00f5es nas linhas hidr\u00e1ulicas que possam impedir o fluxo e remova quaisquer detritos encontrados.<\/p>\n<\/li>\n<li>\n<h3>Desgaste excessivo nas veda\u00e7\u00f5es<\/h3>\n<p>O desgaste excessivo das veda\u00e7\u00f5es pode indicar lubrifica\u00e7\u00e3o inadequada ou desalinhamento. Verifique regularmente o desgaste das veda\u00e7\u00f5es, substitua-as quando necess\u00e1rio e certifique-se de que o cilindro esteja alinhado corretamente durante a instala\u00e7\u00e3o para evitar tens\u00e3o excessiva nas veda\u00e7\u00f5es.<\/p>\n<\/li>\n<\/ul>\n<p><img decoding=\"async\" src=\"https:\/\/www.hydraulic-cylinders.net\/wp-content\/uploads\/2025\/04\/songte-bushings-with-all-kinds-of-excavator-models.webp\" alt=\"Diagn\u00f3stico de falhas\"><\/p>\n<h2>Dicas de resolu\u00e7\u00e3o de problemas e medidas preventivas<\/h2>\n<p>Para solucionar problemas com efic\u00e1cia, comece sempre com uma abordagem sistem\u00e1tica. Verifique os n\u00edveis de fluido e certifique-se de que o sistema hidr\u00e1ulico esteja livre de contaminantes. Pr\u00e1ticas regulares de manuten\u00e7\u00e3o, como inspe\u00e7\u00f5es peri\u00f3dicas e lubrifica\u00e7\u00e3o adequada, s\u00e3o cruciais para prevenir problemas potenciais. Manter um registro das manuten\u00e7\u00f5es pode ajudar a monitorar o desempenho e identificar padr\u00f5es que podem indicar problemas subjacentes.<\/p>\n<h2>Sobre nossa empresa<\/h2>\n<p>Somos um fabricante l\u00edder de cilindros hidr\u00e1ulicos de reposi\u00e7\u00e3o, oferecendo uma gama completa de produtos que atendem tanto ao mercado nacional quanto internacional. Nosso compromisso com a excel\u00eancia se reflete em nossas estrat\u00e9gias detalhadas de gest\u00e3o de produ\u00e7\u00e3o, que combinam pessoal t\u00e9cnico qualificado, equipamentos de fabrica\u00e7\u00e3o digital avan\u00e7ados e sistemas de teste profissionais para aprimorar continuamente nossa plataforma de produ\u00e7\u00e3o.<\/p>\n<p>Nossas s\u00f3lidas capacidades nos permitem aderir a altos padr\u00f5es de efici\u00eancia, precis\u00e3o e qualidade, garantindo que atendemos \u00e0s diversas necessidades de nossos clientes. Com foco em profissionalismo, certifica\u00e7\u00f5es internacionais e servi\u00e7os personalizados, nos destacamos no setor de fabrica\u00e7\u00e3o de cilindros hidr\u00e1ulicos. Nossos equipamentos de produ\u00e7\u00e3o de \u00faltima gera\u00e7\u00e3o e o excepcional servi\u00e7o p\u00f3s-venda refor\u00e7am ainda mais nossa reputa\u00e7\u00e3o como fornecedor confi\u00e1vel.<\/p>\n<p><img decoding=\"async\" src=\"https:\/\/www.hydraulic-cylinders.net\/wp-content\/uploads\/2025\/04\/songte-company-4.webp\" alt=\"Vis\u00e3o geral da empresa\"><br \/>\n<img decoding=\"async\" src=\"https:\/\/www.hydraulic-cylinders.net\/wp-content\/uploads\/2025\/04\/songte-company-3.webp\" alt=\"Instala\u00e7\u00e3o de Produ\u00e7\u00e3o\"><\/p>\n<p>Autora lyl<\/p>","protected":false},"excerpt":{"rendered":"<p>Boom Cylinder For Hengte HT65-8 Introduction to Boom Cylinders The Boom Cylinder is a crucial hydraulic component in machinery, specifically designed for controlling the movement of buckets in heavy equipment like excavators, backhoe loaders, and front loaders. It enables the bucket to lift, lower, and tilt, facilitating efficient material handling tasks. By harnessing the power [&hellip;]<\/p>","protected":false},"featured_media":17878,"comment_status":"open","ping_status":"closed","template":"","meta":{"_et_pb_use_builder":"","_et_pb_old_content":"","_et_gb_content_width":""},"product_brand":[],"product_cat":[1546],"product_tag":[1547,1496],"class_list":{"0":"post-19705","1":"product","2":"type-product","3":"status-publish","4":"has-post-thumbnail","6":"product_cat-boom-cylinders","7":"product_tag-boom-cylinders","8":"product_tag-hydraulic-cylinders","10":"first","11":"instock","12":"shipping-taxable","13":"product-type-simple"},"amp_enabled":true,"_links":{"self":[{"href":"https:\/\/www.hydraulic-cylinders.net\/pt\/wp-json\/wp\/v2\/product\/19705","targetHints":{"allow":["GET"]}}],"collection":[{"href":"https:\/\/www.hydraulic-cylinders.net\/pt\/wp-json\/wp\/v2\/product"}],"about":[{"href":"https:\/\/www.hydraulic-cylinders.net\/pt\/wp-json\/wp\/v2\/types\/product"}],"replies":[{"embeddable":true,"href":"https:\/\/www.hydraulic-cylinders.net\/pt\/wp-json\/wp\/v2\/comments?post=19705"}],"wp:featuredmedia":[{"embeddable":true,"href":"https:\/\/www.hydraulic-cylinders.net\/pt\/wp-json\/wp\/v2\/media\/17878"}],"wp:attachment":[{"href":"https:\/\/www.hydraulic-cylinders.net\/pt\/wp-json\/wp\/v2\/media?parent=19705"}],"wp:term":[{"taxonomy":"product_brand","embeddable":true,"href":"https:\/\/www.hydraulic-cylinders.net\/pt\/wp-json\/wp\/v2\/product_brand?post=19705"},{"taxonomy":"product_cat","embeddable":true,"href":"https:\/\/www.hydraulic-cylinders.net\/pt\/wp-json\/wp\/v2\/product_cat?post=19705"},{"taxonomy":"product_tag","embeddable":true,"href":"https:\/\/www.hydraulic-cylinders.net\/pt\/wp-json\/wp\/v2\/product_tag?post=19705"}],"curies":[{"name":"wp","href":"https:\/\/api.w.org\/{rel}","templated":true}]}}