{"id":19707,"date":"2025-04-07T07:03:02","date_gmt":"2025-04-07T07:03:02","guid":{"rendered":"https:\/\/www.hydraulic-cylinders.net\/product\/boom-cylinder-for-hengte-ht150-8\/"},"modified":"2025-04-07T07:03:05","modified_gmt":"2025-04-07T07:03:05","slug":"boom-cylinder-for-hengte-ht150-8","status":"publish","type":"product","link":"https:\/\/www.hydraulic-cylinders.net\/pt\/produto\/boom-cylinder-for-hengte-ht150-8\/","title":{"rendered":"Cilindro da lan\u00e7a para Hengte HT150-8"},"content":{"rendered":"<h1>Cilindro da lan\u00e7a para Hengte HT150-8<\/h1>\n<h2>Introdu\u00e7\u00e3o ao Cilindro de Lan\u00e7a<\/h2>\n<p>O cilindro da lan\u00e7a, projetado especificamente para a Hengte HT150-8, \u00e9 um componente hidr\u00e1ulico essencial que desempenha um papel vital na opera\u00e7\u00e3o de m\u00e1quinas pesadas. Este cilindro hidr\u00e1ulico \u00e9 usado principalmente para controlar o movimento da ca\u00e7amba em diversas aplica\u00e7\u00f5es, como escavadeiras, retroescavadeiras e p\u00e1s carregadeiras. Ele permite que a ca\u00e7amba suba, des\u00e7a e incline, facilitando tarefas eficientes de movimenta\u00e7\u00e3o de materiais.<\/p>\n<p><img decoding=\"async\" src=\"https:\/\/www.hydraulic-cylinders.net\/wp-content\/uploads\/2025\/04\/songte-company-1.webp\" alt=\"Cilindro de lan\u00e7a\"><\/p>\n<h3>Vis\u00e3o geral dos cilindros de ca\u00e7amba<\/h3>\n<p>Os cilindros de ca\u00e7amba s\u00e3o um tipo de cilindro hidr\u00e1ulico projetado especificamente para controlar o movimento das ca\u00e7ambas em m\u00e1quinas pesadas. Eles s\u00e3o cruciais para tarefas que envolvem escava\u00e7\u00e3o, carregamento e transporte de materiais. O funcionamento desses cilindros depende do fluido hidr\u00e1ulico, que cria a press\u00e3o necess\u00e1ria para permitir o movimento suave e eficiente da ca\u00e7amba. Ao permitir que a ca\u00e7amba se mova em v\u00e1rias dire\u00e7\u00f5es, os cilindros de ca\u00e7amba aumentam significativamente a versatilidade e a funcionalidade de equipamentos de constru\u00e7\u00e3o e agr\u00edcolas.<\/p>\n<h2>Principais caracter\u00edsticas do cilindro de lan\u00e7a<\/h2>\n<ul>\n<li><strong>Alta resist\u00eancia e durabilidade:<\/strong> Fabricados em a\u00e7o de alta resist\u00eancia ou alum\u00ednio, os cilindros da lan\u00e7a s\u00e3o projetados para suportar alta press\u00e3o e cargas pesadas, tornando-os adequados para ambientes de trabalho severos.<\/li>\n<li><strong>Opera\u00e7\u00e3o hidr\u00e1ulica eficiente:<\/strong> O cilindro utiliza press\u00e3o de \u00f3leo hidr\u00e1ulico para extens\u00e3o e retra\u00e7\u00e3o suaves, proporcionando resposta r\u00e1pida aos comandos de controle e poderosas capacidades de empurrar e puxar.<\/li>\n<li><strong>Tipos diversos:<\/strong> Dispon\u00edvel em configura\u00e7\u00f5es de a\u00e7\u00e3o simples e de a\u00e7\u00e3o dupla, atendendo a diversas necessidades operacionais. Alguns modelos apresentam design telesc\u00f3pico para maior alcance sem aumentar o tamanho total.<\/li>\n<li><strong>Tecnologia de Veda\u00e7\u00e3o Avan\u00e7ada:<\/strong> Incorpora veda\u00e7\u00f5es de alta qualidade que garantem a reten\u00e7\u00e3o do fluido hidr\u00e1ulico, prevenindo vazamentos e assegurando um desempenho ideal.<\/li>\n<li><strong>Fabrica\u00e7\u00e3o personalizada:<\/strong> Nossa empresa pode produzir substitutos perfeitos para esses cilindros hidr\u00e1ulicos, garantindo compatibilidade com diversos modelos de m\u00e1quinas.<\/li>\n<\/ul>\n<p><img decoding=\"async\" src=\"https:\/\/www.hydraulic-cylinders.net\/wp-content\/uploads\/2025\/04\/songte-cylinder-head-with-all-kinds-excavator-models.webp\" alt=\"Compatibilidade do cilindro da lan\u00e7a\"><\/p>\n<h2>Aplica\u00e7\u00f5es do Cilindro de Lan\u00e7a<\/h2>\n<h3>Equipamentos de constru\u00e7\u00e3o<\/h3>\n<p>Em equipamentos de constru\u00e7\u00e3o, os cilindros da lan\u00e7a s\u00e3o componentes indispens\u00e1veis \u200b\u200bem escavadeiras. Eles permitem a escava\u00e7\u00e3o, o carregamento e a movimenta\u00e7\u00e3o de solo ou entulho com efici\u00eancia. A capacidade de controlar o \u00e2ngulo e a profundidade da ca\u00e7amba aumenta significativamente a produtividade da m\u00e1quina, permitindo escava\u00e7\u00f5es precisas e melhor gerenciamento de materiais. A integra\u00e7\u00e3o de cilindros da lan\u00e7a em retroescavadeiras auxilia ainda mais nas tarefas de escava\u00e7\u00e3o e eleva\u00e7\u00e3o, tornando-as uma op\u00e7\u00e3o vers\u00e1til para opera\u00e7\u00f5es de constru\u00e7\u00e3o.<\/p>\n<h3>Maquinaria agr\u00edcola<\/h3>\n<p>Em ambientes agr\u00edcolas, as p\u00e1s carregadeiras utilizam cilindros de lan\u00e7a para diversas tarefas, como escavar, levantar e transportar terra, feno e outros materiais. A capacidade de manobrar a ca\u00e7amba com efici\u00eancia \u00e9 crucial para tarefas como carregar ra\u00e7\u00e3o, movimentar planta\u00e7\u00f5es ou limpar terrenos. A for\u00e7a e a capacidade de resposta do cilindro de lan\u00e7a garantem que essas m\u00e1quinas possam lidar com cargas pesadas de forma eficiente, maximizando a produtividade durante as opera\u00e7\u00f5es agr\u00edcolas.<\/p>\n<h3>Escavadeiras<\/h3>\n<p>Em escavadeiras, o cilindro da lan\u00e7a facilita a escava\u00e7\u00e3o, permitindo que a ca\u00e7amba penetre no solo de forma eficaz. Sua pot\u00eancia hidr\u00e1ulica garante que a m\u00e1quina possa realizar escava\u00e7\u00f5es profundas com o m\u00ednimo esfor\u00e7o. O controle preciso proporcionado pelo cilindro da lan\u00e7a permite que os operadores executem opera\u00e7\u00f5es de escava\u00e7\u00e3o complexas com exatid\u00e3o, aumentando a efici\u00eancia operacional geral.<\/p>\n<h3>Carregadores<\/h3>\n<p>Em carregadeiras frontais, os cilindros da lan\u00e7a desempenham um papel fundamental no levantamento e despejo eficiente de materiais. Eles fornecem a for\u00e7a necess\u00e1ria para elevar cargas pesadas, garantindo o transporte seguro e eficaz de materiais de um local para outro. A capacidade de resposta do cilindro da lan\u00e7a permite opera\u00e7\u00f5es de despejo r\u00e1pidas e precisas, tornando as carregadeiras altamente eficazes em tarefas de constru\u00e7\u00e3o e movimenta\u00e7\u00e3o de materiais.<\/p>\n<h2>Considera\u00e7\u00f5es de design e crit\u00e9rios de sele\u00e7\u00e3o<\/h2>\n<h3>Capacidade de carga<\/h3>\n<p>Ao projetar um cilindro de lan\u00e7a, a capacidade de carga \u00e9 uma das principais considera\u00e7\u00f5es. Cada cilindro deve ser capaz de suportar as cargas m\u00e1ximas previstas sem falhar. Isso exige uma sele\u00e7\u00e3o criteriosa de materiais e especifica\u00e7\u00f5es de projeto que atendam \u00e0s tens\u00f5es esperadas durante a opera\u00e7\u00e3o. Os engenheiros frequentemente realizam c\u00e1lculos e simula\u00e7\u00f5es extensivas para determinar os limites de carga adequados, garantindo seguran\u00e7a e confiabilidade durante o uso.<\/p>\n<h3>Integridade de veda\u00e7\u00e3o<\/h3>\n<p>A veda\u00e7\u00e3o \u00e9 fundamental para o funcionamento eficaz dos cilindros hidr\u00e1ulicos. Veda\u00e7\u00f5es de alta qualidade impedem vazamentos de fluido hidr\u00e1ulico, que podem comprometer o desempenho e levar a falhas no sistema. A escolha dos materiais de veda\u00e7\u00e3o, como poliuretano ou borracha nitr\u00edlica, \u00e9 influenciada por fatores como temperatura e press\u00e3o. Mecanismos de veda\u00e7\u00e3o eficazes devem ser projetados para suportar ambientes de trabalho severos, mantendo a integridade do desempenho.<\/p>\n<h3>Durabilidade<\/h3>\n<p>A durabilidade \u00e9 um aspecto fundamental no projeto de qualquer cilindro hidr\u00e1ulico. Os engenheiros concentram-se na sele\u00e7\u00e3o de materiais e nos tratamentos de superf\u00edcie que aumentam a resist\u00eancia ao desgaste e a prote\u00e7\u00e3o contra corros\u00e3o. Isso garante que o cilindro funcione de forma confi\u00e1vel em diversas condi\u00e7\u00f5es, incluindo exposi\u00e7\u00e3o \u00e0 sujeira, umidade e produtos qu\u00edmicos. Testes regulares e medidas de controle de qualidade tamb\u00e9m contribuem para a longevidade e robustez do produto.<\/p>\n<h3>Recursos de seguran\u00e7a<\/h3>\n<p>Incorporar recursos de seguran\u00e7a no projeto dos cilindros da lan\u00e7a \u00e9 essencial. Isso inclui mecanismos que impedem movimentos involunt\u00e1rios, como travas de seguran\u00e7a e v\u00e1lvulas de al\u00edvio de press\u00e3o. Os testes de seguran\u00e7a s\u00e3o uma etapa crucial no processo de projeto, garantindo que o cilindro atenda aos padr\u00f5es da ind\u00fastria e proporcione tranquilidade aos operadores durante o uso.<\/p>\n<h3>Manutenibilidade<\/h3>\n<p>A facilidade de manuten\u00e7\u00e3o \u00e9 outra considera\u00e7\u00e3o importante. Um cilindro hidr\u00e1ulico bem projetado deve permitir inspe\u00e7\u00f5es, reparos e substitui\u00e7\u00f5es de pe\u00e7as descomplicadas. Recursos de projeto que facilitam o acesso a componentes cr\u00edticos ajudam a minimizar o tempo de inatividade e os custos de manuten\u00e7\u00e3o, garantindo que o equipamento permane\u00e7a operacional por longos per\u00edodos.<\/p>\n<p><img decoding=\"async\" src=\"https:\/\/www.hydraulic-cylinders.net\/wp-content\/uploads\/2025\/04\/songte-oil-pipes-and-spare-parts.webp\" alt=\"Pe\u00e7as de cilindro hidr\u00e1ulico\"><\/p>\n<h2>Veda\u00e7\u00e3o e Lubrifica\u00e7\u00e3o<\/h2>\n<p>A veda\u00e7\u00e3o e a lubrifica\u00e7\u00e3o adequadas s\u00e3o vitais para o funcionamento eficiente dos cilindros hidr\u00e1ulicos. Diversos tipos de veda\u00e7\u00f5es, como veda\u00e7\u00f5es de pist\u00e3o e veda\u00e7\u00f5es de haste, s\u00e3o empregados para manter a integridade do fluido hidr\u00e1ulico. Veda\u00e7\u00f5es fabricadas com materiais resistentes ao desgaste, como poliuretano e borracha nitr\u00edlica, garantem um desempenho duradouro. Al\u00e9m disso, o corpo do cilindro e as extremidades roscadas passam por usinagem de precis\u00e3o para aumentar a durabilidade e a resist\u00eancia ao desgaste.<\/p>\n<p>A lubrifica\u00e7\u00e3o regular com o \u00f3leo hidr\u00e1ulico apropriado \u00e9 necess\u00e1ria para reduzir o atrito e o desgaste dentro do cilindro. Os operadores devem monitorar os n\u00edveis de \u00f3leo e completar conforme necess\u00e1rio para manter o desempenho ideal. A implementa\u00e7\u00e3o de uma rotina de lubrifica\u00e7\u00e3o programada pode prolongar significativamente a vida \u00fatil do sistema hidr\u00e1ulico.<\/p>\n<h2>Manuten\u00e7\u00e3o de rotina e medidas preventivas<\/h2>\n<ul>\n<li><strong>Inspe\u00e7\u00f5es regulares:<\/strong> Realize verifica\u00e7\u00f5es de rotina no sistema hidr\u00e1ulico para detectar quaisquer sinais de desgaste ou danos. A detec\u00e7\u00e3o precoce pode evitar problemas mais graves no futuro.<\/li>\n<li><strong>Lubrifica\u00e7\u00e3o adequada:<\/strong> Certifique-se de que todas as pe\u00e7as m\u00f3veis estejam adequadamente lubrificadas para minimizar o atrito e o desgaste. Um sistema bem lubrificado opera com mais efici\u00eancia e tem uma vida \u00fatil mais longa.<\/li>\n<li><strong>Substitui\u00e7\u00e3o da veda\u00e7\u00e3o:<\/strong> Inspecione regularmente as veda\u00e7\u00f5es para verificar se h\u00e1 sinais de desgaste ou danos. A substitui\u00e7\u00e3o imediata de veda\u00e7\u00f5es desgastadas pode evitar vazamentos e manter a integridade do sistema hidr\u00e1ulico.<\/li>\n<\/ul>\n<h2>Diretrizes de instala\u00e7\u00e3o<\/h2>\n<p>A instala\u00e7\u00e3o correta do cilindro da lan\u00e7a \u00e9 crucial para o desempenho ideal. Comece certificando-se de que todos os componentes estejam limpos e livres de detritos. Alinhe o cilindro corretamente com os suportes de montagem para evitar problemas de desalinhamento. Utilize os parafusos e porcas de fixa\u00e7\u00e3o adequados para prender o cilindro no lugar, garantindo que ele suporte as tens\u00f5es operacionais. \u00c9 recomend\u00e1vel consultar as especifica\u00e7\u00f5es do fabricante para obter informa\u00e7\u00f5es sobre os valores de torque e detalhes de alinhamento.<\/p>\n<p>Ap\u00f3s a instala\u00e7\u00e3o, realize um teste funcional para verificar o funcionamento do cilindro. Verifique se h\u00e1 vazamentos hidr\u00e1ulicos e fa\u00e7a os ajustes necess\u00e1rios. Monitore regularmente a instala\u00e7\u00e3o em busca de sinais de desgaste ou desalinhamento, solucionando os problemas prontamente para manter o desempenho.<\/p>\n<h2>Tarefas comuns de manuten\u00e7\u00e3o<\/h2>\n<h3>Inspe\u00e7\u00f5es regulares<\/h3>\n<p>Realizar inspe\u00e7\u00f5es regulares \u00e9 crucial para identificar problemas potenciais antes que se tornem graves. Inspecione todas as conex\u00f5es hidr\u00e1ulicas, veda\u00e7\u00f5es e mangueiras em busca de vazamentos. Procure por sinais de desgaste no corpo do cilindro e certifique-se de que todos os componentes de fixa\u00e7\u00e3o estejam seguros. Verifica\u00e7\u00f5es regulares ajudam a manter a efici\u00eancia operacional e a prevenir avarias inesperadas.<\/p>\n<h3>Lubrifica\u00e7\u00e3o adequada<\/h3>\n<p>A lubrifica\u00e7\u00e3o \u00e9 vital para garantir o bom funcionamento do cilindro hidr\u00e1ulico. Mantenha os n\u00edveis de fluido hidr\u00e1ulico adequados e certifique-se de que o fluido esteja limpo e livre de contaminantes. Lubrifique regularmente as pe\u00e7as m\u00f3veis de acordo com as instru\u00e7\u00f5es do fabricante para minimizar o atrito e prolongar a vida \u00fatil do cilindro.<\/p>\n<h3>Substitui\u00e7\u00e3o de selos e verifica\u00e7\u00f5es de calibra\u00e7\u00e3o<\/h3>\n<p>Verificar regularmente o desgaste das veda\u00e7\u00f5es e substitu\u00ed-las quando necess\u00e1rio pode prevenir vazamentos de fluido. Al\u00e9m disso, as verifica\u00e7\u00f5es de calibra\u00e7\u00e3o garantem que o sistema hidr\u00e1ulico esteja funcionando corretamente e respondendo com precis\u00e3o aos comandos do operador. Isso inclui verificar se o cilindro se estende e retrai de forma suave e eficiente, mantendo os padr\u00f5es de desempenho esperados.<\/p>\n<p><img decoding=\"async\" src=\"https:\/\/www.hydraulic-cylinders.net\/wp-content\/uploads\/2025\/04\/songte-chushion-collar.webp\" alt=\"Coleira almofadada\"><\/p>\n<h2>Considera\u00e7\u00f5es de seguran\u00e7a e fatores ambientais<\/h2>\n<p>Ao operar cilindros hidr\u00e1ulicos, as medidas de seguran\u00e7a s\u00e3o de extrema import\u00e2ncia. Os operadores devem ser treinados no uso seguro de sistemas hidr\u00e1ulicos, incluindo a compreens\u00e3o dos riscos potenciais associados a sistemas de alta press\u00e3o. Os equipamentos de prote\u00e7\u00e3o individual (EPIs) adequados devem ser usados \u200b\u200bem todos os momentos e os protocolos de seguran\u00e7a devem ser seguidos para evitar les\u00f5es. Al\u00e9m disso, os operadores devem estar cientes dos fatores ambientais que podem afetar o desempenho do cilindro, como temperaturas extremas e exposi\u00e7\u00e3o a subst\u00e2ncias corrosivas.<\/p>\n<h2>Solu\u00e7\u00e3o de problemas e problemas comuns<\/h2>\n<ul>\n<li><strong>Vazamento:<\/strong> Um dos problemas mais comuns \u00e9 o vazamento de fluido hidr\u00e1ulico, frequentemente causado por veda\u00e7\u00f5es desgastadas ou mangueiras danificadas. Inspecione as veda\u00e7\u00f5es e conex\u00f5es regularmente para identificar e solucionar vazamentos o mais r\u00e1pido poss\u00edvel.<\/li>\n<li><strong>Movimento inconsistente:<\/strong> Se o cilindro n\u00e3o se estender ou retrair suavemente, isso pode indicar n\u00edveis baixos de fluido hidr\u00e1ulico ou ar preso no sistema. Verifique regularmente os n\u00edveis de fluido e sangre o sistema, se necess\u00e1rio.<\/li>\n<li><strong>Superaquecimento:<\/strong> O sobreaquecimento pode ocorrer devido ao atrito excessivo ou \u00e0 lubrifica\u00e7\u00e3o insuficiente. Monitore a temperatura do fluido hidr\u00e1ulico e assegure-se de que os protocolos de lubrifica\u00e7\u00e3o adequados sejam seguidos.<\/li>\n<\/ul>\n<h2>Dicas e solu\u00e7\u00f5es para solu\u00e7\u00e3o de problemas<\/h2>\n<p>Para solucionar problemas com efic\u00e1cia, comece identificando o sintoma e suas poss\u00edveis causas. Em caso de vazamentos, inspecione cuidadosamente as veda\u00e7\u00f5es e conex\u00f5es para localizar a origem do problema. Para movimentos inconsistentes, verifique os n\u00edveis de fluido e procure por bolsas de ar que precisam ser eliminadas. Implementar uma rotina de manuten\u00e7\u00e3o preventiva pode evitar muitos problemas comuns, garantindo uma opera\u00e7\u00e3o tranquila e reduzindo o tempo de inatividade.<\/p>\n<p><img decoding=\"async\" src=\"https:\/\/www.hydraulic-cylinders.net\/wp-content\/uploads\/2025\/04\/songte-bushings-with-all-kinds-of-excavator-models.webp\" alt=\"Buchas de cilindro hidr\u00e1ulico\"><\/p>\n<h2>Vis\u00e3o geral da empresa<\/h2>\n<p>Somos um dos principais fabricantes e distribuidores atacadistas de cilindros hidr\u00e1ulicos de reposi\u00e7\u00e3o. Nossa extensa linha de produtos nos posiciona como um player chave nos mercados nacional e internacional. Primamos pela excel\u00eancia em qualidade e utilizamos uma estrat\u00e9gia refinada de produ\u00e7\u00e3o para otimizar nossos processos de gest\u00e3o.<\/p>\n<p>Nosso compromisso com a qualidade \u00e9 sustentado por uma equipe altamente qualificada, equipamentos de fabrica\u00e7\u00e3o digital de \u00faltima gera\u00e7\u00e3o e um rigoroso sistema de testes. Esse investimento cont\u00ednuo em nossa plataforma de produ\u00e7\u00e3o garante que atendamos \u00e0s diversas necessidades dos clientes com alta efici\u00eancia, precis\u00e3o e qualidade.<\/p>\n<p><img decoding=\"async\" src=\"https:\/\/www.hydraulic-cylinders.net\/wp-content\/uploads\/2025\/04\/songte-company-4.webp\" alt=\"Vis\u00e3o geral da empresa\"><br \/>\n<img decoding=\"async\" src=\"https:\/\/www.hydraulic-cylinders.net\/wp-content\/uploads\/2025\/04\/songte-company-3.webp\" alt=\"Instala\u00e7\u00e3o de Fabrica\u00e7\u00e3o\"><\/p>\n<p>Nossa dedica\u00e7\u00e3o ao profissionalismo \u00e9 evidente em nossas certifica\u00e7\u00f5es internacionais e servi\u00e7os personalizados, adaptados \u00e0s necessidades espec\u00edficas de cada cliente. Nossos equipamentos de produ\u00e7\u00e3o de \u00faltima gera\u00e7\u00e3o garantem a manuten\u00e7\u00e3o de altos padr\u00f5es de qualidade, enquanto nosso servi\u00e7o p\u00f3s-venda assegura a satisfa\u00e7\u00e3o do cliente.<\/p>\n<p>Autor: lyl<\/p>","protected":false},"excerpt":{"rendered":"<p>Boom Cylinder For Hengte HT150-8 Introduction to the Boom Cylinder The Boom Cylinder, specifically designed for the Hengte HT150-8, is an essential hydraulic component that plays a vital role in the operation of heavy machinery. This hydraulic cylinder is primarily used to control the movement of the bucket in various applications such as excavators, backhoe [&hellip;]<\/p>","protected":false},"featured_media":17880,"comment_status":"open","ping_status":"closed","template":"","meta":{"_et_pb_use_builder":"","_et_pb_old_content":"","_et_gb_content_width":""},"product_brand":[],"product_cat":[1546],"product_tag":[1547,1496],"class_list":{"0":"post-19707","1":"product","2":"type-product","3":"status-publish","4":"has-post-thumbnail","6":"product_cat-boom-cylinders","7":"product_tag-boom-cylinders","8":"product_tag-hydraulic-cylinders","10":"first","11":"instock","12":"shipping-taxable","13":"product-type-simple"},"amp_enabled":true,"_links":{"self":[{"href":"https:\/\/www.hydraulic-cylinders.net\/pt\/wp-json\/wp\/v2\/product\/19707","targetHints":{"allow":["GET"]}}],"collection":[{"href":"https:\/\/www.hydraulic-cylinders.net\/pt\/wp-json\/wp\/v2\/product"}],"about":[{"href":"https:\/\/www.hydraulic-cylinders.net\/pt\/wp-json\/wp\/v2\/types\/product"}],"replies":[{"embeddable":true,"href":"https:\/\/www.hydraulic-cylinders.net\/pt\/wp-json\/wp\/v2\/comments?post=19707"}],"wp:featuredmedia":[{"embeddable":true,"href":"https:\/\/www.hydraulic-cylinders.net\/pt\/wp-json\/wp\/v2\/media\/17880"}],"wp:attachment":[{"href":"https:\/\/www.hydraulic-cylinders.net\/pt\/wp-json\/wp\/v2\/media?parent=19707"}],"wp:term":[{"taxonomy":"product_brand","embeddable":true,"href":"https:\/\/www.hydraulic-cylinders.net\/pt\/wp-json\/wp\/v2\/product_brand?post=19707"},{"taxonomy":"product_cat","embeddable":true,"href":"https:\/\/www.hydraulic-cylinders.net\/pt\/wp-json\/wp\/v2\/product_cat?post=19707"},{"taxonomy":"product_tag","embeddable":true,"href":"https:\/\/www.hydraulic-cylinders.net\/pt\/wp-json\/wp\/v2\/product_tag?post=19707"}],"curies":[{"name":"wp","href":"https:\/\/api.w.org\/{rel}","templated":true}]}}