{"id":19710,"date":"2025-04-07T07:03:11","date_gmt":"2025-04-07T07:03:11","guid":{"rendered":"https:\/\/www.hydraulic-cylinders.net\/product\/boom-cylinder-for-hengte-wheel-excavator-htl65-8\/"},"modified":"2025-04-07T07:03:13","modified_gmt":"2025-04-07T07:03:13","slug":"boom-cylinder-for-hengte-wheel-excavator-htl65-8","status":"publish","type":"product","link":"https:\/\/www.hydraulic-cylinders.net\/pt\/produto\/boom-cylinder-for-hengte-wheel-excavator-htl65-8\/","title":{"rendered":"Cilindro da lan\u00e7a para escavadeira de rodas Hengte HTL65-8"},"content":{"rendered":"<h1>Cilindro da lan\u00e7a para escavadeira de rodas Hengte HTL65-8<\/h1>\n<h2>Vis\u00e3o geral do produto<\/h2>\n<p>O cilindro da lan\u00e7a para a escavadeira de rodas Hengte HTL65-8 \u00e9 um cilindro hidr\u00e1ulico especializado, projetado para controlar o movimento da lan\u00e7a em diversas m\u00e1quinas pesadas, incluindo escavadeiras, retroescavadeiras e p\u00e1s carregadeiras. Este cilindro hidr\u00e1ulico desempenha um papel crucial, permitindo que a lan\u00e7a se eleve, abaixe e incline, facilitando as tarefas de movimenta\u00e7\u00e3o de materiais com efici\u00eancia. O cilindro da ca\u00e7amba foi projetado para oferecer desempenho confi\u00e1vel em condi\u00e7\u00f5es extremas, garantindo que cargas pesadas possam ser manobradas com precis\u00e3o e seguran\u00e7a.<\/p>\n<p><img decoding=\"async\" src=\"https:\/\/www.hydraulic-cylinders.net\/wp-content\/uploads\/2025\/04\/songte-company-1.webp\" alt=\"Cilindro de lan\u00e7a\" \/><\/p>\n<h2>Principais caracter\u00edsticas<\/h2>\n<ul>\n<li>\n<h3>Alta resist\u00eancia e durabilidade<\/h3>\n<p>Normalmente fabricados em a\u00e7o de alta resist\u00eancia ou alum\u00ednio, esses cilindros suportam alta press\u00e3o e cargas pesadas, tornando-os adequados para ambientes de trabalho severos. O projeto prioriza a resist\u00eancia ao desgaste e a prote\u00e7\u00e3o contra corros\u00e3o, prolongando consideravelmente a vida \u00fatil.<\/p>\n<\/li>\n<li>\n<h3>Opera\u00e7\u00e3o Hidr\u00e1ulica Eficiente<\/h3>\n<p>O cilindro utiliza press\u00e3o de \u00f3leo hidr\u00e1ulico para obter extens\u00e3o e retra\u00e7\u00e3o suaves, respondendo rapidamente aos comandos de controle e proporcionando poderosas capacidades de empurrar e puxar, ideais para manusear objetos pesados \u200b\u200be realizar tarefas complexas.<\/p>\n<\/li>\n<li>\n<h3>Tipos diversos<\/h3>\n<p>Dispon\u00edvel nas configura\u00e7\u00f5es de a\u00e7\u00e3o simples (sistema hidr\u00e1ulico em uma dire\u00e7\u00e3o) e de a\u00e7\u00e3o dupla (sistema hidr\u00e1ulico em ambas as dire\u00e7\u00f5es), o cilindro da ca\u00e7amba pode ser adaptado para atender a diversas necessidades operacionais. Alguns modelos s\u00e3o telesc\u00f3picos, permitindo maior extens\u00e3o sem aumentar as dimens\u00f5es externas, sendo ideais para aplica\u00e7\u00f5es com espa\u00e7o limitado.<\/p>\n<\/li>\n<\/ul>\n<p>Nossa empresa \u00e9 especializada na produ\u00e7\u00e3o deste produto, e nossos cilindros podem substituir perfeitamente os cilindros hidr\u00e1ulicos existentes.<\/p>\n<p><img decoding=\"async\" src=\"https:\/\/www.hydraulic-cylinders.net\/wp-content\/uploads\/2025\/04\/songte-cylinder-head-with-all-kinds-excavator-models.webp\" alt=\"Modelos de Escavadeiras\" \/><\/p>\n<h2>Aplica\u00e7\u00f5es<\/h2>\n<ul>\n<li>\n<h3>Equipamentos de constru\u00e7\u00e3o<\/h3>\n<p>Em escavadeiras, os cilindros da lan\u00e7a s\u00e3o vitais para escavar, carregar e movimentar terra ou entulho. Seu desempenho \u00e9 essencial para o processo de escava\u00e7\u00e3o, garantindo que os operadores possam gerenciar grandes volumes de material com efici\u00eancia. A capacidade da lan\u00e7a de alcan\u00e7ar diversos \u00e2ngulos e profundidades aumenta a versatilidade da escavadeira no canteiro de obras.<\/p>\n<\/li>\n<li>\n<h3>Maquinaria agr\u00edcola<\/h3>\n<p>Nas p\u00e1s carregadeiras frontais, os cilindros da lan\u00e7a auxiliam na coleta, eleva\u00e7\u00e3o e transporte de terra, feno e outros materiais. Seu design robusto permite que as m\u00e1quinas agr\u00edcolas realizem tarefas de levantamento de peso, aumentando a produtividade tanto em fazendas quanto em canteiros de obras.<\/p>\n<\/li>\n<li>\n<h3>Escavadeiras<\/h3>\n<p>O cilindro da lan\u00e7a permite que a ca\u00e7amba da escavadeira penetre no solo de forma eficaz durante as opera\u00e7\u00f5es de escava\u00e7\u00e3o. Essa capacidade \u00e9 crucial para diversos projetos, incluindo paisagismo, minera\u00e7\u00e3o e constru\u00e7\u00e3o de estradas, possibilitando escava\u00e7\u00f5es mais profundas e eficientes.<\/p>\n<\/li>\n<li>\n<h3>Carregadores<\/h3>\n<p>Em carregadeiras frontais, esses cilindros s\u00e3o essenciais para levantar e despejar cargas com efici\u00eancia. Sua capacidade de suportar peso e garantir estabilidade durante as opera\u00e7\u00f5es os torna indispens\u00e1veis \u200b\u200bem tarefas de movimenta\u00e7\u00e3o de materiais.<\/p>\n<\/li>\n<\/ul>\n<h2>Considera\u00e7\u00f5es de design<\/h2>\n<ul>\n<li>\n<h3>Capacidade de carga<\/h3>\n<p>Ao projetar cilindros de lan\u00e7a, a capacidade de carga \u00e9 uma considera\u00e7\u00e3o primordial, pois determina os tipos de tarefas que o cilindro pode executar. Uma alta capacidade de carga garante que o sistema hidr\u00e1ulico possa levantar ou movimentar materiais pesados \u200b\u200bsem comprometer a seguran\u00e7a ou o desempenho.<\/p>\n<\/li>\n<li>\n<h3>Selagem<\/h3>\n<p>Uma veda\u00e7\u00e3o eficaz \u00e9 crucial para evitar vazamentos de fluido hidr\u00e1ulico, que podem comprometer o desempenho e a seguran\u00e7a. Veda\u00e7\u00f5es de alta qualidade, feitas de materiais dur\u00e1veis \u200b\u200bcomo poliuretano ou borracha nitr\u00edlica, s\u00e3o essenciais para manter a integridade do sistema hidr\u00e1ulico.<\/p>\n<\/li>\n<li>\n<h3>Durabilidade<\/h3>\n<p>A durabilidade \u00e9 um fator significativo, visto que os cilindros da lan\u00e7a s\u00e3o frequentemente expostos a condi\u00e7\u00f5es de trabalho severas. Os materiais utilizados na sua constru\u00e7\u00e3o e os processos de projeto devem priorizar o desempenho a longo prazo para reduzir a frequ\u00eancia de manuten\u00e7\u00e3o e substitui\u00e7\u00e3o.<\/p>\n<\/li>\n<li>\n<h3>Seguran\u00e7a<\/h3>\n<p>As considera\u00e7\u00f5es de seguran\u00e7a incluem o uso de v\u00e1lvulas de seguran\u00e7a e outros mecanismos para evitar sobrepress\u00e3o e garantir que o sistema possa operar com seguran\u00e7a sob carga. O projeto tamb\u00e9m deve incluir recursos que permitam f\u00e1cil acesso durante as verifica\u00e7\u00f5es de manuten\u00e7\u00e3o.<\/p>\n<\/li>\n<li>\n<h3>Manuten\u00e7\u00e3o<\/h3>\n<p>Projetar para facilitar a manuten\u00e7\u00e3o \u00e9 vital, pois verifica\u00e7\u00f5es regulares podem evitar reparos dispendiosos e tempo de inatividade. Recursos como veda\u00e7\u00f5es facilmente substitu\u00edveis e pontos de montagem acess\u00edveis s\u00e3o essenciais para uma manuten\u00e7\u00e3o eficiente.<\/p>\n<\/li>\n<\/ul>\n<p><img decoding=\"async\" src=\"https:\/\/www.hydraulic-cylinders.net\/wp-content\/uploads\/2025\/04\/songte-oil-pipes-and-spare-parts.webp\" alt=\"Tubos de \u00f3leo e pe\u00e7as de reposi\u00e7\u00e3o\" \/><\/p>\n<h2>Veda\u00e7\u00e3o e Lubrifica\u00e7\u00e3o<\/h2>\n<p>A veda\u00e7\u00e3o e a lubrifica\u00e7\u00e3o adequadas s\u00e3o cruciais para o funcionamento eficaz dos cilindros hidr\u00e1ulicos. Diversos tipos de veda\u00e7\u00f5es, incluindo veda\u00e7\u00f5es de pist\u00e3o e de haste, s\u00e3o utilizados para garantir uma veda\u00e7\u00e3o perfeita e evitar vazamentos. Materiais como poliuretano e borracha nitr\u00edlica s\u00e3o comumente escolhidos por sua resist\u00eancia ao desgaste e durabilidade. O corpo do cilindro e as extremidades roscadas s\u00e3o processados \u200b\u200bcom precis\u00e3o para aumentar a resist\u00eancia ao desgaste, o que \u00e9 essencial para a longevidade do equipamento.<\/p>\n<p>A lubrifica\u00e7\u00e3o regular tamb\u00e9m \u00e9 necess\u00e1ria, exigindo verifica\u00e7\u00f5es programadas para garantir que a quantidade adequada de \u00f3leo hidr\u00e1ulico seja aplicada para manter o desempenho ideal e evitar o desgaste. A import\u00e2ncia da lubrifica\u00e7\u00e3o n\u00e3o pode ser subestimada, pois reduz o atrito e prolonga a vida \u00fatil dos componentes hidr\u00e1ulicos.<\/p>\n<h2>Inspe\u00e7\u00e3o regular e manuten\u00e7\u00e3o preventiva<\/h2>\n<p>A implementa\u00e7\u00e3o de inspe\u00e7\u00f5es regulares e medidas de manuten\u00e7\u00e3o preventiva \u00e9 essencial para a longevidade e o desempenho dos cilindros hidr\u00e1ulicos. As principais medidas incluem:<\/p>\n<ul>\n<li>\n<h3>Inspe\u00e7\u00f5es regulares<\/h3>\n<p>Realize inspe\u00e7\u00f5es peri\u00f3dicas para identificar quaisquer sinais de desgaste ou danos. Procure por vazamentos, rachaduras ou deformidades no cilindro. A detec\u00e7\u00e3o precoce de problemas pode evitar reparos dispendiosos e tempo de inatividade.<\/p>\n<\/li>\n<li>\n<h3>Lubrifica\u00e7\u00e3o adequada<\/h3>\n<p>Certifique-se de que os n\u00edveis do fluido hidr\u00e1ulico estejam adequados e que o \u00f3leo esteja limpo e livre de contaminantes. Estabele\u00e7a um cronograma de lubrifica\u00e7\u00e3o regular para manter o desempenho ideal das veda\u00e7\u00f5es e das pe\u00e7as m\u00f3veis.<\/p>\n<\/li>\n<li>\n<h3>Substitui\u00e7\u00e3o da veda\u00e7\u00e3o<\/h3>\n<p>Verifique regularmente as veda\u00e7\u00f5es quanto a desgaste e substitua-as quando necess\u00e1rio para evitar vazamentos e manter a press\u00e3o do sistema. A manuten\u00e7\u00e3o adequada das veda\u00e7\u00f5es prolonga significativamente a vida \u00fatil do cilindro hidr\u00e1ulico.<\/p>\n<\/li>\n<\/ul>\n<h2>Diretrizes de instala\u00e7\u00e3o<\/h2>\n<p>A instala\u00e7\u00e3o correta do cilindro da lan\u00e7a \u00e9 fundamental para garantir o desempenho e a seguran\u00e7a ideais. Siga estas etapas para uma instala\u00e7\u00e3o correta:<\/p>\n<p>Primeiramente, certifique-se de que a \u00e1rea de trabalho esteja limpa e livre de detritos para facilitar a instala\u00e7\u00e3o. Em seguida, alinhe o cilindro hidr\u00e1ulico com precis\u00e3o aos pontos de fixa\u00e7\u00e3o na m\u00e1quina. Utilize suportes de montagem adequados para fixar o cilindro firmemente no lugar. \u00c9 importante verificar o alinhamento antes de apertar os parafusos para evitar tens\u00e3o excessiva no cilindro.<\/p>\n<p>Ap\u00f3s fixar o cilindro, conecte as linhas hidr\u00e1ulicas, certificando-se de que n\u00e3o haja dobras ou tor\u00e7\u00f5es nas mangueiras. Abaste\u00e7a o sistema hidr\u00e1ulico com o fluido recomendado e elimine todo o ar das linhas antes de operar a m\u00e1quina. Por fim, realize um teste de funcionamento para garantir que tudo opere corretamente, permitindo ajustes conforme necess\u00e1rio.<\/p>\n<h2>Tarefas comuns de manuten\u00e7\u00e3o<\/h2>\n<p>A manuten\u00e7\u00e3o de cilindros hidr\u00e1ulicos exige aten\u00e7\u00e3o a diversas tarefas essenciais:<\/p>\n<ul>\n<li>\n<h3>Inspe\u00e7\u00f5es regulares<\/h3>\n<p>Inspe\u00e7\u00f5es peri\u00f3dicas s\u00e3o necess\u00e1rias para identificar desgaste ou poss\u00edveis falhas antes que se agravem. As inspe\u00e7\u00f5es devem avaliar a condi\u00e7\u00e3o externa do cilindro, verificar vazamentos e garantir que todas as conex\u00f5es estejam seguras.<\/p>\n<\/li>\n<li>\n<h3>Lubrifica\u00e7\u00e3o adequada<\/h3>\n<p>A lubrifica\u00e7\u00e3o \u00e9 vital para a longevidade dos cilindros hidr\u00e1ulicos. Certifique-se de que as veda\u00e7\u00f5es estejam adequadamente lubrificadas para evitar desgaste e facilitar o funcionamento suave. Complete o n\u00edvel do fluido hidr\u00e1ulico regularmente, conforme necess\u00e1rio.<\/p>\n<\/li>\n<li>\n<h3>Substitui\u00e7\u00e3o da veda\u00e7\u00e3o<\/h3>\n<p>Substitua as veda\u00e7\u00f5es regularmente para manter a integridade do sistema hidr\u00e1ulico. Essa tarefa deve ser realizada durante as verifica\u00e7\u00f5es de manuten\u00e7\u00e3o de rotina, garantindo que as novas veda\u00e7\u00f5es sejam instaladas corretamente para evitar vazamentos.<\/p>\n<\/li>\n<\/ul>\n<p><img decoding=\"async\" src=\"https:\/\/www.hydraulic-cylinders.net\/wp-content\/uploads\/2025\/04\/songte-chushion-collar.webp\" alt=\"Coleira almofadada\" \/><\/p>\n<h2>Considera\u00e7\u00f5es de seguran\u00e7a e fatores ambientais<\/h2>\n<p>As medidas de seguran\u00e7a s\u00e3o fundamentais ao trabalhar com cilindros hidr\u00e1ulicos. O treinamento adequado para operadores e pessoal de manuten\u00e7\u00e3o \u00e9 essencial para minimizar os riscos. Sempre utilize equipamentos de prote\u00e7\u00e3o individual (EPI) ao trabalhar com sistemas hidr\u00e1ulicos. Al\u00e9m disso, considere o impacto ambiental de vazamentos de fluidos; certifique-se de que todas as veda\u00e7\u00f5es e conex\u00f5es estejam em boas condi\u00e7\u00f5es para evitar a contamina\u00e7\u00e3o do solo e das fontes de \u00e1gua.<\/p>\n<h2>Diagn\u00f3stico de falhas e problemas comuns<\/h2>\n<ul>\n<li>\n<h3>Vazamento<\/h3>\n<p>Vazamentos de fluido hidr\u00e1ulico s\u00e3o o problema mais comum em cilindros hidr\u00e1ulicos. Eles podem ocorrer devido a veda\u00e7\u00f5es desgastadas ou conex\u00f5es danificadas. Inspe\u00e7\u00f5es regulares e a substitui\u00e7\u00e3o oportuna das veda\u00e7\u00f5es s\u00e3o essenciais para evitar a perda de fluido.<\/p>\n<\/li>\n<li>\n<h3>Desempenho reduzido<\/h3>\n<p>Se o cilindro n\u00e3o estiver respondendo bem ou apresentar capacidade de eleva\u00e7\u00e3o reduzida, isso pode indicar danos internos ou baixo n\u00edvel de fluido. Verifique o fluido hidr\u00e1ulico e inspecione o cilindro quanto a desgaste interno.<\/p>\n<\/li>\n<li>\n<h3>Superaquecimento<\/h3>\n<p>O sobreaquecimento pode ocorrer devido \u00e0 alta press\u00e3o do sistema ou \u00e0 lubrifica\u00e7\u00e3o inadequada. Certifique-se de que o \u00f3leo hidr\u00e1ulico seja trocado regularmente e que o sistema n\u00e3o seja sobrecarregado.<\/p>\n<\/li>\n<\/ul>\n<h2>Dicas para solu\u00e7\u00e3o de problemas<\/h2>\n<p>Para diagnosticar e resolver problemas com cilindros hidr\u00e1ulicos de forma eficaz, siga estas dicas de resolu\u00e7\u00e3o de problemas:<\/p>\n<ul>\n<li>Verifique se h\u00e1 danos vis\u00edveis ou vazamentos nas linhas e conex\u00f5es hidr\u00e1ulicas, substituindo ou reparando conforme necess\u00e1rio.<\/li>\n<li>Certifique-se de que o fluido hidr\u00e1ulico esteja no n\u00edvel correto e em boas condi\u00e7\u00f5es, substituindo-o se estiver contaminado.<\/li>\n<li>Monitore a temperatura do fluido hidr\u00e1ulico e assegure-se de que ela permane\u00e7a dentro dos intervalos normais de opera\u00e7\u00e3o.<\/li>\n<\/ul>\n<p>A implementa\u00e7\u00e3o de medidas preventivas, como verifica\u00e7\u00f5es de manuten\u00e7\u00e3o regulares, ajudar\u00e1 a minimizar problemas potenciais e a garantir a confiabilidade do sistema hidr\u00e1ulico.<\/p>\n<p><img decoding=\"async\" src=\"https:\/\/www.hydraulic-cylinders.net\/wp-content\/uploads\/2025\/04\/songte-bushings-with-all-kinds-of-excavator-models.webp\" alt=\"Buchas\" \/><\/p>\n<h2>Vis\u00e3o geral da empresa<\/h2>\n<p>Somos um fabricante especializado em cilindros hidr\u00e1ulicos alternativos, oferecendo uma ampla gama de produtos que nos tornaram um dos principais fabricantes e distribuidores nos mercados nacional e internacional. Primamos pela excel\u00eancia em qualidade, utilizando estrat\u00e9gias de fabrica\u00e7\u00e3o refinadas em nossa gest\u00e3o de produ\u00e7\u00e3o. Nosso compromisso em investir em m\u00e3o de obra qualificada, equipamentos de fabrica\u00e7\u00e3o digital de ponta e sistemas de teste profissionais aprimora continuamente nossas capacidades de produ\u00e7\u00e3o.<\/p>\n<p>Com foco em efici\u00eancia, precis\u00e3o e alta qualidade, buscamos atender \u00e0s diversas necessidades de nossos clientes. Nossas certifica\u00e7\u00f5es internacionais garantem que nossos produtos atendam aos padr\u00f5es globais, enquanto nossos servi\u00e7os personalizados nos permitem adaptar solu\u00e7\u00f5es para requisitos espec\u00edficos de cada cliente. Al\u00e9m disso, nosso s\u00f3lido suporte p\u00f3s-venda assegura que nossos clientes recebam a assist\u00eancia necess\u00e1ria para manter seus sistemas hidr\u00e1ulicos em perfeitas condi\u00e7\u00f5es.<\/p>\n<p><img decoding=\"async\" src=\"https:\/\/www.hydraulic-cylinders.net\/wp-content\/uploads\/2025\/04\/songte-company-4.webp\" alt=\"Vis\u00e3o geral da empresa\" \/><br \/>\n<img decoding=\"async\" src=\"https:\/\/www.hydraulic-cylinders.net\/wp-content\/uploads\/2025\/04\/songte-company-3.webp\" alt=\"Instala\u00e7\u00f5es de fabrica\u00e7\u00e3o\" \/><\/p>\n<p>Autor: lyl<\/p>","protected":false},"excerpt":{"rendered":"<p>Boom Cylinder For Hengte Wheel Excavator HTL65-8 Product Overview The Boom Cylinder for Hengte Wheel Excavator HTL65-8 is a specialized hydraulic cylinder designed to control the movement of the boom on various heavy machinery, including excavators, backhoe loaders, and front loaders. This hydraulic cylinder plays a crucial role in enabling the boom to lift, lower, [&hellip;]<\/p>","protected":false},"featured_media":17868,"comment_status":"open","ping_status":"closed","template":"","meta":{"_et_pb_use_builder":"","_et_pb_old_content":"","_et_gb_content_width":""},"product_brand":[],"product_cat":[1546],"product_tag":[1547,1496],"class_list":{"0":"post-19710","1":"product","2":"type-product","3":"status-publish","4":"has-post-thumbnail","6":"product_cat-boom-cylinders","7":"product_tag-boom-cylinders","8":"product_tag-hydraulic-cylinders","10":"first","11":"instock","12":"shipping-taxable","13":"product-type-simple"},"amp_enabled":true,"_links":{"self":[{"href":"https:\/\/www.hydraulic-cylinders.net\/pt\/wp-json\/wp\/v2\/product\/19710","targetHints":{"allow":["GET"]}}],"collection":[{"href":"https:\/\/www.hydraulic-cylinders.net\/pt\/wp-json\/wp\/v2\/product"}],"about":[{"href":"https:\/\/www.hydraulic-cylinders.net\/pt\/wp-json\/wp\/v2\/types\/product"}],"replies":[{"embeddable":true,"href":"https:\/\/www.hydraulic-cylinders.net\/pt\/wp-json\/wp\/v2\/comments?post=19710"}],"wp:featuredmedia":[{"embeddable":true,"href":"https:\/\/www.hydraulic-cylinders.net\/pt\/wp-json\/wp\/v2\/media\/17868"}],"wp:attachment":[{"href":"https:\/\/www.hydraulic-cylinders.net\/pt\/wp-json\/wp\/v2\/media?parent=19710"}],"wp:term":[{"taxonomy":"product_brand","embeddable":true,"href":"https:\/\/www.hydraulic-cylinders.net\/pt\/wp-json\/wp\/v2\/product_brand?post=19710"},{"taxonomy":"product_cat","embeddable":true,"href":"https:\/\/www.hydraulic-cylinders.net\/pt\/wp-json\/wp\/v2\/product_cat?post=19710"},{"taxonomy":"product_tag","embeddable":true,"href":"https:\/\/www.hydraulic-cylinders.net\/pt\/wp-json\/wp\/v2\/product_tag?post=19710"}],"curies":[{"name":"wp","href":"https:\/\/api.w.org\/{rel}","templated":true}]}}