{"id":19739,"date":"2025-04-07T07:04:51","date_gmt":"2025-04-07T07:04:51","guid":{"rendered":"https:\/\/www.hydraulic-cylinders.net\/product\/boom-cylinder-for-kato-small-excavator-hd820a\/"},"modified":"2025-04-07T07:04:53","modified_gmt":"2025-04-07T07:04:53","slug":"boom-cylinder-for-kato-small-excavator-hd820a","status":"publish","type":"product","link":"https:\/\/www.hydraulic-cylinders.net\/pt\/produto\/boom-cylinder-for-kato-small-excavator-hd820a\/","title":{"rendered":"Cilindro da lan\u00e7a para mini escavadeira Kato HD820A"},"content":{"rendered":"<h1>Cilindro da lan\u00e7a para mini escavadeira Kato HD820A<\/h1>\n<h2>Vis\u00e3o geral do produto<\/h2>\n<p>O cilindro da lan\u00e7a da miniescavadeira Kato HD820A \u00e9 um componente hidr\u00e1ulico crucial projetado para controlar o movimento da lan\u00e7a da escavadeira. Este cilindro hidr\u00e1ulico permite que a lan\u00e7a suba, des\u00e7a e incline, facilitando diversas tarefas de movimenta\u00e7\u00e3o de materiais com efici\u00eancia. Ele foi projetado para aumentar a efici\u00eancia operacional de m\u00e1quinas pesadas, como escavadeiras, retroescavadeiras e p\u00e1s carregadeiras. O cilindro da ca\u00e7amba \u00e9 uma parte essencial do sistema hidr\u00e1ulico, convertendo a press\u00e3o hidr\u00e1ulica em movimento mec\u00e2nico e, assim, contribuindo para o desempenho e a funcionalidade geral do equipamento.<\/p>\n<p><img decoding=\"async\" src=\"https:\/\/www.hydraulic-cylinders.net\/wp-content\/uploads\/2025\/04\/songte-company-1.webp\" alt=\"Cilindro de lan\u00e7a\"><\/p>\n<h3>Defini\u00e7\u00e3o e funcionalidade<\/h3>\n<p>O cilindro de ca\u00e7amba, como o pr\u00f3prio nome indica, \u00e9 um tipo de cilindro hidr\u00e1ulico projetado especificamente para controlar o movimento de ca\u00e7ambas em m\u00e1quinas pesadas. Ele desempenha um papel vital nos sistemas hidr\u00e1ulicos, convertendo energia hidr\u00e1ulica em trabalho mec\u00e2nico. Isso permite que os operadores executem tarefas como escavar, levantar e inclinar com precis\u00e3o e controle. A flexibilidade operacional proporcionada pelo cilindro de ca\u00e7amba \u00e9 essencial para diversas aplica\u00e7\u00f5es na constru\u00e7\u00e3o civil e na agricultura, tornando-o uma ferramenta indispens\u00e1vel no setor.<\/p>\n<h2>Caracter\u00edsticas do Cilindro de Lan\u00e7a<\/h2>\n<ul>\n<li><strong>Alta resist\u00eancia e durabilidade:<\/strong> Fabricado em a\u00e7o de alta resist\u00eancia ou alum\u00ednio, o cilindro da lan\u00e7a \u00e9 projetado para suportar alta press\u00e3o e cargas pesadas, tornando-o adequado para ambientes de trabalho severos.<\/li>\n<li><strong>Opera\u00e7\u00e3o hidr\u00e1ulica eficiente:<\/strong> Utiliza press\u00e3o de \u00f3leo hidr\u00e1ulico para obter extens\u00e3o e retra\u00e7\u00e3o suaves e r\u00e1pidas, proporcionando capacidades de empurrar e puxar poderosas, ideais para manusear materiais pesados.<\/li>\n<li><strong>Tipos diversos:<\/strong> O cilindro da lan\u00e7a est\u00e1 dispon\u00edvel em v\u00e1rias configura\u00e7\u00f5es, como a\u00e7\u00e3o simples (operando em uma dire\u00e7\u00e3o) e a\u00e7\u00e3o dupla (operando em ambas as dire\u00e7\u00f5es), permitindo personaliza\u00e7\u00e3o com base nas necessidades operacionais.<\/li>\n<li><strong>Design que economiza espa\u00e7o:<\/strong> Alguns modelos apresentam um design telesc\u00f3pico, permitindo maior extens\u00e3o e, ao mesmo tempo, mantendo um tamanho externo compacto, sendo adequados para aplica\u00e7\u00f5es com espa\u00e7o limitado.<\/li>\n<li><strong>Facilidade de manuten\u00e7\u00e3o:<\/strong> O projeto inclui caracter\u00edsticas que facilitam o acesso para manuten\u00e7\u00e3o e reparos, garantindo uma vida \u00fatil prolongada.<\/li>\n<\/ul>\n<p>Somos capazes de fabricar este produto, e nossos cilindros podem substituir perfeitamente diversos cilindros hidr\u00e1ulicos.<\/p>\n<p><img decoding=\"async\" src=\"https:\/\/www.hydraulic-cylinders.net\/wp-content\/uploads\/2025\/04\/songte-cylinder-head-with-all-kinds-excavator-models.webp\" alt=\"Modelos de Escavadeiras\"><\/p>\n<h2>Cen\u00e1rios de Aplica\u00e7\u00e3o<\/h2>\n<h3>Equipamentos de constru\u00e7\u00e3o<\/h3>\n<p>Em escavadeiras, o cilindro da lan\u00e7a \u00e9 fundamental para escavar, carregar e movimentar terra ou entulho. Seu design permite um controle preciso da posi\u00e7\u00e3o da ca\u00e7amba, possibilitando escava\u00e7\u00e3o e movimenta\u00e7\u00e3o de materiais eficientes. Al\u00e9m disso, em retroescavadeiras, o cilindro da lan\u00e7a contribui tanto para a capacidade de escava\u00e7\u00e3o quanto para a de eleva\u00e7\u00e3o, aumentando a versatilidade do equipamento.<\/p>\n<h3>Maquinaria agr\u00edcola<\/h3>\n<p>Nas p\u00e1s carregadeiras, o cilindro da lan\u00e7a desempenha um papel vital na coleta, eleva\u00e7\u00e3o e transporte de terra, feno e outros materiais. O acionamento hidr\u00e1ulico permite que os operadores manuseiem cargas pesadas com facilidade, melhorando a produtividade tanto em fazendas quanto em canteiros de obras.<\/p>\n<h3>Escavadeiras<\/h3>\n<p>O cilindro da lan\u00e7a facilita a escava\u00e7\u00e3o, permitindo que a ca\u00e7amba penetre no solo de forma eficaz. Este componente hidr\u00e1ulico garante movimentos suaves e controlados, essenciais para atingir profundidades de escava\u00e7\u00e3o precisas e manter a integridade da \u00e1rea circundante.<\/p>\n<h3>Carregadores<\/h3>\n<p>Em carregadeiras frontais, os cilindros da lan\u00e7a auxiliam no levantamento e despejo eficiente de materiais. A capacidade de controlar o \u00e2ngulo e a altura da ca\u00e7amba \u00e9 crucial para o posicionamento eficaz do material, aumentando a efici\u00eancia operacional geral da carregadeira.<\/p>\n<h2>Considera\u00e7\u00f5es de design e crit\u00e9rios de sele\u00e7\u00e3o<\/h2>\n<h3>Capacidade de carga<\/h3>\n<p>A capacidade de carga \u00e9 um fator fundamental no projeto de cilindros de guindastes. Ela determina o peso m\u00e1ximo que o cilindro pode levantar e manipular com seguran\u00e7a. Os engenheiros devem calcular cuidadosamente os requisitos de carga com base no uso pretendido da m\u00e1quina e nos materiais que ser\u00e3o manuseados. Um cilindro com capacidade de carga insuficiente pode levar a falhas mec\u00e2nicas, representando riscos \u00e0 seguran\u00e7a e causando interrup\u00e7\u00f5es operacionais.<\/p>\n<h3>Desempenho de veda\u00e7\u00e3o<\/h3>\n<p>O desempenho da veda\u00e7\u00e3o \u00e9 crucial para manter a efici\u00eancia hidr\u00e1ulica. Veda\u00e7\u00f5es de alta qualidade evitam vazamentos de fluido, garantindo que o sistema hidr\u00e1ulico opere em n\u00edveis de press\u00e3o ideais. Uma veda\u00e7\u00e3o inadequada pode levar \u00e0 redu\u00e7\u00e3o da pot\u00eancia e ao aumento do desgaste dos componentes. Portanto, a sele\u00e7\u00e3o dos materiais e projetos corretos para as veda\u00e7\u00f5es \u00e9 fundamental para a longevidade e a efic\u00e1cia do cilindro da lan\u00e7a.<\/p>\n<h3>Durabilidade<\/h3>\n<p>A durabilidade \u00e9 essencial para cilindros hidr\u00e1ulicos que operam em ambientes desafiadores. Os materiais utilizados na sua constru\u00e7\u00e3o devem ser resistentes ao desgaste, \u00e0 corros\u00e3o e a outros fatores danosos. Avalia\u00e7\u00f5es regulares da durabilidade do cilindro podem ajudar a prevenir falhas e prolongar a sua vida \u00fatil, resultando, em \u00faltima an\u00e1lise, em custos de manuten\u00e7\u00e3o mais baixos e maior efici\u00eancia.<\/p>\n<h3>Recursos de seguran\u00e7a<\/h3>\n<p>A integra\u00e7\u00e3o de recursos de seguran\u00e7a no projeto dos cilindros da lan\u00e7a \u00e9 vital para a prote\u00e7\u00e3o dos operadores e dos equipamentos. Isso inclui a incorpora\u00e7\u00e3o de v\u00e1lvulas de al\u00edvio de press\u00e3o para evitar sobrecargas e a garantia de que todos os componentes atendam aos padr\u00f5es de seguran\u00e7a. Inspe\u00e7\u00f5es regulares e a ades\u00e3o aos protocolos de seguran\u00e7a s\u00e3o necess\u00e1rias para minimizar os riscos associados \u00e0s opera\u00e7\u00f5es hidr\u00e1ulicas.<\/p>\n<h3>Acessibilidade de Manuten\u00e7\u00e3o<\/h3>\n<p>Projetar cilindros de lan\u00e7a que facilitem a manuten\u00e7\u00e3o garante que os reparos possam ser realizados de forma r\u00e1pida e eficaz. Recursos como portas de f\u00e1cil acesso para lubrifica\u00e7\u00e3o e reservat\u00f3rios transparentes para monitoramento dos n\u00edveis de fluido podem aprimorar significativamente a experi\u00eancia de manuten\u00e7\u00e3o, permitindo interven\u00e7\u00f5es oportunas que previnem problemas mais graves no futuro.<\/p>\n<p><img decoding=\"async\" src=\"https:\/\/www.hydraulic-cylinders.net\/wp-content\/uploads\/2025\/04\/songte-oil-pipes-and-spare-parts.webp\" alt=\"Tubos de \u00f3leo e pe\u00e7as de reposi\u00e7\u00e3o\"><\/p>\n<h2>Veda\u00e7\u00e3o e Lubrifica\u00e7\u00e3o<\/h2>\n<p>A veda\u00e7\u00e3o e a lubrifica\u00e7\u00e3o s\u00e3o aspectos fundamentais para manter a efici\u00eancia dos cilindros da lan\u00e7a. Diversos componentes de veda\u00e7\u00e3o, como veda\u00e7\u00f5es de pist\u00e3o e veda\u00e7\u00f5es de haste, desempenham um papel crucial na preven\u00e7\u00e3o de vazamentos de fluidos e na garantia da efic\u00e1cia operacional. As veda\u00e7\u00f5es s\u00e3o frequentemente fabricadas com materiais dur\u00e1veis, como poliuretano e borracha nitr\u00edlica, que resistem ao desgaste e a fatores ambientais.<\/p>\n<p>Al\u00e9m disso, o corpo do cilindro e as superf\u00edcies roscadas das extremidades passam por um processamento meticuloso para aumentar sua resist\u00eancia ao desgaste. A lubrifica\u00e7\u00e3o regular com o \u00f3leo hidr\u00e1ulico apropriado \u00e9 necess\u00e1ria para minimizar o atrito e o desgaste, contribuindo, em \u00faltima an\u00e1lise, para a longevidade do cilindro.<\/p>\n<h2>Verifica\u00e7\u00f5es regulares e medidas de manuten\u00e7\u00e3o preventiva<\/h2>\n<ul>\n<li><strong>Inspe\u00e7\u00f5es de rotina:<\/strong> Inspe\u00e7\u00f5es regulares devem ser realizadas para identificar quaisquer sinais de desgaste ou danos. Isso inclui verificar se h\u00e1 vazamentos ou rachaduras em veda\u00e7\u00f5es, mangueiras e no corpo do cilindro.<\/li>\n<li><strong>Lubrifica\u00e7\u00e3o adequada:<\/strong> Garantir que o sistema hidr\u00e1ulico esteja adequadamente lubrificado \u00e9 essencial para o seu bom funcionamento. Os operadores devem seguir as orienta\u00e7\u00f5es do fabricante quanto \u00e0 frequ\u00eancia de lubrifica\u00e7\u00e3o e ao tipo de \u00f3leo.<\/li>\n<li><strong>Substitui\u00e7\u00e3o da veda\u00e7\u00e3o:<\/strong> A substitui\u00e7\u00e3o regular de veda\u00e7\u00f5es que apresentem sinais de desgaste pode prevenir vazamentos e manter a press\u00e3o do sistema. Os operadores devem ser treinados para reconhecer quando as veda\u00e7\u00f5es precisam ser substitu\u00eddas.<\/li>\n<\/ul>\n<h2>Guia de instala\u00e7\u00e3o do produto<\/h2>\n<p>A instala\u00e7\u00e3o correta do cilindro da lan\u00e7a \u00e9 essencial para um desempenho ideal. Siga estes passos para uma instala\u00e7\u00e3o precisa:<\/p>\n<ol>\n<li><strong>Prepara\u00e7\u00e3o:<\/strong> Certifique-se de que todos os componentes necess\u00e1rios para a instala\u00e7\u00e3o estejam dispon\u00edveis e em boas condi\u00e7\u00f5es.<\/li>\n<li><strong>Alinhamento:<\/strong> Alinhe corretamente o cilindro com os pontos de montagem usando dispositivos de instala\u00e7\u00e3o apropriados para evitar desalinhamento.<\/li>\n<li><strong>Montagem segura:<\/strong> Utilize os fixadores e torques adequados, recomendados pelo fabricante, para fixar o cilindro no lugar. Apertar em excesso pode causar danos.<\/li>\n<li><strong>Conex\u00f5es hidr\u00e1ulicas:<\/strong> Conecte as mangueiras hidr\u00e1ulicas ao cilindro, certificando-se de que estejam corretamente encaixadas para evitar vazamentos.<\/li>\n<li><strong>Teste de press\u00e3o:<\/strong> Ap\u00f3s a instala\u00e7\u00e3o, realize um teste de press\u00e3o para garantir que o sistema esteja funcionando corretamente e sem vazamentos.<\/li>\n<\/ol>\n<h2>Tarefas de manuten\u00e7\u00e3o<\/h2>\n<ul>\n<li><strong>Verifica\u00e7\u00f5es de rotina:<\/strong> Realize verifica\u00e7\u00f5es regulares para identificar poss\u00edveis problemas antes que se agravem. Isso inclui monitorar os n\u00edveis de fluidos e inspecionar a presen\u00e7a de vazamentos.<\/li>\n<li><strong>Lubrifica\u00e7\u00e3o adequada:<\/strong> Mantenha a lubrifica\u00e7\u00e3o adequada para reduzir o atrito e o desgaste das pe\u00e7as m\u00f3veis. Siga as recomenda\u00e7\u00f5es do fabricante quanto ao tipo de \u00f3leo e aos intervalos de troca.<\/li>\n<li><strong>Substitui\u00e7\u00e3o da veda\u00e7\u00e3o:<\/strong> Inspecione regularmente as veda\u00e7\u00f5es para verificar desgaste e substitua-as conforme necess\u00e1rio. Isso ajuda a manter a efici\u00eancia hidr\u00e1ulica e a evitar vazamentos.<\/li>\n<\/ul>\n<h2>Considera\u00e7\u00f5es de seguran\u00e7a e fatores ambientais<\/h2>\n<p>Garantir a seguran\u00e7a ao utilizar equipamentos hidr\u00e1ulicos \u00e9 fundamental. Os operadores devem seguir os protocolos de seguran\u00e7a para mitigar os riscos. Isso inclui o uso de equipamentos de prote\u00e7\u00e3o individual (EPI) adequados e o cumprimento das diretrizes operacionais. As considera\u00e7\u00f5es ambientais tamb\u00e9m devem ser levadas em conta; por exemplo, garantir que os fluidos hidr\u00e1ulicos n\u00e3o vazem para o solo, evitando assim a contamina\u00e7\u00e3o. A ado\u00e7\u00e3o de pr\u00e1ticas ecologicamente corretas pode aumentar a sustentabilidade das opera\u00e7\u00f5es.<\/p>\n<h2>Diagn\u00f3stico de falhas e problemas comuns<\/h2>\n<ul>\n<li><strong>Vazamentos:<\/strong> Um dos problemas mais comuns \u00e9 o vazamento de fluido hidr\u00e1ulico, que pode ser causado por veda\u00e7\u00f5es desgastadas ou conex\u00f5es soltas. Inspe\u00e7\u00f5es regulares podem ajudar a identificar e solucionar vazamentos rapidamente.<\/li>\n<li><strong>Desempenho ruim:<\/strong> Se o cilindro da lan\u00e7a estiver funcionando lentamente, verifique se h\u00e1 baixo n\u00edvel de fluido hidr\u00e1ulico ou contamina\u00e7\u00e3o no fluido, o que pode afetar o desempenho.<\/li>\n<li><strong>Ru\u00eddos incomuns:<\/strong> Ru\u00eddos de rangido ou batida durante o funcionamento podem indicar problemas mec\u00e2nicos dentro do cilindro ou em componentes adjacentes.<\/li>\n<\/ul>\n<h2>Dicas para solu\u00e7\u00e3o de problemas<\/h2>\n<p>Para diagnosticar e resolver problemas de forma eficaz, os operadores devem considerar as seguintes dicas:<\/p>\n<ul>\n<li>Monitore regularmente os n\u00edveis de fluido e substitua o fluido contaminado para manter a efici\u00eancia do sistema.<\/li>\n<li>Realizar inspe\u00e7\u00f5es visuais para identificar quaisquer vazamentos vis\u00edveis ou danos aos componentes.<\/li>\n<li>Implemente medidas preventivas, como manuten\u00e7\u00e3o de rotina e reparos oportunos, para minimizar a probabilidade de surgimento de problemas.<\/li>\n<\/ul>\n<p><img decoding=\"async\" src=\"https:\/\/www.hydraulic-cylinders.net\/wp-content\/uploads\/2025\/04\/songte-bushings-with-all-kinds-of-excavator-models.webp\" alt=\"Buchas com modelos de escavadeira\"><\/p>\n<h2>Sobre nossa empresa<\/h2>\n<p>Somos um fabricante l\u00edder de cilindros hidr\u00e1ulicos, especializados no fornecimento de cilindros de reposi\u00e7\u00e3o de alta qualidade para diversas aplica\u00e7\u00f5es. Nossa extensa linha de produtos nos posicionou como um importante player nos mercados nacional e internacional. Adotamos uma estrat\u00e9gia de excel\u00eancia em qualidade, apoiada por uma abordagem refinada de gest\u00e3o de produ\u00e7\u00e3o.<\/p>\n<p>Nossa capacidade produtiva \u00e9 refor\u00e7ada por uma equipe de profissionais qualificados, equipamentos de fabrica\u00e7\u00e3o digital de \u00faltima gera\u00e7\u00e3o e um sistema de controle de qualidade especializado. Buscamos aprimorar continuamente nossa plataforma de produ\u00e7\u00e3o, integrando tecnologias inovadoras e refinando nossos processos produtivos. Esse compromisso nos permite atender \u00e0s diversas necessidades dos clientes com efici\u00eancia e efic\u00e1cia.<\/p>\n<p>Estamos comprometidos com o profissionalismo, certifica\u00e7\u00f5es internacionais, servi\u00e7os personalizados, equipamentos de produ\u00e7\u00e3o avan\u00e7ados e suporte p\u00f3s-venda confi\u00e1vel, garantindo a satisfa\u00e7\u00e3o do cliente e parcerias de longo prazo.<\/p>\n<p><img decoding=\"async\" src=\"https:\/\/www.hydraulic-cylinders.net\/wp-content\/uploads\/2025\/04\/songte-company-4.webp\" alt=\"Vis\u00e3o geral da empresa\"><br \/>\n<img decoding=\"async\" src=\"https:\/\/www.hydraulic-cylinders.net\/wp-content\/uploads\/2025\/04\/songte-company-3.webp\" alt=\"Instala\u00e7\u00f5es da empresa\"><\/p>\n<p>Autor: lyl<\/p>","protected":false},"excerpt":{"rendered":"<p>Boom Cylinder For Kato Small Excavator HD820A Product Overview The Boom Cylinder for Kato Small Excavator HD820A is a crucial hydraulic component designed to control the movement of the excavator&#8217;s boom. This hydraulic cylinder allows the boom to lift, lower, and tilt, facilitating various material handling tasks effectively. It is engineered to enhance the operational [&hellip;]<\/p>","protected":false},"featured_media":17867,"comment_status":"open","ping_status":"closed","template":"","meta":{"_et_pb_use_builder":"","_et_pb_old_content":"","_et_gb_content_width":""},"product_brand":[],"product_cat":[1546],"product_tag":[1547,1496],"class_list":{"0":"post-19739","1":"product","2":"type-product","3":"status-publish","4":"has-post-thumbnail","6":"product_cat-boom-cylinders","7":"product_tag-boom-cylinders","8":"product_tag-hydraulic-cylinders","10":"first","11":"instock","12":"shipping-taxable","13":"product-type-simple"},"amp_enabled":true,"_links":{"self":[{"href":"https:\/\/www.hydraulic-cylinders.net\/pt\/wp-json\/wp\/v2\/product\/19739","targetHints":{"allow":["GET"]}}],"collection":[{"href":"https:\/\/www.hydraulic-cylinders.net\/pt\/wp-json\/wp\/v2\/product"}],"about":[{"href":"https:\/\/www.hydraulic-cylinders.net\/pt\/wp-json\/wp\/v2\/types\/product"}],"replies":[{"embeddable":true,"href":"https:\/\/www.hydraulic-cylinders.net\/pt\/wp-json\/wp\/v2\/comments?post=19739"}],"wp:featuredmedia":[{"embeddable":true,"href":"https:\/\/www.hydraulic-cylinders.net\/pt\/wp-json\/wp\/v2\/media\/17867"}],"wp:attachment":[{"href":"https:\/\/www.hydraulic-cylinders.net\/pt\/wp-json\/wp\/v2\/media?parent=19739"}],"wp:term":[{"taxonomy":"product_brand","embeddable":true,"href":"https:\/\/www.hydraulic-cylinders.net\/pt\/wp-json\/wp\/v2\/product_brand?post=19739"},{"taxonomy":"product_cat","embeddable":true,"href":"https:\/\/www.hydraulic-cylinders.net\/pt\/wp-json\/wp\/v2\/product_cat?post=19739"},{"taxonomy":"product_tag","embeddable":true,"href":"https:\/\/www.hydraulic-cylinders.net\/pt\/wp-json\/wp\/v2\/product_tag?post=19739"}],"curies":[{"name":"wp","href":"https:\/\/api.w.org\/{rel}","templated":true}]}}