{"id":19742,"date":"2025-04-07T07:04:59","date_gmt":"2025-04-07T07:04:59","guid":{"rendered":"https:\/\/www.hydraulic-cylinders.net\/product\/boom-cylinder-for-kato-small-excavator-hd307\/"},"modified":"2025-04-07T07:05:01","modified_gmt":"2025-04-07T07:05:01","slug":"boom-cylinder-for-kato-small-excavator-hd307","status":"publish","type":"product","link":"https:\/\/www.hydraulic-cylinders.net\/pt\/produto\/boom-cylinder-for-kato-small-excavator-hd307\/","title":{"rendered":"Cilindro da lan\u00e7a para mini escavadeira Kato HD307"},"content":{"rendered":"<h1>Cilindro da lan\u00e7a para mini escavadeira Kato HD307<\/h1>\n<h2>Compreendendo o Cilindro da Lan\u00e7a<\/h2>\n<p>O cilindro da lan\u00e7a \u00e9 um componente crucial em sistemas hidr\u00e1ulicos, projetado especificamente para controlar o movimento da ca\u00e7amba em diversas m\u00e1quinas pesadas, como escavadeiras, retroescavadeiras e p\u00e1s carregadeiras. Este cilindro hidr\u00e1ulico facilita o levantamento, o abaixamento e a inclina\u00e7\u00e3o da ca\u00e7amba, permitindo tarefas eficientes de movimenta\u00e7\u00e3o de materiais. Essencialmente, ele converte energia hidr\u00e1ulica em energia mec\u00e2nica para fornecer a for\u00e7a necess\u00e1ria para realizar opera\u00e7\u00f5es exigentes. O projeto desses cilindros garante que eles suportem press\u00f5es e cargas extremas, tornando-os ideais para condi\u00e7\u00f5es de trabalho severas.<\/p>\n<p><img decoding=\"async\" src=\"https:\/\/www.hydraulic-cylinders.net\/wp-content\/uploads\/2025\/04\/songte-company-1.webp\" alt=\"Imagem do Cilindro da Lan\u00e7a\"><\/p>\n<h2>Caracter\u00edsticas do Cilindro de Lan\u00e7a<\/h2>\n<ul>\n<li>\n<h3>Alta resist\u00eancia e durabilidade<\/h3>\n<p>Normalmente fabricados em a\u00e7o de alta resist\u00eancia ou alum\u00ednio, esses cilindros suportam altas press\u00f5es e cargas pesadas, sendo adequados para ambientes de trabalho severos. O design incorpora resist\u00eancia ao desgaste e \u00e0 corros\u00e3o para prolongar a vida \u00fatil do produto.<\/p>\n<\/li>\n<li>\n<h3>Opera\u00e7\u00e3o Hidr\u00e1ulica Eficiente<\/h3>\n<p>Utilizando a press\u00e3o do \u00f3leo hidr\u00e1ulico, o cilindro da lan\u00e7a realiza uma extens\u00e3o e retra\u00e7\u00e3o suaves. Ele responde rapidamente aos comandos de controle, fornecendo uma for\u00e7a de empuxo e tra\u00e7\u00e3o potente, essencial para o manuseio de materiais pesados \u200b\u200be tarefas complexas.<\/p>\n<\/li>\n<li>\n<h3>Diversos tipos dispon\u00edveis<\/h3>\n<p>Os clientes podem escolher entre cilindros de a\u00e7\u00e3o simples (que operam em uma dire\u00e7\u00e3o) ou de a\u00e7\u00e3o dupla (que operam em ambas as dire\u00e7\u00f5es) para atender a diversas necessidades operacionais. Alguns modelos s\u00e3o telesc\u00f3picos, permitindo maior extens\u00e3o sem aumentar as dimens\u00f5es externas, o que \u00e9 ideal para aplica\u00e7\u00f5es com espa\u00e7o limitado.<\/p>\n<\/li>\n<li>\n<h3>Engenharia de precis\u00e3o<\/h3>\n<p>O processo de produ\u00e7\u00e3o garante que cada cilindro da lan\u00e7a atenda a especifica\u00e7\u00f5es rigorosas, resultando em alto desempenho e confiabilidade em condi\u00e7\u00f5es exigentes.<\/p>\n<\/li>\n<li>\n<h3>Op\u00e7\u00f5es de substitui\u00e7\u00e3o perfeitas<\/h3>\n<p>Fabricamos esses produtos para substituir perfeitamente os cilindros hidr\u00e1ulicos existentes, garantindo integra\u00e7\u00e3o e funcionalidade perfeitas em suas m\u00e1quinas.<\/p>\n<\/li>\n<\/ul>\n<p><img decoding=\"async\" src=\"https:\/\/www.hydraulic-cylinders.net\/wp-content\/uploads\/2025\/04\/songte-cylinder-head-with-all-kinds-excavator-models.webp\" alt=\"Modelos de Escavadeiras\"><\/p>\n<h2>Aplica\u00e7\u00f5es do Cilindro de Lan\u00e7a<\/h2>\n<h3>Equipamentos de constru\u00e7\u00e3o<\/h3>\n<p>Em escavadeiras, os cilindros da lan\u00e7a s\u00e3o vitais para escavar, carregar e movimentar terra ou entulho. Eles fornecem a for\u00e7a necess\u00e1ria para estender e retrair a lan\u00e7a, o que \u00e9 essencial para uma escava\u00e7\u00e3o eficaz. Em retroescavadeiras, esses cilindros auxiliam tanto nas opera\u00e7\u00f5es de escava\u00e7\u00e3o quanto no levantamento de materiais pesados, o que aumenta a versatilidade e a efici\u00eancia da m\u00e1quina em canteiros de obras.<\/p>\n<h3>Maquinaria agr\u00edcola<\/h3>\n<p>Nas p\u00e1s carregadeiras frontais, os cilindros da lan\u00e7a s\u00e3o utilizados para escavar, levantar e transportar terra, feno e outros materiais. A capacidade de manipular a posi\u00e7\u00e3o da ca\u00e7amba permite que os operadores executem tarefas com rapidez e efici\u00eancia, tornando as opera\u00e7\u00f5es agr\u00edcolas mais produtivas.<\/p>\n<h3>Escavadeiras<\/h3>\n<p>O cilindro da lan\u00e7a permite que a ca\u00e7amba penetre no solo para realizar escava\u00e7\u00f5es. Essa funcionalidade \u00e9 crucial para tarefas de escava\u00e7\u00e3o, onde precis\u00e3o e for\u00e7a s\u00e3o necess\u00e1rias para romper terrenos dif\u00edceis.<\/p>\n<h3>Carregadores<\/h3>\n<p>Em carregadeiras frontais, esses cilindros desempenham um papel fundamental no levantamento e despejo eficiente de cargas. Seu design garante que a carregadeira possa lidar com pesos variados, auxiliando em tarefas como movimenta\u00e7\u00e3o de materiais e prepara\u00e7\u00e3o do terreno.<\/p>\n<h2>Considera\u00e7\u00f5es de design e crit\u00e9rios de sele\u00e7\u00e3o<\/h2>\n<ul>\n<li>\n<h3>Capacidade de carga<\/h3>\n<p>Ao escolher um cilindro para a lan\u00e7a, \u00e9 crucial entender sua capacidade de carga. Ele deve ser capaz de suportar o peso m\u00e1ximo dos materiais que a m\u00e1quina ir\u00e1 levantar ou movimentar. Um cilindro com capacidade de carga insuficiente pode causar falhas ou acidentes, que podem ser perigosos e dispendiosos. Garantir que as especifica\u00e7\u00f5es corretas estejam alinhadas com os requisitos operacionais da m\u00e1quina \u00e9 fundamental para manter a seguran\u00e7a e a efici\u00eancia.<\/p>\n<\/li>\n<li>\n<h3>Desempenho de veda\u00e7\u00e3o<\/h3>\n<p>A veda\u00e7\u00e3o \u00e9 essencial para manter a integridade dos sistemas hidr\u00e1ulicos. Uma veda\u00e7\u00e3o bem projetada impede o vazamento do fluido hidr\u00e1ulico, garantindo a manuten\u00e7\u00e3o da press\u00e3o dentro do sistema. Veda\u00e7\u00f5es de alta qualidade s\u00e3o geralmente feitas de materiais dur\u00e1veis, oferecendo resist\u00eancia ao desgaste e a fatores ambientais. A inspe\u00e7\u00e3o regular das veda\u00e7\u00f5es \u00e9 necess\u00e1ria para evitar vazamentos, que podem levar \u00e0 opera\u00e7\u00e3o ineficiente da m\u00e1quina e ao aumento dos custos.<\/p>\n<\/li>\n<li>\n<h3>Durabilidade e Longevidade<\/h3>\n<p>A durabilidade \u00e9 um fator cr\u00edtico no projeto dos cilindros da lan\u00e7a. Esses componentes devem suportar condi\u00e7\u00f5es de trabalho severas, incluindo temperaturas extremas, sujeira e detritos. A sele\u00e7\u00e3o de cilindros fabricados com materiais de alta qualidade e com revestimentos protetores pode aumentar a vida \u00fatil, reduzindo a frequ\u00eancia de substitui\u00e7\u00f5es e reparos e, consequentemente, diminuindo os custos operacionais a longo prazo.<\/p>\n<\/li>\n<li>\n<h3>Recursos de seguran\u00e7a<\/h3>\n<p>A seguran\u00e7a \u00e9 fundamental no projeto de cilindros hidr\u00e1ulicos. Recursos como v\u00e1lvulas de al\u00edvio de press\u00e3o e travas de seguran\u00e7a s\u00e3o essenciais para evitar acionamentos acidentais e sobrecargas. Garantir que o cilindro da lan\u00e7a esteja equipado com esses recursos de seguran\u00e7a \u00e9 crucial para proteger os operadores e a m\u00e1quina durante a opera\u00e7\u00e3o.<\/p>\n<\/li>\n<li>\n<h3>Manutenibilidade<\/h3>\n<p>A facilidade de manuten\u00e7\u00e3o \u00e9 outra considera\u00e7\u00e3o importante. Um cilindro hidr\u00e1ulico bem projetado deve permitir inspe\u00e7\u00e3o, lubrifica\u00e7\u00e3o e substitui\u00e7\u00e3o de pe\u00e7as descomplicadas. Essa considera\u00e7\u00e3o pode economizar tempo e dinheiro, garantindo que a m\u00e1quina permane\u00e7a operacional com o m\u00ednimo de tempo de inatividade. Planos de manuten\u00e7\u00e3o regulares devem ser estabelecidos para garantir a longevidade e a efici\u00eancia do cilindro da lan\u00e7a.<\/p>\n<\/li>\n<\/ul>\n<p><img decoding=\"async\" src=\"https:\/\/www.hydraulic-cylinders.net\/wp-content\/uploads\/2025\/04\/songte-oil-pipes-and-spare-parts.webp\" alt=\"Pe\u00e7as Hidr\u00e1ulicas\"><\/p>\n<h2>Veda\u00e7\u00e3o e Lubrifica\u00e7\u00e3o<\/h2>\n<p>A veda\u00e7\u00e3o e a lubrifica\u00e7\u00e3o do cilindro da lan\u00e7a s\u00e3o vitais para seu desempenho e longevidade. Diversos elementos de veda\u00e7\u00e3o, como veda\u00e7\u00f5es de pist\u00e3o e veda\u00e7\u00f5es de haste, s\u00e3o empregados para garantir uma veda\u00e7\u00e3o herm\u00e9tica e evitar vazamentos de fluido hidr\u00e1ulico. Veda\u00e7\u00f5es feitas de materiais como poliuretano e borracha nitr\u00edlica proporcionam excelente resist\u00eancia ao desgaste e durabilidade. O corpo do cilindro e as superf\u00edcies roscadas das extremidades passam por um acabamento fino para aumentar a resist\u00eancia ao desgaste. A lubrifica\u00e7\u00e3o regular com \u00f3leo hidr\u00e1ulico apropriado \u00e9 necess\u00e1ria para manter o funcionamento suave e evitar o desgaste, garantindo que o cilindro opere com efici\u00eancia durante toda a sua vida \u00fatil.<\/p>\n<h2>Medidas de Manuten\u00e7\u00e3o Preventiva<\/h2>\n<ul>\n<li>\n<h3>Inspe\u00e7\u00f5es regulares<\/h3>\n<p>Inspe\u00e7\u00f5es regulares do cilindro da lan\u00e7a devem ser realizadas para verificar sinais de desgaste, vazamentos ou danos. Identificar problemas precocemente pode evitar problemas mais graves no futuro. Inspecione todas as veda\u00e7\u00f5es, mangueiras e conex\u00f5es em busca de sinais de desgaste ou deteriora\u00e7\u00e3o.<\/p>\n<\/li>\n<li>\n<h3>Lubrifica\u00e7\u00e3o adequada<\/h3>\n<p>\u00c9 essencial manter os n\u00edveis adequados de lubrifica\u00e7\u00e3o no sistema hidr\u00e1ulico. Verifique regularmente os n\u00edveis de fluido hidr\u00e1ulico e adicione lubrificante conforme necess\u00e1rio para evitar o funcionamento a seco, que pode danificar os cilindros.<\/p>\n<\/li>\n<li>\n<h3>Substitui\u00e7\u00e3o da veda\u00e7\u00e3o<\/h3>\n<p>As veda\u00e7\u00f5es devem ser examinadas durante as verifica\u00e7\u00f5es de manuten\u00e7\u00e3o e substitu\u00eddas conforme necess\u00e1rio. Veda\u00e7\u00f5es desgastadas ou danificadas podem causar vazamentos de fluido hidr\u00e1ulico, reduzindo a efici\u00eancia do sistema e aumentando os custos operacionais. A substitui\u00e7\u00e3o imediata das veda\u00e7\u00f5es pode evitar maiores danos ao cilindro.<\/p>\n<\/li>\n<\/ul>\n<p><img decoding=\"async\" src=\"https:\/\/www.hydraulic-cylinders.net\/wp-content\/uploads\/2025\/04\/songte-chushion-collar.webp\" alt=\"Coleira almofadada\"><\/p>\n<h2>Diretrizes de instala\u00e7\u00e3o<\/h2>\n<p>A instala\u00e7\u00e3o correta do cilindro da lan\u00e7a \u00e9 crucial para o desempenho ideal. Comece certificando-se de que as superf\u00edcies de montagem estejam limpas e livres de detritos. Alinhe o cilindro corretamente com a m\u00e1quina, garantindo que esteja nivelado e seguro. Utilize suportes de montagem adequados para manter o cilindro no lugar durante a instala\u00e7\u00e3o. Siga as especifica\u00e7\u00f5es do fabricante para os valores de torque dos parafusos para evitar aperto excessivo, que pode causar danos. Ap\u00f3s a instala\u00e7\u00e3o, verifique se h\u00e1 desalinhamentos e ajuste conforme necess\u00e1rio. Certifique-se de que as linhas hidr\u00e1ulicas estejam conectadas corretamente e sem dobras para permitir um fluxo de fluido suave.<\/p>\n<h2>Vis\u00e3o geral das tarefas de manuten\u00e7\u00e3o<\/h2>\n<ul>\n<li>\n<h3>Verifica\u00e7\u00f5es regulares<\/h3>\n<p>Verifique regularmente o cilindro da lan\u00e7a para garantir seu funcionamento correto. Procure por sinais de desgaste, como arranh\u00f5es ou amassados, e corrija-os imediatamente para evitar danos maiores.<\/p>\n<\/li>\n<li>\n<h3>Lubrifica\u00e7\u00e3o adequada<\/h3>\n<p>Assegure-se de que o sistema hidr\u00e1ulico esteja adequadamente lubrificado, verificando regularmente os n\u00edveis e a qualidade do fluido. O uso do tipo correto de fluido hidr\u00e1ulico \u00e9 fundamental para manter o desempenho do sistema.<\/p>\n<\/li>\n<li>\n<h3>Substitui\u00e7\u00e3o e calibra\u00e7\u00e3o de selos<\/h3>\n<p>Inspecione regularmente as veda\u00e7\u00f5es quanto ao desgaste e substitua-as conforme necess\u00e1rio. Al\u00e9m disso, realize verifica\u00e7\u00f5es de calibra\u00e7\u00e3o para garantir que o sistema hidr\u00e1ulico esteja funcionando dentro das especifica\u00e7\u00f5es exigidas.<\/p>\n<\/li>\n<\/ul>\n<h2>Considera\u00e7\u00f5es de seguran\u00e7a e fatores ambientais<\/h2>\n<p>As medidas de seguran\u00e7a s\u00e3o cruciais na opera\u00e7\u00e3o de sistemas hidr\u00e1ulicos. Os operadores devem ser treinados para compreender os riscos potenciais associados a m\u00e1quinas hidr\u00e1ulicas, incluindo vazamentos, explos\u00f5es de alta press\u00e3o e falhas mec\u00e2nicas. O uso de equipamentos de prote\u00e7\u00e3o individual (EPI) adequados \u00e9 essencial para minimizar o risco de les\u00f5es. Al\u00e9m disso, fatores ambientais, como derramamentos de fluido hidr\u00e1ulico, devem ser controlados para evitar contamina\u00e7\u00e3o e atender \u00e0s normas regulamentares.<\/p>\n<h2>Solu\u00e7\u00e3o de problemas comuns<\/h2>\n<ul>\n<li>\n<h3>Vazamentos de fluidos<\/h3>\n<p>Vazamentos de fluidos s\u00e3o um problema comum que pode levar \u00e0 diminui\u00e7\u00e3o da efici\u00eancia. Verifique se h\u00e1 danos nas veda\u00e7\u00f5es e mangueiras e substitua-as conforme necess\u00e1rio. Certifique-se de que todas as conex\u00f5es estejam bem apertadas para evitar vazamentos.<\/p>\n<\/li>\n<li>\n<h3>Movimento irregular do cilindro<\/h3>\n<p>Se o cilindro n\u00e3o se estender ou retrair uniformemente, isso pode indicar um bloqueio ou mau funcionamento no sistema hidr\u00e1ulico. Inspecione as mangueiras e conex\u00f5es quanto a dobras ou obstru\u00e7\u00f5es e certifique-se de que o fluido hidr\u00e1ulico esteja no n\u00edvel correto.<\/p>\n<\/li>\n<li>\n<h3>Falta de energia<\/h3>\n<p>A perda de pot\u00eancia no sistema hidr\u00e1ulico pode ser causada por n\u00edveis baixos de fluido ou fluido contaminado. Verifique regularmente a qualidade do fluido e substitua-o de acordo com as recomenda\u00e7\u00f5es do fabricante para garantir o desempenho ideal.<\/p>\n<\/li>\n<\/ul>\n<p><img decoding=\"async\" src=\"https:\/\/www.hydraulic-cylinders.net\/wp-content\/uploads\/2025\/04\/songte-bushings-with-all-kinds-of-excavator-models.webp\" alt=\"Buchas de escavadeira\"><\/p>\n<h2>Conclus\u00e3o<\/h2>\n<p>Somos um fabricante l\u00edder de cilindros hidr\u00e1ulicos de reposi\u00e7\u00e3o, oferecendo uma ampla gama de produtos para os mercados nacional e internacional. Nosso compromisso com a excel\u00eancia \u00e9 evidente em nossos sofisticados processos de fabrica\u00e7\u00e3o e na nossa \u00eanfase no controle de qualidade. Ao alavancar tecnologia avan\u00e7ada e engenheiros qualificados, garantimos que nossos produtos atendam a rigorosos padr\u00f5es de desempenho. Nossos servi\u00e7os incluem solu\u00e7\u00f5es personalizadas para atender \u00e0s necessidades espec\u00edficas dos clientes, um s\u00f3lido suporte p\u00f3s-venda e certifica\u00e7\u00f5es internacionais que comprovam a confiabilidade de nossos produtos. Dedicamo-nos a atender \u00e0s diversas demandas dos clientes com precis\u00e3o, efici\u00eancia e qualidade.<\/p>\n<p><img decoding=\"async\" src=\"https:\/\/www.hydraulic-cylinders.net\/wp-content\/uploads\/2025\/04\/songte-company-4.webp\" alt=\"Imagem da empresa\"><br \/>\n<img decoding=\"async\" src=\"https:\/\/www.hydraulic-cylinders.net\/wp-content\/uploads\/2025\/04\/songte-company-3.webp\" alt=\"Imagem da empresa\"><\/p>\n<p>Autor: lyl<\/p>","protected":false},"excerpt":{"rendered":"<p>Boom Cylinder For Kato Small Excavator HD307 Understanding the Boom Cylinder The Boom Cylinder is a crucial component in hydraulic systems, specifically designed to control the movement of the bucket in various heavy machinery such as excavators, backhoe loaders, and front loaders. This hydraulic cylinder facilitates the lifting, lowering, and tilting of the bucket, enabling [&hellip;]<\/p>","protected":false},"featured_media":17870,"comment_status":"open","ping_status":"closed","template":"","meta":{"_et_pb_use_builder":"","_et_pb_old_content":"","_et_gb_content_width":""},"product_brand":[],"product_cat":[1546],"product_tag":[1547,1496],"class_list":{"0":"post-19742","1":"product","2":"type-product","3":"status-publish","4":"has-post-thumbnail","6":"product_cat-boom-cylinders","7":"product_tag-boom-cylinders","8":"product_tag-hydraulic-cylinders","10":"first","11":"instock","12":"shipping-taxable","13":"product-type-simple"},"amp_enabled":true,"_links":{"self":[{"href":"https:\/\/www.hydraulic-cylinders.net\/pt\/wp-json\/wp\/v2\/product\/19742","targetHints":{"allow":["GET"]}}],"collection":[{"href":"https:\/\/www.hydraulic-cylinders.net\/pt\/wp-json\/wp\/v2\/product"}],"about":[{"href":"https:\/\/www.hydraulic-cylinders.net\/pt\/wp-json\/wp\/v2\/types\/product"}],"replies":[{"embeddable":true,"href":"https:\/\/www.hydraulic-cylinders.net\/pt\/wp-json\/wp\/v2\/comments?post=19742"}],"wp:featuredmedia":[{"embeddable":true,"href":"https:\/\/www.hydraulic-cylinders.net\/pt\/wp-json\/wp\/v2\/media\/17870"}],"wp:attachment":[{"href":"https:\/\/www.hydraulic-cylinders.net\/pt\/wp-json\/wp\/v2\/media?parent=19742"}],"wp:term":[{"taxonomy":"product_brand","embeddable":true,"href":"https:\/\/www.hydraulic-cylinders.net\/pt\/wp-json\/wp\/v2\/product_brand?post=19742"},{"taxonomy":"product_cat","embeddable":true,"href":"https:\/\/www.hydraulic-cylinders.net\/pt\/wp-json\/wp\/v2\/product_cat?post=19742"},{"taxonomy":"product_tag","embeddable":true,"href":"https:\/\/www.hydraulic-cylinders.net\/pt\/wp-json\/wp\/v2\/product_tag?post=19742"}],"curies":[{"name":"wp","href":"https:\/\/api.w.org\/{rel}","templated":true}]}}