{"id":19748,"date":"2025-04-07T07:05:26","date_gmt":"2025-04-07T07:05:26","guid":{"rendered":"https:\/\/www.hydraulic-cylinders.net\/product\/boom-cylinder-for-kato-small-excavator-hd1638r\/"},"modified":"2025-04-07T07:05:29","modified_gmt":"2025-04-07T07:05:29","slug":"boom-cylinder-for-kato-small-excavator-hd1638r","status":"publish","type":"product","link":"https:\/\/www.hydraulic-cylinders.net\/pt\/produto\/boom-cylinder-for-kato-small-excavator-hd1638r\/","title":{"rendered":"Cilindro da lan\u00e7a para mini escavadeira Kato HD1638R"},"content":{"rendered":"<h1>Cilindro da lan\u00e7a para mini escavadeira Kato HD1638R<\/h1>\n<h2>Compreendendo o Cilindro da Lan\u00e7a<\/h2>\n<p>O cilindro da lan\u00e7a \u00e9 um componente crucial de m\u00e1quinas pesadas, projetado especificamente para controlar o movimento da ca\u00e7amba em diversos tipos de equipamentos, como escavadeiras, retroescavadeiras e p\u00e1s carregadeiras. Este cilindro hidr\u00e1ulico permite que a ca\u00e7amba suba, des\u00e7a e incline, facilitando as tarefas de movimenta\u00e7\u00e3o de materiais com efici\u00eancia. Ao aproveitar a press\u00e3o hidr\u00e1ulica, o cilindro da lan\u00e7a fornece a for\u00e7a necess\u00e1ria para manipular cargas pesadas, garantindo precis\u00e3o e efici\u00eancia nas opera\u00e7\u00f5es.<\/p>\n<p><img decoding=\"async\" src=\"https:\/\/www.hydraulic-cylinders.net\/wp-content\/uploads\/2025\/04\/songte-company-1.webp\" alt=\"Cilindro de lan\u00e7a\"><\/p>\n<h3>Principais caracter\u00edsticas do cilindro de lan\u00e7a<\/h3>\n<ul>\n<li><strong>Alta resist\u00eancia e durabilidade:<\/strong> Fabricado em a\u00e7o de alta resist\u00eancia ou alum\u00ednio, o cilindro da lan\u00e7a \u00e9 projetado para suportar alta press\u00e3o e cargas pesadas, tornando-o adequado para ambientes de trabalho severos. Seu design prioriza a resist\u00eancia ao desgaste e a prote\u00e7\u00e3o contra corros\u00e3o para prolongar sua vida \u00fatil.<\/li>\n<li><strong>Opera\u00e7\u00e3o hidr\u00e1ulica eficiente:<\/strong> Utilizando press\u00e3o de \u00f3leo hidr\u00e1ulico, o cilindro garante extens\u00e3o e retra\u00e7\u00e3o suaves, permitindo uma resposta r\u00e1pida aos comandos do operador. Essa caracter\u00edstica proporciona significativa for\u00e7a de empurrar e puxar, ideal para manusear materiais pesados \u200b\u200be realizar tarefas complexas.<\/li>\n<li><strong>Variedade de tipos:<\/strong> Os clientes podem escolher entre cilindros de a\u00e7\u00e3o simples (que utilizam energia hidr\u00e1ulica em uma dire\u00e7\u00e3o) ou de a\u00e7\u00e3o dupla (que utilizam energia hidr\u00e1ulica em ambas as dire\u00e7\u00f5es) para atender a diversas necessidades operacionais. Alguns modelos s\u00e3o telesc\u00f3picos, permitindo maior extens\u00e3o sem aumentar as dimens\u00f5es externas, sendo ideais para aplica\u00e7\u00f5es com restri\u00e7\u00f5es de espa\u00e7o.<\/li>\n<li><strong>Op\u00e7\u00f5es personaliz\u00e1veis:<\/strong> Oferecemos capacidades de fabrica\u00e7\u00e3o que permitem solu\u00e7\u00f5es personalizadas para atender aos requisitos espec\u00edficos de cada projeto, garantindo que nossos cilindros de lan\u00e7a possam substituir diversos modelos de cilindros hidr\u00e1ulicos sem problemas.<\/li>\n<li><strong>Compatibilidade:<\/strong> Nossos produtos podem substituir perfeitamente esses cilindros hidr\u00e1ulicos, oferecendo uma solu\u00e7\u00e3o confi\u00e1vel para suas necessidades de escava\u00e7\u00e3o.<\/li>\n<\/ul>\n<p><img decoding=\"async\" src=\"https:\/\/www.hydraulic-cylinders.net\/wp-content\/uploads\/2025\/04\/songte-cylinder-head-with-all-kinds-excavator-models.webp\" alt=\"Compatibilidade de modelos de escavadeiras\"><\/p>\n<h2>Aplica\u00e7\u00f5es do Cilindro de Lan\u00e7a<\/h2>\n<h3>Equipamentos de constru\u00e7\u00e3o<\/h3>\n<p>O cilindro da lan\u00e7a \u00e9 comumente encontrado em escavadeiras, onde desempenha um papel vital na escava\u00e7\u00e3o, carregamento e movimenta\u00e7\u00e3o de solo ou entulho. Em retroescavadeiras, o cilindro da ca\u00e7amba auxilia tanto na escava\u00e7\u00e3o quanto no levantamento de cargas, sendo essencial para diversas tarefas de constru\u00e7\u00e3o. Sua capacidade de manusear cargas pesadas com precis\u00e3o aumenta a efici\u00eancia geral das opera\u00e7\u00f5es de constru\u00e7\u00e3o.<\/p>\n<h3>Maquinaria agr\u00edcola<\/h3>\n<p>Nas p\u00e1s carregadeiras frontais, o cilindro da lan\u00e7a \u00e9 utilizado para escavar, levantar e transportar terra, feno e outros materiais. Seu funcionamento confi\u00e1vel garante que tarefas agr\u00edcolas, como carga e descarga, sejam realizadas com efici\u00eancia, auxiliando os agricultores em suas atividades di\u00e1rias.<\/p>\n<h3>Escavadeiras<\/h3>\n<p>As escavadeiras dependem do cilindro da lan\u00e7a para permitir que a ca\u00e7amba penetre no solo, facilitando a\u00e7\u00f5es de escava\u00e7\u00e3o eficientes. A pot\u00eancia hidr\u00e1ulica fornecida pelo cilindro permite que os operadores executem tarefas com rapidez e precis\u00e3o, essenciais para diversos projetos de escava\u00e7\u00e3o.<\/p>\n<h3>Carregadores<\/h3>\n<p>Em carregadeiras frontais, o cilindro da lan\u00e7a auxilia no levantamento e despejo eficiente de materiais. Seu design garante que os operadores possam manusear cargas volumosas com facilidade, otimizando o fluxo de trabalho em aplica\u00e7\u00f5es de constru\u00e7\u00e3o e paisagismo.<\/p>\n<h2>Considera\u00e7\u00f5es de design e crit\u00e9rios de sele\u00e7\u00e3o<\/h2>\n<h3>Capacidade de carga<\/h3>\n<p>O projeto do cilindro da lan\u00e7a come\u00e7a com a avalia\u00e7\u00e3o de sua capacidade de carga. Essa m\u00e9trica indica quanto peso o cilindro pode suportar com efici\u00eancia sem comprometer sua integridade. Os engenheiros devem selecionar materiais e projetos estruturais que suportem as cargas esperadas, garantindo seguran\u00e7a e confiabilidade na opera\u00e7\u00e3o. A capacidade de carga \u00e9 crucial para determinar a adequa\u00e7\u00e3o do cilindro a m\u00e1quinas e tarefas espec\u00edficas, influenciando tanto o desempenho quanto a vida \u00fatil.<\/p>\n<h3>Veda\u00e7\u00e3o e durabilidade<\/h3>\n<p>Mecanismos de veda\u00e7\u00e3o adequados s\u00e3o vitais para o funcionamento do cilindro da lan\u00e7a. Veda\u00e7\u00f5es de alta qualidade evitam vazamentos de fluido hidr\u00e1ulico, que podem levar \u00e0 redu\u00e7\u00e3o da efici\u00eancia e a poss\u00edveis danos. Materiais dur\u00e1veis, como poliuretano e borracha nitr\u00edlica, s\u00e3o escolhidos para as veda\u00e7\u00f5es, a fim de resistir ao desgaste. Al\u00e9m disso, o corpo do cilindro e as superf\u00edcies roscadas passam por processos de acabamento refinado para aumentar a resist\u00eancia ao desgaste, garantindo que o cilindro permane\u00e7a funcional ao longo do tempo e reduzindo as necessidades de manuten\u00e7\u00e3o.<\/p>\n<h3>Seguran\u00e7a e Manuten\u00e7\u00e3o<\/h3>\n<p>A seguran\u00e7a \u00e9 uma considera\u00e7\u00e3o primordial no projeto de cilindros de lan\u00e7a. Os engenheiros incorporam recursos que previnem falhas acidentais, como v\u00e1lvulas de sobrepress\u00e3o e travas de seguran\u00e7a. A manuten\u00e7\u00e3o regular tamb\u00e9m \u00e9 essencial para garantir o desempenho e a seguran\u00e7a ideais. Isso inclui inspe\u00e7\u00f5es de rotina, lubrifica\u00e7\u00e3o oportuna e substitui\u00e7\u00e3o de veda\u00e7\u00f5es desgastadas. Um cilindro de lan\u00e7a bem conservado reduz significativamente o risco de acidentes e falhas mec\u00e2nicas, contribuindo para ambientes operacionais mais seguros.<\/p>\n<p><img decoding=\"async\" src=\"https:\/\/www.hydraulic-cylinders.net\/wp-content\/uploads\/2025\/04\/songte-oil-pipes-and-spare-parts.webp\" alt=\"Componentes do cilindro hidr\u00e1ulico\"><\/p>\n<h2>Veda\u00e7\u00e3o e Lubrifica\u00e7\u00e3o<\/h2>\n<p>A veda\u00e7\u00e3o e a lubrifica\u00e7\u00e3o eficazes s\u00e3o fundamentais para o desempenho ideal dos cilindros da lan\u00e7a. Diversos tipos de veda\u00e7\u00e3o, incluindo veda\u00e7\u00f5es de pist\u00e3o e de haste, s\u00e3o utilizados para evitar vazamentos de fluido hidr\u00e1ulico e manter a press\u00e3o. Veda\u00e7\u00f5es feitas de materiais resistentes ao desgaste, como poliuretano e borracha nitr\u00edlica, s\u00e3o preferidas devido \u00e0 sua durabilidade. O corpo do cilindro e as extremidades roscadas recebem um acabamento meticuloso para melhorar a resist\u00eancia ao desgaste. A lubrifica\u00e7\u00e3o regular com \u00f3leo hidr\u00e1ulico \u00e9 necess\u00e1ria para reduzir o atrito e o desgaste, garantindo uma opera\u00e7\u00e3o suave e prolongando a vida \u00fatil do cilindro.<\/p>\n<h2>Medidas de Manuten\u00e7\u00e3o Preventiva<\/h2>\n<ul>\n<li><strong>Inspe\u00e7\u00f5es regulares:<\/strong> Realize verifica\u00e7\u00f5es de rotina no cilindro da lan\u00e7a para detectar quaisquer sinais de desgaste, vazamentos ou danos. A detec\u00e7\u00e3o precoce de problemas pode evitar maiores complica\u00e7\u00f5es e reparos dispendiosos.<\/li>\n<li><strong>Lubrifica\u00e7\u00e3o adequada:<\/strong> Certifique-se de que o cilindro esteja adequadamente lubrificado com o \u00f3leo hidr\u00e1ulico apropriado. Esta etapa \u00e9 essencial para manter o desempenho e prolongar a vida \u00fatil do cilindro.<\/li>\n<li><strong>Substitui\u00e7\u00e3o da veda\u00e7\u00e3o:<\/strong> Verifique regularmente as veda\u00e7\u00f5es e substitua-as conforme necess\u00e1rio para evitar vazamentos de fluido hidr\u00e1ulico, que podem comprometer o desempenho e a seguran\u00e7a.<\/li>\n<\/ul>\n<h2>Diretrizes de instala\u00e7\u00e3o<\/h2>\n<p>A instala\u00e7\u00e3o correta do cilindro da lan\u00e7a \u00e9 crucial para seu desempenho e vida \u00fatil. Comece certificando-se de que todos os componentes estejam limpos e livres de detritos. Alinhe corretamente o cilindro com os pontos de montagem na m\u00e1quina, utilizando suportes de instala\u00e7\u00e3o adequados para garantir estabilidade. \u00c9 fundamental apertar firmemente todos os parafusos e fixadores, respeitando as especifica\u00e7\u00f5es de torque do fabricante. Ap\u00f3s a instala\u00e7\u00e3o, verifique o alinhamento e a funcionalidade do cilindro realizando um teste em baixa press\u00e3o antes de oper\u00e1-lo com carga total. Essa abordagem cautelosa garante que todas as pe\u00e7as estejam funcionando conforme o esperado e minimiza o risco de problemas durante a opera\u00e7\u00e3o.<\/p>\n<h2>Tarefas comuns de manuten\u00e7\u00e3o<\/h2>\n<h3>Inspe\u00e7\u00f5es regulares<\/h3>\n<p>Realizar inspe\u00e7\u00f5es de rotina \u00e9 essencial para identificar problemas potenciais antes que se agravem. Os t\u00e9cnicos devem verificar sinais de desgaste, como arranh\u00f5es ou amassados \u200b\u200bno cilindro, e examinar as veda\u00e7\u00f5es em busca de vazamentos. Ao adotar uma postura proativa, os operadores podem garantir que o cilindro permane\u00e7a em \u00f3timas condi\u00e7\u00f5es, evitando quebras e reparos inesperados.<\/p>\n<h3>Lubrifica\u00e7\u00e3o adequada<\/h3>\n<p>A lubrifica\u00e7\u00e3o regular do cilindro da lan\u00e7a \u00e9 vital para o seu bom funcionamento. Utilizando o \u00f3leo hidr\u00e1ulico recomendado, os t\u00e9cnicos devem garantir que o cilindro esteja adequadamente lubrificado para reduzir o atrito e o desgaste das pe\u00e7as m\u00f3veis. Manter um cronograma de lubrifica\u00e7\u00e3o \u00e9 ben\u00e9fico para preservar o desempenho e prolongar a vida \u00fatil do cilindro.<\/p>\n<h3>Substitui\u00e7\u00e3o da veda\u00e7\u00e3o<\/h3>\n<p>Com o tempo, as veda\u00e7\u00f5es podem se desgastar, causando vazamentos de fluido hidr\u00e1ulico. Os t\u00e9cnicos devem examinar as veda\u00e7\u00f5es regularmente e substitu\u00ed-las quando necess\u00e1rio para manter a integridade do sistema. A manuten\u00e7\u00e3o adequada das veda\u00e7\u00f5es n\u00e3o s\u00f3 garante o desempenho ideal, como tamb\u00e9m aumenta a seguran\u00e7a, prevenindo vazamentos de fluido que poderiam levar a situa\u00e7\u00f5es perigosas.<\/p>\n<p><img decoding=\"async\" src=\"https:\/\/www.hydraulic-cylinders.net\/wp-content\/uploads\/2025\/04\/songte-chushion-collar.webp\" alt=\"Coleira almofadada\"><\/p>\n<h2>Considera\u00e7\u00f5es de seguran\u00e7a e fatores ambientais<\/h2>\n<p>Ao utilizar cilindros hidr\u00e1ulicos em lan\u00e7as, a implementa\u00e7\u00e3o de medidas de seguran\u00e7a \u00e9 crucial. Os operadores devem ser treinados na opera\u00e7\u00e3o segura das m\u00e1quinas e compreender a import\u00e2ncia de respeitar os limites de carga. Al\u00e9m disso, o uso de cilindros hidr\u00e1ulicos em ambientes com materiais perigosos exige cautela extra para evitar derramamentos e vazamentos, que podem representar riscos ambientais. A manuten\u00e7\u00e3o e as inspe\u00e7\u00f5es regulares garantem que o equipamento opere com seguran\u00e7a e efici\u00eancia, reduzindo a probabilidade de acidentes.<\/p>\n<h2>Solu\u00e7\u00e3o de problemas e problemas comuns<\/h2>\n<ul>\n<li><strong>Vazamentos de fluidos:<\/strong> Um dos problemas mais comuns com cilindros de guindastes \u00e9 o vazamento de fluido hidr\u00e1ulico. Inspecione regularmente as veda\u00e7\u00f5es e conex\u00f5es em busca de sinais de desgaste ou danos. Se forem detectados vazamentos, substitua as veda\u00e7\u00f5es ou aperte as conex\u00f5es conforme necess\u00e1rio.<\/li>\n<li><strong>Desempenho reduzido:<\/strong> Se o cilindro da lan\u00e7a n\u00e3o estiver respondendo adequadamente, pode haver ar no sistema hidr\u00e1ulico ou n\u00edveis baixos de fluido. Sangre o sistema para remover o ar e verifique os n\u00edveis de fluido, completando-os se necess\u00e1rio.<\/li>\n<li><strong>Movimentos err\u00e1ticos:<\/strong> Movimentos irregulares podem indicar uma v\u00e1lvula com defeito ou a necessidade de manuten\u00e7\u00e3o do sistema. Inspecione as v\u00e1lvulas e certifique-se de que estejam funcionando corretamente, al\u00e9m de verificar se h\u00e1 obstru\u00e7\u00f5es nas linhas hidr\u00e1ulicas.<\/li>\n<\/ul>\n<h2>Dicas para solu\u00e7\u00e3o de problemas<\/h2>\n<p>Ao diagnosticar problemas com o cilindro da lan\u00e7a, \u00e9 essencial abordar o problema de forma met\u00f3dica. Comece verificando se h\u00e1 vazamentos ou danos nas veda\u00e7\u00f5es, que podem afetar significativamente o desempenho. Se o cilindro apresentar pot\u00eancia reduzida, certifique-se de que os n\u00edveis de fluido hidr\u00e1ulico estejam adequados e que n\u00e3o haja entrada de ar no sistema. A manuten\u00e7\u00e3o regular, incluindo lubrifica\u00e7\u00e3o oportuna e substitui\u00e7\u00e3o de veda\u00e7\u00f5es, pode prevenir muitos problemas comuns, aumentando assim a confiabilidade e a seguran\u00e7a durante a opera\u00e7\u00e3o.<\/p>\n<p><img decoding=\"async\" src=\"https:\/\/www.hydraulic-cylinders.net\/wp-content\/uploads\/2025\/04\/songte-bushings-with-all-kinds-of-excavator-models.webp\" alt=\"Buchas para modelos de escavadeiras\"><\/p>\n<h2>Vis\u00e3o geral da empresa<\/h2>\n<p>Somos um fabricante e distribuidor atacadista l\u00edder de cilindros hidr\u00e1ulicos, especializados em pe\u00e7as de reposi\u00e7\u00e3o para diversos modelos. Nossa linha de produtos nos posiciona como um dos principais players nos mercados nacional e internacional. Seguimos rigorosos padr\u00f5es de controle de qualidade e utilizamos estrat\u00e9gias avan\u00e7adas de gest\u00e3o de produ\u00e7\u00e3o, apoiadas por t\u00e9cnicos qualificados, equipamentos de fabrica\u00e7\u00e3o digital de \u00faltima gera\u00e7\u00e3o e sistemas de teste profissionais. Nosso compromisso com a excel\u00eancia nos permite aprimorar continuamente nossas plataformas de produ\u00e7\u00e3o, garantindo que atendamos \u00e0s diversas necessidades dos clientes com alta efici\u00eancia, precis\u00e3o e qualidade.<\/p>\n<p><img decoding=\"async\" src=\"https:\/\/www.hydraulic-cylinders.net\/wp-content\/uploads\/2025\/04\/songte-company-4.webp\" alt=\"Vis\u00e3o geral da empresa 1\"><br \/>\n<img decoding=\"async\" src=\"https:\/\/www.hydraulic-cylinders.net\/wp-content\/uploads\/2025\/04\/songte-company-3.webp\" alt=\"Vis\u00e3o geral da empresa 2\"><\/p>\n<p>Nossa dedica\u00e7\u00e3o ao profissionalismo se reflete em nossas certifica\u00e7\u00f5es internacionais e servi\u00e7os personalizados. Orgulhamo-nos de nossos equipamentos de produ\u00e7\u00e3o de \u00faltima gera\u00e7\u00e3o e do confi\u00e1vel suporte p\u00f3s-venda, garantindo que os clientes recebam n\u00e3o apenas produtos de alta qualidade, mas tamb\u00e9m um servi\u00e7o excepcional durante todo o relacionamento conosco.<\/p>\n<p>Autor: lyl<\/p>","protected":false},"excerpt":{"rendered":"<p>Boom Cylinder For Kato Small Excavator HD1638R Understanding the Boom Cylinder The boom cylinder is a crucial component of heavy machinery, specifically designed to control the movement of the bucket in various types of equipment, such as excavators, backhoe loaders, and front loaders. This hydraulic cylinder enables the bucket to lift, lower, and tilt, facilitating [&hellip;]<\/p>","protected":false},"featured_media":17876,"comment_status":"open","ping_status":"closed","template":"","meta":{"_et_pb_use_builder":"","_et_pb_old_content":"","_et_gb_content_width":""},"product_brand":[],"product_cat":[1546],"product_tag":[1547,1496],"class_list":{"0":"post-19748","1":"product","2":"type-product","3":"status-publish","4":"has-post-thumbnail","6":"product_cat-boom-cylinders","7":"product_tag-boom-cylinders","8":"product_tag-hydraulic-cylinders","10":"first","11":"instock","12":"shipping-taxable","13":"product-type-simple"},"amp_enabled":true,"_links":{"self":[{"href":"https:\/\/www.hydraulic-cylinders.net\/pt\/wp-json\/wp\/v2\/product\/19748","targetHints":{"allow":["GET"]}}],"collection":[{"href":"https:\/\/www.hydraulic-cylinders.net\/pt\/wp-json\/wp\/v2\/product"}],"about":[{"href":"https:\/\/www.hydraulic-cylinders.net\/pt\/wp-json\/wp\/v2\/types\/product"}],"replies":[{"embeddable":true,"href":"https:\/\/www.hydraulic-cylinders.net\/pt\/wp-json\/wp\/v2\/comments?post=19748"}],"wp:featuredmedia":[{"embeddable":true,"href":"https:\/\/www.hydraulic-cylinders.net\/pt\/wp-json\/wp\/v2\/media\/17876"}],"wp:attachment":[{"href":"https:\/\/www.hydraulic-cylinders.net\/pt\/wp-json\/wp\/v2\/media?parent=19748"}],"wp:term":[{"taxonomy":"product_brand","embeddable":true,"href":"https:\/\/www.hydraulic-cylinders.net\/pt\/wp-json\/wp\/v2\/product_brand?post=19748"},{"taxonomy":"product_cat","embeddable":true,"href":"https:\/\/www.hydraulic-cylinders.net\/pt\/wp-json\/wp\/v2\/product_cat?post=19748"},{"taxonomy":"product_tag","embeddable":true,"href":"https:\/\/www.hydraulic-cylinders.net\/pt\/wp-json\/wp\/v2\/product_tag?post=19748"}],"curies":[{"name":"wp","href":"https:\/\/api.w.org\/{rel}","templated":true}]}}