{"id":20124,"date":"2025-05-09T08:14:18","date_gmt":"2025-05-09T08:14:18","guid":{"rendered":"https:\/\/www.hydraulic-cylinders.net\/?post_type=product&#038;p=20124"},"modified":"2025-05-12T05:29:49","modified_gmt":"2025-05-12T05:29:49","slug":"pin-shaft-hydraulic-cylinders-for-crawler-crane","status":"publish","type":"product","link":"https:\/\/www.hydraulic-cylinders.net\/pt\/produto\/pin-shaft-hydraulic-cylinders-for-crawler-crane\/","title":{"rendered":"Cilindros hidr\u00e1ulicos com pino de articula\u00e7\u00e3o para guindaste sobre esteiras"},"content":{"rendered":"<h1 style=\"text-align: center;\"><strong>Cilindros hidr\u00e1ulicos com pino de articula\u00e7\u00e3o para guindaste sobre esteiras<\/strong><\/h1>\n<p><img loading=\"lazy\" decoding=\"async\" class=\"wp-image-20125 aligncenter\" src=\"https:\/\/www.hydraulic-cylinders.net\/wp-content\/uploads\/2025\/05\/pin-shaft-hydraulic-cylinders-for-crawler-crane-scaled.webp\" alt=\"Cilindros hidr\u00e1ulicos com pino de articula\u00e7\u00e3o para guindaste sobre esteiras\" width=\"500\" height=\"500\" \/><\/p>\n<section id=\"introduction\">Os cilindros hidr\u00e1ulicos de eixo de pino para guindastes sobre esteiras s\u00e3o cilindros hidr\u00e1ulicos robustos e de alta resist\u00eancia, projetados especificamente para guindastes sobre esteiras e compat\u00edveis com os principais modelos. Projetados para durabilidade e precis\u00e3o, esses cilindros de eixo de pino aprimoram as opera\u00e7\u00f5es do guindaste, garantindo o i\u00e7amento e a movimenta\u00e7\u00e3o confi\u00e1veis \u200b\u200bde cargas pesadas em ambientes exigentes, como canteiros de obras, opera\u00e7\u00f5es de minera\u00e7\u00e3o e projetos de infraestrutura. Este cilindro hidr\u00e1ulico para guindaste \u00e9 perfeito para i\u00e7amento de cargas pesadas, oferecendo for\u00e7a e estabilidade incompar\u00e1veis \u200b\u200bpara atender \u00e0s suas necessidades de cilindros para guindastes sobre esteiras.<\/section>\n<section id=\"specifications\">\n<h2><strong>Especifica\u00e7\u00f5es t\u00e9cnicas dos cilindros hidr\u00e1ulicos com pino de fixa\u00e7\u00e3o para guindastes sobre esteiras:<\/strong><\/h2>\n<p><img loading=\"lazy\" decoding=\"async\" class=\"aligncenter wp-image-20129 size-full\" src=\"https:\/\/www.hydraulic-cylinders.net\/wp-content\/uploads\/2025\/05\/truss-arm-crawler-crane-hydraulic-cylinders.webp\" alt=\"Cilindro hidr\u00e1ulico para guindaste sobre esteiras\" width=\"640\" height=\"358\" srcset=\"https:\/\/www.hydraulic-cylinders.net\/wp-content\/uploads\/2025\/05\/truss-arm-crawler-crane-hydraulic-cylinders.webp 640w, https:\/\/www.hydraulic-cylinders.net\/wp-content\/uploads\/2025\/05\/truss-arm-crawler-crane-hydraulic-cylinders-480x269.webp 480w\" sizes=\"(min-width: 0px) and (max-width: 480px) 480px, (min-width: 481px) 640px, 100vw\" \/><\/p>\n<ul>\n<li>\n<p class=\"ds-markdown-paragraph\"><strong>Fun\u00e7\u00e3o<\/strong>Efeito de buffer<\/p>\n<\/li>\n<li>\n<p class=\"ds-markdown-paragraph\"><strong>Di\u00e2metro do cilindro<\/strong>: 80 mm<\/p>\n<\/li>\n<li>\n<p class=\"ds-markdown-paragraph\"><strong>Di\u00e2metro da haste<\/strong>: 40 mm<\/p>\n<\/li>\n<li>\n<p class=\"ds-markdown-paragraph\"><strong>Viagem<\/strong>: 200 mm \u2013 530 mm<\/p>\n<\/li>\n<li>\n<p class=\"ds-markdown-paragraph\"><strong>Press\u00e3o m\u00e1xima<\/strong>: 25 MPa<\/p>\n<\/li>\n<li>\n<p class=\"ds-markdown-paragraph\"><strong>Impulso m\u00e1ximo<\/strong>: 125 kN<\/p>\n<\/li>\n<\/ul>\n<\/section>\n<section id=\"features\">\n<h2><strong>Principais caracter\u00edsticas dos cilindros hidr\u00e1ulicos com pino de articula\u00e7\u00e3o para guindastes sobre esteiras:<\/strong><\/h2>\n<ul>\n<li><strong>Eleva\u00e7\u00e3o aprimorada com design de pino de fixa\u00e7\u00e3o:<\/strong> Os cilindros hidr\u00e1ulicos de eixo de pino para guindastes sobre esteiras apresentam um design robusto, proporcionando capacidade de carga superior e movimentos precisos para i\u00e7amento de cargas pesadas. Este cilindro hidr\u00e1ulico de alta resist\u00eancia garante estabilidade e seguran\u00e7a durante as opera\u00e7\u00f5es do guindaste em trabalhos de constru\u00e7\u00e3o e minera\u00e7\u00e3o.<\/li>\n<li><strong>Constru\u00e7\u00e3o robusta para condi\u00e7\u00f5es extremas:<\/strong>\u00a0Fabricado em a\u00e7o liga de alta resist\u00eancia com revestimento anticorrosivo, este cilindro hidr\u00e1ulico para guindaste suporta ambientes severos, como canteiros de obras empoeirados, \u00e1reas costeiras \u00famidas e projetos em grandes altitudes. Ele garante desempenho duradouro, tornando-o um cilindro hidr\u00e1ulico de eixo de pino confi\u00e1vel para aplica\u00e7\u00f5es em guindastes sobre esteiras.<\/li>\n<li><strong>Compatibilidade perfeita com guindastes sobre esteiras:<\/strong> Projetado para guindastes sobre esteiras Liebherr LR 1300, Manitowoc 14000 e Kobelco CKE2500, este cilindro com pino de fixa\u00e7\u00e3o garante um encaixe perfeito e desempenho ideal nas opera\u00e7\u00f5es do guindaste. Este cilindro hidr\u00e1ulico refor\u00e7ado para guindastes sobre esteiras aumenta a efici\u00eancia e a confiabilidade de eleva\u00e7\u00e3o do seu guindaste.<\/li>\n<li><strong>Opera\u00e7\u00e3o eficiente com manuten\u00e7\u00e3o m\u00ednima:<\/strong>\u00a0Com tecnologia de veda\u00e7\u00e3o avan\u00e7ada e canais de lubrifica\u00e7\u00e3o otimizados, este cilindro hidr\u00e1ulico com pino de fixa\u00e7\u00e3o proporciona uma opera\u00e7\u00e3o mais suave e reduz o desgaste de componentes cr\u00edticos. Ele diminui os custos de manuten\u00e7\u00e3o e prolonga a vida \u00fatil do seu guindaste sobre esteiras, oferecendo uma excelente op\u00e7\u00e3o de substitui\u00e7\u00e3o para cilindros hidr\u00e1ulicos em aplica\u00e7\u00f5es exigentes.<\/li>\n<\/ul>\n<\/section>\n<section id=\"applications\">\n<h2><strong>Aplica\u00e7\u00f5es dos cilindros hidr\u00e1ulicos com pino de articula\u00e7\u00e3o para guindastes sobre esteiras:<\/strong><\/h2>\n<p><img loading=\"lazy\" decoding=\"async\" class=\"alignnone size-full wp-image-20131\" src=\"https:\/\/www.hydraulic-cylinders.net\/wp-content\/uploads\/2025\/05\/hydraulic-cylinder-application.webp\" alt=\"Aplica\u00e7\u00e3o de cilindro hidr\u00e1ulico em guindaste sobre esteiras\" width=\"2048\" height=\"1152\" srcset=\"https:\/\/www.hydraulic-cylinders.net\/wp-content\/uploads\/2025\/05\/hydraulic-cylinder-application.webp 2048w, https:\/\/www.hydraulic-cylinders.net\/wp-content\/uploads\/2025\/05\/hydraulic-cylinder-application-1280x720.webp 1280w, https:\/\/www.hydraulic-cylinders.net\/wp-content\/uploads\/2025\/05\/hydraulic-cylinder-application-980x551.webp 980w, https:\/\/www.hydraulic-cylinders.net\/wp-content\/uploads\/2025\/05\/hydraulic-cylinder-application-480x270.webp 480w\" sizes=\"(min-width: 0px) and (max-width: 480px) 480px, (min-width: 481px) and (max-width: 980px) 980px, (min-width: 981px) and (max-width: 1280px) 1280px, (min-width: 1281px) 2048px, 100vw\" \/><\/p>\n<ul>\n<li><strong>Projetos de constru\u00e7\u00e3o e infraestrutura:<\/strong> Os cilindros hidr\u00e1ulicos de eixo de pino para guindastes sobre esteiras garantem desempenho confi\u00e1vel em aplica\u00e7\u00f5es de guindastes sobre esteiras em projetos de constru\u00e7\u00e3o, permitindo o manuseio preciso de materiais pesados, como vigas de a\u00e7o e lajes de concreto. Seu cilindro hidr\u00e1ulico de alta resist\u00eancia para guindastes sobre esteiras aumenta a seguran\u00e7a e a produtividade em grandes obras de infraestrutura.<\/li>\n<li><strong>Minera\u00e7\u00e3o e Manuseio de Materiais:<\/strong>\u00a0Projetado para guindastes sobre esteiras em opera\u00e7\u00f5es de minera\u00e7\u00e3o, este cilindro hidr\u00e1ulico para guindaste suporta o i\u00e7amento e movimenta\u00e7\u00e3o eficientes de cargas pesadas, como min\u00e9rio e equipamentos. Ele garante uma opera\u00e7\u00e3o suave em ambientes adversos, tornando-se um cilindro de alto desempenho para guindastes sobre esteiras.<\/li>\n<li><strong>Ind\u00fastrias pesadas e opera\u00e7\u00f5es offshore:<\/strong>\u00a0Ideal para guindastes sobre esteiras utilizados em ind\u00fastrias pesadas e projetos offshore, este cilindro com pino de articula\u00e7\u00e3o facilita o i\u00e7amento seguro de cargas superdimensionadas em condi\u00e7\u00f5es desafiadoras, como em plataformas offshore. Sua durabilidade o torna um cilindro hidr\u00e1ulico com pino de articula\u00e7\u00e3o confi\u00e1vel para opera\u00e7\u00f5es de guindastes em aplica\u00e7\u00f5es exigentes.<\/li>\n<\/ul>\n<h2><strong>Explore mais cilindros hidr\u00e1ulicos para guindastes:<\/strong><\/h2>\n<p>Tamb\u00e9m fornecemos uma ampla gama de outros cilindros hidr\u00e1ulicos para guindastes, atendendo a diversas necessidades de eleva\u00e7\u00e3o. Se voc\u00ea precisa de um cilindro hidr\u00e1ulico de reposi\u00e7\u00e3o para guindastes de torre, guindastes m\u00f3veis ou equipamentos pesados \u200b\u200bespecializados, a Ever-Power Huachang Hydraulic tem a solu\u00e7\u00e3o. Confira nossa linha completa de produtos. <a href=\"https:\/\/www.hydraulic-cylinders.net\/pt\/mobile-crane-hydraulic-cylinders\/\">cilindros de guindaste hidr\u00e1ulico<\/a> Para encontrar a solu\u00e7\u00e3o ideal para as suas opera\u00e7\u00f5es com guindastes.<\/p>\n<h2><strong>Como o design do eixo do pino dos cilindros hidr\u00e1ulicos com eixo de pino melhora o desempenho em aplica\u00e7\u00f5es de servi\u00e7o pesado?<\/strong><\/h2>\n<p dir=\"auto\">O design do eixo do pino dos cilindros hidr\u00e1ulicos com eixo de pino aprimora significativamente o desempenho em aplica\u00e7\u00f5es de servi\u00e7o pesado, proporcionando capacidade de carga excepcional e controle preciso de movimento, caracter\u00edsticas essenciais para ambientes exigentes como canteiros de obras, opera\u00e7\u00f5es de minera\u00e7\u00e3o e projetos offshore. Especificamente, a configura\u00e7\u00e3o do cilindro com eixo de pino garante a distribui\u00e7\u00e3o ideal da for\u00e7a em todo o cilindro hidr\u00e1ulico do guindaste, minimizando a concentra\u00e7\u00e3o de tens\u00f5es e reduzindo o risco de falhas mec\u00e2nicas durante tarefas de i\u00e7amento de cargas pesadas com guindastes sobre esteiras.<\/p>\n<p dir=\"auto\">Este projeto tamb\u00e9m melhora o alinhamento e a estabilidade, permitindo que o cilindro hidr\u00e1ulico de alta resist\u00eancia mantenha um desempenho consistente sob condi\u00e7\u00f5es de alta press\u00e3o \u2014 at\u00e9 350 bar, conforme especificado nos detalhes t\u00e9cnicos. Al\u00e9m disso, o cilindro hidr\u00e1ulico com pino de fixa\u00e7\u00e3o facilita transi\u00e7\u00f5es de carga mais suaves, reduzindo o desgaste em componentes cr\u00edticos e prolongando a vida \u00fatil do cilindro do guindaste sobre esteiras, mesmo em condi\u00e7\u00f5es extremas, como ambientes empoeirados ou \u00famidos.<\/p>\n<p dir=\"auto\">Ao integrar tecnologia de veda\u00e7\u00e3o avan\u00e7ada e canais de lubrifica\u00e7\u00e3o otimizados, os cilindros hidr\u00e1ulicos com pino de fixa\u00e7\u00e3o para guindastes sobre esteiras garantem o m\u00ednimo de atrito e ac\u00famulo de calor, aumentando a efici\u00eancia operacional e reduzindo as necessidades de manuten\u00e7\u00e3o. Isso torna o cilindro hidr\u00e1ulico com pino de fixa\u00e7\u00e3o para opera\u00e7\u00f5es com guindastes a escolha ideal para usu\u00e1rios que buscam uma substitui\u00e7\u00e3o confi\u00e1vel para o cilindro hidr\u00e1ulico do guindaste, capaz de suportar os rigores de i\u00e7amento de cargas pesadas, mantendo a precis\u00e3o e a seguran\u00e7a.<\/p>\n<\/section>\n<section id=\"company-introduction\">\n<h2><strong>Sobre a Ever-Power Huachang Hydraulic:<\/strong><\/h2>\n<h2><img loading=\"lazy\" decoding=\"async\" class=\"alignnone size-full wp-image-16972\" src=\"https:\/\/www.hydraulic-cylinders.net\/wp-content\/uploads\/2025\/01\/hydraulic-cylinder-factory-1-scaled.webp\" alt=\"\" width=\"2016\" height=\"2560\" srcset=\"https:\/\/www.hydraulic-cylinders.net\/wp-content\/uploads\/2025\/01\/hydraulic-cylinder-factory-1-scaled.webp 2016w, https:\/\/www.hydraulic-cylinders.net\/wp-content\/uploads\/2025\/01\/hydraulic-cylinder-factory-1-1280x1625.webp 1280w, https:\/\/www.hydraulic-cylinders.net\/wp-content\/uploads\/2025\/01\/hydraulic-cylinder-factory-1-980x1244.webp 980w, https:\/\/www.hydraulic-cylinders.net\/wp-content\/uploads\/2025\/01\/hydraulic-cylinder-factory-1-480x610.webp 480w\" sizes=\"(min-width: 0px) and (max-width: 480px) 480px, (min-width: 481px) and (max-width: 980px) 980px, (min-width: 981px) and (max-width: 1280px) 1280px, (min-width: 1281px) 2016px, 100vw\" \/><\/h2>\n<p>Contamos com uma plataforma de P&amp;D independente de \u00faltima gera\u00e7\u00e3o dedicada \u00e0 montagem, garantindo inova\u00e7\u00e3o e qualidade de ponta em nossos processos de fabrica\u00e7\u00e3o. Nossa oficina de produ\u00e7\u00e3o de cilindros para empilhadeiras conta com quatro linhas de montagem de cilindros de eleva\u00e7\u00e3o semiautom\u00e1ticas e uma linha de montagem de cilindros de inclina\u00e7\u00e3o totalmente autom\u00e1tica, projetadas para produzir at\u00e9 um milh\u00e3o de unidades por ano.<\/p>\n<p>Nossa oficina de usinagem conta com centros de torneamento de trilhos-guia de inclina\u00e7\u00e3o personalizados, centros de usinagem, brunidoras de alta velocidade, rob\u00f4s de soldagem e outros equipamentos essenciais. Essa configura\u00e7\u00e3o nos permite usinar tubos cil\u00edndricos com di\u00e2metro interno m\u00e1ximo de 400 mm e comprimentos de at\u00e9 6 metros, aprimorando ainda mais nossa capacidade de produ\u00e7\u00e3o.<\/p>\n<p>Operamos uma linha de revestimento de tinta \u00e0 base de \u00e1gua totalmente autom\u00e1tica, projetada especificamente para cilindros de pequeno e m\u00e9dio porte, com rob\u00f4s automatizados de carga, descarga e pulveriza\u00e7\u00e3o. Este sistema de \u00faltima gera\u00e7\u00e3o possui uma capacidade de produ\u00e7\u00e3o de 4.000 unidades por turno. Al\u00e9m disso, possu\u00edmos uma linha de pintura semiautom\u00e1tica para cilindros de grande porte, acionada por corrente, com capacidade projetada para 60 engradados por turno.<\/p>\n<h2><img loading=\"lazy\" decoding=\"async\" class=\"alignnone size-full wp-image-16973\" src=\"https:\/\/www.hydraulic-cylinders.net\/wp-content\/uploads\/2025\/01\/hydraulic-cylinder-factory-2-scaled.webp\" alt=\"\" width=\"2011\" height=\"2560\" srcset=\"https:\/\/www.hydraulic-cylinders.net\/wp-content\/uploads\/2025\/01\/hydraulic-cylinder-factory-2-scaled.webp 2011w, https:\/\/www.hydraulic-cylinders.net\/wp-content\/uploads\/2025\/01\/hydraulic-cylinder-factory-2-1280x1629.webp 1280w, https:\/\/www.hydraulic-cylinders.net\/wp-content\/uploads\/2025\/01\/hydraulic-cylinder-factory-2-980x1248.webp 980w, https:\/\/www.hydraulic-cylinders.net\/wp-content\/uploads\/2025\/01\/hydraulic-cylinder-factory-2-480x611.webp 480w\" sizes=\"(min-width: 0px) and (max-width: 480px) 480px, (min-width: 481px) and (max-width: 980px) 980px, (min-width: 981px) and (max-width: 1280px) 1280px, (min-width: 1281px) 2011px, 100vw\" \/><\/h2>\n<p>Para aprimorar o desempenho dos produtos e consolidar nossa lideran\u00e7a no setor de cilindros hidr\u00e1ulicos, firmamos uma parceria com a zjimee para estabelecer um laborat\u00f3rio de desempenho completo dedicado a cilindros, v\u00e1lvulas e bombas hidr\u00e1ulicas. Este laborat\u00f3rio avan\u00e7ado utiliza testes assistidos por computador com tecnologia eletro-hidr\u00e1ulica, permitindo condi\u00e7\u00f5es de teste predefinidas que melhoram a precis\u00e3o e a versatilidade do sistema. O processo automatizado de coleta de dados emprega sensores para coletar dados de sa\u00edda, como vazamento interno e efici\u00eancia de carga, que s\u00e3o ent\u00e3o processados \u200b\u200bpor um computador e convertidos em unidades padr\u00e3o (ml\/min).<\/p>\n<p>Os cilindros hidr\u00e1ulicos de pino para guindastes sobre esteiras demonstram nossa dedica\u00e7\u00e3o \u00e0 qualidade e ao desempenho. Projetados como cilindros hidr\u00e1ulicos robustos para guindastes sobre esteiras, especialmente para modelos da Liebherr, Manitowoc e Kobelco, garantem estabilidade de eleva\u00e7\u00e3o e durabilidade ideais em aplica\u00e7\u00f5es exigentes, como constru\u00e7\u00e3o civil, minera\u00e7\u00e3o e opera\u00e7\u00f5es offshore com guindastes. Reconhecidos por grandes fabricantes de equipamentos em todo o mundo, nossos produtos conquistaram uma s\u00f3lida reputa\u00e7\u00e3o de confiabilidade, tornando a Ever-Power Huachang Hydraulic l\u00edder na fabrica\u00e7\u00e3o de cilindros hidr\u00e1ulicos.<\/p>\n<\/section>","protected":false},"excerpt":{"rendered":"<p>Pin Shaft Hydraulic Cylinders for Crawler Crane The pin shaft hydraulic cylinders for crawler crane are robust heavy-duty hydraulic cylinders designed for crawler cranes, compatible with leading models. Engineered for durability and precision, this pin shaft cylinder enhances crane operations, ensuring reliable lifting and movement of heavy loads in demanding environments like construction sites, mining [&hellip;]<\/p>","protected":false},"featured_media":20126,"comment_status":"open","ping_status":"closed","template":"","meta":{"_et_pb_use_builder":"","_et_pb_old_content":"","_et_gb_content_width":""},"product_brand":[],"product_cat":[1514],"product_tag":[],"class_list":{"0":"post-20124","1":"product","2":"type-product","3":"status-publish","4":"has-post-thumbnail","6":"product_cat-mobile-crane-hydraulic-cylinders","8":"first","9":"instock","10":"shipping-taxable","11":"product-type-simple"},"amp_enabled":true,"_links":{"self":[{"href":"https:\/\/www.hydraulic-cylinders.net\/pt\/wp-json\/wp\/v2\/product\/20124","targetHints":{"allow":["GET"]}}],"collection":[{"href":"https:\/\/www.hydraulic-cylinders.net\/pt\/wp-json\/wp\/v2\/product"}],"about":[{"href":"https:\/\/www.hydraulic-cylinders.net\/pt\/wp-json\/wp\/v2\/types\/product"}],"replies":[{"embeddable":true,"href":"https:\/\/www.hydraulic-cylinders.net\/pt\/wp-json\/wp\/v2\/comments?post=20124"}],"wp:featuredmedia":[{"embeddable":true,"href":"https:\/\/www.hydraulic-cylinders.net\/pt\/wp-json\/wp\/v2\/media\/20126"}],"wp:attachment":[{"href":"https:\/\/www.hydraulic-cylinders.net\/pt\/wp-json\/wp\/v2\/media?parent=20124"}],"wp:term":[{"taxonomy":"product_brand","embeddable":true,"href":"https:\/\/www.hydraulic-cylinders.net\/pt\/wp-json\/wp\/v2\/product_brand?post=20124"},{"taxonomy":"product_cat","embeddable":true,"href":"https:\/\/www.hydraulic-cylinders.net\/pt\/wp-json\/wp\/v2\/product_cat?post=20124"},{"taxonomy":"product_tag","embeddable":true,"href":"https:\/\/www.hydraulic-cylinders.net\/pt\/wp-json\/wp\/v2\/product_tag?post=20124"}],"curies":[{"name":"wp","href":"https:\/\/api.w.org\/{rel}","templated":true}]}}