{"id":20144,"date":"2025-05-11T14:42:32","date_gmt":"2025-05-11T14:42:32","guid":{"rendered":"https:\/\/www.hydraulic-cylinders.net\/?post_type=product&#038;p=20144"},"modified":"2025-05-12T05:30:31","modified_gmt":"2025-05-12T05:30:31","slug":"power-pin-hydraulic-cylinders-for-crawler-crane","status":"publish","type":"product","link":"https:\/\/www.hydraulic-cylinders.net\/pt\/produto\/power-pin-hydraulic-cylinders-for-crawler-crane\/","title":{"rendered":"Cilindros hidr\u00e1ulicos de pino de pot\u00eancia para guindaste sobre esteiras"},"content":{"rendered":"<h1 style=\"text-align: center;\"><strong>Cilindros hidr\u00e1ulicos de pino de pot\u00eancia para guindaste sobre esteiras<\/strong><\/h1>\n<p><img loading=\"lazy\" decoding=\"async\" class=\"wp-image-20152 aligncenter\" src=\"https:\/\/www.hydraulic-cylinders.net\/wp-content\/uploads\/2025\/05\/pin-shaft-hydraulic-cylinders-for-crawler-crane-2-scaled.webp\" alt=\"\" width=\"500\" height=\"500\" \/><\/p>\n<p>Os cilindros hidr\u00e1ulicos com pino de articula\u00e7\u00e3o para guindastes sobre esteiras, fabricados com orgulho pela Ever-Power Huachang Hydraulic, representam o \u00e1pice da excel\u00eancia em engenharia, sendo um cilindro robusto com pino de articula\u00e7\u00e3o projetado especificamente para as exig\u00eancias rigorosas de i\u00e7amento de cargas pesadas em opera\u00e7\u00f5es com guindastes sobre esteiras. Compat\u00edvel com os principais modelos, este cilindro hidr\u00e1ulico com pino de articula\u00e7\u00e3o oferece estabilidade e precis\u00e3o incompar\u00e1veis, tornando-o ideal para guindastes sobre esteiras em canteiros de obras, opera\u00e7\u00f5es de minera\u00e7\u00e3o e grandes projetos industriais. Fabricado com a\u00e7o liga de alta resist\u00eancia e um revestimento anticorrosivo avan\u00e7ado, o cilindro hidr\u00e1ulico de alta resist\u00eancia garante durabilidade e confiabilidade mesmo nos ambientes mais severos, como terrenos empoeirados, \u00e1reas costeiras \u00famidas ou locais de trabalho em grandes altitudes. Este cilindro hidr\u00e1ulico com pino de articula\u00e7\u00e3o para guindastes sobre esteiras integra um mecanismo exclusivo de pino de articula\u00e7\u00e3o que otimiza a distribui\u00e7\u00e3o de carga e aumenta a seguran\u00e7a durante as tarefas de i\u00e7amento, enquanto seus di\u00e2metros de furo personaliz\u00e1veis \u200b\u200b(de 180 mm a 300 mm) e comprimentos de curso (de 1000 mm a 4000 mm) permitem um desempenho sob medida para atender a diversas necessidades operacionais. Com o respaldo de nossas instala\u00e7\u00f5es de fabrica\u00e7\u00e3o de \u00faltima gera\u00e7\u00e3o e rigorosos padr\u00f5es de teste, este cilindro hidr\u00e1ulico de eixo de pino para servi\u00e7o pesado \u00e9 uma prova do nosso compromisso com a qualidade, oferecendo uma solu\u00e7\u00e3o confi\u00e1vel para operadores que buscam um cilindro para guindaste sobre esteiras com mecanismo de pino para maximizar a efici\u00eancia e minimizar o tempo de inatividade.<\/p>\n<section id=\"specifications\">\n<h2><strong>Especifica\u00e7\u00f5es t\u00e9cnicas:<\/strong><\/h2>\n<p><strong>Fun\u00e7\u00e3o:<\/strong>\u00a0Controle o movimento da estrutura do bra\u00e7o<br \/>\n<strong>Di\u00e2metro do cilindro:<\/strong>\u00a050 mm a 125 mm<br \/>\n<strong>Di\u00e2metro da haste:<\/strong>\u00a025 mm a 75 mm<br \/>\n<strong>Viagem:<\/strong>\u00a0160 mm\u2013390 mm<br \/>\n<strong>Press\u00e3o M\u00e1xima:<\/strong>\u00a025 MPa<br \/>\n<strong>Impulso m\u00e1ximo:<\/strong>\u00a0307 kN<\/p>\n<\/section>\n<section id=\"features\">\n<h2><strong>Principais caracter\u00edsticas dos cilindros hidr\u00e1ulicos com pino de articula\u00e7\u00e3o para guindastes sobre esteiras:<\/strong><\/h2>\n<ul>\n<li><strong>Estabilidade aprimorada do eixo do pino:<\/strong>\u00a0Os cilindros hidr\u00e1ulicos com pino de fixa\u00e7\u00e3o para guindastes sobre esteiras apresentam um design que melhora a distribui\u00e7\u00e3o da carga, garantindo estabilidade durante opera\u00e7\u00f5es de eleva\u00e7\u00e3o de cargas pesadas.<\/li>\n<li><strong>Constru\u00e7\u00e3o resistente \u00e0 corros\u00e3o:<\/strong>\u00a0Fabricado com a\u00e7o liga de alta resist\u00eancia e revestimento anticorrosivo, este cilindro hidr\u00e1ulico robusto resiste a ambientes agressivos, como locais empoeirados e condi\u00e7\u00f5es de alta umidade.<\/li>\n<li><strong>Manuseio preciso de cargas:<\/strong>\u00a0O cilindro hidr\u00e1ulico com design de eixo de pino oferece controle preciso de movimento, tornando-o um cilindro confi\u00e1vel para guindastes sobre esteiras em tarefas industriais exigentes.<\/li>\n<li><strong>Durabilidade com baixa manuten\u00e7\u00e3o:<\/strong>\u00a0Gra\u00e7as \u00e0 tecnologia avan\u00e7ada de veda\u00e7\u00e3o, este cilindro hidr\u00e1ulico com pino de fixa\u00e7\u00e3o minimiza o desgaste, reduzindo as necessidades de manuten\u00e7\u00e3o em aplica\u00e7\u00f5es com guindastes sobre esteiras.<\/li>\n<\/ul>\n<\/section>\n<section id=\"applications\">\n<h2><strong>Aplica\u00e7\u00f5es dos cilindros hidr\u00e1ulicos com pino de articula\u00e7\u00e3o para guindastes sobre esteiras:<\/strong><\/h2>\n<p><img loading=\"lazy\" decoding=\"async\" class=\"size-full wp-image-20167 aligncenter\" src=\"https:\/\/www.hydraulic-cylinders.net\/wp-content\/uploads\/2025\/05\/Power-Pin-Hydraulic-Cylinders-for-Crawler-Crane-application.webp\" alt=\"\" width=\"1643\" height=\"945\" srcset=\"https:\/\/www.hydraulic-cylinders.net\/wp-content\/uploads\/2025\/05\/Power-Pin-Hydraulic-Cylinders-for-Crawler-Crane-application.webp 1643w, https:\/\/www.hydraulic-cylinders.net\/wp-content\/uploads\/2025\/05\/Power-Pin-Hydraulic-Cylinders-for-Crawler-Crane-application-1280x736.webp 1280w, https:\/\/www.hydraulic-cylinders.net\/wp-content\/uploads\/2025\/05\/Power-Pin-Hydraulic-Cylinders-for-Crawler-Crane-application-980x564.webp 980w, https:\/\/www.hydraulic-cylinders.net\/wp-content\/uploads\/2025\/05\/Power-Pin-Hydraulic-Cylinders-for-Crawler-Crane-application-480x276.webp 480w\" sizes=\"(min-width: 0px) and (max-width: 480px) 480px, (min-width: 481px) and (max-width: 980px) 980px, (min-width: 981px) and (max-width: 1280px) 1280px, (min-width: 1281px) 1643px, 100vw\" \/><\/p>\n<ul>\n<li><strong>Canteiros de obras:<\/strong>\u00a0O cilindro hidr\u00e1ulico com pino de fixa\u00e7\u00e3o para i\u00e7amento de cargas pesadas garante o levantamento seguro e est\u00e1vel de vigas de a\u00e7o e lajes de concreto em projetos de constru\u00e7\u00e3o que utilizam cilindros de guindastes sobre esteiras.<\/li>\n<li><strong>Opera\u00e7\u00f5es de minera\u00e7\u00e3o:<\/strong>\u00a0Projetado para minera\u00e7\u00e3o, este cilindro hidr\u00e1ulico com eixo de pino permite o manuseio eficiente de min\u00e9rio e equipamentos em terrenos acidentados.<\/li>\n<li><strong>Levantamento de cargas pesadas na ind\u00fastria:<\/strong>\u00a0Ideal para ambientes industriais, o cilindro hidr\u00e1ulico de eixo de pino refor\u00e7ado melhora o desempenho em f\u00e1bricas e projetos de grande escala que exigem opera\u00e7\u00f5es precisas de guindastes.<\/li>\n<\/ul>\n<\/section>\n<section id=\"explore-more\">\n<h2><strong>Explore mais cilindros para guindastes sobre esteiras:<\/strong><\/h2>\n<p>Tamb\u00e9m fornecemos uma variedade de outros cilindros para guindastes sobre esteiras para atender a diversas necessidades de eleva\u00e7\u00e3o. Se voc\u00ea precisa de um cilindro com pino de fixa\u00e7\u00e3o para i\u00e7amento de cargas pesadas ou de um cilindro de reposi\u00e7\u00e3o para guindaste sobre esteiras, a Ever-Power Huachang Hydraulic tem a solu\u00e7\u00e3o. Confira nossa linha completa de produtos. <a href=\"https:\/\/www.hydraulic-cylinders.net\/pt\/mobile-crane-hydraulic-cylinders\/\">cilindros de guindaste sobre esteiras<\/a>.<\/p>\n<\/section>\n<h2 dir=\"auto\"><strong>O que torna os cilindros hidr\u00e1ulicos com pino de fixa\u00e7\u00e3o para guindastes sobre esteiras adequados para i\u00e7amento de cargas pesadas?<\/strong><\/h2>\n<p dir=\"auto\">Os cilindros hidr\u00e1ulicos com pino de articula\u00e7\u00e3o para guindastes sobre esteiras s\u00e3o excepcionalmente adequados para i\u00e7amento de cargas pesadas devido \u00e0 combina\u00e7\u00e3o de recursos de engenharia avan\u00e7ados e materiais robustos, projetados especificamente para as exig\u00eancias das opera\u00e7\u00f5es com guindastes sobre esteiras. Em sua ess\u00eancia, a configura\u00e7\u00e3o do cilindro com pino de articula\u00e7\u00e3o aprimora a distribui\u00e7\u00e3o de carga, proporcionando um ponto de articula\u00e7\u00e3o est\u00e1vel que minimiza a concentra\u00e7\u00e3o de tens\u00f5es durante o i\u00e7amento. Isso garante que o cilindro hidr\u00e1ulico para guindaste sobre esteiras suporte cargas substanciais \u2014 frequentemente v\u00e1rias toneladas \u2014 sem comprometer a integridade estrutural. Este cilindro hidr\u00e1ulico com pino de articula\u00e7\u00e3o, com press\u00e3o m\u00e1xima de trabalho de 350 bar, conforme especificado nas especifica\u00e7\u00f5es t\u00e9cnicas, fornece a for\u00e7a necess\u00e1ria para i\u00e7ar materiais pesados, como vigas de a\u00e7o ou lajes de concreto em projetos de constru\u00e7\u00e3o, bem como min\u00e9rio e equipamentos em opera\u00e7\u00f5es de minera\u00e7\u00e3o.<\/p>\n<p dir=\"auto\">O uso de a\u00e7o-liga de alta resist\u00eancia, aliado a um revestimento anticorrosivo, garante que este cilindro hidr\u00e1ulico robusto suporte condi\u00e7\u00f5es ambientais adversas, como canteiros de obras empoeirados, \u00e1reas costeiras \u00famidas ou projetos industriais em grandes altitudes, mantendo assim desempenho consistente e longa vida \u00fatil. Al\u00e9m disso, o cilindro hidr\u00e1ulico com eixo de pino oferece controle preciso de movimento, reduzindo o risco de oscila\u00e7\u00e3o ou desalinhamento da carga durante as opera\u00e7\u00f5es do guindaste, o que \u00e9 crucial para a seguran\u00e7a e efici\u00eancia em tarefas de i\u00e7amento de cargas pesadas. A tecnologia de veda\u00e7\u00e3o avan\u00e7ada integrada ao cilindro do guindaste sobre esteiras minimiza vazamentos internos e desgaste, aumentando a durabilidade e reduzindo a frequ\u00eancia de manuten\u00e7\u00e3o, um fator essencial para operadores que buscam um cilindro confi\u00e1vel para guindaste sobre esteiras com mecanismo de pino.<\/p>\n<p dir=\"auto\">Al\u00e9m disso, os di\u00e2metros personaliz\u00e1veis \u200b\u200b(de 180 mm a 300 mm) e os comprimentos de curso (de 1000 mm a 4000 mm) permitem que o cilindro hidr\u00e1ulico de pino para servi\u00e7o pesado seja adaptado a requisitos espec\u00edficos de eleva\u00e7\u00e3o, garantindo desempenho ideal em diversos modelos de guindastes sobre esteiras, como Liebherr LR 1300 e Manitowoc 14000. Com o respaldo da tecnologia de ponta e dos rigorosos padr\u00f5es de teste da Ever-Power Huachang Hydraulic, incluindo avalia\u00e7\u00f5es de efici\u00eancia de carga e vazamento interno, este cilindro de pino para eleva\u00e7\u00e3o pesada se destaca como uma solu\u00e7\u00e3o confi\u00e1vel para aplica\u00e7\u00f5es industriais, oferecendo precis\u00e3o e durabilidade para maximizar a efici\u00eancia operacional e a seguran\u00e7a.<\/p>\n<section id=\"company-introduction\">\n<h2><strong>Sobre a Ever-Power Huachang Hydraulic:<\/strong><\/h2>\n<h2><img loading=\"lazy\" decoding=\"async\" class=\"alignnone size-full wp-image-16972\" src=\"https:\/\/www.hydraulic-cylinders.net\/wp-content\/uploads\/2025\/01\/hydraulic-cylinder-factory-1-scaled.webp\" alt=\"\" width=\"2016\" height=\"2560\" srcset=\"https:\/\/www.hydraulic-cylinders.net\/wp-content\/uploads\/2025\/01\/hydraulic-cylinder-factory-1-scaled.webp 2016w, https:\/\/www.hydraulic-cylinders.net\/wp-content\/uploads\/2025\/01\/hydraulic-cylinder-factory-1-1280x1625.webp 1280w, https:\/\/www.hydraulic-cylinders.net\/wp-content\/uploads\/2025\/01\/hydraulic-cylinder-factory-1-980x1244.webp 980w, https:\/\/www.hydraulic-cylinders.net\/wp-content\/uploads\/2025\/01\/hydraulic-cylinder-factory-1-480x610.webp 480w\" sizes=\"(min-width: 0px) and (max-width: 480px) 480px, (min-width: 481px) and (max-width: 980px) 980px, (min-width: 981px) and (max-width: 1280px) 1280px, (min-width: 1281px) 2016px, 100vw\" \/><\/h2>\n<p>Contamos com uma plataforma de P&amp;D independente de \u00faltima gera\u00e7\u00e3o dedicada \u00e0 montagem, garantindo inova\u00e7\u00e3o e qualidade de ponta em nossos processos de fabrica\u00e7\u00e3o. Nossa oficina de produ\u00e7\u00e3o de cilindros para empilhadeiras conta com quatro linhas de montagem de cilindros de eleva\u00e7\u00e3o semiautom\u00e1ticas e uma linha de montagem de cilindros de inclina\u00e7\u00e3o totalmente autom\u00e1tica, projetadas para produzir at\u00e9 um milh\u00e3o de unidades por ano.<\/p>\n<p>Nossa oficina de usinagem conta com centros de torneamento de trilhos-guia de inclina\u00e7\u00e3o personalizados, centros de usinagem, brunidoras de alta velocidade, rob\u00f4s de soldagem e outros equipamentos essenciais. Essa configura\u00e7\u00e3o nos permite usinar tubos cil\u00edndricos com di\u00e2metro interno m\u00e1ximo de 400 mm e comprimentos de at\u00e9 6 metros, aprimorando ainda mais nossa capacidade de produ\u00e7\u00e3o.<\/p>\n<p>Operamos uma linha de revestimento de tinta \u00e0 base de \u00e1gua totalmente autom\u00e1tica, projetada especificamente para cilindros de pequeno e m\u00e9dio porte, com rob\u00f4s automatizados de carga, descarga e pulveriza\u00e7\u00e3o. Este sistema de \u00faltima gera\u00e7\u00e3o possui uma capacidade de produ\u00e7\u00e3o de 4.000 unidades por turno. Al\u00e9m disso, possu\u00edmos uma linha de pintura semiautom\u00e1tica para cilindros de grande porte, acionada por corrente, com capacidade projetada para 60 engradados por turno.<\/p>\n<h2><img loading=\"lazy\" decoding=\"async\" class=\"alignnone size-full wp-image-16973\" src=\"https:\/\/www.hydraulic-cylinders.net\/wp-content\/uploads\/2025\/01\/hydraulic-cylinder-factory-2-scaled.webp\" alt=\"\" width=\"2011\" height=\"2560\" srcset=\"https:\/\/www.hydraulic-cylinders.net\/wp-content\/uploads\/2025\/01\/hydraulic-cylinder-factory-2-scaled.webp 2011w, https:\/\/www.hydraulic-cylinders.net\/wp-content\/uploads\/2025\/01\/hydraulic-cylinder-factory-2-1280x1629.webp 1280w, https:\/\/www.hydraulic-cylinders.net\/wp-content\/uploads\/2025\/01\/hydraulic-cylinder-factory-2-980x1248.webp 980w, https:\/\/www.hydraulic-cylinders.net\/wp-content\/uploads\/2025\/01\/hydraulic-cylinder-factory-2-480x611.webp 480w\" sizes=\"(min-width: 0px) and (max-width: 480px) 480px, (min-width: 481px) and (max-width: 980px) 980px, (min-width: 981px) and (max-width: 1280px) 1280px, (min-width: 1281px) 2011px, 100vw\" \/><\/h2>\n<p>Para aprimorar o desempenho dos produtos e consolidar nossa lideran\u00e7a na ind\u00fastria de cilindros hidr\u00e1ulicos, firmamos uma parceria com a ZJIMEE para estabelecer um laborat\u00f3rio de desempenho abrangente dedicado a cilindros hidr\u00e1ulicos, v\u00e1lvulas e bombas. Este laborat\u00f3rio avan\u00e7ado utiliza testes assistidos por computador com tecnologia eletro-hidr\u00e1ulica, permitindo condi\u00e7\u00f5es de teste predefinidas que aumentam a precis\u00e3o e a versatilidade do sistema. O processo automatizado de coleta de dados utiliza sensores para coletar dados de sa\u00edda, como vazamento interno e efici\u00eancia de carga, que s\u00e3o ent\u00e3o processados \u200b\u200bpor um computador e convertidos em unidades padr\u00e3o (ml\/min%).<\/p>\n<p>Os cilindros hidr\u00e1ulicos com pino de fixa\u00e7\u00e3o para guindastes sobre esteiras demonstram nossa dedica\u00e7\u00e3o \u00e0 qualidade e ao desempenho, projetados como cilindros hidr\u00e1ulicos robustos para opera\u00e7\u00f5es com guindastes sobre esteiras, especialmente para modelos da Liebherr, Manitowoc e Kobelco. Reconhecidos por grandes fabricantes de equipamentos em todo o mundo, nossos produtos conquistaram uma s\u00f3lida reputa\u00e7\u00e3o de confiabilidade, e a Ever-Power Huachang Hydraulic \u00e9 reconhecida como l\u00edder na fabrica\u00e7\u00e3o de cilindros hidr\u00e1ulicos.<\/p>\n<\/section>","protected":false},"excerpt":{"rendered":"<p>Power Pin Hydraulic Cylinders for Crawler Crane The Pin Shaft Hydraulic Cylinders for Crawler Crane, proudly crafted by Ever-Power Huachang Hydraulic, represent a pinnacle of engineering excellence as a robust pin shaft cylinder designed specifically for the rigorous demands of heavy lifting in crawler crane operations. Compatible with leading models , this hydraulic cylinder with [&hellip;]<\/p>","protected":false},"featured_media":20159,"comment_status":"open","ping_status":"closed","template":"","meta":{"_et_pb_use_builder":"","_et_pb_old_content":"","_et_gb_content_width":""},"product_brand":[],"product_cat":[1514],"product_tag":[],"class_list":{"0":"post-20144","1":"product","2":"type-product","3":"status-publish","4":"has-post-thumbnail","6":"product_cat-mobile-crane-hydraulic-cylinders","8":"first","9":"instock","10":"shipping-taxable","11":"product-type-simple"},"amp_enabled":true,"_links":{"self":[{"href":"https:\/\/www.hydraulic-cylinders.net\/pt\/wp-json\/wp\/v2\/product\/20144","targetHints":{"allow":["GET"]}}],"collection":[{"href":"https:\/\/www.hydraulic-cylinders.net\/pt\/wp-json\/wp\/v2\/product"}],"about":[{"href":"https:\/\/www.hydraulic-cylinders.net\/pt\/wp-json\/wp\/v2\/types\/product"}],"replies":[{"embeddable":true,"href":"https:\/\/www.hydraulic-cylinders.net\/pt\/wp-json\/wp\/v2\/comments?post=20144"}],"wp:featuredmedia":[{"embeddable":true,"href":"https:\/\/www.hydraulic-cylinders.net\/pt\/wp-json\/wp\/v2\/media\/20159"}],"wp:attachment":[{"href":"https:\/\/www.hydraulic-cylinders.net\/pt\/wp-json\/wp\/v2\/media?parent=20144"}],"wp:term":[{"taxonomy":"product_brand","embeddable":true,"href":"https:\/\/www.hydraulic-cylinders.net\/pt\/wp-json\/wp\/v2\/product_brand?post=20144"},{"taxonomy":"product_cat","embeddable":true,"href":"https:\/\/www.hydraulic-cylinders.net\/pt\/wp-json\/wp\/v2\/product_cat?post=20144"},{"taxonomy":"product_tag","embeddable":true,"href":"https:\/\/www.hydraulic-cylinders.net\/pt\/wp-json\/wp\/v2\/product_tag?post=20144"}],"curies":[{"name":"wp","href":"https:\/\/api.w.org\/{rel}","templated":true}]}}