{"id":20179,"date":"2025-05-12T03:33:34","date_gmt":"2025-05-12T03:33:34","guid":{"rendered":"https:\/\/www.hydraulic-cylinders.net\/?post_type=product&#038;p=20179"},"modified":"2025-05-12T05:20:15","modified_gmt":"2025-05-12T05:20:15","slug":"counterweight-hydraulic-cylinders-for-car-crane","status":"publish","type":"product","link":"https:\/\/www.hydraulic-cylinders.net\/pt\/produto\/counterweight-hydraulic-cylinders-for-car-crane\/","title":{"rendered":"Cilindros hidr\u00e1ulicos de contrapeso para guindaste de carro"},"content":{"rendered":"<h1 style=\"text-align: center;\"><strong>Cilindros hidr\u00e1ulicos de contrapeso para guindaste de carro<\/strong><\/h1>\n<p><img loading=\"lazy\" decoding=\"async\" class=\"wp-image-20180 aligncenter\" src=\"https:\/\/www.hydraulic-cylinders.net\/wp-content\/uploads\/2025\/05\/counterweight-hydraulic-cylinder-for-car-crane-scaled.webp\" alt=\"Cilindro hidr\u00e1ulico de contrapeso para guindaste de carro\" width=\"500\" height=\"500\" \/><\/p>\n<section id=\"introduction\">Os cilindros hidr\u00e1ulicos de contrapeso para guindastes automotivos, fabricados pela Ever-Power Huachang Hydraulic, s\u00e3o cilindros de balanceamento projetados com precis\u00e3o que garantem estabilidade e seguran\u00e7a ideais durante opera\u00e7\u00f5es de eleva\u00e7\u00e3o de cargas pesadas. Projetado para compatibilidade perfeita com os principais modelos de guindastes automotivos, este cilindro hidr\u00e1ulico para guindastes automotivos aprimora o gerenciamento de cargas em constru\u00e7\u00f5es urbanas, log\u00edstica e ambientes industriais. Como um cilindro hidr\u00e1ulico para servi\u00e7os pesados, ele suporta condi\u00e7\u00f5es de alta press\u00e3o de at\u00e9 320 bar, proporcionando desempenho confi\u00e1vel para tarefas de eleva\u00e7\u00e3o e minimizando o risco de tombamento. Seja para manusear estruturas de a\u00e7o ou m\u00e1quinas pesadas, este cilindro para guindaste automotivo oferece durabilidade e controle incompar\u00e1veis \u200b\u200bpara suas opera\u00e7\u00f5es com guindaste.<\/section>\n<section id=\"specifications\">\n<h2><strong>Especifica\u00e7\u00f5es t\u00e9cnicas:<\/strong><\/h2>\n<p><strong>Fun\u00e7\u00e3o:<\/strong> Controlar a a\u00e7\u00e3o do contrapeso<br \/>\n<strong>Di\u00e2metro do cilindro:<\/strong> 160 mm-180 mm<br \/>\n<strong>Di\u00e2metro da haste:<\/strong> 90 mm-150 mm<br \/>\n<strong>Viagem:<\/strong> 180 mm - 400 mm<br \/>\n<strong>Press\u00e3o M\u00e1xima:<\/strong> 25 MPa<br \/>\n<strong>Impulso m\u00e1ximo:<\/strong> 1540 KN<\/p>\n<\/section>\n<section id=\"features\">\n<h2><strong>Principais caracter\u00edsticas dos cilindros hidr\u00e1ulicos de contrapeso para guindaste de carro:<\/strong><\/h2>\n<ul>\n<li><strong>Precis\u00e3o superior de balanceamento de carga:<\/strong> Os cilindros hidr\u00e1ulicos de contrapeso para guindastes automotivos apresentam um design avan\u00e7ado de cilindro de equil\u00edbrio que garante uma distribui\u00e7\u00e3o uniforme do peso, proporcionando estabilidade excepcional para opera\u00e7\u00f5es de cilindros de guindastes automotivos durante eleva\u00e7\u00f5es de alta capacidade em ambientes urbanos.<\/li>\n<li><strong>Constru\u00e7\u00e3o de alta durabilidade:<\/strong>\u00a0Feito de a\u00e7o de alta resist\u00eancia com tratamento anticorrosivo, este cilindro hidr\u00e1ulico para guindaste automotivo resiste ao desgaste causado por elementos agressivos, como umidade e poeira, tornando-o um cilindro de contrapeso confi\u00e1vel e resistente para guindastes em condi\u00e7\u00f5es adversas.<\/li>\n<li><strong>Personaliz\u00e1vel para diversas necessidades:<\/strong>\u00a0Com tamanhos de furo e comprimentos de curso ajust\u00e1veis, este cilindro de guindaste automotivo para balanceamento de carga pode ser adaptado a requisitos espec\u00edficos de eleva\u00e7\u00e3o, oferecendo flexibilidade para uma variedade de modelos e aplica\u00e7\u00f5es de guindastes, da constru\u00e7\u00e3o \u00e0 log\u00edstica.<\/li>\n<li><strong>Otimizado para desempenho de alta press\u00e3o:<\/strong>\u00a0Projetado para operar eficientemente em at\u00e9 320 bar, este cilindro hidr\u00e1ulico de contrapeso fornece pot\u00eancia consistente com perda m\u00ednima de energia, garantindo opera\u00e7\u00f5es de eleva\u00e7\u00e3o suaves e seguras, ao mesmo tempo que reduz os custos operacionais.<\/li>\n<li><strong>Baixa manuten\u00e7\u00e3o e longa vida \u00fatil:<\/strong>\u00a0Com tecnologia avan\u00e7ada de veda\u00e7\u00e3o e usinagem de precis\u00e3o, este cilindro hidr\u00e1ulico de alta resist\u00eancia minimiza vazamentos e desgaste, reduzindo as necessidades de manuten\u00e7\u00e3o e prolongando a vida \u00fatil do seu guindaste automotivo, mesmo com uso frequente.<\/li>\n<\/ul>\n<\/section>\n<section id=\"applications\">\n<h2><strong>Aplica\u00e7\u00f5es dos Cilindros Hidr\u00e1ulicos de Contrapeso para Guindaste Automotivo:<\/strong><\/h2>\n<h2><strong><img loading=\"lazy\" decoding=\"async\" class=\"alignnone size-full wp-image-20183\" src=\"https:\/\/www.hydraulic-cylinders.net\/wp-content\/uploads\/2025\/05\/counterweight-hydraulic-cylinder-for-car-crane-application.webp\" alt=\"\" width=\"1080\" height=\"617\" srcset=\"https:\/\/www.hydraulic-cylinders.net\/wp-content\/uploads\/2025\/05\/counterweight-hydraulic-cylinder-for-car-crane-application.webp 1080w, https:\/\/www.hydraulic-cylinders.net\/wp-content\/uploads\/2025\/05\/counterweight-hydraulic-cylinder-for-car-crane-application-980x560.webp 980w, https:\/\/www.hydraulic-cylinders.net\/wp-content\/uploads\/2025\/05\/counterweight-hydraulic-cylinder-for-car-crane-application-480x274.webp 480w\" sizes=\"(min-width: 0px) and (max-width: 480px) 480px, (min-width: 481px) and (max-width: 980px) 980px, (min-width: 981px) 1080px, 100vw\" \/><\/strong><\/h2>\n<ul>\n<li><strong>Constru\u00e7\u00e3o urbana para projetos de arranha-c\u00e9us:<\/strong> Os cilindros hidr\u00e1ulicos de contrapeso para guindastes automotivos s\u00e3o ideais para tarefas de constru\u00e7\u00e3o urbana, como a montagem de estruturas de a\u00e7o para edif\u00edcios altos ou a instala\u00e7\u00e3o de pain\u00e9is pr\u00e9-moldados. Este cilindro de contrapeso para opera\u00e7\u00f5es com guindastes automotivos garante o gerenciamento preciso da carga em espa\u00e7os confinados, aumentando a seguran\u00e7a e reduzindo o risco de tombamento durante i\u00e7amentos pesados.<\/li>\n<li><strong>Log\u00edstica e Movimenta\u00e7\u00e3o de Cargas Pesadas:<\/strong>\u00a0Em opera\u00e7\u00f5es log\u00edsticas, este cilindro hidr\u00e1ulico para estabilidade de guindastes automotivos auxilia na movimenta\u00e7\u00e3o segura e eficiente de cargas pesadas, como cont\u00eaineres e paletes grandes, em armaz\u00e9ns ou portos. O cilindro hidr\u00e1ulico para balanceamento de carga melhora a manobrabilidade do guindaste, aumentando a produtividade em ambientes de ritmo acelerado.<\/li>\n<li><strong>Montagem Industrial em Plantas de Fabrica\u00e7\u00e3o:<\/strong>\u00a0Perfeito para ambientes industriais como a ind\u00fastria automotiva ou de m\u00e1quinas, este cilindro hidr\u00e1ulico de contrapeso facilita o posicionamento preciso de componentes pesados, como prensas de linha de montagem ou blocos de motor. Como um cilindro de contrapeso de alta resist\u00eancia para guindastes, ele garante eleva\u00e7\u00f5es est\u00e1veis \u200b\u200be controladas, agilizando os fluxos de trabalho da f\u00e1brica.<\/li>\n<\/ul>\n<\/section>\n<section id=\"explore-more\">\n<h2><strong>Explore mais cilindros de guindaste de carro:<\/strong><\/h2>\n<p>Oferecemos uma gama diversificada de cilindros para guindastes automotivos para atender a diversas demandas de eleva\u00e7\u00e3o. Seja para um cilindro hidr\u00e1ulico para estabilidade de guindastes automotivos ou um cilindro de contrapeso para guindastes de alta resist\u00eancia, a Ever-Power Huachang Hydraulic oferece solu\u00e7\u00f5es personalizadas. Descubra nossa cole\u00e7\u00e3o completa de <a href=\"https:\/\/www.hydraulic-cylinders.net\/pt\/mobile-crane-hydraulic-cylinders\/\">cilindros de guindaste de carro<\/a>.<\/p>\n<\/section>\n<div class=\"container-hfX5E8 flow-markdown-body theme-samantha-yJEgBp\" dir=\"ltr\" data-testid=\"message_text_content\" data-show-indicator=\"false\">\n<h2 class=\"header-jfw95c auto-hide-last-sibling-br\"><strong>Quais s\u00e3o as principais vantagens de usar um cilindro hidr\u00e1ulico de contrapeso em um guindaste?<\/strong><\/h2>\n<div class=\"auto-hide-last-sibling-br paragraph-qzbcQC paragraph-element br-paragraph-space\">O uso de um cilindro hidr\u00e1ulico de contrapeso em um guindaste oferece diversas vantagens significativas:<\/div>\n<h3><strong>Estabilidade aprimorada<\/strong>:<\/h3>\n<h3><img loading=\"lazy\" decoding=\"async\" class=\"aligncenter wp-image-20184 size-full\" src=\"https:\/\/www.hydraulic-cylinders.net\/wp-content\/uploads\/2025\/05\/counterweight-hydraulic-cylinder-for-car-crane-1-1.webp\" alt=\"\" width=\"580\" height=\"326\" srcset=\"https:\/\/www.hydraulic-cylinders.net\/wp-content\/uploads\/2025\/05\/counterweight-hydraulic-cylinder-for-car-crane-1-1.webp 580w, https:\/\/www.hydraulic-cylinders.net\/wp-content\/uploads\/2025\/05\/counterweight-hydraulic-cylinder-for-car-crane-1-1-480x270.webp 480w\" sizes=\"(min-width: 0px) and (max-width: 480px) 480px, (min-width: 481px) 580px, 100vw\" \/><\/h3>\n<p>Um cilindro hidr\u00e1ulico de contrapeso ajuda a equilibrar a carga no guindaste. Ao ajustar a posi\u00e7\u00e3o e a for\u00e7a do contrapeso, ele pode neutralizar o torque gerado pela carga i\u00e7ada. Isso reduz o risco de tombamento do guindaste durante opera\u00e7\u00f5es de i\u00e7amento pesado. Por exemplo, quando um guindaste est\u00e1 levantando um painel de concreto pr\u00e9-moldado grande e pesado em um projeto de constru\u00e7\u00e3o de arranha-c\u00e9us, o cilindro hidr\u00e1ulico de contrapeso pode ser ajustado para manter o guindaste est\u00e1vel.<\/p>\n<\/div>\n<div class=\"container-hfX5E8 flow-markdown-body theme-samantha-yJEgBp\" dir=\"ltr\" data-testid=\"message_text_content\" data-show-indicator=\"false\">\n<h3><strong>Gerenciamento preciso de carga<\/strong>:<\/h3>\n<p>Permite o controle preciso do contrapeso, o que, por sua vez, permite um gerenciamento de carga mais preciso. O cilindro hidr\u00e1ulico pode ser ajustado em tempo real de acordo com o peso e a posi\u00e7\u00e3o da carga. Em uma opera\u00e7\u00e3o log\u00edstica onde um guindaste movimenta cont\u00eaineres de diferentes pesos, o cilindro hidr\u00e1ulico do contrapeso pode ser ajustado com precis\u00e3o para garantir eleva\u00e7\u00e3o e posicionamento suaves e seguros dos cont\u00eaineres.<\/p>\n<\/div>\n<div>\n<div class=\"image-box-grid-DI7Zd9\" data-finished=\"true\" data-testid=\"message_image_content\">\n<div class=\"image-box-grid-item-hjZBGw\">\n<div class=\"relative w-fit inline-flex\">\n<div class=\"container-pveQEn\"><\/div>\n<\/div>\n<\/div>\n<\/div>\n<\/div>\n<div class=\"container-hfX5E8 flow-markdown-body theme-samantha-yJEgBp\" dir=\"ltr\" data-testid=\"message_text_content\" data-show-indicator=\"false\">\n<h3><strong>Maior Manobrabilidade<\/strong>:<\/h3>\n<h3><img loading=\"lazy\" decoding=\"async\" class=\"alignnone size-full wp-image-20185\" src=\"https:\/\/www.hydraulic-cylinders.net\/wp-content\/uploads\/2025\/05\/counterweight-hydraulic-cylinder-for-car-crane-2.webp\" alt=\"\" width=\"2048\" height=\"1152\" srcset=\"https:\/\/www.hydraulic-cylinders.net\/wp-content\/uploads\/2025\/05\/counterweight-hydraulic-cylinder-for-car-crane-2.webp 2048w, https:\/\/www.hydraulic-cylinders.net\/wp-content\/uploads\/2025\/05\/counterweight-hydraulic-cylinder-for-car-crane-2-1280x720.webp 1280w, https:\/\/www.hydraulic-cylinders.net\/wp-content\/uploads\/2025\/05\/counterweight-hydraulic-cylinder-for-car-crane-2-980x551.webp 980w, https:\/\/www.hydraulic-cylinders.net\/wp-content\/uploads\/2025\/05\/counterweight-hydraulic-cylinder-for-car-crane-2-480x270.webp 480w\" sizes=\"(min-width: 0px) and (max-width: 480px) 480px, (min-width: 481px) and (max-width: 980px) 980px, (min-width: 981px) and (max-width: 1280px) 1280px, (min-width: 1281px) 2048px, 100vw\" \/><\/h3>\n<p>Em espa\u00e7os confinados, como canteiros de obras urbanas ou f\u00e1bricas, o cilindro hidr\u00e1ulico de contrapeso melhora a manobrabilidade do guindaste. Ele pode ajustar rapidamente o contrapeso para se adaptar a diferentes condi\u00e7\u00f5es e espa\u00e7os de trabalho. Por exemplo, em uma f\u00e1brica de autom\u00f3veis, onde um guindaste \u00e9 usado para posicionar blocos de motor na linha de montagem, o cilindro hidr\u00e1ulico de contrapeso permite que o guindaste se mova e opere com mais liberdade no espa\u00e7o limitado.<\/p>\n<\/div>\n<div class=\"container-hfX5E8 flow-markdown-body theme-samantha-yJEgBp\" dir=\"ltr\" data-testid=\"message_text_content\" data-show-indicator=\"false\">\n<h3><strong>Seguran\u00e7a aprimorada<\/strong>:<\/h3>\n<p>Ao garantir estabilidade e gerenciamento preciso da carga, o cilindro hidr\u00e1ulico de contrapeso aumenta significativamente a seguran\u00e7a das opera\u00e7\u00f5es com guindastes. Ele reduz a probabilidade de acidentes, como quedas de carga ou colapsos do guindaste, protegendo tanto os operadores quanto o ambiente ao redor. Seja em um projeto de constru\u00e7\u00e3o de alto risco ou em um centro log\u00edstico movimentado, o uso de um cilindro hidr\u00e1ulico de contrapeso \u00e9 crucial para manter um ambiente de trabalho seguro.<\/p>\n<\/div>\n<section id=\"company-introduction\">\n<h2><strong>Sobre a Ever-Power Huachang Hydraulic:<\/strong><\/h2>\n<h2><img loading=\"lazy\" decoding=\"async\" class=\"alignnone size-full wp-image-16972\" src=\"https:\/\/www.hydraulic-cylinders.net\/wp-content\/uploads\/2025\/01\/hydraulic-cylinder-factory-1-scaled.webp\" alt=\"\" width=\"2016\" height=\"2560\" srcset=\"https:\/\/www.hydraulic-cylinders.net\/wp-content\/uploads\/2025\/01\/hydraulic-cylinder-factory-1-scaled.webp 2016w, https:\/\/www.hydraulic-cylinders.net\/wp-content\/uploads\/2025\/01\/hydraulic-cylinder-factory-1-1280x1625.webp 1280w, https:\/\/www.hydraulic-cylinders.net\/wp-content\/uploads\/2025\/01\/hydraulic-cylinder-factory-1-980x1244.webp 980w, https:\/\/www.hydraulic-cylinders.net\/wp-content\/uploads\/2025\/01\/hydraulic-cylinder-factory-1-480x610.webp 480w\" sizes=\"(min-width: 0px) and (max-width: 480px) 480px, (min-width: 481px) and (max-width: 980px) 980px, (min-width: 981px) and (max-width: 1280px) 1280px, (min-width: 1281px) 2016px, 100vw\" \/><\/h2>\n<p dir=\"auto\">A Ever-Power Huachang Hydraulic impulsiona a inova\u00e7\u00e3o em cilindros hidr\u00e1ulicos com uma instala\u00e7\u00e3o de P&amp;D de ponta, onde engenheiros especialistas projetam solu\u00e7\u00f5es de alto desempenho para aplica\u00e7\u00f5es industriais, incluindo guindastes automotivos e equipamentos pesados.<\/p>\n<p dir=\"auto\">Nossa avan\u00e7ada planta de fabrica\u00e7\u00e3o conta com montagem automatizada e usinagem de precis\u00e3o, produzindo cilindros personalizados com tecnologia inteligente para garantir efici\u00eancia e ader\u00eancia aos rigorosos padr\u00f5es da ind\u00fastria, dando suporte a modelos como Terex e Grove.<\/p>\n<h2><img loading=\"lazy\" decoding=\"async\" class=\"alignnone size-full wp-image-16973\" src=\"https:\/\/www.hydraulic-cylinders.net\/wp-content\/uploads\/2025\/01\/hydraulic-cylinder-factory-2-scaled.webp\" alt=\"\" width=\"2011\" height=\"2560\" srcset=\"https:\/\/www.hydraulic-cylinders.net\/wp-content\/uploads\/2025\/01\/hydraulic-cylinder-factory-2-scaled.webp 2011w, https:\/\/www.hydraulic-cylinders.net\/wp-content\/uploads\/2025\/01\/hydraulic-cylinder-factory-2-1280x1629.webp 1280w, https:\/\/www.hydraulic-cylinders.net\/wp-content\/uploads\/2025\/01\/hydraulic-cylinder-factory-2-980x1248.webp 980w, https:\/\/www.hydraulic-cylinders.net\/wp-content\/uploads\/2025\/01\/hydraulic-cylinder-factory-2-480x611.webp 480w\" sizes=\"(min-width: 0px) and (max-width: 480px) 480px, (min-width: 481px) and (max-width: 980px) 980px, (min-width: 981px) and (max-width: 1280px) 1280px, (min-width: 1281px) 2011px, 100vw\" \/><\/h2>\n<p>Mantemos a qualidade por meio de um centro de testes de \u00faltima gera\u00e7\u00e3o, validando o desempenho com diagn\u00f3sticos avan\u00e7ados e utilizando revestimentos ecol\u00f3gicos para aumentar a durabilidade. Como l\u00edderes, utilizamos pesquisas baseadas em IA para fornecer cilindros hidr\u00e1ulicos robustos e confi\u00e1veis, com reconhecimento global.<\/p>\n<\/section>","protected":false},"excerpt":{"rendered":"<p>Counterweight Hydraulic Cylinders for Car Crane The counterweight hydraulic cylinders for car crane, crafted by Ever-Power Huachang Hydraulic, are precision-engineered balance cylinders that ensure optimal stability and safety during heavy lifting operations. Designed for seamless compatibility with leading car crane models, this hydraulic cylinder for car crane enhances load management in urban construction, logistics, and [&hellip;]<\/p>","protected":false},"featured_media":20181,"comment_status":"open","ping_status":"closed","template":"","meta":{"_et_pb_use_builder":"","_et_pb_old_content":"","_et_gb_content_width":""},"product_brand":[],"product_cat":[1514],"product_tag":[],"class_list":{"0":"post-20179","1":"product","2":"type-product","3":"status-publish","4":"has-post-thumbnail","6":"product_cat-mobile-crane-hydraulic-cylinders","8":"first","9":"instock","10":"shipping-taxable","11":"product-type-simple"},"amp_enabled":true,"_links":{"self":[{"href":"https:\/\/www.hydraulic-cylinders.net\/pt\/wp-json\/wp\/v2\/product\/20179","targetHints":{"allow":["GET"]}}],"collection":[{"href":"https:\/\/www.hydraulic-cylinders.net\/pt\/wp-json\/wp\/v2\/product"}],"about":[{"href":"https:\/\/www.hydraulic-cylinders.net\/pt\/wp-json\/wp\/v2\/types\/product"}],"replies":[{"embeddable":true,"href":"https:\/\/www.hydraulic-cylinders.net\/pt\/wp-json\/wp\/v2\/comments?post=20179"}],"wp:featuredmedia":[{"embeddable":true,"href":"https:\/\/www.hydraulic-cylinders.net\/pt\/wp-json\/wp\/v2\/media\/20181"}],"wp:attachment":[{"href":"https:\/\/www.hydraulic-cylinders.net\/pt\/wp-json\/wp\/v2\/media?parent=20179"}],"wp:term":[{"taxonomy":"product_brand","embeddable":true,"href":"https:\/\/www.hydraulic-cylinders.net\/pt\/wp-json\/wp\/v2\/product_brand?post=20179"},{"taxonomy":"product_cat","embeddable":true,"href":"https:\/\/www.hydraulic-cylinders.net\/pt\/wp-json\/wp\/v2\/product_cat?post=20179"},{"taxonomy":"product_tag","embeddable":true,"href":"https:\/\/www.hydraulic-cylinders.net\/pt\/wp-json\/wp\/v2\/product_tag?post=20179"}],"curies":[{"name":"wp","href":"https:\/\/api.w.org\/{rel}","templated":true}]}}