{"id":652,"date":"2023-08-21T02:56:38","date_gmt":"2023-08-21T02:56:38","guid":{"rendered":"https:\/\/hydraulic-cylinders.net\/?post_type=product&#038;p=652"},"modified":"2025-04-11T01:45:01","modified_gmt":"2025-04-11T01:45:01","slug":"forklift-short-lifting-hydraulic-cylinder","status":"publish","type":"product","link":"https:\/\/www.hydraulic-cylinders.net\/pt\/produto\/forklift-short-lifting-hydraulic-cylinder\/","title":{"rendered":"Cilindro hidr\u00e1ulico de eleva\u00e7\u00e3o curta para empilhadeiras"},"content":{"rendered":"<h1 style=\"text-align: center;\"><strong>Cilindro hidr\u00e1ulico de eleva\u00e7\u00e3o curta para empilhadeiras<\/strong><\/h1>\n<p><img loading=\"lazy\" decoding=\"async\" class=\"aligncenter wp-image-653\" src=\"https:\/\/hydraulic-cylinders.net\/wp-content\/uploads\/2023\/08\/short-lifting-hydraulic-cylinder-product-2-300x300.webp\" alt=\"produto de cilindro hidr\u00e1ulico de eleva\u00e7\u00e3o curta\" width=\"400\" height=\"400\" \/><\/p>\n<p>O <strong>Cilindro de eleva\u00e7\u00e3o curto para empilhadeira<\/strong> Foi projetado para lidar com tarefas de eleva\u00e7\u00e3o de curta dist\u00e2ncia sem esfor\u00e7o, fornecendo a pot\u00eancia e a precis\u00e3o necess\u00e1rias para otimizar suas opera\u00e7\u00f5es de movimenta\u00e7\u00e3o de materiais.<\/p>\n<p>Com um design robusto, este cilindro hidr\u00e1ulico suporta cargas pesadas, uso frequente e condi\u00e7\u00f5es operacionais adversas. Constru\u00eddo para durar, garante desempenho confi\u00e1vel e minimiza o tempo de inatividade relacionado a manuten\u00e7\u00e3o ou reparos.<\/p>\n<p>Com excepcional resist\u00eancia ao desgaste, \u00e0 corros\u00e3o e \u00e0 contamina\u00e7\u00e3o, o <strong>Cilindro de eleva\u00e7\u00e3o curto para empilhadeira<\/strong> Mant\u00e9m o desempenho m\u00e1ximo durante toda a sua vida \u00fatil. Projetado para suportar condi\u00e7\u00f5es clim\u00e1ticas adversas, protege-se eficazmente contra umidade, detritos e outros contaminantes que possam comprometer sua funcionalidade.<\/p>\n<p>Para quem busca uma solu\u00e7\u00e3o de eleva\u00e7\u00e3o confi\u00e1vel, este cilindro hidr\u00e1ulico \u00e9 a escolha ideal, garantindo efici\u00eancia e longa vida \u00fatil em todas as opera\u00e7\u00f5es.<\/p>\n<h2><strong>Cilindro hidr\u00e1ulico de eleva\u00e7\u00e3o curta para empilhadeiras Par\u00e2metro:<\/strong><\/h2>\n<table>\n<tbody>\n<tr>\n<td><img loading=\"lazy\" decoding=\"async\" class=\"alignnone wp-image-654 size-full\" src=\"https:\/\/hydraulic-cylinders.net\/wp-content\/uploads\/2023\/08\/short-lifting-hydraulic-cylinder-product-1.png\" alt=\"\" width=\"457\" height=\"315\" srcset=\"https:\/\/www.hydraulic-cylinders.net\/wp-content\/uploads\/2023\/08\/short-lifting-hydraulic-cylinder-product-1.png 457w, https:\/\/www.hydraulic-cylinders.net\/wp-content\/uploads\/2023\/08\/short-lifting-hydraulic-cylinder-product-1-300x207.png 300w\" sizes=\"(max-width: 457px) 100vw, 457px\" \/><\/td>\n<td><img loading=\"lazy\" decoding=\"async\" class=\"alignnone wp-image-655 size-full\" src=\"https:\/\/hydraulic-cylinders.net\/wp-content\/uploads\/2023\/08\/short-lifting-hydraulic-cylinder-product-1-1.png\" alt=\"\" width=\"475\" height=\"137\" srcset=\"https:\/\/www.hydraulic-cylinders.net\/wp-content\/uploads\/2023\/08\/short-lifting-hydraulic-cylinder-product-1-1.png 475w, https:\/\/www.hydraulic-cylinders.net\/wp-content\/uploads\/2023\/08\/short-lifting-hydraulic-cylinder-product-1-1-300x87.png 300w\" sizes=\"(max-width: 475px) 100vw, 475px\" \/><\/td>\n<\/tr>\n<\/tbody>\n<\/table>\n<table style=\"height: 95px; width: 931px;\" border=\"1\" cellspacing=\"0\" cellpadding=\"0\">\n<tbody>\n<tr style=\"height: 47px;\">\n<td style=\"height: 47px; width: 124.137px;\">Nome do cilindro<\/td>\n<td style=\"height: 47px; width: 182.712px;\">n\u00famero do desenho<\/td>\n<td style=\"height: 47px; width: 74.2125px;\">di\u00e2metro do furo (D)<\/td>\n<td style=\"height: 47px; width: 63.6375px;\">di\u00e2metro da haste (d)<\/td>\n<td style=\"height: 47px; width: 69.75px;\">acidente vascular cerebral (S)<\/td>\n<td style=\"height: 47px; width: 90.0875px;\">Dist\u00e2ncia de instala\u00e7\u00e3o (L)<\/td>\n<td style=\"height: 47px; width: 92.5625px;\">press\u00e3o de trabalho<\/td>\n<td style=\"height: 47px; width: 148.925px;\">Dimens\u00f5es da interface (M)<\/td>\n<td style=\"height: 47px; width: 68.975px;\">peso<\/td>\n<\/tr>\n<tr style=\"height: 48px;\">\n<td class=\"et3\" style=\"height: 48px; width: 124.137px;\" height=\"325\">Cilindro de eleva\u00e7\u00e3o curto<\/td>\n<td style=\"width: 182.712px;\">RC25N480-800000-000A<\/td>\n<td style=\"width: 74.2125px;\">\u03a675<\/td>\n<td style=\"width: 63.6375px;\">\u03a660<\/td>\n<td style=\"width: 69.75px;\">800<\/td>\n<td style=\"width: 90.0875px;\">1065<\/td>\n<td style=\"width: 92.5625px;\">18,1MPa<\/td>\n<td style=\"width: 148.925px;\">M22*1.5<\/td>\n<td style=\"width: 68.975px;\">36 kg<\/td>\n<\/tr>\n<tr>\n<td style=\"width: 124.137px;\">Cilindro de eleva\u00e7\u00e3o curto<\/td>\n<td style=\"width: 182.712px;\">X35N480-800000-001A<\/td>\n<td style=\"width: 74.2125px;\">\u03a695<\/td>\n<td style=\"width: 63.6375px;\">\u03a680<\/td>\n<td style=\"width: 69.75px;\">800<\/td>\n<td style=\"width: 90.0875px;\">1065<\/td>\n<td style=\"width: 92.5625px;\">18,1MPa<\/td>\n<td style=\"width: 148.925px;\">M22*1.5<\/td>\n<td style=\"width: 68.975px;\">48,7 kg<\/td>\n<\/tr>\n<\/tbody>\n<\/table>\n<table>\n<tbody>\n<tr>\n<td><img loading=\"lazy\" decoding=\"async\" class=\"alignnone wp-image-656 size-full\" src=\"https:\/\/hydraulic-cylinders.net\/wp-content\/uploads\/2023\/08\/short-lifting-hydraulic-cylinder-product-2-1.webp\" alt=\"\" width=\"451\" height=\"358\" srcset=\"https:\/\/www.hydraulic-cylinders.net\/wp-content\/uploads\/2023\/08\/short-lifting-hydraulic-cylinder-product-2-1.webp 451w, https:\/\/www.hydraulic-cylinders.net\/wp-content\/uploads\/2023\/08\/short-lifting-hydraulic-cylinder-product-2-1-300x238.webp 300w\" sizes=\"(max-width: 451px) 100vw, 451px\" \/><\/td>\n<td><img loading=\"lazy\" decoding=\"async\" class=\"alignnone wp-image-657 size-full\" src=\"https:\/\/hydraulic-cylinders.net\/wp-content\/uploads\/2023\/08\/short-lifting-hydraulic-cylinder-product-2-1-1.webp\" alt=\"\" width=\"475\" height=\"223\" srcset=\"https:\/\/www.hydraulic-cylinders.net\/wp-content\/uploads\/2023\/08\/short-lifting-hydraulic-cylinder-product-2-1-1.webp 475w, https:\/\/www.hydraulic-cylinders.net\/wp-content\/uploads\/2023\/08\/short-lifting-hydraulic-cylinder-product-2-1-1-300x141.webp 300w\" sizes=\"(max-width: 475px) 100vw, 475px\" \/><\/td>\n<\/tr>\n<\/tbody>\n<\/table>\n<table style=\"height: 101px; width: 938px;\" border=\"1\" cellspacing=\"0\" cellpadding=\"0\">\n<tbody>\n<tr style=\"height: 47px;\">\n<td style=\"height: 47px; width: 122px;\">Nome do cilindro<\/td>\n<td style=\"height: 47px; width: 155px;\">n\u00famero do desenho<\/td>\n<td style=\"height: 47px; width: 80px;\">di\u00e2metro do furo (D)<\/td>\n<td style=\"height: 47px; width: 79px;\">di\u00e2metro da haste (d)<\/td>\n<td style=\"height: 47px; width: 65px;\">acidente vascular cerebral (S)<\/td>\n<td style=\"height: 47px; width: 104px;\">Dist\u00e2ncia de instala\u00e7\u00e3o (L)<\/td>\n<td style=\"height: 47px; width: 96px;\">press\u00e3o de trabalho<\/td>\n<td style=\"height: 47px; width: 177px;\">Dimens\u00f5es da interface (M)<\/td>\n<td style=\"height: 47px; width: 60px;\">peso<\/td>\n<\/tr>\n<tr style=\"height: 54px;\">\n<td class=\"et3\" style=\"height: 54px; width: 122px;\" height=\"325\">Cilindro de eleva\u00e7\u00e3o curto<\/td>\n<td style=\"width: 155px;\" width=\"270\">N30N450-800000-002A<\/td>\n<td style=\"width: 80px;\" width=\"102\">\u03a685<\/td>\n<td style=\"width: 79px;\" width=\"99\">\u03a670<\/td>\n<td style=\"width: 65px;\" width=\"91\">777<\/td>\n<td style=\"width: 104px;\" width=\"136\">1015<\/td>\n<td style=\"width: 96px;\" width=\"138\">18,1MPa<\/td>\n<td style=\"width: 177px;\" width=\"294\">M22*1.5<\/td>\n<td style=\"width: 60px;\" width=\"78\">45,5 kg<\/td>\n<\/tr>\n<tr>\n<td style=\"width: 122px;\">Cilindro de eleva\u00e7\u00e3o curto<\/td>\n<td style=\"width: 155px;\">3U3H-800000-001A<\/td>\n<td style=\"width: 80px;\">\u03a685<\/td>\n<td style=\"width: 79px;\">\u03a670<\/td>\n<td style=\"width: 65px;\">777<\/td>\n<td style=\"width: 104px;\">1015<\/td>\n<td style=\"width: 96px;\">18,1MPa<\/td>\n<td style=\"width: 177px;\">M22*1.5<\/td>\n<td style=\"width: 60px;\">45,5 kg<\/td>\n<\/tr>\n<tr>\n<td style=\"width: 122px;\">Cilindro de eleva\u00e7\u00e3o curto<\/td>\n<td style=\"width: 155px;\">N35N450-800000-003A<\/td>\n<td style=\"width: 80px;\">\u03a695<\/td>\n<td style=\"width: 79px;\">\u03a680<\/td>\n<td style=\"width: 65px;\">775<\/td>\n<td style=\"width: 104px;\">1013<\/td>\n<td style=\"width: 96px;\">18,1MPa<\/td>\n<td style=\"width: 177px;\">M22*1.5<\/td>\n<td style=\"width: 60px;\">54 kg<\/td>\n<\/tr>\n<\/tbody>\n<\/table>\n<h2><strong>Desbloqueie a efici\u00eancia e a precis\u00e3o com o cilindro hidr\u00e1ulico:<\/strong><\/h2>\n<p>Experimente o verdadeiro poder da tecnologia hidr\u00e1ulica com o Cilindro Hidr\u00e1ulico. Esse dispositivo not\u00e1vel foi projetado para oferecer precis\u00e3o e confiabilidade em uma ampla gama de aplica\u00e7\u00f5es. De m\u00e1quinas industriais a equipamentos de constru\u00e7\u00e3o, o Cilindro Hidr\u00e1ulico \u00e9 a chave para otimizar o desempenho e obter resultados excepcionais. Descubra como essa poderosa ferramenta pode revolucionar suas opera\u00e7\u00f5es.<\/p>\n<ul>\n<li><strong>Engenharia de precis\u00e3o<\/strong>: O Cilindro Hidr\u00e1ulico \u00e9 meticulosamente projetado para fornecer controle preciso sobre o movimento e a for\u00e7a. Com seu design avan\u00e7ado e constru\u00e7\u00e3o de alta qualidade, ele garante um desempenho preciso e repet\u00edvel, permitindo que voc\u00ea alcance os resultados desejados com precis\u00e3o excepcional.<\/li>\n<li><strong>Efici\u00eancia aprimorada<\/strong>: Diga adeus \u00e0s inefici\u00eancias e ao desempenho irregular. O Cilindro Hidr\u00e1ulico otimiza a utiliza\u00e7\u00e3o da energia hidr\u00e1ulica, maximizando a efici\u00eancia e a produtividade. Experimente movimentos suaves e controlados que reduzem o desperd\u00edcio de energia e melhoram o desempenho geral do sistema.<\/li>\n<\/ul>\n<h2><strong>Aptid\u00e3o e capacidade da f\u00e1brica:<\/strong><\/h2>\n<h3><strong>(1) Montagem<\/strong><\/h3>\n<p>Nossa unidade conta com uma plataforma de pesquisa e desenvolvimento independente de ponta, dedicada \u00e0 produ\u00e7\u00e3o de cilindros hidr\u00e1ulicos. Operamos quatro linhas de montagem de cilindros de eleva\u00e7\u00e3o semiautom\u00e1ticas e uma linha de montagem de cilindros de inclina\u00e7\u00e3o totalmente autom\u00e1tica, com uma impressionante capacidade de produ\u00e7\u00e3o anual de 1 milh\u00e3o de cilindros.<img loading=\"lazy\" decoding=\"async\" class=\"aligncenter wp-image-626\" src=\"https:\/\/hydraulic-cylinders.net\/wp-content\/uploads\/2023\/08\/hydraulic-cylinder-product-1-300x158.webp\" alt=\"\" width=\"500\" height=\"263\" srcset=\"https:\/\/hydraulic-cylinders.net\/wp-content\/uploads\/2023\/08\/hydraulic-cylinder-product-1-300x158.webp 500w, https:\/\/hydraulic-cylinders.net\/wp-content\/uploads\/2023\/08\/hydraulic-cylinder-product-1-480x252.webp 480w\" sizes=\"(min-width: 0px) and (max-width: 480px) 480px, (min-width: 481px) 500px, 100vw\" \/><\/p>\n<p>Em nossa oficina especializada em cilindros, utilizamos um sistema de montagem e limpeza semiautom\u00e1tico, projetado para diversas especifica\u00e7\u00f5es, com capacidade para produzir 200.000 cilindros por ano. Nossa oficina est\u00e1 equipada com avan\u00e7ados equipamentos de usinagem CNC, um centro de usinagem, ferramentas de processamento de cilindros de alta precis\u00e3o, m\u00e1quinas de solda rob\u00f3tica, sistemas de limpeza autom\u00e1tica e uma linha de montagem automatizada de cilindros. Al\u00e9m disso, possu\u00edmos uma linha de produ\u00e7\u00e3o de pintura totalmente automatizada.<\/p>\n<p>Com mais de 300 equipamentos essenciais, nossa aloca\u00e7\u00e3o otimizada de recursos garante o atendimento aos rigorosos padr\u00f5es de precis\u00e3o e qualidade exigidos por nossos clientes. Esse compromisso com efici\u00eancia e precis\u00e3o nos posiciona como l\u00edderes no setor de cilindros hidr\u00e1ulicos.<\/p>\n<p><img loading=\"lazy\" decoding=\"async\" class=\"aligncenter wp-image-627\" src=\"https:\/\/hydraulic-cylinders.net\/wp-content\/uploads\/2023\/08\/hydraulic-cylinder-product-2-300x189.webp\" alt=\"\" width=\"500\" height=\"315\" srcset=\"https:\/\/hydraulic-cylinders.net\/wp-content\/uploads\/2023\/08\/hydraulic-cylinder-product-2-300x189.webp 500w, https:\/\/hydraulic-cylinders.net\/wp-content\/uploads\/2023\/08\/hydraulic-cylinder-product-2-480x302.webp 480w\" sizes=\"(min-width: 0px) and (max-width: 480px) 480px, (min-width: 481px) 500px, 100vw\" \/><\/p>\n<h3><strong>(2) Usinagem<\/strong><\/h3>\n<p>Nossa usinagem conta com equipamentos de \u00faltima gera\u00e7\u00e3o, incluindo um centro de torneamento de trilhos inclinados personalizado, um centro de usinagem de precis\u00e3o, uma brunidora de alta velocidade e rob\u00f4s de soldagem avan\u00e7ados. Essa configura\u00e7\u00e3o sofisticada nos permite processar com efici\u00eancia tubos cil\u00edndricos com di\u00e2metro interno m\u00e1ximo de 400 mm e comprimento de at\u00e9 6 metros.<\/p>\n<p><img loading=\"lazy\" decoding=\"async\" class=\"wp-image-628 size-large aligncenter\" src=\"https:\/\/hydraulic-cylinders.net\/wp-content\/uploads\/2023\/08\/hydraulic-cylinder-product-3-1024x391.webp\" alt=\"\" width=\"1024\" height=\"391\" srcset=\"https:\/\/hydraulic-cylinders.net\/wp-content\/uploads\/2023\/08\/hydraulic-cylinder-product-3-980x374.webp 980w, https:\/\/hydraulic-cylinders.net\/wp-content\/uploads\/2023\/08\/hydraulic-cylinder-product-3-480x183.webp 480w\" sizes=\"(min-width: 0px) and (max-width: 480px) 480px, (min-width: 481px) and (max-width: 980px) 980px, (min-width: 981px) 1024px, 100vw\" \/><\/p>\n<p>Com nossa tecnologia de ponta, garantimos usinagem de alta qualidade que atende \u00e0s diversas necessidades de produ\u00e7\u00e3o de cilindros hidr\u00e1ulicos.<\/p>\n<h3><strong>(3) Soldagem<\/strong><\/h3>\n<p><img loading=\"lazy\" decoding=\"async\" class=\"wp-image-629 size-large aligncenter\" src=\"https:\/\/hydraulic-cylinders.net\/wp-content\/uploads\/2023\/08\/hydraulic-cylinder-product-4-1024x510.webp\" alt=\"\" width=\"1024\" height=\"510\" srcset=\"https:\/\/hydraulic-cylinders.net\/wp-content\/uploads\/2023\/08\/hydraulic-cylinder-product-4-980x488.webp 980w, https:\/\/hydraulic-cylinders.net\/wp-content\/uploads\/2023\/08\/hydraulic-cylinder-product-4-480x239.webp 480w\" sizes=\"(min-width: 0px) and (max-width: 480px) 480px, (min-width: 481px) and (max-width: 980px) 980px, (min-width: 981px) 1024px, 100vw\" \/><\/p>\n<h3><strong>(4) Pintura e Revestimento<\/strong><\/h3>\n<p><img loading=\"lazy\" decoding=\"async\" class=\"wp-image-630 aligncenter\" src=\"https:\/\/hydraulic-cylinders.net\/wp-content\/uploads\/2023\/08\/hydraulic-cylinder-product-5-300x213.webp\" alt=\"\" width=\"500\" height=\"355\" \/><\/p>\n<p>Nossas instala\u00e7\u00f5es contam com avan\u00e7adas linhas autom\u00e1ticas de revestimento de tinta \u00e0 base de \u00e1gua, projetadas especificamente para cilindros de pequeno e m\u00e9dio porte. Essas linhas utilizam tecnologia rob\u00f3tica para carregamento, descarregamento e pulveriza\u00e7\u00e3o eficientes, alcan\u00e7ando uma not\u00e1vel capacidade de produ\u00e7\u00e3o de 4.000 pe\u00e7as por turno.<\/p>\n<p><img loading=\"lazy\" decoding=\"async\" class=\"wp-image-631 aligncenter\" src=\"https:\/\/hydraulic-cylinders.net\/wp-content\/uploads\/2023\/08\/hydraulic-cylinder-product-6-300x225.webp\" alt=\"\" width=\"500\" height=\"375\" srcset=\"https:\/\/hydraulic-cylinders.net\/wp-content\/uploads\/2023\/08\/hydraulic-cylinder-product-6-300x225.webp 500w, https:\/\/hydraulic-cylinders.net\/wp-content\/uploads\/2023\/08\/hydraulic-cylinder-product-6-480x360.webp 480w\" sizes=\"(min-width: 0px) and (max-width: 480px) 480px, (min-width: 481px) 500px, 100vw\" \/><\/p>\n<p>Al\u00e9m disso, operamos uma linha de produ\u00e7\u00e3o de tinta semiautom\u00e1tica para cilindros grandes, acionada por uma robusta corrente de transmiss\u00e3o, com capacidade projetada para 60 caixas por turno. Essa combina\u00e7\u00e3o de automa\u00e7\u00e3o e efici\u00eancia garante acabamentos de alta qualidade para todos os nossos cilindros hidr\u00e1ulicos.<\/p>\n<h3><strong>(5) Testes<\/strong><\/h3>\n<p>Temos instala\u00e7\u00f5es de inspe\u00e7\u00e3o e bancos de teste de primeira classe para garantir que o desempenho do cilindro atenda aos requisitos.<\/p>\n<p><img loading=\"lazy\" decoding=\"async\" class=\"wp-image-632 aligncenter\" src=\"https:\/\/hydraulic-cylinders.net\/wp-content\/uploads\/2023\/08\/hydraulic-cylinder-product-8-300x200.webp\" alt=\"\" width=\"389\" height=\"260\" \/><\/p>\n<p>Somos um renomado fabricante de <a href=\"https:\/\/hzpt.com\/mobile-machinery-hydraulic-cylinder\/\" target=\"_blank\" rel=\"noopener\">cilindros hidr\u00e1ulicos<\/a>, reconhecida como uma das melhores do setor. Nossa extensa linha de produtos inclui uma ampla gama de cilindros hidr\u00e1ulicos, adaptados para atender a diversas aplica\u00e7\u00f5es. Al\u00e9m de cilindros hidr\u00e1ulicos, tamb\u00e9m fornecemos caixas de engrenagens agr\u00edcolas de alta qualidade, garantindo que nossos clientes tenham acesso a solu\u00e7\u00f5es completas para suas necessidades de m\u00e1quinas.<\/p>\n<p>Comprometidos com a excel\u00eancia, exportamos com sucesso nossos produtos para clientes em todo o mundo, conquistando uma s\u00f3lida reputa\u00e7\u00e3o pela qualidade superior dos produtos e pelo excepcional servi\u00e7o p\u00f3s-venda. Nossa dedica\u00e7\u00e3o \u00e0 satisfa\u00e7\u00e3o do cliente nos posicionou como um parceiro confi\u00e1vel nos mercados nacional e internacional.<\/p>\n<h2><strong>Por que nos escolher?<\/strong><\/h2>\n<p><img loading=\"lazy\" decoding=\"async\" class=\"size-full wp-image-7201 aligncenter\" src=\"https:\/\/www.hydraulic-cylinders.net\/wp-content\/uploads\/2024\/09\/mining-dump-steering-cylinder-hydraulics-on-trucks-8.webp\" alt=\"\" width=\"1110\" height=\"735\" srcset=\"https:\/\/www.hydraulic-cylinders.net\/wp-content\/uploads\/2024\/09\/mining-dump-steering-cylinder-hydraulics-on-trucks-8.webp 1110w, https:\/\/www.hydraulic-cylinders.net\/wp-content\/uploads\/2024\/09\/mining-dump-steering-cylinder-hydraulics-on-trucks-8-980x649.webp 980w, https:\/\/www.hydraulic-cylinders.net\/wp-content\/uploads\/2024\/09\/mining-dump-steering-cylinder-hydraulics-on-trucks-8-480x318.webp 480w\" sizes=\"(min-width: 0px) and (max-width: 480px) 480px, (min-width: 481px) and (max-width: 980px) 980px, (min-width: 981px) 1110px, 100vw\" \/><\/p>\n<p><strong>Experi\u00eancia profissional:<\/strong> Nossa equipe \u00e9 composta por profissionais do setor com amplo conhecimento e experi\u00eancia em sistemas hidr\u00e1ulicos, garantindo a entrega de produtos e servi\u00e7os de primeira linha.<\/p>\n<p><strong>Certifica\u00e7\u00f5es Internacionais:<\/strong> Seguimos rigorosos padr\u00f5es de qualidade e possu\u00edmos diversas certifica\u00e7\u00f5es internacionais, demonstrando nosso comprometimento em fornecer solu\u00e7\u00f5es hidr\u00e1ulicas confi\u00e1veis \u200b\u200be seguras.<\/p>\n<p><strong>Solu\u00e7\u00f5es personalizadas:<\/strong> Entendemos que as necessidades de cada cliente s\u00e3o \u00fanicas. Por isso, oferecemos cilindros hidr\u00e1ulicos e caixas de engrenagens personalizados, projetados para atender a requisitos espec\u00edficos.<\/p>\n<p><strong>Equipamentos de produ\u00e7\u00e3o avan\u00e7ados:<\/strong> Nossas instala\u00e7\u00f5es de fabrica\u00e7\u00e3o de \u00faltima gera\u00e7\u00e3o utilizam o que h\u00e1 de mais moderno em tecnologia e equipamentos, o que nos permite produzir produtos de alta qualidade com efici\u00eancia.<\/p>\n<p><strong>Suporte p\u00f3s-venda abrangente:<\/strong> Nosso compromisso com nossos clientes vai al\u00e9m da venda. Oferecemos suporte e servi\u00e7os de manuten\u00e7\u00e3o cont\u00ednuos para garantir o desempenho ideal dos nossos produtos.<\/p>\n<p>Convidamos clientes do mundo todo a entrarem em contato conosco para negocia\u00e7\u00f5es comerciais, troca de informa\u00e7\u00f5es e oportunidades de colabora\u00e7\u00e3o. Juntos, podemos alcan\u00e7ar ainda mais sucesso no setor hidr\u00e1ulico!<\/p>","protected":false},"excerpt":{"rendered":"<p>Forklift Short Lifting Hydraulic Cylinder The Short Forklift Lift Cylinder is designed to tackle short lifting tasks effortlessly, delivering the power and precision needed to optimize your material handling operations. Featuring a robust design, this hydraulic cylinder can withstand heavy loads, frequent use, and challenging operating conditions. Built for durability, it ensures reliable performance while [&hellip;]<\/p>","protected":false},"featured_media":658,"comment_status":"open","ping_status":"closed","template":"","meta":{"_et_pb_use_builder":"","_et_pb_old_content":"","_et_gb_content_width":""},"product_brand":[],"product_cat":[1484,1549],"product_tag":[1380],"class_list":{"0":"post-652","1":"product","2":"type-product","3":"status-publish","4":"has-post-thumbnail","6":"product_cat-forklift-hydraulic-cylinders","7":"product_cat-single-acting-hydraulic-cylinder","8":"product_tag-hydraulic-cylinder","10":"first","11":"instock","12":"shipping-taxable","13":"product-type-simple"},"amp_enabled":true,"_links":{"self":[{"href":"https:\/\/www.hydraulic-cylinders.net\/pt\/wp-json\/wp\/v2\/product\/652","targetHints":{"allow":["GET"]}}],"collection":[{"href":"https:\/\/www.hydraulic-cylinders.net\/pt\/wp-json\/wp\/v2\/product"}],"about":[{"href":"https:\/\/www.hydraulic-cylinders.net\/pt\/wp-json\/wp\/v2\/types\/product"}],"replies":[{"embeddable":true,"href":"https:\/\/www.hydraulic-cylinders.net\/pt\/wp-json\/wp\/v2\/comments?post=652"}],"wp:featuredmedia":[{"embeddable":true,"href":"https:\/\/www.hydraulic-cylinders.net\/pt\/wp-json\/wp\/v2\/media\/658"}],"wp:attachment":[{"href":"https:\/\/www.hydraulic-cylinders.net\/pt\/wp-json\/wp\/v2\/media?parent=652"}],"wp:term":[{"taxonomy":"product_brand","embeddable":true,"href":"https:\/\/www.hydraulic-cylinders.net\/pt\/wp-json\/wp\/v2\/product_brand?post=652"},{"taxonomy":"product_cat","embeddable":true,"href":"https:\/\/www.hydraulic-cylinders.net\/pt\/wp-json\/wp\/v2\/product_cat?post=652"},{"taxonomy":"product_tag","embeddable":true,"href":"https:\/\/www.hydraulic-cylinders.net\/pt\/wp-json\/wp\/v2\/product_tag?post=652"}],"curies":[{"name":"wp","href":"https:\/\/api.w.org\/{rel}","templated":true}]}}