{"id":773,"date":"2023-08-23T02:33:49","date_gmt":"2023-08-23T02:33:49","guid":{"rendered":"https:\/\/hydraulic-cylinders.net\/?post_type=product&#038;p=773"},"modified":"2025-03-27T01:12:58","modified_gmt":"2025-03-27T01:12:58","slug":"low-pressure-hydraulic-cylinder-intermediate-pin","status":"publish","type":"product","link":"https:\/\/www.hydraulic-cylinders.net\/pt\/produto\/low-pressure-hydraulic-cylinder-intermediate-pin\/","title":{"rendered":"Pino intermedi\u00e1rio do cilindro hidr\u00e1ulico de baixa press\u00e3o"},"content":{"rendered":"<h1 style=\"text-align: center;\"><strong>Pino intermedi\u00e1rio do cilindro hidr\u00e1ulico de baixa press\u00e3o<\/strong><\/h1>\n<p><img loading=\"lazy\" decoding=\"async\" class=\"aligncenter wp-image-774 size-full\" src=\"https:\/\/hydraulic-cylinders.net\/wp-content\/uploads\/2023\/08\/low-pressure-pull-rod-hydraulic-cylinder-middle-hinge-pin-1.webp\" alt=\"\" width=\"375\" height=\"175\" srcset=\"https:\/\/www.hydraulic-cylinders.net\/wp-content\/uploads\/2023\/08\/low-pressure-pull-rod-hydraulic-cylinder-middle-hinge-pin-1.webp 375w, https:\/\/www.hydraulic-cylinders.net\/wp-content\/uploads\/2023\/08\/low-pressure-pull-rod-hydraulic-cylinder-middle-hinge-pin-1-300x140.webp 300w\" sizes=\"(max-width: 375px) 100vw, 375px\" \/><\/p>\n<p>Em um cilindro hidr\u00e1ulico de baixa press\u00e3o, o pino intermedi\u00e1rio refere-se ao prego ou eixo entre o pist\u00e3o e a haste do pist\u00e3o. Um elemento de conex\u00e3o transfere a for\u00e7a do pist\u00e3o para a haste, permitindo o movimento linear.<\/p>\n<p>Projeto e constru\u00e7\u00e3o do cilindro hidr\u00e1ulico de baixa press\u00e3o<\/p>\n<p>Os pinos intermedi\u00e1rios geralmente s\u00e3o pinos ou eixos de metal s\u00f3lidos dentro do cilindro.<br \/>\nEle conecta as duas partes entre o pist\u00e3o e a biela.<br \/>\nA fun\u00e7\u00e3o do pino intermedi\u00e1rio \u00e9 transferir a press\u00e3o do l\u00edquido gerada pelo pist\u00e3o para a haste do pist\u00e3o, alcan\u00e7ando assim o movimento linear exigido pelo cilindro.<\/p>\n<h2><strong>Par\u00e2metro do pino intermedi\u00e1rio do cilindro hidr\u00e1ulico de baixa press\u00e3o:<\/strong><\/h2>\n<p><img loading=\"lazy\" decoding=\"async\" class=\"alignnone wp-image-775 size-full\" src=\"https:\/\/hydraulic-cylinders.net\/wp-content\/uploads\/2023\/08\/low-pressure-pull-rod-hydraulic-cylinder-intermediate-pin-2.webp\" alt=\"\" width=\"690\" height=\"315\" srcset=\"https:\/\/hydraulic-cylinders.net\/wp-content\/uploads\/2023\/08\/low-pressure-pull-rod-hydraulic-cylinder-intermediate-pin-2.webp 690w, https:\/\/hydraulic-cylinders.net\/wp-content\/uploads\/2023\/08\/low-pressure-pull-rod-hydraulic-cylinder-intermediate-pin-2-480x219.webp 480w\" sizes=\"(min-width: 0px) and (max-width: 480px) 480px, (min-width: 481px) 690px, 100vw\" \/><\/p>\n<h2><strong>Fun\u00e7\u00e3o e opera\u00e7\u00e3o de <\/strong><strong>Pino intermedi\u00e1rio do cilindro hidr\u00e1ulico de baixa press\u00e3o<\/strong><strong>:<\/strong><\/h2>\n<ul>\n<li>Quando a press\u00e3o hidr\u00e1ulica \u00e9 aplicada ao pist\u00e3o, ele exerce uma for\u00e7a sobre o pino central, fazendo com que ele se mova.<\/li>\n<li>O movimento do pino intermedi\u00e1rio transmite for\u00e7a \u00e0 haste do pist\u00e3o, o que faz com que o cilindro hidr\u00e1ulico se estique ou se contraia.<\/li>\n<li>O pino intermedi\u00e1rio garante que a for\u00e7a gerada hidraulicamente seja transmitida de forma eficaz para a haste do pist\u00e3o, alcan\u00e7ando assim o movimento desejado do cilindro.<\/li>\n<\/ul>\n<h2><strong>Manuten\u00e7\u00e3o e substitui\u00e7\u00e3o do pino intermedi\u00e1rio do cilindro hidr\u00e1ulico de baixa press\u00e3o<\/strong><strong>:<\/strong><\/h2>\n<ul>\n<li>Ao reparar ou modificar o cilindro hidr\u00e1ulico de baixa press\u00e3o, a condi\u00e7\u00e3o do pino central deve ser verificada.<\/li>\n<li>Se houver qualquer sinal de desgaste, dano ou excesso de folga, um novo pino intermedi\u00e1rio deve ser substitu\u00eddo para garantir a opera\u00e7\u00e3o normal do cilindro.<\/li>\n<li>Ao substituir o pino intermedi\u00e1rio, as diretrizes e especifica\u00e7\u00f5es do fabricante devem ser seguidas para garantir a compatibilidade e o desempenho ideal.<\/li>\n<\/ul>\n<h2><strong>Como medir um cilindro hidr\u00e1ulico?<\/strong><\/h2>\n<ol>\n<li><strong>Di\u00e2metro do furo<\/strong>:\n<ul>\n<li>Me\u00e7a o di\u00e2metro interno do cilindro. Isso \u00e9 conhecido como \"di\u00e2metro do furo\".<\/li>\n<li>Coloque os calibradores dentro do cilindro e estenda as garras at\u00e9 que elas entrem em contato com as paredes internas.<\/li>\n<li>Anote a medida exibida nos calibradores.<\/li>\n<\/ul>\n<\/li>\n<li><strong>Di\u00e2metro da haste<\/strong>:\n<ul>\n<li>Me\u00e7a o di\u00e2metro externo da haste do pist\u00e3o. Isso \u00e9 conhecido como \"di\u00e2metro da haste\".<\/li>\n<li>Coloque os calibradores ao redor da haste do pist\u00e3o e ajuste as garras at\u00e9 que elas agarrem levemente a superf\u00edcie da haste.<\/li>\n<li>Anote a medida exibida nos calibradores.<\/li>\n<\/ul>\n<\/li>\n<li><strong>Comprimento do curso<\/strong>:\n<ul>\n<li>Determine o comprimento do curso, que \u00e9 a dist\u00e2ncia m\u00e1xima que o pist\u00e3o pode percorrer dentro do cilindro.<\/li>\n<li>Estenda a haste do pist\u00e3o at\u00e9 a posi\u00e7\u00e3o totalmente estendida e me\u00e7a a dist\u00e2ncia da face frontal do cilindro at\u00e9 a extremidade da haste do pist\u00e3o.<\/li>\n<li>Anote a medida como o comprimento do curso.<\/li>\n<\/ul>\n<\/li>\n<li><strong>Dimens\u00f5es de montagem<\/strong>:\n<ul>\n<li>Me\u00e7a as dimens\u00f5es de montagem para determinar como o cilindro hidr\u00e1ulico ser\u00e1 fixado ao equipamento ou \u00e0 estrutura.<\/li>\n<li>Me\u00e7a a dist\u00e2ncia entre os furos ou suportes de montagem no flange de montagem do cilindro.<\/li>\n<li>Me\u00e7a o di\u00e2metro do furo, se for o caso.<\/li>\n<\/ul>\n<\/li>\n<li><strong>Comprimento total<\/strong>:\n<ul>\n<li>Me\u00e7a o comprimento total do cilindro hidr\u00e1ulico, que inclui o comprimento do cilindro, a haste do pist\u00e3o e quaisquer outros componentes salientes.<\/li>\n<li>Coloque uma r\u00e9gua na face frontal do cilindro e me\u00e7a a dist\u00e2ncia da face frontal at\u00e9 o ponto mais distante na extremidade oposta.<\/li>\n<\/ul>\n<\/li>\n<li><strong>Medidas adicionais<\/strong>:\n<ul>\n<li>Dependendo dos requisitos espec\u00edficos de sua aplica\u00e7\u00e3o, talvez seja necess\u00e1rio medir detalhes adicionais, como o comprimento do pist\u00e3o, a espessura das tampas das extremidades ou as dimens\u00f5es de quaisquer portas ou conex\u00f5es.<\/li>\n<\/ul>\n<\/li>\n<\/ol>\n<h2><strong>Aptid\u00e3o e capacidade da f\u00e1brica:<\/strong><\/h2>\n<h3>(1) Montagem<\/h3>\n<p>Temos uma plataforma de montagem de pesquisa e desenvolvimento independente de primeira classe. A oficina de produ\u00e7\u00e3o de cilindros para empilhadeiras tem quatro linhas de montagem semiautom\u00e1ticas de cilindros de eleva\u00e7\u00e3o e uma linha de montagem autom\u00e1tica de cilindros de inclina\u00e7\u00e3o, com uma capacidade de produ\u00e7\u00e3o anual projetada de 1 milh\u00e3o de pe\u00e7as; a oficina de cilindros especiais \u00e9 equipada com v\u00e1rias especifica\u00e7\u00f5es de sistema de montagem de limpeza semiautom\u00e1tica, com capacidade de produ\u00e7\u00e3o anual projetada de 200.000. Equipada com os famosos equipamentos de usinagem CNC, centro de usinagem, equipamentos especiais de processamento de cilindros de alta precis\u00e3o, m\u00e1quina de solda por rob\u00f4, m\u00e1quina de limpeza autom\u00e1tica, m\u00e1quina de montagem autom\u00e1tica de cilindros e linha de produ\u00e7\u00e3o de pintura autom\u00e1tica. Os principais equipamentos existentes s\u00e3o mais de 300 conjuntos (conjuntos). A aloca\u00e7\u00e3o ideal e o uso eficiente dos recursos do equipamento garantem os requisitos de precis\u00e3o dos produtos e atendem aos requisitos de alta qualidade dos produtos.<\/p>\n<p><img loading=\"lazy\" decoding=\"async\" class=\"alignnone wp-image-626\" src=\"https:\/\/hydraulic-cylinders.net\/wp-content\/uploads\/2023\/08\/hydraulic-cylinder-product-1-300x158.webp\" alt=\"\" width=\"495\" height=\"260\" srcset=\"https:\/\/hydraulic-cylinders.net\/wp-content\/uploads\/2023\/08\/hydraulic-cylinder-product-1-300x158.webp 495w, https:\/\/hydraulic-cylinders.net\/wp-content\/uploads\/2023\/08\/hydraulic-cylinder-product-1-480x252.webp 480w\" sizes=\"(min-width: 0px) and (max-width: 480px) 480px, (min-width: 481px) 495px, 100vw\" \/> <img loading=\"lazy\" decoding=\"async\" class=\"alignnone wp-image-627\" src=\"https:\/\/hydraulic-cylinders.net\/wp-content\/uploads\/2023\/08\/hydraulic-cylinder-product-2-300x189.webp\" alt=\"\" width=\"413\" height=\"260\" \/><\/p>\n<h3>(2) Usinagem<\/h3>\n<p>A oficina de usinagem \u00e9 equipada com centro de torneamento de trilho inclinado personalizado, centro de usinagem, m\u00e1quina de brunimento de alta velocidade, rob\u00f4 de soldagem e outros equipamentos relacionados, que podem lidar com o processamento de tubos de cilindro com um di\u00e2metro interno m\u00e1ximo de 400 mm e um comprimento m\u00e1ximo de 6 metros.<\/p>\n<p><img loading=\"lazy\" decoding=\"async\" class=\"alignnone wp-image-628 size-large\" src=\"https:\/\/hydraulic-cylinders.net\/wp-content\/uploads\/2023\/08\/hydraulic-cylinder-product-3-1024x391.webp\" alt=\"\" width=\"1024\" height=\"391\" srcset=\"https:\/\/hydraulic-cylinders.net\/wp-content\/uploads\/2023\/08\/hydraulic-cylinder-product-3-980x374.webp 980w, https:\/\/hydraulic-cylinders.net\/wp-content\/uploads\/2023\/08\/hydraulic-cylinder-product-3-480x183.webp 480w\" sizes=\"(min-width: 0px) and (max-width: 480px) 480px, (min-width: 481px) and (max-width: 980px) 980px, (min-width: 981px) 1024px, 100vw\" \/><\/p>\n<h3>(3) Soldagem<\/h3>\n<p><img loading=\"lazy\" decoding=\"async\" class=\"alignnone wp-image-629 size-large\" src=\"https:\/\/hydraulic-cylinders.net\/wp-content\/uploads\/2023\/08\/hydraulic-cylinder-product-4-1024x510.webp\" alt=\"\" width=\"1024\" height=\"510\" srcset=\"https:\/\/hydraulic-cylinders.net\/wp-content\/uploads\/2023\/08\/hydraulic-cylinder-product-4-980x488.webp 980w, https:\/\/hydraulic-cylinders.net\/wp-content\/uploads\/2023\/08\/hydraulic-cylinder-product-4-480x239.webp 480w\" sizes=\"(min-width: 0px) and (max-width: 480px) 480px, (min-width: 481px) and (max-width: 980px) 980px, (min-width: 981px) 1024px, 100vw\" \/><\/p>\n<h3>(4) Pintura e revestimento<\/h3>\n<p>Com a linha de revestimento autom\u00e1tico de tinta \u00e0 base de \u00e1gua de cilindros de pequeno e m\u00e9dio porte, para obter carregamento e descarregamento autom\u00e1ticos por rob\u00f4s e pulveriza\u00e7\u00e3o autom\u00e1tica, a capacidade projetada \u00e9 de 4.000 pe\u00e7as por turno;<br \/>\nTamb\u00e9m temos uma linha de produ\u00e7\u00e3o de tinta semiautom\u00e1tica para cilindros grandes, acionada por uma corrente el\u00e9trica, com uma capacidade de projeto de 60 caixas por turno.<\/p>\n<p><img loading=\"lazy\" decoding=\"async\" class=\"alignnone wp-image-630\" src=\"https:\/\/hydraulic-cylinders.net\/wp-content\/uploads\/2023\/08\/hydraulic-cylinder-product-5-300x213.webp\" alt=\"\" width=\"366\" height=\"260\" \/> <img loading=\"lazy\" decoding=\"async\" class=\"alignnone wp-image-631\" src=\"https:\/\/hydraulic-cylinders.net\/wp-content\/uploads\/2023\/08\/hydraulic-cylinder-product-6-300x225.webp\" alt=\"\" width=\"347\" height=\"260\" \/><\/p>\n<h3>(5) Testes<\/h3>\n<p>Temos instala\u00e7\u00f5es de inspe\u00e7\u00e3o e bancos de teste de primeira classe para garantir que o desempenho do cilindro atenda aos requisitos.<\/p>\n<p><img loading=\"lazy\" decoding=\"async\" class=\"alignnone wp-image-632\" src=\"https:\/\/hydraulic-cylinders.net\/wp-content\/uploads\/2023\/08\/hydraulic-cylinder-product-8-300x200.webp\" alt=\"\" width=\"389\" height=\"260\" \/><\/p>\n<p>&nbsp;<\/p>\n<p>&nbsp;<\/p>\n<p>Somos um dos melhores fabricantes de cilindros hidr\u00e1ulicos de baixa press\u00e3o. Podemos oferecer um amplo estoque de cilindros hidr\u00e1ulicos de baixa press\u00e3o. Tamb\u00e9m fornecemos o correspondente <a href=\"https:\/\/hzpt.com\/agricultural-pto-gearbox\/\" target=\"_blank\" rel=\"noopener\">caixas de c\u00e2mbio agr\u00edcolas<\/a>. Exportamos nossos produtos para clientes em todo o mundo e conquistamos uma boa reputa\u00e7\u00e3o devido \u00e0 qualidade superior de nossos produtos e ao servi\u00e7o p\u00f3s-venda. Damos as boas-vindas aos clientes nacionais e estrangeiros que queiram entrar em contato conosco para negociar neg\u00f3cios, trocar informa\u00e7\u00f5es e\u00a0<a href=\"https:\/\/www.hydraulic-cylinders.net\/pt\/contact-us\/\">cooperar conosco<\/a>!<\/p>\n<p>&nbsp;<\/p>","protected":false},"excerpt":{"rendered":"<p>Low-Pressure Hydraulic Cylinder Intermediate Pin In a low-pressure hydraulic cylinder, the intermediate pin refers to the nail or shaft between the piston and the piston rod. A connecting element transfers force from the piston to the rod, allowing for linear motion. Design and construction of the low-pressure hydraulic cylinder Intermediate pins are usually solid metal [&hellip;]<\/p>","protected":false},"featured_media":776,"comment_status":"open","ping_status":"closed","template":"","meta":{"_et_pb_use_builder":"","_et_pb_old_content":"","_et_gb_content_width":""},"product_brand":[],"product_cat":[1376,1388],"product_tag":[1380],"class_list":{"0":"post-773","1":"product","2":"type-product","3":"status-publish","4":"has-post-thumbnail","6":"product_cat-hydraulic-cylinder","7":"product_cat-low-pressure-hydraulic-cylinder","8":"product_tag-hydraulic-cylinder","10":"first","11":"instock","12":"shipping-taxable","13":"product-type-simple"},"amp_enabled":true,"_links":{"self":[{"href":"https:\/\/www.hydraulic-cylinders.net\/pt\/wp-json\/wp\/v2\/product\/773","targetHints":{"allow":["GET"]}}],"collection":[{"href":"https:\/\/www.hydraulic-cylinders.net\/pt\/wp-json\/wp\/v2\/product"}],"about":[{"href":"https:\/\/www.hydraulic-cylinders.net\/pt\/wp-json\/wp\/v2\/types\/product"}],"replies":[{"embeddable":true,"href":"https:\/\/www.hydraulic-cylinders.net\/pt\/wp-json\/wp\/v2\/comments?post=773"}],"wp:featuredmedia":[{"embeddable":true,"href":"https:\/\/www.hydraulic-cylinders.net\/pt\/wp-json\/wp\/v2\/media\/776"}],"wp:attachment":[{"href":"https:\/\/www.hydraulic-cylinders.net\/pt\/wp-json\/wp\/v2\/media?parent=773"}],"wp:term":[{"taxonomy":"product_brand","embeddable":true,"href":"https:\/\/www.hydraulic-cylinders.net\/pt\/wp-json\/wp\/v2\/product_brand?post=773"},{"taxonomy":"product_cat","embeddable":true,"href":"https:\/\/www.hydraulic-cylinders.net\/pt\/wp-json\/wp\/v2\/product_cat?post=773"},{"taxonomy":"product_tag","embeddable":true,"href":"https:\/\/www.hydraulic-cylinders.net\/pt\/wp-json\/wp\/v2\/product_tag?post=773"}],"curies":[{"name":"wp","href":"https:\/\/api.w.org\/{rel}","templated":true}]}}