{"id":782,"date":"2023-08-23T03:36:50","date_gmt":"2023-08-23T03:36:50","guid":{"rendered":"https:\/\/hydraulic-cylinders.net\/?post_type=product&#038;p=782"},"modified":"2025-04-16T02:23:02","modified_gmt":"2025-04-16T02:23:02","slug":"machine-tool-low-pressure-hydraulic-cylinder","status":"publish","type":"product","link":"https:\/\/www.hydraulic-cylinders.net\/pt\/produto\/machine-tool-low-pressure-hydraulic-cylinder\/","title":{"rendered":"Cilindro hidr\u00e1ulico de baixa press\u00e3o para m\u00e1quinas-ferramenta"},"content":{"rendered":"<h1 style=\"text-align: center;\"><strong>Cilindro hidr\u00e1ulico de baixa press\u00e3o para m\u00e1quinas-ferramenta<\/strong><\/h1>\n<p><img loading=\"lazy\" decoding=\"async\" class=\"aligncenter wp-image-785 size-full\" src=\"https:\/\/hydraulic-cylinders.net\/wp-content\/uploads\/2023\/08\/low-pressure-hydraulic-cylinder-2.webp\" alt=\"\" width=\"300\" height=\"300\" srcset=\"https:\/\/www.hydraulic-cylinders.net\/wp-content\/uploads\/2023\/08\/low-pressure-hydraulic-cylinder-2.webp 300w, https:\/\/www.hydraulic-cylinders.net\/wp-content\/uploads\/2023\/08\/low-pressure-hydraulic-cylinder-2-100x100.webp 100w, https:\/\/www.hydraulic-cylinders.net\/wp-content\/uploads\/2023\/08\/low-pressure-hydraulic-cylinder-2-150x150.webp 150w\" sizes=\"(max-width: 300px) 100vw, 300px\" \/><\/p>\n<p>O cilindro hidr\u00e1ulico de baixa press\u00e3o \u00e9 a vantagem da empresa em termos de produtos, experi\u00eancia em fabrica\u00e7\u00e3o, tecnologia madura, custo-benef\u00edcio e pode substituir o cilindro hidr\u00e1ulico.<\/p>\n<p>Combinado com a demanda do mercado, classifique os par\u00e2metros do cilindro hidr\u00e1ulico de baixa press\u00e3o do setor de m\u00e1quinas-ferramenta, como o cilindro hidr\u00e1ulico da m\u00e1quina de serra de fita.<\/p>\n<p>Os clientes podem fazer o pedido de acordo com os seguintes par\u00e2metros, com conveni\u00eancia e tempo de entrega r\u00e1pido.<\/p>\n<p>Baixo custo: Os cilindros hidr\u00e1ulicos de baixa press\u00e3o geralmente s\u00e3o mais baratos do que outros cilindros.<br \/>\nProjeto simples: O projeto e a fabrica\u00e7\u00e3o de cilindros hidr\u00e1ulicos de baixa press\u00e3o s\u00e3o relativamente simples.<br \/>\nF\u00e1cil manuten\u00e7\u00e3o: Os cilindros hidr\u00e1ulicos de baixa press\u00e3o s\u00e3o relativamente f\u00e1ceis de manter.<\/p>\n<h2><strong>Cilindro hidr\u00e1ulico de baixa press\u00e3o Par\u00e2metro:<\/strong><\/h2>\n<h3>(1) Flange frontal do cilindro hidr\u00e1ulico de baixa press\u00e3o:<\/h3>\n<h3><img loading=\"lazy\" decoding=\"async\" class=\"alignnone wp-image-786 size-full\" src=\"https:\/\/hydraulic-cylinders.net\/wp-content\/uploads\/2023\/08\/low-pressure-pull-rod-hydraulic-cylinder-front-flange-2-2.webp\" alt=\"\" width=\"690\" height=\"397\" srcset=\"https:\/\/hydraulic-cylinders.net\/wp-content\/uploads\/2023\/08\/low-pressure-pull-rod-hydraulic-cylinder-front-flange-2-2.webp 690w, https:\/\/hydraulic-cylinders.net\/wp-content\/uploads\/2023\/08\/low-pressure-pull-rod-hydraulic-cylinder-front-flange-2-2-480x276.webp 480w\" sizes=\"(min-width: 0px) and (max-width: 480px) 480px, (min-width: 481px) 690px, 100vw\" \/><\/h3>\n<h3>(2) Flange traseiro do cilindro hidr\u00e1ulico de baixa press\u00e3o:<\/h3>\n<h3><img loading=\"lazy\" decoding=\"async\" class=\"alignnone wp-image-787\" src=\"https:\/\/hydraulic-cylinders.net\/wp-content\/uploads\/2023\/08\/low-pressure-pull-rod-hydraulic-cylinder-back-flange-2-2-1024x556.webp\" alt=\"\" width=\"800\" height=\"434\" \/><\/h3>\n<h3>(3) Pino frontal do cilindro hidr\u00e1ulico de baixa press\u00e3o:<\/h3>\n<p><img loading=\"lazy\" decoding=\"async\" class=\"alignnone wp-image-788 size-full\" src=\"https:\/\/hydraulic-cylinders.net\/wp-content\/uploads\/2023\/08\/low-pressure-pull-rod-hydraulic-cylinder-front-hinge-pin-2-1.webp\" alt=\"\" width=\"660\" height=\"289\" srcset=\"https:\/\/hydraulic-cylinders.net\/wp-content\/uploads\/2023\/08\/low-pressure-pull-rod-hydraulic-cylinder-front-hinge-pin-2-1.webp 660w, https:\/\/hydraulic-cylinders.net\/wp-content\/uploads\/2023\/08\/low-pressure-pull-rod-hydraulic-cylinder-front-hinge-pin-2-1-480x210.webp 480w\" sizes=\"(min-width: 0px) and (max-width: 480px) 480px, (min-width: 481px) 660px, 100vw\" \/><\/p>\n<h3>(4) Pino intermedi\u00e1rio do cilindro hidr\u00e1ulico de baixa press\u00e3o:<\/h3>\n<p><img loading=\"lazy\" decoding=\"async\" class=\"alignnone wp-image-789 size-full\" src=\"https:\/\/hydraulic-cylinders.net\/wp-content\/uploads\/2023\/08\/low-pressure-pull-rod-hydraulic-cylinder-intermediate-pin-2-1.webp\" alt=\"\" width=\"690\" height=\"315\" srcset=\"https:\/\/hydraulic-cylinders.net\/wp-content\/uploads\/2023\/08\/low-pressure-pull-rod-hydraulic-cylinder-intermediate-pin-2-1.webp 690w, https:\/\/hydraulic-cylinders.net\/wp-content\/uploads\/2023\/08\/low-pressure-pull-rod-hydraulic-cylinder-intermediate-pin-2-1-480x219.webp 480w\" sizes=\"(min-width: 0px) and (max-width: 480px) 480px, (min-width: 481px) 690px, 100vw\" \/><\/p>\n<h3>(5) Pino traseiro do cilindro hidr\u00e1ulico de baixa press\u00e3o:<\/h3>\n<p><img loading=\"lazy\" decoding=\"async\" class=\"alignnone wp-image-790 size-full\" src=\"https:\/\/hydraulic-cylinders.net\/wp-content\/uploads\/2023\/08\/low-pressure-pull-rod-hydraulic-cylinder-rear-pin-hole-2-1.webp\" alt=\"\" width=\"690\" height=\"333\" srcset=\"https:\/\/hydraulic-cylinders.net\/wp-content\/uploads\/2023\/08\/low-pressure-pull-rod-hydraulic-cylinder-rear-pin-hole-2-1.webp 690w, https:\/\/hydraulic-cylinders.net\/wp-content\/uploads\/2023\/08\/low-pressure-pull-rod-hydraulic-cylinder-rear-pin-hole-2-1-480x232.webp 480w\" sizes=\"(min-width: 0px) and (max-width: 480px) 480px, (min-width: 481px) 690px, 100vw\" \/><\/p>\n<h3>(6) Cilindro hidr\u00e1ulico de baixa press\u00e3o Par\u00e2metro do suporte para os p\u00e9s:<\/h3>\n<p><img loading=\"lazy\" decoding=\"async\" class=\"alignnone wp-image-791 size-full\" src=\"https:\/\/hydraulic-cylinders.net\/wp-content\/uploads\/2023\/08\/low-pressure-pull-rod-hydraulic-cylinder-footstand-2-1.webp\" alt=\"\" width=\"703\" height=\"314\" srcset=\"https:\/\/hydraulic-cylinders.net\/wp-content\/uploads\/2023\/08\/low-pressure-pull-rod-hydraulic-cylinder-footstand-2-1.webp 703w, https:\/\/hydraulic-cylinders.net\/wp-content\/uploads\/2023\/08\/low-pressure-pull-rod-hydraulic-cylinder-footstand-2-1-480x214.webp 480w\" sizes=\"(min-width: 0px) and (max-width: 480px) 480px, (min-width: 481px) 703px, 100vw\" \/><\/p>\n<h2><strong>Par\u00e2metro t\u00e9cnico de <\/strong><strong>Cilindro hidr\u00e1ulico de baixa press\u00e3o:<\/strong><\/h2>\n<p>O modo de instala\u00e7\u00e3o pode ser selecionado entre as seguintes op\u00e7\u00f5es<br \/>\n1) Tamanho da rosca da extremidade da haste do pist\u00e3o: rosca interna ou externa, tamanho e comprimento da rosca<br \/>\n2) posi\u00e7\u00e3o da porta de \u00f3leo;<br \/>\n3) O \"comprimento total\" na tabela de par\u00e2metros, ou seja, o comprimento do cilindro quando o curso \u00e9 0, como o curso \u00e9 100 mm, o comprimento total do cilindro = o valor do \"comprimento total\" +100<\/p>\n<h2><strong>Escopo de aplica\u00e7\u00e3o de <\/strong><strong>Cilindro hidr\u00e1ulico de baixa press\u00e3o :<\/strong><\/h2>\n<p>1) O uso da faixa de press\u00e3o \u00e9 inferior a 5MPA;<br \/>\n2) A tampa frontal, a tampa traseira e o pist\u00e3o s\u00e3o fundidos, o cilindro \u00e9 de a\u00e7o n\u00ba 20 e a haste do pist\u00e3o \u00e9 de a\u00e7o cromado n\u00ba 45;<br \/>\n3) O cilindro padr\u00e3o \u00e9 afetado principalmente pelo empuxo; se for principalmente devido \u00e0 tens\u00e3o, o cliente precisar\u00e1 fazer instru\u00e7\u00f5es especiais;<br \/>\n4) A faixa de di\u00e2metro interno dessa s\u00e9rie de produtos \u00e9 de 63 a 125 mm e o empuxo m\u00e1ximo \u00e9 de 4,8 toneladas;<br \/>\n5) Sem buffer por padr\u00e3o; se o buffer for necess\u00e1rio, o cliente precisa de instru\u00e7\u00f5es especiais.<\/p>\n<p><img loading=\"lazy\" decoding=\"async\" class=\"size-full wp-image-316728 aligncenter\" src=\"https:\/\/hzpt.com\/wp-content\/uploads\/2023\/08\/low-pressure-hydraulic-cylinder-1.webp\" alt=\"\" width=\"540\" height=\"1015\" \/><\/p>\n<h2><strong>Como medir o cilindro hidr\u00e1ulico?<\/strong><\/h2>\n<p>Para medir um cilindro hidr\u00e1ulico, voc\u00ea precisar\u00e1 de algumas ferramentas b\u00e1sicas, como uma fita m\u00e9trica ou r\u00e9gua, um paqu\u00edmetro e, possivelmente, um medidor de profundidade. Aqui est\u00e1 um guia passo a passo sobre como medir um cilindro hidr\u00e1ulico:<\/p>\n<ol>\n<li><strong>Comprimento estendido<\/strong>:\n<ul>\n<li>Certifique-se de que o cilindro hidr\u00e1ulico esteja totalmente estendido.<\/li>\n<li>Me\u00e7a a dist\u00e2ncia do centro do furo de montagem em uma extremidade do cilindro at\u00e9 o centro do furo de montagem na outra extremidade. Essa medida representa o comprimento estendido ou o comprimento total do cilindro.<\/li>\n<\/ul>\n<\/li>\n<li><strong>Comprimento retra\u00eddo<\/strong>:\n<ul>\n<li>Retraia totalmente o cilindro hidr\u00e1ulico.<\/li>\n<li>Me\u00e7a a dist\u00e2ncia do centro do furo de montagem em uma extremidade do cilindro at\u00e9 o centro do furo de montagem na outra extremidade. Essa medida representa o comprimento retra\u00eddo do cilindro.<\/li>\n<\/ul>\n<\/li>\n<li><strong>Di\u00e2metro do furo<\/strong>:\n<ul>\n<li>Me\u00e7a o di\u00e2metro interno do cilindro, que \u00e9 chamado de di\u00e2metro do furo. Normalmente, isso \u00e9 feito com um paqu\u00edmetro.<\/li>\n<li>Coloque as garras do paqu\u00edmetro dentro do cilindro e me\u00e7a a dist\u00e2ncia entre as superf\u00edcies internas das paredes do cilindro.<\/li>\n<\/ul>\n<\/li>\n<li><strong>Di\u00e2metro da haste<\/strong>:\n<ul>\n<li>Me\u00e7a o di\u00e2metro da haste do pist\u00e3o. Normalmente, isso \u00e9 feito com um paqu\u00edmetro.<\/li>\n<li>Coloque as garras do calibrador ao redor da haste do pist\u00e3o e me\u00e7a a dist\u00e2ncia entre as superf\u00edcies externas da haste.<\/li>\n<\/ul>\n<\/li>\n<li><strong>Comprimento do curso<\/strong>:\n<ul>\n<li>O comprimento do curso refere-se \u00e0 dist\u00e2ncia que a haste do pist\u00e3o pode percorrer entre as posi\u00e7\u00f5es totalmente estendida e totalmente retra\u00edda.<\/li>\n<li>Subtraia a medida do comprimento retra\u00eddo da medida do comprimento estendido para obter o comprimento do curso.<\/li>\n<\/ul>\n<\/li>\n<li><strong>Dimens\u00f5es da veda\u00e7\u00e3o e do rolamento<\/strong>:\n<ul>\n<li>Se necess\u00e1rio, me\u00e7a as dimens\u00f5es de todas as veda\u00e7\u00f5es ou rolamentos que fazem parte do cilindro hidr\u00e1ulico. Isso pode incluir medi\u00e7\u00f5es do di\u00e2metro externo, do di\u00e2metro interno e da espessura.<\/li>\n<\/ul>\n<\/li>\n<\/ol>\n<h2><strong>Aptid\u00e3o e capacidade da f\u00e1brica:<\/strong><\/h2>\n<h3>(1) Montagem<\/h3>\n<p>Temos uma plataforma de montagem de pesquisa e desenvolvimento independente de primeira classe. A oficina de produ\u00e7\u00e3o de cilindros para empilhadeiras tem quatro linhas de montagem semiautom\u00e1ticas de cilindros de eleva\u00e7\u00e3o e uma linha de montagem autom\u00e1tica de cilindros de inclina\u00e7\u00e3o, com uma capacidade de produ\u00e7\u00e3o anual projetada de 1 milh\u00e3o de pe\u00e7as; a oficina de cilindros especiais \u00e9 equipada com v\u00e1rias especifica\u00e7\u00f5es de sistema de montagem de limpeza semiautom\u00e1tica, com capacidade de produ\u00e7\u00e3o anual projetada de 200.000. Equipada com os famosos equipamentos de usinagem CNC, centro de usinagem, equipamentos especiais de processamento de cilindros de alta precis\u00e3o, m\u00e1quina de solda por rob\u00f4, m\u00e1quina de limpeza autom\u00e1tica, m\u00e1quina de montagem autom\u00e1tica de cilindros e linha de produ\u00e7\u00e3o de pintura autom\u00e1tica. Os principais equipamentos existentes s\u00e3o mais de 300 conjuntos (conjuntos). A aloca\u00e7\u00e3o ideal e o uso eficiente dos recursos do equipamento garantem os requisitos de precis\u00e3o dos produtos e atendem aos requisitos de alta qualidade dos produtos.<\/p>\n<p><img loading=\"lazy\" decoding=\"async\" class=\"alignnone wp-image-626\" src=\"https:\/\/hydraulic-cylinders.net\/wp-content\/uploads\/2023\/08\/hydraulic-cylinder-product-1-300x158.webp\" alt=\"\" width=\"495\" height=\"260\" srcset=\"https:\/\/hydraulic-cylinders.net\/wp-content\/uploads\/2023\/08\/hydraulic-cylinder-product-1-300x158.webp 495w, https:\/\/hydraulic-cylinders.net\/wp-content\/uploads\/2023\/08\/hydraulic-cylinder-product-1-480x252.webp 480w\" sizes=\"(min-width: 0px) and (max-width: 480px) 480px, (min-width: 481px) 495px, 100vw\" \/> <img loading=\"lazy\" decoding=\"async\" class=\"alignnone wp-image-627\" src=\"https:\/\/hydraulic-cylinders.net\/wp-content\/uploads\/2023\/08\/hydraulic-cylinder-product-2-300x189.webp\" alt=\"\" width=\"413\" height=\"260\" \/><\/p>\n<h3>(2) Usinagem<\/h3>\n<p>A oficina de usinagem \u00e9 equipada com centro de torneamento de trilho inclinado personalizado, centro de usinagem, m\u00e1quina de brunimento de alta velocidade, rob\u00f4 de soldagem e outros equipamentos relacionados, que podem lidar com o processamento de tubos de cilindro com um di\u00e2metro interno m\u00e1ximo de 400 mm e um comprimento m\u00e1ximo de 6 metros.<\/p>\n<p><img loading=\"lazy\" decoding=\"async\" class=\"alignnone wp-image-628 size-large\" src=\"https:\/\/hydraulic-cylinders.net\/wp-content\/uploads\/2023\/08\/hydraulic-cylinder-product-3-1024x391.webp\" alt=\"\" width=\"1024\" height=\"391\" srcset=\"https:\/\/hydraulic-cylinders.net\/wp-content\/uploads\/2023\/08\/hydraulic-cylinder-product-3-980x374.webp 980w, https:\/\/hydraulic-cylinders.net\/wp-content\/uploads\/2023\/08\/hydraulic-cylinder-product-3-480x183.webp 480w\" sizes=\"(min-width: 0px) and (max-width: 480px) 480px, (min-width: 481px) and (max-width: 980px) 980px, (min-width: 981px) 1024px, 100vw\" \/><\/p>\n<h3>(3) Soldagem<\/h3>\n<p><img loading=\"lazy\" decoding=\"async\" class=\"alignnone wp-image-629 size-large\" src=\"https:\/\/hydraulic-cylinders.net\/wp-content\/uploads\/2023\/08\/hydraulic-cylinder-product-4-1024x510.webp\" alt=\"\" width=\"1024\" height=\"510\" srcset=\"https:\/\/hydraulic-cylinders.net\/wp-content\/uploads\/2023\/08\/hydraulic-cylinder-product-4-980x488.webp 980w, https:\/\/hydraulic-cylinders.net\/wp-content\/uploads\/2023\/08\/hydraulic-cylinder-product-4-480x239.webp 480w\" sizes=\"(min-width: 0px) and (max-width: 480px) 480px, (min-width: 481px) and (max-width: 980px) 980px, (min-width: 981px) 1024px, 100vw\" \/><\/p>\n<h3>(4) Pintura e revestimento<\/h3>\n<p>Com linhas de revestimento de tinta \u00e0 base de \u00e1gua autom\u00e1ticas de cilindros de pequeno e m\u00e9dio porte, para obter carregamento e descarregamento autom\u00e1ticos de rob\u00f4s e pulveriza\u00e7\u00e3o autom\u00e1tica, a capacidade projetada \u00e9 de 4.000 pe\u00e7as por turno;<br \/>\nTamb\u00e9m temos uma linha de produ\u00e7\u00e3o de tinta semiautom\u00e1tica para cilindros grandes, acionada por uma corrente el\u00e9trica, com uma capacidade projetada de 60 caixas por turno.<\/p>\n<p><img loading=\"lazy\" decoding=\"async\" class=\"alignnone wp-image-630\" src=\"https:\/\/hydraulic-cylinders.net\/wp-content\/uploads\/2023\/08\/hydraulic-cylinder-product-5-300x213.webp\" alt=\"\" width=\"408\" height=\"290\" \/> <img loading=\"lazy\" decoding=\"async\" class=\"alignnone wp-image-631\" src=\"https:\/\/hydraulic-cylinders.net\/wp-content\/uploads\/2023\/08\/hydraulic-cylinder-product-6-300x225.webp\" alt=\"\" width=\"387\" height=\"290\" \/><\/p>\n<h3>(5) Testes<\/h3>\n<p>Temos instala\u00e7\u00f5es de inspe\u00e7\u00e3o e bancos de teste de primeira classe para garantir que o desempenho do cilindro atenda aos requisitos.<\/p>\n<p><img loading=\"lazy\" decoding=\"async\" class=\"alignnone wp-image-632\" src=\"https:\/\/hydraulic-cylinders.net\/wp-content\/uploads\/2023\/08\/hydraulic-cylinder-product-8-300x200.webp\" alt=\"\" width=\"389\" height=\"260\" \/><\/p>\n<p>&nbsp;<\/p>\n<p>&nbsp;<\/p>\n<p>Somos um dos melhores fabricantes de cilindros hidr\u00e1ulicos de baixa press\u00e3o. Podemos oferecer um amplo estoque de cilindros hidr\u00e1ulicos de baixa press\u00e3o. Tamb\u00e9m fornecemos o correspondente <a href=\"https:\/\/hzpt.com\/agricultural-pto-gearbox\/\" target=\"_blank\" rel=\"noopener\">caixas de c\u00e2mbio agr\u00edcolas<\/a>. Exportamos nossos produtos para clientes em todo o mundo e conquistamos uma boa reputa\u00e7\u00e3o devido \u00e0 qualidade superior de nossos produtos e ao servi\u00e7o p\u00f3s-venda. Damos as boas-vindas aos clientes nacionais e estrangeiros que queiram entrar em contato conosco para negociar neg\u00f3cios, trocar informa\u00e7\u00f5es e\u00a0<a href=\"https:\/\/www.hydraulic-cylinders.net\/pt\/contact-us\/\">cooperar conosco<\/a>!<\/p>\n<p>&nbsp;<\/p>\n<h2><\/h2>","protected":false},"excerpt":{"rendered":"<p>Machine Tool Low-Pressure Hydraulic Cylinder Low-pressure hydraulic cylinder is the company&#8217;s advantage in products, manufacturing experience, mature technology, cost-effectiveness, and can replace the hydraulic cylinder. Combined with the market demand, sort out the machine tool industry low-pressure hydraulic cylinder parameters, such as band saw machine hydraulic cylinder. Customers can order according to the following parameters, [&hellip;]<\/p>","protected":false},"featured_media":792,"comment_status":"open","ping_status":"closed","template":"","meta":{"_et_pb_use_builder":"","_et_pb_old_content":"","_et_gb_content_width":""},"product_brand":[],"product_cat":[1550,1525,1509,1376,1388],"product_tag":[],"class_list":{"0":"post-782","1":"product","2":"type-product","3":"status-publish","4":"has-post-thumbnail","6":"product_cat-double-acting-hydraulic-cylinder","7":"product_cat-machine-tool-hydraulic-cylinders","8":"product_cat-tie-rod-hydraulic-cylinder","9":"product_cat-hydraulic-cylinder","10":"product_cat-low-pressure-hydraulic-cylinder","12":"first","13":"instock","14":"shipping-taxable","15":"product-type-simple"},"amp_enabled":true,"_links":{"self":[{"href":"https:\/\/www.hydraulic-cylinders.net\/pt\/wp-json\/wp\/v2\/product\/782","targetHints":{"allow":["GET"]}}],"collection":[{"href":"https:\/\/www.hydraulic-cylinders.net\/pt\/wp-json\/wp\/v2\/product"}],"about":[{"href":"https:\/\/www.hydraulic-cylinders.net\/pt\/wp-json\/wp\/v2\/types\/product"}],"replies":[{"embeddable":true,"href":"https:\/\/www.hydraulic-cylinders.net\/pt\/wp-json\/wp\/v2\/comments?post=782"}],"wp:featuredmedia":[{"embeddable":true,"href":"https:\/\/www.hydraulic-cylinders.net\/pt\/wp-json\/wp\/v2\/media\/792"}],"wp:attachment":[{"href":"https:\/\/www.hydraulic-cylinders.net\/pt\/wp-json\/wp\/v2\/media?parent=782"}],"wp:term":[{"taxonomy":"product_brand","embeddable":true,"href":"https:\/\/www.hydraulic-cylinders.net\/pt\/wp-json\/wp\/v2\/product_brand?post=782"},{"taxonomy":"product_cat","embeddable":true,"href":"https:\/\/www.hydraulic-cylinders.net\/pt\/wp-json\/wp\/v2\/product_cat?post=782"},{"taxonomy":"product_tag","embeddable":true,"href":"https:\/\/www.hydraulic-cylinders.net\/pt\/wp-json\/wp\/v2\/product_tag?post=782"}],"curies":[{"name":"wp","href":"https:\/\/api.w.org\/{rel}","templated":true}]}}