{"id":1003,"date":"2023-09-06T08:58:05","date_gmt":"2023-09-06T08:58:05","guid":{"rendered":"https:\/\/hydraulic-cylinders.net\/?post_type=product&#038;p=1003"},"modified":"2023-09-19T01:36:55","modified_gmt":"2023-09-19T01:36:55","slug":"rear-earring-with-spherical-bearing-four-rod-hydraulic-cylinder","status":"publish","type":"product","link":"https:\/\/www.hydraulic-cylinders.net\/ro\/produs\/rear-earring-with-spherical-bearing-four-rod-hydraulic-cylinder\/","title":{"rendered":"Cercei spate cu rulment sferic cu patru tije cilindru hidraulic cu patru tije"},"content":{"rendered":"<h1 style=\"text-align: center;\"><strong>Cercei spate cu rulment sferic cu patru tije cilindru hidraulic cu patru tije<\/strong><\/h1>\n<p><img loading=\"lazy\" decoding=\"async\" class=\"size-full wp-image-1007 aligncenter\" src=\"https:\/\/hydraulic-cylinders.net\/wp-content\/uploads\/2023\/09\/rear-earring-with-spherical-bearing-four-pull-rod-hydraulic-cylinder-1.webp\" alt=\"\" width=\"236\" height=\"236\" srcset=\"https:\/\/www.hydraulic-cylinders.net\/wp-content\/uploads\/2023\/09\/rear-earring-with-spherical-bearing-four-pull-rod-hydraulic-cylinder-1.webp 236w, https:\/\/www.hydraulic-cylinders.net\/wp-content\/uploads\/2023\/09\/rear-earring-with-spherical-bearing-four-pull-rod-hydraulic-cylinder-1-100x100.webp 100w, https:\/\/www.hydraulic-cylinders.net\/wp-content\/uploads\/2023\/09\/rear-earring-with-spherical-bearing-four-pull-rod-hydraulic-cylinder-1-150x150.webp 150w, https:\/\/www.hydraulic-cylinders.net\/wp-content\/uploads\/2023\/09\/rear-earring-with-spherical-bearing-four-pull-rod-hydraulic-cylinder-1-12x12.webp 12w\" sizes=\"(max-width: 236px) 100vw, 236px\" \/><\/p>\n<p>Cerceveaua din spate cu un cilindru hidraulic cu patru tije cu rulmen\u021bi sferici este un element hidraulic inovator conceput pentru a oferi performan\u021be superioare \u0219i versatilitate \u00een diverse aplica\u021bii industriale. Cu designul s\u0103u unic cu urechea din spate, rulmen\u021bi sferici \u0219i configura\u021bia cu patru tije, acest cilindru hidraulic cu patru tije ofer\u0103 o stabilitate sporit\u0103, un control precis \u0219i o capacitate portant\u0103 crescut\u0103.<\/p>\n<p>Caracteristicile esen\u021biale ale cilindrului hidraulic cu patru tije:<\/p>\n<p><strong>Designul cerceilor din spate:<\/strong><\/p>\n<ol>\n<li style=\"list-style-type: none;\">\n<ul>\n<li>Designul \u0219tiftului posterior ofer\u0103 o solu\u021bie de instalare sigur\u0103 \u0219i stabil\u0103, care asigur\u0103 o func\u021bionare fiabil\u0103 chiar \u0219i \u00een condi\u021bii de sarcin\u0103 mare \u0219i extrem\u0103.<\/li>\n<li>Simplific\u0103 instalarea \u0219i permite integrarea u\u0219oar\u0103 \u00een diverse sisteme sau echipamente hidraulice.<\/li>\n<\/ul>\n<\/li>\n<\/ol>\n<p><strong>Rulment sferic:<\/strong><\/p>\n<ol>\n<li style=\"list-style-type: none;\">\n<ul>\n<li>Includerea rulmen\u021bilor sferici \u00eembun\u0103t\u0103\u021be\u0219te flexibilitatea cilindrului hidraulic cu patru tije \u0219i compenseaz\u0103 nealinierea, reduc\u00e2nd stresul \u0219i uzura componentelor cilindrului.<\/li>\n<li>Rulmentul sferic permite o mi\u0219care lin\u0103 \u0219i precis\u0103, chiar \u0219i atunci c\u00e2nd se lucreaz\u0103 cu sarcini unghiulare sau descentrate.<\/li>\n<\/ul>\n<\/li>\n<\/ol>\n<p><strong>Configura\u021bie cu patru tije:<\/strong><\/p>\n<ol>\n<li style=\"list-style-type: none;\">\n<ul>\n<li>Configura\u021bia cu patru tije cre\u0219te capacitatea portant\u0103 \u0219i stabilitatea cilindrului, previne deformarea \u0219i asigur\u0103 un control precis al mi\u0219c\u0103rii liniare.<\/li>\n<li>Distribuie uniform sarcina pe suprafa\u021ba tijei, reduc\u00e2nd riscul de uzur\u0103 prematur\u0103 sau defec\u021biune.<\/li>\n<\/ul>\n<\/li>\n<\/ol>\n<p><strong>Performan\u021b\u0103 \u0219i eficien\u021b\u0103 ridicate:<\/strong><\/p>\n<ul>\n<li style=\"list-style-type: none;\">\n<ul>\n<li>Acest cilindru hidraulic cu patru tije ofer\u0103 o for\u021b\u0103 mare \u0219i un control precis, permi\u021b\u00e2nd o func\u021bionare eficient\u0103 \u0219i eficace.<\/li>\n<li>Permite pozi\u021bionarea precis\u0103, timpi de ciclu rapizi \u0219i productivitate optimizat\u0103 \u00een diverse aplica\u021bii industriale.<\/li>\n<\/ul>\n<\/li>\n<\/ul>\n<h2><strong>Cercel spate cu rulment sferic, cilindru hidraulic cu patru tije, parametru:<\/strong><\/h2>\n<p><img loading=\"lazy\" decoding=\"async\" class=\"alignnone wp-image-1005 size-full\" src=\"https:\/\/hydraulic-cylinders.net\/wp-content\/uploads\/2023\/09\/rear-earring-with-spherical-bearing-four-pull-rod-hydraulic-cylinder.webp\" alt=\"\" width=\"650\" height=\"196\" srcset=\"https:\/\/hydraulic-cylinders.net\/wp-content\/uploads\/2023\/09\/rear-earring-with-spherical-bearing-four-pull-rod-hydraulic-cylinder.webp 650w, https:\/\/hydraulic-cylinders.net\/wp-content\/uploads\/2023\/09\/rear-earring-with-spherical-bearing-four-pull-rod-hydraulic-cylinder-480x145.webp 480w\" sizes=\"(min-width: 0px) and (max-width: 480px) 480px, (min-width: 481px) 650px, 100vw\" \/><\/p>\n<p><img loading=\"lazy\" decoding=\"async\" class=\"alignnone wp-image-1031 size-full\" src=\"https:\/\/hydraulic-cylinders.net\/wp-content\/uploads\/2023\/09\/b-bb-sbd-four-rod-hydraulic-cylinder.webp\" alt=\"\" width=\"650\" height=\"237\" srcset=\"https:\/\/hydraulic-cylinders.net\/wp-content\/uploads\/2023\/09\/b-bb-sbd-four-rod-hydraulic-cylinder.webp 650w, https:\/\/hydraulic-cylinders.net\/wp-content\/uploads\/2023\/09\/b-bb-sbd-four-rod-hydraulic-cylinder-480x175.webp 480w\" sizes=\"(min-width: 0px) and (max-width: 480px) 480px, (min-width: 481px) 650px, 100vw\" \/><\/p>\n<h2><strong>Cercei spate cu rulment sferic cu patru tije cilindru hidraulic cu patru tije <\/strong><strong>Metod\u0103 de utilizare<\/strong><strong>:<\/strong><\/h2>\n<p><strong>Montare \u0219i instalare:<\/strong><\/p>\n<ol>\n<li style=\"list-style-type: none;\">\n<ul>\n<li>Lua\u021bi \u00een considerare factori precum cerin\u021bele de sarcin\u0103 \u0219i constr\u00e2ngerile de spa\u021biu pentru a determina loca\u021bia adecvat\u0103 de instalare a cilindrului hidraulic cu patru tije \u00een cadrul sistemului sau echipamentului.<\/li>\n<li>Asigura\u021bi-v\u0103 c\u0103 suprafa\u021ba de montare este curat\u0103, plan\u0103 \u0219i capabil\u0103 s\u0103 sus\u021bin\u0103 greutatea cilindrului.<\/li>\n<li>Alinia\u021bi cercelul din spate cu suprafa\u021ba de montare \u0219i fixa\u021bi-l ferm folosind \u0219uruburile sau elementele de fixare recomandate.<\/li>\n<\/ul>\n<\/li>\n<\/ol>\n<p><strong>Conexiuni hidraulice:<\/strong><\/p>\n<ol>\n<li style=\"list-style-type: none;\">\n<ul>\n<li>Conecta\u021bi conductele de alimentare hidraulic\u0103 la orificiile cilindrului, asigur\u00e2nd o etan\u0219are corespunz\u0103toare pentru a preveni scurgerile.<\/li>\n<li>Urma\u021bi recomand\u0103rile produc\u0103torului privind tipul de ulei hidraulic \u0219i umple\u021bi sistemul p\u00e2n\u0103 la nivelul recomandat.<\/li>\n<\/ul>\n<\/li>\n<\/ol>\n<p><strong>Opera\u021biune:<\/strong><\/p>\n<ul>\n<li style=\"list-style-type: none;\">\n<ul>\n<li>Activa\u021bi sistemul hidraulic \u0219i controla\u021bi mi\u0219carea cilindrului folosind o supap\u0103 de control hidraulic\u0103 sau alt mecanism de control adecvat.<\/li>\n<li>Regla\u021bi set\u0103rile de debit \u0219i presiune pentru a ob\u021bine viteza \u0219i for\u021ba de ie\u0219ire dorite.<\/li>\n<li>Monitoriza\u021bi periodic func\u021bionarea cilindrului hidraulic cu patru tije pentru a depista orice semne de comportament anormal, cum ar fi scurgeri, supra\u00eenc\u0103lzire sau zgomote neobi\u0219nuite.<\/li>\n<\/ul>\n<\/li>\n<\/ul>\n<h2><strong>Cercei spate cu rulment sferic cu patru tije cilindru hidraulic cu patru tije <\/strong><strong>\u00centre\u0163inere<\/strong><strong>:<\/strong><\/h2>\n<p><strong>Inspec\u021bie periodic\u0103:<\/strong><\/p>\n<ol>\n<li style=\"list-style-type: none;\">\n<ul>\n<li>Efectua\u021bi inspec\u021bii vizuale de rutin\u0103 pentru a verifica dac\u0103 exist\u0103 semne de uzur\u0103, scurgeri sau deteriorare.<\/li>\n<li>Inspecta\u021bi suprafe\u021bele tijei, garniturile \u0219i conexiunile de montare pentru anomalii \u0219i remedia\u021bi prompt orice problem\u0103.<\/li>\n<\/ul>\n<\/li>\n<\/ol>\n<p><strong>Lubrifiere:<\/strong><\/p>\n<ol>\n<li style=\"list-style-type: none;\">\n<ul>\n<li>Respecta\u021bi instruc\u021biunile produc\u0103torului privind intervalul de lubrifiere \u0219i utiliza\u021bi lubrifiantul recomandat pentru a asigura o func\u021bionare f\u0103r\u0103 probleme.<\/li>\n<li>Lubrifia\u021bi tijele, garniturile \u0219i alte piese mobile pentru a minimiza frecarea \u0219i a prelungi durata de via\u021b\u0103 a cilindrului hidraulic cu patru tije.<\/li>\n<\/ul>\n<\/li>\n<\/ol>\n<p><strong>\u00cenlocuirea garniturii:<\/strong><\/p>\n<ul>\n<li style=\"list-style-type: none;\">\n<ul>\n<li>\u00cen timp, garniturile se pot uza \u0219i pot necesita \u00eenlocuire. Dac\u0103 se detecteaz\u0103 o scurgere, scoate\u021bi cu grij\u0103 garnitura veche \u0219i instala\u021bi noua garnitur\u0103 conform specifica\u021biilor produc\u0103torului.<\/li>\n<\/ul>\n<\/li>\n<\/ul>\n<h2><strong>Cum se scot \u0219tifturile cilindrului hidraulic?<\/strong><\/h2>\n<p>Scoaterea \u0219tifturilor cilindrului hidraulic necesit\u0103 o manipulare atent\u0103 pentru a asigura siguran\u021ba \u0219i a preveni deteriorarea cilindrului sau a componentelor din jur. Iat\u0103 un ghid general pas cu pas despre cum se scot \u0219tifturile cilindrului hidraulic:<\/p>\n<ol>\n<li><strong>Preg\u0103ti\u021bi zona de lucru:<\/strong>\n<ul>\n<li>Asigura\u021bi-v\u0103 c\u0103 ave\u021bi o zon\u0103 de lucru curat\u0103 \u0219i bine iluminat\u0103.<\/li>\n<li>Purta\u021bi echipament individual de protec\u021bie adecvat, cum ar fi ochelari de protec\u021bie \u0219i m\u0103nu\u0219i.<\/li>\n<\/ul>\n<\/li>\n<li><strong>Elibera\u021bi presiunea hidraulic\u0103:<\/strong>\n<ul>\n<li>Dac\u0103 cilindrul face parte dintr-un sistem hidraulic activ, elibera\u021bi presiunea prin retragerea sau dezactivarea sistemului. Consulta\u021bi manualul echipamentului pentru instruc\u021biuni specifice.<\/li>\n<\/ul>\n<\/li>\n<li><strong>Fixa\u021bi cilindrul:<\/strong>\n<ul>\n<li>Folosi\u021bi un dispozitiv de ridicare sau un suport adecvat pentru a fixa cilindrul \u00een pozi\u021bie, asigur\u00e2ndu-v\u0103 c\u0103 este stabil \u0219i c\u0103 nu se va mi\u0219ca \u00een timpul procesului de scoatere a \u0219tiftului.<\/li>\n<\/ul>\n<\/li>\n<li><strong>Localiza\u021bi pinii:<\/strong>\n<ul>\n<li>Identifica\u021bi \u0219tifturile care trebuie \u00eendep\u0103rtate. Cilindrii hidraulici au de obicei \u0219tifturi la fiecare cap\u0103t care \u00eei conecteaz\u0103 la suporturile de montare sau la alte componente.<\/li>\n<\/ul>\n<\/li>\n<li><strong>Scoate\u021bi clemele de fixare:<\/strong>\n<ul>\n<li>Unele \u0219tifturi pot fi fixate cu cleme de fixare. Folosi\u021bi un cle\u0219te sau o unealt\u0103 adecvat\u0103 pentru a scoate clemele de fixare, av\u00e2nd grij\u0103 s\u0103 nu le deteriora\u021bi.<\/li>\n<\/ul>\n<\/li>\n<li><strong>Pozi\u021biona\u021bi un Punch sau o Drift:<\/strong>\n<ul>\n<li>Plasa\u021bi un perforator sau o unealt\u0103 de prindere pe cap\u0103tul \u0219tiftului. Asigura\u021bi-v\u0103 c\u0103 perforatorul sau unealta de prindere are dimensiunea potrivit\u0103 pentru a se \u00eencadra \u00een diametrul \u0219tiftului.<\/li>\n<\/ul>\n<\/li>\n<li><strong>Love\u0219te cu pumnul sau deriv\u0103:<\/strong>\n<ul>\n<li>Folosind un ciocan, lovi\u021bi cu grij\u0103 perforatorul sau unealta de deviere pentru a aplica for\u021b\u0103 asupra \u0219tiftului. \u00cencepe\u021bi cu lovituri u\u0219oare \u0219i cre\u0219te\u021bi treptat for\u021ba p\u00e2n\u0103 c\u00e2nd \u0219tiftul \u00eencepe s\u0103 se mi\u0219te.<\/li>\n<\/ul>\n<\/li>\n<li><strong>Scoate\u021bi \u0219tiftul:<\/strong>\n<ul>\n<li>Continua\u021bi s\u0103 lovi\u021bi perforatorul sau scula de deviere p\u00e2n\u0103 c\u00e2nd \u0219tiftul este complet scos. Aplica\u021bi for\u021ba uniform pentru a preveni \u00eendoirea sau deteriorarea \u0219tiftului.<\/li>\n<\/ul>\n<\/li>\n<li><strong>Repeta\u021bi procesul:<\/strong>\n<ul>\n<li>Dac\u0103 exist\u0103 mai mul\u021bi pini de \u00eendep\u0103rtat, repeta\u021bi pa\u0219ii 4-8 pentru fiecare pint\u0103 p\u00e2n\u0103 c\u00e2nd to\u021bi au fost extra\u0219i cu succes.<\/li>\n<\/ul>\n<\/li>\n<li><strong>Inspecta\u021bi pinii:<\/strong><\/li>\n<\/ol>\n<ul>\n<li>Dup\u0103 ce \u0219tifturile sunt scoase, inspecta\u021bi-le pentru a depista orice semne de uzur\u0103, deteriorare sau deformare. Dac\u0103 este necesar, cur\u0103\u021ba\u021bi sau \u00eenlocui\u021bi \u0219tifturile \u00eenainte de reinstalare.<\/li>\n<\/ul>\n<h2><strong>Capabilitatea \u0219i capacitatea fabricii:<\/strong><\/h2>\n<h3>(1) Montaj<\/h3>\n<p>Avem o platform\u0103 de asamblare independent\u0103 de cercetare \u0219i dezvoltare de prim\u0103 clas\u0103. Atelierul de produc\u021bie a cilindrilor hidraulici are patru linii de asamblare semiautomate pentru cilindri de ridicare \u0219i o linie de asamblare automat\u0103 a cilindrilor de \u00eenclinare, cu o capacitate de produc\u021bie anual\u0103 proiectat\u0103 de 1 milion de buc\u0103\u021bi. Atelierul de cilindri speciali este echipat cu diverse specifica\u021bii ale unui sistem de asamblare semi-automat de cur\u0103\u021bare, cu o capacitate de produc\u021bie anual\u0103 proiectat\u0103 de 200.000 \u0219i dotat cu echipamente celebre de prelucrare CNC, un centru de prelucrare, un echipament special de prelucrare a cilindrilor de \u00eenalt\u0103 precizie, o ma\u0219in\u0103 de sudur\u0103 robotizat\u0103, o ma\u0219in\u0103 de cur\u0103\u021bare automat\u0103, o ma\u0219in\u0103 de asamblare automat\u0103 a cilindrilor \u0219i o linie de produc\u021bie automat\u0103 de vopsire. Echipamente critice existente de peste 300 de seturi (seturi). Alocarea optim\u0103 \u0219i utilizarea eficient\u0103 a resurselor de echipamente asigur\u0103 cerin\u021bele de precizie ale produselor \u0219i satisface nevoile de \u00eenalt\u0103 calitate ale produselor.<\/p>\n<p><img loading=\"lazy\" decoding=\"async\" class=\"alignnone wp-image-626\" src=\"https:\/\/hydraulic-cylinders.net\/wp-content\/uploads\/2023\/08\/hydraulic-cylinder-product-1-300x158.webp\" alt=\"\" width=\"495\" height=\"260\" srcset=\"https:\/\/hydraulic-cylinders.net\/wp-content\/uploads\/2023\/08\/hydraulic-cylinder-product-1-300x158.webp 495w, https:\/\/hydraulic-cylinders.net\/wp-content\/uploads\/2023\/08\/hydraulic-cylinder-product-1-480x252.webp 480w\" sizes=\"(min-width: 0px) and (max-width: 480px) 480px, (min-width: 481px) 495px, 100vw\" \/> <img loading=\"lazy\" decoding=\"async\" class=\"alignnone wp-image-627\" src=\"https:\/\/hydraulic-cylinders.net\/wp-content\/uploads\/2023\/08\/hydraulic-cylinder-product-2-300x189.webp\" alt=\"\" width=\"413\" height=\"260\" \/><\/p>\n<h3>(2) Prelucrare<\/h3>\n<p>Atelierul de prelucrare este echipat cu un centru de strunjire cu \u0219in\u0103 \u00eenclinat\u0103 personalizat, un centru de prelucrare, o ma\u0219in\u0103 de honuire de mare vitez\u0103, un robot de sudur\u0103 \u0219i alte echipamente conexe, care pot gestiona prelucrarea tuburilor cilindrice cu un diametru interior maxim de 400 mm \u0219i o lungime maxim\u0103 de 6 metri.<\/p>\n<p><img loading=\"lazy\" decoding=\"async\" class=\"alignnone wp-image-628 size-large\" src=\"https:\/\/hydraulic-cylinders.net\/wp-content\/uploads\/2023\/08\/hydraulic-cylinder-product-3-1024x391.webp\" alt=\"\" width=\"1024\" height=\"391\" srcset=\"https:\/\/hydraulic-cylinders.net\/wp-content\/uploads\/2023\/08\/hydraulic-cylinder-product-3-980x374.webp 980w, https:\/\/hydraulic-cylinders.net\/wp-content\/uploads\/2023\/08\/hydraulic-cylinder-product-3-480x183.webp 480w\" sizes=\"(min-width: 0px) and (max-width: 480px) 480px, (min-width: 481px) and (max-width: 980px) 980px, (min-width: 981px) 1024px, 100vw\" \/><\/p>\n<h3>(3) Sudur\u0103<\/h3>\n<p><img loading=\"lazy\" decoding=\"async\" class=\"alignnone wp-image-629 size-large\" src=\"https:\/\/hydraulic-cylinders.net\/wp-content\/uploads\/2023\/08\/hydraulic-cylinder-product-4-1024x510.webp\" alt=\"\" width=\"1024\" height=\"510\" srcset=\"https:\/\/hydraulic-cylinders.net\/wp-content\/uploads\/2023\/08\/hydraulic-cylinder-product-4-980x488.webp 980w, https:\/\/hydraulic-cylinders.net\/wp-content\/uploads\/2023\/08\/hydraulic-cylinder-product-4-480x239.webp 480w\" sizes=\"(min-width: 0px) and (max-width: 480px) 480px, (min-width: 481px) and (max-width: 980px) 980px, (min-width: 981px) 1024px, 100vw\" \/><\/p>\n<h3>(4) Vopsire \u0219i acoperire<\/h3>\n<p>Cu linii automate de acoperire cu vopsea pe baz\u0103 de ap\u0103 cu cilindru de dimensiuni mici \u0219i medii, pentru a realiza \u00eenc\u0103rcarea \u0219i desc\u0103rcarea automat\u0103 a robotului \u0219i pulverizarea automat\u0103, capacitatea de proiectare de 4000 de buc\u0103\u021bi pe schimb;<br \/>\nAvem, de asemenea, o linie de produc\u021bie semi-automat\u0103 de vopsire pentru cilindri mari, ac\u021bionat\u0103 de un lan\u021b de putere, cu o capacitate de proiectare de 60 de cutii pe schimb.<\/p>\n<p><img loading=\"lazy\" decoding=\"async\" class=\"alignnone wp-image-630\" src=\"https:\/\/hydraulic-cylinders.net\/wp-content\/uploads\/2023\/08\/hydraulic-cylinder-product-5-300x213.webp\" alt=\"\" width=\"366\" height=\"260\" \/> <img loading=\"lazy\" decoding=\"async\" class=\"alignnone wp-image-631\" src=\"https:\/\/hydraulic-cylinders.net\/wp-content\/uploads\/2023\/08\/hydraulic-cylinder-product-6-300x225.webp\" alt=\"\" width=\"347\" height=\"260\" \/><\/p>\n<h3>(5) Testarea<\/h3>\n<p>Dispunem de instala\u021bii de inspec\u021bie \u0219i bancuri de testare de prim\u0103 clas\u0103 pentru a ne asigura c\u0103 performan\u021ba cilindrului \u00eendepline\u0219te cerin\u021bele.<\/p>\n<p><img loading=\"lazy\" decoding=\"async\" class=\"alignnone wp-image-632\" src=\"https:\/\/hydraulic-cylinders.net\/wp-content\/uploads\/2023\/08\/hydraulic-cylinder-product-8-300x200.webp\" alt=\"\" width=\"389\" height=\"260\" \/><\/p>\n<p>&nbsp;<\/p>\n<p>&nbsp;<\/p>\n<p>Suntem unul dintre cei mai buni produc\u0103tori de cilindri hidraulici cu patru tije u\u0219oare. Putem oferi un stoc cuprinz\u0103tor de cilindri hidraulici cu patru tije u\u0219oare. De asemenea, furniz\u0103m <a href=\"https:\/\/hzpt.com\/agricultural-pto-gearbox\/\" target=\"_blank\" rel=\"noopener\">cutii de viteze agricole<\/a>. Am exportat produsele noastre c\u0103tre clien\u021bi din \u00eentreaga lume \u0219i am c\u00e2\u0219tigat o bun\u0103 reputa\u021bie datorit\u0103 calit\u0103\u021bii superioare a produselor noastre \u0219i a serviciilor post-v\u00e2nzare. Salut\u0103m c\u0103lduros clien\u021bii at\u00e2t din \u021bar\u0103, c\u00e2t \u0219i din str\u0103in\u0103tate s\u0103 ne contacteze pentru a negocia afaceri, a face schimb de informa\u021bii \u0219i a\u00a0<a href=\"https:\/\/www.hydraulic-cylinders.net\/ro\/contact-us\/\">s\u0103 coopereze cu noi<\/a>!<\/p>\n<h2><\/h2>\n<h2><\/h2>","protected":false},"excerpt":{"rendered":"<p>Rear Earring With Spherical Bearing Four Rod Hydraulic Cylinder The rear earring with a spherical bearing four rod hydraulic cylinder is an innovative hydraulic element designed to provide superior performance and versatility in various industrial applications. With its unique rear earring design, spherical bearings, and four rod configuration, this four rod hydraulic cylinder offers enhanced [&hellip;]<\/p>","protected":false},"featured_media":1006,"comment_status":"open","ping_status":"closed","template":"","meta":{"_et_pb_use_builder":"","_et_pb_old_content":"","_et_gb_content_width":""},"product_brand":[],"product_cat":[1376,1386],"product_tag":[1380],"class_list":{"0":"post-1003","1":"product","2":"type-product","3":"status-publish","4":"has-post-thumbnail","6":"product_cat-hydraulic-cylinder","7":"product_cat-four-rod-hydraulic-cylinder","8":"product_tag-hydraulic-cylinder","10":"first","11":"instock","12":"shipping-taxable","13":"product-type-simple"},"amp_enabled":true,"_links":{"self":[{"href":"https:\/\/www.hydraulic-cylinders.net\/ro\/wp-json\/wp\/v2\/product\/1003","targetHints":{"allow":["GET"]}}],"collection":[{"href":"https:\/\/www.hydraulic-cylinders.net\/ro\/wp-json\/wp\/v2\/product"}],"about":[{"href":"https:\/\/www.hydraulic-cylinders.net\/ro\/wp-json\/wp\/v2\/types\/product"}],"replies":[{"embeddable":true,"href":"https:\/\/www.hydraulic-cylinders.net\/ro\/wp-json\/wp\/v2\/comments?post=1003"}],"wp:featuredmedia":[{"embeddable":true,"href":"https:\/\/www.hydraulic-cylinders.net\/ro\/wp-json\/wp\/v2\/media\/1006"}],"wp:attachment":[{"href":"https:\/\/www.hydraulic-cylinders.net\/ro\/wp-json\/wp\/v2\/media?parent=1003"}],"wp:term":[{"taxonomy":"product_brand","embeddable":true,"href":"https:\/\/www.hydraulic-cylinders.net\/ro\/wp-json\/wp\/v2\/product_brand?post=1003"},{"taxonomy":"product_cat","embeddable":true,"href":"https:\/\/www.hydraulic-cylinders.net\/ro\/wp-json\/wp\/v2\/product_cat?post=1003"},{"taxonomy":"product_tag","embeddable":true,"href":"https:\/\/www.hydraulic-cylinders.net\/ro\/wp-json\/wp\/v2\/product_tag?post=1003"}],"curies":[{"name":"wp","href":"https:\/\/api.w.org\/{rel}","templated":true}]}}