{"id":1012,"date":"2023-09-07T02:00:53","date_gmt":"2023-09-07T02:00:53","guid":{"rendered":"https:\/\/hydraulic-cylinders.net\/?post_type=product&#038;p=1012"},"modified":"2023-09-19T01:36:49","modified_gmt":"2023-09-19T01:36:49","slug":"rear-cover-trunnion-four-rod-hydraulic-cylinder","status":"publish","type":"product","link":"https:\/\/www.hydraulic-cylinders.net\/ro\/produs\/rear-cover-trunnion-four-rod-hydraulic-cylinder\/","title":{"rendered":"Capacul din spate Buton cu patru tije Cilindru hidraulic cu patru tije"},"content":{"rendered":"<h1 style=\"text-align: center;\"><strong>Capacul din spate Buton cu patru tije Cilindru hidraulic cu patru tije<\/strong><\/h1>\n<p><img loading=\"lazy\" decoding=\"async\" class=\"size-full wp-image-1013 aligncenter\" src=\"https:\/\/hydraulic-cylinders.net\/wp-content\/uploads\/2023\/09\/rear-cover-trunnion-four-rod-hydraulic-cylinder-1-1.webp\" alt=\"\" width=\"231\" height=\"231\" srcset=\"https:\/\/www.hydraulic-cylinders.net\/wp-content\/uploads\/2023\/09\/rear-cover-trunnion-four-rod-hydraulic-cylinder-1-1.webp 231w, https:\/\/www.hydraulic-cylinders.net\/wp-content\/uploads\/2023\/09\/rear-cover-trunnion-four-rod-hydraulic-cylinder-1-1-100x100.webp 100w, https:\/\/www.hydraulic-cylinders.net\/wp-content\/uploads\/2023\/09\/rear-cover-trunnion-four-rod-hydraulic-cylinder-1-1-150x150.webp 150w, https:\/\/www.hydraulic-cylinders.net\/wp-content\/uploads\/2023\/09\/rear-cover-trunnion-four-rod-hydraulic-cylinder-1-1-12x12.webp 12w\" sizes=\"(max-width: 231px) 100vw, 231px\" \/><\/p>\n<p>Cilindrul hidraulic cu patru tije \u0219i ax posterior este o component\u0103 de ultim\u0103 genera\u021bie, conceput\u0103 pentru a oferi putere excep\u021bional\u0103, control precis \u0219i performan\u021be de neegalat \u00een diverse aplica\u021bii industriale. Cu designul inovator al axului posterior \u0219i configura\u021bia cu patru tije, acest cilindru hidraulic cu patru tije ofer\u0103 stabilitate, durabilitate \u0219i capacitate portant\u0103 sporite, ceea ce \u00eel face un atu indispensabil \u00een sistemele hidraulice solicitante.<\/p>\n<p>Caracteristicile esen\u021biale ale cilindrului hidraulic cu patru tije:<\/p>\n<p><strong>Designul trunchiului capacului spate:<\/strong><\/p>\n<ol>\n<li style=\"list-style-type: none;\">\n<ul>\n<li>Designul pivotant al capacului posterior ofer\u0103 o solu\u021bie de instalare sigur\u0103 \u0219i eficient\u0103, care asigur\u0103 o func\u021bionare fiabil\u0103 chiar \u0219i \u00een condi\u021bii de sarcin\u0103 mare \u0219i extrem\u0103.<\/li>\n<li>Simplific\u0103 instalarea \u0219i poate fi integrat cu u\u0219urin\u021b\u0103 \u00een diverse sisteme sau echipamente hidraulice.<\/li>\n<\/ul>\n<\/li>\n<\/ol>\n<p><strong>Configura\u021bie cu patru tije:<\/strong><\/p>\n<ol>\n<li style=\"list-style-type: none;\">\n<ul>\n<li>Configura\u021bia cu patru tije \u00eembun\u0103t\u0103\u021be\u0219te capacitatea portant\u0103 a cilindrului hidraulic cu patru tije \u0219i asigur\u0103 o stabilitate optim\u0103 \u0219i o pozi\u021bionare precis\u0103.<\/li>\n<li>Acesta permite cilindrului hidraulic cu patru tije s\u0103 reziste eficient la sarcinile laterale, oferind o rezisten\u021b\u0103 excep\u021bional\u0103 la torsiune \u0219i for\u021be laterale.<\/li>\n<\/ul>\n<\/li>\n<\/ol>\n<p><strong>Putere mare de ie\u0219ire:<\/strong><\/p>\n<ol>\n<li style=\"list-style-type: none;\">\n<ul>\n<li>Acest cilindru hidraulic cu patru tije are o putere impresionant\u0103, permi\u021b\u00e2ndu-i s\u0103 manipuleze cu u\u0219urin\u021b\u0103 sarcini grele.<\/li>\n<li>Ofer\u0103 putere \u0219i \u00eempingere superioare, fiind potrivit pentru aplica\u021bii care necesit\u0103 mult\u0103 for\u021b\u0103 \u0219i capacitate de ridicare.<\/li>\n<\/ul>\n<\/li>\n<\/ol>\n<p><strong>Control precis:<\/strong><\/p>\n<ul>\n<li style=\"list-style-type: none;\">\n<ul>\n<li>Cilindrul hidraulic cu patru tije cu fus de articula\u021bie al capacului posterior ofer\u0103 un control precis al mi\u0219c\u0103rii liniare pentru a asigura o pozi\u021bionare precis\u0103 \u0219i o func\u021bionare lin\u0103.<\/li>\n<li>Ofer\u0103 un control excelent al cursei, permi\u021b\u00e2nd operatorilor s\u0103 ating\u0103 viteza \u0219i precizia necesare pentru sarcini specifice.<\/li>\n<\/ul>\n<\/li>\n<\/ul>\n<h2><strong>Parametrul cilindrului hidraulic cu patru tije cu ax posterior al capacului:<\/strong><\/h2>\n<p><img loading=\"lazy\" decoding=\"async\" class=\"alignnone wp-image-1010 size-full\" src=\"https:\/\/hydraulic-cylinders.net\/wp-content\/uploads\/2023\/09\/rear-cover-rectangular-flange-four-rod-hydraulic-cylinder-2.webp\" alt=\"\" width=\"655\" height=\"197\" srcset=\"https:\/\/hydraulic-cylinders.net\/wp-content\/uploads\/2023\/09\/rear-cover-rectangular-flange-four-rod-hydraulic-cylinder-2.webp 655w, https:\/\/hydraulic-cylinders.net\/wp-content\/uploads\/2023\/09\/rear-cover-rectangular-flange-four-rod-hydraulic-cylinder-2-480x144.webp 480w\" sizes=\"(min-width: 0px) and (max-width: 480px) 480px, (min-width: 481px) 655px, 100vw\" \/><\/p>\n<p><img loading=\"lazy\" decoding=\"async\" class=\"alignnone wp-image-1033 size-full\" src=\"https:\/\/hydraulic-cylinders.net\/wp-content\/uploads\/2023\/09\/d-db-dd-four-rod-hydraulic-cylinder.webp\" alt=\"\" width=\"655\" height=\"249\" srcset=\"https:\/\/hydraulic-cylinders.net\/wp-content\/uploads\/2023\/09\/d-db-dd-four-rod-hydraulic-cylinder.webp 655w, https:\/\/hydraulic-cylinders.net\/wp-content\/uploads\/2023\/09\/d-db-dd-four-rod-hydraulic-cylinder-480x182.webp 480w\" sizes=\"(min-width: 0px) and (max-width: 480px) 480px, (min-width: 481px) 655px, 100vw\" \/><\/p>\n<h2><strong>Capacul din spate Buton cu patru tije Cilindru hidraulic cu patru tije <\/strong><strong>Metod\u0103 de utilizare<\/strong><strong>:<\/strong><\/h2>\n<p><strong>Montare \u0219i instalare:<\/strong><\/p>\n<ol>\n<li style=\"list-style-type: none;\">\n<ul>\n<li>Lua\u021bi \u00een considerare cerin\u021bele de sarcin\u0103 \u0219i constr\u00e2ngerile de spa\u021biu pentru a determina loca\u021bia adecvat\u0103 de instalare a cilindrului hidraulic \u00een cadrul sistemului sau echipamentului.<\/li>\n<li>Asigura\u021bi-v\u0103 c\u0103 suprafa\u021ba de montare este curat\u0103, plan\u0103 \u0219i capabil\u0103 s\u0103 sus\u021bin\u0103 greutatea cilindrului.<\/li>\n<li>A\u0219eza\u021bi pivoturile capacului din spate la acela\u0219i nivel cu fa\u021ba de montare \u0219i fixa\u021bi-le folosind \u0219uruburile sau elementele de fixare recomandate.<\/li>\n<\/ul>\n<\/li>\n<\/ol>\n<p><strong>Conexiuni hidraulice:<\/strong><\/p>\n<ol>\n<li style=\"list-style-type: none;\">\n<ul>\n<li>Conecta\u021bi conducta de alimentare a cilindrului hidraulic cu patru tije la orificiul cilindrului pentru a asigura o etan\u0219are corespunz\u0103toare \u0219i a preveni scurgerile.<\/li>\n<li>Urma\u021bi recomand\u0103rile produc\u0103torului privind tipul de ulei hidraulic \u0219i umple\u021bi sistemul p\u00e2n\u0103 la nivelul recomandat.<\/li>\n<\/ul>\n<\/li>\n<\/ol>\n<p><strong>Opera\u021biune:<\/strong><\/p>\n<ul>\n<li style=\"list-style-type: none;\">\n<ul>\n<li>Activa\u021bi sistemul hidraulic \u0219i controla\u021bi mi\u0219carea cilindrului folosind o supap\u0103 de control hidraulic\u0103 sau alt mecanism de control adecvat.<\/li>\n<li>Regla\u021bi set\u0103rile de debit \u0219i presiune pentru a ob\u021bine viteza \u0219i for\u021ba de ie\u0219ire dorite.<\/li>\n<li>Monitoriza\u021bi periodic func\u021bionarea cilindrului pentru a depista orice semne de comportament anormal, cum ar fi scurgeri, supra\u00eenc\u0103lzire sau zgomote neobi\u0219nuite.<\/li>\n<\/ul>\n<\/li>\n<\/ul>\n<h2><strong>\u00centre\u021binerea cilindrului hidraulic cu patru tije cu capac spate Trunnion<\/strong><strong>:<\/strong><\/h2>\n<ol>\n<li><strong>Inspec\u021bie periodic\u0103:<\/strong>\n<ul>\n<li>Efectua\u021bi inspec\u021bii vizuale de rutin\u0103 pentru a verifica dac\u0103 exist\u0103 semne de uzur\u0103, scurgeri sau deterior\u0103ri.<\/li>\n<li>Inspecta\u021bi suprafa\u021ba tijei, garniturile \u0219i conexiunile de montare pentru orice anomalii \u0219i remedia\u021bi prompt orice problem\u0103.<\/li>\n<\/ul>\n<\/li>\n<li><strong>Lubrifiere:<\/strong>\n<ul>\n<li>Follow the manufacturer&#8217;s guidelines for lubrication intervals and use a recommended lubricant to ensure smooth operation.<\/li>\n<li>Apply lubrication to the rod, seals, and other moving parts to minimize friction and extend the cylinder&#8217;s lifespan.<\/li>\n<\/ul>\n<\/li>\n<li><strong>\u00cenlocuirea garniturii:<\/strong>\n<ul>\n<li>Over time, seals may wear out and require replacement. If leakage is detected, carefully remove the old seals and install new ones according to the manufacturer&#8217;s specifications.<\/li>\n<\/ul>\n<\/li>\n<\/ol>\n<h2><strong>Cum reconstruie\u0219ti un cilindru hidraulic?<\/strong><\/h2>\n<p>Rebuilding a hydraulic cylinder involves disassembling the cylinder, inspecting its components, replacing worn or damaged parts, and reassembling it to restore its functionality. Here&#8217;s a general step-by-step guide on how to rebuild a hydraulic cylinder:<\/p>\n<ol>\n<li><strong>Adun\u0103 uneltele \u0219i echipamentul necesar:<\/strong>\n<ul>\n<li>\u00cenainte de a \u00eencepe procesul de reconstruc\u021bie, aduna\u021bi uneltele necesare, cum ar fi chei, cle\u0219ti, un ciocan de cauciuc, o unealt\u0103 pentru honuire cilindru, garnituri \u0219i inele O noi, un instrument de instalare a garniturilor \u0219i un kit de reparare a cilindrului hidraulic.<\/li>\n<\/ul>\n<\/li>\n<li><strong>M\u0103suri de siguran\u021b\u0103:<\/strong>\n<ul>\n<li>Asigura\u021bi-v\u0103 c\u0103 sistemul hidraulic este depresurizat \u0219i c\u0103 cilindrul este deconectat de la orice surs\u0103 de alimentare.<\/li>\n<li>Folosi\u021bi echipament de protec\u021bie (EIP) adecvat, cum ar fi m\u0103nu\u0219i \u0219i ochelari de protec\u021bie, pentru a v\u0103 proteja \u00een timpul reconstruc\u021biei.<\/li>\n<\/ul>\n<\/li>\n<li><strong>Demontarea cilindrului:<\/strong>\n<ul>\n<li>Scoate\u021bi cilindrul hidraulic din echipament sau sistem.<\/li>\n<li>Demonta\u021bi cu grij\u0103 cilindrul, \u00eencep\u00e2nd cu scoaterea capacelor de cap\u0103t sau a inelelor de fixare.<\/li>\n<li>Elibera\u021bi presiunea din interiorul cilindrului retr\u0103g\u00e2nd complet tija.<\/li>\n<li>Re\u021bine\u021bi secven\u021ba componentelor demontate pentru o reasamblare precis\u0103.<\/li>\n<\/ul>\n<\/li>\n<li><strong>Inspec\u021bia componentelor:<\/strong>\n<ul>\n<li>Inspecta\u021bi toate componentele cilindrului, inclusiv tija, pistonul, garniturile \u0219i rulmen\u021bii, pentru a depista semne de uzur\u0103, deteriorare sau coroziune.<\/li>\n<li>M\u0103sura\u021bi dimensiunile componentelor critice, cum ar fi diametrul tijei \u0219i al alezajului, pentru a v\u0103 asigura c\u0103 acestea se \u00eencadreaz\u0103 \u00een specifica\u021bii.<\/li>\n<li>Acorda\u021bi o aten\u021bie deosebit\u0103 st\u0103rii garniturilor \u0219i inelelor O, deoarece acestea sunt surse obi\u0219nuite de probleme ale cilindrilor hidraulici.<\/li>\n<\/ul>\n<\/li>\n<li><strong>\u00cenlocuirea pieselor uzate sau deteriorate:<\/strong>\n<ul>\n<li>\u00cenlocui\u021bi orice garnituri, inele O sau alte componente deteriorate identificate \u00een timpul inspec\u021biei.<\/li>\n<li>Asigura\u021bi-v\u0103 c\u0103 piesele de schimb sunt compatibile cu modelul cilindrului \u0219i \u00eendeplinesc specifica\u021biile necesare.<\/li>\n<li>Unge\u021bi noile garnituri sau inele O cu ulei hidraulic \u00eenainte de instalare.<\/li>\n<\/ul>\n<\/li>\n<li><strong>Reasamblarea cilindrului:<\/strong>\n<ul>\n<li>Cur\u0103\u021ba\u021bi temeinic toate componentele dezasamblate pentru a \u00eendep\u0103rta orice murd\u0103rie sau resturi.<\/li>\n<li>Aplica\u021bi o pelicul\u0103 sub\u021bire de ulei hidraulic pe componente \u00een timpul reasambl\u0103rii pentru a asigura lubrifierea.<\/li>\n<li>Follow the manufacturer&#8217;s instructions or repair manual to ensure correct fastener reassembly and torque specifications.<\/li>\n<\/ul>\n<\/li>\n<li><strong>Testare \u0219i instalare:<\/strong>\n<ul>\n<li>Dup\u0103 ce cilindrul este reasamblat, testa\u021bi func\u021bionalitatea acestuia aplic\u00e2nd presiune hidraulic\u0103.<\/li>\n<li>Verifica\u021bi dac\u0103 exist\u0103 scurgeri, zgomote anormale sau mi\u0219c\u0103ri neregulate \u00een timpul test\u0103rii.<\/li>\n<li>Dac\u0103 cilindrul func\u021bioneaz\u0103 f\u0103r\u0103 probleme, acesta poate fi reinstalat \u00een echipament sau sistem.<\/li>\n<\/ul>\n<\/li>\n<\/ol>\n<h2><strong>Capabilitatea \u0219i capacitatea fabricii:<\/strong><\/h2>\n<h3>(1) Montaj<\/h3>\n<p>Avem o platform\u0103 de asamblare independent\u0103 de cercetare \u0219i dezvoltare de prim\u0103 clas\u0103. Atelierul de produc\u021bie a cilindrilor hidraulici are patru linii de asamblare semiautomate pentru cilindri de ridicare \u0219i o linie de asamblare automat\u0103 a cilindrilor de \u00eenclinare, cu o capacitate de produc\u021bie anual\u0103 proiectat\u0103 de 1 milion de buc\u0103\u021bi. Atelierul de cilindri speciali este echipat cu diverse specifica\u021bii ale unui sistem de asamblare semi-automat de cur\u0103\u021bare, cu o capacitate de produc\u021bie anual\u0103 proiectat\u0103 de 200.000 \u0219i dotat cu echipamente celebre de prelucrare CNC, un centru de prelucrare, un echipament special de prelucrare a cilindrilor de \u00eenalt\u0103 precizie, o ma\u0219in\u0103 de sudur\u0103 robotizat\u0103, o ma\u0219in\u0103 de cur\u0103\u021bare automat\u0103, o ma\u0219in\u0103 de asamblare automat\u0103 a cilindrilor \u0219i o linie de produc\u021bie automat\u0103 de vopsire. Echipamente critice existente de peste 300 de seturi (seturi). Alocarea optim\u0103 \u0219i utilizarea eficient\u0103 a resurselor de echipamente asigur\u0103 cerin\u021bele de precizie ale produselor \u0219i satisface nevoile de \u00eenalt\u0103 calitate ale produselor.<\/p>\n<p><img loading=\"lazy\" decoding=\"async\" class=\"alignnone wp-image-626\" src=\"https:\/\/hydraulic-cylinders.net\/wp-content\/uploads\/2023\/08\/hydraulic-cylinder-product-1-300x158.webp\" alt=\"\" width=\"495\" height=\"260\" srcset=\"https:\/\/hydraulic-cylinders.net\/wp-content\/uploads\/2023\/08\/hydraulic-cylinder-product-1-300x158.webp 495w, https:\/\/hydraulic-cylinders.net\/wp-content\/uploads\/2023\/08\/hydraulic-cylinder-product-1-480x252.webp 480w\" sizes=\"(min-width: 0px) and (max-width: 480px) 480px, (min-width: 481px) 495px, 100vw\" \/> <img loading=\"lazy\" decoding=\"async\" class=\"alignnone wp-image-627\" src=\"https:\/\/hydraulic-cylinders.net\/wp-content\/uploads\/2023\/08\/hydraulic-cylinder-product-2-300x189.webp\" alt=\"\" width=\"413\" height=\"260\" \/><\/p>\n<h3>(2) Prelucrare<\/h3>\n<p>Atelierul de prelucrare este echipat cu un centru de strunjire cu \u0219in\u0103 \u00eenclinat\u0103 personalizat, un centru de prelucrare, o ma\u0219in\u0103 de honuire de mare vitez\u0103, un robot de sudur\u0103 \u0219i alte echipamente conexe, care pot gestiona prelucrarea tuburilor cilindrice cu un diametru interior maxim de 400 mm \u0219i o lungime maxim\u0103 de 6 metri.<\/p>\n<p><img loading=\"lazy\" decoding=\"async\" class=\"alignnone wp-image-628 size-large\" src=\"https:\/\/hydraulic-cylinders.net\/wp-content\/uploads\/2023\/08\/hydraulic-cylinder-product-3-1024x391.webp\" alt=\"\" width=\"1024\" height=\"391\" srcset=\"https:\/\/hydraulic-cylinders.net\/wp-content\/uploads\/2023\/08\/hydraulic-cylinder-product-3-980x374.webp 980w, https:\/\/hydraulic-cylinders.net\/wp-content\/uploads\/2023\/08\/hydraulic-cylinder-product-3-480x183.webp 480w\" sizes=\"(min-width: 0px) and (max-width: 480px) 480px, (min-width: 481px) and (max-width: 980px) 980px, (min-width: 981px) 1024px, 100vw\" \/><\/p>\n<h3>(3) Sudur\u0103<\/h3>\n<p><img loading=\"lazy\" decoding=\"async\" class=\"alignnone wp-image-629 size-large\" src=\"https:\/\/hydraulic-cylinders.net\/wp-content\/uploads\/2023\/08\/hydraulic-cylinder-product-4-1024x510.webp\" alt=\"\" width=\"1024\" height=\"510\" srcset=\"https:\/\/hydraulic-cylinders.net\/wp-content\/uploads\/2023\/08\/hydraulic-cylinder-product-4-980x488.webp 980w, https:\/\/hydraulic-cylinders.net\/wp-content\/uploads\/2023\/08\/hydraulic-cylinder-product-4-480x239.webp 480w\" sizes=\"(min-width: 0px) and (max-width: 480px) 480px, (min-width: 481px) and (max-width: 980px) 980px, (min-width: 981px) 1024px, 100vw\" \/><\/p>\n<h3>(4) Vopsire \u0219i acoperire<\/h3>\n<p>Cu linii automate de acoperire cu vopsea pe baz\u0103 de ap\u0103 cu cilindru de dimensiuni mici \u0219i medii, pentru a realiza \u00eenc\u0103rcarea \u0219i desc\u0103rcarea automat\u0103 a robotului \u0219i pulverizarea automat\u0103, capacitatea de proiectare de 4000 de buc\u0103\u021bi pe schimb;<br \/>\nAvem, de asemenea, o linie de produc\u021bie semi-automat\u0103 de vopsire pentru cilindri mari, ac\u021bionat\u0103 de un lan\u021b de putere, cu o capacitate de proiectare de 60 de cutii pe schimb.<\/p>\n<p><img loading=\"lazy\" decoding=\"async\" class=\"alignnone wp-image-630\" src=\"https:\/\/hydraulic-cylinders.net\/wp-content\/uploads\/2023\/08\/hydraulic-cylinder-product-5-300x213.webp\" alt=\"\" width=\"366\" height=\"260\" \/> <img loading=\"lazy\" decoding=\"async\" class=\"alignnone wp-image-631\" src=\"https:\/\/hydraulic-cylinders.net\/wp-content\/uploads\/2023\/08\/hydraulic-cylinder-product-6-300x225.webp\" alt=\"\" width=\"347\" height=\"260\" \/><\/p>\n<h3>(5) Testarea<\/h3>\n<p>Dispunem de instala\u021bii de inspec\u021bie \u0219i bancuri de testare de prim\u0103 clas\u0103 pentru a ne asigura c\u0103 performan\u021ba cilindrului \u00eendepline\u0219te cerin\u021bele.<\/p>\n<p><img loading=\"lazy\" decoding=\"async\" class=\"alignnone wp-image-632\" src=\"https:\/\/hydraulic-cylinders.net\/wp-content\/uploads\/2023\/08\/hydraulic-cylinder-product-8-300x200.webp\" alt=\"\" width=\"389\" height=\"260\" \/><\/p>\n<p>&nbsp;<\/p>\n<p>&nbsp;<\/p>\n<p>Suntem unul dintre cei mai buni produc\u0103tori de cilindri hidraulici cu patru tije u\u0219oare. Putem oferi un stoc cuprinz\u0103tor de cilindri hidraulici cu patru tije u\u0219oare. De asemenea, furniz\u0103m <a href=\"https:\/\/hzpt.com\/agricultural-pto-gearbox\/\" target=\"_blank\" rel=\"noopener\">cutii de viteze agricole<\/a>. Am exportat produsele noastre c\u0103tre clien\u021bi din \u00eentreaga lume \u0219i am c\u00e2\u0219tigat o bun\u0103 reputa\u021bie datorit\u0103 calit\u0103\u021bii superioare a produselor noastre \u0219i a serviciilor post-v\u00e2nzare. Salut\u0103m c\u0103lduros clien\u021bii at\u00e2t din \u021bar\u0103, c\u00e2t \u0219i din str\u0103in\u0103tate s\u0103 ne contacteze pentru a negocia afaceri, a face schimb de informa\u021bii \u0219i a\u00a0<a href=\"https:\/\/www.hydraulic-cylinders.net\/ro\/contact-us\/\">s\u0103 coopereze cu noi<\/a>!<\/p>\n<h2><\/h2>\n<h2><\/h2>\n<h2><\/h2>","protected":false},"excerpt":{"rendered":"<p>Rear Cover Trunnion Four Rod Hydraulic Cylinder The rear cover trunnion four rod hydraulic cylinder is a cutting-edge component designed to provide exceptional power, precise control, and unmatched performance in various industrial applications. With its innovative rear cover trunnion design and four rod configuration, this four rod hydraulic cylinder offers enhanced stability, durability, and load-bearing [&hellip;]<\/p>","protected":false},"featured_media":1039,"comment_status":"open","ping_status":"closed","template":"","meta":{"_et_pb_use_builder":"","_et_pb_old_content":"","_et_gb_content_width":""},"product_brand":[],"product_cat":[1376,1386],"product_tag":[1380],"class_list":{"0":"post-1012","1":"product","2":"type-product","3":"status-publish","4":"has-post-thumbnail","6":"product_cat-hydraulic-cylinder","7":"product_cat-four-rod-hydraulic-cylinder","8":"product_tag-hydraulic-cylinder","10":"first","11":"instock","12":"shipping-taxable","13":"product-type-simple"},"amp_enabled":true,"_links":{"self":[{"href":"https:\/\/www.hydraulic-cylinders.net\/ro\/wp-json\/wp\/v2\/product\/1012","targetHints":{"allow":["GET"]}}],"collection":[{"href":"https:\/\/www.hydraulic-cylinders.net\/ro\/wp-json\/wp\/v2\/product"}],"about":[{"href":"https:\/\/www.hydraulic-cylinders.net\/ro\/wp-json\/wp\/v2\/types\/product"}],"replies":[{"embeddable":true,"href":"https:\/\/www.hydraulic-cylinders.net\/ro\/wp-json\/wp\/v2\/comments?post=1012"}],"wp:featuredmedia":[{"embeddable":true,"href":"https:\/\/www.hydraulic-cylinders.net\/ro\/wp-json\/wp\/v2\/media\/1039"}],"wp:attachment":[{"href":"https:\/\/www.hydraulic-cylinders.net\/ro\/wp-json\/wp\/v2\/media?parent=1012"}],"wp:term":[{"taxonomy":"product_brand","embeddable":true,"href":"https:\/\/www.hydraulic-cylinders.net\/ro\/wp-json\/wp\/v2\/product_brand?post=1012"},{"taxonomy":"product_cat","embeddable":true,"href":"https:\/\/www.hydraulic-cylinders.net\/ro\/wp-json\/wp\/v2\/product_cat?post=1012"},{"taxonomy":"product_tag","embeddable":true,"href":"https:\/\/www.hydraulic-cylinders.net\/ro\/wp-json\/wp\/v2\/product_tag?post=1012"}],"curies":[{"name":"wp","href":"https:\/\/api.w.org\/{rel}","templated":true}]}}