{"id":1019,"date":"2023-09-07T03:16:54","date_gmt":"2023-09-07T03:16:54","guid":{"rendered":"https:\/\/hydraulic-cylinders.net\/?post_type=product&#038;p=1019"},"modified":"2023-09-19T01:36:32","modified_gmt":"2023-09-19T01:36:32","slug":"double-pistion-rod-hydraulic-cylinder","status":"publish","type":"product","link":"https:\/\/www.hydraulic-cylinders.net\/ro\/produs\/double-pistion-rod-hydraulic-cylinder\/","title":{"rendered":"Cilindru hidraulic cu tij\u0103 de piston dublu"},"content":{"rendered":"<h1 style=\"text-align: center;\"><strong>Cilindru hidraulic cu tij\u0103 de piston dublu<\/strong><\/h1>\n<p><img loading=\"lazy\" decoding=\"async\" class=\"size-full wp-image-1022 aligncenter\" src=\"https:\/\/hydraulic-cylinders.net\/wp-content\/uploads\/2023\/09\/double-piston-rod-hydraulic-cylinder-1-1.webp\" alt=\"\" width=\"281\" height=\"281\" srcset=\"https:\/\/www.hydraulic-cylinders.net\/wp-content\/uploads\/2023\/09\/double-piston-rod-hydraulic-cylinder-1-1.webp 281w, https:\/\/www.hydraulic-cylinders.net\/wp-content\/uploads\/2023\/09\/double-piston-rod-hydraulic-cylinder-1-1-100x100.webp 100w, https:\/\/www.hydraulic-cylinders.net\/wp-content\/uploads\/2023\/09\/double-piston-rod-hydraulic-cylinder-1-1-150x150.webp 150w, https:\/\/www.hydraulic-cylinders.net\/wp-content\/uploads\/2023\/09\/double-piston-rod-hydraulic-cylinder-1-1-12x12.webp 12w\" sizes=\"(max-width: 281px) 100vw, 281px\" \/><\/p>\n<p>Cilindrul hidraulic cu tij\u0103 dubl\u0103 a pistonului este un element hidraulic de ultim\u0103 genera\u021bie, conceput pentru a oferi putere, stabilitate \u0219i versatilitate superioare pentru o gam\u0103 larg\u0103 de aplica\u021bii industriale. Cu configura\u021bia sa unic\u0103 cu tij\u0103 dubl\u0103 a pistonului, acest cilindru hidraulic ofer\u0103 o capacitate de \u00eenc\u0103rcare \u00eembun\u0103t\u0103\u021bit\u0103, un control precis \u0219i performan\u021be fiabile, ceea ce \u00eel face un atu indispensabil \u00een sistemele hidraulice solicitante.<\/p>\n<p>Caracteristicile esen\u021biale ale cilindrului hidraulic cu patru tije:<\/p>\n<p><strong>Configura\u021bie cu tij\u0103 dubl\u0103 a pistonului:<\/strong><\/p>\n<ol>\n<li style=\"list-style-type: none;\">\n<ul>\n<li>Configura\u021bia cu tij\u0103 dubl\u0103 a pistonului diferen\u021biaz\u0103 cilindrul hidraulic de designul tradi\u021bional, oferind o stabilitate, o capacitate de \u00eenc\u0103rcare \u0219i o rezisten\u021b\u0103 la sarcin\u0103 lateral\u0103 mai mari.<\/li>\n<li>Ofer\u0103 o distribu\u021bie simetric\u0103 a for\u021belor, asigur\u00e2nd o mi\u0219care echilibrat\u0103 \u0219i precis\u0103 \u00een timpul func\u021bion\u0103rii.<\/li>\n<\/ul>\n<\/li>\n<\/ol>\n<p><strong>Putere mare de ie\u0219ire:<\/strong><\/p>\n<ol>\n<li style=\"list-style-type: none;\">\n<ul>\n<li>Acest cilindru hidraulic are o putere impresionant\u0103, fiind potrivit pentru aplica\u021bii care necesit\u0103 mult\u0103 putere \u0219i capacitate de ridicare.<\/li>\n<li>Ofer\u0103 o for\u021b\u0103 de \u00eempingere special\u0103 care \u00eei permite s\u0103 gestioneze cu u\u0219urin\u021b\u0103 sarcini grele.<\/li>\n<\/ul>\n<\/li>\n<\/ol>\n<p><strong>Control \u0219i pozi\u021bionare precis\u0103:<\/strong><\/p>\n<ol>\n<li style=\"list-style-type: none;\">\n<ul>\n<li>Cilindrii hidraulici cu tij\u0103 dubl\u0103 a pistonului ofer\u0103 un control precis asupra mi\u0219c\u0103rii liniare, asigur\u00e2nd o pozi\u021bionare precis\u0103 \u0219i o func\u021bionare lin\u0103.<\/li>\n<li>Ofer\u0103 un control excelent al cursei, permi\u021b\u00e2nd operatorilor s\u0103 ating\u0103 viteza \u0219i precizia necesare pentru sarcini specifice.<\/li>\n<\/ul>\n<\/li>\n<\/ol>\n<p><strong>Aplica\u021bie versatil\u0103:<\/strong><\/p>\n<ul>\n<li style=\"list-style-type: none;\">\n<ul>\n<li>Construc\u021bia sa robust\u0103 \u0219i designul versatil fac ca acest cilindru hidraulic s\u0103 fie potrivit pentru diverse industrii \u0219i aplica\u021bii.<\/li>\n<li>Poate fi utilizat \u00een utilaje grele, echipamente de construc\u021bii, sisteme de manipulare a materialelor, utilaje agricole etc.<\/li>\n<\/ul>\n<\/li>\n<\/ul>\n<h2><strong>Parametrul cilindrului hidraulic cu tij\u0103 dubl\u0103 a pistonului:<\/strong><\/h2>\n<p><img loading=\"lazy\" decoding=\"async\" class=\"alignnone wp-image-1023 size-full\" src=\"https:\/\/hydraulic-cylinders.net\/wp-content\/uploads\/2023\/09\/double-piston-rod-hydraulic-cylinder-2.webp\" alt=\"\" width=\"654\" height=\"388\" srcset=\"https:\/\/hydraulic-cylinders.net\/wp-content\/uploads\/2023\/09\/double-piston-rod-hydraulic-cylinder-2.webp 654w, https:\/\/hydraulic-cylinders.net\/wp-content\/uploads\/2023\/09\/double-piston-rod-hydraulic-cylinder-2-480x285.webp 480w\" sizes=\"(min-width: 0px) and (max-width: 480px) 480px, (min-width: 481px) 654px, 100vw\" \/><\/p>\n<h2><strong>Cilindru hidraulic cu tij\u0103 de piston dublu <\/strong><strong>Metod\u0103 de utilizare<\/strong><strong>:<\/strong><\/h2>\n<p><strong>Montare \u0219i instalare:<\/strong><\/p>\n<ol>\n<li style=\"list-style-type: none;\">\n<ul>\n<li>Lua\u021bi \u00een considerare cerin\u021bele de sarcin\u0103 \u0219i constr\u00e2ngerile de spa\u021biu pentru a determina loca\u021bia adecvat\u0103 de instalare a cilindrului hidraulic \u00een cadrul sistemului sau echipamentului.<\/li>\n<li>Asigura\u021bi-v\u0103 c\u0103 suprafa\u021ba de montare este curat\u0103, plan\u0103 \u0219i capabil\u0103 s\u0103 sus\u021bin\u0103 greutatea cilindrului.<\/li>\n<li>Fixa\u021bi buteliile folosind \u0219uruburile sau elementele de fixare recomandate, \u00een conformitate cu instruc\u021biunile produc\u0103torului.<\/li>\n<\/ul>\n<\/li>\n<\/ol>\n<p><strong>Conexiuni hidraulice:<\/strong><\/p>\n<ol>\n<li style=\"list-style-type: none;\">\n<ul>\n<li>Conecta\u021bi conducta de alimentare hidraulic\u0103 la orificiul cilindrului, asigur\u00e2nd o etan\u0219are corespunz\u0103toare pentru a preveni scurgerile.<\/li>\n<li>Urma\u021bi recomand\u0103rile produc\u0103torului privind tipul de ulei hidraulic \u0219i umple\u021bi sistemul p\u00e2n\u0103 la nivelul recomandat.<\/li>\n<\/ul>\n<\/li>\n<\/ol>\n<p><strong>Opera\u021biune:<\/strong><\/p>\n<ul>\n<li style=\"list-style-type: none;\">\n<ul>\n<li>Activa\u021bi sistemul hidraulic \u0219i controla\u021bi mi\u0219carea cilindrului folosind o supap\u0103 de control hidraulic\u0103 sau alt mecanism de control adecvat.<\/li>\n<li>Regla\u021bi set\u0103rile de debit \u0219i presiune pentru a ob\u021bine viteza \u0219i for\u021ba de ie\u0219ire dorite.<\/li>\n<li>Monitoriza\u021bi periodic func\u021bionarea cilindrului pentru a depista eventuale anomalii, cum ar fi scurgeri, supra\u00eenc\u0103lzire sau zgomote neobi\u0219nuite.<\/li>\n<\/ul>\n<\/li>\n<\/ul>\n<h2><strong>Cilindru hidraulic cu tij\u0103 de piston dublu <\/strong><strong>\u00centre\u0163inere<\/strong><strong>:<\/strong><\/h2>\n<p><strong>Inspec\u021bie periodic\u0103:<\/strong><\/p>\n<ol>\n<li style=\"list-style-type: none;\">\n<ul>\n<li>Efectua\u021bi inspec\u021bii vizuale de rutin\u0103 pentru a verifica dac\u0103 exist\u0103 semne de uzur\u0103, scurgeri sau deteriorare.<\/li>\n<li>Verifica\u021bi tija pistonului, garniturile \u0219i conexiunile de montare pentru anomalii \u0219i remedia\u021bi prompt orice problem\u0103.<\/li>\n<\/ul>\n<\/li>\n<\/ol>\n<p><strong>Lubrifiere:<\/strong><\/p>\n<ol>\n<li style=\"list-style-type: none;\">\n<ul>\n<li>Respecta\u021bi instruc\u021biunile produc\u0103torului privind intervalul de lubrifiere \u0219i utiliza\u021bi lubrifiantul recomandat pentru a asigura o func\u021bionare f\u0103r\u0103 probleme.<\/li>\n<li>Lubrifia\u021bi tijele pistonului, garniturile \u0219i alte piese mobile pentru a minimiza frecarea \u0219i a prelungi durata de via\u021b\u0103 a cilindrului.<\/li>\n<\/ul>\n<\/li>\n<\/ol>\n<p><strong>\u00cenlocuirea garniturii:<\/strong><\/p>\n<ul>\n<li style=\"list-style-type: none;\">\n<ul>\n<li>\u00cen timp, garniturile se pot uza \u0219i pot necesita \u00eenlocuire. Dac\u0103 se detecteaz\u0103 o scurgere, scoate\u021bi cu grij\u0103 garnitura veche \u0219i instala\u021bi noua garnitur\u0103 conform specifica\u021biilor produc\u0103torului.<\/li>\n<\/ul>\n<\/li>\n<\/ul>\n<h2><strong>TB Tip TB Patru cilindru hidraulic Rod <\/strong><strong>\u00centre\u0163inere<\/strong><strong>:<\/strong><\/h2>\n<ol>\n<li><strong>Inspec\u021bie periodic\u0103:<\/strong><\/li>\n<\/ol>\n<ul>\n<li>Inspecta\u021bi periodic cilindrul pentru a depista orice scurgeri, deterior\u0103ri sau uzur\u0103 excesiv\u0103.<\/li>\n<li>Verifica\u021bi starea garniturilor, tijelor \u0219i componentelor de montare \u0219i \u00eenlocui\u021bi orice piese uzate sau deteriorate.<\/li>\n<\/ul>\n<ol start=\"2\">\n<li><strong>Lubrifiere:<\/strong><\/li>\n<\/ol>\n<ul>\n<li>Urma\u021bi recomand\u0103rile produc\u0103torului privind intervalele de lubrifiere \u0219i utiliza\u021bi ulei sau vaselin\u0103 hidraulic\u0103 de \u00eenalt\u0103 calitate, adecvat\u0103 specifica\u021biilor cilindrului.<\/li>\n<li>Aplica\u021bi lubrifiant pe tij\u0103, garnituri \u0219i alte piese mobile pentru a minimiza frecarea \u0219i a asigura o func\u021bionare lin\u0103.<\/li>\n<\/ul>\n<ol start=\"3\">\n<li><strong>Cur\u0103\u021bare:<\/strong><\/li>\n<\/ol>\n<ul>\n<li>P\u0103stra\u021bi cilindrul \u0219i zona \u00eenconjur\u0103toare curate \u0219i lipsite de resturi, praf sau contaminan\u021bi care \u00eei afecteaz\u0103 performan\u021ba.<\/li>\n<li>Folosi\u021bi un agent de cur\u0103\u021bare bl\u00e2nd \u0219i o lavet\u0103 moale pentru a \u0219terge suprafe\u021bele exterioare ale cilindrului.<\/li>\n<\/ul>\n<h2><strong>Capabilitatea \u0219i capacitatea fabricii:<\/strong><\/h2>\n<h3>(1) Montaj<\/h3>\n<p>Avem o platform\u0103 de asamblare independent\u0103 de cercetare \u0219i dezvoltare de prim\u0103 clas\u0103. Atelierul de produc\u021bie a cilindrilor hidraulici are patru linii de asamblare semiautomate pentru cilindri de ridicare \u0219i o linie de asamblare automat\u0103 a cilindrilor de \u00eenclinare, cu o capacitate de produc\u021bie anual\u0103 proiectat\u0103 de 1 milion de buc\u0103\u021bi. Atelierul de cilindri speciali este echipat cu diverse specifica\u021bii ale unui sistem de asamblare semi-automat de cur\u0103\u021bare, cu o capacitate de produc\u021bie anual\u0103 proiectat\u0103 de 200.000 \u0219i dotat cu echipamente celebre de prelucrare CNC, un centru de prelucrare, un echipament special de prelucrare a cilindrilor de \u00eenalt\u0103 precizie, o ma\u0219in\u0103 de sudur\u0103 robotizat\u0103, o ma\u0219in\u0103 de cur\u0103\u021bare automat\u0103, o ma\u0219in\u0103 de asamblare automat\u0103 a cilindrilor \u0219i o linie de produc\u021bie automat\u0103 de vopsire. Echipamente critice existente de peste 300 de seturi (seturi). Alocarea optim\u0103 \u0219i utilizarea eficient\u0103 a resurselor de echipamente asigur\u0103 cerin\u021bele de precizie ale produselor \u0219i satisface nevoile de \u00eenalt\u0103 calitate ale produselor.<\/p>\n<p><img loading=\"lazy\" decoding=\"async\" class=\"alignnone wp-image-626\" src=\"https:\/\/hydraulic-cylinders.net\/wp-content\/uploads\/2023\/08\/hydraulic-cylinder-product-1-300x158.webp\" alt=\"\" width=\"495\" height=\"260\" srcset=\"https:\/\/hydraulic-cylinders.net\/wp-content\/uploads\/2023\/08\/hydraulic-cylinder-product-1-300x158.webp 495w, https:\/\/hydraulic-cylinders.net\/wp-content\/uploads\/2023\/08\/hydraulic-cylinder-product-1-480x252.webp 480w\" sizes=\"(min-width: 0px) and (max-width: 480px) 480px, (min-width: 481px) 495px, 100vw\" \/> <img loading=\"lazy\" decoding=\"async\" class=\"alignnone wp-image-627\" src=\"https:\/\/hydraulic-cylinders.net\/wp-content\/uploads\/2023\/08\/hydraulic-cylinder-product-2-300x189.webp\" alt=\"\" width=\"413\" height=\"260\" \/><\/p>\n<h3>(2) Prelucrare<\/h3>\n<p>Atelierul de prelucrare este echipat cu un centru de strunjire cu \u0219in\u0103 \u00eenclinat\u0103 personalizat, un centru de prelucrare, o ma\u0219in\u0103 de honuire de mare vitez\u0103, un robot de sudur\u0103 \u0219i alte echipamente conexe, care pot gestiona prelucrarea tuburilor cilindrice cu un diametru interior maxim de 400 mm \u0219i o lungime maxim\u0103 de 6 metri.<\/p>\n<p><img loading=\"lazy\" decoding=\"async\" class=\"alignnone wp-image-628 size-large\" src=\"https:\/\/hydraulic-cylinders.net\/wp-content\/uploads\/2023\/08\/hydraulic-cylinder-product-3-1024x391.webp\" alt=\"\" width=\"1024\" height=\"391\" srcset=\"https:\/\/hydraulic-cylinders.net\/wp-content\/uploads\/2023\/08\/hydraulic-cylinder-product-3-980x374.webp 980w, https:\/\/hydraulic-cylinders.net\/wp-content\/uploads\/2023\/08\/hydraulic-cylinder-product-3-480x183.webp 480w\" sizes=\"(min-width: 0px) and (max-width: 480px) 480px, (min-width: 481px) and (max-width: 980px) 980px, (min-width: 981px) 1024px, 100vw\" \/><\/p>\n<h3>(3) Sudur\u0103<\/h3>\n<p><img loading=\"lazy\" decoding=\"async\" class=\"alignnone wp-image-629 size-large\" src=\"https:\/\/hydraulic-cylinders.net\/wp-content\/uploads\/2023\/08\/hydraulic-cylinder-product-4-1024x510.webp\" alt=\"\" width=\"1024\" height=\"510\" srcset=\"https:\/\/hydraulic-cylinders.net\/wp-content\/uploads\/2023\/08\/hydraulic-cylinder-product-4-980x488.webp 980w, https:\/\/hydraulic-cylinders.net\/wp-content\/uploads\/2023\/08\/hydraulic-cylinder-product-4-480x239.webp 480w\" sizes=\"(min-width: 0px) and (max-width: 480px) 480px, (min-width: 481px) and (max-width: 980px) 980px, (min-width: 981px) 1024px, 100vw\" \/><\/p>\n<h3>(4) Vopsire \u0219i acoperire<\/h3>\n<p>Cu linii automate de acoperire cu vopsea pe baz\u0103 de ap\u0103 cu cilindru de dimensiuni mici \u0219i medii, pentru a realiza \u00eenc\u0103rcarea \u0219i desc\u0103rcarea automat\u0103 a robotului \u0219i pulverizarea automat\u0103, capacitatea de proiectare de 4000 de buc\u0103\u021bi pe schimb;<br \/>\nAvem, de asemenea, o linie de produc\u021bie semi-automat\u0103 de vopsire pentru cilindri mari, ac\u021bionat\u0103 de un lan\u021b de putere, cu o capacitate de proiectare de 60 de cutii pe schimb.<\/p>\n<p><img loading=\"lazy\" decoding=\"async\" class=\"alignnone wp-image-630\" src=\"https:\/\/hydraulic-cylinders.net\/wp-content\/uploads\/2023\/08\/hydraulic-cylinder-product-5-300x213.webp\" alt=\"\" width=\"366\" height=\"260\" \/> <img loading=\"lazy\" decoding=\"async\" class=\"alignnone wp-image-631\" src=\"https:\/\/hydraulic-cylinders.net\/wp-content\/uploads\/2023\/08\/hydraulic-cylinder-product-6-300x225.webp\" alt=\"\" width=\"347\" height=\"260\" \/><\/p>\n<h3>(5) Testarea<\/h3>\n<p>Dispunem de instala\u021bii de inspec\u021bie \u0219i bancuri de testare de prim\u0103 clas\u0103 pentru a ne asigura c\u0103 performan\u021ba cilindrului \u00eendepline\u0219te cerin\u021bele.<\/p>\n<p><img loading=\"lazy\" decoding=\"async\" class=\"alignnone wp-image-632\" src=\"https:\/\/hydraulic-cylinders.net\/wp-content\/uploads\/2023\/08\/hydraulic-cylinder-product-8-300x200.webp\" alt=\"\" width=\"389\" height=\"260\" \/><\/p>\n<p>&nbsp;<\/p>\n<p>&nbsp;<\/p>\n<p>Suntem unul dintre cei mai buni produc\u0103tori de cilindri hidraulici cu patru tije u\u0219oare. Putem oferi un stoc cuprinz\u0103tor de cilindri hidraulici cu patru tije u\u0219oare. De asemenea, furniz\u0103m <a href=\"https:\/\/hzpt.com\/agricultural-pto-gearbox\/\" target=\"_blank\" rel=\"noopener\">cutii de viteze agricole<\/a>. Am exportat produsele noastre c\u0103tre clien\u021bi din \u00eentreaga lume \u0219i am c\u00e2\u0219tigat o bun\u0103 reputa\u021bie datorit\u0103 calit\u0103\u021bii superioare a produselor noastre \u0219i a serviciilor post-v\u00e2nzare. Salut\u0103m c\u0103lduros clien\u021bii at\u00e2t din \u021bar\u0103, c\u00e2t \u0219i din str\u0103in\u0103tate s\u0103 ne contacteze pentru a negocia afaceri, a face schimb de informa\u021bii \u0219i a\u00a0<a href=\"https:\/\/www.hydraulic-cylinders.net\/ro\/contact-us\/\">s\u0103 coopereze cu noi<\/a>!<\/p>\n<h2><\/h2>\n<h2><\/h2>","protected":false},"excerpt":{"rendered":"<p>Double Piston Rod Hydraulic Cylinder The double piston rod hydraulic cylinder is a cutting-edge hydraulic element designed to provide superior power, stability, and versatility for a wide range of industrial applications. With its unique dual piston rod configuration, this hydraulic cylinder offers enhanced load-carrying capacity, precise control, and reliable performance, making it an indispensable asset [&hellip;]<\/p>","protected":false},"featured_media":1024,"comment_status":"open","ping_status":"closed","template":"","meta":{"_et_pb_use_builder":"","_et_pb_old_content":"","_et_gb_content_width":""},"product_brand":[],"product_cat":[1376,1386],"product_tag":[1380],"class_list":{"0":"post-1019","1":"product","2":"type-product","3":"status-publish","4":"has-post-thumbnail","6":"product_cat-hydraulic-cylinder","7":"product_cat-four-rod-hydraulic-cylinder","8":"product_tag-hydraulic-cylinder","10":"first","11":"instock","12":"shipping-taxable","13":"product-type-simple"},"amp_enabled":true,"_links":{"self":[{"href":"https:\/\/www.hydraulic-cylinders.net\/ro\/wp-json\/wp\/v2\/product\/1019","targetHints":{"allow":["GET"]}}],"collection":[{"href":"https:\/\/www.hydraulic-cylinders.net\/ro\/wp-json\/wp\/v2\/product"}],"about":[{"href":"https:\/\/www.hydraulic-cylinders.net\/ro\/wp-json\/wp\/v2\/types\/product"}],"replies":[{"embeddable":true,"href":"https:\/\/www.hydraulic-cylinders.net\/ro\/wp-json\/wp\/v2\/comments?post=1019"}],"wp:featuredmedia":[{"embeddable":true,"href":"https:\/\/www.hydraulic-cylinders.net\/ro\/wp-json\/wp\/v2\/media\/1024"}],"wp:attachment":[{"href":"https:\/\/www.hydraulic-cylinders.net\/ro\/wp-json\/wp\/v2\/media?parent=1019"}],"wp:term":[{"taxonomy":"product_brand","embeddable":true,"href":"https:\/\/www.hydraulic-cylinders.net\/ro\/wp-json\/wp\/v2\/product_brand?post=1019"},{"taxonomy":"product_cat","embeddable":true,"href":"https:\/\/www.hydraulic-cylinders.net\/ro\/wp-json\/wp\/v2\/product_cat?post=1019"},{"taxonomy":"product_tag","embeddable":true,"href":"https:\/\/www.hydraulic-cylinders.net\/ro\/wp-json\/wp\/v2\/product_tag?post=1019"}],"curies":[{"name":"wp","href":"https:\/\/api.w.org\/{rel}","templated":true}]}}