{"id":1111,"date":"2023-09-11T08:12:31","date_gmt":"2023-09-11T08:12:31","guid":{"rendered":"https:\/\/hydraulic-cylinders.net\/?post_type=product&#038;p=1111"},"modified":"2023-09-19T02:17:35","modified_gmt":"2023-09-19T02:17:35","slug":"pistion-rod-end-is-external-threaded-rod-head-earring-connection-engineering-hydraulic-cylinder","status":"publish","type":"product","link":"https:\/\/www.hydraulic-cylinders.net\/ro\/produs\/pistion-rod-end-is-external-threaded-rod-head-earring-connection-engineering-hydraulic-cylinder\/","title":{"rendered":"Pistion Rod End este un cap\u0103t de tij\u0103 filetat extern cu cap de tij\u0103 cu ureche pentru conectarea cilindrului hidraulic de inginerie"},"content":{"rendered":"<h1 style=\"text-align: center;\"><strong>Pistion Rod End este un cap\u0103t de tij\u0103 filetat extern cu cap de tij\u0103 cu ureche pentru conectarea cilindrului hidraulic de inginerie<\/strong><\/h1>\n<p>Cap\u0103tul tijei pistonului are o conexiune tip cerc cu filet exterior, const\u00e2nd de obicei dintr-un cap filetat la cap\u0103tul tijei pistonului. Capul tijei are filet exterior \u0219i poate fi conectat la componente externe sau structuri portante.<\/p>\n<p>Cilindrul hidraulic ingineresc din seria HSG este un cilindru hidraulic cu tij\u0103 de piston cu dubl\u0103 ac\u021biune. Modul de instalare adopt\u0103 tipul cu cercei. \u00cen func\u021bie de conexiunea dintre chiulas\u0103 \u0219i blocul cilindrilor, exist\u0103 trei tipuri de conexiuni: cu filet exterior, conexiuni interne cu plac\u0103 critic\u0103 \u0219i conexiuni cu flan\u0219\u0103. Cilindrul hidraulic ingineresc este utilizat \u00een principal \u00een construc\u021bii, ridicare, minerit \u0219i alte sisteme hidraulice.<\/p>\n<p><img loading=\"lazy\" decoding=\"async\" class=\"aligncenter wp-image-1112\" src=\"https:\/\/hydraulic-cylinders.net\/wp-content\/uploads\/2023\/09\/hsg-hydraulic-cylinder-4-1-300x300.webp\" alt=\"\" width=\"400\" height=\"400\" \/><\/p>\n<h2><strong>Parametrul cilindrului hidraulic HSG Engineering<\/strong><strong>:<\/strong><\/h2>\n<p><img loading=\"lazy\" decoding=\"async\" class=\"alignnone wp-image-1113 size-full\" src=\"https:\/\/hydraulic-cylinders.net\/wp-content\/uploads\/2023\/09\/hsg-engineering-hydraulic-cylinder-parameter-1-1-scaled.webp\" alt=\"\" width=\"2560\" height=\"1848\" srcset=\"https:\/\/hydraulic-cylinders.net\/wp-content\/uploads\/2023\/09\/hsg-engineering-hydraulic-cylinder-parameter-1-1-scaled.webp 2560w, https:\/\/hydraulic-cylinders.net\/wp-content\/uploads\/2023\/09\/hsg-engineering-hydraulic-cylinder-parameter-1-1-1280x924.webp 1280w, https:\/\/hydraulic-cylinders.net\/wp-content\/uploads\/2023\/09\/hsg-engineering-hydraulic-cylinder-parameter-1-1-980x707.webp 980w, https:\/\/hydraulic-cylinders.net\/wp-content\/uploads\/2023\/09\/hsg-engineering-hydraulic-cylinder-parameter-1-1-480x347.webp 480w\" sizes=\"(min-width: 0px) and (max-width: 480px) 480px, (min-width: 481px) and (max-width: 980px) 980px, (min-width: 981px) and (max-width: 1280px) 1280px, (min-width: 1281px) 2560px, 100vw\" \/> <img loading=\"lazy\" decoding=\"async\" class=\"alignnone wp-image-1114 size-full\" src=\"https:\/\/hydraulic-cylinders.net\/wp-content\/uploads\/2023\/09\/hsg-engineering-hydraulic-cylinder-parameter-4-scaled.webp\" alt=\"\" width=\"1767\" height=\"2560\" srcset=\"https:\/\/hydraulic-cylinders.net\/wp-content\/uploads\/2023\/09\/hsg-engineering-hydraulic-cylinder-parameter-4-scaled.webp 1767w, https:\/\/hydraulic-cylinders.net\/wp-content\/uploads\/2023\/09\/hsg-engineering-hydraulic-cylinder-parameter-4-1280x1854.webp 1280w, https:\/\/hydraulic-cylinders.net\/wp-content\/uploads\/2023\/09\/hsg-engineering-hydraulic-cylinder-parameter-4-980x1420.webp 980w, https:\/\/hydraulic-cylinders.net\/wp-content\/uploads\/2023\/09\/hsg-engineering-hydraulic-cylinder-parameter-4-480x695.webp 480w\" sizes=\"(min-width: 0px) and (max-width: 480px) 480px, (min-width: 481px) and (max-width: 980px) 980px, (min-width: 981px) and (max-width: 1280px) 1280px, (min-width: 1281px) 1767px, 100vw\" \/> <img loading=\"lazy\" decoding=\"async\" class=\"alignnone wp-image-1115 size-full\" src=\"https:\/\/hydraulic-cylinders.net\/wp-content\/uploads\/2023\/09\/hsg-engineering-hydraulic-cylinder-parameter-5-scaled.webp\" alt=\"\" width=\"2002\" height=\"2560\" srcset=\"https:\/\/hydraulic-cylinders.net\/wp-content\/uploads\/2023\/09\/hsg-engineering-hydraulic-cylinder-parameter-5-scaled.webp 2002w, https:\/\/hydraulic-cylinders.net\/wp-content\/uploads\/2023\/09\/hsg-engineering-hydraulic-cylinder-parameter-5-1280x1637.webp 1280w, https:\/\/hydraulic-cylinders.net\/wp-content\/uploads\/2023\/09\/hsg-engineering-hydraulic-cylinder-parameter-5-980x1253.webp 980w, https:\/\/hydraulic-cylinders.net\/wp-content\/uploads\/2023\/09\/hsg-engineering-hydraulic-cylinder-parameter-5-480x614.webp 480w\" sizes=\"(min-width: 0px) and (max-width: 480px) 480px, (min-width: 481px) and (max-width: 980px) 980px, (min-width: 981px) and (max-width: 1280px) 1280px, (min-width: 1281px) 2002px, 100vw\" \/><\/p>\n<h2><strong>Cilindru hidraulic HSG Engineering <\/strong><strong>Avantaje<\/strong><strong>:<\/strong><\/h2>\n<p>Cap\u0103tul de tij\u0103 al pistonului cu o conexiune cu filet exterior al capului tijei ofer\u0103 mai multe avantaje \u00een ingineria cilindrilor hidraulici:<\/p>\n<ol>\n<li><strong>Fixare sigur\u0103:<\/strong>\n<ul>\n<li>Conexiunea cu cap de tij\u0103 filetat\u0103 ofer\u0103 o conexiune sigur\u0103 \u0219i fiabil\u0103, care minimizeaz\u0103 riscul de sl\u0103bire sau decuplare \u00een timpul func\u021bion\u0103rii.<\/li>\n<li>Acest lucru \u00eembun\u0103t\u0103\u021be\u0219te siguran\u021ba \u0219i stabilitatea ansamblurilor cilindrilor hidraulici, \u00een special \u00een aplica\u021biile cu sarcini mari sau vibra\u021bii.<\/li>\n<\/ul>\n<\/li>\n<li><strong>U\u0219urin\u021b\u0103 \u00een instalare \u0219i \u00eenlocuire:<\/strong>\n<ul>\n<li>Conexiunile cu filet exterior simplific\u0103 instalarea \u0219i \u00eenlocuirea componentelor sau a structurilor portante.<\/li>\n<li>Permite demontarea \u0219i reasamblarea rapid\u0103 folosind elemente de fixare filetate pentru sarcini u\u0219oare de \u00eentre\u021binere, reparare sau \u00eenlocuire.<\/li>\n<\/ul>\n<\/li>\n<li><strong>Adaptabilitate:<\/strong>\n<ul>\n<li>Conexiunile cu cap de tij\u0103 filetat\u0103 pot fi adaptate diferitelor cerin\u021be ale aplica\u021biei.<\/li>\n<li>Permite conectarea diverselor componente sau structuri portante folosind elemente de fixare filetate compatibile, oferind versatilitate \u0219i op\u021biuni de personalizare.<\/li>\n<\/ul>\n<\/li>\n<\/ol>\n<h2><strong>Cilindru hidraulic HSG Engineering<\/strong><strong> Aplica\u021bii:<\/strong><\/h2>\n<ol>\n<li><strong>Fixare filetat\u0103:<\/strong>\n<ul>\n<li>Capetele de tij\u0103 cu filet exterior pot str\u00e2nge direct componente sau structuri portante folosind piuli\u021be, \u0219uruburi sau alte elemente de fixare filetate.<\/li>\n<li>Aceast\u0103 conexiune filetat\u0103 permite o conexiune sigur\u0103 \u0219i fiabil\u0103 care asigur\u0103 stabilitatea \u0219i integritatea ansamblului cilindrului hidraulic.<\/li>\n<\/ul>\n<\/li>\n<li><strong>Personalizare \u0219i ajustare:<\/strong>\n<ul>\n<li>Conexiunea cu cap de tij\u0103 filetat\u0103 ofer\u0103 flexibilitate \u00een ata\u0219area diferitelor componente sau structuri portante.<\/li>\n<li>Permite personalizarea \u0219i ajustarea prin selectarea elementelor de fixare filetate adecvate pentru a se potrivi cerin\u021belor specifice aplica\u021biei.<\/li>\n<\/ul>\n<\/li>\n<li><strong>Structuri portante:<\/strong>\n<ul>\n<li>Conexiunile cu cap de tij\u0103 filetat\u0103 pot fi conectate direct la structuri portante, cum ar fi console, pl\u0103ci sau alte elemente de sus\u021binere.<\/li>\n<li>Aceast\u0103 configura\u021bie permite cilindrului hidraulic s\u0103 aplice for\u021b\u0103 \u0219i s\u0103 sus\u021bin\u0103 greutatea obiectelor sau utilajelor externe, fiind potrivit pentru aplica\u021bii care necesit\u0103 capacitate portant\u0103.<\/li>\n<\/ul>\n<\/li>\n<\/ol>\n<h2><strong>Cum se aerise\u0219te un cilindru hidraulic cu dubl\u0103 ac\u021biune?<\/strong><\/h2>\n<p>Aerisirea unui cilindru hidraulic cu ac\u021biune dubl\u0103 implic\u0103 eliminarea aerului sau a gazelor prinse din sistem pentru a asigura func\u021bionarea corect\u0103 \u0219i a preveni mi\u0219carea spongioas\u0103 sau inconsistent\u0103. Iat\u0103 un ghid pas cu pas despre cum se aerise\u0219te un cilindru hidraulic cu ac\u021biune dubl\u0103:<\/p>\n<ol>\n<li><strong>Preparare:<\/strong>\n<ul>\n<li>Asigura\u021bi-v\u0103 c\u0103 sistemul hidraulic este depresurizat \u0219i cilindrul este retras.<\/li>\n<li>Identifica\u021bi supapele sau fitingurile de aerisire de pe cilindru. Acestea sunt de obicei amplasate la capacul de cap\u0103t sau l\u00e2ng\u0103 orificiile cilindrului.<\/li>\n<\/ul>\n<\/li>\n<li><strong>Pozi\u021bionarea cilindrului:<\/strong>\n<ul>\n<li>Dac\u0103 este posibil, pozi\u021biona\u021bi cilindrul vertical cu cap\u0103tul tijei \u00een sus. Acest lucru ajut\u0103 bulele de aer s\u0103 urce la suprafa\u021b\u0103 pentru o aerisire mai u\u0219oar\u0103.<\/li>\n<\/ul>\n<\/li>\n<li><strong>Deschide\u021bi supapele de aerisire:<\/strong>\n<ul>\n<li>Localiza\u021bi supapele sau fitingurile de aerisire de pe cilindru.<\/li>\n<li>Folosi\u021bi o cheie sau o unealt\u0103 adecvat\u0103 pentru a deschide \u00eencet supapele de aerisire sau fitingurile. \u00cencepe\u021bi cu cea mai apropiat\u0103 de cap\u0103tul tijei cilindrului.<\/li>\n<\/ul>\n<\/li>\n<li><strong>Aplica\u021bi presiune:<\/strong>\n<ul>\n<li>Activa\u021bi sistemul hidraulic prin ac\u021bionarea pompei sau a actuatorului.<\/li>\n<li>M\u0103ri\u021bi treptat presiunea la un nivel moderat. Acest lucru ajut\u0103 la \u00eempingerea aerului prins \u00een afara cilindrului prin supapele de aerisire deschise.<\/li>\n<\/ul>\n<\/li>\n<li><strong>S\u00e2ngereaz\u0103 aerul:<\/strong>\n<ul>\n<li>Pe m\u0103sur\u0103 ce sistemul hidraulic se presurizeaz\u0103, este posibil s\u0103 observa\u021bi bule de aer care ies prin supapele de purjare deschise.<\/li>\n<li>Permite\u021bi aerului s\u0103 se purjeze din sistem p\u00e2n\u0103 c\u00e2nd se observ\u0103 un flux constant de fluid hidraulic, f\u0103r\u0103 bule de aer. Aceasta indic\u0103 faptul c\u0103 cilindrul este aerisit corect.<\/li>\n<\/ul>\n<\/li>\n<li><strong>\u00cenchide\u021bi supapele de aerisire:<\/strong>\n<ul>\n<li>Dup\u0103 ce tot aerul a fost eliminat, \u00eenchide\u021bi supapele de aerisire sau fitingurile de pe cilindru.<\/li>\n<li>Asigura\u021bi-v\u0103 c\u0103 sunt str\u00e2nse bine, dar evita\u021bi str\u00e2ngerea excesiv\u0103.<\/li>\n<\/ul>\n<\/li>\n<li><strong>Retragerea \u0219i extinderea cilindrului:<\/strong>\n<ul>\n<li>Ac\u021biona\u021bi sistemul hidraulic pentru a retrage \u0219i extinde complet cilindrul de c\u00e2teva ori.<\/li>\n<li>Acest lucru ajut\u0103 la eliminarea oric\u0103ror pungi de aer r\u0103mase \u0219i asigur\u0103 o mi\u0219care lin\u0103 \u0219i consistent\u0103 a cilindrului.<\/li>\n<\/ul>\n<\/li>\n<li><strong>Verifica\u021bi dac\u0103 exist\u0103 scurgeri:<\/strong>\n<ul>\n<li>Dup\u0103 aerisire \u0219i func\u021bionarea cilindrului, inspecta\u021bi \u00eentregul sistem hidraulic pentru a depista eventuale scurgeri sau comportament anormal.<\/li>\n<li>Remedia\u021bi prompt orice scurgeri sau probleme pentru a preveni probleme ulterioare.<\/li>\n<\/ul>\n<\/li>\n<\/ol>\n<h2><strong>Capabilitatea \u0219i capacitatea fabricii:<\/strong><\/h2>\n<h3>(1) Montaj<\/h3>\n<p>Avem o platform\u0103 de asamblare independent\u0103 de cercetare \u0219i dezvoltare de prim\u0103 clas\u0103. Atelierul de produc\u021bie a cilindrilor hidraulici are patru linii de asamblare semiautomate pentru cilindri de ridicare \u0219i o linie de asamblare automat\u0103 a cilindrilor de \u00eenclinare, cu o capacitate de produc\u021bie anual\u0103 proiectat\u0103 de 1 milion de buc\u0103\u021bi. Atelierul de cilindri speciali este echipat cu diverse specifica\u021bii ale unui sistem de asamblare semi-automat de cur\u0103\u021bare, cu o capacitate de produc\u021bie anual\u0103 proiectat\u0103 de 200.000 \u0219i dotat cu echipamente celebre de prelucrare CNC, un centru de prelucrare, un echipament special de prelucrare a cilindrilor de \u00eenalt\u0103 precizie, o ma\u0219in\u0103 de sudur\u0103 robotizat\u0103, o ma\u0219in\u0103 de cur\u0103\u021bare automat\u0103, o ma\u0219in\u0103 de asamblare automat\u0103 a cilindrilor \u0219i o linie de produc\u021bie automat\u0103 de vopsire. Echipamente critice existente de peste 300 de seturi (seturi). Alocarea optim\u0103 \u0219i utilizarea eficient\u0103 a resurselor de echipamente asigur\u0103 cerin\u021bele de precizie ale produselor \u0219i satisface nevoile de \u00eenalt\u0103 calitate ale produselor.<\/p>\n<p><img loading=\"lazy\" decoding=\"async\" class=\"alignnone wp-image-626\" src=\"https:\/\/hydraulic-cylinders.net\/wp-content\/uploads\/2023\/08\/hydraulic-cylinder-product-1-300x158.webp\" alt=\"\" width=\"495\" height=\"260\" srcset=\"https:\/\/hydraulic-cylinders.net\/wp-content\/uploads\/2023\/08\/hydraulic-cylinder-product-1-300x158.webp 495w, https:\/\/hydraulic-cylinders.net\/wp-content\/uploads\/2023\/08\/hydraulic-cylinder-product-1-480x252.webp 480w\" sizes=\"(min-width: 0px) and (max-width: 480px) 480px, (min-width: 481px) 495px, 100vw\" \/> <img loading=\"lazy\" decoding=\"async\" class=\"alignnone wp-image-627\" src=\"https:\/\/hydraulic-cylinders.net\/wp-content\/uploads\/2023\/08\/hydraulic-cylinder-product-2-300x189.webp\" alt=\"\" width=\"413\" height=\"260\" \/><\/p>\n<h3>(2) Prelucrare<\/h3>\n<p>Atelierul de prelucrare este echipat cu un centru de strunjire cu \u0219in\u0103 \u00eenclinat\u0103 personalizat, un centru de prelucrare, o ma\u0219in\u0103 de honuire de mare vitez\u0103, un robot de sudur\u0103 \u0219i alte echipamente conexe, care pot gestiona prelucrarea tuburilor cilindrice cu un diametru interior maxim de 400 mm \u0219i o lungime maxim\u0103 de 6 metri.<\/p>\n<p><img loading=\"lazy\" decoding=\"async\" class=\"alignnone wp-image-628 size-large\" src=\"https:\/\/hydraulic-cylinders.net\/wp-content\/uploads\/2023\/08\/hydraulic-cylinder-product-3-1024x391.webp\" alt=\"\" width=\"1024\" height=\"391\" srcset=\"https:\/\/hydraulic-cylinders.net\/wp-content\/uploads\/2023\/08\/hydraulic-cylinder-product-3-980x374.webp 980w, https:\/\/hydraulic-cylinders.net\/wp-content\/uploads\/2023\/08\/hydraulic-cylinder-product-3-480x183.webp 480w\" sizes=\"(min-width: 0px) and (max-width: 480px) 480px, (min-width: 481px) and (max-width: 980px) 980px, (min-width: 981px) 1024px, 100vw\" \/><\/p>\n<h3>(3) Sudur\u0103<\/h3>\n<p><img loading=\"lazy\" decoding=\"async\" class=\"alignnone wp-image-629 size-large\" src=\"https:\/\/hydraulic-cylinders.net\/wp-content\/uploads\/2023\/08\/hydraulic-cylinder-product-4-1024x510.webp\" alt=\"\" width=\"1024\" height=\"510\" srcset=\"https:\/\/hydraulic-cylinders.net\/wp-content\/uploads\/2023\/08\/hydraulic-cylinder-product-4-980x488.webp 980w, https:\/\/hydraulic-cylinders.net\/wp-content\/uploads\/2023\/08\/hydraulic-cylinder-product-4-480x239.webp 480w\" sizes=\"(min-width: 0px) and (max-width: 480px) 480px, (min-width: 481px) and (max-width: 980px) 980px, (min-width: 981px) 1024px, 100vw\" \/><\/p>\n<h3>(4) Vopsire \u0219i acoperire<\/h3>\n<p>Cu linii automate de acoperire cu vopsea pe baz\u0103 de ap\u0103 cu cilindru de dimensiuni mici \u0219i medii, pentru a realiza \u00eenc\u0103rcarea \u0219i desc\u0103rcarea automat\u0103 a robotului \u0219i pulverizarea automat\u0103, capacitatea de proiectare de 4000 de buc\u0103\u021bi pe schimb;<br \/>\nAvem, de asemenea, o linie de produc\u021bie semi-automat\u0103 de vopsire pentru cilindri mari, ac\u021bionat\u0103 de un lan\u021b de putere, cu o capacitate de proiectare de 60 de cutii pe schimb.<\/p>\n<p><img loading=\"lazy\" decoding=\"async\" class=\"alignnone wp-image-630\" src=\"https:\/\/hydraulic-cylinders.net\/wp-content\/uploads\/2023\/08\/hydraulic-cylinder-product-5-300x213.webp\" alt=\"\" width=\"366\" height=\"260\" \/> <img loading=\"lazy\" decoding=\"async\" class=\"alignnone wp-image-631\" src=\"https:\/\/hydraulic-cylinders.net\/wp-content\/uploads\/2023\/08\/hydraulic-cylinder-product-6-300x225.webp\" alt=\"\" width=\"347\" height=\"260\" \/><\/p>\n<h3>(5) Testarea<\/h3>\n<p>Dispunem de instala\u021bii de inspec\u021bie \u0219i bancuri de testare de prim\u0103 clas\u0103 pentru a ne asigura c\u0103 performan\u021ba cilindrului \u00eendepline\u0219te cerin\u021bele.<\/p>\n<p><img loading=\"lazy\" decoding=\"async\" class=\"alignnone wp-image-632\" src=\"https:\/\/hydraulic-cylinders.net\/wp-content\/uploads\/2023\/08\/hydraulic-cylinder-product-8-300x200.webp\" alt=\"\" width=\"389\" height=\"260\" \/><\/p>\n<p>&nbsp;<\/p>\n<p>&nbsp;<\/p>\n<p>Suntem unul dintre cei mai buni produc\u0103tori de cilindri hidraulici inginere\u0219ti. Putem oferi un stoc complet de cilindri hidraulici inginere\u0219ti. De asemenea, oferim... <a href=\"https:\/\/hzpt.com\/agricultural-pto-gearbox\/\" target=\"_blank\" rel=\"noopener\">cutii de viteze agricole<\/a>. Am exportat produsele noastre c\u0103tre clien\u021bi din \u00eentreaga lume \u0219i am c\u00e2\u0219tigat o bun\u0103 reputa\u021bie datorit\u0103 calit\u0103\u021bii superioare a produselor noastre \u0219i a serviciilor post-v\u00e2nzare. Salut\u0103m c\u0103lduros clien\u021bii at\u00e2t din \u021bar\u0103, c\u00e2t \u0219i din str\u0103in\u0103tate s\u0103 ne contacteze pentru a negocia afaceri, a face schimb de informa\u021bii \u0219i a\u00a0<a href=\"https:\/\/www.hydraulic-cylinders.net\/ro\/contact-us\/\">s\u0103 coopereze cu noi<\/a>!<\/p>\n<h2><\/h2>\n<h2><\/h2>\n<h2><\/h2>","protected":false},"excerpt":{"rendered":"<p>Pistion Rod End Is External Threaded Rod Head Earring Connection Engineering Hydraulic Cylinder The piston rod end has an externally threaded rod head earring connection, usually consisting of a threaded rod head at the end of the piston rod. The rod head has external threads and can be connected to external components or load-bearing structures. [&hellip;]<\/p>","protected":false},"featured_media":1116,"comment_status":"open","ping_status":"closed","template":"","meta":{"_et_pb_use_builder":"","_et_pb_old_content":"","_et_gb_content_width":""},"product_brand":[],"product_cat":[1376],"product_tag":[1380],"class_list":{"0":"post-1111","1":"product","2":"type-product","3":"status-publish","4":"has-post-thumbnail","6":"product_cat-hydraulic-cylinder","7":"product_tag-hydraulic-cylinder","9":"first","10":"instock","11":"shipping-taxable","12":"product-type-simple"},"amp_enabled":true,"_links":{"self":[{"href":"https:\/\/www.hydraulic-cylinders.net\/ro\/wp-json\/wp\/v2\/product\/1111","targetHints":{"allow":["GET"]}}],"collection":[{"href":"https:\/\/www.hydraulic-cylinders.net\/ro\/wp-json\/wp\/v2\/product"}],"about":[{"href":"https:\/\/www.hydraulic-cylinders.net\/ro\/wp-json\/wp\/v2\/types\/product"}],"replies":[{"embeddable":true,"href":"https:\/\/www.hydraulic-cylinders.net\/ro\/wp-json\/wp\/v2\/comments?post=1111"}],"wp:featuredmedia":[{"embeddable":true,"href":"https:\/\/www.hydraulic-cylinders.net\/ro\/wp-json\/wp\/v2\/media\/1116"}],"wp:attachment":[{"href":"https:\/\/www.hydraulic-cylinders.net\/ro\/wp-json\/wp\/v2\/media?parent=1111"}],"wp:term":[{"taxonomy":"product_brand","embeddable":true,"href":"https:\/\/www.hydraulic-cylinders.net\/ro\/wp-json\/wp\/v2\/product_brand?post=1111"},{"taxonomy":"product_cat","embeddable":true,"href":"https:\/\/www.hydraulic-cylinders.net\/ro\/wp-json\/wp\/v2\/product_cat?post=1111"},{"taxonomy":"product_tag","embeddable":true,"href":"https:\/\/www.hydraulic-cylinders.net\/ro\/wp-json\/wp\/v2\/product_tag?post=1111"}],"curies":[{"name":"wp","href":"https:\/\/api.w.org\/{rel}","templated":true}]}}