{"id":1153,"date":"2023-09-12T02:21:39","date_gmt":"2023-09-12T02:21:39","guid":{"rendered":"https:\/\/hydraulic-cylinders.net\/?post_type=product&#038;p=1153"},"modified":"2023-09-19T02:24:44","modified_gmt":"2023-09-19T02:24:44","slug":"axial-tripod-type-metallurgical-hydraulic-cylinder","status":"publish","type":"product","link":"https:\/\/www.hydraulic-cylinders.net\/ro\/produs\/axial-tripod-type-metallurgical-hydraulic-cylinder\/","title":{"rendered":"Axial Tripod tip tripod cilindru hidraulic metalurgic metalurgic"},"content":{"rendered":"<h1 style=\"text-align: center;\"><strong>Axial Tripod tip tripod cilindru hidraulic metalurgic metalurgic<\/strong><\/h1>\n<p>Cilindrul hidraulic metalurgic de tip trepied axial este o component\u0103 extrem de eficient\u0103 \u0219i durabil\u0103, conceput\u0103 special pentru aplica\u021bii metalurgice. Acest produs ofer\u0103 performan\u021be superioare, control precis \u0219i func\u021bionare fiabil\u0103 \u00een medii industriale solicitante. Designul s\u0103u unic de trepied axial asigur\u0103 stabilitate, precizie \u0219i siguran\u021b\u0103 sporit\u0103.<\/p>\n<p>Cilindru hidraulic pentru echipamente metalurgice din seria Y-HG1, destinat cilindrilor cu piston cu ac\u021biune dubl\u0103, diametrul cilindrului este \u00een general cuprins \u00eentre 40 \u0219i 320 mm, presiunea de lucru &lt;=16 MPA, sistemul mecanic cu ulei hidraulic poate fi utilizat pentru a pierde emulsie \u0219i alte medii de lucru, instalarea de flan\u0219e, cercei, \u0219tifturi, declan\u0219atoare (baz\u0103) \u0219i diferite tipuri.<\/p>\n<p>Ma\u0219in\u0103 de honuit CNC de \u00eenalt\u0103 precizie, ma\u0219in\u0103 automat\u0103 de sudur\u0103, centru de prelucrare vertical\u0103 \u0219i orizontal\u0103, centru de prelucrare cu portal, strung CNC \u0219i alte echipamente de prelucrare, calitatea produsului este stabil\u0103 \u0219i garantat\u0103.<\/p>\n<p><img loading=\"lazy\" decoding=\"async\" class=\"aligncenter wp-image-1154\" src=\"https:\/\/hydraulic-cylinders.net\/wp-content\/uploads\/2023\/09\/axial-tripod-type-metallurgical-hydraulic-cylinder-2-300x300.webp\" alt=\"\" width=\"400\" height=\"399\" \/><\/p>\n<h2><strong>Parametrul cilindrului hidraulic metalurgic de tip tripod axial:<\/strong><\/h2>\n<p><img loading=\"lazy\" decoding=\"async\" class=\"alignnone wp-image-1155 size-large\" src=\"https:\/\/hydraulic-cylinders.net\/wp-content\/uploads\/2023\/09\/axial-tripod-type-metallurgical-hydraulic-cylinder-1-1024x715.webp\" alt=\"\" width=\"1024\" height=\"715\" srcset=\"https:\/\/hydraulic-cylinders.net\/wp-content\/uploads\/2023\/09\/axial-tripod-type-metallurgical-hydraulic-cylinder-1-1024x715.webp 1024w, https:\/\/hydraulic-cylinders.net\/wp-content\/uploads\/2023\/09\/axial-tripod-type-metallurgical-hydraulic-cylinder-1-980x684.webp 980w, https:\/\/hydraulic-cylinders.net\/wp-content\/uploads\/2023\/09\/axial-tripod-type-metallurgical-hydraulic-cylinder-1-480x335.webp 480w\" sizes=\"(min-width: 0px) and (max-width: 480px) 480px, (min-width: 481px) and (max-width: 980px) 980px, (min-width: 981px) 1024px, 100vw\" \/><\/p>\n<h2><strong>Axial Tripod tip tripod cilindru hidraulic metalurgic metalurgic <\/strong><strong>Metod\u0103 de utilizare<\/strong><strong>:<\/strong><\/h2>\n<ol>\n<li><strong>Montare \u0219i instalare:<\/strong>\n<ul>\n<li>Determina\u021bi pozi\u021bia de instalare adecvat\u0103 a cilindrului hidraulic \u00een func\u021bie de aplica\u021bia metalurgic\u0103 specific\u0103 \u0219i de cerin\u021bele echipamentului.<\/li>\n<li>Asigura\u021bi-v\u0103 c\u0103 suprafa\u021ba de montare este curat\u0103, plan\u0103 \u0219i capabil\u0103 s\u0103 suporte sarcina cilindrului.<\/li>\n<\/ul>\n<\/li>\n<li><strong>Conectarea la sistemul hidraulic:<\/strong>\n<ul>\n<li>Conecta\u021bi cilindrul hidraulic la sistemul hidraulic folosind furtunuri sau \u021bevi hidraulice compatibile.<\/li>\n<li>Asigura\u021bi o aliniere corect\u0103 \u0219i o conexiune sigur\u0103 pentru a preveni scurgerile.<\/li>\n<\/ul>\n<\/li>\n<li><strong>Integrare \u0219i calibrare a sistemului:<\/strong>\n<ul>\n<li>Conform instruc\u021biunilor produc\u0103torului, integra\u021bi cilindrii hidraulici metalurgici \u00een echipamentele sau sistemele metalurgice.<\/li>\n<li>Calibra\u021bi sistemul pentru a ob\u021bine performan\u021ba \u0219i parametrii de func\u021bionare dori\u021bi.<\/li>\n<\/ul>\n<\/li>\n<li><strong>Func\u021bionarea cilindrului:<\/strong>\n<ul>\n<li>Activa\u021bi sistemul hidraulic pentru a aplica presiune \u0219i a ini\u021bia mi\u0219carea cilindrului hidraulic.<\/li>\n<li>Sistemul de control hidraulic controleaz\u0103 extensia, retragerea \u0219i pozi\u021bionarea cilindrului.<\/li>\n<\/ul>\n<\/li>\n<\/ol>\n<h2><strong>Axial Tripod tip tripod cilindru hidraulic metalurgic metalurgic <\/strong><strong>\u00centre\u0163inere<\/strong><strong>:<\/strong><\/h2>\n<ol>\n<li><strong>Inspec\u021bie periodic\u0103:<\/strong>\n<ul>\n<li>Efectua\u021bi o inspec\u021bie de rutin\u0103 a cilindrului hidraulic pentru a depista semne de scurgeri, uzur\u0103 sau deteriorare.<\/li>\n<li>Verifica\u021bi suporturile de montare, elementele de fixare \u0219i conexiunile pentru a v\u0103 asigura c\u0103 sunt sigure \u0219i func\u021bioneaz\u0103 corect.<\/li>\n<\/ul>\n<\/li>\n<li><strong>Lubrifiere:<\/strong>\n<ul>\n<li>Urma\u021bi recomand\u0103rile produc\u0103torului privind intervalele de lubrifiere \u0219i tipul de lubrifiant utilizat.<\/li>\n<li>Aplica\u021bi lubrifiant pe piesele necesare, cum ar fi tijele pistonului, garniturile \u0219i rulmen\u021bii, pentru a reduce frecarea \u0219i a asigura o func\u021bionare lin\u0103.<\/li>\n<\/ul>\n<\/li>\n<li><strong>Cur\u0103\u021bare:<\/strong>\n<ul>\n<li>Men\u021bine\u021bi cilindrul hidraulic \u0219i mediul \u00eenconjur\u0103tor curate pentru a evita ca murd\u0103ria, resturile \u0219i poluan\u021bii s\u0103 afecteze performan\u021ba cilindrului hidraulic.<\/li>\n<li>Folosi\u021bi metode \u0219i materiale de cur\u0103\u021bare adecvate pentru a evita deteriorarea cilindrului sau a componentelor acestuia.<\/li>\n<\/ul>\n<\/li>\n<\/ol>\n<h2><strong>Cum se demonteaz\u0103 un cilindru hidraulic?<\/strong><\/h2>\n<p>Demontarea unui cilindru hidraulic necesit\u0103 o demontare atent\u0103 pentru a evita deteriorarea \u0219i a asigura o manipulare \u00een siguran\u021b\u0103. Iat\u0103 pa\u0219ii generali de urmat:<\/p>\n<ol>\n<li><strong>M\u0103suri de siguran\u021b\u0103:<\/strong>\n<ul>\n<li>Asigura\u021bi-v\u0103 c\u0103 sistemul hidraulic este depresurizat \u0219i cilindrul este retras.<\/li>\n<li>Folosi\u021bi echipament individual de protec\u021bie adecvat, cum ar fi m\u0103nu\u0219i \u0219i ochelari de protec\u021bie.<\/li>\n<li>Preg\u0103ti\u021bi un spa\u021biu de lucru curat \u0219i organizat, cu iluminare \u0219i ventila\u021bie adecvate.<\/li>\n<\/ul>\n<\/li>\n<li><strong>Identificarea componentelor cilindrului:<\/strong>\n<ul>\n<li>Familiariza\u021bi-v\u0103 cu diferitele p\u0103r\u021bi ale cilindrului hidraulic, inclusiv corpul cilindrului, pistonul, tija, garniturile \u0219i capacele de cap\u0103t.<\/li>\n<\/ul>\n<\/li>\n<li><strong>Elimina\u021bi conexiunile externe:<\/strong>\n<ul>\n<li>Deconecta\u021bi orice furtunuri hidraulice, fitinguri sau alte conexiuni externe ata\u0219ate la cilindru.<\/li>\n<li>Folosi\u021bi unelte adecvate, cum ar fi chei sau cle\u0219ti, pentru a sl\u0103bi \u0219i demonta conexiunile cu grij\u0103.<\/li>\n<\/ul>\n<\/li>\n<li><strong>Fixa\u021bi cilindrul:<\/strong>\n<ul>\n<li>A\u0219eza\u021bi cilindrul \u00een siguran\u021b\u0103 \u00eentr-o menghin\u0103 sau un dispozitiv de fixare similar, asigur\u00e2ndu-v\u0103 c\u0103 este stabil \u0219i c\u0103 nu se va mi\u0219ca \u00een timpul dezasambl\u0103rii.<\/li>\n<\/ul>\n<\/li>\n<li><strong>Scoate\u021bi capacul cap\u0103tului tijei:<\/strong>\n<ul>\n<li>Localiza\u021bi capacul cap\u0103tului tijei, de obicei la cap\u0103tul cilindrului opus pistonului.<\/li>\n<li>Folosi\u021bi cheia sau tubular\u0103 corespunz\u0103toare pentru a sl\u0103bi \u0219i a scoate \u0219uruburile care fixeaz\u0103 capacul cap\u0103tului tijei.<\/li>\n<li>Lovi\u021bi u\u0219or capacul cu un ciocan de cauciuc pentru a rupe orice sigiliu sau lipire adeziv\u0103.<\/li>\n<\/ul>\n<\/li>\n<li><strong>Separa\u021bi ansamblul tijei \u0219i pistonului:<\/strong>\n<ul>\n<li>Dup\u0103 ce capacul cap\u0103tului tijei este \u00eendep\u0103rtat, glisa\u021bi cu grij\u0103 ansamblul tij\u0103-piston afar\u0103 din corpul cilindrului.<\/li>\n<li>Sus\u021bine\u021bi greutatea ansamblului pentru a preveni c\u0103derea sau deteriorarea acestuia.<\/li>\n<\/ul>\n<\/li>\n<li><strong>Demonta\u021bi ansamblul tij\u0103-piston:<\/strong>\n<ul>\n<li>Examina\u021bi ansamblul tij\u0103-piston pentru a depista inele de re\u021binere, inele elastice de siguran\u021b\u0103 sau alte dispozitive de control.<\/li>\n<li>Folosi\u021bi unelte adecvate, cum ar fi un cle\u0219te sau un cle\u0219te pentru inele de siguran\u021b\u0103, pentru a \u00eendep\u0103rta aceste dispozitive de fixare, permi\u021b\u00e2nd dezasamblarea ansamblului \u00een componentele sale.<\/li>\n<li>Re\u021bine\u021bi ordinea \u0219i orientarea fiec\u0103rei componente pentru reasamblare.<\/li>\n<\/ul>\n<\/li>\n<li><strong>Inspecta\u021bi \u0219i cur\u0103\u021ba\u021bi:<\/strong>\n<ul>\n<li>Inspecta\u021bi toate componentele dezasamblate pentru uzur\u0103, deteriorare sau semne de scurgeri.<\/li>\n<li>Cur\u0103\u021ba\u021bi temeinic fiecare component\u0103 folosind un solvent sau un agent de cur\u0103\u021bare adecvat pentru a \u00eendep\u0103rta murd\u0103ria, resturile \u0219i reziduurile de fluid hidraulic.<\/li>\n<li>Usca\u021bi complet componentele \u00eenainte de reasamblare.<\/li>\n<\/ul>\n<\/li>\n<li><strong>Reasamblare sau \u00eenlocuire componente:<\/strong>\n<ul>\n<li>\u00cenlocui\u021bi orice componente deteriorate sau uzate cu unele noi, respect\u00e2nd specifica\u021biile produc\u0103torului.<\/li>\n<li>Reasambla\u021bi cilindrul hidraulic \u00een ordine invers\u0103 dezasambl\u0103rii, asigur\u00e2nd alinierea \u0219i orientarea corect\u0103 a componentelor.<\/li>\n<li>Str\u00e2nge\u021bi \u0219uruburile sau elementele de fixare conform specifica\u021biilor de cuplu recomandate de produc\u0103tor.<\/li>\n<\/ul>\n<\/li>\n<\/ol>\n<h2><strong>Capabilitatea \u0219i capacitatea fabricii:<\/strong><\/h2>\n<h3>(1) Montaj<\/h3>\n<p>Avem o platform\u0103 de asamblare independent\u0103 de cercetare \u0219i dezvoltare de prim\u0103 clas\u0103. Atelierul de produc\u021bie a cilindrilor hidraulici are patru linii de asamblare semiautomate pentru cilindri de ridicare \u0219i o linie de asamblare automat\u0103 a cilindrilor de \u00eenclinare, cu o capacitate de produc\u021bie anual\u0103 proiectat\u0103 de 1 milion de buc\u0103\u021bi. Atelierul de cilindri speciali este echipat cu diverse specifica\u021bii ale unui sistem de asamblare semi-automat de cur\u0103\u021bare, cu o capacitate de produc\u021bie anual\u0103 proiectat\u0103 de 200.000 \u0219i dotat cu echipamente celebre de prelucrare CNC, un centru de prelucrare, un echipament special de prelucrare a cilindrilor de \u00eenalt\u0103 precizie, o ma\u0219in\u0103 de sudur\u0103 robotizat\u0103, o ma\u0219in\u0103 de cur\u0103\u021bare automat\u0103, o ma\u0219in\u0103 de asamblare automat\u0103 a cilindrilor \u0219i o linie de produc\u021bie automat\u0103 de vopsire. Echipamente critice existente de peste 300 de seturi (seturi). Alocarea optim\u0103 \u0219i utilizarea eficient\u0103 a resurselor de echipamente asigur\u0103 cerin\u021bele de precizie ale produselor \u0219i satisface nevoile de \u00eenalt\u0103 calitate ale produselor.<\/p>\n<p><img loading=\"lazy\" decoding=\"async\" class=\"alignnone wp-image-626\" src=\"https:\/\/hydraulic-cylinders.net\/wp-content\/uploads\/2023\/08\/hydraulic-cylinder-product-1-300x158.webp\" alt=\"\" width=\"495\" height=\"260\" srcset=\"https:\/\/hydraulic-cylinders.net\/wp-content\/uploads\/2023\/08\/hydraulic-cylinder-product-1-300x158.webp 495w, https:\/\/hydraulic-cylinders.net\/wp-content\/uploads\/2023\/08\/hydraulic-cylinder-product-1-480x252.webp 480w\" sizes=\"(min-width: 0px) and (max-width: 480px) 480px, (min-width: 481px) 495px, 100vw\" \/> <img loading=\"lazy\" decoding=\"async\" class=\"alignnone wp-image-627\" src=\"https:\/\/hydraulic-cylinders.net\/wp-content\/uploads\/2023\/08\/hydraulic-cylinder-product-2-300x189.webp\" alt=\"\" width=\"413\" height=\"260\" \/><\/p>\n<h3>(2) Prelucrare<\/h3>\n<p>Atelierul de prelucrare este echipat cu un centru de strunjire cu \u0219in\u0103 \u00eenclinat\u0103 personalizat, un centru de prelucrare, o ma\u0219in\u0103 de honuire de mare vitez\u0103, un robot de sudur\u0103 \u0219i alte echipamente conexe, care pot gestiona prelucrarea tuburilor cilindrice cu un diametru interior maxim de 400 mm \u0219i o lungime maxim\u0103 de 6 metri.<\/p>\n<p><img loading=\"lazy\" decoding=\"async\" class=\"alignnone wp-image-628 size-large\" src=\"https:\/\/hydraulic-cylinders.net\/wp-content\/uploads\/2023\/08\/hydraulic-cylinder-product-3-1024x391.webp\" alt=\"\" width=\"1024\" height=\"391\" srcset=\"https:\/\/hydraulic-cylinders.net\/wp-content\/uploads\/2023\/08\/hydraulic-cylinder-product-3-980x374.webp 980w, https:\/\/hydraulic-cylinders.net\/wp-content\/uploads\/2023\/08\/hydraulic-cylinder-product-3-480x183.webp 480w\" sizes=\"(min-width: 0px) and (max-width: 480px) 480px, (min-width: 481px) and (max-width: 980px) 980px, (min-width: 981px) 1024px, 100vw\" \/><\/p>\n<h3>(3) Sudur\u0103<\/h3>\n<p><img loading=\"lazy\" decoding=\"async\" class=\"alignnone wp-image-629 size-large\" src=\"https:\/\/hydraulic-cylinders.net\/wp-content\/uploads\/2023\/08\/hydraulic-cylinder-product-4-1024x510.webp\" alt=\"\" width=\"1024\" height=\"510\" srcset=\"https:\/\/hydraulic-cylinders.net\/wp-content\/uploads\/2023\/08\/hydraulic-cylinder-product-4-980x488.webp 980w, https:\/\/hydraulic-cylinders.net\/wp-content\/uploads\/2023\/08\/hydraulic-cylinder-product-4-480x239.webp 480w\" sizes=\"(min-width: 0px) and (max-width: 480px) 480px, (min-width: 481px) and (max-width: 980px) 980px, (min-width: 981px) 1024px, 100vw\" \/><\/p>\n<h3>(4) Vopsire \u0219i acoperire<\/h3>\n<p>Cu linii automate de acoperire cu vopsea pe baz\u0103 de ap\u0103 cu cilindru de dimensiuni mici \u0219i medii, pentru a realiza \u00eenc\u0103rcarea \u0219i desc\u0103rcarea automat\u0103 a robotului \u0219i pulverizarea automat\u0103, capacitatea de proiectare de 4000 de buc\u0103\u021bi pe schimb;<br \/>\nAvem, de asemenea, o linie de produc\u021bie semi-automat\u0103 de vopsire pentru cilindri mari, ac\u021bionat\u0103 de un lan\u021b de putere, cu o capacitate de proiectare de 60 de cutii pe schimb.<\/p>\n<p><img loading=\"lazy\" decoding=\"async\" class=\"alignnone wp-image-630\" src=\"https:\/\/hydraulic-cylinders.net\/wp-content\/uploads\/2023\/08\/hydraulic-cylinder-product-5-300x213.webp\" alt=\"\" width=\"366\" height=\"260\" \/> <img loading=\"lazy\" decoding=\"async\" class=\"alignnone wp-image-631\" src=\"https:\/\/hydraulic-cylinders.net\/wp-content\/uploads\/2023\/08\/hydraulic-cylinder-product-6-300x225.webp\" alt=\"\" width=\"347\" height=\"260\" \/><\/p>\n<h3>(5) Testarea<\/h3>\n<p>Dispunem de instala\u021bii de inspec\u021bie \u0219i bancuri de testare de prim\u0103 clas\u0103 pentru a ne asigura c\u0103 performan\u021ba cilindrului \u00eendepline\u0219te cerin\u021bele.<\/p>\n<p><img loading=\"lazy\" decoding=\"async\" class=\"alignnone wp-image-632\" src=\"https:\/\/hydraulic-cylinders.net\/wp-content\/uploads\/2023\/08\/hydraulic-cylinder-product-8-300x200.webp\" alt=\"\" width=\"389\" height=\"260\" \/><\/p>\n<p>&nbsp;<\/p>\n<p>&nbsp;<\/p>\n<p>Suntem unul dintre cei mai buni produc\u0103tori de cilindri hidraulici metalurgici. Putem oferi un stoc complet de cilindri hidraulici metalurgici. De asemenea, oferim \u0219i produsele corespunz\u0103toare. <a href=\"https:\/\/hzpt.com\/agricultural-pto-gearbox\/\" target=\"_blank\" rel=\"noopener\">cutii de viteze agricole<\/a>Ne-am exportat produsele c\u0103tre clien\u021bi din \u00eentreaga lume \u0219i ne-am c\u00e2\u0219tigat o bun\u0103 reputa\u021bie datorit\u0103 calit\u0103\u021bii superioare a produselor noastre \u0219i a serviciilor post-v\u00e2nzare. \u00cei invit\u0103m pe clien\u021bii din \u021bar\u0103 \u0219i din str\u0103in\u0103tate s\u0103 ne contacteze pentru a negocia afaceri, a face schimb de informa\u021bii \u0219i... <a href=\"https:\/\/www.hydraulic-cylinders.net\/ro\/contact-us\/\">s\u0103 coopereze cu noi<\/a>!<\/p>\n<h2><\/h2>\n<h2><\/h2>\n<h2><\/h2>","protected":false},"excerpt":{"rendered":"<p>Axial Tripod Type Metallurgical Hydraulic Cylinder The axial tripod-type metallurgical hydraulic cylinder is a highly efficient and durable component explicitly designed for metallurgical applications. This product offers superior performance, precise control, and reliable operation in demanding industrial settings. Its unique axial tripod design ensures stability, accuracy, and enhanced safety. Y-HG1 series of metallurgical equipment hydraulic [&hellip;]<\/p>","protected":false},"featured_media":1158,"comment_status":"open","ping_status":"closed","template":"","meta":{"_et_pb_use_builder":"","_et_pb_old_content":"","_et_gb_content_width":""},"product_brand":[],"product_cat":[1376],"product_tag":[1380],"class_list":{"0":"post-1153","1":"product","2":"type-product","3":"status-publish","4":"has-post-thumbnail","6":"product_cat-hydraulic-cylinder","7":"product_tag-hydraulic-cylinder","9":"first","10":"instock","11":"shipping-taxable","12":"product-type-simple"},"amp_enabled":true,"_links":{"self":[{"href":"https:\/\/www.hydraulic-cylinders.net\/ro\/wp-json\/wp\/v2\/product\/1153","targetHints":{"allow":["GET"]}}],"collection":[{"href":"https:\/\/www.hydraulic-cylinders.net\/ro\/wp-json\/wp\/v2\/product"}],"about":[{"href":"https:\/\/www.hydraulic-cylinders.net\/ro\/wp-json\/wp\/v2\/types\/product"}],"replies":[{"embeddable":true,"href":"https:\/\/www.hydraulic-cylinders.net\/ro\/wp-json\/wp\/v2\/comments?post=1153"}],"wp:featuredmedia":[{"embeddable":true,"href":"https:\/\/www.hydraulic-cylinders.net\/ro\/wp-json\/wp\/v2\/media\/1158"}],"wp:attachment":[{"href":"https:\/\/www.hydraulic-cylinders.net\/ro\/wp-json\/wp\/v2\/media?parent=1153"}],"wp:term":[{"taxonomy":"product_brand","embeddable":true,"href":"https:\/\/www.hydraulic-cylinders.net\/ro\/wp-json\/wp\/v2\/product_brand?post=1153"},{"taxonomy":"product_cat","embeddable":true,"href":"https:\/\/www.hydraulic-cylinders.net\/ro\/wp-json\/wp\/v2\/product_cat?post=1153"},{"taxonomy":"product_tag","embeddable":true,"href":"https:\/\/www.hydraulic-cylinders.net\/ro\/wp-json\/wp\/v2\/product_tag?post=1153"}],"curies":[{"name":"wp","href":"https:\/\/api.w.org\/{rel}","templated":true}]}}