{"id":1177,"date":"2023-09-12T06:06:56","date_gmt":"2023-09-12T06:06:56","guid":{"rendered":"https:\/\/hydraulic-cylinders.net\/?post_type=product&#038;p=1177"},"modified":"2025-04-11T05:07:07","modified_gmt":"2025-04-11T05:07:07","slug":"rear-method-orchid-type-metallurgical-hydraulic-cylinder","status":"publish","type":"product","link":"https:\/\/www.hydraulic-cylinders.net\/ro\/produs\/rear-method-orchid-type-metallurgical-hydraulic-cylinder\/","title":{"rendered":"Metoda din spate Cilindru hidraulic metalurgic de tip orhidee"},"content":{"rendered":"<h1 style=\"text-align: center;\"><strong>Metoda din spate Cilindru hidraulic metalurgic de tip orhidee<\/strong><\/h1>\n<p>Cilindrul hidraulic metalurgic de tip orhidee cu metoda din spate este o component\u0103 hidraulic\u0103 avansat\u0103, conceput\u0103 pentru a \u00eendeplini cerin\u021bele exigente ale aplica\u021biilor metalurgice. Cu performan\u021ba sa excep\u021bional\u0103, construc\u021bia robust\u0103 \u0219i designul inovator, acest cilindru hidraulic ofer\u0103 control precis, durabilitate \u0219i eficien\u021b\u0103 \u00een medii industriale dificile. Indiferent dac\u0103 este utilizat \u00een o\u021bel\u0103rii, turn\u0103torii sau alte procese metalurgice, cilindrul hidraulic de tip orhidee cu metoda din spate asigur\u0103 rezultate optime.<\/p>\n<p>Cilindru hidraulic pentru echipamente metalurgice din seria Y-HG1, destinat cilindrilor cu piston cu ac\u021biune dubl\u0103, diametrul cilindrului este \u00een general cuprins \u00eentre 40 \u0219i 320 mm, presiunea de lucru &lt;=16 MPA, sistemul mecanic cu ulei hidraulic poate fi utilizat pentru a pierde emulsie \u0219i alte medii de lucru, instalarea flan\u0219ei, cerceilor, \u0219tifturilor, declan\u0219atoarelor (bazei) \u0219i diferitelor tipuri.<\/p>\n<p>Ma\u0219in\u0103 de honuit CNC de \u00eenalt\u0103 precizie, ma\u0219in\u0103 automat\u0103 de sudur\u0103, centru de prelucrare vertical\u0103 \u0219i orizontal\u0103, centru de prelucrare cu portal, strung CNC \u0219i alte echipamente de prelucrare, calitatea produsului este stabil\u0103 \u0219i garantat\u0103.<\/p>\n<p><img loading=\"lazy\" decoding=\"async\" class=\"wp-image-1182 aligncenter\" src=\"https:\/\/hydraulic-cylinders.net\/wp-content\/uploads\/2023\/09\/rear-method-orchid-type-hydraulic-cylinder-2-300x300.webp\" alt=\"\" width=\"400\" height=\"400\" \/><\/p>\n<h2><strong>Parametrul cilindrului hidraulic metalurgic de tip orhidee cu metod\u0103 spate:<\/strong><\/h2>\n<p><img loading=\"lazy\" decoding=\"async\" class=\"alignnone wp-image-1183 size-large\" src=\"https:\/\/hydraulic-cylinders.net\/wp-content\/uploads\/2023\/09\/rear-method-orchid-type-hydraulic-cylinder-1-1024x610.jpg\" alt=\"\" width=\"1024\" height=\"610\" srcset=\"https:\/\/hydraulic-cylinders.net\/wp-content\/uploads\/2023\/09\/rear-method-orchid-type-hydraulic-cylinder-1-980x584.jpg 980w, https:\/\/hydraulic-cylinders.net\/wp-content\/uploads\/2023\/09\/rear-method-orchid-type-hydraulic-cylinder-1-480x286.jpg 480w\" sizes=\"(min-width: 0px) and (max-width: 480px) 480px, (min-width: 481px) and (max-width: 980px) 980px, (min-width: 981px) 1024px, 100vw\" \/><\/p>\n<h2><strong>Metoda din spate Cilindru hidraulic metalurgic de tip orhidee <\/strong><strong>Metod\u0103 de utilizare<\/strong><strong>:<\/strong><\/h2>\n<ol>\n<li><strong>Montare \u0219i instalare:<\/strong>\n<ul>\n<li>Conform cerin\u021belor specifice ale echipamentelor metalurgice, determina\u021bi pozi\u021bia de instalare adecvat\u0103 a cilindrului hidraulic metalurgic.<\/li>\n<li>Asigura\u021bi-v\u0103 c\u0103 suprafa\u021ba de montare este curat\u0103, plan\u0103 \u0219i capabil\u0103 s\u0103 sus\u021bin\u0103 greutatea \u0219i sarcina cilindrului.<\/li>\n<\/ul>\n<\/li>\n<li><strong>Conectarea la sistemul hidraulic<\/strong>:\n<ul>\n<li>Conecta\u021bi cilindrul hidraulic metalurgic la sistemul hidraulic folosind furtunuri sau \u021bevi hidraulice compatibile.<\/li>\n<li>Asigura\u021bi o aliniere corect\u0103 \u0219i conexiuni sigure pentru a preveni scurgerile \u0219i a garanta performan\u021be optime.<\/li>\n<\/ul>\n<\/li>\n<li><strong>Integrare \u0219i calibrare a sistemului:<\/strong>\n<ul>\n<li>Conform instruc\u021biunilor produc\u0103torului, integra\u021bi cilindrii hidraulici metalurgici \u00een echipamente sau sisteme metalurgice.<\/li>\n<li>Calibra\u021bi sistemul pentru a atinge parametrii de func\u021bionare dori\u021bi \u0219i pentru a asigura o func\u021bionare f\u0103r\u0103 probleme.<\/li>\n<\/ul>\n<\/li>\n<li><strong>Func\u021bionarea cilindrului:<\/strong>\n<ul>\n<li>Porni\u021bi sistemul hidraulic. Aplica\u021bi presiune pentru a porni mi\u0219carea cilindrului hidraulic.<\/li>\n<li>Sistemul de control hidraulic controleaz\u0103 extensia, contrac\u021bia \u0219i pozi\u021bionarea cilindrului pentru opera\u021biuni metalurgice eficiente.<\/li>\n<\/ul>\n<\/li>\n<\/ol>\n<h2><strong>Metoda din spate Cilindru hidraulic metalurgic de tip orhidee <\/strong><strong>Caracteristici<\/strong><strong>:<\/strong><\/h2>\n<ul>\n<li><strong>Metoda spate a designului orhideei:<\/strong>\u00a0 Designul unic al flan\u0219ei posterioare \u00eembun\u0103t\u0103\u021be\u0219te stabilitatea, alinierea precis\u0103 \u0219i distribu\u021bia sarcinii \u00een timpul func\u021bion\u0103rii, asigur\u00e2nd performan\u021be optime \u00een procesele metalurgice.<\/li>\n<li><strong>Aplica\u021bii metalurgice concentrate:<\/strong>\u00a0 Cilindrii sunt proiecta\u021bi cu precizie pentru a \u00eendeplini cerin\u021bele stricte ale aplica\u021biilor metalurgice, oferind fiabilitate \u0219i durabilitate \u00een condi\u021bii extreme.<\/li>\n<li><strong>Performan\u021b\u0103 superioar\u0103:<\/strong>\u00a0 Cilindrii hidraulici metalurgici ofer\u0103 performan\u021be excelente, permi\u021b\u00e2nd o pozi\u021bionare precis\u0103, o func\u021bionare lin\u0103 \u0219i o productivitate crescut\u0103 \u00een procesele metalurgice.<\/li>\n<li><strong>Construc\u021bie robust\u0103:<\/strong>\u00a0 Fabrica\u021bi din materiale de \u00eenalt\u0103 calitate, cilindrii pot rezista la sarcini grele \u0219i condi\u021bii dure de func\u021bionare, asigur\u00e2nd durabilitate pe termen lung \u0219i performan\u021be fiabile.<\/li>\n<li><strong>Caracteristici de siguran\u021b\u0103:<\/strong>\u00a0 Designul combin\u0103 protec\u021bia la suprasarcin\u0103 \u0219i un mecanism de oprire de urgen\u021b\u0103, prioritiz\u00e2nd siguran\u021ba operatorului \u00een procesul metalurgic.<\/li>\n<\/ul>\n<h2><strong>Cum func\u021bioneaz\u0103 un cilindru hidraulic?<\/strong><\/h2>\n<p>Un cilindru hidraulic este un actuator mecanic care transform\u0103 energia hidraulic\u0103 \u00een for\u021b\u0103 liniar\u0103 \u0219i mi\u0219care. Acesta joac\u0103 un rol crucial \u00een diverse industrii \u0219i aplica\u021bii care necesit\u0103 ridicare, \u00eempingere sau tragere de obiecte grele. Iat\u0103 o explica\u021bie simplificat\u0103 a modului \u00een care func\u021bioneaz\u0103 un cilindru hidraulic:<\/p>\n<ol>\n<li><strong>Componente de baz\u0103:<\/strong>\n<ul>\n<li>Cilindru: Un tub cilindric ad\u0103poste\u0219te pistonul \u0219i permite mi\u0219carea fluidului.<\/li>\n<li>Piston: O component\u0103 cilindric\u0103 solid\u0103 care \u00eemparte cilindrul \u00een dou\u0103 camere \u0219i se poate mi\u0219ca \u00eenainte \u0219i \u00eenapoi.<\/li>\n<li>Tij\u0103 de piston: O tij\u0103 ata\u0219at\u0103 la piston, care se extinde printr-o etan\u0219are la un cap\u0103t al cilindrului pentru a transmite for\u021ba generat\u0103 de piston.<\/li>\n<li>Garniturile previn scurgerile de fluid \u0219i men\u021bin separarea dintre cele dou\u0103 camere.<\/li>\n<\/ul>\n<\/li>\n<li><strong>Fluid hidraulic:<\/strong>\n<ul>\n<li>Cilindrul hidraulic func\u021bioneaz\u0103 folosind un fluid incompresibil, de obicei ulei sau fluid hidraulic.<\/li>\n<li>Fluidul este stocat \u00eentr-un rezervor hidraulic \u0219i pompat \u00een cilindru prin conducte sau furtunuri hidraulice.<\/li>\n<\/ul>\n<\/li>\n<li><strong>Func\u021bionarea cilindrului cu dubl\u0103 ac\u021biune:<\/strong>\n<ul>\n<li>\u00centr-un cilindru hidraulic cu dubl\u0103 ac\u021biune, fluidul este furnizat alternativ ambelor p\u0103r\u021bi ale pistonului pentru a produce at\u00e2t mi\u0219c\u0103ri de extensie, c\u00e2t \u0219i de retragere.<\/li>\n<li>Extensie: Fluidul sub presiune este direc\u021bionat \u00een camera din spatele pistonului, \u00eemping\u00e2nd pistonul \u0219i tija pistonului \u00eenainte, extinz\u00e2nd cilindrul.<\/li>\n<li>Retragere: Fluidul este redirec\u021bionat c\u0103tre camera de pe partea opus\u0103 a pistonului, aplic\u00e2nd presiune \u0219i determin\u00e2nd pistonul s\u0103 se mi\u0219te \u00een direc\u021bia opus\u0103, retr\u0103g\u00e2nd cilindrul.<\/li>\n<\/ul>\n<\/li>\n<li><strong>Func\u021bionarea cilindrului cu ac\u021biune simpl\u0103:<\/strong>\n<ul>\n<li>\u00centr-un cilindru hidraulic cu ac\u021biune simpl\u0103, fluidul este furnizat doar unei p\u0103r\u021bi a pistonului, \u00een timp ce cealalt\u0103 parte este ventilat\u0103 sau echipat\u0103 cu un arc pentru a facilita cursa de retur.<\/li>\n<li>Extensie: Fluidul sub presiune este direc\u021bionat \u00een camera din spatele pistonului, determin\u00e2nd extinderea pistonului.<\/li>\n<li>Retragere: Fluidul este eliberat sau evacuat din camer\u0103, permi\u021b\u00e2nd arcului sau for\u021bei externe s\u0103 \u00eemping\u0103 pistonul \u00eenapoi \u00een pozi\u021bia sa ini\u021bial\u0103.<\/li>\n<\/ul>\n<\/li>\n<li><strong>Control \u0219i supape:<\/strong>\n<ul>\n<li>Diverse supape, cum ar fi supapele de control direc\u021bional, supapele de control al debitului \u0219i supapele de control al presiunii, controleaz\u0103 debitul de fluid hidraulic \u00een \u0219i din cilindrul hidraulic.<\/li>\n<li>Aceste supape permit un control precis asupra vitezei, direc\u021biei \u0219i for\u021bei cilindrului hidraulic.<\/li>\n<\/ul>\n<\/li>\n<li><strong>For\u021b\u0103 \u0219i mi\u0219care:<\/strong>\n<ul>\n<li>Pe m\u0103sur\u0103 ce fluidul hidraulic intr\u0103 pe o parte a cilindrului, acesta aplic\u0103 presiune asupra pistonului, gener\u00e2nd for\u021b\u0103.<\/li>\n<li>Aceast\u0103 for\u021b\u0103 este transmis\u0103 prin tija pistonului c\u0103tre sarcin\u0103 sau aplica\u021biei dorite, provoc\u00e2nd o mi\u0219care liniar\u0103, cum ar fi ridicarea, \u00eempingerea sau tragerea.<\/li>\n<\/ul>\n<\/li>\n<li><strong>\u00centre\u021binere \u0219i siguran\u021b\u0103:<\/strong>\n<ul>\n<li>\u00centre\u021binerea regulat\u0103, inclusiv inspec\u021biile, lubrifierea \u0219i \u00eenlocuirea garniturilor, este esen\u021bial\u0103 pentru a asigura performan\u021be optime \u0219i a preveni scurgerile.<\/li>\n<li>M\u0103suri de siguran\u021b\u0103, cum ar fi supapele de suprapresiune \u0219i mecanismele de siguran\u021b\u0103, sunt \u00eencorporate pentru a proteja \u00eempotriva supra\u00eenc\u0103rc\u0103rii sau a defec\u021biunilor bru\u0219te.<\/li>\n<\/ul>\n<\/li>\n<\/ol>\n<h2><strong>Capabilitatea \u0219i capacitatea fabricii:<\/strong><\/h2>\n<h3>(1) Montaj<\/h3>\n<p>Avem o platform\u0103 de asamblare independent\u0103 de cercetare \u0219i dezvoltare de prim\u0103 clas\u0103. Atelierul de produc\u021bie a cilindrilor hidraulici are patru linii de asamblare semiautomate pentru cilindri de ridicare \u0219i o linie de asamblare automat\u0103 a cilindrilor de \u00eenclinare, cu o capacitate de produc\u021bie anual\u0103 proiectat\u0103 de 1 milion de buc\u0103\u021bi. Atelierul de cilindri speciali este echipat cu diverse specifica\u021bii ale unui sistem de asamblare semi-automat de cur\u0103\u021bare, cu o capacitate de produc\u021bie anual\u0103 proiectat\u0103 de 200.000 \u0219i dotat cu echipamente celebre de prelucrare CNC, un centru de prelucrare, un echipament special de prelucrare a cilindrilor de \u00eenalt\u0103 precizie, o ma\u0219in\u0103 de sudur\u0103 robotizat\u0103, o ma\u0219in\u0103 de cur\u0103\u021bare automat\u0103, o ma\u0219in\u0103 de asamblare automat\u0103 a cilindrilor \u0219i o linie de produc\u021bie automat\u0103 de vopsire. Echipamente critice existente de peste 300 de seturi (seturi). Alocarea optim\u0103 \u0219i utilizarea eficient\u0103 a resurselor de echipamente asigur\u0103 cerin\u021bele de precizie ale produselor \u0219i satisface nevoile de \u00eenalt\u0103 calitate ale produselor.<\/p>\n<p><img loading=\"lazy\" decoding=\"async\" class=\"alignnone wp-image-626\" src=\"https:\/\/hydraulic-cylinders.net\/wp-content\/uploads\/2023\/08\/hydraulic-cylinder-product-1-300x158.webp\" alt=\"\" width=\"495\" height=\"260\" srcset=\"https:\/\/hydraulic-cylinders.net\/wp-content\/uploads\/2023\/08\/hydraulic-cylinder-product-1-300x158.webp 495w, https:\/\/hydraulic-cylinders.net\/wp-content\/uploads\/2023\/08\/hydraulic-cylinder-product-1-480x252.webp 480w\" sizes=\"(min-width: 0px) and (max-width: 480px) 480px, (min-width: 481px) 495px, 100vw\" \/> <img loading=\"lazy\" decoding=\"async\" class=\"alignnone wp-image-627\" src=\"https:\/\/hydraulic-cylinders.net\/wp-content\/uploads\/2023\/08\/hydraulic-cylinder-product-2-300x189.webp\" alt=\"\" width=\"413\" height=\"260\" \/><\/p>\n<h3>(2) Prelucrare<\/h3>\n<p>Atelierul de prelucrare este echipat cu un centru de strunjire cu \u0219in\u0103 \u00eenclinat\u0103 personalizat, un centru de prelucrare, o ma\u0219in\u0103 de honuire de mare vitez\u0103, un robot de sudur\u0103 \u0219i alte echipamente conexe, care pot gestiona prelucrarea tuburilor cilindrice cu un diametru interior maxim de 400 mm \u0219i o lungime maxim\u0103 de 6 metri.<\/p>\n<p><img loading=\"lazy\" decoding=\"async\" class=\"alignnone wp-image-628 size-large\" src=\"https:\/\/hydraulic-cylinders.net\/wp-content\/uploads\/2023\/08\/hydraulic-cylinder-product-3-1024x391.webp\" alt=\"\" width=\"1024\" height=\"391\" srcset=\"https:\/\/hydraulic-cylinders.net\/wp-content\/uploads\/2023\/08\/hydraulic-cylinder-product-3-980x374.webp 980w, https:\/\/hydraulic-cylinders.net\/wp-content\/uploads\/2023\/08\/hydraulic-cylinder-product-3-480x183.webp 480w\" sizes=\"(min-width: 0px) and (max-width: 480px) 480px, (min-width: 481px) and (max-width: 980px) 980px, (min-width: 981px) 1024px, 100vw\" \/><\/p>\n<h3>(3) Sudur\u0103<\/h3>\n<p><img loading=\"lazy\" decoding=\"async\" class=\"alignnone wp-image-629 size-large\" src=\"https:\/\/hydraulic-cylinders.net\/wp-content\/uploads\/2023\/08\/hydraulic-cylinder-product-4-1024x510.webp\" alt=\"\" width=\"1024\" height=\"510\" srcset=\"https:\/\/hydraulic-cylinders.net\/wp-content\/uploads\/2023\/08\/hydraulic-cylinder-product-4-980x488.webp 980w, https:\/\/hydraulic-cylinders.net\/wp-content\/uploads\/2023\/08\/hydraulic-cylinder-product-4-480x239.webp 480w\" sizes=\"(min-width: 0px) and (max-width: 480px) 480px, (min-width: 481px) and (max-width: 980px) 980px, (min-width: 981px) 1024px, 100vw\" \/><\/p>\n<h3>(4) Vopsire \u0219i acoperire<\/h3>\n<p>Cu linii automate de acoperire cu vopsea pe baz\u0103 de ap\u0103 cu cilindru de dimensiuni mici \u0219i medii, pentru a realiza \u00eenc\u0103rcarea \u0219i desc\u0103rcarea automat\u0103 a robotului \u0219i pulverizarea automat\u0103, capacitatea de proiectare de 4000 de buc\u0103\u021bi pe schimb;<br \/>\nAvem, de asemenea, o linie de produc\u021bie semi-automat\u0103 de vopsire pentru cilindri mari, ac\u021bionat\u0103 de un lan\u021b de putere, cu o capacitate de proiectare de 60 de cutii pe schimb.<\/p>\n<p><img loading=\"lazy\" decoding=\"async\" class=\"alignnone wp-image-630\" src=\"https:\/\/hydraulic-cylinders.net\/wp-content\/uploads\/2023\/08\/hydraulic-cylinder-product-5-300x213.webp\" alt=\"\" width=\"366\" height=\"260\" \/> <img loading=\"lazy\" decoding=\"async\" class=\"alignnone wp-image-631\" src=\"https:\/\/hydraulic-cylinders.net\/wp-content\/uploads\/2023\/08\/hydraulic-cylinder-product-6-300x225.webp\" alt=\"\" width=\"347\" height=\"260\" \/><\/p>\n<h3>(5) Testarea<\/h3>\n<p>Dispunem de instala\u021bii de inspec\u021bie \u0219i bancuri de testare de prim\u0103 clas\u0103 pentru a ne asigura c\u0103 performan\u021ba cilindrului \u00eendepline\u0219te cerin\u021bele.<\/p>\n<p><img loading=\"lazy\" decoding=\"async\" class=\"alignnone wp-image-632\" src=\"https:\/\/hydraulic-cylinders.net\/wp-content\/uploads\/2023\/08\/hydraulic-cylinder-product-8-300x200.webp\" alt=\"\" width=\"389\" height=\"260\" \/><\/p>\n<p>&nbsp;<\/p>\n<p>&nbsp;<\/p>\n<p>Suntem unul dintre cei mai buni produc\u0103tori de cilindri hidraulici metalurgici. Putem oferi un stoc complet de cilindri hidraulici metalurgici. De asemenea, oferim \u0219i produsele corespunz\u0103toare. <a href=\"https:\/\/hzpt.com\/agricultural-pto-gearbox\/\" target=\"_blank\" rel=\"noopener\">cutii de viteze agricole<\/a>Ne-am exportat produsele c\u0103tre clien\u021bi din \u00eentreaga lume \u0219i ne-am c\u00e2\u0219tigat o bun\u0103 reputa\u021bie datorit\u0103 calit\u0103\u021bii superioare a produselor noastre \u0219i a serviciilor post-v\u00e2nzare. \u00cei invit\u0103m pe clien\u021bii din \u021bar\u0103 \u0219i din str\u0103in\u0103tate s\u0103 ne contacteze pentru a negocia afaceri, a face schimb de informa\u021bii \u0219i... <a href=\"https:\/\/www.hydraulic-cylinders.net\/ro\/contact-us\/\">s\u0103 coopereze cu noi<\/a>!<\/p>\n<h2><\/h2>\n<h2><\/h2>\n<h2><\/h2>","protected":false},"excerpt":{"rendered":"<p>Rear Method Orchid Type Metallurgical Hydraulic Cylinder The rear method orchid-type metallurgical hydraulic cylinder is an advanced hydraulic component designed to meet the demanding requirements of metallurgical applications. With its exceptional performance, sturdy construction, and innovative design, this hydraulic cylinder delivers precise control, durability, and efficiency in challenging industrial environments. Whether used in steel mills, [&hellip;]<\/p>","protected":false},"featured_media":1184,"comment_status":"open","ping_status":"closed","template":"","meta":{"_et_pb_use_builder":"","_et_pb_old_content":"","_et_gb_content_width":""},"product_brand":[],"product_cat":[1376,1550,1524],"product_tag":[1380],"class_list":{"0":"post-1177","1":"product","2":"type-product","3":"status-publish","4":"has-post-thumbnail","6":"product_cat-hydraulic-cylinder","7":"product_cat-double-acting-hydraulic-cylinder","8":"product_cat-steel-mill-hydraulic-cylinders","9":"product_tag-hydraulic-cylinder","11":"first","12":"instock","13":"shipping-taxable","14":"product-type-simple"},"amp_enabled":true,"_links":{"self":[{"href":"https:\/\/www.hydraulic-cylinders.net\/ro\/wp-json\/wp\/v2\/product\/1177","targetHints":{"allow":["GET"]}}],"collection":[{"href":"https:\/\/www.hydraulic-cylinders.net\/ro\/wp-json\/wp\/v2\/product"}],"about":[{"href":"https:\/\/www.hydraulic-cylinders.net\/ro\/wp-json\/wp\/v2\/types\/product"}],"replies":[{"embeddable":true,"href":"https:\/\/www.hydraulic-cylinders.net\/ro\/wp-json\/wp\/v2\/comments?post=1177"}],"wp:featuredmedia":[{"embeddable":true,"href":"https:\/\/www.hydraulic-cylinders.net\/ro\/wp-json\/wp\/v2\/media\/1184"}],"wp:attachment":[{"href":"https:\/\/www.hydraulic-cylinders.net\/ro\/wp-json\/wp\/v2\/media?parent=1177"}],"wp:term":[{"taxonomy":"product_brand","embeddable":true,"href":"https:\/\/www.hydraulic-cylinders.net\/ro\/wp-json\/wp\/v2\/product_brand?post=1177"},{"taxonomy":"product_cat","embeddable":true,"href":"https:\/\/www.hydraulic-cylinders.net\/ro\/wp-json\/wp\/v2\/product_cat?post=1177"},{"taxonomy":"product_tag","embeddable":true,"href":"https:\/\/www.hydraulic-cylinders.net\/ro\/wp-json\/wp\/v2\/product_tag?post=1177"}],"curies":[{"name":"wp","href":"https:\/\/api.w.org\/{rel}","templated":true}]}}