{"id":1238,"date":"2023-09-14T08:14:17","date_gmt":"2023-09-14T08:14:17","guid":{"rendered":"https:\/\/hydraulic-cylinders.net\/?post_type=product&#038;p=1238"},"modified":"2025-04-11T05:26:15","modified_gmt":"2025-04-11T05:26:15","slug":"hrob-type-standard-b-type-circular-hydraulic-cylinder","status":"publish","type":"product","link":"https:\/\/www.hydraulic-cylinders.net\/ro\/produs\/hrob-type-standard-b-type-circular-hydraulic-cylinder\/","title":{"rendered":"Cilindru hidraulic circular de tip HROB Tip B standard B tip HROB"},"content":{"rendered":"<h1 style=\"text-align: center;\"><strong>Cilindru hidraulic circular de tip HROB Tip B standard B tip HROB<\/strong><\/h1>\n<p>Cilindrul hidraulic circular HROB tip B standard este un element hidraulic versatil \u0219i fiabil, care ofer\u0103 putere eficient\u0103 \u0219i control precis \u00een diverse aplica\u021bii industriale. Folosind tehnologie avansat\u0103 \u0219i standarde de \u00eenalt\u0103 calitate, acest cilindru hidraulic ofer\u0103 performan\u021be \u0219i durabilitate superioare. Fie c\u0103 este vorba de produc\u021bie, construc\u021bii sau manipularea materialelor, cilindrii HROB tip B asigur\u0103 o func\u021bionare hidraulic\u0103 lin\u0103 \u0219i eficient\u0103.<\/p>\n<p>Cilindru rotund din seria HRO sigur \u0219i stabil, cu randament, \u00eentre\u021binere u\u0219oar\u0103, aspect frumos, calitate \u00eenalt\u0103, potrivit pentru toate tipurile de prese.<\/p>\n<p><img loading=\"lazy\" decoding=\"async\" class=\"wp-image-1239 aligncenter\" src=\"https:\/\/hydraulic-cylinders.net\/wp-content\/uploads\/2023\/09\/hro-circular-hydraulic-cylinder-5-1-300x300.webp\" alt=\"\" width=\"400\" height=\"400\" \/><\/p>\n<h2><strong>Date caracteristice ale cilindrului hidraulic circular tip HROA:<\/strong><\/h2>\n<p><img loading=\"lazy\" decoding=\"async\" class=\"alignnone wp-image-1234 size-full\" src=\"https:\/\/hydraulic-cylinders.net\/wp-content\/uploads\/2023\/09\/hro-circular-hydraulic-cylinder-1-1-1.webp\" alt=\"\" width=\"1428\" height=\"436\" srcset=\"https:\/\/hydraulic-cylinders.net\/wp-content\/uploads\/2023\/09\/hro-circular-hydraulic-cylinder-1-1-1.webp 1428w, https:\/\/hydraulic-cylinders.net\/wp-content\/uploads\/2023\/09\/hro-circular-hydraulic-cylinder-1-1-1-1280x391.webp 1280w, https:\/\/hydraulic-cylinders.net\/wp-content\/uploads\/2023\/09\/hro-circular-hydraulic-cylinder-1-1-1-980x299.webp 980w, https:\/\/hydraulic-cylinders.net\/wp-content\/uploads\/2023\/09\/hro-circular-hydraulic-cylinder-1-1-1-480x147.webp 480w\" sizes=\"(min-width: 0px) and (max-width: 480px) 480px, (min-width: 481px) and (max-width: 980px) 980px, (min-width: 981px) and (max-width: 1280px) 1280px, (min-width: 1281px) 1428px, 100vw\" \/><\/p>\n<h2><strong>Diagrama structurii cilindrului hidraulic circular de tip HROA:<\/strong><\/h2>\n<p><img loading=\"lazy\" decoding=\"async\" class=\"alignnone wp-image-1235 size-full\" src=\"https:\/\/hydraulic-cylinders.net\/wp-content\/uploads\/2023\/09\/hro-circular-hydraulic-cylinder-2-1.webp\" alt=\"\" width=\"1404\" height=\"889\" srcset=\"https:\/\/hydraulic-cylinders.net\/wp-content\/uploads\/2023\/09\/hro-circular-hydraulic-cylinder-2-1.webp 1404w, https:\/\/hydraulic-cylinders.net\/wp-content\/uploads\/2023\/09\/hro-circular-hydraulic-cylinder-2-1-1280x810.webp 1280w, https:\/\/hydraulic-cylinders.net\/wp-content\/uploads\/2023\/09\/hro-circular-hydraulic-cylinder-2-1-980x621.webp 980w, https:\/\/hydraulic-cylinders.net\/wp-content\/uploads\/2023\/09\/hro-circular-hydraulic-cylinder-2-1-480x304.webp 480w\" sizes=\"(min-width: 0px) and (max-width: 480px) 480px, (min-width: 481px) and (max-width: 980px) 980px, (min-width: 981px) and (max-width: 1280px) 1280px, (min-width: 1281px) 1404px, 100vw\" \/><\/p>\n<h2><strong>Parametrul cilindrului hidraulic circular HROB tip standard B:<img loading=\"lazy\" decoding=\"async\" class=\"alignnone wp-image-1240 size-full\" src=\"https:\/\/hydraulic-cylinders.net\/wp-content\/uploads\/2023\/09\/hro-circular-hydraulic-cylinder-5.webp\" alt=\"\" width=\"1439\" height=\"1119\" srcset=\"https:\/\/hydraulic-cylinders.net\/wp-content\/uploads\/2023\/09\/hro-circular-hydraulic-cylinder-5.webp 1439w, https:\/\/hydraulic-cylinders.net\/wp-content\/uploads\/2023\/09\/hro-circular-hydraulic-cylinder-5-1280x995.webp 1280w, https:\/\/hydraulic-cylinders.net\/wp-content\/uploads\/2023\/09\/hro-circular-hydraulic-cylinder-5-980x762.webp 980w, https:\/\/hydraulic-cylinders.net\/wp-content\/uploads\/2023\/09\/hro-circular-hydraulic-cylinder-5-480x373.webp 480w\" sizes=\"(min-width: 0px) and (max-width: 480px) 480px, (min-width: 481px) and (max-width: 980px) 980px, (min-width: 981px) and (max-width: 1280px) 1280px, (min-width: 1281px) 1439px, 100vw\" \/> <\/strong><strong>Cilindru hidraulic circular de tip HROB Tip B standard B tip HROB <\/strong><strong>Fi\u0219\u0103 cu specifica\u021bii pentru tipul de dinte extern:<\/strong><\/h2>\n<h2><strong><img loading=\"lazy\" decoding=\"async\" class=\"alignnone wp-image-1241 size-full\" src=\"https:\/\/hydraulic-cylinders.net\/wp-content\/uploads\/2023\/09\/hro-circular-hydraulic-cylinder-6.webp\" alt=\"\" width=\"1426\" height=\"514\" srcset=\"https:\/\/hydraulic-cylinders.net\/wp-content\/uploads\/2023\/09\/hro-circular-hydraulic-cylinder-6.webp 1426w, https:\/\/hydraulic-cylinders.net\/wp-content\/uploads\/2023\/09\/hro-circular-hydraulic-cylinder-6-1280x461.webp 1280w, https:\/\/hydraulic-cylinders.net\/wp-content\/uploads\/2023\/09\/hro-circular-hydraulic-cylinder-6-980x353.webp 980w, https:\/\/hydraulic-cylinders.net\/wp-content\/uploads\/2023\/09\/hro-circular-hydraulic-cylinder-6-480x173.webp 480w\" sizes=\"(min-width: 0px) and (max-width: 480px) 480px, (min-width: 481px) and (max-width: 980px) 980px, (min-width: 981px) and (max-width: 1280px) 1280px, (min-width: 1281px) 1426px, 100vw\" \/><\/strong><\/h2>\n<h2><strong>Cilindru hidraulic circular de tip HROB Tip B standard B tip HROB <\/strong><strong>Metod\u0103 de utilizare<\/strong><strong>:<\/strong><\/h2>\n<ol>\n<li><strong>Montare \u0219i instalare:<\/strong>\n<ul>\n<li>Determina\u021bi loca\u021bia de instalare adecvat\u0103 pentru cilindrul standard B de tip HROB \u00een func\u021bie de echipament sau de cerin\u021bele mecanice.<\/li>\n<li>Asigura\u021bi-v\u0103 c\u0103 suprafa\u021ba de montare este curat\u0103, plan\u0103 \u0219i capabil\u0103 s\u0103 suporte greutatea \u0219i sarcina cilindrului.<\/li>\n<\/ul>\n<\/li>\n<li><strong>Conectarea la sistemul hidraulic:<\/strong>\n<ul>\n<li>Conecta\u021bi cilindrul hidraulic la sistemul hidraulic folosind un furtun sau o conduct\u0103 hidraulic\u0103 compatibil\u0103.<\/li>\n<li>Asigura\u021bi o aliniere corect\u0103 \u0219i conexiuni sigure pentru a preveni scurgerile \u0219i a optimiza performan\u021ba.<\/li>\n<\/ul>\n<\/li>\n<li><strong>Func\u021bionarea cilindrului:<\/strong>\n<ul>\n<li>Sistemul hidraulic de pornire aplic\u0103 presiune pentru a ini\u021bia mi\u0219carea cilindrului standard B HROB.<\/li>\n<li>Sistemul de control hidraulic este utilizat pentru a controla cu precizie extensia, retragerea \u0219i pozi\u021bionarea cilindrului pentru a ob\u021bine o func\u021bionare eficient\u0103.<\/li>\n<\/ul>\n<\/li>\n<\/ol>\n<h2><strong>Cilindru hidraulic circular de tip HROB Tip B standard B tip HROB <\/strong><strong>Caracteristici<\/strong><strong>:<\/strong><\/h2>\n<ul>\n<li><strong>Construc\u021bie robust\u0103:<\/strong> Cilindrii HROB tip standard B sunt fabrica\u021bi din materiale de \u00eenalt\u0103 calitate pentru a asigura durabilitatea \u0219i longevitatea \u00een medii industriale solicitante.<\/li>\n<li><strong>Precizie \u0219i control:<\/strong> Acest cilindru hidraulic ofer\u0103 un control precis al mi\u0219c\u0103rii \u0219i pozi\u021bion\u0103rii, permi\u021b\u00e2nd o func\u021bionare precis\u0103 \u0219i eficient\u0103.<\/li>\n<li><strong>Aplica\u021bii versatile:<\/strong> Cilindrii HROB standard tip B sunt potrivi\u021bi pentru produc\u021bie, construc\u021bii, manipularea materialelor \u0219i alte industrii.<\/li>\n<li><strong>Transmisie eficient\u0103 a puterii:<\/strong> Cilindrii transform\u0103 eficient energia hidraulic\u0103 \u00een for\u021b\u0103 mecanic\u0103, oferind o putere de ie\u0219ire fiabil\u0103 \u0219i constant\u0103.<\/li>\n<li><strong>Func\u021bionare lin\u0103:<\/strong> Cilindrul HROB standard tip B asigur\u0103 o func\u021bionare lin\u0103 \u0219i fiabil\u0103 \u0219i minimizeaz\u0103 vibra\u021biile \u0219i zgomotul \u00een timpul mi\u0219c\u0103rii hidraulice.<\/li>\n<\/ul>\n<h2><strong>C\u00e2t de greu este s\u0103 reconstruie\u0219ti un cilindru hidraulic?<\/strong><\/h2>\n<p>Reconstruirea unui cilindru hidraulic poate fi o sarcin\u0103 complex\u0103 care necesit\u0103 cuno\u0219tin\u021be mecanice, experien\u021b\u0103 \u0219i uneltele potrivite. Nivelul de dificultate implicat \u00een proces poate varia \u00een func\u021bie de designul specific \u0219i de starea cilindrului. Iat\u0103 c\u00e2\u021biva factori de luat \u00een considerare:<\/p>\n<ol>\n<li><strong>Expertiz\u0103 \u0219i experien\u021b\u0103:<\/strong><br \/>\nReconstruirea unui cilindru hidraulic necesit\u0103 o bun\u0103 \u00een\u021belegere a componentelor, func\u021bionalit\u0103\u021bii \u0219i asambl\u0103rii acestuia. Procesul poate fi mai u\u0219or de gestionat dac\u0103 ave\u021bi experien\u021b\u0103 \u00een lucrul cu sisteme hidraulice sau a\u021bi reconstruit anterior cilindri hidraulici. Cu toate acestea, dac\u0103 sunte\u021bi nou \u00een domeniul sistemelor hidraulice, este recomandat s\u0103 solicita\u021bi asisten\u021b\u0103 sau \u00eendrumare profesional\u0103.<\/li>\n<li><strong>Designul cilindrului:<\/strong><br \/>\nComplexitatea reconstruirii unui cilindru hidraulic poate depinde de designul s\u0103u. Unii cilindri au o construc\u021bie mai simpl\u0103, cu mai pu\u021bine componente interne, ceea ce \u00eei face relativ mai u\u0219or de reconstruit. Cu toate acestea, tehnicile mai avansate, cum ar fi cele cu etape multiple sau caracteristici integrate, pot fi mai complicate \u0219i mai dificil de dezasamblat, resigilat \u0219i reasamblat corect.<\/li>\n<li><strong>Starea cilindrului:<\/strong><br \/>\nStarea general\u0103 a cilindrului hidraulic afecteaz\u0103, de asemenea, procesul de reconstruc\u021bie. Dac\u0103 cilindrul prezint\u0103 deterior\u0103ri grave, uzur\u0103 extins\u0103 sau coroziune, poate necesita repara\u021bii suplimentare sau \u00eenlocuirea unor piese, ceea ce poate ad\u0103uga complexitate reconstruc\u021biei. Evaluarea prealabil\u0103 a st\u0103rii cilindrului va ajuta la determinarea nivelului de lucru necesar.<\/li>\n<li><strong>Unelte \u0219i echipamente:<\/strong><br \/>\nReconstruc\u021bia unui cilindru hidraulic necesit\u0103 adesea unelte \u0219i echipamente specializate. Acestea includ prese hidraulice, unelte pentru instalarea garniturilor, cle\u0219ti pentru inele elastice \u0219i chei dinamometrice. De\u021binerea uneltelor necesare \u0219i cunoa\u0219terea modului de utilizare corect\u0103 a acestora sunt cruciale pentru o reconstruc\u021bie reu\u0219it\u0103.<\/li>\n<li><strong>\u00cenlocuirea \u0219i asamblarea garniturii:<\/strong><br \/>\nUnul dintre pa\u0219ii critici \u00een reconstruc\u021bia unui cilindru hidraulic este \u00eenlocuirea garniturilor. Asigurarea selec\u021biei \u0219i instal\u0103rii corecte a garniturilor este esen\u021bial\u0103 pentru func\u021bionarea corect\u0103 \u0219i prevenirea scurgerilor. Necesit\u0103 precizie \u0219i aten\u021bie la detalii. \u00cen plus, reasamblarea componentelor cilindrului \u00een ordinea \u0219i alinierea corect\u0103 este crucial\u0103 pentru performan\u021ba sa optim\u0103.<\/li>\n<li><strong>Testare \u0219i verificare:<\/strong><br \/>\nDup\u0103 reconstruirea cilindrului hidraulic, este esen\u021bial s\u0103 se efectueze teste am\u0103nun\u021bite pentru a se asigura c\u0103 func\u021bioneaz\u0103 conform destina\u021biei. Acestea pot implica testarea presiunii, verificarea scurgerilor \u0219i verificarea gamei de mi\u0219care \u0219i a performan\u021bei cilindrului. Testarea adecvat\u0103 ajut\u0103 la identificarea problemelor \u0219i asigur\u0103 siguran\u021ba \u0219i fiabilitatea cilindrului.<\/li>\n<\/ol>\n<h2><strong>Capabilitatea \u0219i capacitatea fabricii:<\/strong><\/h2>\n<h3>(1) Montaj<\/h3>\n<p>Avem o platform\u0103 de asamblare independent\u0103 de cercetare \u0219i dezvoltare de prim\u0103 clas\u0103. Atelierul de produc\u021bie a cilindrilor hidraulici are patru linii de asamblare semiautomate pentru cilindri de ridicare \u0219i o linie de asamblare automat\u0103 a cilindrilor de \u00eenclinare, cu o capacitate de produc\u021bie anual\u0103 proiectat\u0103 de 1 milion de buc\u0103\u021bi. Atelierul de cilindri speciali este echipat cu diverse specifica\u021bii ale unui sistem de asamblare semi-automat de cur\u0103\u021bare, cu o capacitate de produc\u021bie anual\u0103 proiectat\u0103 de 200.000 \u0219i dotat cu echipamente celebre de prelucrare CNC, un centru de prelucrare, un echipament special de prelucrare a cilindrilor de \u00eenalt\u0103 precizie, o ma\u0219in\u0103 de sudur\u0103 robotizat\u0103, o ma\u0219in\u0103 de cur\u0103\u021bare automat\u0103, o ma\u0219in\u0103 de asamblare automat\u0103 a cilindrilor \u0219i o linie de produc\u021bie automat\u0103 de vopsire. Echipamente critice existente de peste 300 de seturi (seturi). Alocarea optim\u0103 \u0219i utilizarea eficient\u0103 a resurselor de echipamente asigur\u0103 cerin\u021bele de precizie ale produselor \u0219i satisface nevoile de \u00eenalt\u0103 calitate ale produselor.<\/p>\n<p><img loading=\"lazy\" decoding=\"async\" class=\"alignnone wp-image-626\" src=\"https:\/\/hydraulic-cylinders.net\/wp-content\/uploads\/2023\/08\/hydraulic-cylinder-product-1-300x158.webp\" alt=\"\" width=\"495\" height=\"260\" srcset=\"https:\/\/hydraulic-cylinders.net\/wp-content\/uploads\/2023\/08\/hydraulic-cylinder-product-1-300x158.webp 495w, https:\/\/hydraulic-cylinders.net\/wp-content\/uploads\/2023\/08\/hydraulic-cylinder-product-1-480x252.webp 480w\" sizes=\"(min-width: 0px) and (max-width: 480px) 480px, (min-width: 481px) 495px, 100vw\" \/> <img loading=\"lazy\" decoding=\"async\" class=\"alignnone wp-image-627\" src=\"https:\/\/hydraulic-cylinders.net\/wp-content\/uploads\/2023\/08\/hydraulic-cylinder-product-2-300x189.webp\" alt=\"\" width=\"413\" height=\"260\" \/><\/p>\n<h3>(2) Prelucrare<\/h3>\n<p>Atelierul de prelucrare este echipat cu un centru de strunjire cu \u0219in\u0103 \u00eenclinat\u0103 personalizat, un centru de prelucrare, o ma\u0219in\u0103 de honuire de mare vitez\u0103, un robot de sudur\u0103 \u0219i alte echipamente conexe, care pot gestiona prelucrarea tuburilor cilindrice cu un diametru interior maxim de 400 mm \u0219i o lungime maxim\u0103 de 6 metri.<\/p>\n<p><img loading=\"lazy\" decoding=\"async\" class=\"alignnone wp-image-628 size-large\" src=\"https:\/\/hydraulic-cylinders.net\/wp-content\/uploads\/2023\/08\/hydraulic-cylinder-product-3-1024x391.webp\" alt=\"\" width=\"1024\" height=\"391\" srcset=\"https:\/\/hydraulic-cylinders.net\/wp-content\/uploads\/2023\/08\/hydraulic-cylinder-product-3-980x374.webp 980w, https:\/\/hydraulic-cylinders.net\/wp-content\/uploads\/2023\/08\/hydraulic-cylinder-product-3-480x183.webp 480w\" sizes=\"(min-width: 0px) and (max-width: 480px) 480px, (min-width: 481px) and (max-width: 980px) 980px, (min-width: 981px) 1024px, 100vw\" \/><\/p>\n<h3>(3) Sudur\u0103<\/h3>\n<p><img loading=\"lazy\" decoding=\"async\" class=\"alignnone wp-image-629 size-large\" src=\"https:\/\/hydraulic-cylinders.net\/wp-content\/uploads\/2023\/08\/hydraulic-cylinder-product-4-1024x510.webp\" alt=\"\" width=\"1024\" height=\"510\" srcset=\"https:\/\/hydraulic-cylinders.net\/wp-content\/uploads\/2023\/08\/hydraulic-cylinder-product-4-980x488.webp 980w, https:\/\/hydraulic-cylinders.net\/wp-content\/uploads\/2023\/08\/hydraulic-cylinder-product-4-480x239.webp 480w\" sizes=\"(min-width: 0px) and (max-width: 480px) 480px, (min-width: 481px) and (max-width: 980px) 980px, (min-width: 981px) 1024px, 100vw\" \/><\/p>\n<h3>(4) Vopsire \u0219i acoperire<\/h3>\n<p>Cu linii automate de acoperire cu vopsea pe baz\u0103 de ap\u0103 cu cilindru de dimensiuni mici \u0219i medii, pentru a realiza \u00eenc\u0103rcarea \u0219i desc\u0103rcarea automat\u0103 a robotului \u0219i pulverizarea automat\u0103, capacitatea de proiectare de 4000 de buc\u0103\u021bi pe schimb;<br \/>\nAvem, de asemenea, o linie de produc\u021bie semi-automat\u0103 de vopsire pentru cilindri mari, ac\u021bionat\u0103 de un lan\u021b de putere, cu o capacitate de proiectare de 60 de cutii pe schimb.<\/p>\n<p><img loading=\"lazy\" decoding=\"async\" class=\"alignnone wp-image-630\" src=\"https:\/\/hydraulic-cylinders.net\/wp-content\/uploads\/2023\/08\/hydraulic-cylinder-product-5-300x213.webp\" alt=\"\" width=\"366\" height=\"260\" \/> <img loading=\"lazy\" decoding=\"async\" class=\"alignnone wp-image-631\" src=\"https:\/\/hydraulic-cylinders.net\/wp-content\/uploads\/2023\/08\/hydraulic-cylinder-product-6-300x225.webp\" alt=\"\" width=\"347\" height=\"260\" \/><\/p>\n<h3>(5) Testarea<\/h3>\n<p>Dispunem de instala\u021bii de inspec\u021bie \u0219i bancuri de testare de prim\u0103 clas\u0103 pentru a ne asigura c\u0103 performan\u021ba cilindrului \u00eendepline\u0219te cerin\u021bele.<\/p>\n<p><img loading=\"lazy\" decoding=\"async\" class=\"alignnone wp-image-632\" src=\"https:\/\/hydraulic-cylinders.net\/wp-content\/uploads\/2023\/08\/hydraulic-cylinder-product-8-300x200.webp\" alt=\"\" width=\"389\" height=\"260\" \/><\/p>\n<p>&nbsp;<\/p>\n<p>&nbsp;<\/p>\n<p>Suntem unul dintre cei mai buni produc\u0103tori de cilindri hidraulici metalurgici. Putem oferi un stoc complet de cilindri hidraulici metalurgici. De asemenea, oferim \u0219i produsele corespunz\u0103toare. <a href=\"https:\/\/hzpt.com\/agricultural-pto-gearbox\/\" target=\"_blank\" rel=\"noopener\">cutii de viteze agricole<\/a>Ne-am exportat produsele c\u0103tre clien\u021bi din \u00eentreaga lume \u0219i ne-am c\u00e2\u0219tigat o bun\u0103 reputa\u021bie datorit\u0103 calit\u0103\u021bii superioare a produselor noastre \u0219i a serviciilor post-v\u00e2nzare. \u00cei invit\u0103m pe clien\u021bii din \u021bar\u0103 \u0219i din str\u0103in\u0103tate s\u0103 ne contacteze pentru a negocia afaceri, a face schimb de informa\u021bii \u0219i... <a href=\"https:\/\/www.hydraulic-cylinders.net\/ro\/contact-us\/\">s\u0103 coopereze cu noi<\/a>!<\/p>\n<h2><\/h2>","protected":false},"excerpt":{"rendered":"<p>HROB Type Standard B Type Circular Hydraulic Cylinder The HROB standard Type B circular hydraulic cylinder is a versatile and reliable hydraulic element that provides efficient power and precise control in various industrial applications. Using advanced technology and high-quality standards, this hydraulic cylinder offers superior performance and durability. Whether in manufacturing, construction, or material handling, [&hellip;]<\/p>","protected":false},"featured_media":1259,"comment_status":"open","ping_status":"closed","template":"","meta":{"_et_pb_use_builder":"","_et_pb_old_content":"","_et_gb_content_width":""},"product_brand":[],"product_cat":[1526,1550,1376],"product_tag":[1380],"class_list":{"0":"post-1238","1":"product","2":"type-product","3":"status-publish","4":"has-post-thumbnail","6":"product_cat-assembly-line-hydraulic-cylinders","7":"product_cat-double-acting-hydraulic-cylinder","8":"product_cat-hydraulic-cylinder","9":"product_tag-hydraulic-cylinder","11":"first","12":"instock","13":"shipping-taxable","14":"product-type-simple"},"amp_enabled":true,"_links":{"self":[{"href":"https:\/\/www.hydraulic-cylinders.net\/ro\/wp-json\/wp\/v2\/product\/1238","targetHints":{"allow":["GET"]}}],"collection":[{"href":"https:\/\/www.hydraulic-cylinders.net\/ro\/wp-json\/wp\/v2\/product"}],"about":[{"href":"https:\/\/www.hydraulic-cylinders.net\/ro\/wp-json\/wp\/v2\/types\/product"}],"replies":[{"embeddable":true,"href":"https:\/\/www.hydraulic-cylinders.net\/ro\/wp-json\/wp\/v2\/comments?post=1238"}],"wp:featuredmedia":[{"embeddable":true,"href":"https:\/\/www.hydraulic-cylinders.net\/ro\/wp-json\/wp\/v2\/media\/1259"}],"wp:attachment":[{"href":"https:\/\/www.hydraulic-cylinders.net\/ro\/wp-json\/wp\/v2\/media?parent=1238"}],"wp:term":[{"taxonomy":"product_brand","embeddable":true,"href":"https:\/\/www.hydraulic-cylinders.net\/ro\/wp-json\/wp\/v2\/product_brand?post=1238"},{"taxonomy":"product_cat","embeddable":true,"href":"https:\/\/www.hydraulic-cylinders.net\/ro\/wp-json\/wp\/v2\/product_cat?post=1238"},{"taxonomy":"product_tag","embeddable":true,"href":"https:\/\/www.hydraulic-cylinders.net\/ro\/wp-json\/wp\/v2\/product_tag?post=1238"}],"curies":[{"name":"wp","href":"https:\/\/api.w.org\/{rel}","templated":true}]}}