{"id":1250,"date":"2023-09-14T08:25:27","date_gmt":"2023-09-14T08:25:27","guid":{"rendered":"https:\/\/hydraulic-cylinders.net\/?post_type=product&#038;p=1250"},"modified":"2025-04-11T05:26:06","modified_gmt":"2025-04-11T05:26:06","slug":"hroe-rear-flange-type-circular-hydraulic-cylinder","status":"publish","type":"product","link":"https:\/\/www.hydraulic-cylinders.net\/ro\/produs\/hroe-rear-flange-type-circular-hydraulic-cylinder\/","title":{"rendered":"HROE Cilindru hidraulic circular cu flan\u0219\u0103 spate de tip HROE"},"content":{"rendered":"<h1 style=\"text-align: center;\"><strong>HROE Cilindru hidraulic circular cu flan\u0219\u0103 spate de tip HROE<\/strong><\/h1>\n<p>Cilindrul hidraulic circular cu flan\u0219\u0103 spate HROE este un element hidraulic de ultim\u0103 genera\u021bie, conceput pentru a oferi o transmisie de putere fiabil\u0103 \u0219i eficient\u0103 pentru o gam\u0103 larg\u0103 de aplica\u021bii industriale. Cu designul s\u0103u inovator \u0219i performan\u021ba superioar\u0103, acest cilindru hidraulic ofer\u0103 control precis, durabilitate \u0219i versatilitate. Fie c\u0103 este vorba de produc\u021bie, construc\u021bii sau manipularea materialelor, cilindrul cu flan\u0219\u0103 spate HROE optimizeaz\u0103 func\u021bionarea hidraulic\u0103 \u0219i cre\u0219te productivitatea.<\/p>\n<p>Cilindru rotund din seria HRO sigur \u0219i stabil, cu randament, \u00eentre\u021binere u\u0219oar\u0103, aspect frumos, calitate \u00eenalt\u0103, potrivit pentru toate tipurile de prese.<\/p>\n<p><img loading=\"lazy\" decoding=\"async\" class=\"aligncenter wp-image-1251\" src=\"https:\/\/hydraulic-cylinders.net\/wp-content\/uploads\/2023\/09\/hro-circular-hydraulic-cylinder-9-1-300x300.webp\" alt=\"\" width=\"400\" height=\"400\" \/><\/p>\n<h2><strong>Date caracteristice ale cilindrului hidraulic circular tip HROA:<\/strong><\/h2>\n<p><img loading=\"lazy\" decoding=\"async\" class=\"alignnone wp-image-1234 size-full\" src=\"https:\/\/hydraulic-cylinders.net\/wp-content\/uploads\/2023\/09\/hro-circular-hydraulic-cylinder-1-1-1.webp\" alt=\"\" width=\"1428\" height=\"436\" srcset=\"https:\/\/hydraulic-cylinders.net\/wp-content\/uploads\/2023\/09\/hro-circular-hydraulic-cylinder-1-1-1.webp 1428w, https:\/\/hydraulic-cylinders.net\/wp-content\/uploads\/2023\/09\/hro-circular-hydraulic-cylinder-1-1-1-1280x391.webp 1280w, https:\/\/hydraulic-cylinders.net\/wp-content\/uploads\/2023\/09\/hro-circular-hydraulic-cylinder-1-1-1-980x299.webp 980w, https:\/\/hydraulic-cylinders.net\/wp-content\/uploads\/2023\/09\/hro-circular-hydraulic-cylinder-1-1-1-480x147.webp 480w\" sizes=\"(min-width: 0px) and (max-width: 480px) 480px, (min-width: 481px) and (max-width: 980px) 980px, (min-width: 981px) and (max-width: 1280px) 1280px, (min-width: 1281px) 1428px, 100vw\" \/><\/p>\n<h2><strong>Diagrama structurii cilindrului hidraulic circular de tip HROA:<\/strong><\/h2>\n<p><img loading=\"lazy\" decoding=\"async\" class=\"alignnone wp-image-1235 size-full\" src=\"https:\/\/hydraulic-cylinders.net\/wp-content\/uploads\/2023\/09\/hro-circular-hydraulic-cylinder-2-1.webp\" alt=\"\" width=\"1404\" height=\"889\" srcset=\"https:\/\/hydraulic-cylinders.net\/wp-content\/uploads\/2023\/09\/hro-circular-hydraulic-cylinder-2-1.webp 1404w, https:\/\/hydraulic-cylinders.net\/wp-content\/uploads\/2023\/09\/hro-circular-hydraulic-cylinder-2-1-1280x810.webp 1280w, https:\/\/hydraulic-cylinders.net\/wp-content\/uploads\/2023\/09\/hro-circular-hydraulic-cylinder-2-1-980x621.webp 980w, https:\/\/hydraulic-cylinders.net\/wp-content\/uploads\/2023\/09\/hro-circular-hydraulic-cylinder-2-1-480x304.webp 480w\" sizes=\"(min-width: 0px) and (max-width: 480px) 480px, (min-width: 481px) and (max-width: 980px) 980px, (min-width: 981px) and (max-width: 1280px) 1280px, (min-width: 1281px) 1404px, 100vw\" \/><\/p>\n<h2><strong>Parametrul cilindrului hidraulic circular HROE cu flan\u0219\u0103 spate:<\/strong> <img loading=\"lazy\" decoding=\"async\" class=\"alignnone wp-image-1252 size-full\" src=\"https:\/\/hydraulic-cylinders.net\/wp-content\/uploads\/2023\/09\/hro-circular-hydraulic-cylinder-9.webp\" alt=\"\" width=\"1452\" height=\"1221\" srcset=\"https:\/\/hydraulic-cylinders.net\/wp-content\/uploads\/2023\/09\/hro-circular-hydraulic-cylinder-9.webp 1452w, https:\/\/hydraulic-cylinders.net\/wp-content\/uploads\/2023\/09\/hro-circular-hydraulic-cylinder-9-1280x1076.webp 1280w, https:\/\/hydraulic-cylinders.net\/wp-content\/uploads\/2023\/09\/hro-circular-hydraulic-cylinder-9-980x824.webp 980w, https:\/\/hydraulic-cylinders.net\/wp-content\/uploads\/2023\/09\/hro-circular-hydraulic-cylinder-9-480x404.webp 480w\" sizes=\"(min-width: 0px) and (max-width: 480px) 480px, (min-width: 481px) and (max-width: 980px) 980px, (min-width: 981px) and (max-width: 1280px) 1280px, (min-width: 1281px) 1452px, 100vw\" \/><\/h2>\n<h2><strong>HROE Cilindru hidraulic circular cu flan\u0219\u0103 spate de tip HROE <\/strong><strong>Fi\u0219\u0103 cu specifica\u021bii pentru tipul de dinte extern:<\/strong><\/h2>\n<h2><img loading=\"lazy\" decoding=\"async\" class=\"alignnone wp-image-1253 size-full\" src=\"https:\/\/hydraulic-cylinders.net\/wp-content\/uploads\/2023\/09\/hro-circular-hydraulic-cylinder-10.webp\" alt=\"\" width=\"1406\" height=\"491\" srcset=\"https:\/\/hydraulic-cylinders.net\/wp-content\/uploads\/2023\/09\/hro-circular-hydraulic-cylinder-10.webp 1406w, https:\/\/hydraulic-cylinders.net\/wp-content\/uploads\/2023\/09\/hro-circular-hydraulic-cylinder-10-1280x447.webp 1280w, https:\/\/hydraulic-cylinders.net\/wp-content\/uploads\/2023\/09\/hro-circular-hydraulic-cylinder-10-980x342.webp 980w, https:\/\/hydraulic-cylinders.net\/wp-content\/uploads\/2023\/09\/hro-circular-hydraulic-cylinder-10-480x168.webp 480w\" sizes=\"(min-width: 0px) and (max-width: 480px) 480px, (min-width: 481px) and (max-width: 980px) 980px, (min-width: 981px) and (max-width: 1280px) 1280px, (min-width: 1281px) 1406px, 100vw\" \/><\/h2>\n<h2><strong>HROE Cilindru hidraulic circular cu flan\u0219\u0103 spate de tip HROE <\/strong><strong>Metod\u0103 de utilizare<\/strong><strong>:<\/strong><\/h2>\n<ol>\n<li><strong>Montare \u0219i instalare:<\/strong>\n<ul>\n<li>Identifica\u021bi pozi\u021bia de montare adecvat\u0103 pentru cilindrul cu flan\u0219\u0103 spate HROE, \u00een func\u021bie de cerin\u021bele specifice ale echipamentului sau utilajului dumneavoastr\u0103.<\/li>\n<li>Asigura\u021bi-v\u0103 c\u0103 suprafa\u021ba de montare este solid\u0103, plan\u0103 \u0219i capabil\u0103 s\u0103 sus\u021bin\u0103 \u00een siguran\u021b\u0103 greutatea \u0219i sarcina cilindrului.<\/li>\n<\/ul>\n<\/li>\n<li><strong>Conectarea sistemului hidraulic:<\/strong>\n<ul>\n<li>Conecta\u021bi cilindrul hidraulic la sistemul hidraulic folosind furtunuri sau \u021bevi hidraulice compatibile.<\/li>\n<li>Asigura\u021bi o aliniere corect\u0103 \u0219i conexiuni sigure pentru a preveni scurgerile \u0219i a asigura o performan\u021b\u0103 optim\u0103.<\/li>\n<\/ul>\n<\/li>\n<li><strong>Func\u021bionarea cilindrului:<\/strong>\n<ul>\n<li>Activa\u021bi sistemul hidraulic pentru a ini\u021bia mi\u0219carea cilindrului cu flan\u0219\u0103 spate HROE.<\/li>\n<li>Utiliza\u021bi sistemul de control hidraulic pentru a controla cu precizie extensia, retragerea \u0219i pozi\u021bionarea cilindrului, pentru opera\u021biuni eficiente.<\/li>\n<\/ul>\n<\/li>\n<\/ol>\n<h2><strong>Caracteristicile cilindrului hidraulic circular cu flan\u0219\u0103 spate HROE:<\/strong><\/h2>\n<ul>\n<li><strong>Design inovator:<\/strong>\u00a0 Cilindrul HROE cu flan\u0219\u0103 spate prezint\u0103 un design de ultim\u0103 genera\u021bie care maximizeaz\u0103 performan\u021ba, eficien\u021ba \u0219i durabilitatea.<\/li>\n<li><strong>Control precis:<\/strong>\u00a0 Acest cilindru hidraulic ofer\u0103 un control superior al mi\u0219c\u0103rii \u0219i pozi\u021bion\u0103rii, permi\u021b\u00e2nd o func\u021bionare precis\u0103 \u0219i eficient\u0103.<\/li>\n<li><strong>Capacitate mare de \u00eenc\u0103rcare:<\/strong>\u00a0 Cilindrii HROE cu flan\u0219\u0103 spate sunt proiecta\u021bi s\u0103 suporte sarcini grele \u0219i s\u0103 reziste aplica\u021biilor industriale solicitante.<\/li>\n<li><strong>Aplica\u021bii versatile:<\/strong>\u00a0 Cilindrul hidraulic are un design universal, potrivit pentru produc\u021bie, construc\u021bii, manipularea materialelor \u0219i alte industrii.<\/li>\n<li><strong>Fiabilitate \u0219i durabilitate:<\/strong>\u00a0 Cilindrii HROE cu flan\u0219\u0103 spate pot rezista la condi\u021bii dure de func\u021bionare, oferind performan\u021be de lung\u0103 durat\u0103 \u0219i reduc\u00e2nd la minimum timpul de nefunc\u021bionare.<\/li>\n<li><strong>Func\u021bionare lin\u0103:<\/strong>\u00a0 Cilindrul asigur\u0103 o func\u021bionare lin\u0103 \u0219i fiabil\u0103 \u0219i minimizeaz\u0103 vibra\u021biile \u0219i zgomotul \u00een timpul mi\u0219c\u0103rii hidraulice.<\/li>\n<\/ul>\n<h2><strong>Cum se demonteaz\u0103 cilindrul hidraulic de la \u00eenc\u0103rc\u0103torul frontal?<\/strong><\/h2>\n<p>Demontarea unui cilindru hidraulic de la un \u00eenc\u0103rc\u0103tor frontal necesit\u0103 o preg\u0103tire \u0219i o execu\u021bie atent\u0103. Iat\u0103 un ghid pas cu pas care v\u0103 va ajuta \u00een acest proces:<\/p>\n<ol>\n<li><strong>Siguran\u021ba pe primul loc:<\/strong>\n<ul>\n<li>\u00cenainte de a \u00eencepe lucrul, asigura\u021bi-v\u0103 c\u0103 \u00eenc\u0103rc\u0103torul frontal este parcat pe o suprafa\u021b\u0103 plan\u0103 \u0219i c\u0103 motorul este oprit.<\/li>\n<li>Ac\u021biona\u021bi fr\u00e2na de m\u00e2n\u0103 \u0219i plasa\u021bi pene \u00een spatele ro\u021bilor din spate pentru a preveni mi\u0219carea accidental\u0103.<\/li>\n<li>Purta\u021bi echipament individual de protec\u021bie (EIP) adecvat, inclusiv m\u0103nu\u0219i \u0219i ochelari de protec\u021bie.<\/li>\n<\/ul>\n<\/li>\n<li><strong>Identifica\u021bi cilindrul:<\/strong>\n<ul>\n<li>Localiza\u021bi cilindrul hidraulic pe care inten\u021biona\u021bi s\u0103 \u00eel demonta\u021bi. Acesta va fi conectat la sistemul hidraulic al \u00eenc\u0103rc\u0103torului \u0219i ata\u0219at la puncte de montare specifice.<\/li>\n<\/ul>\n<\/li>\n<li><strong>Elibera\u021bi presiunea hidraulic\u0103:<\/strong>\n<ul>\n<li>Pentru a evita mi\u0219c\u0103rile bru\u0219te sau poten\u021bialele accident\u0103ri, elibera\u021bi presiunea hidraulic\u0103 din sistem \u00eenainte de a deconecta cilindrul.<\/li>\n<li>Porni\u021bi motorul \u0219i ac\u021biona\u021bi comenzile hidraulice ale \u00eenc\u0103rc\u0103torului pentru a deplasa cupa sau ata\u0219amentul \u00eentr-o pozi\u021bie complet extins\u0103 sau ridicat\u0103.<\/li>\n<li>Opri\u021bi motorul \u0219i elibera\u021bi orice presiune r\u0103mas\u0103 ac\u021bion\u00e2nd comenzile hidraulice de c\u00e2teva ori.<\/li>\n<\/ul>\n<\/li>\n<li><strong>Deconectarea conexiunilor hidraulice:<\/strong>\n<ul>\n<li>Localiza\u021bi furtunurile sau conductele hidraulice conectate la cilindru. Acestea sunt de obicei fixate cu fitinguri, \u0219uruburi sau cuplaje cu eliberare rapid\u0103.<\/li>\n<li>Sl\u0103bi\u021bi \u0219i deconecta\u021bi cu grij\u0103 conexiunile hidraulice, folosind uneltele adecvate, dup\u0103 cum este necesar.<\/li>\n<li>Fi\u021bi preg\u0103ti\u021bi pentru scurgeri de fluid hidraulic, a\u0219a c\u0103 ave\u021bi la \u00eendem\u00e2n\u0103 un bazin de colectare sau un material absorbant pentru a reduce la minimum scurgerile.<\/li>\n<\/ul>\n<\/li>\n<li><strong>Scoate\u021bi accesoriile de montare:<\/strong>\n<ul>\n<li>Identifica\u021bi punctele de montare unde cilindrul este ata\u0219at la structura \u00eenc\u0103rc\u0103torului. Acestea pot include \u0219tifturi, \u0219uruburi sau console.<\/li>\n<li>Scoate\u021bi orice \u0219tifturi sau \u0219uruburi de fixare care fixeaz\u0103 cilindrul pe \u00eenc\u0103rc\u0103tor folosind uneltele corespunz\u0103toare.<\/li>\n<li>Urm\u0103ri\u021bi componentele hardware pe m\u0103sur\u0103 ce le scoate\u021bi, asigur\u00e2ndu-v\u0103 c\u0103 nu sunt r\u0103t\u0103cite sau pierdute.<\/li>\n<\/ul>\n<\/li>\n<li><strong>Deta\u0219a\u021bi cilindrul:<\/strong>\n<ul>\n<li>Odat\u0103 ce conexiunile hidraulice \u0219i piesele de montare au fost \u00eendep\u0103rtate, cilindrul ar trebui s\u0103 poat\u0103 fi deta\u0219at liber.<\/li>\n<li>Glisa\u021bi sau manevra\u021bi cu grij\u0103 cilindrul din pozi\u021bia sa de montare, f\u0103r\u0103 a deteriora componentele din jur sau conductele hidraulice.<\/li>\n<li>Folosi\u021bi echipamente de ridicare sau asisten\u021b\u0103 pentru a manipula \u0219i scoate butelia din \u00eenc\u0103rc\u0103tor \u00een siguran\u021b\u0103.<\/li>\n<\/ul>\n<\/li>\n<li><strong>Depozitare \u0219i \u00eentre\u021binere adecvate:<\/strong>\n<ul>\n<li>Dup\u0103 ce cilindrul este demontat, inspecta\u021bi-l pentru a depista orice semne de deteriorare sau uzur\u0103. \u00cenlocui\u021bi orice garnituri sau componente uzate, dac\u0103 este necesar.<\/li>\n<li>Depozita\u021bi cilindrul hidraulic \u00eentr-un loc curat \u0219i uscat, ferit de praf, umiditate \u0219i temperaturi extreme.<\/li>\n<li>Dac\u0103 cilindrul necesit\u0103 revizii suplimentare, consulta\u021bi instruc\u021biunile produc\u0103torului sau solicita\u021bi asisten\u021b\u0103 profesional\u0103.<\/li>\n<\/ul>\n<\/li>\n<\/ol>\n<ol>\n<li style=\"list-style-type: none;\"><\/li>\n<\/ol>\n<h2><strong>Capabilitatea \u0219i capacitatea fabricii:<\/strong><\/h2>\n<h3>(1) Montaj<\/h3>\n<p>Avem o platform\u0103 de asamblare independent\u0103 de cercetare \u0219i dezvoltare de prim\u0103 clas\u0103. Atelierul de produc\u021bie a cilindrilor hidraulici are patru linii de asamblare semiautomate pentru cilindri de ridicare \u0219i o linie de asamblare automat\u0103 a cilindrilor de \u00eenclinare, cu o capacitate de produc\u021bie anual\u0103 proiectat\u0103 de 1 milion de buc\u0103\u021bi. Atelierul de cilindri speciali este echipat cu diverse specifica\u021bii ale unui sistem de asamblare semi-automat de cur\u0103\u021bare, cu o capacitate de produc\u021bie anual\u0103 proiectat\u0103 de 200.000 \u0219i dotat cu echipamente celebre de prelucrare CNC, un centru de prelucrare, un echipament special de prelucrare a cilindrilor de \u00eenalt\u0103 precizie, o ma\u0219in\u0103 de sudur\u0103 robotizat\u0103, o ma\u0219in\u0103 de cur\u0103\u021bare automat\u0103, o ma\u0219in\u0103 de asamblare automat\u0103 a cilindrilor \u0219i o linie de produc\u021bie automat\u0103 de vopsire. Echipamente critice existente de peste 300 de seturi (seturi). Alocarea optim\u0103 \u0219i utilizarea eficient\u0103 a resurselor de echipamente asigur\u0103 cerin\u021bele de precizie ale produselor \u0219i satisface nevoile de \u00eenalt\u0103 calitate ale produselor.<\/p>\n<p><img loading=\"lazy\" decoding=\"async\" class=\"alignnone wp-image-626\" src=\"https:\/\/hydraulic-cylinders.net\/wp-content\/uploads\/2023\/08\/hydraulic-cylinder-product-1-300x158.webp\" alt=\"\" width=\"495\" height=\"260\" srcset=\"https:\/\/hydraulic-cylinders.net\/wp-content\/uploads\/2023\/08\/hydraulic-cylinder-product-1-300x158.webp 495w, https:\/\/hydraulic-cylinders.net\/wp-content\/uploads\/2023\/08\/hydraulic-cylinder-product-1-480x252.webp 480w\" sizes=\"(min-width: 0px) and (max-width: 480px) 480px, (min-width: 481px) 495px, 100vw\" \/> <img loading=\"lazy\" decoding=\"async\" class=\"alignnone wp-image-627\" src=\"https:\/\/hydraulic-cylinders.net\/wp-content\/uploads\/2023\/08\/hydraulic-cylinder-product-2-300x189.webp\" alt=\"\" width=\"413\" height=\"260\" \/><\/p>\n<h3>(2) Prelucrare<\/h3>\n<p>Atelierul de prelucrare este echipat cu un centru de strunjire cu \u0219in\u0103 \u00eenclinat\u0103 personalizat, un centru de prelucrare, o ma\u0219in\u0103 de honuire de mare vitez\u0103, un robot de sudur\u0103 \u0219i alte echipamente conexe, care pot gestiona prelucrarea tuburilor cilindrice cu un diametru interior maxim de 400 mm \u0219i o lungime maxim\u0103 de 6 metri.<\/p>\n<p><img loading=\"lazy\" decoding=\"async\" class=\"alignnone wp-image-628 size-large\" src=\"https:\/\/hydraulic-cylinders.net\/wp-content\/uploads\/2023\/08\/hydraulic-cylinder-product-3-1024x391.webp\" alt=\"\" width=\"1024\" height=\"391\" srcset=\"https:\/\/hydraulic-cylinders.net\/wp-content\/uploads\/2023\/08\/hydraulic-cylinder-product-3-980x374.webp 980w, https:\/\/hydraulic-cylinders.net\/wp-content\/uploads\/2023\/08\/hydraulic-cylinder-product-3-480x183.webp 480w\" sizes=\"(min-width: 0px) and (max-width: 480px) 480px, (min-width: 481px) and (max-width: 980px) 980px, (min-width: 981px) 1024px, 100vw\" \/><\/p>\n<h3>(3) Sudur\u0103<\/h3>\n<p><img loading=\"lazy\" decoding=\"async\" class=\"alignnone wp-image-629 size-large\" src=\"https:\/\/hydraulic-cylinders.net\/wp-content\/uploads\/2023\/08\/hydraulic-cylinder-product-4-1024x510.webp\" alt=\"\" width=\"1024\" height=\"510\" srcset=\"https:\/\/hydraulic-cylinders.net\/wp-content\/uploads\/2023\/08\/hydraulic-cylinder-product-4-980x488.webp 980w, https:\/\/hydraulic-cylinders.net\/wp-content\/uploads\/2023\/08\/hydraulic-cylinder-product-4-480x239.webp 480w\" sizes=\"(min-width: 0px) and (max-width: 480px) 480px, (min-width: 481px) and (max-width: 980px) 980px, (min-width: 981px) 1024px, 100vw\" \/><\/p>\n<h3>(4) Vopsire \u0219i acoperire<\/h3>\n<p>Cu linii automate de acoperire cu vopsea pe baz\u0103 de ap\u0103 cu cilindru de dimensiuni mici \u0219i medii, pentru a realiza \u00eenc\u0103rcarea \u0219i desc\u0103rcarea automat\u0103 a robotului \u0219i pulverizarea automat\u0103, capacitatea de proiectare de 4000 de buc\u0103\u021bi pe schimb;<br \/>\nAvem, de asemenea, o linie de produc\u021bie semi-automat\u0103 de vopsire pentru cilindri mari, ac\u021bionat\u0103 de un lan\u021b de putere, cu o capacitate de proiectare de 60 de cutii pe schimb.<\/p>\n<p><img loading=\"lazy\" decoding=\"async\" class=\"alignnone wp-image-630\" src=\"https:\/\/hydraulic-cylinders.net\/wp-content\/uploads\/2023\/08\/hydraulic-cylinder-product-5-300x213.webp\" alt=\"\" width=\"366\" height=\"260\" \/> <img loading=\"lazy\" decoding=\"async\" class=\"alignnone wp-image-631\" src=\"https:\/\/hydraulic-cylinders.net\/wp-content\/uploads\/2023\/08\/hydraulic-cylinder-product-6-300x225.webp\" alt=\"\" width=\"347\" height=\"260\" \/><\/p>\n<h3>(5) Testarea<\/h3>\n<p>Dispunem de instala\u021bii de inspec\u021bie \u0219i bancuri de testare de prim\u0103 clas\u0103 pentru a ne asigura c\u0103 performan\u021ba cilindrului \u00eendepline\u0219te cerin\u021bele.<\/p>\n<p><img loading=\"lazy\" decoding=\"async\" class=\"alignnone wp-image-632\" src=\"https:\/\/hydraulic-cylinders.net\/wp-content\/uploads\/2023\/08\/hydraulic-cylinder-product-8-300x200.webp\" alt=\"\" width=\"389\" height=\"260\" \/><\/p>\n<p>&nbsp;<\/p>\n<p>&nbsp;<\/p>\n<p>Suntem unul dintre cei mai buni produc\u0103tori de cilindri hidraulici metalurgici. Putem oferi un stoc complet de cilindri hidraulici metalurgici. De asemenea, oferim \u0219i produsele corespunz\u0103toare. <a href=\"https:\/\/hzpt.com\/agricultural-pto-gearbox\/\" target=\"_blank\" rel=\"noopener\">cutii de viteze agricole<\/a>Ne-am exportat produsele c\u0103tre clien\u021bi din \u00eentreaga lume \u0219i ne-am c\u00e2\u0219tigat o bun\u0103 reputa\u021bie datorit\u0103 calit\u0103\u021bii superioare a produselor noastre \u0219i a serviciilor post-v\u00e2nzare. \u00cei invit\u0103m pe clien\u021bii din \u021bar\u0103 \u0219i din str\u0103in\u0103tate s\u0103 ne contacteze pentru a negocia afaceri, a face schimb de informa\u021bii \u0219i... <a href=\"https:\/\/www.hydraulic-cylinders.net\/ro\/contact-us\/\">s\u0103 coopereze cu noi<\/a>!<\/p>\n<h2><\/h2>\n<h2><\/h2>\n<h2><\/h2>","protected":false},"excerpt":{"rendered":"<p>HROE Rear Flange Type Circular Hydraulic Cylinder The HROE rear flanged circular hydraulic cylinder is a cutting-edge hydraulic element designed to provide reliable and efficient power transmission for a wide range of industrial applications. With its innovative design and superior performance, this hydraulic cylinder offers precise control, durability, and versatility. Whether in manufacturing, construction, or [&hellip;]<\/p>","protected":false},"featured_media":1257,"comment_status":"open","ping_status":"closed","template":"","meta":{"_et_pb_use_builder":"","_et_pb_old_content":"","_et_gb_content_width":""},"product_brand":[],"product_cat":[1526,1550,1376],"product_tag":[1380],"class_list":{"0":"post-1250","1":"product","2":"type-product","3":"status-publish","4":"has-post-thumbnail","6":"product_cat-assembly-line-hydraulic-cylinders","7":"product_cat-double-acting-hydraulic-cylinder","8":"product_cat-hydraulic-cylinder","9":"product_tag-hydraulic-cylinder","11":"first","12":"instock","13":"shipping-taxable","14":"product-type-simple"},"amp_enabled":true,"_links":{"self":[{"href":"https:\/\/www.hydraulic-cylinders.net\/ro\/wp-json\/wp\/v2\/product\/1250","targetHints":{"allow":["GET"]}}],"collection":[{"href":"https:\/\/www.hydraulic-cylinders.net\/ro\/wp-json\/wp\/v2\/product"}],"about":[{"href":"https:\/\/www.hydraulic-cylinders.net\/ro\/wp-json\/wp\/v2\/types\/product"}],"replies":[{"embeddable":true,"href":"https:\/\/www.hydraulic-cylinders.net\/ro\/wp-json\/wp\/v2\/comments?post=1250"}],"wp:featuredmedia":[{"embeddable":true,"href":"https:\/\/www.hydraulic-cylinders.net\/ro\/wp-json\/wp\/v2\/media\/1257"}],"wp:attachment":[{"href":"https:\/\/www.hydraulic-cylinders.net\/ro\/wp-json\/wp\/v2\/media?parent=1250"}],"wp:term":[{"taxonomy":"product_brand","embeddable":true,"href":"https:\/\/www.hydraulic-cylinders.net\/ro\/wp-json\/wp\/v2\/product_brand?post=1250"},{"taxonomy":"product_cat","embeddable":true,"href":"https:\/\/www.hydraulic-cylinders.net\/ro\/wp-json\/wp\/v2\/product_cat?post=1250"},{"taxonomy":"product_tag","embeddable":true,"href":"https:\/\/www.hydraulic-cylinders.net\/ro\/wp-json\/wp\/v2\/product_tag?post=1250"}],"curies":[{"name":"wp","href":"https:\/\/api.w.org\/{rel}","templated":true}]}}