{"id":1272,"date":"2023-09-15T08:13:33","date_gmt":"2023-09-15T08:13:33","guid":{"rendered":"https:\/\/hydraulic-cylinders.net\/?post_type=product&#038;p=1272"},"modified":"2025-04-11T05:25:53","modified_gmt":"2025-04-11T05:25:53","slug":"cx-series-biaxial-compact-hydraulic-cylinder","status":"publish","type":"product","link":"https:\/\/www.hydraulic-cylinders.net\/ro\/produs\/cx-series-biaxial-compact-hydraulic-cylinder\/","title":{"rendered":"Cilindru hidraulic compact biaxial seria CX"},"content":{"rendered":"<h1 style=\"text-align: center;\"><strong>Cilindru hidraulic compact biaxial seria CX<\/strong><\/h1>\n<p>Cilindrul hidraulic compact pe dou\u0103 axe din seria cx este un element hidraulic de ultim\u0103 genera\u021bie, conceput pentru a oferi o transmisie eficient\u0103 \u0219i fiabil\u0103 a puterii pentru o varietate de aplica\u021bii industriale. Cu designul s\u0103u compact, performan\u021ba superioar\u0103 \u0219i durabilitatea, acest cilindru hidraulic ofer\u0103 control precis \u0219i versatilitate. Indiferent dac\u0103 este utilizat \u00een produc\u021bie, manipularea materialelor sau construc\u021bii, cilindrii hidraulici compac\u021bi pe dou\u0103 axe din seria cx sunt proiecta\u021bi pentru a optimiza func\u021bionarea hidraulic\u0103 \u0219i a cre\u0219te productivitatea.<\/p>\n<p>Cilindrii compac\u021bi din seria CX sunt utiliza\u021bi pentru str\u00e2ngerea cilindrilor. Instala\u021bia lor este mic\u0103. Fabrica noastr\u0103 dispune de echipamente hidraulice avansate, inclusiv un centru de prelucrare vertical \u0219i orizontal, precum \u0219i cilindri hidraulici medii \u0219i mari. Tehnologia de produc\u021bie a cilindrilor sub\u021biri este excelent\u0103.<\/p>\n<p><img loading=\"lazy\" decoding=\"async\" class=\"wp-image-1275 aligncenter\" src=\"https:\/\/hydraulic-cylinders.net\/wp-content\/uploads\/2023\/09\/cx-compact-hydraulic-cylinder-1-300x300.webp\" alt=\"\" width=\"400\" height=\"400\" \/><\/p>\n<h2><strong>Descrierea modelului cilindrului hidraulic compact biaxial din seria CX:<\/strong><\/h2>\n<p><img loading=\"lazy\" decoding=\"async\" class=\"alignnone size-full wp-image-323127\" src=\"https:\/\/hzpt.com\/wp-content\/uploads\/2023\/09\/cx-compact-hydraulic-cylinder-2.webp\" alt=\"\" width=\"730\" height=\"119\" \/><\/p>\n<h2><strong>Cilindru hidraulic compact biaxial seria CX <\/strong><strong>Caracteristici<\/strong>:<\/h2>\n<p><img loading=\"lazy\" decoding=\"async\" class=\"alignnone size-full wp-image-323128\" src=\"https:\/\/hzpt.com\/wp-content\/uploads\/2023\/09\/cx-compact-hydraulic-cylinder-3.webp\" alt=\"\" width=\"730\" height=\"87\" \/><\/p>\n<h2><strong>Parametrul cilindrului hidraulic compact biaxial din seria CX:<\/strong><\/h2>\n<p><img loading=\"lazy\" decoding=\"async\" class=\"alignnone wp-image-1274 size-full\" src=\"https:\/\/hydraulic-cylinders.net\/wp-content\/uploads\/2023\/09\/cx-compact-hydraulic-cylinder-5.webp\" alt=\"\" width=\"730\" height=\"871\" srcset=\"https:\/\/hydraulic-cylinders.net\/wp-content\/uploads\/2023\/09\/cx-compact-hydraulic-cylinder-5.webp 730w, https:\/\/hydraulic-cylinders.net\/wp-content\/uploads\/2023\/09\/cx-compact-hydraulic-cylinder-5-480x573.webp 480w\" sizes=\"(min-width: 0px) and (max-width: 480px) 480px, (min-width: 481px) 730px, 100vw\" \/><\/p>\n<h2><strong>Cilindru hidraulic compact biaxial seria CX <\/strong><strong>Caracteristici \u0219i beneficii cheie<\/strong><strong>:<\/strong><\/h2>\n<ol>\n<li><strong>Design compact:<\/strong>\n<ul>\n<li>Cilindrii hidraulici compac\u021bi cu dou\u0103 axe din seria CX au un design care economise\u0219te spa\u021biu, ceea ce \u00eei face potrivi\u021bi pentru aplica\u021bii cu zone de montare limitate.<\/li>\n<li>Dimensiunile sale compacte permit integrarea u\u0219oar\u0103 \u00een diverse set\u0103ri ale dispozitivului, optimiz\u00e2nd utilizarea spa\u021biului.<\/li>\n<\/ul>\n<\/li>\n<li><strong>Control precis:<\/strong>\n<ul>\n<li>Acest cilindru hidraulic ofer\u0103 un control superior al mi\u0219c\u0103rii \u0219i pozi\u021bion\u0103rii, permi\u021b\u00e2nd o func\u021bionare precis\u0103 \u0219i eficient\u0103.<\/li>\n<li>Mecanismul de control precis asigur\u0103 o mi\u0219care lin\u0103 \u0219i controlabil\u0103 \u0219i \u00eembun\u0103t\u0103\u021be\u0219te eficien\u021ba general\u0103 a produc\u021biei.<\/li>\n<\/ul>\n<\/li>\n<li><strong>Performan\u021b\u0103 \u00eenalt\u0103:<\/strong>\n<ul>\n<li>Cilindrii hidraulici compac\u021bi pe dou\u0103 axe din seria CX sunt proiecta\u021bi pentru a oferi capacit\u0103\u021bi de transmisie a puterii de \u00eenalt\u0103 performan\u021b\u0103.<\/li>\n<li>Poate gestiona sarcini grele \u0219i aplica\u021bii industriale solicitante, asigur\u00e2nd performan\u021be fiabile \u0219i constante.<\/li>\n<\/ul>\n<\/li>\n<li><strong>Aplica\u021bii versatile:<\/strong>\n<ul>\n<li>Cilindrii hidraulici compac\u021bi cu dou\u0103 axe din seria CX sunt proiecta\u021bi pentru o varietate de industrii, inclusiv produc\u021bie, manipulare a materialelor \u0219i construc\u021bii.<\/li>\n<li>Poate fi utilizat \u00een diverse echipamente, cum ar fi prese, compactoare, \u00eenc\u0103rc\u0103toare etc.<\/li>\n<\/ul>\n<\/li>\n<\/ol>\n<h2><strong>Cilindru hidraulic compact biaxial seria CX <\/strong><strong>Metod\u0103 de utilizare<\/strong><strong>:<\/strong><\/h2>\n<ol>\n<li><strong>Montare \u0219i instalare:<\/strong>\n<ul>\n<li>Determina\u021bi loca\u021bia de montare adecvat\u0103 pentru cilindrul hidraulic compact cu dou\u0103 axe din seria CX, \u00een func\u021bie de cerin\u021bele specifice ale echipamentului sau ma\u0219inii dumneavoastr\u0103.<\/li>\n<li>Asigura\u021bi-v\u0103 c\u0103 suprafa\u021ba de montare este rezistent\u0103, plan\u0103 \u0219i poate sus\u021bine \u00een siguran\u021b\u0103 greutatea \u0219i sarcina cilindrului.<\/li>\n<\/ul>\n<\/li>\n<li><strong>Conectarea sistemului hidraulic:<\/strong>\n<ul>\n<li>Conecta\u021bi cilindrul hidraulic la sistemul hidraulic folosind un furtun sau o conduct\u0103 hidraulic\u0103 compatibil\u0103.<\/li>\n<li>Alinierea corect\u0103 \u0219i conexiunile str\u00e2nse previn scurgerile \u0219i asigur\u0103 o performan\u021b\u0103 optim\u0103.<\/li>\n<\/ul>\n<\/li>\n<li><strong>Func\u021bionarea cilindrului:<\/strong>\n<ul>\n<li>Porni\u021bi sistemul hidraulic \u0219i porni\u021bi mi\u0219carea cilindrului hidraulic compact pe dou\u0103 axe din seria CX.<\/li>\n<\/ul>\n<\/li>\n<\/ol>\n<h2><strong>Cum se \u00eenlocuiesc garniturile \u00eentr-un cilindru hidraulic?<\/strong><\/h2>\n<p>Pentru a scoate un cilindru hidraulic de pe un scaun, urma\u021bi ace\u0219ti pa\u0219i:<\/p>\n<ol>\n<li><strong>Preg\u0103ti\u021bi spa\u021biul de lucru:<\/strong>\n<ul>\n<li>Elibera\u021bi zona din jurul scaunului pentru a crea un spa\u021biu de lucru sigur \u0219i neobstruc\u021bionat.<\/li>\n<li>A\u0219eza\u021bi o hus\u0103 sau o c\u00e2rp\u0103 protectoare pe podea pentru a preveni deteriorarea scaunului sau a suprafe\u021belor din jur.<\/li>\n<\/ul>\n<\/li>\n<li><strong>Cobor\u00e2\u021bi scaunul:<\/strong>\n<ul>\n<li>Folosi\u021bi maneta de reglare sau mecanismul de control al scaunului pentru a-l cobor\u00ee \u00een pozi\u021bia cea mai joas\u0103.<\/li>\n<li>Acest pas asigur\u0103 comprimarea complet\u0103 a cilindrului, facilit\u00e2nd scoaterea acestuia.<\/li>\n<\/ul>\n<\/li>\n<li><strong>Localiza\u021bi cilindrul:<\/strong>\n<ul>\n<li>Identifica\u021bi cilindrul hidraulic de pe scaun. De obicei, acesta este situat l\u00e2ng\u0103 baza scaunului \u0219i se conecteaz\u0103 la \u0219ezut sau la mecanismul scaunului.<\/li>\n<\/ul>\n<\/li>\n<li><strong>Scoate\u021bi \u0219ezutul scaunului:<\/strong>\n<ul>\n<li>Dac\u0103 \u0219ezutul scaunului este deta\u0219abil, localiza\u021bi \u0219uruburile sau bol\u021burile de montare care \u00eel fixeaz\u0103 pe cilindru sau pe baza scaunului.<\/li>\n<li>Folosi\u021bi unealta adecvat\u0103, cum ar fi o \u0219urubelni\u021b\u0103 sau o cheie fix\u0103, pentru a scoate \u0219uruburile sau bol\u021burile.<\/li>\n<li>Ridica\u021bi scaunul de pe scaun, expun\u00e2nd cilindrul hidraulic.<\/li>\n<\/ul>\n<\/li>\n<li><strong>Sus\u021bine\u021bi pre\u0219edintele:<\/strong>\n<ul>\n<li>Deoarece scaunul va fi instabil f\u0103r\u0103 \u0219ezut, asigura\u021bi-i un suport pentru a-l \u00eempiedica s\u0103 se r\u0103stoarne.<\/li>\n<li>Folose\u0219te un obiect rezistent, cum ar fi o cutie sau un bloc de lemn, pentru a sus\u021bine structura r\u0103mas\u0103 a scaunului.<\/li>\n<\/ul>\n<\/li>\n<li><strong>Deconecta\u021bi cilindrul:<\/strong>\n<ul>\n<li>Examina\u021bi punctele de conexiune dintre cilindrul hidraulic \u0219i mecanismul sau baza scaunului.<\/li>\n<li>\u00cen func\u021bie de designul scaunului, pute\u021bi g\u0103si console de montare, cleme sau \u0219uruburi care fixeaz\u0103 cilindrul.<\/li>\n<li>\u00cendep\u0103rta\u021bi orice elemente de fixare care fixeaz\u0103 cilindrul folosind uneltele adecvate.<\/li>\n<li>Dup\u0103 ce elementele de fixare sunt \u00eendep\u0103rtate, trage\u021bi sau mi\u0219ca\u021bi u\u0219or cilindrul pentru a-l deta\u0219a de scaun.<\/li>\n<\/ul>\n<\/li>\n<li><strong>\u00cenlocuirea sau eliminarea cilindrului:<\/strong>\n<ul>\n<li>Dac\u0103 \u00eenlocui\u021bi cilindrul hidraulic, asigura\u021bi-v\u0103 c\u0103 ave\u021bi un schimb compatibil care corespunde specifica\u021biilor vechiului cilindru.<\/li>\n<li>Dac\u0103 este necesar, consulta\u021bi produc\u0103torul scaunului sau un profesionist pentru a ob\u021bine cilindrul de schimb corect.<\/li>\n<li>Dac\u0103 arunca\u021bi butelia, respecta\u021bi reglement\u0103rile \u0219i instruc\u021biunile locale pentru eliminarea corespunz\u0103toare.<\/li>\n<\/ul>\n<\/li>\n<li><strong>Reasambla\u021bi scaunul:<\/strong>\n<ul>\n<li>Reata\u0219a\u021bi \u0219ezutul scaunului aliniind orificiile pentru \u0219uruburi \u0219i fix\u00e2ndu-le cu \u0219uruburile sau bol\u021burile corespunz\u0103toare dac\u0103 a\u021bi demontat \u0219ezutul scaunului.<\/li>\n<li>Asigura\u021bi-v\u0103 c\u0103 scaunul este fixat ferm \u0219i stabil \u00eenainte de a utiliza din nou scaunul.<\/li>\n<\/ul>\n<\/li>\n<\/ol>\n<h2><strong>Capabilitatea \u0219i capacitatea fabricii:<\/strong><\/h2>\n<h3>(1) Montaj<\/h3>\n<p>Avem o platform\u0103 de asamblare independent\u0103 de cercetare \u0219i dezvoltare de prim\u0103 clas\u0103. Atelierul de produc\u021bie a cilindrilor hidraulici are patru linii de asamblare semiautomate pentru cilindri de ridicare \u0219i o linie de asamblare automat\u0103 a cilindrilor de \u00eenclinare, cu o capacitate de produc\u021bie anual\u0103 proiectat\u0103 de 1 milion de buc\u0103\u021bi. Atelierul de cilindri speciali este echipat cu diverse specifica\u021bii ale unui sistem de asamblare semi-automat de cur\u0103\u021bare, cu o capacitate de produc\u021bie anual\u0103 proiectat\u0103 de 200.000 \u0219i dotat cu echipamente celebre de prelucrare CNC, un centru de prelucrare, un echipament special de prelucrare a cilindrilor de \u00eenalt\u0103 precizie, o ma\u0219in\u0103 de sudur\u0103 robotizat\u0103, o ma\u0219in\u0103 de cur\u0103\u021bare automat\u0103, o ma\u0219in\u0103 de asamblare automat\u0103 a cilindrilor \u0219i o linie de produc\u021bie automat\u0103 de vopsire. Echipamente critice existente de peste 300 de seturi (seturi). Alocarea optim\u0103 \u0219i utilizarea eficient\u0103 a resurselor de echipamente asigur\u0103 cerin\u021bele de precizie ale produselor \u0219i satisface nevoile de \u00eenalt\u0103 calitate ale produselor.<\/p>\n<p><img loading=\"lazy\" decoding=\"async\" class=\"alignnone wp-image-626\" src=\"https:\/\/hydraulic-cylinders.net\/wp-content\/uploads\/2023\/08\/hydraulic-cylinder-product-1-300x158.webp\" alt=\"\" width=\"495\" height=\"260\" srcset=\"https:\/\/hydraulic-cylinders.net\/wp-content\/uploads\/2023\/08\/hydraulic-cylinder-product-1-300x158.webp 495w, https:\/\/hydraulic-cylinders.net\/wp-content\/uploads\/2023\/08\/hydraulic-cylinder-product-1-480x252.webp 480w\" sizes=\"(min-width: 0px) and (max-width: 480px) 480px, (min-width: 481px) 495px, 100vw\" \/> <img loading=\"lazy\" decoding=\"async\" class=\"alignnone wp-image-627\" src=\"https:\/\/hydraulic-cylinders.net\/wp-content\/uploads\/2023\/08\/hydraulic-cylinder-product-2-300x189.webp\" alt=\"\" width=\"413\" height=\"260\" \/><\/p>\n<h3>(2) Prelucrare<\/h3>\n<p>Atelierul de prelucrare este echipat cu un centru de strunjire cu \u0219in\u0103 \u00eenclinat\u0103 personalizat, un centru de prelucrare, o ma\u0219in\u0103 de honuire de mare vitez\u0103, un robot de sudur\u0103 \u0219i alte echipamente conexe, care pot gestiona prelucrarea tuburilor cilindrice cu un diametru interior maxim de 400 mm \u0219i o lungime maxim\u0103 de 6 metri.<\/p>\n<p><img loading=\"lazy\" decoding=\"async\" class=\"alignnone wp-image-628 size-large\" src=\"https:\/\/hydraulic-cylinders.net\/wp-content\/uploads\/2023\/08\/hydraulic-cylinder-product-3-1024x391.webp\" alt=\"\" width=\"1024\" height=\"391\" srcset=\"https:\/\/hydraulic-cylinders.net\/wp-content\/uploads\/2023\/08\/hydraulic-cylinder-product-3-980x374.webp 980w, https:\/\/hydraulic-cylinders.net\/wp-content\/uploads\/2023\/08\/hydraulic-cylinder-product-3-480x183.webp 480w\" sizes=\"(min-width: 0px) and (max-width: 480px) 480px, (min-width: 481px) and (max-width: 980px) 980px, (min-width: 981px) 1024px, 100vw\" \/><\/p>\n<h3>(3) Sudur\u0103<\/h3>\n<p><img loading=\"lazy\" decoding=\"async\" class=\"alignnone wp-image-629 size-large\" src=\"https:\/\/hydraulic-cylinders.net\/wp-content\/uploads\/2023\/08\/hydraulic-cylinder-product-4-1024x510.webp\" alt=\"\" width=\"1024\" height=\"510\" srcset=\"https:\/\/hydraulic-cylinders.net\/wp-content\/uploads\/2023\/08\/hydraulic-cylinder-product-4-980x488.webp 980w, https:\/\/hydraulic-cylinders.net\/wp-content\/uploads\/2023\/08\/hydraulic-cylinder-product-4-480x239.webp 480w\" sizes=\"(min-width: 0px) and (max-width: 480px) 480px, (min-width: 481px) and (max-width: 980px) 980px, (min-width: 981px) 1024px, 100vw\" \/><\/p>\n<h3>(4) Vopsire \u0219i acoperire<\/h3>\n<p>Cu linii automate de acoperire cu vopsea pe baz\u0103 de ap\u0103 cu cilindru de dimensiuni mici \u0219i medii, pentru a realiza \u00eenc\u0103rcarea \u0219i desc\u0103rcarea automat\u0103 a robotului \u0219i pulverizarea automat\u0103, capacitatea de proiectare de 4000 de buc\u0103\u021bi pe schimb;<br \/>\nAvem, de asemenea, o linie de produc\u021bie semi-automat\u0103 de vopsire pentru cilindri mari, ac\u021bionat\u0103 de un lan\u021b de putere, cu o capacitate de proiectare de 60 de cutii pe schimb.<\/p>\n<p><img loading=\"lazy\" decoding=\"async\" class=\"alignnone wp-image-630\" src=\"https:\/\/hydraulic-cylinders.net\/wp-content\/uploads\/2023\/08\/hydraulic-cylinder-product-5-300x213.webp\" alt=\"\" width=\"366\" height=\"260\" \/> <img loading=\"lazy\" decoding=\"async\" class=\"alignnone wp-image-631\" src=\"https:\/\/hydraulic-cylinders.net\/wp-content\/uploads\/2023\/08\/hydraulic-cylinder-product-6-300x225.webp\" alt=\"\" width=\"347\" height=\"260\" \/><\/p>\n<h3>(5) Testarea<\/h3>\n<p>Dispunem de instala\u021bii de inspec\u021bie \u0219i bancuri de testare de prim\u0103 clas\u0103 pentru a ne asigura c\u0103 performan\u021ba cilindrului \u00eendepline\u0219te cerin\u021bele.<\/p>\n<p><img loading=\"lazy\" decoding=\"async\" class=\"alignnone wp-image-632\" src=\"https:\/\/hydraulic-cylinders.net\/wp-content\/uploads\/2023\/08\/hydraulic-cylinder-product-8-300x200.webp\" alt=\"\" width=\"389\" height=\"260\" \/><\/p>\n<p>&nbsp;<\/p>\n<p>&nbsp;<\/p>\n<p>Suntem unul dintre cei mai buni produc\u0103tori de cilindri hidraulici compac\u021bi. Putem oferi un stoc complet de cilindri hidraulici compac\u021bi. De asemenea, oferim... <a href=\"https:\/\/hzpt.com\/agricultural-pto-gearbox\/\" target=\"_blank\" rel=\"noopener\">cutii de viteze agricole<\/a>Ne-am exportat produsele c\u0103tre clien\u021bi din \u00eentreaga lume \u0219i ne-am c\u00e2\u0219tigat o bun\u0103 reputa\u021bie datorit\u0103 calit\u0103\u021bii superioare a produselor noastre \u0219i a serviciilor post-v\u00e2nzare. \u00cei invit\u0103m pe clien\u021bii din \u021bar\u0103 \u0219i din str\u0103in\u0103tate s\u0103 ne contacteze pentru a negocia afaceri, a face schimb de informa\u021bii \u0219i... <a href=\"https:\/\/www.hydraulic-cylinders.net\/ro\/contact-us\/\">s\u0103 coopereze cu noi<\/a>!<\/p>\n<p>&nbsp;<\/p>","protected":false},"excerpt":{"rendered":"<p>CX Series Biaxial Compact Hydraulic Cylinder The cx Series two-axis compact hydraulic cylinder is a cutting-edge hydraulic element designed to provide efficient and reliable power transmission for a variety of industrial applications. With its compact design, superior performance and durability, this hydraulic cylinder offers precise control and versatility. Whether used in manufacturing, material handling or [&hellip;]<\/p>","protected":false},"featured_media":1276,"comment_status":"open","ping_status":"closed","template":"","meta":{"_et_pb_use_builder":"","_et_pb_old_content":"","_et_gb_content_width":""},"product_brand":[],"product_cat":[1526,1550,1376],"product_tag":[1380],"class_list":{"0":"post-1272","1":"product","2":"type-product","3":"status-publish","4":"has-post-thumbnail","6":"product_cat-assembly-line-hydraulic-cylinders","7":"product_cat-double-acting-hydraulic-cylinder","8":"product_cat-hydraulic-cylinder","9":"product_tag-hydraulic-cylinder","11":"first","12":"instock","13":"shipping-taxable","14":"product-type-simple"},"amp_enabled":true,"_links":{"self":[{"href":"https:\/\/www.hydraulic-cylinders.net\/ro\/wp-json\/wp\/v2\/product\/1272","targetHints":{"allow":["GET"]}}],"collection":[{"href":"https:\/\/www.hydraulic-cylinders.net\/ro\/wp-json\/wp\/v2\/product"}],"about":[{"href":"https:\/\/www.hydraulic-cylinders.net\/ro\/wp-json\/wp\/v2\/types\/product"}],"replies":[{"embeddable":true,"href":"https:\/\/www.hydraulic-cylinders.net\/ro\/wp-json\/wp\/v2\/comments?post=1272"}],"wp:featuredmedia":[{"embeddable":true,"href":"https:\/\/www.hydraulic-cylinders.net\/ro\/wp-json\/wp\/v2\/media\/1276"}],"wp:attachment":[{"href":"https:\/\/www.hydraulic-cylinders.net\/ro\/wp-json\/wp\/v2\/media?parent=1272"}],"wp:term":[{"taxonomy":"product_brand","embeddable":true,"href":"https:\/\/www.hydraulic-cylinders.net\/ro\/wp-json\/wp\/v2\/product_brand?post=1272"},{"taxonomy":"product_cat","embeddable":true,"href":"https:\/\/www.hydraulic-cylinders.net\/ro\/wp-json\/wp\/v2\/product_cat?post=1272"},{"taxonomy":"product_tag","embeddable":true,"href":"https:\/\/www.hydraulic-cylinders.net\/ro\/wp-json\/wp\/v2\/product_tag?post=1272"}],"curies":[{"name":"wp","href":"https:\/\/api.w.org\/{rel}","templated":true}]}}