{"id":1426,"date":"2023-09-18T08:57:49","date_gmt":"2023-09-18T08:57:49","guid":{"rendered":"https:\/\/hydraulic-cylinders.net\/?post_type=product&#038;p=1426"},"modified":"2025-04-11T03:49:46","modified_gmt":"2025-04-11T03:49:46","slug":"50-100-double-acting-single-axis-mdc-series-compact-mold-cylinder","status":"publish","type":"product","link":"https:\/\/www.hydraulic-cylinders.net\/ro\/produs\/50-100-double-acting-single-axis-mdc-series-compact-mold-cylinder\/","title":{"rendered":"Cilindru compact de matri\u021b\u0103 cu ac\u021biune dubl\u0103, ax\u0103 unic\u0103, seria MDC 50-100"},"content":{"rendered":"<h1 style=\"text-align: center;\"><strong>Cilindru compact de matri\u021b\u0103 cu ac\u021biune dubl\u0103, ax\u0103 unic\u0103, seria MDC 50-100<\/strong><\/h1>\n<p>Cilindrul compact de matri\u021b\u0103 cu ac\u021biune dubl\u0103, cu o singur\u0103 ax\u0103, din seria MDC este un cilindru hidraulic avansat, conceput special pentru aplica\u021bii cu matri\u021be. Cu caracteristicile sale inovatoare, performan\u021ba fiabil\u0103 \u0219i designul compact, acest cilindru ofer\u0103 func\u021bionalitate \u0219i eficien\u021b\u0103 superioare \u00eentr-o varietate de medii industriale. Indiferent dac\u0103 este utilizat \u00een ma\u0219ini de turnare prin injec\u021bie, echipamente de turnare sub presiune sau alte aplica\u021bii legate de matri\u021be, cilindrii compacti de matri\u021b\u0103 cu ac\u021biune dubl\u0103, cu ac\u021biune unic\u0103, din seria MDC ofer\u0103 un control precis \u0219i o productivitate optim\u0103.<\/p>\n<p>\u00b7 MDC este un cilindru hidraulic compact (cx) cu o cutie electric\u0103 \u0219i o tij\u0103 de cilindru pentru a controla cu precizie pozi\u021bia neutronilor din matri\u021b\u0103.<br \/>\n\u00b7 Cilindru hidraulic potrivit pentru utilizarea \u00een matri\u021be de plastic.<\/p>\n<p><img loading=\"lazy\" decoding=\"async\" class=\"aligncenter wp-image-323260\" src=\"https:\/\/hzpt.com\/wp-content\/uploads\/2023\/09\/mdc-compact-hydraulic-cylinder-9.webp\" alt=\"cilindru compact cu ac\u021biune dubl\u0103 pentru matri\u021b\u0103 cu o singur\u0103 ax\u0103\" width=\"400\" height=\"400\" \/><\/p>\n<h2><strong>Descrierea modelului cilindrului compact pentru matri\u021b\u0103:<\/strong><\/h2>\n<p><img loading=\"lazy\" decoding=\"async\" class=\"alignnone size-full wp-image-323234\" src=\"https:\/\/hzpt.com\/wp-content\/uploads\/2023\/09\/mdc-compact-hydraulic-cylinder-2.webp\" alt=\"\" width=\"966\" height=\"882\" \/><\/p>\n<h2><strong>Date caracteristice ale cilindrului compact pentru matri\u021b\u0103:<\/strong><\/h2>\n<p><img loading=\"lazy\" decoding=\"async\" class=\"alignnone size-full wp-image-323236\" src=\"https:\/\/hzpt.com\/wp-content\/uploads\/2023\/09\/mdc-compact-hydraulic-cylinder-3-1.webp\" alt=\"\" width=\"899\" height=\"262\" \/><\/p>\n<h2><strong>Diagrama structurii cilindrului compact pentru matri\u021b\u0103:<\/strong><\/h2>\n<p><img loading=\"lazy\" decoding=\"async\" class=\"alignnone size-full wp-image-323250\" src=\"https:\/\/hzpt.com\/wp-content\/uploads\/2023\/09\/mdc-compact-hydraulic-cylinder-4-1.webp\" alt=\"\" width=\"737\" height=\"808\" \/><\/p>\n<h2><strong>Diagrama dimensiunilor conexiunii tijei pistonului:<\/strong><\/h2>\n<p><img loading=\"lazy\" decoding=\"async\" class=\"alignnone size-large wp-image-323239\" src=\"https:\/\/hzpt.com\/wp-content\/uploads\/2023\/09\/mdc-compact-hydraulic-cylinder-5-787x1024.webp\" alt=\"\" width=\"787\" height=\"1024\" \/><\/p>\n<h2><strong>Pozi\u021bia cataramei cutiei electrice, pozi\u021bia orificiului de ulei \u0219i pozi\u021bia ie\u0219irii de distribu\u021bie:<\/strong><\/h2>\n<p><img loading=\"lazy\" decoding=\"async\" class=\"alignnone size-large wp-image-323241\" src=\"https:\/\/hzpt.com\/wp-content\/uploads\/2023\/09\/mdc-compact-hydraulic-cylinder-6-616x1024.webp\" alt=\"\" width=\"616\" height=\"1024\" \/><\/p>\n<h2><strong>Cilindru compact de matri\u021b\u0103 cu ac\u021biune dubl\u0103, ax\u0103 unic\u0103, seria MDC 50-100 Parametru:<\/strong><\/h2>\n<p><img loading=\"lazy\" decoding=\"async\" class=\"alignnone size-large wp-image-323264\" src=\"https:\/\/hzpt.com\/wp-content\/uploads\/2023\/09\/mdc-compact-hydraulic-cylinder-9-1-1-857x1024.webp\" alt=\"\" width=\"857\" height=\"1024\" \/><\/p>\n<h2><strong>Cilindru compact de matri\u021b\u0103 cu ac\u021biune dubl\u0103, ax\u0103 unic\u0103, seria MDC 50-100 <\/strong><strong>Caracteristici \u0219i beneficii cheie<\/strong><strong>:<\/strong><\/h2>\n<ol>\n<li><strong>Design cu ac\u021biune dubl\u0103:<\/strong>\n<ul>\n<li>Cilindrii compac\u021bi cu ac\u021biune dubl\u0103 \u0219i o singur\u0103 ax\u0103 din seria MDC func\u021bioneaz\u0103 \u00een ambele direc\u021bii, permi\u021b\u00e2nd mi\u0219carea \u00een ambele sensuri.<\/li>\n<li>Acest design poate controla eficient \u0219i precis ac\u021biunea de deschidere \u0219i \u00eenchidere a matri\u021bei \u0219i poate \u00eembun\u0103t\u0103\u021bi flexibilitatea opera\u021biunii.<\/li>\n<\/ul>\n<\/li>\n<li><strong>Configura\u021bie cu o singur\u0103 ax\u0103:<\/strong>\n<ul>\n<li>Acest cilindru este proiectat pentru mi\u0219care uniaxial\u0103, asigur\u00e2nd mi\u0219care \u00een linie dreapt\u0103 \u00eentr-o singur\u0103 direc\u021bie.<\/li>\n<li>Configura\u021bia cu o singur\u0103 ax\u0103 simplific\u0103 instalarea \u0219i operarea, fiind potrivit\u0103 pentru diverse aplica\u021bii cu matri\u021be.<\/li>\n<\/ul>\n<\/li>\n<li><strong>Compact \u0219i economisitor de spa\u021biu:<\/strong>\n<ul>\n<li>Designul compact al cilindrilor de matri\u021b\u0103 compac\u021bi din seria MDC optimizeaz\u0103 utilizarea spa\u021biului sistemului de matri\u021b\u0103 cu un spa\u021biu liber limitat.<\/li>\n<li>Structura sa compact\u0103 poate fi integrat\u0103 cu u\u0219urin\u021b\u0103 \u00een spa\u021bii \u00eenguste, asigur\u00e2nd utilizarea eficient\u0103 a spa\u021biului de lucru disponibil.<\/li>\n<\/ul>\n<\/li>\n<li><strong>Precizie \u0219i stabilitate ridicate:<\/strong>\n<ul>\n<li>Cilindrul ofer\u0103 o mi\u0219care precis\u0103 \u0219i stabil\u0103, asigur\u00e2nd un control precis al ac\u021biunii matri\u021bei \u00een timpul fabrica\u021biei.<\/li>\n<li>Ofer\u0103 rezultate consistente \u0219i repetabile care contribuie \u00een cele din urm\u0103 la o produc\u021bie de \u00eenalt\u0103 calitate \u0219i la reducerea de\u0219eurilor.<\/li>\n<\/ul>\n<\/li>\n<\/ol>\n<h2><strong>C\u00e2t de greu este s\u0103 reconstruie\u0219ti un cilindru hidraulic?<\/strong><\/h2>\n<p>Reconstruirea unui cilindru hidraulic poate fi o sarcin\u0103 complex\u0103 care necesit\u0103 cuno\u0219tin\u021be mecanice, experien\u021b\u0103 \u0219i uneltele potrivite. Nivelul de dificultate implicat \u00een proces poate varia \u00een func\u021bie de designul specific \u0219i de starea cilindrului. Iat\u0103 c\u00e2\u021biva factori de luat \u00een considerare:<\/p>\n<ol>\n<li><strong>Expertiz\u0103 \u0219i experien\u021b\u0103:<\/strong><br \/>\nReconstruirea unui cilindru hidraulic necesit\u0103 o bun\u0103 \u00een\u021belegere a componentelor, func\u021bionalit\u0103\u021bii \u0219i asambl\u0103rii acestuia. Procesul poate fi mai u\u0219or de gestionat dac\u0103 ave\u021bi experien\u021b\u0103 \u00een lucrul cu sisteme hidraulice sau a\u021bi reconstruit anterior cilindri hidraulici. Cu toate acestea, dac\u0103 sunte\u021bi nou \u00een domeniul sistemelor hidraulice, este recomandat s\u0103 solicita\u021bi asisten\u021b\u0103 sau \u00eendrumare profesional\u0103.<\/li>\n<li><strong>Designul cilindrului:<\/strong><br \/>\nComplexitatea reconstruirii unui cilindru hidraulic poate depinde de designul s\u0103u. Unii cilindri au o construc\u021bie mai simpl\u0103, cu mai pu\u021bine componente interne, ceea ce \u00eei face relativ mai u\u0219or de reconstruit. Cu toate acestea, tehnicile mai avansate, cum ar fi cele cu etape multiple sau caracteristici integrate, pot fi mai complicate \u0219i mai dificil de dezasamblat, resigilat \u0219i reasamblat corect.<\/li>\n<li><strong>Starea cilindrului:<\/strong><br \/>\nStarea general\u0103 a cilindrului hidraulic afecteaz\u0103, de asemenea, procesul de reconstruc\u021bie. Dac\u0103 cilindrul prezint\u0103 deterior\u0103ri grave, uzur\u0103 extins\u0103 sau coroziune, poate necesita repara\u021bii suplimentare sau \u00eenlocuirea unor piese, ceea ce poate ad\u0103uga complexitate reconstruc\u021biei. Evaluarea prealabil\u0103 a st\u0103rii cilindrului va ajuta la determinarea nivelului de lucru necesar.<\/li>\n<li><strong>Unelte \u0219i echipamente:<\/strong><br \/>\nReconstruc\u021bia unui cilindru hidraulic necesit\u0103 adesea unelte \u0219i echipamente specializate. Acestea includ prese hidraulice, unelte pentru instalarea garniturilor, cle\u0219ti pentru inele elastice \u0219i chei dinamometrice. De\u021binerea uneltelor necesare \u0219i cunoa\u0219terea modului de utilizare corect\u0103 a acestora sunt cruciale pentru o reconstruc\u021bie reu\u0219it\u0103.<\/li>\n<li><strong>\u00cenlocuirea \u0219i asamblarea garniturii:<\/strong><br \/>\nUnul dintre pa\u0219ii critici \u00een reconstruc\u021bia unui cilindru hidraulic este \u00eenlocuirea garniturilor. Asigurarea selec\u021biei \u0219i instal\u0103rii corecte a garniturilor este esen\u021bial\u0103 pentru func\u021bionarea corect\u0103 \u0219i prevenirea scurgerilor. Necesit\u0103 precizie \u0219i aten\u021bie la detalii. \u00cen plus, reasamblarea componentelor cilindrului \u00een ordinea \u0219i alinierea corect\u0103 este crucial\u0103 pentru performan\u021ba sa optim\u0103.<\/li>\n<li><strong>Testare \u0219i verificare:<\/strong><br \/>\nDup\u0103 reconstruirea cilindrului hidraulic, este esen\u021bial s\u0103 se efectueze teste am\u0103nun\u021bite pentru a se asigura c\u0103 func\u021bioneaz\u0103 conform destina\u021biei. Acestea pot implica testarea presiunii, verificarea scurgerilor \u0219i verificarea gamei de mi\u0219care \u0219i a performan\u021bei cilindrului. Testarea adecvat\u0103 ajut\u0103 la identificarea problemelor \u0219i asigur\u0103 siguran\u021ba \u0219i fiabilitatea cilindrului.<\/li>\n<\/ol>\n<h2><strong>Capabilitatea \u0219i capacitatea fabricii:<\/strong><\/h2>\n<h3>(1) Montaj<\/h3>\n<p>Avem o platform\u0103 de asamblare independent\u0103 de cercetare \u0219i dezvoltare de prim\u0103 clas\u0103. Atelierul de produc\u021bie a cilindrilor hidraulici are patru linii de asamblare semiautomate pentru cilindri de ridicare \u0219i o linie de asamblare automat\u0103 a cilindrilor de \u00eenclinare, cu o capacitate de produc\u021bie anual\u0103 proiectat\u0103 de 1 milion de buc\u0103\u021bi. Atelierul de cilindri speciali este echipat cu diverse specifica\u021bii ale unui sistem de asamblare semi-automat de cur\u0103\u021bare, cu o capacitate de produc\u021bie anual\u0103 proiectat\u0103 de 200.000 \u0219i dotat cu echipamente celebre de prelucrare CNC, un centru de prelucrare, un echipament special de prelucrare a cilindrilor de \u00eenalt\u0103 precizie, o ma\u0219in\u0103 de sudur\u0103 robotizat\u0103, o ma\u0219in\u0103 de cur\u0103\u021bare automat\u0103, o ma\u0219in\u0103 de asamblare automat\u0103 a cilindrilor \u0219i o linie de produc\u021bie automat\u0103 de vopsire. Echipamente critice existente de peste 300 de seturi (seturi). Alocarea optim\u0103 \u0219i utilizarea eficient\u0103 a resurselor de echipamente asigur\u0103 cerin\u021bele de precizie ale produselor \u0219i satisface nevoile de \u00eenalt\u0103 calitate ale produselor.<\/p>\n<p><img loading=\"lazy\" decoding=\"async\" class=\"alignnone wp-image-626\" src=\"https:\/\/hydraulic-cylinders.net\/wp-content\/uploads\/2023\/08\/hydraulic-cylinder-product-1-300x158.webp\" alt=\"\" width=\"495\" height=\"260\" srcset=\"https:\/\/hydraulic-cylinders.net\/wp-content\/uploads\/2023\/08\/hydraulic-cylinder-product-1-300x158.webp 495w, https:\/\/hydraulic-cylinders.net\/wp-content\/uploads\/2023\/08\/hydraulic-cylinder-product-1-480x252.webp 480w\" sizes=\"(min-width: 0px) and (max-width: 480px) 480px, (min-width: 481px) 495px, 100vw\" \/> <img loading=\"lazy\" decoding=\"async\" class=\"alignnone wp-image-627\" src=\"https:\/\/hydraulic-cylinders.net\/wp-content\/uploads\/2023\/08\/hydraulic-cylinder-product-2-300x189.webp\" alt=\"\" width=\"413\" height=\"260\" \/><\/p>\n<h3>(2) Prelucrare<\/h3>\n<p>Atelierul de prelucrare este echipat cu un centru de strunjire cu \u0219in\u0103 \u00eenclinat\u0103 personalizat, un centru de prelucrare, o ma\u0219in\u0103 de honuire de mare vitez\u0103, un robot de sudur\u0103 \u0219i alte echipamente conexe, care pot gestiona prelucrarea tuburilor cilindrice cu un diametru interior maxim de 400 mm \u0219i o lungime maxim\u0103 de 6 metri.<\/p>\n<p><img loading=\"lazy\" decoding=\"async\" class=\"alignnone wp-image-628 size-large\" src=\"https:\/\/hydraulic-cylinders.net\/wp-content\/uploads\/2023\/08\/hydraulic-cylinder-product-3-1024x391.webp\" alt=\"\" width=\"1024\" height=\"391\" srcset=\"https:\/\/hydraulic-cylinders.net\/wp-content\/uploads\/2023\/08\/hydraulic-cylinder-product-3-980x374.webp 980w, https:\/\/hydraulic-cylinders.net\/wp-content\/uploads\/2023\/08\/hydraulic-cylinder-product-3-480x183.webp 480w\" sizes=\"(min-width: 0px) and (max-width: 480px) 480px, (min-width: 481px) and (max-width: 980px) 980px, (min-width: 981px) 1024px, 100vw\" \/><\/p>\n<h3>(3) Sudur\u0103<\/h3>\n<p><img loading=\"lazy\" decoding=\"async\" class=\"alignnone wp-image-629 size-large\" src=\"https:\/\/hydraulic-cylinders.net\/wp-content\/uploads\/2023\/08\/hydraulic-cylinder-product-4-1024x510.webp\" alt=\"\" width=\"1024\" height=\"510\" srcset=\"https:\/\/hydraulic-cylinders.net\/wp-content\/uploads\/2023\/08\/hydraulic-cylinder-product-4-980x488.webp 980w, https:\/\/hydraulic-cylinders.net\/wp-content\/uploads\/2023\/08\/hydraulic-cylinder-product-4-480x239.webp 480w\" sizes=\"(min-width: 0px) and (max-width: 480px) 480px, (min-width: 481px) and (max-width: 980px) 980px, (min-width: 981px) 1024px, 100vw\" \/><\/p>\n<h3>(4) Vopsire \u0219i acoperire<\/h3>\n<p>Cu linii automate de acoperire cu vopsea pe baz\u0103 de ap\u0103 cu cilindru de dimensiuni mici \u0219i medii, pentru a realiza \u00eenc\u0103rcarea \u0219i desc\u0103rcarea automat\u0103 a robotului \u0219i pulverizarea automat\u0103, capacitatea de proiectare de 4000 de buc\u0103\u021bi pe schimb;<br \/>\nAvem, de asemenea, o linie de produc\u021bie semi-automat\u0103 de vopsire pentru cilindri mari, ac\u021bionat\u0103 de un lan\u021b de putere, cu o capacitate de proiectare de 60 de cutii pe schimb.<\/p>\n<p><img loading=\"lazy\" decoding=\"async\" class=\"alignnone wp-image-630\" src=\"https:\/\/hydraulic-cylinders.net\/wp-content\/uploads\/2023\/08\/hydraulic-cylinder-product-5-300x213.webp\" alt=\"\" width=\"366\" height=\"260\" \/> <img loading=\"lazy\" decoding=\"async\" class=\"alignnone wp-image-631\" src=\"https:\/\/hydraulic-cylinders.net\/wp-content\/uploads\/2023\/08\/hydraulic-cylinder-product-6-300x225.webp\" alt=\"\" width=\"347\" height=\"260\" \/><\/p>\n<h3>(5) Testarea<\/h3>\n<p>Dispunem de instala\u021bii de inspec\u021bie \u0219i bancuri de testare de prim\u0103 clas\u0103 pentru a ne asigura c\u0103 performan\u021ba cilindrului \u00eendepline\u0219te cerin\u021bele.<\/p>\n<p><img loading=\"lazy\" decoding=\"async\" class=\"alignnone wp-image-632\" src=\"https:\/\/hydraulic-cylinders.net\/wp-content\/uploads\/2023\/08\/hydraulic-cylinder-product-8-300x200.webp\" alt=\"\" width=\"389\" height=\"260\" \/><\/p>\n<p>&nbsp;<\/p>\n<p>&nbsp;<\/p>\n<p>Suntem unul dintre cei mai buni produc\u0103tori de cilindri hidraulici compac\u021bi. Putem oferi un stoc complet de cilindri hidraulici compac\u021bi. De asemenea, oferim... <a href=\"https:\/\/hzpt.com\/agricultural-pto-gearbox\/\" target=\"_blank\" rel=\"noopener\">cutii de viteze agricole<\/a>Ne-am exportat produsele c\u0103tre clien\u021bi din \u00eentreaga lume \u0219i ne-am c\u00e2\u0219tigat o bun\u0103 reputa\u021bie datorit\u0103 calit\u0103\u021bii superioare a produselor noastre \u0219i a serviciilor post-v\u00e2nzare. \u00cei invit\u0103m pe clien\u021bii din \u021bar\u0103 \u0219i din str\u0103in\u0103tate s\u0103 ne contacteze pentru a negocia afaceri, a face schimb de informa\u021bii \u0219i... <a href=\"https:\/\/www.hydraulic-cylinders.net\/ro\/contact-us\/\">s\u0103 coopereze cu noi<\/a>!<\/p>\n<h2><\/h2>\n<h1 style=\"text-align: center;\"><\/h1>","protected":false},"excerpt":{"rendered":"<p>50-100 Double Acting Single Axis MDC Series Compact Mold Cylinder The double acting single axis MDC Series compact mold cylinder is an advanced hydraulic cylinder designed specifically for die applications. With its innovative features, reliable performance and compact design, this cylinder offers superior functionality and efficiency in a variety of industrial environments. Whether used in [&hellip;]<\/p>","protected":false},"featured_media":1427,"comment_status":"open","ping_status":"closed","template":"","meta":{"_et_pb_use_builder":"","_et_pb_old_content":"","_et_gb_content_width":""},"product_brand":[],"product_cat":[1550,1523,1376],"product_tag":[1380],"class_list":{"0":"post-1426","1":"product","2":"type-product","3":"status-publish","4":"has-post-thumbnail","6":"product_cat-double-acting-hydraulic-cylinder","7":"product_cat-injection-molding-hydraulic-cylinders","8":"product_cat-hydraulic-cylinder","9":"product_tag-hydraulic-cylinder","11":"first","12":"instock","13":"shipping-taxable","14":"product-type-simple"},"amp_enabled":true,"_links":{"self":[{"href":"https:\/\/www.hydraulic-cylinders.net\/ro\/wp-json\/wp\/v2\/product\/1426","targetHints":{"allow":["GET"]}}],"collection":[{"href":"https:\/\/www.hydraulic-cylinders.net\/ro\/wp-json\/wp\/v2\/product"}],"about":[{"href":"https:\/\/www.hydraulic-cylinders.net\/ro\/wp-json\/wp\/v2\/types\/product"}],"replies":[{"embeddable":true,"href":"https:\/\/www.hydraulic-cylinders.net\/ro\/wp-json\/wp\/v2\/comments?post=1426"}],"wp:featuredmedia":[{"embeddable":true,"href":"https:\/\/www.hydraulic-cylinders.net\/ro\/wp-json\/wp\/v2\/media\/1427"}],"wp:attachment":[{"href":"https:\/\/www.hydraulic-cylinders.net\/ro\/wp-json\/wp\/v2\/media?parent=1426"}],"wp:term":[{"taxonomy":"product_brand","embeddable":true,"href":"https:\/\/www.hydraulic-cylinders.net\/ro\/wp-json\/wp\/v2\/product_brand?post=1426"},{"taxonomy":"product_cat","embeddable":true,"href":"https:\/\/www.hydraulic-cylinders.net\/ro\/wp-json\/wp\/v2\/product_cat?post=1426"},{"taxonomy":"product_tag","embeddable":true,"href":"https:\/\/www.hydraulic-cylinders.net\/ro\/wp-json\/wp\/v2\/product_tag?post=1426"}],"curies":[{"name":"wp","href":"https:\/\/api.w.org\/{rel}","templated":true}]}}