{"id":14436,"date":"2024-12-12T08:44:13","date_gmt":"2024-12-12T08:44:13","guid":{"rendered":"https:\/\/www.hydraulic-cylinders.net\/product\/replacement-of-ahc23095-steering-hydraulic-cylinder\/"},"modified":"2024-12-12T08:44:15","modified_gmt":"2024-12-12T08:44:15","slug":"replacement-of-ahc23095-steering-hydraulic-cylinder","status":"publish","type":"product","link":"https:\/\/www.hydraulic-cylinders.net\/ro\/produs\/replacement-of-ahc23095-steering-hydraulic-cylinder\/","title":{"rendered":"\u00cenlocuirea cilindrului hidraulic de direc\u021bie AHC23095"},"content":{"rendered":"<h2>Introducere la \u00eenlocuirea cilindrului hidraulic de direc\u021bie AHC23095<\/h2>\n<p>\u00cenlocuirea cilindrului hidraulic de direc\u021bie AHC23095 este o component\u0103 crucial\u0103 utilizat\u0103 \u00een diverse modele de utilaje, inclusiv 8R 230, 8R 250, 8R 280, 8R 310, 8R 340, 8R 370, 8R 410, 8R 2304, 8R 2704, 8R 3004, 8RX 310, 8RX 340, 8RX 370 \u0219i 8RX 410. Acest cilindru hidraulic este conceput pentru a oferi un control fiabil al direc\u021biei \u0219i a \u00eembun\u0103t\u0103\u021bi performan\u021ba echipamentului.<\/p>\n<h3>Specifica\u021bii<\/h3>\n<ul>\n<li>Greutate: 43,291 lb<\/li>\n<li>\u00cen\u0103l\u021bime: 6 inci<\/li>\n<li>L\u0103\u021bime: 6,2 inci<\/li>\n<li>Lungime: 22,3 inci<\/li>\n<\/ul>\n<h3>Caracteristici cheie ale \u00eenlocuirii cilindrului hidraulic de direc\u021bie AHC23095<\/h3>\n<ol>\n<li>Performan\u021b\u0103 \u00eembun\u0103t\u0103\u021bit\u0103 a echipamentelor: \u00cenlocuirea cilindrilor hidraulici deteriora\u021bi sau uza\u021bi poate restabili capacitatea opera\u021bional\u0103 normal\u0103 a echipamentului, asigur\u00e2nd performan\u021be optime \u00een diverse aplica\u021bii.<\/li>\n<li>Siguran\u021b\u0103 sporit\u0103: \u00cenlocuirea regulat\u0103 a cilindrilor hidraulici reduce riscurile de siguran\u021b\u0103 cauzate de defec\u021biunile cilindrilor, asigur\u00e2nd siguran\u021ba operatorilor \u0219i a echipamentelor.<\/li>\n<li>Protec\u021bie la suprasarcin\u0103: Noile modele de cilindri \u00eencorporeaz\u0103 adesea mecanisme mai bune de protec\u021bie la suprasarcin\u0103, sporind siguran\u021ba general\u0103.<\/li>\n<li>Instalare rapid\u0103: Cilindrii hidraulici moderni sunt proiecta\u021bi pentru o instalare \u0219i \u00eenlocuire u\u0219oar\u0103, reduc\u00e2nd la minimum timpul de nefunc\u021bionare.<\/li>\n<li>Componente standardizate: Mul\u021bi cilindri hidraulici sunt standardiza\u021bi, ceea ce faciliteaz\u0103 ob\u021binerea pieselor de schimb de pe pia\u021b\u0103.<\/li>\n<\/ol>\n<p>Suntem capabili s\u0103 producem acest produs, iar \u00eenlocuitorul nostru pentru cilindrul hidraulic de direc\u021bie AHC23095 este o alternativ\u0103 perfect\u0103 la ace\u0219ti cilindri hidraulici.<\/p>\n<h2>Aplica\u021bii<\/h2>\n<p>\u00cenlocuirea cilindrului hidraulic de direc\u021bie AHC23095 \u00ee\u0219i g\u0103se\u0219te aplica\u021bii \u00een diverse scenarii, inclusiv:<\/p>\n<ul>\n<li>Excavatoare: Cilindrul hidraulic din bra\u021bele sau cupele excavatorului se poate deteriora din cauza utiliz\u0103rii pe termen lung sau a supra\u00eenc\u0103rc\u0103rii \u0219i trebuie \u00eenlocuit pentru a restabili func\u021bionarea normal\u0103.<\/li>\n<li>Macarale: Cilindrii hidraulici din bra\u021bul macaralei sunt predispu\u0219i la uzur\u0103 \u00een timpul ridic\u0103rii \u0219i cobor\u00e2rii frecvente, necesit\u00e2nd \u00eenlocuire regulat\u0103 pentru siguran\u021b\u0103.<\/li>\n<li>Tractoare: Cilindrii hidraulici ai \u00eenc\u0103rc\u0103torului frontal din tractoare pot prezenta scurgeri sau o degradare a performan\u021bei \u00een timpul opera\u021biunilor constante de ridicare \u0219i \u00eenclinare, necesit\u00e2nd \u00eenlocuirea lor.<\/li>\n<li>Combine de recoltat: Sistemul hidraulic func\u021bioneaz\u0103 sub presiuni ridicate \u00een timpul procesului de recoltare, iar cilindrii se pot deteriora din cauza oboselii. \u00cenlocuirea la timp asigur\u0103 eficien\u021ba muncii.<\/li>\n<li>Linii de produc\u021bie automatizate: Cilindrii hidraulici sunt utiliza\u021bi pentru a controla bra\u021bele robotizate \u0219i alte echipamente automate. Defec\u021biunile cilindrilor pot afecta semnificativ eficien\u021ba produc\u021biei \u0219i pot necesita \u00eenlocuirea imediat\u0103.<\/li>\n<li>Ma\u0219ini de turnare sub presiune: Cilindrii hidraulici din ma\u0219inile de turnare sub presiune pot suferi o degradare a performan\u021bei \u00een medii cu presiune \u0219i temperatur\u0103 ridicat\u0103. \u00cenlocuirea regulat\u0103 asigur\u0103 calitatea produsului.<\/li>\n<li>Echipamente miniere: Cilindrii hidraulici sunt utiliza\u021bi pentru ridicarea \u0219i deplasarea sarcinilor grele \u00een echipamentele miniere. Din cauza condi\u021biilor dure de lucru, inspec\u021bia \u0219i \u00eenlocuirea regulat\u0103 sunt necesare pentru a evita defectarea echipamentului.<\/li>\n<li>Buldozere: Uzura cilindrilor hidraulici de pe bra\u021bul cu lam\u0103 al buldozerului poate duce la sc\u0103derea capacit\u0103\u021bii de \u00eempingere, necesit\u00e2nd \u00eenlocuirea la timp pentru a men\u021bine eficien\u021ba muncii.<\/li>\n<\/ul>\n<h2>Sarcini de \u00eentre\u021binere<\/h2>\n<p>Sarcinile de \u00eentre\u021binere regulate \u0219i m\u0103surile preventive pentru \u00eenlocuirea cilindrului hidraulic de direc\u021bie AHC23095 includ:<\/p>\n<ol>\n<li>Inspec\u021bii periodice: Inspectarea regulat\u0103 a cilindrului hidraulic pentru a depista orice semne de uzur\u0103, scurgeri sau deteriorare.<\/li>\n<li>Lubrifiere adecvat\u0103: Asigurarea unei lubrifieri adecvate prin ad\u0103ugarea cantit\u0103\u021bii corespunz\u0103toare de ulei hidraulic.<\/li>\n<li>\u00cenlocuirea garniturilor \u0219i verific\u0103ri ale calibr\u0103rii: \u00cenlocuirea garniturilor uzate \u0219i efectuarea verific\u0103rilor de calibrare pentru a asigura performan\u021be optime.<\/li>\n<\/ol>\n<p>\u00cen timpul instal\u0103rii, este esen\u021bial s\u0103 se asigure o aliniere corespunz\u0103toare a cilindrului. Recomand\u0103m utilizarea unor console de montare adecvate pentru fixarea cilindrului. De asemenea, oferim proceduri de inspec\u021bie, reparare \u0219i \u00eenlocuire, precum \u0219i servicii de reconstruc\u021bie pentru a prelungi durata de via\u021b\u0103 a cilindrului hidraulic.<\/p>\n<h2>Considera\u021bii de siguran\u021b\u0103 \u0219i factori de mediu<\/h2>\n<p>Atunci c\u00e2nd utiliza\u021bi \u00eenlocuitorul cilindrului hidraulic de direc\u021bie AHC23095, este esen\u021bial s\u0103 acorda\u021bi prioritate m\u0103surilor de siguran\u021b\u0103. Respectarea protocoalelor de siguran\u021b\u0103 adecvate este important\u0103 pentru a preveni accidentele \u0219i a asigura bun\u0103starea operatorilor \u0219i a echipamentelor. \u00cen plus, luarea \u00een considerare a factorilor de mediu este esen\u021bial\u0103 pentru a minimiza orice impact negativ asupra mediului \u00eenconjur\u0103tor.<\/p>\n<h2>Depanare \u0219i probleme frecvente<\/h2>\n<p>\u00cen cazul depan\u0103rii sau \u00eent\u00e2mpin\u0103rii unor probleme comune legate de \u00eenlocuirea cilindrului hidraulic de direc\u021bie AHC23095, urm\u0103toarele sfaturi \u0219i solu\u021bii v\u0103 pot ajuta:<\/p>\n<ol>\n<li>Problema 1: Scurgeri din cilindru.<br \/>\n    <br \/>Solu\u021bie: Inspecta\u021bi \u0219i \u00eenlocui\u021bi garniturile deteriorate sau contacta\u021bi echipa noastr\u0103 de asisten\u021b\u0103 pentru asisten\u021b\u0103.<\/li>\n<li>Problema 2: Control slab al direc\u021biei.<br \/>\n    <br \/>Solu\u021bie: Verifica\u021bi dac\u0103 exist\u0103 blocaje sau scurgeri \u00een sistemul hidraulic. Asigura\u021bi lubrifierea \u0219i alinierea corespunz\u0103toare a cilindrului.<\/li>\n<li>Problema 3: Cilindrul nu func\u021bioneaz\u0103.<br \/>\n    <br \/>Solu\u021bie: Verifica\u021bi nivelurile fluidului hidraulic, inspecta\u021bi supapele de control \u0219i verifica\u021bi conexiunile electrice. Dac\u0103 este necesar, solicita\u021bi asisten\u021b\u0103 profesional\u0103.<\/li>\n<\/ol>\n<p>Este esen\u021bial s\u0103 urma\u021bi m\u0103suri preventive pentru a minimiza poten\u021bialele probleme \u0219i a asigura performan\u021ba optim\u0103 a cilindrului hidraulic.<\/p>\n<p><img decoding=\"async\" src=\"https:\/\/www.hydraulic-cylinders.net\/wp-content\/uploads\/2024\/12\/Replacement-Of-John-Deere-Hydraulic-Cylinder-7.webp\" alt=\"\u00cenlocuirea cilindrului hidraulic de direc\u021bie AHC23095\" \/><\/p>\n<h2>Considera\u021bii de proiectare \u0219i criterii de selec\u021bie<\/h2>\n<p>Proiectarea cilindrului hidraulic de direc\u021bie pentru \u00eenlocuirea AHC23095 ia \u00een considerare diver\u0219i factori, inclusiv capacitatea portant\u0103, eficacitatea etan\u0219\u0103rii, durabilitatea, caracteristicile de siguran\u021b\u0103 \u0219i u\u0219urin\u021ba \u00eentre\u021binerii \u0219i repara\u021biilor.<\/p>\n<h2>Etan\u0219are \u0219i lubrifiere<\/h2>\n<p>\u00cenlocuirea cilindrului hidraulic de direc\u021bie AHC23095 \u00eencorporeaz\u0103 diverse componente de etan\u0219are, cum ar fi garniturile pistonului \u0219i garniturile tijei, fabricate din materiale rezistente la uzur\u0103, cum ar fi poliuretanul \u0219i cauciucul nitrilic. Corpul cilindrului \u0219i capetele filetate sunt supuse unor tratamente de suprafa\u021b\u0103 precise pentru a le \u00eembun\u0103t\u0103\u021bi rezisten\u021ba la uzur\u0103. Lubrifierea regulat\u0103 cu uleiul hidraulic adecvat este necesar\u0103 pentru a asigura o func\u021bionare f\u0103r\u0103 probleme \u0219i o longevitate sporit\u0103.<\/p>\n<h2>Inspec\u021bii regulate \u0219i \u00eentre\u021binere preventiv\u0103<\/h2>\n<p>Pentru a asigura longevitatea \u0219i performan\u021ba optim\u0103 a cilindrului hidraulic de direc\u021bie AHC23095, trebuie efectuate periodic c\u00e2teva sarcini de \u00eentre\u021binere:<\/p>\n<ol>\n<li>Inspec\u021bii am\u0103nun\u021bite pentru a identifica orice semne de uzur\u0103, deteriorare sau scurgeri.<\/li>\n<li>Instalarea, lubrifierea \u0219i reglarea corect\u0103 sunt cruciale pentru o performan\u021b\u0103 optim\u0103.<\/li>\n<li>Oferirea de \u00eendrum\u0103ri corecte pentru alinierea \u00een timpul instal\u0103rii \u0219i recomandarea utiliz\u0103rii unor console de montare adecvate pentru fixarea cilindrului.<\/li>\n<li>Implementarea procedurilor recomandate de inspec\u021bie, reparare \u0219i \u00eenlocuire.<\/li>\n<li>Oferim piese de schimb \u0219i servicii de reconstruc\u021bie pentru a prelungi durata de via\u021b\u0103 a cilindrului hidraulic.<\/li>\n<\/ol>\n<h2>Ghid de instalare a produsului<\/h2>\n<p>Instalarea corect\u0103 a \u00eenlocuitorului direc\u021biei AHC23095<\/p>","protected":false},"excerpt":{"rendered":"<p>Introduction to Replacement Of AHC23095 Steering Hydraulic Cylinder The Replacement Of AHC23095 Steering Hydraulic Cylinder is a crucial component used in various machinery models, including 8R 230, 8R 250, 8R 280, 8R 310, 8R 340, 8R 370, 8R 410, 8R 2304, 8R 2704, 8R 3004, 8RX 310, 8RX 340, 8RX 370, and 8RX 410. This [&hellip;]<\/p>","protected":false},"featured_media":11855,"comment_status":"open","ping_status":"closed","template":"","meta":{"_et_pb_use_builder":"","_et_pb_old_content":"","_et_gb_content_width":""},"product_brand":[],"product_cat":[1489],"product_tag":[1380,1490,1491],"class_list":{"0":"post-14436","1":"product","2":"type-product","3":"status-publish","4":"has-post-thumbnail","6":"product_cat-replacement-of-john-deere-hydraulic-cylinder","7":"product_tag-hydraulic-cylinder","8":"product_tag-replacement-of-hydraulic-cylinder","9":"product_tag-replacemet-of-john-deere-hydraulic-cylinder","11":"first","12":"instock","13":"shipping-taxable","14":"product-type-simple"},"amp_enabled":true,"_links":{"self":[{"href":"https:\/\/www.hydraulic-cylinders.net\/ro\/wp-json\/wp\/v2\/product\/14436","targetHints":{"allow":["GET"]}}],"collection":[{"href":"https:\/\/www.hydraulic-cylinders.net\/ro\/wp-json\/wp\/v2\/product"}],"about":[{"href":"https:\/\/www.hydraulic-cylinders.net\/ro\/wp-json\/wp\/v2\/types\/product"}],"replies":[{"embeddable":true,"href":"https:\/\/www.hydraulic-cylinders.net\/ro\/wp-json\/wp\/v2\/comments?post=14436"}],"wp:featuredmedia":[{"embeddable":true,"href":"https:\/\/www.hydraulic-cylinders.net\/ro\/wp-json\/wp\/v2\/media\/11855"}],"wp:attachment":[{"href":"https:\/\/www.hydraulic-cylinders.net\/ro\/wp-json\/wp\/v2\/media?parent=14436"}],"wp:term":[{"taxonomy":"product_brand","embeddable":true,"href":"https:\/\/www.hydraulic-cylinders.net\/ro\/wp-json\/wp\/v2\/product_brand?post=14436"},{"taxonomy":"product_cat","embeddable":true,"href":"https:\/\/www.hydraulic-cylinders.net\/ro\/wp-json\/wp\/v2\/product_cat?post=14436"},{"taxonomy":"product_tag","embeddable":true,"href":"https:\/\/www.hydraulic-cylinders.net\/ro\/wp-json\/wp\/v2\/product_tag?post=14436"}],"curies":[{"name":"wp","href":"https:\/\/api.w.org\/{rel}","templated":true}]}}