{"id":14439,"date":"2024-12-12T08:44:24","date_gmt":"2024-12-12T08:44:24","guid":{"rendered":"https:\/\/www.hydraulic-cylinders.net\/product\/replacement-of-am146722-steering-hydraulic-cylinder\/"},"modified":"2024-12-12T08:44:26","modified_gmt":"2024-12-12T08:44:26","slug":"replacement-of-am146722-steering-hydraulic-cylinder","status":"publish","type":"product","link":"https:\/\/www.hydraulic-cylinders.net\/ro\/produs\/replacement-of-am146722-steering-hydraulic-cylinder\/","title":{"rendered":"\u00cenlocuirea cilindrului hidraulic de direc\u021bie AM146722"},"content":{"rendered":"<h2>Introducere la \u00eenlocuirea cilindrului hidraulic de direc\u021bie AM146722<\/h2>\n<p>Cilindrul hidraulic de direc\u021bie AM146722 este un cilindru hidraulic conceput pentru a fi utilizat \u00een ma\u0219inile X370 X390 X394 X580 X584 X590. C\u00e2nt\u0103re\u0219te 2,7 kg, are o \u00een\u0103l\u021bime de 5 cm, o l\u0103\u021bime de 7,6 cm \u0219i o lungime de 40 cm. Cilindrii hidraulici sunt o parte important\u0103 a diverselor utilaje grele \u0219i sunt responsabili de transformarea energiei hidraulice \u00een for\u021b\u0103 liniar\u0103. Cilindrul este responsabil pentru controlul mi\u0219c\u0103rii ma\u0219inii \u0219i furnizarea de putere. <\/p>\n<h2>Specifica\u021bii \u0219i model de \u00eenlocuire a cilindrului hidraulic de direc\u021bie AM146722<\/h2>\n<p>Cilindrul hidraulic de direc\u021bie AM146722 este compatibil cu ma\u0219inile X370 X390 X394 X580 X584 X590. C\u00e2nt\u0103re\u0219te 3,8 kg, are o \u00een\u0103l\u021bime de 5 cm, o l\u0103\u021bime de 7,6 cm \u0219i o lungime de 40 cm. <\/p>\n<h2>Caracteristici ale \u00eenlocuirii cilindrului hidraulic de direc\u021bie AM146722<\/h2>\n<ul>\n<li>Performan\u021b\u0103 \u00eembun\u0103t\u0103\u021bit\u0103 a echipamentelor: \u00cenlocuirea cilindrilor hidraulici deteriora\u021bi sau uza\u021bi poate restabili func\u021bionarea normal\u0103 a echipamentului, asigur\u00e2ndu-i performan\u021ba \u00een diverse aplica\u021bii.<\/li>\n<li>Siguran\u021b\u0103 sporit\u0103: \u00cenlocuirea regulat\u0103 a cilindrilor hidraulici poate reduce riscurile de siguran\u021b\u0103 cauzate de defec\u021biunile cilindrilor, asigur\u00e2nd siguran\u021ba operatorilor \u0219i a echipamentelor.<\/li>\n<li>Protec\u021bie la suprasarcin\u0103: Noul design al cilindrului ia \u00een considerare, de obicei, mecanisme mai bune de protec\u021bie la suprasarcin\u0103, \u00eembun\u0103t\u0103\u021bind siguran\u021ba.<\/li>\n<li>Instalare rapid\u0103: Proiectarea cilindrilor hidraulici moderni ia \u00een considerare, de obicei, u\u0219urin\u021ba instal\u0103rii \u0219i \u00eenlocuirii, reduc\u00e2nd timpul de nefunc\u021bionare.<\/li>\n<li>Piese standardizate: Mul\u021bi cilindri hidraulici sunt produse standardizate, ceea ce faciliteaz\u0103 ob\u021binerea de piese de schimb pe pia\u021b\u0103.<\/li>\n<\/ul>\n<p>Putem produce acest produs, iar produsele noastre pot \u00eenlocui perfect ace\u0219ti cilindri hidraulici.<\/p>\n<h2>Aplica\u021bii de \u00eenlocuire a cilindrului hidraulic de direc\u021bie AM146722<\/h2>\n<p>\u00cenlocuirea cilindrului hidraulic de direc\u021bie AM146722 este utilizat\u0103 pe scar\u0103 larg\u0103 \u00een diverse utilaje grele, cum ar fi excavatoare, macarale, tractoare, combine de recoltat, linii de produc\u021bie automatizate, ma\u0219ini de turnare sub presiune, echipamente miniere, buldozere etc.<\/p>\n<h3>Excavatoare<\/h3>\n<p>La excavatoare, cilindrul hidraulic din bra\u021b sau cup\u0103 se poate deteriora din cauza utiliz\u0103rii pe termen lung sau a supra\u00eenc\u0103rc\u0103rii \u0219i trebuie \u00eenlocuit pentru a restabili func\u021bionarea normal\u0103 a ma\u0219inii.<\/p>\n<h3>Macarale<\/h3>\n<p>Cilindrul hidraulic al bra\u021bului macaralei se poate uza \u00een timpul ridic\u0103rii \u0219i cobor\u00e2rii frecvente \u0219i trebuie \u00eenlocuit periodic pentru a asigura siguran\u021ba.<\/p>\n<h3>Tractoare<\/h3>\n<p>Cilindrul hidraulic din \u00eenc\u0103rc\u0103torul frontal al tractorului poate avea scurgeri sau performan\u021ba acestuia poate sc\u0103dea din cauza opera\u021biunilor continue de ridicare \u0219i \u00eenclinare, necesit\u00e2nd \u00eenlocuirea.<\/p>\n<h3>Secer\u0103toare<\/h3>\n<p>\u00cen timpul recolt\u0103rii, sistemul hidraulic este supus unei presiuni ridicate, iar cilindrul se poate deteriora din cauza oboselii, necesit\u00e2nd \u00eenlocuirea la timp pentru a men\u021bine eficien\u021ba muncii.<\/p>\n<h3>Linii de produc\u021bie automatizate<\/h3>\n<p>Cilindrii hidraulici sunt utiliza\u021bi pentru a controla bra\u021bele robotizate \u0219i alte echipamente automate, iar dac\u0103 cilindrul se defecteaz\u0103, poate afecta eficien\u021ba produc\u021biei \u0219i necesit\u0103 \u00eenlocuire imediat\u0103.<\/p>\n<h3>Ma\u0219ini de turnare sub presiune<\/h3>\n<p>\u00cen medii cu presiune \u0219i temperatur\u0103 ridicat\u0103, cilindrii hidraulici pot experimenta sc\u0103deri de performan\u021b\u0103, iar \u00eenlocuirea regulat\u0103 poate asigura calitatea produsului.<\/p>\n<h3>Echipamente miniere<\/h3>\n<p>Cilindrii hidraulici sunt utiliza\u021bi pentru ridicarea \u0219i mutarea obiectelor grele \u00een echipamentele miniere, iar din cauza mediului de lucru dificil, inspec\u021bia \u0219i \u00eenlocuirea regulat\u0103 sunt necesare pentru a evita defec\u021biunile echipamentelor.<\/p>\n<h3>Buldozere<\/h3>\n<p>Uzura cilindrului hidraulic de pe bra\u021bul de \u00eempingere al buldozerului poate cauza o sc\u0103dere a capacit\u0103\u021bii de \u00eempingere, necesit\u00e2nd \u00eenlocuirea la timp pentru a men\u021bine eficien\u021ba muncii.<\/p>\n<h2>\u00centre\u021binerea \u00eenlocuirii cilindrului hidraulic de direc\u021bie AM146722<\/h2>\n<p>\u00centre\u021binerea regulat\u0103 a cilindrului hidraulic poate prelungi durata de via\u021b\u0103 a acestuia \u0219i poate reduce riscul de defec\u021biune. Sarcinile comune de \u00eentre\u021binere includ:<\/p>\n<h3>Inspec\u021bie regulat\u0103<\/h3>\n<p>Verifica\u021bi periodic tijele cilindrilor, garniturile \u0219i punctele de montare pentru a depista semne de uzur\u0103 sau deteriorare. \u00cenlocui\u021bi prompt orice piese uzate sau deteriorate.<\/p>\n<h3>Lubrifiere adecvat\u0103<\/h3>\n<p>Folosi\u021bi lubrifiantul adecvat pentru cilindrul hidraulic \u0219i lubrifia\u021bi-l regulat pentru a preveni uzura \u0219i coroziunea. <\/p>\n<h3>\u00cenlocuirea garniturii \u0219i verificarea calibr\u0103rii<\/h3>\n<p>\u00cenlocui\u021bi periodic garniturile pentru a preveni scurgerile \u0219i efectua\u021bi verific\u0103ri de calibrare pentru a v\u0103 asigura c\u0103 cilindrul func\u021bioneaz\u0103 corect.<\/p>\n<p>Este important s\u0103 se ofere \u00eendrum\u0103ri privind alinierea corect\u0103 a cilindrului \u00een timpul instal\u0103rii, s\u0103 se recomande utilizarea unor console de instalare adecvate pentru fixarea cilindrului, s\u0103 se sugereze proceduri recomandate de inspec\u021bie, reparare \u0219i \u00eenlocuire, s\u0103 se ofere piese de schimb \u0219i servicii de reconstruc\u021bie \u0219i s\u0103 se \u00eemp\u0103rt\u0103\u0219easc\u0103 sfaturi pentru prelungirea duratei de via\u021b\u0103 a cilindrului.<\/p>\n<h2>Considera\u021bii de siguran\u021b\u0103 \u0219i factori de mediu<\/h2>\n<p>C\u00e2nd utiliza\u021bi cilindri hidraulici, m\u0103surile de siguran\u021b\u0103 sunt cruciale pentru a preveni v\u0103t\u0103m\u0103rile corporale sau deteriorarea. Respecta\u021bi \u00eentotdeauna instruc\u021biunile de siguran\u021b\u0103 la instalarea, operarea \u0219i \u00eentre\u021binerea cilindrului. <\/p>\n<p>Cilindrul trebuie eliminat \u00een mod corespunz\u0103tor pentru a minimiza impactul asupra mediului. Orice fluid hidraulic utilizat trebuie, de asemenea, gestionat \u0219i depozitat corespunz\u0103tor. <\/p>\n<h2>Diagnosticarea defec\u021biunilor \u0219i a problemelor comune<\/h2>\n<p>Defec\u021biunile frecvente ale cilindrilor hidraulici includ scurgeri, imposibilitatea de extindere sau retragere \u0219i for\u021ba insuficient\u0103. Pentru a diagnostica problema, efectua\u021bi o inspec\u021bie vizual\u0103 \u0219i verifica\u021bi sistemul hidraulic pentru a depista eventuale scurgeri sau deterior\u0103ri. Apoi, verifica\u021bi garniturile \u0219i tijele cilindrului pentru uzur\u0103 sau deteriorare. <\/p>\n<p>Problemele frecvente care pot ap\u0103rea includ lubrifierea deficitar\u0103 sau inadecvat\u0103, garniturile uzate sau deteriorate \u0219i nealinierea \u00een timpul instal\u0103rii. Pentru a preveni problemele, asigura\u021bi o lubrifiere corespunz\u0103toare, inspec\u021bii \u0219i \u00eentre\u021bineri regulate \u0219i o instalare corect\u0103. <\/p>\n<h2>Considera\u021bii de proiectare \u0219i criterii de selec\u021bie pentru \u00eenlocuirea cilindrului hidraulic de direc\u021bie AM146722<\/h2>\n<p>La selectarea unui cilindru hidraulic, principalele aspecte de proiectare includ capacitatea portant\u0103, etan\u0219area, durabilitatea, siguran\u021ba \u0219i mentenan\u021ba. Este important s\u0103 alege\u021bi cilindrul potrivit pentru aplica\u021bie \u0219i s\u0103 respecta\u021bi specifica\u021biile produc\u0103torului pentru instalare, func\u021bionare \u0219i \u00eentre\u021binere. <\/p>\n<p>De asemenea, trebuie luat\u0103 \u00een considerare \u00eenlocuirea garniturilor cilindrului, recomand\u00e2ndu-se utilizarea poliuretanului sau a cauciucului nitrilic pentru rezisten\u021ba la uzur\u0103. Corpul cilindrului \u0219i suprafa\u021ba filetat\u0103 trebuie prelucrate fin pentru a \u00eembun\u0103t\u0103\u021bi rezisten\u021ba la uzur\u0103. De asemenea, este necesar\u0103 reumplerea regulat\u0103 a cilindrului cu uleiul hidraulic adecvat pentru lubrifiere. <\/p>\n<p>Pentru a prelungi durata de via\u021b\u0103 a cilindrului, trebuie efectuate inspec\u021bii regulate \u0219i \u00eentre\u021binere preventiv\u0103, iar cilindrul trebuie instalat, lubrifiat \u0219i reglat corect. <\/p>\n<h2>Despre compania noastr\u0103<\/h2>\n<p>Suntem produc\u0103tori de cilindri hidraulici de schimb cu o gam\u0103 complet\u0103 de produse, devenind unul dintre principalii produc\u0103tori \u0219i distribuitori angro de cilindri hidraulici pe pie\u021bele interne \u0219i interna\u021bionale. <\/p>\n<p>Compania noastr\u0103 are expertiz\u0103 profesional\u0103, certificare interna\u021bional\u0103, servicii personalizate, echipamente de produc\u021bie avansate \u0219i servicii post-v\u00e2nzare excelente. Ne asigur\u0103m c\u0103 produsele noastre \u00eendeplinesc sau dep\u0103\u0219esc standardele industriei \u0219i cerin\u021bele clien\u021bilor. <\/p>\n<p><img decoding=\"async\" src=\"https:\/\/www.hydraulic-cylinders.net\/wp-content\/uploads\/2024\/12\/hydraulic-cylinder-factory.webp\" alt=\"Fabric\u0103 de cilindri hidraulici\"><\/p>\n<p>Autor: lyl<\/p>","protected":false},"excerpt":{"rendered":"<p>Introduction to Replacement Of AM146722 Steering Hydraulic Cylinder The Replacement Of AM146722 Steering Hydraulic Cylinder is a hydraulic cylinder designed for use in X370 X390 X394 X580 X584 X590 machines. It weighs 6 lbs with a height of 2 in, width of 3 in and a length of 16 in. Hydraulic cylinders are an important [&hellip;]<\/p>","protected":false},"featured_media":11960,"comment_status":"open","ping_status":"closed","template":"","meta":{"_et_pb_use_builder":"","_et_pb_old_content":"","_et_gb_content_width":""},"product_brand":[],"product_cat":[1489],"product_tag":[1380,1490,1491],"class_list":{"0":"post-14439","1":"product","2":"type-product","3":"status-publish","4":"has-post-thumbnail","6":"product_cat-replacement-of-john-deere-hydraulic-cylinder","7":"product_tag-hydraulic-cylinder","8":"product_tag-replacement-of-hydraulic-cylinder","9":"product_tag-replacemet-of-john-deere-hydraulic-cylinder","11":"first","12":"instock","13":"shipping-taxable","14":"product-type-simple"},"amp_enabled":true,"_links":{"self":[{"href":"https:\/\/www.hydraulic-cylinders.net\/ro\/wp-json\/wp\/v2\/product\/14439","targetHints":{"allow":["GET"]}}],"collection":[{"href":"https:\/\/www.hydraulic-cylinders.net\/ro\/wp-json\/wp\/v2\/product"}],"about":[{"href":"https:\/\/www.hydraulic-cylinders.net\/ro\/wp-json\/wp\/v2\/types\/product"}],"replies":[{"embeddable":true,"href":"https:\/\/www.hydraulic-cylinders.net\/ro\/wp-json\/wp\/v2\/comments?post=14439"}],"wp:featuredmedia":[{"embeddable":true,"href":"https:\/\/www.hydraulic-cylinders.net\/ro\/wp-json\/wp\/v2\/media\/11960"}],"wp:attachment":[{"href":"https:\/\/www.hydraulic-cylinders.net\/ro\/wp-json\/wp\/v2\/media?parent=14439"}],"wp:term":[{"taxonomy":"product_brand","embeddable":true,"href":"https:\/\/www.hydraulic-cylinders.net\/ro\/wp-json\/wp\/v2\/product_brand?post=14439"},{"taxonomy":"product_cat","embeddable":true,"href":"https:\/\/www.hydraulic-cylinders.net\/ro\/wp-json\/wp\/v2\/product_cat?post=14439"},{"taxonomy":"product_tag","embeddable":true,"href":"https:\/\/www.hydraulic-cylinders.net\/ro\/wp-json\/wp\/v2\/product_tag?post=14439"}],"curies":[{"name":"wp","href":"https:\/\/api.w.org\/{rel}","templated":true}]}}