{"id":14474,"date":"2024-12-12T08:47:10","date_gmt":"2024-12-12T08:47:10","guid":{"rendered":"https:\/\/www.hydraulic-cylinders.net\/product\/replacement-of-afh200246-cylinder\/"},"modified":"2024-12-12T08:47:12","modified_gmt":"2024-12-12T08:47:12","slug":"replacement-of-afh200246-cylinder","status":"publish","type":"product","link":"https:\/\/www.hydraulic-cylinders.net\/ro\/produs\/replacement-of-afh200246-cylinder\/","title":{"rendered":"\u00cenlocuirea cilindrului AFH200246"},"content":{"rendered":"<h1>\u00cenlocuirea cilindrului AFH200246<\/h1>\n<p>Cilindru hidraulic de \u00eenlocuire AFH200246 este conceput pentru a \u00eenlocui cilindrii deteriora\u021bi sau uza\u021bi din diverse modele de utilaje, cum ar fi 730, 735, 830, 835, C300, C350 \u0219i C400 GROUPER. C\u00e2nt\u0103re\u0219te 17,1 kg, are o \u00een\u0103l\u021bime de 9,1 cm, o l\u0103\u021bime de 12,2 cm \u0219i o lungime de 72,5 cm.<\/p>\n<h2>Specifica\u021bii \u0219i modele de produs<\/h2>\n<p>Cilindrul de \u00eenlocuire AFH200246 este compatibil cu diverse modele de utilaje \u0219i are urm\u0103toarele specifica\u021bii:<\/p>\n<ul>\n<li>Greutate: 17,3 kg<\/li>\n<li>\u00cen\u0103l\u021bime: 8,1 cm<\/li>\n<li>L\u0103\u021bime: 4,8 inci<\/li>\n<li>Lungime: 72,5 cm<\/li>\n<\/ul>\n<p>Este compatibil cu urm\u0103toarele modele de utilaje: 730, 735, 830, 835, C300, C350 \u0219i C400 GROUPER.<\/p>\n<h2>Caracteristici<\/h2>\n<p>Cilindrul de \u00eenlocuire AFH200246 are urm\u0103toarele caracteristici:<\/p>\n<ul>\n<li>Performan\u021b\u0103 \u00eembun\u0103t\u0103\u021bit\u0103 a echipamentelor: \u00cenlocuirea cilindrilor hidraulici deteriora\u021bi sau uza\u021bi poate restabili capacitatea normal\u0103 de func\u021bionare a echipamentului \u0219i poate asigura performan\u021ba acestuia \u00een diverse aplica\u021bii.<\/li>\n<li>Siguran\u021b\u0103 sporit\u0103: \u00cenlocuirea regulat\u0103 a cilindrilor hidraulici poate reduce riscurile de siguran\u021b\u0103 cauzate de defec\u021biunile cilindrilor, asigur\u00e2nd siguran\u021ba operatorilor \u0219i a echipamentelor.<\/li>\n<li>Protec\u021bie la suprasarcin\u0103: Proiectele moderne de cilindri iau de obicei \u00een considerare mecanisme mai bune de protec\u021bie la suprasarcin\u0103, sporind siguran\u021ba.<\/li>\n<li>Instalare rapid\u0103: Proiectele moderne de cilindri hidraulici iau de obicei \u00een considerare instalarea \u0219i \u00eenlocuirea u\u0219oar\u0103, reduc\u00e2nd timpul de nefunc\u021bionare.<\/li>\n<li>Componente standardizate: Mul\u021bi cilindri hidraulici sunt produse standardizate, ceea ce faciliteaz\u0103 ob\u021binerea de piese de schimb pe pia\u021b\u0103.<\/li>\n<\/ul>\n<p>Suntem capabili s\u0103 producem acest produs, iar produsul nostru poate \u00eenlocui perfect ace\u0219ti cilindri hidraulici.<\/p>\n<h2>Aplica\u021bii<\/h2>\n<p>\u00cenlocuirea cilindrului AFH200246 poate fi utilizat\u0103 \u00een diverse utilaje, a\u0219a cum se arat\u0103 mai jos:<\/p>\n<h3>Excavator<\/h3>\n<p>La excavatoare, cilindrul hidraulic se poate deteriora din cauza utiliz\u0103rii pe termen lung sau a suprasarcinii, necesit\u00e2nd \u00eenlocuirea pentru a restabili func\u021bionarea normal\u0103.<\/p>\n<h3>Macara<\/h3>\n<p>Cilindrii hidraulici ai bra\u021belor de ridicare ale macaralei sunt predispu\u0219i la uzur\u0103 \u00een timpul proceselor frecvente de ridicare \u0219i cobor\u00e2re \u0219i necesit\u0103 \u00eenlocuire regulat\u0103 pentru a asigura siguran\u021ba.<\/p>\n<h3>Tractor<\/h3>\n<p>Cilindrii hidraulici ai \u00eenc\u0103rc\u0103toarelor frontale de pe tractoare pot avea scurgeri sau pot func\u021biona necorespunz\u0103tor \u00een timpul opera\u021biunilor continue de ridicare \u0219i \u00eenclinare, necesit\u00e2nd \u00eenlocuirea.<\/p>\n<h3>Secer\u0103toare<\/h3>\n<p>\u00cen timpul recolt\u0103rii, sistemul hidraulic este supus unei presiuni ridicate, iar cilindrul se poate deteriora din cauza oboselii, necesit\u00e2nd \u00eenlocuirea la timp pentru a men\u021bine eficien\u021ba muncii.<\/p>\n<h3>Linie de produc\u021bie automatizat\u0103<\/h3>\n<p>Cilindrii hidraulici sunt utiliza\u021bi pentru a controla bra\u021bele robotizate \u0219i alte echipamente de automatizare. \u00cen cazul defec\u021biunii cilindrului, aceasta poate afecta eficien\u021ba produc\u021biei \u0219i necesit\u0103 \u00eenlocuire imediat\u0103.<\/p>\n<h3>Ma\u0219in\u0103 de turnare sub presiune<\/h3>\n<p>\u00cen medii cu presiune \u0219i temperatur\u0103 ridicat\u0103, cilindrii hidraulici pot experimenta o sc\u0103dere a performan\u021bei, iar \u00eenlocuirea regulat\u0103 poate asigura calitatea produsului.<\/p>\n<h3>Echipamente miniere<\/h3>\n<p>Cilindrii hidraulici sunt utiliza\u021bi \u00een echipamentele miniere pentru a ridica \u0219i muta obiecte grele. Din cauza mediului de lucru dificil, sunt necesare inspec\u021bii \u0219i \u00eenlocuiri regulate pentru a evita defectarea echipamentelor.<\/p>\n<h3>Buldozer<\/h3>\n<p>Uzura cilindrului hidraulic al bra\u021bului de \u00eempingere al buldozerului poate cauza o sc\u0103dere a capacit\u0103\u021bii de \u00eempingere, necesit\u00e2nd \u00eenlocuirea la timp pentru a men\u021bine eficien\u021ba de func\u021bionare.<\/p>\n<h2>\u00centre\u0163inere<\/h2>\n<p>\u00centre\u021binerea regulat\u0103 este esen\u021bial\u0103 pentru a asigura performan\u021ba optim\u0103 a cilindrului hidraulic. Urm\u0103toarele sunt sarcini comune de \u00eentre\u021binere:<\/p>\n<ul>\n<li>Inspec\u021bie regulat\u0103<\/li>\n<li>Lubrifiere adecvat\u0103<\/li>\n<li>\u00cenlocuirea garniturii<\/li>\n<li>Verificare calibrare<\/li>\n<\/ul>\n<p>Instalarea, lubrifierea \u0219i reglarea corect\u0103 sunt cruciale. \u00cen timpul instal\u0103rii, oferi\u021bi \u00eendrum\u0103ri adecvate pentru alinierea cilindrului \u0219i sugera\u021bi utilizarea suporturilor de instalare adecvate pentru fixarea cilindrului. Recomand\u0103m utilizarea procedurii sugerate de inspec\u021bie, reparare \u0219i \u00eenlocuire pentru a prelungi durata de via\u021b\u0103 a cilindrului.<\/p>\n<h2>Considera\u021bii de siguran\u021b\u0103 \u0219i factori de mediu<\/h2>\n<p>Cilindrii hidraulici sunt componente cruciale, iar utilizarea unor m\u0103suri de siguran\u021b\u0103 adecvate la manipularea lor este esen\u021bial\u0103. Pentru a preveni accidentele, \u00eentre\u021binerea \u0219i inspec\u021biile regulate trebuie efectuate de c\u0103tre personal calificat. Factorii de mediu, cum ar fi temperaturile ridicate, umiditatea \u0219i mediile corozive, pot afecta durata de via\u021b\u0103 a cilindrului. \u00centre\u021binerea \u0219i \u00eenlocuirea corespunz\u0103toare pot prelungi durata de via\u021b\u0103 a cilindrului \u00een astfel de medii.<\/p>\n<h2>Depanare \u0219i probleme frecvente<\/h2>\n<p>Urm\u0103toarele sunt probleme frecvente care pot ap\u0103rea la cilindrii hidraulici:<\/p>\n<ul>\n<li>Mi\u0219care lent\u0103 sau neuniform\u0103 a cilindrului<\/li>\n<li>Scurgere<\/li>\n<li>Zgomot \u00een timpul func\u021bion\u0103rii<\/li>\n<li>Putere insuficient\u0103<\/li>\n<\/ul>\n<p>Pentru a diagnostica \u0219i rezolva aceste probleme, urm\u0103toarele sfaturi pot fi utile:<\/p>\n<ul>\n<li>Verifica\u021bi nivelul \u0219i debitul fluidului hidraulic<\/li>\n<li>Verifica\u021bi dac\u0103 exist\u0103 deterior\u0103ri sau uzur\u0103 la componentele cilindrului<\/li>\n<li>Cur\u0103\u021ba\u021bi sau \u00eenlocui\u021bi componentele deteriorate sau uzate<\/li>\n<\/ul>\n<p>M\u0103surile preventive, precum \u00eentre\u021binerea \u0219i inspec\u021bia regulat\u0103, pot ajuta la evitarea poten\u021bialelor probleme.<\/p>\n<p><img decoding=\"async\" src=\"https:\/\/www.hydraulic-cylinders.net\/wp-content\/uploads\/2024\/12\/Replacement-Of-John-Deere-Hydraulic-Cylinder-7.webp\" alt=\"\u00cenlocuirea cilindrului AFH200246\" \/><\/p>\n<h2>Considera\u021bii de proiectare \u0219i criterii de selec\u021bie<\/h2>\n<p>La alegerea cilindrilor hidraulici, este esen\u021bial s\u0103 se ia \u00een considerare urm\u0103toarele criterii de proiectare \u0219i selec\u021bie:<\/p>\n<ul>\n<li>Capacitate portant\u0103<\/li>\n<li>Performan\u021ba de etan\u0219are<\/li>\n<li>Durabilitate<\/li>\n<li>Siguran\u0163\u0103<\/li>\n<li>Mentenabilitate<\/li>\n<\/ul>\n<p>Etan\u0219area \u0219i lubrifierea corespunz\u0103toare pot asigura performan\u021ba optim\u0103 a cilindrului. Utilizarea diverselor componente de etan\u0219are, cum ar fi etan\u0219\u0103rile pistonului \u0219i etan\u0219\u0103rile tijei, fabricate din materiale durabile precum poliuretanul \u0219i cauciucul nitrilic, poate \u00eembun\u0103t\u0103\u021bi rezisten\u021ba la uzur\u0103. Tratarea precis\u0103 a suprafe\u021belor alezajului \u0219i filetului cilindrului poate spori rezisten\u021ba la uzur\u0103. Lubrifierea regulat\u0103 cu ulei hidraulic poate, de asemenea, \u00eembun\u0103t\u0103\u021bi durata de via\u021b\u0103 a cilindrului.<\/p>\n<h2>Introducerea companiei<\/h2>\n<p>Suntem produc\u0103tori de cilindri hidraulici de schimb, cu o gam\u0103 complet\u0103 de produse, \u0219i am devenit unul dintre principalii produc\u0103tori \u0219i distribuitori angro de cilindri hidraulici pe pie\u021bele interne \u0219i interna\u021bionale.<\/p>\n<p>Compania noastr\u0103 are urm\u0103toarele caracteristici:<\/p>\n<ul>\n<li>Expertiz\u0103 profesional\u0103<\/li>\n<li>Certificare interna\u021bional\u0103<\/li>\n<li>Servicii de personalizare<\/li>\n<li>Echipamente de produc\u021bie avansate<\/li>\n<li>Serviciu post-v\u00e2nzare<\/li>\n<\/ul>\n<p><img decoding=\"async\" src=\"https:\/\/www.hydraulic-cylinders.net\/wp-content\/uploads\/2024\/12\/hydraulic-cylinder-factory.webp\" alt=\"Introducerea companiei\" \/><\/p>\n<p>Autor: lyl<\/p>","protected":false},"excerpt":{"rendered":"<p>Replacement Of AFH200246 Cylinder The Replacement Of AFH200246 Cylinder is a hydraulic cylinder designed to replace damaged or worn out cylinders in various machinery models such as 730, 735, 830, 835, C300, C350, and C400 GROUPER. It weighs 36.9 lb, is 3.6 inches in height, 4.8 inches in width, and 28.5 inches in length. Product [&hellip;]<\/p>","protected":false},"featured_media":10763,"comment_status":"open","ping_status":"closed","template":"","meta":{"_et_pb_use_builder":"","_et_pb_old_content":"","_et_gb_content_width":""},"product_brand":[],"product_cat":[1489],"product_tag":[1380,1490,1491],"class_list":{"0":"post-14474","1":"product","2":"type-product","3":"status-publish","4":"has-post-thumbnail","6":"product_cat-replacement-of-john-deere-hydraulic-cylinder","7":"product_tag-hydraulic-cylinder","8":"product_tag-replacement-of-hydraulic-cylinder","9":"product_tag-replacemet-of-john-deere-hydraulic-cylinder","11":"first","12":"instock","13":"shipping-taxable","14":"product-type-simple"},"amp_enabled":true,"_links":{"self":[{"href":"https:\/\/www.hydraulic-cylinders.net\/ro\/wp-json\/wp\/v2\/product\/14474","targetHints":{"allow":["GET"]}}],"collection":[{"href":"https:\/\/www.hydraulic-cylinders.net\/ro\/wp-json\/wp\/v2\/product"}],"about":[{"href":"https:\/\/www.hydraulic-cylinders.net\/ro\/wp-json\/wp\/v2\/types\/product"}],"replies":[{"embeddable":true,"href":"https:\/\/www.hydraulic-cylinders.net\/ro\/wp-json\/wp\/v2\/comments?post=14474"}],"wp:featuredmedia":[{"embeddable":true,"href":"https:\/\/www.hydraulic-cylinders.net\/ro\/wp-json\/wp\/v2\/media\/10763"}],"wp:attachment":[{"href":"https:\/\/www.hydraulic-cylinders.net\/ro\/wp-json\/wp\/v2\/media?parent=14474"}],"wp:term":[{"taxonomy":"product_brand","embeddable":true,"href":"https:\/\/www.hydraulic-cylinders.net\/ro\/wp-json\/wp\/v2\/product_brand?post=14474"},{"taxonomy":"product_cat","embeddable":true,"href":"https:\/\/www.hydraulic-cylinders.net\/ro\/wp-json\/wp\/v2\/product_cat?post=14474"},{"taxonomy":"product_tag","embeddable":true,"href":"https:\/\/www.hydraulic-cylinders.net\/ro\/wp-json\/wp\/v2\/product_tag?post=14474"}],"curies":[{"name":"wp","href":"https:\/\/api.w.org\/{rel}","templated":true}]}}