{"id":1487,"date":"2023-09-26T06:55:27","date_gmt":"2023-09-26T06:55:27","guid":{"rendered":"https:\/\/hydraulic-cylinders.net\/?post_type=product&#038;p=1487"},"modified":"2025-04-11T03:41:29","modified_gmt":"2025-04-11T03:41:29","slug":"small-excavator-stick-cylinder","status":"publish","type":"product","link":"https:\/\/www.hydraulic-cylinders.net\/ro\/produs\/small-excavator-stick-cylinder\/","title":{"rendered":"Cilindru de excavator mic"},"content":{"rendered":"<h1 style=\"text-align: center;\"><strong>Cilindru de excavator mic<\/strong><\/h1>\n<p><img loading=\"lazy\" decoding=\"async\" class=\"aligncenter wp-image-1488\" src=\"https:\/\/hydraulic-cylinders.net\/wp-content\/uploads\/2023\/09\/stick-cylinder-1-300x300.webp\" alt=\"\" width=\"400\" height=\"400\" \/><\/p>\n<p>Cilindrul hidraulic pentru excavator mic este o component\u0103 hidraulic\u0103 extrem de fiabil\u0103 \u0219i robust\u0103, conceput\u0103 pentru a \u00eembun\u0103t\u0103\u021bi performan\u021ba \u0219i eficien\u021ba excavatoarelor mici. Acest cilindru este special conceput pentru a oferi putere, precizie \u0219i durabilitate excep\u021bionale \u00een utilajele compacte de construc\u021bii.<\/p>\n<p>Cilindrul hidraulic pentru excavatorul mic este o component\u0103 hidraulic\u0103 vital\u0103 care \u00eembun\u0103t\u0103\u021be\u0219te semnificativ performan\u021ba \u0219i eficien\u021ba excavatoarelor mici. Cu designul s\u0103u compact, raza de ac\u021biune \u0219i ad\u00e2ncimea de s\u0103pare impresionante, for\u021ba de s\u0103pare \u00eembun\u0103t\u0103\u021bit\u0103 \u0219i controlul precis, acest cilindru permite operatorilor s\u0103 abordeze sarcinile de excavare cu u\u0219urin\u021b\u0103 \u0219i precizie. Respect\u00e2nd metodele de utilizare \u0219i practicile de \u00eentre\u021binere recomandate, operatorii pot asigura performan\u021ba optim\u0103 \u0219i longevitatea cilindrului pentru excavatorul mic, rezult\u00e2nd o productivitate crescut\u0103 \u0219i finalizarea cu succes a proiectelor de construc\u021bie \u0219i excavare. Investi\u021bi \u00een acest cilindru hidraulic excep\u021bional pentru a ridica capacit\u0103\u021bile excavatorului dumneavoastr\u0103 mic \u0219i pentru a ob\u021bine rezultate superioare \u00een opera\u021biunile de excavare.<\/p>\n<p>Caracteristici cheie ale cilindrului basculant pentru excavator mic:<\/p>\n<ol>\n<li>Design compact \u0219i construc\u021bie robust\u0103<\/li>\n<\/ol>\n<ul>\n<li>Cilindrul de bra\u021b pentru excavator mic este special conceput pentru excavatoare mici, asigur\u00e2nd o potrivire perfect\u0103 \u0219i performan\u021b\u0103 optim\u0103.<\/li>\n<li>Designul s\u0103u compact \u0219i construc\u021bia robust\u0103 \u00eei permit s\u0103 reziste condi\u021biilor dificile de func\u021bionare, oferind durabilitate de lung\u0103 durat\u0103.<\/li>\n<\/ul>\n<ol start=\"2\">\n<li>Atingere \u0219i ad\u00e2ncime de s\u0103pat impresionante<\/li>\n<\/ol>\n<ul>\n<li>\u00cen ciuda dimensiunilor sale reduse, cilindrul ofer\u0103 o raz\u0103 de ac\u021biune \u0219i o ad\u00e2ncime de s\u0103pat impresionante, maximiz\u00e2nd raza de ac\u021biune a excavatorului.<\/li>\n<li>Permite operatorilor s\u0103 acceseze spa\u021bii \u00eenguste \u0219i s\u0103 excaveze eficient, precis \u0219i u\u0219or \u00een zone \u00eenguste.<\/li>\n<\/ul>\n<ol start=\"3\">\n<li>For\u021b\u0103 de s\u0103pare \u0219i eficien\u021b\u0103 \u00eembun\u0103t\u0103\u021bite<\/li>\n<\/ol>\n<ul>\n<li>Cilindrul ofer\u0103 o for\u021b\u0103 de s\u0103pare sporit\u0103, permi\u021b\u00e2nd excavarea eficient\u0103 a diferitelor materiale, inclusiv sol, roci \u0219i moloz.<\/li>\n<li>Optimizeaz\u0103 performan\u021ba de s\u0103pare a excavatorului, cresc\u00e2nd productivitatea \u0219i reduc\u00e2nd timpul de finalizare a proiectului.<\/li>\n<\/ul>\n<ol start=\"4\">\n<li>Func\u021bionare lin\u0103 \u0219i control precis<\/li>\n<\/ol>\n<ul>\n<li>Cilindrul basculant pentru excavatorul mic \u00eencorporeaz\u0103 tehnologii hidraulice avansate pentru o func\u021bionare lin\u0103 \u0219i un control precis.<\/li>\n<li>Ofer\u0103 o capacitate de r\u0103spuns excelent\u0103, permi\u021b\u00e2nd operatorilor s\u0103 efectueze opera\u021biuni delicate cu precizie \u0219i eficien\u021b\u0103.<\/li>\n<\/ul>\n<h2><strong>Parametrul cilindrului de excavator mic:<\/strong><\/h2>\n<table border=\"1\" cellspacing=\"0\" cellpadding=\"0\">\n<tbody>\n<tr>\n<td>Nume produs<\/td>\n<td>Cilindru de excavator mic<\/td>\n<\/tr>\n<tr>\n<td>Caracteristici:<\/td>\n<td>Controleaz\u0103 mi\u0219carea antebra\u021bului<\/td>\n<\/tr>\n<tr>\n<td>Diametrul alezajului:<\/td>\n<td>50mm\uff5e115mm<\/td>\n<\/tr>\n<tr>\n<td>Diametrul tijei:<\/td>\n<td>25mm\uff5e70mm<br \/>\nCurs\u0103 \u22641000 mm<\/td>\n<\/tr>\n<tr>\n<td>For\u021ba de \u00eempingere:<\/td>\n<td>Maxim 305KN<\/td>\n<\/tr>\n<tr>\n<td>Diametrul alezajului:<\/td>\n<td>115 mm \/ presiune 29,4 MPa)<\/td>\n<\/tr>\n<\/tbody>\n<\/table>\n<h2><strong>Diagrama de identificare a cilindrului de bastoane pentru excavator mic:<\/strong><\/h2>\n<p><img loading=\"lazy\" decoding=\"async\" class=\"alignnone wp-image-1490 size-full\" src=\"https:\/\/hydraulic-cylinders.net\/wp-content\/uploads\/2023\/09\/stick-cylinder-construction.webp\" alt=\"\" width=\"1481\" height=\"988\" srcset=\"https:\/\/hydraulic-cylinders.net\/wp-content\/uploads\/2023\/09\/stick-cylinder-construction.webp 1481w, https:\/\/hydraulic-cylinders.net\/wp-content\/uploads\/2023\/09\/stick-cylinder-construction-1280x854.webp 1280w, https:\/\/hydraulic-cylinders.net\/wp-content\/uploads\/2023\/09\/stick-cylinder-construction-980x654.webp 980w, https:\/\/hydraulic-cylinders.net\/wp-content\/uploads\/2023\/09\/stick-cylinder-construction-480x320.webp 480w\" sizes=\"(min-width: 0px) and (max-width: 480px) 480px, (min-width: 481px) and (max-width: 980px) 980px, (min-width: 981px) and (max-width: 1280px) 1280px, (min-width: 1281px) 1481px, 100vw\" \/><\/p>\n<h2><strong>Metoda de utilizare a cilindrului de excavator mic:<\/strong><\/h2>\n<ol>\n<li>Instalare \u0219i integrare<\/li>\n<\/ol>\n<ul>\n<li>Consulta\u021bi instruc\u021biunile produc\u0103torului pentru instalarea corect\u0103 a cilindrului bra\u021bului excavatorului mic.<\/li>\n<li>Asigura\u021bi compatibilitatea \u0219i ata\u0219a\u021bi \u00een siguran\u021b\u0103 cilindrul la ansamblul bra\u021bului excavatorului.<\/li>\n<li>Respecta\u021bi specifica\u021biile de cuplu recomandate \u0219i utiliza\u021bi accesoriile de montare adecvate.<\/li>\n<\/ul>\n<ol start=\"2\">\n<li>Considera\u021bii opera\u021bionale<\/li>\n<\/ol>\n<ul>\n<li>Familiariza\u021bi-v\u0103 cu comenzile \u0219i func\u021bionarea excavatorului, inclusiv cu cilindrul basculei.<\/li>\n<li>Exersa\u021bi operarea excavatorului \u0219i a cilindrului bra\u021bului \u00eentr-un mediu controlat \u00eenainte de a \u00eencepe lucrul propriu-zis.<\/li>\n<li>Respecta\u021bi instruc\u021biunile de siguran\u021b\u0103 \u0219i opera\u021bi \u00een limitele de sarcin\u0103 \u0219i raz\u0103 de ac\u021biune ale excavatorului pentru a preveni accidentele \u0219i deteriorarea echipamentelor.<\/li>\n<\/ul>\n<ol start=\"3\">\n<li>Optimizarea performan\u021bei de s\u0103pare<\/li>\n<\/ol>\n<ul>\n<li>Utiliza\u021bi controlul precis al cilindrului bra\u021bului excavatorului mic pentru a optimiza performan\u021ba de s\u0103pare.<\/li>\n<li>Men\u021bine\u021bi o pozi\u021bie stabil\u0103 \u00een timpul s\u0103p\u0103turilor, evit\u00e2nd mi\u0219c\u0103rile bru\u0219te sau sacadate care pot solicita cilindrul.<\/li>\n<li>Asigura\u021bi pozi\u021bionarea corect\u0103 a cupei \u0219i cuplarea din\u021bilor pentru o excavare eficient\u0103.<\/li>\n<\/ul>\n<h2><strong>Ce dimensiune are cilindrul pentru degetul mare al excavatorului?<\/strong><\/h2>\n<p>Dimensiunea cilindrului pentru degetul mare al excavatorului poate varia \u00een func\u021bie de cerin\u021bele specifice ale excavatorului \u0219i de utilizarea preconizat\u0103 a ata\u0219amentului pentru degetul mare. Dimensiunea adecvat\u0103 a cilindrului este de obicei determinat\u0103 lu\u00e2nd \u00een considerare factori precum greutatea de func\u021bionare a excavatorului, capacitatea de ridicare dorit\u0103 a degetului mare \u0219i compatibilitatea cu sistemul hidraulic al excavatorului.<\/p>\n<p>Pentru a determina dimensiunea potrivit\u0103 a cilindrului pentru un deget mare de excavator, se recomand\u0103 consultarea produc\u0103torului sau furnizorului ata\u0219amentului pentru deget mare. Ace\u0219tia pot oferi \u00eendrum\u0103ri pe baza specifica\u021biilor excavatorului \u0219i a aplica\u021biei preconizate a degetului mare.<\/p>\n<p>Este demn de remarcat faptul c\u0103 degetele pentru excavatoare sunt disponibile \u00een diferite dimensiuni \u0219i configura\u021bii pentru a se adapta diferitelor modele \u0219i dimensiuni de excavatoare. De obicei, ata\u0219amentul de deget const\u0103 dintr-o structur\u0103 sau un cadru central care se monteaz\u0103 pe bra\u021bul excavatorului \u0219i un cilindru hidraulic care asigur\u0103 ac\u021biunea de prindere sau fixare. Dimensiunea cilindrului trebuie selectat\u0103 pentru a asigura compatibilitatea cu ata\u0219amentul de deget \u0219i pentru a oferi for\u021ba de prindere necesar\u0103 pentru sarcinile prev\u0103zute.<\/p>\n<p>Atunci c\u00e2nd se ia \u00een considerare dimensiunea cilindrului pentru degetul mare al unui excavator, este esen\u021bial s\u0103 se g\u0103seasc\u0103 un echilibru \u00eentre o capacitate de ridicare suficient\u0103 \u0219i asigurarea faptului c\u0103 sistemul hidraulic al excavatorului poate sus\u021bine \u00een mod adecvat func\u021bionarea degetului mare. Supradimensionarea cilindrului poate solicita excesiv sistemul hidraulic al excavatorului, \u00een timp ce subdimensionarea poate duce la o capacitate de ridicare limitat\u0103 \u0219i la performan\u021be reduse.<\/p>\n<p>\u00cen concluzie, dimensiunea cilindrului pentru un deget mare de excavator ar trebui determinat\u0103 pe baza unor factori precum greutatea opera\u021bional\u0103 a excavatorului, capacitatea de ridicare dorit\u0103 \u0219i compatibilitatea cu accesoriul deget mare \u0219i sistemul hidraulic. Se recomand\u0103 consultarea produc\u0103torului sau furnizorului accesoriului deget mare pentru a asigura dimensionarea corect\u0103 \u0219i performan\u021ba optim\u0103.<\/p>\n<h2><strong>Capabilitatea \u0219i capacitatea fabricii:<\/strong><\/h2>\n<h3>(1) Montaj<\/h3>\n<p>Avem o platform\u0103 de asamblare independent\u0103 de cercetare \u0219i dezvoltare de prim\u0103 clas\u0103. Atelierul de produc\u021bie a cilindrilor hidraulici are patru linii de asamblare semiautomate pentru cilindri de ridicare \u0219i o linie de asamblare automat\u0103 a cilindrilor de \u00eenclinare, cu o capacitate de produc\u021bie anual\u0103 proiectat\u0103 de 1 milion de buc\u0103\u021bi. Atelierul de cilindri speciali este echipat cu diverse specifica\u021bii ale unui sistem de asamblare semi-automat de cur\u0103\u021bare, cu o capacitate de produc\u021bie anual\u0103 proiectat\u0103 de 200.000 \u0219i dotat cu echipamente celebre de prelucrare CNC, un centru de prelucrare, un echipament special de prelucrare a cilindrilor de \u00eenalt\u0103 precizie, o ma\u0219in\u0103 de sudur\u0103 robotizat\u0103, o ma\u0219in\u0103 de cur\u0103\u021bare automat\u0103, o ma\u0219in\u0103 de asamblare automat\u0103 a cilindrilor \u0219i o linie de produc\u021bie automat\u0103 de vopsire. Echipamente critice existente de peste 300 de seturi (seturi). Alocarea optim\u0103 \u0219i utilizarea eficient\u0103 a resurselor de echipamente asigur\u0103 cerin\u021bele de precizie ale produselor \u0219i satisface nevoile de \u00eenalt\u0103 calitate ale produselor.<\/p>\n<p><img loading=\"lazy\" decoding=\"async\" class=\"alignnone wp-image-626\" src=\"https:\/\/hydraulic-cylinders.net\/wp-content\/uploads\/2023\/08\/hydraulic-cylinder-product-1-300x158.webp\" alt=\"\" width=\"495\" height=\"260\" srcset=\"https:\/\/hydraulic-cylinders.net\/wp-content\/uploads\/2023\/08\/hydraulic-cylinder-product-1-300x158.webp 495w, https:\/\/hydraulic-cylinders.net\/wp-content\/uploads\/2023\/08\/hydraulic-cylinder-product-1-480x252.webp 480w\" sizes=\"(min-width: 0px) and (max-width: 480px) 480px, (min-width: 481px) 495px, 100vw\" \/> <img loading=\"lazy\" decoding=\"async\" class=\"alignnone wp-image-627\" src=\"https:\/\/hydraulic-cylinders.net\/wp-content\/uploads\/2023\/08\/hydraulic-cylinder-product-2-300x189.webp\" alt=\"\" width=\"413\" height=\"260\" \/><\/p>\n<h3>(2) Prelucrare<\/h3>\n<p>Atelierul de prelucrare este echipat cu un centru de strunjire cu \u0219in\u0103 \u00eenclinat\u0103 personalizat, un centru de prelucrare, o ma\u0219in\u0103 de honuire de mare vitez\u0103, un robot de sudur\u0103 \u0219i alte echipamente conexe, care pot gestiona prelucrarea tuburilor cilindrice cu un diametru interior maxim de 400 mm \u0219i o lungime maxim\u0103 de 6 metri.<\/p>\n<p><img loading=\"lazy\" decoding=\"async\" class=\"alignnone wp-image-628 size-large\" src=\"https:\/\/hydraulic-cylinders.net\/wp-content\/uploads\/2023\/08\/hydraulic-cylinder-product-3-1024x391.webp\" alt=\"\" width=\"1024\" height=\"391\" srcset=\"https:\/\/hydraulic-cylinders.net\/wp-content\/uploads\/2023\/08\/hydraulic-cylinder-product-3-980x374.webp 980w, https:\/\/hydraulic-cylinders.net\/wp-content\/uploads\/2023\/08\/hydraulic-cylinder-product-3-480x183.webp 480w\" sizes=\"(min-width: 0px) and (max-width: 480px) 480px, (min-width: 481px) and (max-width: 980px) 980px, (min-width: 981px) 1024px, 100vw\" \/><\/p>\n<h3>(3) Sudur\u0103<\/h3>\n<p><img loading=\"lazy\" decoding=\"async\" class=\"alignnone wp-image-629 size-large\" src=\"https:\/\/hydraulic-cylinders.net\/wp-content\/uploads\/2023\/08\/hydraulic-cylinder-product-4-1024x510.webp\" alt=\"\" width=\"1024\" height=\"510\" srcset=\"https:\/\/hydraulic-cylinders.net\/wp-content\/uploads\/2023\/08\/hydraulic-cylinder-product-4-980x488.webp 980w, https:\/\/hydraulic-cylinders.net\/wp-content\/uploads\/2023\/08\/hydraulic-cylinder-product-4-480x239.webp 480w\" sizes=\"(min-width: 0px) and (max-width: 480px) 480px, (min-width: 481px) and (max-width: 980px) 980px, (min-width: 981px) 1024px, 100vw\" \/><\/p>\n<h3>(4) Vopsire \u0219i acoperire<\/h3>\n<p>Cu linii automate de acoperire cu vopsea pe baz\u0103 de ap\u0103 cu cilindru de dimensiuni mici \u0219i medii, pentru a realiza \u00eenc\u0103rcarea \u0219i desc\u0103rcarea automat\u0103 a robotului \u0219i pulverizarea automat\u0103, capacitatea de proiectare de 4000 de buc\u0103\u021bi pe schimb;<br \/>\nAvem, de asemenea, o linie de produc\u021bie semi-automat\u0103 de vopsire pentru cilindri mari, ac\u021bionat\u0103 de un lan\u021b de putere, cu o capacitate de proiectare de 60 de cutii pe schimb.<\/p>\n<p><img loading=\"lazy\" decoding=\"async\" class=\"alignnone wp-image-630\" src=\"https:\/\/hydraulic-cylinders.net\/wp-content\/uploads\/2023\/08\/hydraulic-cylinder-product-5-300x213.webp\" alt=\"\" width=\"366\" height=\"260\" \/> <img loading=\"lazy\" decoding=\"async\" class=\"alignnone wp-image-631\" src=\"https:\/\/hydraulic-cylinders.net\/wp-content\/uploads\/2023\/08\/hydraulic-cylinder-product-6-300x225.webp\" alt=\"\" width=\"347\" height=\"260\" \/><\/p>\n<h3>(5) Testarea<\/h3>\n<p>Dispunem de instala\u021bii de inspec\u021bie \u0219i bancuri de testare de prim\u0103 clas\u0103 pentru a ne asigura c\u0103 performan\u021ba cilindrului \u00eendepline\u0219te cerin\u021bele.<\/p>\n<p><img loading=\"lazy\" decoding=\"async\" class=\"alignnone wp-image-632\" src=\"https:\/\/hydraulic-cylinders.net\/wp-content\/uploads\/2023\/08\/hydraulic-cylinder-product-8-300x200.webp\" alt=\"\" width=\"389\" height=\"260\" \/><\/p>\n<p>&nbsp;<\/p>\n<p>&nbsp;<\/p>\n<p>Suntem unul dintre cei mai buni produc\u0103tori de cilindri hidraulici. Putem oferi o gam\u0103 complet\u0103 de cilindri hidraulici. De asemenea, oferim... <a href=\"https:\/\/hzpt.com\/agricultural-pto-gearbox\/\" target=\"_blank\" rel=\"noopener\">cutii de viteze agricole<\/a>Ne-am exportat produsele c\u0103tre clien\u021bi din \u00eentreaga lume \u0219i ne-am c\u00e2\u0219tigat o bun\u0103 reputa\u021bie datorit\u0103 calit\u0103\u021bii superioare a produselor noastre \u0219i a serviciilor post-v\u00e2nzare. \u00cei invit\u0103m pe clien\u021bii din \u021bar\u0103 \u0219i din str\u0103in\u0103tate s\u0103 ne contacteze pentru a negocia afaceri, a face schimb de informa\u021bii \u0219i... <a href=\"https:\/\/www.hydraulic-cylinders.net\/ro\/contact-us\/\">s\u0103 coopereze cu noi<\/a>!<\/p>","protected":false},"excerpt":{"rendered":"<p>Small Excavator Stick Cylinder The Small Excavator Stick Cylinder is a highly reliable and robust hydraulic component designed to enhance the performance and efficiency of small excavators. This cylinder is specifically engineered to deliver exceptional power, precision, and durability in compact construction machinery. The Small Excavator Stick Cylinder is a vital hydraulic component that significantly [&hellip;]<\/p>","protected":false},"featured_media":1489,"comment_status":"open","ping_status":"closed","template":"","meta":{"_et_pb_use_builder":"","_et_pb_old_content":"","_et_gb_content_width":""},"product_brand":[],"product_cat":[1550,1503,1376],"product_tag":[1380],"class_list":{"0":"post-1487","1":"product","2":"type-product","3":"status-publish","4":"has-post-thumbnail","6":"product_cat-double-acting-hydraulic-cylinder","7":"product_cat-excavator-hydraulic-cylinders","8":"product_cat-hydraulic-cylinder","9":"product_tag-hydraulic-cylinder","11":"first","12":"instock","13":"shipping-taxable","14":"product-type-simple"},"amp_enabled":true,"_links":{"self":[{"href":"https:\/\/www.hydraulic-cylinders.net\/ro\/wp-json\/wp\/v2\/product\/1487","targetHints":{"allow":["GET"]}}],"collection":[{"href":"https:\/\/www.hydraulic-cylinders.net\/ro\/wp-json\/wp\/v2\/product"}],"about":[{"href":"https:\/\/www.hydraulic-cylinders.net\/ro\/wp-json\/wp\/v2\/types\/product"}],"replies":[{"embeddable":true,"href":"https:\/\/www.hydraulic-cylinders.net\/ro\/wp-json\/wp\/v2\/comments?post=1487"}],"wp:featuredmedia":[{"embeddable":true,"href":"https:\/\/www.hydraulic-cylinders.net\/ro\/wp-json\/wp\/v2\/media\/1489"}],"wp:attachment":[{"href":"https:\/\/www.hydraulic-cylinders.net\/ro\/wp-json\/wp\/v2\/media?parent=1487"}],"wp:term":[{"taxonomy":"product_brand","embeddable":true,"href":"https:\/\/www.hydraulic-cylinders.net\/ro\/wp-json\/wp\/v2\/product_brand?post=1487"},{"taxonomy":"product_cat","embeddable":true,"href":"https:\/\/www.hydraulic-cylinders.net\/ro\/wp-json\/wp\/v2\/product_cat?post=1487"},{"taxonomy":"product_tag","embeddable":true,"href":"https:\/\/www.hydraulic-cylinders.net\/ro\/wp-json\/wp\/v2\/product_tag?post=1487"}],"curies":[{"name":"wp","href":"https:\/\/api.w.org\/{rel}","templated":true}]}}