{"id":1502,"date":"2023-09-27T07:01:44","date_gmt":"2023-09-27T07:01:44","guid":{"rendered":"https:\/\/hydraulic-cylinders.net\/?post_type=product&#038;p=1502"},"modified":"2025-04-11T03:41:16","modified_gmt":"2025-04-11T03:41:16","slug":"large-excavator-boom-cylinder","status":"publish","type":"product","link":"https:\/\/www.hydraulic-cylinders.net\/ro\/produs\/large-excavator-boom-cylinder\/","title":{"rendered":"Cilindru de bra\u021b pentru excavator mare"},"content":{"rendered":"<h1 style=\"text-align: center;\"><strong>Cilindru de bra\u021b pentru excavator mare<\/strong><\/h1>\n<p><img loading=\"lazy\" decoding=\"async\" class=\"aligncenter wp-image-1503\" src=\"https:\/\/hydraulic-cylinders.net\/wp-content\/uploads\/2023\/09\/boom-cylinder-1-2-300x300.webp\" alt=\"\" width=\"400\" height=\"400\" \/><\/p>\n<p>Cilindrul bra\u021bului excavatorului mare este o component\u0103 hidraulic\u0103 vital\u0103 care joac\u0103 un rol crucial \u00een operarea eficient\u0103 a excavatoarelor mari. Acest cilindru este special conceput pentru a oferi o extensie \u0219i o retragere puternic\u0103 a bra\u021bului, permi\u021b\u00e2nd un control precis \u0219i o performan\u021b\u0103 \u00eembun\u0103t\u0103\u021bit\u0103 \u00een proiectele de construc\u021bii grele.<\/p>\n<p>Cilindrul hidraulic al bra\u021bului excavatorului mare este o component\u0103 hidraulic\u0103 puternic\u0103, vital\u0103 pentru operarea eficient\u0103 a excavatoarelor mari. Datorit\u0103 construc\u021biei sale robuste, controlului precis, razei de ac\u021biune extinse \u0219i capacit\u0103\u021bii de ridicare, acest cilindru permite operatorilor s\u0103 ob\u021bin\u0103 performan\u021be \u0219i productivitate sporite \u00een proiectele de construc\u021bii grele. Respect\u00e2nd metodele de utilizare \u0219i practicile de \u00eentre\u021binere recomandate, operatorii pot asigura performan\u021ba optim\u0103 \u0219i longevitatea cilindrului bra\u021bului excavatorului mare, rezult\u00e2nd o eficien\u021b\u0103 sporit\u0103 \u0219i finalizarea cu succes a sarcinilor de construc\u021bie. Investe\u0219te \u00een acest cilindru hidraulic excep\u021bional pentru a dezl\u0103n\u021bui \u00eentregul poten\u021bial al excavatorului t\u0103u mare \u0219i pentru a-\u021bi ridica capacit\u0103\u021bile de construc\u021bie la noi culmi.<\/p>\n<p>Caracteristici cheie ale cilindrului cupei pentru excavator mare:<\/p>\n<ol>\n<li>Construc\u021bie robust\u0103 \u0219i rezisten\u021b\u0103 ridicat\u0103<\/li>\n<\/ol>\n<ul>\n<li>Cilindrul mare al bra\u021bului excavatorului este construit din materiale durabile \u0219i se m\u00e2ndre\u0219te cu o construc\u021bie robust\u0103 care asigur\u0103 performan\u021be optime chiar \u0219i \u00een condi\u021bii dificile.<\/li>\n<li>Posed\u0103 capacit\u0103\u021bi de rezisten\u021b\u0103 ridicat\u0103, permi\u021b\u00e2ndu-i s\u0103 reziste la sarcini grele \u0219i s\u0103 exercite o for\u021b\u0103 semnificativ\u0103 \u00een timpul func\u021bion\u0103rii.<\/li>\n<\/ul>\n<ol start=\"2\">\n<li>Control precis \u0219i func\u021bionare lin\u0103<\/li>\n<\/ol>\n<ul>\n<li>Acest cilindru ofer\u0103 un control precis asupra extinderii \u0219i retragerii bra\u021bului, permi\u021b\u00e2nd operatorilor s\u0103 ob\u021bin\u0103 o pozi\u021bionare \u0219i o manevrabilitate precise.<\/li>\n<li>Ofer\u0103 o func\u021bionare lin\u0103 \u0219i f\u0103r\u0103 probleme, reduc\u00e2nd la minimum mi\u0219c\u0103rile sacadate \u0219i optimiz\u00e2nd eficien\u021ba \u00een timpul sarcinilor de construc\u021bie.<\/li>\n<\/ul>\n<ol start=\"3\">\n<li>Raz\u0103 de ac\u021biune \u0219i capacitate de ridicare extinse<\/li>\n<\/ol>\n<ul>\n<li>Cu capacit\u0103\u021bile sale impresionante de extensie, cilindrul mare al bra\u021bului excavatorului permite excavatorului s\u0103 ating\u0103 distan\u021be mai mari, extinz\u00e2ndu-i raza de ac\u021biune.<\/li>\n<li>It enhances the excavator&#8217;s lifting capacity, allowing for efficient handling of heavy materials and improved productivity on the job site.<\/li>\n<\/ul>\n<ol start=\"4\">\n<li>Compatibilitate \u0219i adaptabilitate<\/li>\n<\/ol>\n<ul>\n<li>Cilindrul mare al bra\u021bului excavatorului este proiectat s\u0103 fie compatibil cu o gam\u0103 larg\u0103 de modele de excavatoare mari, asigur\u00e2nd versatilitate \u0219i u\u0219urin\u021b\u0103 \u00een integrare.<\/li>\n<li>Se poate adapta cu u\u0219urin\u021b\u0103 la diferite configura\u021bii ale bra\u021bului, ceea ce \u00eel face o component\u0103 hidraulic\u0103 versatil\u0103 pentru diverse aplica\u021bii \u00een construc\u021bii.<\/li>\n<\/ul>\n<h2><strong>Parametrul cilindrului bra\u021bului excavatorului mare:<\/strong><\/h2>\n<table border=\"1\" cellspacing=\"0\" cellpadding=\"0\">\n<tbody>\n<tr>\n<td>Nume produs<\/td>\n<td>Cilindru de bra\u021b pentru excavator mare<\/td>\n<\/tr>\n<tr>\n<td>Caracteristici:<\/td>\n<td>Controleaz\u0103 mi\u0219carea de ridicare a bra\u021bului mare<\/td>\n<\/tr>\n<tr>\n<td>Diametrul alezajului:<\/td>\n<td>200 mm ~ 420 mm<\/td>\n<\/tr>\n<tr>\n<td>Diametrul tijei:<\/td>\n<td>140 mm ~ 300 mm<br \/>\nCurs\u0103 \u22643500 mm<\/td>\n<\/tr>\n<tr>\n<td>For\u021ba de \u00eempingere:<\/td>\n<td>Maxim 4846,6 KN<\/td>\n<\/tr>\n<tr>\n<td>Diametrul alezajului:<\/td>\n<td>420 mm \/ presiune 35 MPa<\/td>\n<\/tr>\n<\/tbody>\n<\/table>\n<h2><strong>Diagrama de identificare a cilindrului bra\u021bului unui excavator mare:<\/strong><\/h2>\n<p><img loading=\"lazy\" decoding=\"async\" class=\"alignnone wp-image-1504 size-full\" src=\"https:\/\/hydraulic-cylinders.net\/wp-content\/uploads\/2023\/09\/boom-cylinder-2.webp\" alt=\"\" width=\"1418\" height=\"946\" srcset=\"https:\/\/hydraulic-cylinders.net\/wp-content\/uploads\/2023\/09\/boom-cylinder-2.webp 1418w, https:\/\/hydraulic-cylinders.net\/wp-content\/uploads\/2023\/09\/boom-cylinder-2-1280x854.webp 1280w, https:\/\/hydraulic-cylinders.net\/wp-content\/uploads\/2023\/09\/boom-cylinder-2-980x654.webp 980w, https:\/\/hydraulic-cylinders.net\/wp-content\/uploads\/2023\/09\/boom-cylinder-2-480x320.webp 480w\" sizes=\"(min-width: 0px) and (max-width: 480px) 480px, (min-width: 481px) and (max-width: 980px) 980px, (min-width: 981px) and (max-width: 1280px) 1280px, (min-width: 1281px) 1418px, 100vw\" \/><\/p>\n<h2><strong>Metoda de utilizare a cilindrului bra\u021bului excavatorului mare:<\/strong><\/h2>\n<ol>\n<li>Instalare \u0219i configurare<\/li>\n<\/ol>\n<ul>\n<li>Follow the manufacturer&#8217;s guidelines for proper installation of the large excavator boom cylinder.<\/li>\n<li>Asigura\u021bi compatibilitatea \u0219i ata\u0219a\u021bi \u00een siguran\u021b\u0103 cilindrul la ansamblul bra\u021bului excavatorului.<\/li>\n<li>Utiliza\u021bi specifica\u021biile de cuplu recomandate \u0219i accesoriile de montare adecvate pentru a stabili o conexiune fiabil\u0103.<\/li>\n<\/ul>\n<ol start=\"2\">\n<li>Considera\u021bii opera\u021bionale<\/li>\n<\/ol>\n<ul>\n<li>Familiariza\u021bi-v\u0103 cu comenzile \u0219i func\u021bionarea excavatorului mare, inclusiv cu cilindrul bra\u021bului.<\/li>\n<li>Exersa\u021bi operarea excavatorului \u0219i a cilindrului \u00eentr-un mediu controlat \u00eenainte de a efectua sarcini de construc\u021bie.<\/li>\n<li>Adhere to safety guidelines and operate within the excavator&#8217;s load limits to ensure safety and prevent equipment damage.<\/li>\n<\/ul>\n<ol start=\"3\">\n<li>Optimizarea performan\u021bei<\/li>\n<\/ol>\n<ul>\n<li>Utiliza\u021bi controlul precis oferit de cilindrul mare al bra\u021bului excavatorului pentru a optimiza performan\u021ba \u00een timpul proiectelor de construc\u021bie.<\/li>\n<li>Extinde\u021bi \u0219i retrage\u021bi bra\u021bul dup\u0103 cum este necesar pentru sarcini specifice, asigur\u00e2nd plasarea precis\u0103 a materialelor \u0219i o s\u0103pare sau ridicare eficient\u0103.<\/li>\n<li>Regla\u021bi unghiul \u0219i \u00een\u0103l\u021bimea bra\u021bului \u00een func\u021bie de cerin\u021bele proiectului, maximiz\u00e2nd raza de ac\u021biune \u0219i productivitatea pe \u0219antier.<\/li>\n<\/ul>\n<h2><strong>Ce dimensiune are cilindrul pentru degetul mare al excavatorului?<\/strong><\/h2>\n<p>Dimensiunea cilindrului pentru degetul mare al excavatorului poate varia \u00een func\u021bie de cerin\u021bele specifice ale excavatorului \u0219i de utilizarea preconizat\u0103 a ata\u0219amentului pentru degetul mare. Dimensiunea adecvat\u0103 a cilindrului este de obicei determinat\u0103 lu\u00e2nd \u00een considerare factori precum greutatea de func\u021bionare a excavatorului, capacitatea de ridicare dorit\u0103 a degetului mare \u0219i compatibilitatea cu sistemul hidraulic al excavatorului.<\/p>\n<p>Pentru a determina dimensiunea potrivit\u0103 a cilindrului pentru un deget mare de excavator, se recomand\u0103 consultarea produc\u0103torului sau furnizorului ata\u0219amentului pentru deget mare. Ace\u0219tia pot oferi \u00eendrum\u0103ri pe baza specifica\u021biilor excavatorului \u0219i a aplica\u021biei preconizate a degetului mare.<\/p>\n<p>Este demn de remarcat faptul c\u0103 degetele pentru excavatoare sunt disponibile \u00een diferite dimensiuni \u0219i configura\u021bii pentru a se adapta diferitelor modele \u0219i dimensiuni de excavatoare. De obicei, ata\u0219amentul de deget const\u0103 dintr-o structur\u0103 sau un cadru central care se monteaz\u0103 pe bra\u021bul excavatorului \u0219i un cilindru hidraulic care asigur\u0103 ac\u021biunea de prindere sau fixare. Dimensiunea cilindrului trebuie selectat\u0103 pentru a asigura compatibilitatea cu ata\u0219amentul de deget \u0219i pentru a oferi for\u021ba de prindere necesar\u0103 pentru sarcinile prev\u0103zute.<\/p>\n<p>Atunci c\u00e2nd se ia \u00een considerare dimensiunea cilindrului pentru degetul mare al unui excavator, este esen\u021bial s\u0103 se g\u0103seasc\u0103 un echilibru \u00eentre o capacitate de ridicare suficient\u0103 \u0219i asigurarea faptului c\u0103 sistemul hidraulic al excavatorului poate sus\u021bine \u00een mod adecvat func\u021bionarea degetului mare. Supradimensionarea cilindrului poate solicita excesiv sistemul hidraulic al excavatorului, \u00een timp ce subdimensionarea poate duce la o capacitate de ridicare limitat\u0103 \u0219i la performan\u021be reduse.<\/p>\n<p>\u00cen concluzie, dimensiunea cilindrului pentru un deget mare de excavator ar trebui determinat\u0103 pe baza unor factori precum greutatea opera\u021bional\u0103 a excavatorului, capacitatea de ridicare dorit\u0103 \u0219i compatibilitatea cu accesoriul deget mare \u0219i sistemul hidraulic. Se recomand\u0103 consultarea produc\u0103torului sau furnizorului accesoriului deget mare pentru a asigura dimensionarea corect\u0103 \u0219i performan\u021ba optim\u0103.<\/p>\n<h2><strong>Capabilitatea \u0219i capacitatea fabricii:<\/strong><\/h2>\n<h3>(1) Montaj<\/h3>\n<p>Avem o platform\u0103 de asamblare independent\u0103 de cercetare \u0219i dezvoltare de prim\u0103 clas\u0103. Atelierul de produc\u021bie a cilindrilor hidraulici are patru linii de asamblare semiautomate pentru cilindri de ridicare \u0219i o linie de asamblare automat\u0103 a cilindrilor de \u00eenclinare, cu o capacitate de produc\u021bie anual\u0103 proiectat\u0103 de 1 milion de buc\u0103\u021bi. Atelierul de cilindri speciali este echipat cu diverse specifica\u021bii ale unui sistem de asamblare semi-automat de cur\u0103\u021bare, cu o capacitate de produc\u021bie anual\u0103 proiectat\u0103 de 200.000 \u0219i dotat cu echipamente celebre de prelucrare CNC, un centru de prelucrare, un echipament special de prelucrare a cilindrilor de \u00eenalt\u0103 precizie, o ma\u0219in\u0103 de sudur\u0103 robotizat\u0103, o ma\u0219in\u0103 de cur\u0103\u021bare automat\u0103, o ma\u0219in\u0103 de asamblare automat\u0103 a cilindrilor \u0219i o linie de produc\u021bie automat\u0103 de vopsire. Echipamente critice existente de peste 300 de seturi (seturi). Alocarea optim\u0103 \u0219i utilizarea eficient\u0103 a resurselor de echipamente asigur\u0103 cerin\u021bele de precizie ale produselor \u0219i satisface nevoile de \u00eenalt\u0103 calitate ale produselor.<\/p>\n<p><img loading=\"lazy\" decoding=\"async\" class=\"alignnone wp-image-626\" src=\"https:\/\/hydraulic-cylinders.net\/wp-content\/uploads\/2023\/08\/hydraulic-cylinder-product-1-300x158.webp\" alt=\"\" width=\"495\" height=\"260\" srcset=\"https:\/\/hydraulic-cylinders.net\/wp-content\/uploads\/2023\/08\/hydraulic-cylinder-product-1-300x158.webp 495w, https:\/\/hydraulic-cylinders.net\/wp-content\/uploads\/2023\/08\/hydraulic-cylinder-product-1-480x252.webp 480w\" sizes=\"(min-width: 0px) and (max-width: 480px) 480px, (min-width: 481px) 495px, 100vw\" \/> <img loading=\"lazy\" decoding=\"async\" class=\"alignnone wp-image-627\" src=\"https:\/\/hydraulic-cylinders.net\/wp-content\/uploads\/2023\/08\/hydraulic-cylinder-product-2-300x189.webp\" alt=\"\" width=\"413\" height=\"260\" \/><\/p>\n<h3>(2) Prelucrare<\/h3>\n<p>Atelierul de prelucrare este echipat cu un centru de strunjire cu \u0219in\u0103 \u00eenclinat\u0103 personalizat, un centru de prelucrare, o ma\u0219in\u0103 de honuire de mare vitez\u0103, un robot de sudur\u0103 \u0219i alte echipamente conexe, care pot gestiona prelucrarea tuburilor cilindrice cu un diametru interior maxim de 400 mm \u0219i o lungime maxim\u0103 de 6 metri.<\/p>\n<p><img loading=\"lazy\" decoding=\"async\" class=\"alignnone wp-image-628 size-large\" src=\"https:\/\/hydraulic-cylinders.net\/wp-content\/uploads\/2023\/08\/hydraulic-cylinder-product-3-1024x391.webp\" alt=\"\" width=\"1024\" height=\"391\" srcset=\"https:\/\/hydraulic-cylinders.net\/wp-content\/uploads\/2023\/08\/hydraulic-cylinder-product-3-980x374.webp 980w, https:\/\/hydraulic-cylinders.net\/wp-content\/uploads\/2023\/08\/hydraulic-cylinder-product-3-480x183.webp 480w\" sizes=\"(min-width: 0px) and (max-width: 480px) 480px, (min-width: 481px) and (max-width: 980px) 980px, (min-width: 981px) 1024px, 100vw\" \/><\/p>\n<h3>(3) Sudur\u0103<\/h3>\n<p><img loading=\"lazy\" decoding=\"async\" class=\"alignnone wp-image-629 size-large\" src=\"https:\/\/hydraulic-cylinders.net\/wp-content\/uploads\/2023\/08\/hydraulic-cylinder-product-4-1024x510.webp\" alt=\"\" width=\"1024\" height=\"510\" srcset=\"https:\/\/hydraulic-cylinders.net\/wp-content\/uploads\/2023\/08\/hydraulic-cylinder-product-4-980x488.webp 980w, https:\/\/hydraulic-cylinders.net\/wp-content\/uploads\/2023\/08\/hydraulic-cylinder-product-4-480x239.webp 480w\" sizes=\"(min-width: 0px) and (max-width: 480px) 480px, (min-width: 481px) and (max-width: 980px) 980px, (min-width: 981px) 1024px, 100vw\" \/><\/p>\n<h3>(4) Vopsire \u0219i acoperire<\/h3>\n<p>Cu linii automate de acoperire cu vopsea pe baz\u0103 de ap\u0103 cu cilindru de dimensiuni mici \u0219i medii, pentru a realiza \u00eenc\u0103rcarea \u0219i desc\u0103rcarea automat\u0103 a robotului \u0219i pulverizarea automat\u0103, capacitatea de proiectare de 4000 de buc\u0103\u021bi pe schimb;<br \/>\nAvem, de asemenea, o linie de produc\u021bie semi-automat\u0103 de vopsire pentru cilindri mari, ac\u021bionat\u0103 de un lan\u021b de putere, cu o capacitate de proiectare de 60 de cutii pe schimb.<\/p>\n<p><img loading=\"lazy\" decoding=\"async\" class=\"alignnone wp-image-630\" src=\"https:\/\/hydraulic-cylinders.net\/wp-content\/uploads\/2023\/08\/hydraulic-cylinder-product-5-300x213.webp\" alt=\"\" width=\"366\" height=\"260\" \/> <img loading=\"lazy\" decoding=\"async\" class=\"alignnone wp-image-631\" src=\"https:\/\/hydraulic-cylinders.net\/wp-content\/uploads\/2023\/08\/hydraulic-cylinder-product-6-300x225.webp\" alt=\"\" width=\"347\" height=\"260\" \/><\/p>\n<h3>(5) Testarea<\/h3>\n<p>Dispunem de instala\u021bii de inspec\u021bie \u0219i bancuri de testare de prim\u0103 clas\u0103 pentru a ne asigura c\u0103 performan\u021ba cilindrului \u00eendepline\u0219te cerin\u021bele.<\/p>\n<p><img loading=\"lazy\" decoding=\"async\" class=\"alignnone wp-image-632\" src=\"https:\/\/hydraulic-cylinders.net\/wp-content\/uploads\/2023\/08\/hydraulic-cylinder-product-8-300x200.webp\" alt=\"\" width=\"389\" height=\"260\" \/><\/p>\n<p>&nbsp;<\/p>\n<p>&nbsp;<\/p>\n<p>Suntem unul dintre cei mai buni produc\u0103tori de cilindri hidraulici. Putem oferi o gam\u0103 complet\u0103 de cilindri hidraulici. De asemenea, oferim... <a href=\"https:\/\/hzpt.com\/agricultural-pto-gearbox\/\" target=\"_blank\" rel=\"noopener\">cutii de viteze agricole<\/a>Ne-am exportat produsele c\u0103tre clien\u021bi din \u00eentreaga lume \u0219i ne-am c\u00e2\u0219tigat o bun\u0103 reputa\u021bie datorit\u0103 calit\u0103\u021bii superioare a produselor noastre \u0219i a serviciilor post-v\u00e2nzare. \u00cei invit\u0103m pe clien\u021bii din \u021bar\u0103 \u0219i din str\u0103in\u0103tate s\u0103 ne contacteze pentru a negocia afaceri, a face schimb de informa\u021bii \u0219i... <a href=\"https:\/\/www.hydraulic-cylinders.net\/ro\/contact-us\/\">s\u0103 coopereze cu noi<\/a>!<\/p>","protected":false},"excerpt":{"rendered":"<p>Large Excavator Boom Cylinder The large excavator boom cylinder is a vital hydraulic component that plays a crucial role in efficiently operating large excavators. This cylinder is specifically designed to provide powerful extension and retraction of the boom, enabling precise control and enhanced performance in heavy construction projects. The large excavator boom cylinder is a [&hellip;]<\/p>","protected":false},"featured_media":1505,"comment_status":"open","ping_status":"closed","template":"","meta":{"_et_pb_use_builder":"","_et_pb_old_content":"","_et_gb_content_width":""},"product_brand":[],"product_cat":[1550,1503,1376],"product_tag":[1380],"class_list":{"0":"post-1502","1":"product","2":"type-product","3":"status-publish","4":"has-post-thumbnail","6":"product_cat-double-acting-hydraulic-cylinder","7":"product_cat-excavator-hydraulic-cylinders","8":"product_cat-hydraulic-cylinder","9":"product_tag-hydraulic-cylinder","11":"first","12":"instock","13":"shipping-taxable","14":"product-type-simple"},"amp_enabled":true,"_links":{"self":[{"href":"https:\/\/www.hydraulic-cylinders.net\/ro\/wp-json\/wp\/v2\/product\/1502","targetHints":{"allow":["GET"]}}],"collection":[{"href":"https:\/\/www.hydraulic-cylinders.net\/ro\/wp-json\/wp\/v2\/product"}],"about":[{"href":"https:\/\/www.hydraulic-cylinders.net\/ro\/wp-json\/wp\/v2\/types\/product"}],"replies":[{"embeddable":true,"href":"https:\/\/www.hydraulic-cylinders.net\/ro\/wp-json\/wp\/v2\/comments?post=1502"}],"wp:featuredmedia":[{"embeddable":true,"href":"https:\/\/www.hydraulic-cylinders.net\/ro\/wp-json\/wp\/v2\/media\/1505"}],"wp:attachment":[{"href":"https:\/\/www.hydraulic-cylinders.net\/ro\/wp-json\/wp\/v2\/media?parent=1502"}],"wp:term":[{"taxonomy":"product_brand","embeddable":true,"href":"https:\/\/www.hydraulic-cylinders.net\/ro\/wp-json\/wp\/v2\/product_brand?post=1502"},{"taxonomy":"product_cat","embeddable":true,"href":"https:\/\/www.hydraulic-cylinders.net\/ro\/wp-json\/wp\/v2\/product_cat?post=1502"},{"taxonomy":"product_tag","embeddable":true,"href":"https:\/\/www.hydraulic-cylinders.net\/ro\/wp-json\/wp\/v2\/product_tag?post=1502"}],"curies":[{"name":"wp","href":"https:\/\/api.w.org\/{rel}","templated":true}]}}