{"id":15118,"date":"2025-01-19T14:07:43","date_gmt":"2025-01-19T14:07:43","guid":{"rendered":"https:\/\/www.hydraulic-cylinders.net\/product\/bucket-cylinder-for-komatsu-small-excavator-pc40\/"},"modified":"2025-01-19T14:07:45","modified_gmt":"2025-01-19T14:07:45","slug":"bucket-cylinder-for-komatsu-small-excavator-pc40","status":"publish","type":"product","link":"https:\/\/www.hydraulic-cylinders.net\/ro\/produs\/bucket-cylinder-for-komatsu-small-excavator-pc40\/","title":{"rendered":"Cilindru cu cup\u0103 pentru excavatorul mic Komatsu PC40"},"content":{"rendered":"<h2>Introducere<\/h2>\n<h3>Ce este cilindrul cupei pentru excavatorul mic Komatsu PC40?<\/h3>\n<p>Cilindru hidraulic special conceput pentru excavatorul mic Komatsu PC40 este un cilindru hidraulic special conceput, utilizat pentru controlul mi\u0219c\u0103rii cupelor \u00een utilaje grele, cum ar fi excavatoarele, excavatoarele cu buldoexcavatoare \u0219i \u00eenc\u0103rc\u0103toare frontale. Func\u021bia sa principal\u0103 este de a permite ridicarea, cobor\u00e2rea \u0219i \u00eenclinarea cupei, facilit\u00e2nd astfel diverse sarcini de manipulare a materialelor. \u00cen sistemul hidraulic, cilindrul cupei realizeaz\u0103 un control precis al mi\u0219c\u0103rii cupei prin modific\u0103ri ale presiunii uleiului hidraulic, permi\u021b\u00e2nd operatorilor s\u0103 manipuleze eficient sarcini grele \u0219i s\u0103 se adapteze la medii de lucru complexe \u0219i cerin\u021be opera\u021bionale diverse.<\/p>\n<p><img decoding=\"async\" src=\"https:\/\/www.hydraulic-cylinders.net\/wp-content\/uploads\/2025\/01\/songte-company-2.webp\" alt=\"Cilindru cup\u0103 pentru excavator mic Komatsu PC40\"><\/p>\n<h2>Caracteristici<\/h2>\n<ul>\n<li><strong>Rezisten\u021b\u0103 \u0219i durabilitate ridicate:<\/strong> De obicei fabricat din o\u021bel sau aluminiu de \u00eenalt\u0103 rezisten\u021b\u0103, poate rezista la presiuni ridicate \u0219i sarcini grele, adapt\u00e2ndu-se la medii de lucru dure. Designul s\u0103u ia \u00een considerare rezisten\u021ba la uzur\u0103 \u0219i la coroziune, prelungindu-i durata de via\u021b\u0103.<\/li>\n<li><strong>Func\u021bionare hidraulic\u0103 eficient\u0103:<\/strong> Ac\u021biunea telescopic\u0103 lin\u0103 se ob\u021bine prin utilizarea presiunii uleiului hidraulic, permi\u021b\u00e2nd un r\u0103spuns rapid la comenzile de control, oferind o for\u021b\u0103 puternic\u0103 de \u00eempingere-tragere \u0219i fiind potrivit\u0103 pentru manipularea sarcinilor grele \u0219i a sarcinilor opera\u021bionale complexe.<\/li>\n<li><strong>Diverse tipuri:<\/strong> Cilindrii cu ac\u021biune simpl\u0103 (utilizare hidraulic\u0103 \u00eentr-o singur\u0103 direc\u021bie) sau cu ac\u021biune dubl\u0103 (utilizare hidraulic\u0103 \u00een ambele direc\u021bii) pot fi selecta\u021bi \u00een func\u021bie de cerin\u021bele opera\u021bionale. Unele modele sunt telescopice, permi\u021b\u00e2nd o extensie mai mare f\u0103r\u0103 a cre\u0219te dimensiunile exterioare, potrivite pentru aplica\u021bii cu spa\u021biu limitat.<\/li>\n<li><strong>Produc\u021bie personalizat\u0103:<\/strong> Putem produce acest produs, care poate \u00eenlocui perfect ace\u0219ti cilindri hidraulici.<\/li>\n<\/ul>\n<p><img decoding=\"async\" src=\"https:\/\/www.hydraulic-cylinders.net\/wp-content\/uploads\/2025\/01\/songte-cylinder-head-with-all-kinds-excavator-models.webp\" alt=\"Cilindru cup\u0103 pentru excavator mic Komatsu PC40\"><\/p>\n<h2>Aplica\u021bie<\/h2>\n<p>Cilindrul cupei pentru excavatorul mic Komatsu PC40 este utilizat pe scar\u0103 larg\u0103 \u00een diverse industrii, cum ar fi echipamente de construc\u021bii, utilaje agricole, excavatoare \u0219i \u00eenc\u0103rc\u0103toare. <\/p>\n<h3>Echipamente de construc\u021bii:<\/h3>\n<ul>\n<li>\u00cen excavatoare, este esen\u021bial pentru excavare, \u00eenc\u0103rcare \u0219i mutarea solului sau a resturilor.<\/li>\n<li> La excavatoarele cu buldoexcavator, cilindrul cupei ajut\u0103 at\u00e2t la s\u0103pare, c\u00e2t \u0219i la ridicare.<\/li>\n<li> La \u00eenc\u0103rc\u0103toarele frontale, ajut\u0103 la ridicarea \u0219i \u00eenclinarea eficient\u0103 a m\u0103rfurilor.<\/li>\n<\/ul>\n<h3>Ma\u0219ini agricole:<\/h3>\n<p>Se utilizeaz\u0103 pentru \u00eenc\u0103rc\u0103toare frontale, pentru scobere, ridicare \u0219i transportul solului, f\u00e2nului \u0219i altor materiale.<\/p>\n<h3>Excavatoare:<\/h3>\n<p>Cilindrul cupei permite ac\u021biunea de excavare permi\u021b\u00e2nd cupei s\u0103 p\u0103trund\u0103 \u00een sol. <\/p>\n<p><img decoding=\"async\" src=\"https:\/\/www.hydraulic-cylinders.net\/wp-content\/uploads\/2025\/01\/songte-bushings-with-all-kinds-of-excavator-models.webp\" alt=\"Cilindru cup\u0103 pentru excavator mic Komatsu PC40\"><\/p>\n<h2>Considera\u021bii de proiectare \u0219i standarde de selec\u021bie<\/h2>\n<ul>\n<li><strong>Capacitate portant\u0103:<\/strong> Cilindrul cupei trebuie s\u0103 reziste la sarcini de \u00eenalt\u0103 presiune.<\/li>\n<li><strong>Etan\u0219are:<\/strong> Diverse etan\u0219\u0103ri, cum ar fi etan\u0219\u0103rile pistonului \u0219i etan\u0219\u0103rile tijei, ar trebui s\u0103 fie fabricate din materiale rezistente la uzur\u0103, cum ar fi poliuretanul \u0219i cauciucul nitrilic, pentru a asigura performan\u021ba de etan\u0219are.<\/li>\n<li><strong>Durabilitate:<\/strong> Corpul cilindrului \u0219i suprafa\u021ba cap\u0103tului filetat trebuie prelucrate fin pentru a \u00eembun\u0103t\u0103\u021bi rezisten\u021ba la uzur\u0103.<\/li>\n<li><strong>Siguran\u0163\u0103:<\/strong> Proiectarea trebuie s\u0103 ia \u00een considerare siguran\u021ba func\u021bion\u0103rii cilindrului.<\/li>\n<li><strong>\u00centre\u0163inere:<\/strong> Cilindrul trebuie s\u0103 fie u\u0219or de reparat \u0219i \u00eentre\u021binut.<\/li>\n<\/ul>\n<p><img decoding=\"async\" src=\"https:\/\/www.hydraulic-cylinders.net\/wp-content\/uploads\/2025\/01\/songte-oil-pipes-and-spare-parts.webp\" alt=\"Cilindru cup\u0103 pentru excavator mic Komatsu PC40\"><\/p>\n<h2>Etan\u0219are \u0219i lubrifiere<\/h2>\n<p>Diverse componente de etan\u0219are, cum ar fi etan\u0219\u0103rile pistonului \u0219i etan\u0219\u0103rile tijei, trebuie fabricate din materiale rezistente la uzur\u0103, cum ar fi poliuretanul \u0219i cauciucul nitrilic, pentru a asigura o etan\u0219are eficient\u0103. Corpul cilindrului \u0219i fa\u021ba filetat\u0103 trebuie prelucrate fin pentru a spori rezisten\u021ba la uzur\u0103. Este necesar\u0103 ad\u0103ugarea regulat\u0103 de ulei hidraulic adecvat pentru lubrifiere.<\/p>\n<p><img decoding=\"async\" src=\"https:\/\/www.hydraulic-cylinders.net\/wp-content\/uploads\/2025\/01\/songte-chushion-collar.webp\" alt=\"Cilindru cup\u0103 pentru excavator mic Komatsu PC40\"><\/p>\n<h2>\u00centre\u021binere \u0219i repara\u021bii<\/h2>\n<p>Inspec\u021bia regulat\u0103, lubrifierea corespunz\u0103toare, \u00eenlocuirea garniturilor \u0219i verific\u0103rile de calibrare sunt sarcini comune de \u00eentre\u021binere. Instalarea, lubrifierea \u0219i reglarea corect\u0103 sunt vitale, iar \u00een timpul instal\u0103rii trebuie furnizate \u00eendrum\u0103ri adecvate pentru aliniere. Trebuie recomandate console de instalare adecvate pentru fixarea cilindrului \u0219i trebuie furnizate proceduri de verificare, reparare \u0219i \u00eenlocuire pentru a prelungi durata de via\u021b\u0103 a cilindrului.<\/p>\n<h2>Considera\u021bii de siguran\u021b\u0103 \u0219i factori de mediu<\/h2>\n<p>Este esen\u021bial s\u0103 respecta\u021bi m\u0103surile de siguran\u021b\u0103 la utilizarea cilindrilor cupei pentru a v\u0103 proteja \u00eempotriva riscurilor poten\u021biale. Reglement\u0103rile de mediu trebuie respectate la manipularea uleiului hidraulic \u0219i a altor materiale.<\/p>\n<h2>Diagnosticarea defec\u021biunilor \u0219i probleme frecvente<\/h2>\n<p>Problemele frecvente ale cilindrilor cupei includ scurgeri de lichid, for\u021b\u0103 insuficient\u0103 \u0219i zgomot anormal. Diagnosticarea defec\u021biunilor trebuie s\u0103 se bazeze pe o inspec\u021bie am\u0103nun\u021bit\u0103 a cilindrului \u0219i a componentelor din jur. \u00centre\u021binerea adecvat\u0103 \u0219i repararea la timp sunt necesare pentru a preveni apari\u021bia unor astfel de probleme.<\/p>\n<h2>Introducerea companiei<\/h2>\n<p>Suntem produc\u0103tori de cilindri hidraulici de schimb, oferind o gam\u0103 complet\u0103 de produse. Suntem unul dintre principalii produc\u0103tori \u0219i distribuitori angro de cilindri hidraulici pe pie\u021bele interne \u0219i interna\u021bionale. Urm\u0103rim o calitate excelent\u0103 \u0219i ne baz\u0103m pe strategii industrializate de management al produc\u021biei \u00een ateliere de produc\u021bie fin\u0103, \u00eembun\u0103t\u0103\u021bind continuu platforma de fabrica\u021bie, perfec\u021bion\u00e2nd linia de produc\u021bie a calit\u0103\u021bii produselor \u0219i posed\u00e2nd o capacitate puternic\u0103 de crea\u021bie. Ne propunem s\u0103 \u00eendeplinim cerin\u021bele clien\u021bilor cu eficien\u021b\u0103 ridicat\u0103, precizie ridicat\u0103 \u0219i principii de \u00eenalt\u0103 calitate.<\/p>\n<p><img decoding=\"async\" src=\"https:\/\/hzpt.com\/wp-content\/uploads\/2024\/11\/songte-company-1.webp\" alt=\"Cilindru cup\u0103 pentru excavator mic Komatsu PC40\"><\/p>\n<h2>Profesionalism \u0219i Certificare Interna\u021bional\u0103<\/h2>\n<p>Compania noastr\u0103 se angajeaz\u0103 s\u0103 se asigure c\u0103 to\u021bi angaja\u021bii au calific\u0103rile \u0219i abilit\u0103\u021bile necesare pentru a oferi servicii profesionale clien\u021bilor no\u0219tri. Am ob\u021binut certific\u0103ri interna\u021bionale relevante, precum ISO \u0219i CE, pentru a ne asigura c\u0103 produsele noastre \u00eendeplinesc standardele interna\u021bionale de calitate.<\/p>\n<h2>Servicii personalizate \u0219i echipamente de produc\u021bie<\/h2>\n<p>Oferim servicii personalizate pentru a oferi solu\u021bii personalizate de cilindri hidraulici, \u00een func\u021bie de nevoile unice ale fiec\u0103rui client. Dispunem de echipamente de produc\u021bie avansate, cum ar fi ma\u0219ini CNC \u0219i sisteme profesionale de testare, pentru a ne asigura c\u0103 fiecare produs este calificat \u0219i fiabil.<\/p>\n<h2>Serviciu post-v\u00e2nzare<\/h2>\n<p>Compania noastr\u0103 ofer\u0103 o gam\u0103 complet\u0103 de servicii post-v\u00e2nzare, inclusiv servicii de reparare, \u00eenlocuire \u0219i reconstruc\u021bie pentru produsele pe care le oferim. Ne angaj\u0103m s\u0103 oferim clien\u021bilor no\u0219tri solu\u021bii \u0219i servicii tehnice de \u00eenalt\u0103 calitate pentru a ne asigura c\u0103 primesc cea mai bun\u0103 valoare pentru investi\u021bia lor.<\/p>\n<p>Autor: lyl<\/p>","protected":false},"excerpt":{"rendered":"<p>Introduction What is Bucket Cylinder for Komatsu Small Excavator PC40? Bucket Cylinder for Komatsu Small Excavator PC40 is a specially designed hydraulic cylinder used for controlling the movement of buckets in heavy machinery such as excavators, backhoe excavators, and front-end loaders. Its main function is to enable the bucket to lift, lower, and tilt, thus [&hellip;]<\/p>","protected":false},"featured_media":14788,"comment_status":"open","ping_status":"closed","template":"","meta":{"_et_pb_use_builder":"","_et_pb_old_content":"","_et_gb_content_width":""},"product_brand":[],"product_cat":[1494],"product_tag":[1495,1496],"class_list":{"0":"post-15118","1":"product","2":"type-product","3":"status-publish","4":"has-post-thumbnail","6":"product_cat-bucket-cylinders","7":"product_tag-bucket-cylinders","8":"product_tag-hydraulic-cylinders","10":"first","11":"instock","12":"shipping-taxable","13":"product-type-simple"},"amp_enabled":true,"_links":{"self":[{"href":"https:\/\/www.hydraulic-cylinders.net\/ro\/wp-json\/wp\/v2\/product\/15118","targetHints":{"allow":["GET"]}}],"collection":[{"href":"https:\/\/www.hydraulic-cylinders.net\/ro\/wp-json\/wp\/v2\/product"}],"about":[{"href":"https:\/\/www.hydraulic-cylinders.net\/ro\/wp-json\/wp\/v2\/types\/product"}],"replies":[{"embeddable":true,"href":"https:\/\/www.hydraulic-cylinders.net\/ro\/wp-json\/wp\/v2\/comments?post=15118"}],"wp:featuredmedia":[{"embeddable":true,"href":"https:\/\/www.hydraulic-cylinders.net\/ro\/wp-json\/wp\/v2\/media\/14788"}],"wp:attachment":[{"href":"https:\/\/www.hydraulic-cylinders.net\/ro\/wp-json\/wp\/v2\/media?parent=15118"}],"wp:term":[{"taxonomy":"product_brand","embeddable":true,"href":"https:\/\/www.hydraulic-cylinders.net\/ro\/wp-json\/wp\/v2\/product_brand?post=15118"},{"taxonomy":"product_cat","embeddable":true,"href":"https:\/\/www.hydraulic-cylinders.net\/ro\/wp-json\/wp\/v2\/product_cat?post=15118"},{"taxonomy":"product_tag","embeddable":true,"href":"https:\/\/www.hydraulic-cylinders.net\/ro\/wp-json\/wp\/v2\/product_tag?post=15118"}],"curies":[{"name":"wp","href":"https:\/\/api.w.org\/{rel}","templated":true}]}}