{"id":15119,"date":"2025-01-19T14:07:48","date_gmt":"2025-01-19T14:07:48","guid":{"rendered":"https:\/\/www.hydraulic-cylinders.net\/product\/bucket-cylinder-for-komatsu-small-excavator-pc156-7\/"},"modified":"2025-01-19T14:07:50","modified_gmt":"2025-01-19T14:07:50","slug":"bucket-cylinder-for-komatsu-small-excavator-pc156-7","status":"publish","type":"product","link":"https:\/\/www.hydraulic-cylinders.net\/ro\/produs\/bucket-cylinder-for-komatsu-small-excavator-pc156-7\/","title":{"rendered":"Cilindru cu cup\u0103 pentru excavatorul mic Komatsu PC156-7"},"content":{"rendered":"<h2>Introducere<\/h2>\n<h3>Cilindru cup\u0103 pentru excavator mic Komatsu PC156-7<\/h3>\n<p>Cilindrul cupei pentru excavatorul mic Komatsu PC156-7 este un cilindru hidraulic special conceput, utilizat pentru controlul mi\u0219c\u0103rii cupei \u00een utilaje grele, cum ar fi excavatoarele, \u00eenc\u0103rc\u0103toarele excavatoare \u0219i \u00eenc\u0103rc\u0103toarele frontale. Func\u021bia sa principal\u0103 este de a permite ridicarea, cobor\u00e2rea \u0219i \u00eenclinarea cupei, facilit\u00e2nd diverse sarcini de manipulare a materialelor. \u00cen sistemul hidraulic, cilindrul cupei controleaz\u0103 mi\u0219carea precis\u0103 a cupei prin modific\u0103rile presiunii uleiului hidraulic, permi\u021b\u00e2nd operatorilor s\u0103 manipuleze eficient sarcini grele \u0219i s\u0103 se adapteze la medii de lucru complexe \u0219i cerin\u021be diverse ale lucr\u0103rilor.<\/p>\n<p><img decoding=\"async\" src=\"https:\/\/www.hydraulic-cylinders.net\/wp-content\/uploads\/2025\/01\/songte-company-2.webp\" alt=\"Imaginea cilindrului cupei\"><\/p>\n<h2>Caracteristici<\/h2>\n<ul>\n<li>Rezisten\u021b\u0103 \u0219i durabilitate ridicate: Fabricate de obicei din o\u021bel sau aluminiu de \u00eenalt\u0103 rezisten\u021b\u0103, pot rezista la presiuni ridicate \u0219i sarcini grele, adapt\u00e2ndu-se la medii de lucru dure. Designul ia \u00een considerare \u0219i rezisten\u021ba la uzur\u0103 \u0219i la coroziune, prelungind durata de via\u021b\u0103.<\/li>\n<li>Func\u021bionare hidraulic\u0103 eficient\u0103: Mi\u0219carea telescopic\u0103 lin\u0103 se realizeaz\u0103 prin utilizarea presiunii uleiului hidraulic, care poate r\u0103spunde rapid la comenzile de control, oferind o for\u021b\u0103 puternic\u0103 de \u00eempingere-tragere, potrivit\u0103 pentru manipularea sarcinilor grele \u0219i a sarcinilor de lucru complexe.<\/li>\n<li>Diverse tipuri: Cilindrii cu ac\u021biune simpl\u0103 (utiliza\u021bi hidraulic \u00eentr-o singur\u0103 direc\u021bie) sau cu ac\u021biune dubl\u0103 (utiliza\u021bi hidraulic \u00een ambele direc\u021bii) pot fi selecta\u021bi \u00een func\u021bie de cerin\u021be pentru a satisface diferite nevoi de operare. Unele modele sunt telescopice, permi\u021b\u00e2nd o extindere mai mare f\u0103r\u0103 a cre\u0219te dimensiunile exterioare, potrivite pentru aplica\u021bii cu spa\u021biu limitat.<\/li>\n<li>\u00cenlocuire de \u00eenalt\u0103 calitate: Produsul nostru poate \u00eenlocui perfect ace\u0219ti cilindri hidraulici.<\/li>\n<\/ul>\n<p><img decoding=\"async\" src=\"https:\/\/www.hydraulic-cylinders.net\/wp-content\/uploads\/2025\/01\/songte-cylinder-head-with-all-kinds-excavator-models.webp\" alt=\"Imagine de \u00eenlocuire a cilindrului cupei\"><\/p>\n<h2>Aplica\u021bii<\/h2>\n<p>Cilindrul cu cup\u0103 poate fi utilizat \u00een diverse ma\u0219ini \u0219i industrii, inclusiv:<\/p>\n<ul>\n<li>Echipamente de construc\u021bii: \u00cen excavatoare, acestea sunt esen\u021biale pentru s\u0103pare, \u00eenc\u0103rcare \u0219i mutarea solului sau a resturilor. \u00cen buldoexcavatoarele, cilindrul cupei ajut\u0103 la excavare \u0219i ridicare. <\/li>\n<li>Ma\u0219ini agricole: utilizate \u00een \u00eenc\u0103rc\u0103toare frontale pentru scobere, ridicare \u0219i transportul solului, f\u00e2nului \u0219i altor materiale. <\/li>\n<li>Excavatoare: Cilindrul cupei permite cupei s\u0103 p\u0103trund\u0103 \u00een sol pentru a realiza ac\u021biunea de s\u0103pare. <\/li>\n<li>\u00cenc\u0103rc\u0103toare frontale: \u00cen cazul \u00eenc\u0103rc\u0103toarelor frontale, acestea ajut\u0103 la ridicarea \u0219i desc\u0103rcarea eficient\u0103 a m\u0103rfurilor.<\/li>\n<\/ul>\n<p>Fiecare aplica\u021bie este descris\u0103 mai jos:<\/p>\n<ul>\n<li><strong>Echipamente de construc\u021bii:<\/strong> La excavatoare, cilindrul cupei este utilizat pentru a muta solul sau resturile prin s\u0103pare sau ridicare. La \u00eenc\u0103rc\u0103toarele cu excavator, cilindrul cupei ajut\u0103 la s\u0103pare \u0219i ridicare.<\/li>\n<li><strong>Ma\u0219ini agricole:<\/strong> Cilindrul cupei este utilizat la \u00eenc\u0103rc\u0103toarele frontale pentru scobere, ridicare \u0219i transportul solului, f\u00e2nului \u0219i altor materiale.<\/li>\n<li><strong>Excavatoare:<\/strong> Cilindrul cupei permite cupei s\u0103 p\u0103trund\u0103 \u00een sol pentru a realiza ac\u021biunea de s\u0103pare. Acesta ajut\u0103 excavatoarele s\u0103 efectueze rapid \u0219i eficient sarcinile de s\u0103pare.<\/li>\n<li><strong>\u00cenc\u0103rc\u0103toare frontale:<\/strong> La \u00eenc\u0103rc\u0103toarele frontale, cilindrul cupei ajut\u0103 la ridicarea \u0219i desc\u0103rcarea eficient\u0103 a m\u0103rfurilor.<\/li>\n<\/ul>\n<h2>Considera\u021bii de proiectare \u0219i criterii de selec\u021bie<\/h2>\n<p>\u00cen ceea ce prive\u0219te considera\u021biile de proiectare, capacitatea portant\u0103, etan\u0219area, durabilitatea, siguran\u021ba \u0219i mentenan\u021ba cilindrului cupei sunt discutate mai jos:<\/p>\n<ul>\n<li><strong>Capacitate portant\u0103:<\/strong> Cilindrul cupei ar trebui s\u0103 poat\u0103 rezista la sarcini grele \u0219i presiuni ridicate, men\u021bin\u00e2nd \u00een acela\u0219i timp stabilitatea.<\/li>\n<li><strong>Etan\u0219are:<\/strong> Cilindrul cupei trebuie s\u0103 aib\u0103 o etan\u0219are corespunz\u0103toare pentru a preveni scurgerile de ulei \u0219i a asigura o func\u021bionare lin\u0103. Poliuretanul, cauciucul nitrilic \u0219i alte materiale rezistente la uzur\u0103 sunt utilizate \u00een mod obi\u0219nuit pentru elementele de etan\u0219are.<\/li>\n<li><strong>Durabilitate:<\/strong> \u00cen medii de lucru dure, cilindrul cupei trebuie s\u0103 aib\u0103 o rezisten\u021b\u0103 ridicat\u0103 la uzur\u0103 \u0219i la coroziune.<\/li>\n<li><strong>Siguran\u0163\u0103:<\/strong> Cilindrul cupei trebuie s\u0103 aib\u0103 caracteristicile de siguran\u021b\u0103 necesare pentru a preveni accidentele \u0219i a asigura siguran\u021ba operatorului.<\/li>\n<li><strong>Mentenabilitate:<\/strong> Cilindrul cupei ar trebui s\u0103 aib\u0103 piese u\u0219or accesibile pentru o \u00eentre\u021binere \u0219i reparare rapid\u0103 \u0219i u\u0219oar\u0103. <\/li>\n<\/ul>\n<p><img decoding=\"async\" src=\"https:\/\/www.hydraulic-cylinders.net\/wp-content\/uploads\/2025\/01\/songte-oil-pipes-and-spare-parts.webp\" alt=\"Imaginea pieselor cilindrului cupei\"><\/p>\n<h2>Etan\u0219are \u0219i lubrifiere<\/h2>\n<p>Etan\u0219area \u0219i lubrifierea cilindrului cupei trebuie luate \u00een serios. Cilindrul trebuie s\u0103 utilizeze diverse elemente de etan\u0219are, cum ar fi etan\u0219\u0103ri de piston \u0219i etan\u0219\u0103ri de tij\u0103, fabricate din materiale rezistente la uzur\u0103, cum ar fi poliuretanul \u0219i cauciucul nitrilic. Suprafe\u021bele corpului cilindrului \u0219i ale capetelor filetate trebuie prelucrate fin pentru a \u00eembun\u0103t\u0103\u021bi rezisten\u021ba la uzur\u0103. Lubrifierea adecvat\u0103 este esen\u021bial\u0103 pentru o func\u021bionare f\u0103r\u0103 probleme, iar schimb\u0103rile regulate de ulei sunt necesare pentru o \u00eentre\u021binere corespunz\u0103toare.<\/p>\n<h2>\u00centre\u021binere \u0219i repara\u021bii<\/h2>\n<p>Inspec\u021biile regulate \u0219i m\u0103surile de \u00eentre\u021binere preventiv\u0103 ajut\u0103 la minimizarea poten\u021bialelor probleme. Instalarea, lubrifierea \u0219i reglarea corect\u0103 sunt esen\u021biale pentru asigurarea unei performan\u021be optime. C\u00e2teva sarcini comune de \u00eentre\u021binere includ:<\/p>\n<ul>\n<li>Inspec\u021bie regulat\u0103<\/li>\n<li>Lubrifiere adecvat\u0103<\/li>\n<li>\u00cenlocuirea garniturii<\/li>\n<li>Verific\u0103ri de calibrare<\/li>\n<\/ul>\n<p>Fiecare sarcin\u0103 este descris\u0103 mai jos:<\/p>\n<ul>\n<li><strong>Inspec\u021bie periodic\u0103:<\/strong> Inspec\u021biile regulate ajut\u0103 la detectarea timpurie a problemelor \u0219i la minimizarea poten\u021bialelor perioade de nefunc\u021bionare. Inspec\u021bia pentru semne de uzur\u0103, deteriorare \u0219i scurgeri trebuie efectuat\u0103 periodic.<\/li>\n<li><strong>Lubrifiere adecvat\u0103:<\/strong> Lubrifierea este esen\u021bial\u0103 pentru buna func\u021bionare a cilindrului. Cilindrul trebuie lubrifiat \u00een mod regulat pentru a asigura o func\u021bionare f\u0103r\u0103 probleme.<\/li>\n<li><strong>\u00cenlocuirea garniturii:<\/strong> Garniturile sunt o component\u0103 esen\u021bial\u0103 \u00een prevenirea scurgerilor de ulei \u0219i asigurarea func\u021bion\u0103rii line. Verific\u0103rile regulate de \u00eentre\u021binere trebuie efectuate pentru a se asigura c\u0103 garniturile sunt \u00een stare bun\u0103. <\/li>\n<li><strong>Verific\u0103ri de calibrare:<\/strong> Verific\u0103rile de calibrare asigur\u0103 func\u021bionarea corect\u0103 a cilindrului. Dac\u0103 se detecteaz\u0103 probleme de calibrare, acestea trebuie rezolvate prompt.<\/li>\n<\/ul>\n<p><img decoding=\"async\" src=\"https:\/\/www.hydraulic-cylinders.net\/wp-content\/uploads\/2025\/01\/songte-chushion-collar.webp\" alt=\"Imagine de \u00eentre\u021binere a cilindrului cupei\"><\/p>\n<h2>Considera\u021bii de siguran\u021b\u0103 \u0219i factori de mediu<\/h2>\n<p>M\u0103surile de siguran\u021b\u0103 sunt esen\u021biale atunci c\u00e2nd se utilizeaz\u0103 cilindrul cupei. Instalarea, \u00eentre\u021binerea \u0219i operarea corect\u0103 trebuie respectate pentru a asigura siguran\u021ba operatorului. \u00cen plus, factorii de mediu precum temperatura, umiditatea \u0219i praful trebuie lua\u021bi \u00een considerare atunci c\u00e2nd se utilizeaz\u0103 cilindrul cupei.<\/p>\n<h2>Depanare \u0219i probleme frecvente<\/h2>\n<p>\u00cen timpul utiliz\u0103rii cilindrului cupei pot ap\u0103rea unele probleme comune, cum ar fi scurgeri de ulei, presiune insuficient\u0103 \u0219i nealiniere. Sfaturile de depanare, solu\u021biile \u0219i m\u0103surile preventive trebuie urmate pentru a minimiza poten\u021bialele probleme. <\/p>\n<p><img decoding=\"async\" src=\"https:\/\/www.hydraulic-cylinders.net\/wp-content\/uploads\/2025\/01\/songte-bushings-with-all-kinds-of-excavator-models.webp\" alt=\"Imagine de depanare a cilindrului cupei\"><\/p>\n<h2>Despre compania noastr\u0103<\/h2>\n<p>Suntem produc\u0103tori de cilindri hidraulici de schimb. Compania noastr\u0103 are o gam\u0103 complet\u0103 de produse \u0219i este unul dintre principalii produc\u0103tori \u0219i angrosi\u0219ti \u200b\u200bde cilindri hidraulici pe pie\u021bele interne \u0219i interna\u021bionale. Ader\u0103m la calitatea excelent\u0103 \u0219i ne baz\u0103m pe strategia de management al produc\u021biei industriale a atelierelor de produc\u021bie fin\u0103. Compania noastr\u0103 \u00eembun\u0103t\u0103\u021be\u0219te continuu platforma de produc\u021bie a atelierului, perfec\u021bioneaz\u0103 ruta de produc\u021bie a calit\u0103\u021bii produselor \u0219i are o capacitate creativ\u0103 puternic\u0103, satisf\u0103c\u00e2nd clien\u021bii cu principiile de eficien\u021b\u0103 ridicat\u0103, precizie ridicat\u0103 \u0219i calitate superioar\u0103.<\/p>\n<p><img decoding=\"async\" src=\"https:\/\/hzpt.com\/wp-content\/uploads\/2024\/11\/songte-company-1.webp\" alt=\"Imaginea companiei\"><\/p>\n<h3>Profesionalism<\/h3>\n<p>Avem o echip\u0103 profesionist\u0103 de ingineri \u0219i tehnicieni capabili s\u0103 proiecteze \u0219i s\u0103 produc\u0103 cilindri hidraulici de \u00eenalt\u0103 calitate, conform cerin\u021belor clien\u021bilor.<\/p>\n<h3>Certificare interna\u021bional\u0103<\/h3>\n<p>Compania noastr\u0103 a ob\u021binut diverse certific\u0103ri interna\u021bionale, inclusiv CE \u0219i ISO. Clien\u021bii pot fi siguri c\u0103 produsele noastre \u00eendeplinesc standardele interna\u021bionale de calitate.<\/p>\n<h3>Servicii de personalizare<\/h3>\n<p>Oferim servicii de personalizare pentru a satisface nevoile specifice ale clien\u021bilor no\u0219tri. Echipa noastr\u0103 poate proiecta \u0219i produce cilindri hidraulici conform cerin\u021belor clientului.<\/p>\n<h3>Echipamente de produc\u021bie<\/h3>\n<p>Compania noastr\u0103 utilizeaz\u0103 echipamente de produc\u021bie avansate, inclusiv strunguri CNC \u0219i centre de prelucrare, pentru a asigura acurate\u021bea \u0219i precizia produselor noastre.<\/p>\n<h3>Serviciu post-v\u00e2nzare<\/h3>\n<p>Oferim servicii post-v\u00e2nzare excelente, inclusiv asisten\u021b\u0103 tehnic\u0103 \u0219i \u00eentre\u021binere a produselor. Echipa noastr\u0103 este disponibil\u0103 pentru a r\u0103spunde la orice \u00eentreb\u0103ri sau nel\u0103muriri pe care le-ar putea avea clien\u021bii.<\/p>\n<h4>Autor: lyl<\/h4>","protected":false},"excerpt":{"rendered":"<p>Introduction Bucket Cylinder for Komatsu Small Excavator PC156-7 The Bucket Cylinder for Komatsu Small Excavator PC156-7 is a specifically designed hydraulic cylinder used for controlling the movement of the bucket in heavy machinery such as excavators, backhoe loaders, and front-end loaders. Its main function is to enable the bucket to lift, lower, and tilt, making [&hellip;]<\/p>","protected":false},"featured_media":14787,"comment_status":"open","ping_status":"closed","template":"","meta":{"_et_pb_use_builder":"","_et_pb_old_content":"","_et_gb_content_width":""},"product_brand":[],"product_cat":[1494],"product_tag":[1495,1496],"class_list":{"0":"post-15119","1":"product","2":"type-product","3":"status-publish","4":"has-post-thumbnail","6":"product_cat-bucket-cylinders","7":"product_tag-bucket-cylinders","8":"product_tag-hydraulic-cylinders","10":"first","11":"instock","12":"shipping-taxable","13":"product-type-simple"},"amp_enabled":true,"_links":{"self":[{"href":"https:\/\/www.hydraulic-cylinders.net\/ro\/wp-json\/wp\/v2\/product\/15119","targetHints":{"allow":["GET"]}}],"collection":[{"href":"https:\/\/www.hydraulic-cylinders.net\/ro\/wp-json\/wp\/v2\/product"}],"about":[{"href":"https:\/\/www.hydraulic-cylinders.net\/ro\/wp-json\/wp\/v2\/types\/product"}],"replies":[{"embeddable":true,"href":"https:\/\/www.hydraulic-cylinders.net\/ro\/wp-json\/wp\/v2\/comments?post=15119"}],"wp:featuredmedia":[{"embeddable":true,"href":"https:\/\/www.hydraulic-cylinders.net\/ro\/wp-json\/wp\/v2\/media\/14787"}],"wp:attachment":[{"href":"https:\/\/www.hydraulic-cylinders.net\/ro\/wp-json\/wp\/v2\/media?parent=15119"}],"wp:term":[{"taxonomy":"product_brand","embeddable":true,"href":"https:\/\/www.hydraulic-cylinders.net\/ro\/wp-json\/wp\/v2\/product_brand?post=15119"},{"taxonomy":"product_cat","embeddable":true,"href":"https:\/\/www.hydraulic-cylinders.net\/ro\/wp-json\/wp\/v2\/product_cat?post=15119"},{"taxonomy":"product_tag","embeddable":true,"href":"https:\/\/www.hydraulic-cylinders.net\/ro\/wp-json\/wp\/v2\/product_tag?post=15119"}],"curies":[{"name":"wp","href":"https:\/\/api.w.org\/{rel}","templated":true}]}}