{"id":15121,"date":"2025-01-19T14:07:55","date_gmt":"2025-01-19T14:07:55","guid":{"rendered":"https:\/\/www.hydraulic-cylinders.net\/product\/bucket-cylinder-for-komatsu-small-excavator-pc120-3-5-6-6e-7\/"},"modified":"2025-01-19T14:07:57","modified_gmt":"2025-01-19T14:07:57","slug":"bucket-cylinder-for-komatsu-small-excavator-pc120-3-5-6-6e-7","status":"publish","type":"product","link":"https:\/\/www.hydraulic-cylinders.net\/ro\/produs\/bucket-cylinder-for-komatsu-small-excavator-pc120-3-5-6-6e-7\/","title":{"rendered":"Cilindru cu cup\u0103 pentru excavatorul mic Komatsu PC120-3-5-6-6E-7"},"content":{"rendered":"<h1>Cilindru cu cup\u0103 pentru excavatorul mic Komatsu PC120-3-5-6-6E-7<\/h1>\n<h2>Introducere<\/h2>\n<p>Un cilindru al cupei este un cilindru hidraulic special conceput, utilizat \u00een principal pentru a controla mi\u0219carea cupei \u00een utilaje grele, cum ar fi excavatoarele, excavatoarele \u0219i \u00eenc\u0103rc\u0103toarele frontale. Func\u021bia sa principal\u0103 este de a permite ridicarea, cobor\u00e2rea \u0219i \u00eenclinarea cupei, facilit\u00e2nd diverse sarcini de manipulare a materialelor. \u00cen sistemul hidraulic, cilindrul cupei realizeaz\u0103 un control precis al cupei prin modific\u0103ri ale presiunii uleiului hidraulic, permi\u021b\u00e2nd operatorilor s\u0103 manipuleze eficient sarcini grele \u0219i s\u0103 se adapteze la medii de lucru complexe \u0219i cerin\u021be diverse ale lucr\u0103rilor.<\/p>\n<p><img decoding=\"async\" src=\"https:\/\/www.hydraulic-cylinders.net\/wp-content\/uploads\/2025\/01\/songte-company-2.webp\" alt=\"Imaginea cilindrului cupei\"><\/p>\n<h2>Caracteristici<\/h2>\n<ul>\n<li>Rezisten\u021b\u0103 \u0219i durabilitate ridicate: Fabricate de obicei din o\u021bel sau aluminiu de \u00eenalt\u0103 rezisten\u021b\u0103, pot rezista la presiuni ridicate \u0219i sarcini grele, adapt\u00e2ndu-se la medii de lucru dure. Designul ia \u00een considerare rezisten\u021ba la uzur\u0103 \u0219i rezisten\u021ba la coroziune pentru a prelungi durata de via\u021b\u0103.<\/li>\n<li>Func\u021bionare hidraulic\u0103 eficient\u0103: Mi\u0219c\u0103rile line de extensie \u0219i contrac\u021bie sunt ob\u021binute prin utilizarea presiunii uleiului hidraulic, care poate r\u0103spunde rapid la comenzile de control, oferind o for\u021b\u0103 puternic\u0103 de \u00eempingere \u0219i tragere, potrivit\u0103 pentru manipularea sarcinilor grele \u0219i a sarcinilor opera\u021bionale complexe.<\/li>\n<li>Diverse tipuri: Tipurile de cilindri pot fi selectate \u00een func\u021bie de cerin\u021be, cum ar fi cu ac\u021biune simpl\u0103 (hidraulic utilizat \u00eentr-o singur\u0103 direc\u021bie) sau cu ac\u021biune dubl\u0103 (hidraulic utilizat \u00een dou\u0103 direc\u021bii), pentru a satisface diferite nevoi opera\u021bionale. Unele modele sunt telescopice, permi\u021b\u00e2nd o extensie mai mare f\u0103r\u0103 a cre\u0219te dimensiunile exterioare, potrivite pentru aplica\u021bii cu spa\u021biu limitat.<\/li>\n<li>\u00cenlocuitor perfect: Produsul nostru poate \u00eenlocui perfect ace\u0219ti cilindri hidraulici.<\/li>\n<\/ul>\n<p><img decoding=\"async\" src=\"https:\/\/www.hydraulic-cylinders.net\/wp-content\/uploads\/2025\/01\/songte-cylinder-head-with-all-kinds-excavator-models.webp\" alt=\"Imaginea cilindrului cupei\"><\/p>\n<h2>Aplica\u021bii<\/h2>\n<p>Cilindrii cu cup\u0103 sunt utiliza\u021bi \u00een mod obi\u0219nuit \u00een diverse utilaje grele, printre care se num\u0103r\u0103:<\/p>\n<ul>\n<li>Echipamente de construc\u021bii: \u00cen excavatoare, acestea sunt esen\u021biale pentru s\u0103pare, \u00eenc\u0103rcare \u0219i mutarea solului sau a resturilor. \u00cen cazul excavatoarelor, cilindrul cupei ajut\u0103 at\u00e2t la s\u0103pare, c\u00e2t \u0219i la ridicare. <\/li>\n<li>Ma\u0219ini agricole: utilizate \u00een \u00eenc\u0103rc\u0103toare frontale pentru scobere, ridicare \u0219i transportul solului, f\u00e2nului \u0219i altor materiale. <\/li>\n<li>Excavatoare: Cilindrul cupei permite excavatorului s\u0103 sape permi\u021b\u00e2nd cupei s\u0103 p\u0103trund\u0103 \u00een sol. <\/li>\n<li>\u00cenc\u0103rc\u0103toare: \u00cen \u00eenc\u0103rc\u0103toarele frontale, acestea ajut\u0103 la ridicarea \u0219i \u00eenclinarea eficient\u0103 a sarcinilor. <\/li>\n<\/ul>\n<h2>Considera\u021bii de proiectare \u0219i standarde de selec\u021bie<\/h2>\n<p>La proiectarea unui cilindru pentru cup\u0103, trebuie acordat\u0103 o aten\u021bie deosebit\u0103 capacit\u0103\u021bii portante, etan\u0219\u0103rii, durabilit\u0103\u021bii, siguran\u021bei \u0219i \u00eentre\u021binerii sale. C\u00e2teva dintre considera\u021biile de proiectare sunt:<\/p>\n<ul>\n<li>Capacitate portant\u0103: Cilindrul trebuie s\u0103 fie capabil s\u0103 suporte sarcina maxim\u0103 a\u0219teptat\u0103 \u00een timpul func\u021bion\u0103rii.<\/li>\n<li>Etan\u0219are: Utilizarea diferitelor materiale de etan\u0219are, cum ar fi etan\u0219\u0103rile pistonului, etan\u0219\u0103rile tijei etc., cu materiale rezistente la uzur\u0103, cum ar fi poliuretanul \u0219i cauciucul nitrilic, poate prelungi durata de via\u021b\u0103 a cilindrului.<\/li>\n<li>Durabilitate: Corpul cilindrului \u0219i suprafa\u021ba cap\u0103tului filetat trebuie prelucrate fin, cresc\u00e2nd rezisten\u021ba la uzur\u0103 a cilindrului.<\/li>\n<li>Siguran\u021b\u0103: Buteliile trebuie proiectate pentru a preveni scurgerile, spargerea sau eliberarea brusc\u0103 a presiunii pentru a asigura siguran\u021ba echipamentelor \u0219i a operatorilor.<\/li>\n<li>\u00centre\u021binere: \u00centre\u021binerea regulat\u0103, cum ar fi verificarea \u0219i reglarea cilindrului, poate asigura func\u021bionarea corect\u0103 a acestuia \u0219i \u00eei poate prelungi durata de via\u021b\u0103.<\/li>\n<\/ul>\n<p><img decoding=\"async\" src=\"https:\/\/www.hydraulic-cylinders.net\/wp-content\/uploads\/2025\/01\/songte-oil-pipes-and-spare-parts.webp\" alt=\"Imaginea cilindrului cupei\"><\/p>\n<h2>Etan\u0219are \u0219i lubrifiere<\/h2>\n<p>Cilindrii cu cup\u0103 utilizeaz\u0103 diverse componente de etan\u0219are, cum ar fi etan\u0219\u0103rile pistonului \u0219i etan\u0219\u0103rile tijei, pentru a preveni scurgerile de ulei hidraulic. Materialele de etan\u0219are utilizate sunt de obicei poliuretan \u0219i cauciuc nitrilic, care sunt rezistente la uzur\u0103 \u0219i au propriet\u0103\u021bi excelente de etan\u0219are. Lubrifierea adecvat\u0103 este, de asemenea, esen\u021bial\u0103 pentru a asigura buna func\u021bionare a cilindrului. Se recomand\u0103 ad\u0103ugarea regulat\u0103 a cantit\u0103\u021bii corespunz\u0103toare de ulei hidraulic.<\/p>\n<h2>\u00centre\u021binere preventiv\u0103 \u0219i depanare<\/h2>\n<p>\u00centre\u021binerea preventiv\u0103 este crucial\u0103 pentru asigurarea longevit\u0103\u021bii cilindrului cupei. Verific\u0103rile regulate, lubrifierea corespunz\u0103toare, \u00eenlocuirea componentelor de etan\u0219are \u0219i verific\u0103rile de calibrare sunt sarcini comune de \u00eentre\u021binere. Dac\u0103 apar probleme, tehnicile adecvate de depanare pot ajuta la diagnosticarea \u0219i rezolvarea eficient\u0103 a problemei. De asemenea, este important s\u0103 se ia m\u0103suri preventive pentru a minimiza poten\u021bialele probleme.<\/p>\n<p><img decoding=\"async\" src=\"https:\/\/www.hydraulic-cylinders.net\/wp-content\/uploads\/2025\/01\/songte-chushion-collar.webp\" alt=\"Imaginea cilindrului cupei\"><\/p>\n<h2>Considera\u021bii privind siguran\u021ba \u0219i mediul<\/h2>\n<p>C\u00e2nd se utilizeaz\u0103 cilindri hidraulici, trebuie luate m\u0103suri de siguran\u021b\u0103 pentru a preveni accidentele \u0219i v\u0103t\u0103m\u0103rile corporale. Este important s\u0103 se respecte instruc\u021biunile \u0219i instruc\u021biunile de siguran\u021b\u0103 pentru instalarea \u0219i func\u021bionarea corect\u0103 a cilindrului. Din punct de vedere ecologic, eliminarea corect\u0103 a uleiului hidraulic uzat \u0219i a altor componente ale cilindrului este esen\u021bial\u0103 pentru a preveni contaminarea mediului.<\/p>\n<h2>Introducerea companiei<\/h2>\n<p>Suntem un produc\u0103tor \u0219i distribuitor angro de top de cilindri hidraulici pe pie\u021bele interne \u0219i interna\u021bionale. Gama noastr\u0103 de produse este cuprinz\u0103toare \u0219i ne str\u0103duim s\u0103 atingem excelen\u021ba \u00een calitate. Cu strategii industrializate de management al produc\u021biei, sus\u021binute de talente calificate, echipamente digitale de produc\u021bie de ultim\u0103 genera\u021bie \u0219i sisteme de testare profesionale, ne \u00eembun\u0103t\u0103\u021bim continuu platforma de produc\u021bie, perfec\u021bion\u0103m ruta de produc\u021bie \u0219i avem capacit\u0103\u021bi puternice de inovare pentru a satisface nevoile diverse ale clien\u021bilor no\u0219tri.<\/p>\n<ul>\n<li>Profesionalism: Avem o echip\u0103 de ingineri profesioni\u0219ti care pot oferi servicii personalizate \u00een func\u021bie de cerin\u021bele clien\u021bilor.<\/li>\n<li>Certificare interna\u021bional\u0103: Produsele noastre au trecut certific\u0103ri interna\u021bionale precum ISO9001 \u0219i CE.<\/li>\n<li>Serviciu de personalizare: Oferim servicii de personalizare pentru diver\u0219i cilindri hidraulici, \u00een func\u021bie de cerin\u021bele clien\u021bilor.<\/li>\n<li>Echipamente de produc\u021bie: Dispunem de echipamente de produc\u021bie avansate, cum ar fi strunguri CNC, centre de prelucrare \u0219i robo\u021bi de sudur\u0103.<\/li>\n<li>Servicii post-v\u00e2nzare: Oferim servicii post-v\u00e2nzare de \u00eenalt\u0103 calitate, inclusiv \u00eenlocuirea pieselor \u0219i servicii de reconstruc\u021bie.<\/li>\n<\/ul>\n<p><img decoding=\"async\" src=\"https:\/\/hzpt.com\/wp-content\/uploads\/2024\/11\/songte-company-1.webp\" alt=\"Imaginea cilindrului cupei\"><\/p>\n<p>Autor: lyl<\/p>","protected":false},"excerpt":{"rendered":"<p>Bucket Cylinder For Komatsu Small Excavator PC120-3-5-6-6E-7 Introduction A bucket cylinder is a specially designed hydraulic cylinder that is primarily used to control the movement of the bucket in heavy machinery, such as excavators, backhoes, and front-end loaders. Its main function is to enable the bucket to be raised, lowered, and tilted, making it easier [&hellip;]<\/p>","protected":false},"featured_media":14784,"comment_status":"open","ping_status":"closed","template":"","meta":{"_et_pb_use_builder":"","_et_pb_old_content":"","_et_gb_content_width":""},"product_brand":[],"product_cat":[1494],"product_tag":[1495,1496],"class_list":{"0":"post-15121","1":"product","2":"type-product","3":"status-publish","4":"has-post-thumbnail","6":"product_cat-bucket-cylinders","7":"product_tag-bucket-cylinders","8":"product_tag-hydraulic-cylinders","10":"first","11":"instock","12":"shipping-taxable","13":"product-type-simple"},"amp_enabled":true,"_links":{"self":[{"href":"https:\/\/www.hydraulic-cylinders.net\/ro\/wp-json\/wp\/v2\/product\/15121","targetHints":{"allow":["GET"]}}],"collection":[{"href":"https:\/\/www.hydraulic-cylinders.net\/ro\/wp-json\/wp\/v2\/product"}],"about":[{"href":"https:\/\/www.hydraulic-cylinders.net\/ro\/wp-json\/wp\/v2\/types\/product"}],"replies":[{"embeddable":true,"href":"https:\/\/www.hydraulic-cylinders.net\/ro\/wp-json\/wp\/v2\/comments?post=15121"}],"wp:featuredmedia":[{"embeddable":true,"href":"https:\/\/www.hydraulic-cylinders.net\/ro\/wp-json\/wp\/v2\/media\/14784"}],"wp:attachment":[{"href":"https:\/\/www.hydraulic-cylinders.net\/ro\/wp-json\/wp\/v2\/media?parent=15121"}],"wp:term":[{"taxonomy":"product_brand","embeddable":true,"href":"https:\/\/www.hydraulic-cylinders.net\/ro\/wp-json\/wp\/v2\/product_brand?post=15121"},{"taxonomy":"product_cat","embeddable":true,"href":"https:\/\/www.hydraulic-cylinders.net\/ro\/wp-json\/wp\/v2\/product_cat?post=15121"},{"taxonomy":"product_tag","embeddable":true,"href":"https:\/\/www.hydraulic-cylinders.net\/ro\/wp-json\/wp\/v2\/product_tag?post=15121"}],"curies":[{"name":"wp","href":"https:\/\/api.w.org\/{rel}","templated":true}]}}