{"id":15128,"date":"2025-01-19T14:08:23","date_gmt":"2025-01-19T14:08:23","guid":{"rendered":"https:\/\/www.hydraulic-cylinders.net\/product\/bucket-cylinder-for-komatsu-small-excavator-pc55-55uu\/"},"modified":"2025-01-19T14:08:25","modified_gmt":"2025-01-19T14:08:25","slug":"bucket-cylinder-for-komatsu-small-excavator-pc55-55uu","status":"publish","type":"product","link":"https:\/\/www.hydraulic-cylinders.net\/ro\/produs\/bucket-cylinder-for-komatsu-small-excavator-pc55-55uu\/","title":{"rendered":"Cilindru cup\u0103 pentru excavator mic Komatsu PC55 55UU"},"content":{"rendered":"<h1>Cilindru cup\u0103 pentru excavator mic Komatsu PC55 55UU<\/h1>\n<h2>Introducere<\/h2>\n<p>Cilindrul cupei pentru excavatorul mic Komatsu PC55 55UU este un cilindru hidraulic specializat, utilizat \u00een principal pentru a controla mi\u0219carea cupei \u00een utilaje grele, cum ar fi excavatoarele, excavatoarele cu buldoexcavatoare \u0219i \u00eenc\u0103rc\u0103toare frontale. Func\u021bia sa principal\u0103 este de a permite ridicarea, cobor\u00e2rea \u0219i \u00eenclinarea cupei, facilit\u00e2nd diverse sarcini de manipulare a materialelor. \u00cen sistemul hidraulic, cilindrul cupei realizeaz\u0103 un control precis al cupei prin modific\u0103ri ale presiunii uleiului hidraulic \u0219i permite operatorilor s\u0103 manipuleze eficient obiecte grele, adapt\u00e2ndu-se la medii de lucru complexe \u0219i cerin\u021be opera\u021bionale diverse.<\/p>\n<p><img decoding=\"async\" src=\"https:\/\/www.hydraulic-cylinders.net\/wp-content\/uploads\/2025\/01\/songte-company-2.webp\" alt=\"Imaginea cilindrului cupei\"><\/p>\n<h2>Caracteristici<\/h2>\n<ul>\n<li>Rezisten\u021b\u0103 \u0219i durabilitate ridicate: de obicei fabricate din o\u021bel sau aluminiu de \u00eenalt\u0103 rezisten\u021b\u0103, capabile s\u0103 reziste la presiuni ridicate \u0219i sarcini grele, potrivite pentru medii de lucru dure, proiectate av\u00e2nd \u00een vedere rezisten\u021ba la uzur\u0103 \u0219i la coroziune \u0219i o durat\u0103 de via\u021b\u0103 extins\u0103.<\/li>\n<li>Func\u021bionare hidraulic\u0103 eficient\u0103: mi\u0219c\u0103ri line de extensie \u0219i contrac\u021bie ob\u021binute prin presiunea uleiului hidraulic, r\u0103spuns rapid la comenzile de control, oferind o for\u021b\u0103 puternic\u0103 de \u00eempingere \u0219i tragere, potrivit\u0103 pentru manipularea obiectelor grele \u0219i sarcini opera\u021bionale complexe.<\/li>\n<li>Diverse tipuri disponibile: cilindri cu ac\u021biune simpl\u0103 (utiliza\u021bi hidraulic \u00eentr-o singur\u0103 direc\u021bie) sau cu ac\u021biune dubl\u0103 (utiliza\u021bi hidraulic \u00een dou\u0103 direc\u021bii). Cilindrii pot fi selecta\u021bi \u00een func\u021bie de nevoi pentru a satisface diferite cerin\u021be opera\u021bionale, unele modele fiind telescopice, permi\u021b\u00e2nd o extindere mai mare f\u0103r\u0103 a cre\u0219te dimensiunile exterioare, potrivi\u021bi pentru aplica\u021bii cu spa\u021biu limitat.<\/li>\n<li>\u00cenlocuitor perfect pentru cilindrul hidraulic: produsul nostru poate \u00eenlocui perfect ace\u0219ti cilindri hidraulici.<\/li>\n<\/ul>\n<p><img decoding=\"async\" src=\"https:\/\/www.hydraulic-cylinders.net\/wp-content\/uploads\/2025\/01\/songte-cylinder-head-with-all-kinds-excavator-models.webp\" alt=\"Imaginea cilindrului cupei\"><\/p>\n<h2>Aplica\u021bii<\/h2>\n<p>Cilindrul cupei pentru excavatorul mic Komatsu PC55 55UU are diverse aplica\u021bii \u00een diferite domenii:<\/p>\n<ul>\n<li>Echipamente de construc\u021bii: utilizate pe scar\u0103 larg\u0103 \u00een excavatoare pentru s\u0103parea, \u00eenc\u0103rcarea \u0219i mutarea solului sau a resturilor, \u00een excavatoarele cu buldoexcavatoare, cilindrii cupei ajut\u0103 at\u00e2t la excavare, c\u00e2t \u0219i la ridicare. <\/li>\n<li>Ma\u0219ini agricole: utilizate pentru \u00eenc\u0103rc\u0103toare frontale, ridicarea, ridicarea \u0219i transportul solului, f\u00e2nului \u0219i altor materiale; la excavatoare, cilindrii cupei permit ac\u021biunea de s\u0103pare permi\u021b\u00e2nd cupei s\u0103 p\u0103trund\u0103 \u00een sol. <\/li>\n<li>\u00cenc\u0103rc\u0103toare: \u00een cazul \u00eenc\u0103rc\u0103toarelor frontale, acestea ajut\u0103 la ridicarea \u0219i \u00eenclinarea eficient\u0103 a m\u0103rfurilor. <\/li>\n<\/ul>\n<h2>Considera\u021bii de proiectare \u0219i criterii de selec\u021bie<\/h2>\n<p>Cilindrul cupei pentru excavatorul mic Komatsu PC55 55UU a luat \u00een considerare urm\u0103toarele considera\u021bii de proiectare:<\/p>\n<ul>\n<li>Capacitate portant\u0103: capabil\u0103 s\u0103 reziste la sarcina \u0219i presiunea din mediul de func\u021bionare.<\/li>\n<li>Eficien\u021ba etan\u0219\u0103rii: Utilizarea diverselor garnituri, cum ar fi garniturile pistonului \u0219i ale tijei, cu materiale rezistente la uzur\u0103, utilizarea unui proces avansat de acoperire a corpului cilindrului \u0219i a suprafe\u021bei capetelor filetate pentru a \u00eembun\u0103t\u0103\u021bi rezisten\u021ba la uzur\u0103 \u0219i lubrifierea regulat\u0103 cu ulei hidraulic pentru o etan\u0219are \u0219i o lubrifiere eficiente.<\/li>\n<li>Durabilitate: Capabil s\u0103 reziste la condi\u021bii dure de munc\u0103, folosind materiale de \u00eenalt\u0103 rezisten\u021b\u0103 \u0219i proiectat av\u00e2nd \u00een vedere rezisten\u021ba la uzur\u0103 \u0219i coroziune, prelungind durata de via\u021b\u0103 a produsului.<\/li>\n<li>Siguran\u021b\u0103: Respectarea cu stricte\u021be a standardelor \u0219i reglement\u0103rilor de siguran\u021b\u0103, asigurarea m\u0103surilor \u0219i procedurilor de siguran\u021b\u0103 pentru utilizatori \u0219i asigurarea siguran\u021bei utilizatorilor \u00een timpul func\u021bion\u0103rii.<\/li>\n<li>\u00centre\u021binere: \u00centre\u021binere u\u0219oar\u0103, folosind componente de \u00eenalt\u0103 calitate \u0219i \u00eentre\u021binere \u0219i inspec\u021bie regulat\u0103 pentru a prelungi durata de via\u021b\u0103 a produsului.<\/li>\n<\/ul>\n<p><img decoding=\"async\" src=\"https:\/\/www.hydraulic-cylinders.net\/wp-content\/uploads\/2025\/01\/songte-oil-pipes-and-spare-parts.webp\" alt=\"Imaginea cilindrului cupei\"><\/p>\n<h2>Etan\u0219are \u0219i lubrifiere<\/h2>\n<p>Cilindrul cupei pentru excavatorul mic Komatsu PC55 55UU utilizeaz\u0103 diverse garnituri, cum ar fi garnituri de piston \u0219i garnituri de tij\u0103, din materiale rezistente la uzur\u0103, iar corpul cilindrului \u0219i suprafa\u021ba filetat\u0103 a cap\u0103tului sunt supuse unui proces de tratament fin pentru a \u00eembun\u0103t\u0103\u021bi rezisten\u021ba la uzur\u0103. Lubrifierea regulat\u0103 cu ulei hidraulic poate lubrifia eficient cilindrul \u0219i poate asigura eficacitatea etan\u0219\u0103rii produsului.<\/p>\n<h2>\u00centre\u021binere \u0219i repara\u021bii<\/h2>\n<p>Inspec\u021bia regulat\u0103 \u0219i \u00eentre\u021binerea preventiv\u0103 pot ajuta la prelungirea duratei de via\u021b\u0103 a cilindrului cupei. Sarcinile comune de \u00eentre\u021binere includ:<\/p>\n<ul>\n<li>Inspec\u021bie regulat\u0103<\/li>\n<li>Lubrifiere adecvat\u0103<\/li>\n<li>\u00cenlocuirea garniturii<\/li>\n<li>Verificare calibrare<\/li>\n<\/ul>\n<p>Instalarea corect\u0103 a cilindrului cupei este, de asemenea, esen\u021bial\u0103 \u0219i recomand\u0103m utilizarea consolelor de instalare adecvate pentru fixarea cilindrului. Alinierea corect\u0103 a cilindrului este necesar\u0103 \u00een timpul instal\u0103rii. Oferim proceduri recomandate de inspec\u021bie, reparare \u0219i \u00eenlocuire, \u00eenlocuirea pieselor \u0219i servicii de reconstruc\u021bie pentru a ajuta la prelungirea duratei de via\u021b\u0103 a produsului.<\/p>\n<p><img decoding=\"async\" src=\"https:\/\/www.hydraulic-cylinders.net\/wp-content\/uploads\/2025\/01\/songte-chushion-collar.webp\" alt=\"Imaginea cilindrului cupei\"><\/p>\n<h2>Considera\u021bii privind siguran\u021ba \u0219i mediul<\/h2>\n<p>La utilizarea cilindrului cupei, trebuie respectate cu stricte\u021be m\u0103surile de siguran\u021b\u0103 pentru a preveni accidentele \u0219i a asigura siguran\u021ba utilizatorilor. \u00cen timpul func\u021bion\u0103rii, trebuie purtat echipament de protec\u021bie adecvat. Considera\u021biile de mediu includ eliminarea corect\u0103 a de\u0219eurilor \u0219i respectarea reglement\u0103rilor de mediu \u00een timpul produc\u021biei \u0219i utiliz\u0103rii.<\/p>\n<h2>Depanare \u0219i probleme frecvente<\/h2>\n<p>Cilindrul cupei pentru excavatorul mic Komatsu PC55 55UU poate \u00eent\u00e2mpina unele probleme comune \u00een timpul utiliz\u0103rii, cum ar fi scurgeri, uzur\u0103 \u0219i performan\u021be reduse. Diagnosticarea corect\u0103 \u0219i m\u0103surile preventive pot ajuta la minimizarea \u0219i prevenirea acestor probleme \u0219i pot asigura func\u021bionarea corect\u0103 a produsului. Oferim sfaturi \u0219i solu\u021bii de depanare pentru a ajuta cititorii s\u0103 diagnosticheze \u0219i s\u0103 rezolve problemele \u0219i s\u0103 sugereze m\u0103suri preventive.<\/p>\n<p><img decoding=\"async\" src=\"https:\/\/www.hydraulic-cylinders.net\/wp-content\/uploads\/2025\/01\/songte-bushings-with-all-kinds-of-excavator-models.webp\" alt=\"Imaginea cilindrului cupei\"><\/p>\n<h2>Despre compania noastr\u0103<\/h2>\n<p>Suntem produc\u0103tori de cilindri hidraulici de schimb, cu o gam\u0103 complet\u0103 de produse, devenind unul dintre principalii produc\u0103tori \u0219i distribuitori angro de cilindri hidraulici pe pie\u021bele interne \u0219i interna\u021bionale. Ader\u0103m la principiul calit\u0103\u021bii excelente, ne baz\u0103m pe ateliere de produc\u021bie de \u00eenalt\u0103 calitate pentru strategii industrializate de management al produc\u021biei \u0219i \u00eembun\u0103t\u0103\u021bim continuu platforma de produc\u021bie a atelierului prin utilizarea talentelor tehnice, a echipamentelor digitale de produc\u021bie de ultim\u0103 genera\u021bie \u0219i a sistemelor de testare profesionale. Avem o creativitate puternic\u0103 \u0219i, cu principiile eficien\u021bei ridicate, preciziei ridicate \u0219i calit\u0103\u021bii \u00eenalte, putem satisface nevoile diverse ale clien\u021bilor. <\/p>\n<p><img decoding=\"async\" src=\"https:\/\/hzpt.com\/wp-content\/uploads\/2024\/11\/songte-company-1.webp\" alt=\"Imaginea cilindrului cupei\"><\/p>\n<h3>Profesionalism<\/h3>\n<p>Avem o echip\u0103 de profesioni\u0219ti cu o vast\u0103 experien\u021b\u0103 \u00een domeniul produselor hidraulice pentru a oferi clien\u021bilor solu\u021bii \u0219i servicii de \u00eenalt\u0103 calitate.<\/p>\n<h3>Certificare interna\u021bional\u0103<\/h3>\n<p>Produsele noastre au trecut certific\u0103ri interna\u021bionale, precum CE, ISO9001 \u0219i SGS, asigur\u00e2nd calitatea \u0219i siguran\u021ba produselor.<\/p>\n<h3>Servicii de personalizare<\/h3>\n<p>Oferim servicii personalizate pentru a satisface nevoile unice ale clien\u021bilor, produse \u0219i solu\u021bii personalizate pentru a le oferi cea mai bun\u0103 experien\u021b\u0103.<\/p>\n<h3>Echipamente de produc\u021bie<\/h3>\n<p>Folosim echipamente de fabrica\u021bie avansate \u0219i de ultim\u0103 genera\u021bie pentru a asigura calitatea \u0219i performan\u021ba produselor noastre.<\/p>\n<h3>Serviciu post-v\u00e2nzare<\/h3>\n<p>Oferim servicii complete post-v\u00e2nzare, cum ar fi asisten\u021b\u0103 tehnic\u0103, \u00eentre\u021binere, repara\u021bii, \u00eenlocuire de piese \u0219i servicii de reconstruc\u021bie.<\/p>\n<p>Autor: lyl<\/p>","protected":false},"excerpt":{"rendered":"<p>Bucket Cylinder For Komatsu Small Excavator PC55 55UU Introduction The bucket cylinder for Komatsu small excavator PC55 55UU is a specialized hydraulic cylinder mainly used to control the movement of the bucket in heavy machinery, such as excavators, backhoe excavators, and front loaders. Its primary function is to allow the bucket to lift, lower, and [&hellip;]<\/p>","protected":false},"featured_media":14769,"comment_status":"open","ping_status":"closed","template":"","meta":{"_et_pb_use_builder":"","_et_pb_old_content":"","_et_gb_content_width":""},"product_brand":[],"product_cat":[1494],"product_tag":[1495,1496],"class_list":{"0":"post-15128","1":"product","2":"type-product","3":"status-publish","4":"has-post-thumbnail","6":"product_cat-bucket-cylinders","7":"product_tag-bucket-cylinders","8":"product_tag-hydraulic-cylinders","10":"first","11":"instock","12":"shipping-taxable","13":"product-type-simple"},"amp_enabled":true,"_links":{"self":[{"href":"https:\/\/www.hydraulic-cylinders.net\/ro\/wp-json\/wp\/v2\/product\/15128","targetHints":{"allow":["GET"]}}],"collection":[{"href":"https:\/\/www.hydraulic-cylinders.net\/ro\/wp-json\/wp\/v2\/product"}],"about":[{"href":"https:\/\/www.hydraulic-cylinders.net\/ro\/wp-json\/wp\/v2\/types\/product"}],"replies":[{"embeddable":true,"href":"https:\/\/www.hydraulic-cylinders.net\/ro\/wp-json\/wp\/v2\/comments?post=15128"}],"wp:featuredmedia":[{"embeddable":true,"href":"https:\/\/www.hydraulic-cylinders.net\/ro\/wp-json\/wp\/v2\/media\/14769"}],"wp:attachment":[{"href":"https:\/\/www.hydraulic-cylinders.net\/ro\/wp-json\/wp\/v2\/media?parent=15128"}],"wp:term":[{"taxonomy":"product_brand","embeddable":true,"href":"https:\/\/www.hydraulic-cylinders.net\/ro\/wp-json\/wp\/v2\/product_brand?post=15128"},{"taxonomy":"product_cat","embeddable":true,"href":"https:\/\/www.hydraulic-cylinders.net\/ro\/wp-json\/wp\/v2\/product_cat?post=15128"},{"taxonomy":"product_tag","embeddable":true,"href":"https:\/\/www.hydraulic-cylinders.net\/ro\/wp-json\/wp\/v2\/product_tag?post=15128"}],"curies":[{"name":"wp","href":"https:\/\/api.w.org\/{rel}","templated":true}]}}