{"id":15131,"date":"2025-01-19T14:08:35","date_gmt":"2025-01-19T14:08:35","guid":{"rendered":"https:\/\/www.hydraulic-cylinders.net\/product\/bucket-cylinder-for-komatsu-small-excavator-pc130-8mo-hb205-1mo-hb2152c-1mo\/"},"modified":"2025-01-19T14:08:43","modified_gmt":"2025-01-19T14:08:43","slug":"bucket-cylinder-for-komatsu-small-excavator-pc130-8mo-hb205-1mo-hb2152c-1mo","status":"publish","type":"product","link":"https:\/\/www.hydraulic-cylinders.net\/ro\/produs\/bucket-cylinder-for-komatsu-small-excavator-pc130-8mo-hb205-1mo-hb2152c-1mo\/","title":{"rendered":"Cilindru cup\u0103 pentru excavator mic Komatsu PC130-8MO.HB205-1MO.HB2152C-1MO"},"content":{"rendered":"<h1>Cilindru cup\u0103 pentru excavator mic Komatsu PC130-8MO.HB205-1MO.HB2152C-1MO<\/h1>\n<h2>Introducere<\/h2>\n<p>Un cilindru al cupei este un cilindru hidraulic special conceput, utilizat \u00een principal pentru a controla mi\u0219carea cupelor \u00een utilaje grele, cum ar fi excavatoarele, \u00eenc\u0103rc\u0103toarele excavatoare \u0219i \u00eenc\u0103rc\u0103toarele frontale. Func\u021bia sa principal\u0103 este de a permite ridicarea, cobor\u00e2rea \u0219i \u00eenclinarea cupei, facilit\u00e2nd gestionarea diverselor sarcini de manipulare a materialelor. \u00cen sistemul hidraulic, cilindrul cupei realizeaz\u0103 un control precis al cupei prin modificarea presiunii uleiului hidraulic, permi\u021b\u00e2nd operatorilor s\u0103 manipuleze eficient obiecte grele, s\u0103 se adapteze la medii de lucru complexe \u0219i la diverse cerin\u021be opera\u021bionale.<\/p>\n<p><img decoding=\"async\" src=\"https:\/\/www.hydraulic-cylinders.net\/wp-content\/uploads\/2025\/01\/songte-company-2.webp\" alt=\"Imaginea cilindrului cupei\"><\/p>\n<h2>Caracteristici<\/h2>\n<ul>\n<li>Rezisten\u021b\u0103 \u0219i durabilitate ridicate: Fabricate de obicei din o\u021bel sau aluminiu de \u00eenalt\u0103 rezisten\u021b\u0103, pot rezista la presiuni ridicate \u0219i sarcini grele \u0219i sunt proiectate av\u00e2nd \u00een vedere rezisten\u021ba la uzur\u0103 \u0219i la coroziune, prelungindu-i durata de via\u021b\u0103.<\/li>\n<li>Func\u021bionare hidraulic\u0103 eficient\u0103: Prin utilizarea presiunii uleiului hidraulic pentru a ob\u021bine o extensie \u0219i o contrac\u021bie lin\u0103, acesta poate r\u0103spunde rapid la comenzile de control, oferind o for\u021b\u0103 puternic\u0103 de \u00eempingere \u0219i tragere, potrivit\u0103 pentru manipularea obiectelor grele \u0219i a sarcinilor de lucru complexe.<\/li>\n<li>Diverse tipuri: Cilindrii cu ac\u021biune simpl\u0103 (sistem hidraulic utilizat doar \u00eentr-o singur\u0103 direc\u021bie) sau cu ac\u021biune dubl\u0103 (sistem hidraulic utilizat \u00een ambele direc\u021bii) pot fi selecta\u021bi \u00een func\u021bie de nevoi pentru a satisface diferite cerin\u021be opera\u021bionale. Unele modele sunt telescopice, permi\u021b\u00e2nd o extensie mai mare f\u0103r\u0103 a cre\u0219te dimensiunile exterioare, ceea ce le face potrivite pentru aplica\u021bii cu spa\u021biu limitat.<\/li>\n<li>\u00cenlocuire perfect\u0103: Produsul nostru poate \u00eenlocui perfect ace\u0219ti cilindri hidraulici, cu o gam\u0103 larg\u0103 de modele compatibile.<\/li>\n<\/ul>\n<p><img decoding=\"async\" src=\"https:\/\/www.hydraulic-cylinders.net\/wp-content\/uploads\/2025\/01\/songte-cylinder-head-with-all-kinds-excavator-models.webp\" alt=\"Imagine de \u00eenlocuire a cilindrului cupei\"><\/p>\n<h2>Aplica\u021bie<\/h2>\n<p>Cilindrii cu cup\u0103 sunt utiliza\u021bi pe scar\u0103 larg\u0103 \u00een utilaje de construc\u021bii, agricultur\u0103 \u0219i excava\u021bii. Mai jos sunt c\u00e2teva dintre aplica\u021biile lor importante:<\/p>\n<h3>Echipamente de construc\u021bii<\/h3>\n<p>Cilindrii cupei sunt esen\u021biali pentru s\u0103parea, \u00eenc\u0103rcarea \u0219i mutarea solului sau a resturilor \u00een excavatoare. \u00cen cazul \u00eenc\u0103rc\u0103toarelor basculante, cilindrii cupei ajut\u0103 at\u00e2t la s\u0103pare, c\u00e2t \u0219i la ridicare. <\/p>\n<h3>Ma\u0219ini agricole<\/h3>\n<p>Sunt utilizate pentru \u00eenc\u0103rc\u0103toare frontale, pentru scobere, ridicare \u0219i transportul solului, f\u00e2nului \u0219i altor materiale.<\/p>\n<h3>Excavatoare<\/h3>\n<p>Cilindrii cupei permit ac\u021biunea de s\u0103pare permi\u021b\u00e2nd cupei s\u0103 p\u0103trund\u0103 \u00een sol.<\/p>\n<h3>\u00cenc\u0103rc\u0103toare<\/h3>\n<p>\u00cen cazul \u00eenc\u0103rc\u0103toarelor frontale, acestea ajut\u0103 la ridicarea \u0219i desc\u0103rcarea eficient\u0103 a \u00eenc\u0103rc\u0103turii.<\/p>\n<p><img decoding=\"async\" src=\"https:\/\/www.hydraulic-cylinders.net\/wp-content\/uploads\/2025\/01\/songte-bushings-with-all-kinds-of-excavator-models.webp\" alt=\"Imaginea aplica\u021biei cilindrului cupei\"><\/p>\n<h2>Considera\u021bii de proiectare \u0219i criterii de selec\u021bie<\/h2>\n<p>Cilindrii cupei sunt componente cruciale \u00een utilajele grele, a\u0219adar criteriile lor de proiectare \u0219i selec\u021bie ar trebui luate \u00een considerare pentru o performan\u021b\u0103 optim\u0103. C\u00e2teva considera\u021bii importante includ:<\/p>\n<h3>Capacitate portant\u0103<\/h3>\n<p>Cilindrul trebuie s\u0103 poat\u0103 rezista la sarcinile grele tipice utilajelor de construc\u021bii \u0219i excava\u021bii. <\/p>\n<h3>Etan\u0219are \u0219i durabilitate<\/h3>\n<p>Garniturile precum garniturile pistonului \u0219i garniturile tijei, fabricate din materiale rezistente la uzur\u0103, precum poliuretanul \u0219i cauciucul nitrilic, trebuie selectate pentru a asigura durabilitatea. De asemenea, corpul cilindrului \u0219i suprafe\u021bele filetate ale cap\u0103tului trebuie prelucrate fin pentru a \u00eembun\u0103t\u0103\u021bi rezisten\u021ba la uzur\u0103. <\/p>\n<h3>Siguran\u021b\u0103 \u0219i \u00eentre\u021binere<\/h3>\n<p>Componentele cilindrului cupei trebuie asamblate \u0219i \u00eentre\u021binute pentru a asigura func\u021bionarea \u00een siguran\u021b\u0103 \u0219i a preveni accidentele. \u00centre\u021binerea regulat\u0103, cum ar fi lubrifierea, \u00eenlocuirea garniturilor \u0219i verific\u0103rile de calibrare, trebuie efectuat\u0103 pentru a asigura o performan\u021b\u0103 optim\u0103.<\/p>\n<p><img decoding=\"async\" src=\"https:\/\/www.hydraulic-cylinders.net\/wp-content\/uploads\/2025\/01\/songte-oil-pipes-and-spare-parts.webp\" alt=\"Imagine de design a cilindrului cu g\u0103leat\u0103\"><\/p>\n<h2>Etan\u0219are \u0219i lubrifiere<\/h2>\n<p>Cilindrii cupei necesit\u0103 diverse piese de etan\u0219are, cum ar fi etan\u0219\u0103rile pistonului \u0219i etan\u0219\u0103rile tijei, care sunt fabricate din materiale rezistente la uzur\u0103, precum poliuretanul \u0219i cauciucul nitrilic. Corpul cilindrului \u0219i suprafe\u021bele filetate ale cap\u0103tului sunt, de asemenea, prelucrate fin pentru a \u00eembun\u0103t\u0103\u021bi rezisten\u021ba la uzur\u0103. Ad\u0103ugarea regulat\u0103 de ulei hidraulic adecvat este important\u0103 pentru a asigura lubrifierea.<\/p>\n<h2>\u00centre\u021binere \u0219i repara\u021bii<\/h2>\n<p>\u00centre\u021binerea corect\u0103 a cilindrilor cupei este crucial\u0103 pentru performan\u021ba \u0219i longevitatea lor optime. Verific\u0103ri regulate, lubrifiere, \u00eenlocuire a garniturilor \u0219i verific\u0103ri ale calibr\u0103rii trebuie efectuate pentru a asigura o performan\u021b\u0103 optim\u0103. <\/p>\n<h2>Instruc\u021biuni de instalare<\/h2>\n<p>Instalarea corect\u0103 este esen\u021bial\u0103 pentru func\u021bionarea corect\u0103 a cilindrilor cupei. Trebuie luate \u00een considerare urm\u0103toarele sfaturi:<\/p>\n<ul>\n<li>Asigura\u021bi alinierea corect\u0103 a cilindrului cu echipamentul<\/li>\n<li>Folosi\u021bi suporturi de montare adecvate pentru fixarea cilindrului<\/li>\n<li>Urma\u021bi procedurile recomandate de inspec\u021bie, reparare \u0219i \u00eenlocuire<\/li>\n<li>Folosi\u021bi piesele corecte \u0219i solicita\u021bi servicii de reconstruc\u021bie pentru a \u00eembun\u0103t\u0103\u021bi longevitatea cilindrului.<\/li>\n<\/ul>\n<p><img decoding=\"async\" src=\"https:\/\/www.hydraulic-cylinders.net\/wp-content\/uploads\/2025\/01\/songte-chushion-collar.webp\" alt=\"Imagine de instalare a cilindrului cupei\"><\/p>\n<h2>Considera\u021bii de siguran\u021b\u0103 \u0219i factori de mediu<\/h2>\n<p>Cilindrii cupei trebuie instala\u021bi \u0219i \u00eentre\u021binu\u021bi \u00een conformitate cu instruc\u021biunile produc\u0103torului pentru a asigura siguran\u021ba. Factorii de mediu precum vremea, temperatura \u0219i umiditatea pot afecta performan\u021ba cilindrului, a\u0219adar trebuie efectuate verific\u0103ri regulate de \u00eentre\u021binere pentru a asigura o performan\u021b\u0103 optim\u0103.<\/p>\n<h2>Depanare \u0219i probleme frecvente<\/h2>\n<p>Printre problemele comune cu care se pot confrunta cilindrii cupei se num\u0103r\u0103 scurgerile, performan\u021ba slab\u0103 \u0219i uzura. Pentru a depana aceste probleme, este important s\u0103 diagnostica\u021bi corect problema \u0219i s\u0103 utiliza\u021bi metodele adecvate de reparare \u0219i \u00eenlocuire. M\u0103surile preventive, cum ar fi \u00eentre\u021binerea regulat\u0103 \u0219i \u00eenlocuirea pieselor uzate, pot ajuta la minimizarea poten\u021bialelor probleme.<\/p>\n<p><img decoding=\"async\" src=\"https:\/\/hzpt.com\/wp-content\/uploads\/2024\/11\/songte-company-1.webp\" alt=\"Imagine de depanare a cilindrului cupei\"><\/p>\n<h2>Despre compania noastr\u0103<\/h2>\n<p>Suntem produc\u0103tori de cilindri hidraulici de schimb \u0219i un produc\u0103tor \u0219i distribuitor angro de top de cilindri hidraulici pe pie\u021bele interne \u0219i interna\u021bionale. Urm\u0103m strategia de management al produc\u021biei industriale bazat\u0103 pe o calitate excelent\u0103, baz\u00e2ndu-ne pe aplicarea talentelor tehnice, echipamente digitale de produc\u021bie de ultim\u0103 genera\u021bie \u0219i sisteme profesionale de testare. Continu\u0103m s\u0103 \u00eembun\u0103t\u0103\u021bim platforma de produc\u021bie a atelierului, s\u0103 \u00eembun\u0103t\u0103\u021bim linia de produc\u021bie a calit\u0103\u021bii produselor \u0219i avem o capacitate puternic\u0103 de crea\u021bie pentru a satisface nevoile diverse ale clien\u021bilor, baz\u00e2ndu-ne pe principiile eficien\u021bei ridicate, preciziei ridicate \u0219i calit\u0103\u021bii superioare.<\/p>\n<p><img decoding=\"async\" src=\"https:\/\/www.hydraulic-cylinders.net\/wp-content\/uploads\/2025\/01\/songte-company-3.webp\" alt=\"Despre imaginea companiei noastre\"><\/p>\n<h3>Profesionalism<\/h3>\n<p>Avem o echip\u0103 de profesioni\u0219ti dedica\u021bi furniz\u0103rii de servicii \u0219i asisten\u021b\u0103 de calitate.<\/p>\n<h3>Certificare interna\u021bional\u0103<\/h3>\n<p>Produsele noastre au ob\u021binut certific\u0103ri interna\u021bionale, garant\u00e2nd c\u0103 \u00eendeplinesc cele mai \u00eenalte standarde de calitate.<\/p>\n<h3>Personalizare<\/h3>\n<p>Suntem capabili de personalizare pentru a satisface cerin\u021bele individuale ale clien\u021bilor.<\/p>\n<h3>Echipamente de produc\u021bie<\/h3>\n<p>Folosim echipamente de ultim\u0103 genera\u021bie pentru a produce produsele noastre, asigur\u00e2nd performan\u021be optime \u0219i o durat\u0103 de via\u021b\u0103 lung\u0103.<\/p>\n<h3>Serviciu post-v\u00e2nzare<\/h3>\n<p>Oferim servicii post-v\u00e2nzare pentru a ne asigura c\u0103 clien\u021bii no\u0219tri sunt mul\u021bumi\u021bi de produsele \u0219i serviciile noastre.<\/p>\n<p>Autor: lyl<\/p>","protected":false},"excerpt":{"rendered":"<p>Bucket Cylinder For Komatsu Small Excavator PC130-8MO.HB205-1MO.HB2152C-1MO Introduction A bucket cylinder is a specially designed hydraulic cylinder, mainly used to control the movement of buckets in heavy machinery such as excavators, backhoe loaders, and front-end loaders. Its main function is to enable the bucket to lift, lower, and tilt, making it easier to handle various [&hellip;]<\/p>","protected":false},"featured_media":14761,"comment_status":"open","ping_status":"closed","template":"","meta":{"_et_pb_use_builder":"","_et_pb_old_content":"","_et_gb_content_width":""},"product_brand":[],"product_cat":[1494],"product_tag":[1495,1496],"class_list":{"0":"post-15131","1":"product","2":"type-product","3":"status-publish","4":"has-post-thumbnail","6":"product_cat-bucket-cylinders","7":"product_tag-bucket-cylinders","8":"product_tag-hydraulic-cylinders","10":"first","11":"instock","12":"shipping-taxable","13":"product-type-simple"},"amp_enabled":true,"_links":{"self":[{"href":"https:\/\/www.hydraulic-cylinders.net\/ro\/wp-json\/wp\/v2\/product\/15131","targetHints":{"allow":["GET"]}}],"collection":[{"href":"https:\/\/www.hydraulic-cylinders.net\/ro\/wp-json\/wp\/v2\/product"}],"about":[{"href":"https:\/\/www.hydraulic-cylinders.net\/ro\/wp-json\/wp\/v2\/types\/product"}],"replies":[{"embeddable":true,"href":"https:\/\/www.hydraulic-cylinders.net\/ro\/wp-json\/wp\/v2\/comments?post=15131"}],"wp:featuredmedia":[{"embeddable":true,"href":"https:\/\/www.hydraulic-cylinders.net\/ro\/wp-json\/wp\/v2\/media\/14761"}],"wp:attachment":[{"href":"https:\/\/www.hydraulic-cylinders.net\/ro\/wp-json\/wp\/v2\/media?parent=15131"}],"wp:term":[{"taxonomy":"product_brand","embeddable":true,"href":"https:\/\/www.hydraulic-cylinders.net\/ro\/wp-json\/wp\/v2\/product_brand?post=15131"},{"taxonomy":"product_cat","embeddable":true,"href":"https:\/\/www.hydraulic-cylinders.net\/ro\/wp-json\/wp\/v2\/product_cat?post=15131"},{"taxonomy":"product_tag","embeddable":true,"href":"https:\/\/www.hydraulic-cylinders.net\/ro\/wp-json\/wp\/v2\/product_tag?post=15131"}],"curies":[{"name":"wp","href":"https:\/\/api.w.org\/{rel}","templated":true}]}}