{"id":15132,"date":"2025-01-19T14:08:45","date_gmt":"2025-01-19T14:08:45","guid":{"rendered":"https:\/\/www.hydraulic-cylinders.net\/product\/bucket-cylinder-for-komatsu-middle-excavator-pc150-5\/"},"modified":"2025-01-19T14:08:47","modified_gmt":"2025-01-19T14:08:47","slug":"bucket-cylinder-for-komatsu-middle-excavator-pc150-5","status":"publish","type":"product","link":"https:\/\/www.hydraulic-cylinders.net\/ro\/produs\/bucket-cylinder-for-komatsu-middle-excavator-pc150-5\/","title":{"rendered":"Cilindru cup\u0103 pentru excavatorul Komatsu PC150-5"},"content":{"rendered":"<h1>Cilindru cup\u0103 pentru excavatorul Komatsu PC150-5<\/h1>\n<h2>Introducere<\/h2>\n<p>Cilindrul cupei pentru excavatorul Komatsu PC150-5 este un cilindru hidraulic special conceput pentru a controla mi\u0219carea cupei \u00een utilaje grele, cum ar fi excavatoarele, excavatoarele \u0219i \u00eenc\u0103rc\u0103toarele frontale. Func\u021bia sa principal\u0103 este de a permite ridicarea, cobor\u00e2rea \u0219i \u00eenclinarea cupei, facilit\u00e2nd gestionarea diverselor sarcini de manipulare a materialelor. \u00cen sistemul hidraulic, cilindrul cupei realizeaz\u0103 un control precis al mi\u0219c\u0103rii cupei prin modific\u0103ri ale presiunii uleiului hidraulic, permi\u021b\u00e2nd operatorului s\u0103 manipuleze eficient obiecte grele \u0219i s\u0103 se adapteze la medii de lucru complexe \u0219i cerin\u021be diverse ale lucr\u0103rii.<\/p>\n<p><img decoding=\"async\" src=\"https:\/\/www.hydraulic-cylinders.net\/wp-content\/uploads\/2025\/01\/songte-company-2.webp\"><\/p>\n<h2>Caracteristici<\/h2>\n<ul>\n<li>Rezisten\u021b\u0103 \u0219i durabilitate ridicate: fabricate de obicei din o\u021bel sau aluminiu de \u00eenalt\u0103 rezisten\u021b\u0103, capabile s\u0103 reziste la presiuni ridicate \u0219i sarcini grele, adaptate la medii de lucru dure \u0219i proiectate s\u0103 ia \u00een considerare rezisten\u021ba la uzur\u0103 \u0219i coroziune pentru a prelungi durata de via\u021b\u0103.<\/li>\n<li>Func\u021bionare hidraulic\u0103 eficient\u0103: mi\u0219care lin\u0103 de extensie \u0219i contrac\u021bie ob\u021binut\u0103 prin utilizarea presiunii uleiului hidraulic, poate r\u0103spunde rapid la comenzile de control, ofer\u0103 o for\u021b\u0103 puternic\u0103 de \u00eempingere \u0219i tragere, potrivit\u0103 pentru manipularea obiectelor grele \u0219i a sarcinilor complexe.<\/li>\n<li>Diverse tipuri: cilindrii cu ac\u021biune simpl\u0103 (utiliza\u021bi hidraulic doar \u00eentr-o singur\u0103 direc\u021bie) sau cu ac\u021biune dubl\u0103 (utiliza\u021bi hidraulic \u00een ambele direc\u021bii) pot fi selecta\u021bi \u00een func\u021bie de nevoi pentru a satisface diferite nevoi de func\u021bionare, iar unele modele sunt telescopice, permi\u021b\u00e2nd o extensie mai mare f\u0103r\u0103 a cre\u0219te dimensiunile exterioare, potrivite pentru aplica\u021bii cu spa\u021biu limitat.<\/li>\n<li>Interschimbabile: produsele noastre pot \u00eenlocui perfect ace\u0219ti cilindri hidraulici.<\/li>\n<li>Personalizabil: putem fabrica cilindrul cupei conform cerin\u021belor clientului.<\/li>\n<\/ul>\n<p><img decoding=\"async\" src=\"https:\/\/www.hydraulic-cylinders.net\/wp-content\/uploads\/2025\/01\/songte-cylinder-head-with-all-kinds-excavator-models.webp\"><\/p>\n<h2>Aplica\u021bii<\/h2>\n<p>Cilindrul cu cup\u0103 are o gam\u0103 larg\u0103 de aplica\u021bii \u00een diverse industrii, inclusiv:<\/p>\n<ul>\n<li>Echipamente de construc\u021bii: excavatoarele, excavatoarele \u0219i \u00eenc\u0103rc\u0103toarele frontale se bazeaz\u0103 pe cilindrul cupei pentru s\u0103pare, \u00eenc\u0103rcare \u0219i mutarea solului sau a resturilor.<\/li>\n<li>Ma\u0219ini agricole: utilizate \u00een \u00eenc\u0103rc\u0103toarele frontale pentru scobere, ridicare \u0219i transportul solului, f\u00e2nului \u0219i altor materiale.<\/li>\n<li>Excavatoare: cilindrii cupei permit ac\u021biunea de excavare permi\u021b\u00e2nd cupei s\u0103 p\u0103trund\u0103 \u00een sol.<\/li>\n<li>\u00cenc\u0103rc\u0103toare: \u00een \u00eenc\u0103rc\u0103toarele frontale, acestea ajut\u0103 la ridicarea \u0219i \u00eenclinarea eficient\u0103 a \u00eenc\u0103rc\u0103turii.<\/li>\n<\/ul>\n<h2>Considera\u021bii de proiectare \u0219i criterii de selec\u021bie<\/h2>\n<p>Considera\u021biile de proiectare a cilindrului cupei includ capacitatea portant\u0103, etan\u0219area, durabilitatea, siguran\u021ba \u0219i mentenan\u021ba. Considera\u021biile cheie de proiectare sunt:<\/p>\n<ul>\n<li>Capacitate portant\u0103: cilindrul trebuie s\u0103 reziste la sarcini mari f\u0103r\u0103 deformare sau rupere.<\/li>\n<li>Etan\u0219are: diverse componente de etan\u0219are, cum ar fi etan\u0219\u0103rile pistonului \u0219i etan\u0219\u0103rile tijei, sunt utilizate pentru a preveni scurgerile de ulei \u0219i a men\u021bine presiunea \u00een sistem.<\/li>\n<li>Durabilitate: cilindrul trebuie s\u0103 reziste la medii de lucru dure \u0219i la uzur\u0103 \u0219i coroziune.<\/li>\n<li>Siguran\u021b\u0103: m\u0103suri precum utilizarea supapelor de siguran\u021b\u0103 \u0219i a dispozitivelor de protec\u021bie la suprasarcin\u0103 sunt necesare pentru a asigura o func\u021bionare \u00een siguran\u021b\u0103.<\/li>\n<li>\u00centre\u021binere: cilindrul trebuie s\u0103 fie u\u0219or de dezasamblat, cur\u0103\u021bat, inspectat \u0219i reasamblat pentru a facilita \u00eentre\u021binerea \u0219i repararea.<\/li>\n<\/ul>\n<p><img decoding=\"async\" src=\"https:\/\/www.hydraulic-cylinders.net\/wp-content\/uploads\/2025\/01\/songte-oil-pipes-and-spare-parts.webp\"><\/p>\n<h2>Etan\u0219are \u0219i lubrifiere<\/h2>\n<p>Cilindrul cupei utilizeaz\u0103 diverse tipuri de etan\u0219\u0103ri, cum ar fi etan\u0219\u0103ri pentru piston \u0219i etan\u0219\u0103ri pentru tij\u0103, fabricate din materiale rezistente la uzur\u0103, cum ar fi poliuretanul \u0219i cauciucul nitrilic, pentru a preveni scurgerile de ulei. Corpul cilindrului \u0219i suprafa\u021ba filetat\u0103 a cap\u0103tului sunt prelucrate fin pentru a \u00eembun\u0103t\u0103\u021bi rezisten\u021ba la uzur\u0103. Este necesar\u0103 ad\u0103ugarea regulat\u0103 a unei cantit\u0103\u021bi adecvate de ulei hidraulic pentru lubrifiere.<\/p>\n<h2>\u00centre\u021binere \u0219i repara\u021bii<\/h2>\n<p>Inspec\u021bia regulat\u0103 \u0219i \u00eentre\u021binerea preventiv\u0103 sunt necesare pentru a asigura func\u021bionarea fiabil\u0103 pe termen lung a cilindrului cupei. Sarcinile comune de \u00eentre\u021binere includ:<\/p>\n<ul>\n<li>Inspec\u021bie regulat\u0103: verifica\u021bi starea cilindrului, cum ar fi fisurile, uzura, deformarea \u0219i scurgerile.<\/li>\n<li>Lubrifiere adecvat\u0103: utiliza\u021bi lubrifiantul \u0219i vaselina adecvate \u0219i asigura\u021bi-v\u0103 c\u0103 acestea sunt ad\u0103ugate \u00een mod regulat.<\/li>\n<li>\u00cenlocuirea garniturilor: \u00eenlocui\u021bi imediat garniturile dac\u0103 prezint\u0103 semne de uzur\u0103 sau deteriorare.<\/li>\n<li>Verificarea calibr\u0103rii: verifica\u021bi presiunea buteliei \u0219i ajusta\u021bi-o dac\u0103 este necesar.<\/li>\n<\/ul>\n<p><img decoding=\"async\" src=\"https:\/\/www.hydraulic-cylinders.net\/wp-content\/uploads\/2025\/01\/songte-chushion-collar.webp\"><\/p>\n<h2>Considera\u021bii privind siguran\u021ba \u0219i mediul \u00eenconjur\u0103tor<\/h2>\n<p>C\u00e2nd se utilizeaz\u0103 cilindrul cupei, este esen\u021bial s\u0103 se respecte m\u0103surile de siguran\u021b\u0103 pentru a preveni accidentele, cum ar fi utilizarea echipamentului de protec\u021bie \u0219i montarea corect\u0103 a cilindrului. Considera\u021biile de mediu includ asigurarea faptului c\u0103 uleiul hidraulic utilizat \u00een cilindru este eliminat corespunz\u0103tor pentru a evita poluarea mediului.<\/p>\n<h2>Diagnosticarea \u0219i prevenirea defec\u021biunilor<\/h2>\n<p>Defec\u021biunile frecvente ale cilindrului cupei includ scurgeri de ulei, deteriorarea pistonului \u0219i a tijei \u0219i zgomotul anormal. Pentru a preveni aceste defec\u021biuni, sunt necesare inspec\u021bii \u0219i \u00eentre\u021binere regulate, iar repararea prompt\u0103 a oric\u0103ror defec\u021biuni este crucial\u0103.<\/p>\n<p><img decoding=\"async\" src=\"https:\/\/www.hydraulic-cylinders.net\/wp-content\/uploads\/2025\/01\/songte-bushings-with-all-kinds-of-excavator-models.webp\"><\/p>\n<h2>Despre compania noastr\u0103<\/h2>\n<p>Suntem produc\u0103tori de cilindri hidraulici care pot \u00eenlocui al\u021bi cilindri hidraulici. Compania noastr\u0103 ofer\u0103 o gam\u0103 larg\u0103 de produse \u0219i a devenit unul dintre principalii produc\u0103tori \u0219i distribuitori angro de cilindri hidraulici pe pie\u021bele interne \u0219i interna\u021bionale. Ader\u0103m la principiul calit\u0103\u021bii excelente \u0219i ne baz\u0103m pe strategii industrializate de management al produc\u021biei \u00een ateliere de produc\u021bie de \u00eenalt\u0103 calitate. \u00cembun\u0103t\u0103\u021bim continuu platforma de produc\u021bie, \u00eembun\u0103t\u0103\u021bim linia de produc\u021bie a calit\u0103\u021bii produselor \u0219i avem capacit\u0103\u021bi puternice de crea\u021bie pentru a satisface nevoile diverse ale clien\u021bilor no\u0219tri cu eficien\u021b\u0103 ridicat\u0103, precizie ridicat\u0103 \u0219i calitate superioar\u0103.<\/p>\n<ul>\n<li>Profesionalism: Avem o echip\u0103 de ingineri \u0219i tehnicieni cu experien\u021b\u0103 pentru a oferi servicii profesionale \u0219i asisten\u021b\u0103 clien\u021bilor no\u0219tri.<\/li>\n<li>Certific\u0103ri interna\u021bionale: Produsele noastre au trecut certific\u0103rile ISO9001, CE \u0219i SGS \u0219i sunt recunoscute de clien\u021bi din \u00eentreaga lume.<\/li>\n<li>Serviciu de personalizare: Putem personaliza produsele noastre \u00een func\u021bie de nevoile specifice ale clien\u021bilor no\u0219tri.<\/li>\n<li>Echipamente de produc\u021bie: Folosim echipamente de produc\u021bie avansate, cum ar fi ma\u0219ini CNC \u0219i robo\u021bi, pentru a asigura o calitate \u0219i o eficien\u021b\u0103 ridicate.<\/li>\n<li>Service post-v\u00e2nzare: Oferim servicii complete post-v\u00e2nzare, inclusiv \u00eentre\u021binere, repara\u021bii \u0219i \u00eenlocuire de piese, pentru a asigura satisfac\u021bia clien\u021bilor.<\/li>\n<\/ul>\n<p>Autor: lyl<\/p>","protected":false},"excerpt":{"rendered":"<p>Bucket Cylinder For Komatsu Middle Excavator PC150-5 Introduction The bucket cylinder for Komatsu Middle Excavator PC150-5 is a hydraulic cylinder specially designed to control the movement of the bucket in heavy machinery such as excavators, backhoes, and front loaders. Its main function is to enable the bucket to lift, lower, and tilt, making it easier [&hellip;]<\/p>","protected":false},"featured_media":14789,"comment_status":"open","ping_status":"closed","template":"","meta":{"_et_pb_use_builder":"","_et_pb_old_content":"","_et_gb_content_width":""},"product_brand":[],"product_cat":[1494],"product_tag":[1495,1496],"class_list":{"0":"post-15132","1":"product","2":"type-product","3":"status-publish","4":"has-post-thumbnail","6":"product_cat-bucket-cylinders","7":"product_tag-bucket-cylinders","8":"product_tag-hydraulic-cylinders","10":"first","11":"instock","12":"shipping-taxable","13":"product-type-simple"},"amp_enabled":true,"_links":{"self":[{"href":"https:\/\/www.hydraulic-cylinders.net\/ro\/wp-json\/wp\/v2\/product\/15132","targetHints":{"allow":["GET"]}}],"collection":[{"href":"https:\/\/www.hydraulic-cylinders.net\/ro\/wp-json\/wp\/v2\/product"}],"about":[{"href":"https:\/\/www.hydraulic-cylinders.net\/ro\/wp-json\/wp\/v2\/types\/product"}],"replies":[{"embeddable":true,"href":"https:\/\/www.hydraulic-cylinders.net\/ro\/wp-json\/wp\/v2\/comments?post=15132"}],"wp:featuredmedia":[{"embeddable":true,"href":"https:\/\/www.hydraulic-cylinders.net\/ro\/wp-json\/wp\/v2\/media\/14789"}],"wp:attachment":[{"href":"https:\/\/www.hydraulic-cylinders.net\/ro\/wp-json\/wp\/v2\/media?parent=15132"}],"wp:term":[{"taxonomy":"product_brand","embeddable":true,"href":"https:\/\/www.hydraulic-cylinders.net\/ro\/wp-json\/wp\/v2\/product_brand?post=15132"},{"taxonomy":"product_cat","embeddable":true,"href":"https:\/\/www.hydraulic-cylinders.net\/ro\/wp-json\/wp\/v2\/product_cat?post=15132"},{"taxonomy":"product_tag","embeddable":true,"href":"https:\/\/www.hydraulic-cylinders.net\/ro\/wp-json\/wp\/v2\/product_tag?post=15132"}],"curies":[{"name":"wp","href":"https:\/\/api.w.org\/{rel}","templated":true}]}}