{"id":15134,"date":"2025-01-19T14:08:54","date_gmt":"2025-01-19T14:08:54","guid":{"rendered":"https:\/\/www.hydraulic-cylinders.net\/product\/bucket-cylinder-for-komatsu-middle-excavator-pc228\/"},"modified":"2025-01-19T14:08:56","modified_gmt":"2025-01-19T14:08:56","slug":"bucket-cylinder-for-komatsu-middle-excavator-pc228","status":"publish","type":"product","link":"https:\/\/www.hydraulic-cylinders.net\/ro\/produs\/bucket-cylinder-for-komatsu-middle-excavator-pc228\/","title":{"rendered":"Cilindru cu cup\u0103 pentru excavatorul mijlociu Komatsu PC228"},"content":{"rendered":"<h1>Cilindru cu cup\u0103 pentru excavatorul mijlociu Komatsu PC228<\/h1>\n<h2>Introducere<\/h2>\n<p>Cilindrul cupei pentru excavatorul Komatsu PC228 este un cilindru hidraulic specializat, conceput pentru a controla mi\u0219carea cupei \u00een utilaje grele, cum ar fi excavatoarele, excavatoarele \u0219i \u00eenc\u0103rc\u0103toarele frontale. Func\u021bia sa principal\u0103 este de a permite ridicarea, cobor\u00e2rea \u0219i \u00eenclinarea cupei, facilit\u00e2nd gestionarea diverselor sarcini de manipulare a materialelor. \u00cen sistemul hidraulic, cilindrul cupei controleaz\u0103 mi\u0219carea precis\u0103 a cupei prin modificarea presiunii uleiului hidraulic, permi\u021b\u00e2nd operatorului s\u0103 manipuleze eficient sarcini grele \u0219i s\u0103 se adapteze la medii de lucru complexe \u0219i cerin\u021be opera\u021bionale diverse.<\/p>\n<p><img decoding=\"async\" src=\"https:\/\/www.hydraulic-cylinders.net\/wp-content\/uploads\/2025\/01\/songte-company-2.webp\" alt=\"Cilindru cup\u0103 pentru excavator Komatsu PC228\" \/><\/p>\n<h2>Caracteristici<\/h2>\n<ul>\n<li><strong>Rezisten\u021b\u0103 \u0219i durabilitate ridicate:<\/strong> Fabricat de obicei din o\u021bel sau aluminiu de \u00eenalt\u0103 rezisten\u021b\u0103, poate rezista la presiuni ridicate \u0219i sarcini grele, adapt\u00e2ndu-se la medii de lucru dure. Designul s\u0103u ia \u00een considerare rezisten\u021ba la uzur\u0103 \u0219i la coroziune, prelungindu-i durata de via\u021b\u0103.<\/li>\n<li><strong>Func\u021bionare hidraulic\u0103 eficient\u0103:<\/strong> Utiliz\u00e2nd presiunea uleiului hidraulic pentru a ob\u021bine o mi\u0219care telescopic\u0103 lin\u0103, acesta poate r\u0103spunde rapid la comenzile opera\u021bionale \u0219i poate oferi o for\u021b\u0103 puternic\u0103 de \u00eempingere \u0219i tragere, potrivit\u0103 pentru manipularea sarcinilor grele \u0219i a sarcinilor de lucru complexe.<\/li>\n<li><strong>Diverse tipuri:<\/strong> Pute\u021bi alege \u00eentre cilindri cu ac\u021biune simpl\u0103 (utilizare hidraulic\u0103 \u00eentr-o singur\u0103 direc\u021bie) sau cu ac\u021biune dubl\u0103 (utilizare hidraulic\u0103 \u00een ambele direc\u021bii) \u00een func\u021bie de cerin\u021bele dumneavoastr\u0103; unele modele sunt telescopice, permi\u021b\u00e2nd o extensie mai mare f\u0103r\u0103 a cre\u0219te dimensiunile exterioare, potrivite pentru aplica\u021bii cu spa\u021biu limitat.<\/li>\n<li><strong>Personalizabil:<\/strong> Compania noastr\u0103 poate produce acest produs \u0219i \u00eenlocuiri perfecte pentru al\u021bi cilindri hidraulici.<\/li>\n<\/ul>\n<p><img decoding=\"async\" src=\"https:\/\/www.hydraulic-cylinders.net\/wp-content\/uploads\/2025\/01\/songte-cylinder-head-with-all-kinds-excavator-models.webp\" alt=\"Cilindru cup\u0103 pentru excavator Komatsu PC228\" \/><\/p>\n<h2>Aplica\u021bii<\/h2>\n<p>Cilindrul cupei pentru excavatorul Komatsu PC228 este potrivit pentru diverse utilaje grele, inclusiv:<\/p>\n<ul>\n<li><strong>Echipamente de construc\u021bii:<\/strong> G\u0103site \u00een excavatoare, acestea sunt esen\u021biale pentru s\u0103pare, \u00eenc\u0103rcare \u0219i mutarea solului sau a resturilor. La \u00eenc\u0103rc\u0103toarele excavatoare, cilindrul cupei ajut\u0103 at\u00e2t la s\u0103pare, c\u00e2t \u0219i la ridicare.<\/li>\n<li><strong>Ma\u0219ini agricole:<\/strong> Folosite pentru \u00eenc\u0103rc\u0103toare frontale, acestea pot scoate, ridica \u0219i transporta sol, f\u00e2n \u0219i alte materiale. \u00cen excavatoare, cilindrii cupei permit excavarea permi\u021b\u00e2nd cupei s\u0103 p\u0103trund\u0103 \u00een sol.<\/li>\n<li><strong>Echipament \u00eenc\u0103rc\u0103tor:<\/strong> \u00cen cazul \u00eenc\u0103rc\u0103toarelor frontale, acestea ajut\u0103 la ridicarea \u0219i \u00eenclinarea eficient\u0103 a \u00eenc\u0103rc\u0103turii.<\/li>\n<\/ul>\n<h2>Considera\u021bii de proiectare \u0219i criterii de selec\u021bie<\/h2>\n<ul>\n<li><strong>Capacitate portant\u0103:<\/strong> Ar trebui s\u0103 poat\u0103 suporta sarcinile maxime pe care le poate \u00eent\u00e2mpina \u00een timpul func\u021bion\u0103rii.<\/li>\n<li><strong>Etan\u0219are:<\/strong> Utilizarea diverselor elemente de etan\u0219are, cum ar fi etan\u0219\u0103rile pistonului, etan\u0219\u0103rile tijei etc. Elementele de etan\u0219are trebuie s\u0103 fie fabricate din materiale rezistente la uzur\u0103, cum ar fi poliuretanul sau cauciucul nitrilic, iar corpul cilindrului \u0219i suprafe\u021bele filetate ale cap\u0103tului trebuie prelucrate fin pentru a \u00eembun\u0103t\u0103\u021bi rezisten\u021ba la uzur\u0103.<\/li>\n<li><strong>Durabilitate:<\/strong> Cilindrul trebuie proiectat pentru a rezista factorilor de mediu la care va fi expus, cum ar fi coroziunea \u0219i abraziunea.<\/li>\n<li><strong>Siguran\u0163\u0103:<\/strong> Elementele de siguran\u021b\u0103 ar trebui \u00eencorporate \u00een proiectare pentru a preveni accidentele \u0219i v\u0103t\u0103m\u0103rile corporale.<\/li>\n<li><strong>Mentenabilitate:<\/strong> Produsul trebuie s\u0103 fie u\u0219or de \u00eentre\u021binut \u0219i reparat pentru a reduce timpii de nefunc\u021bionare \u0219i a asigura o durat\u0103 lung\u0103 de via\u021b\u0103.<\/li>\n<\/ul>\n<p><img decoding=\"async\" src=\"https:\/\/www.hydraulic-cylinders.net\/wp-content\/uploads\/2025\/01\/songte-oil-pipes-and-spare-parts.webp\" alt=\"Cilindru cup\u0103 pentru excavator Komatsu PC228\" \/><\/p>\n<h2>Etan\u0219are \u0219i lubrifiere<\/h2>\n<p>Cilindrul cupei pentru excavatorul Komatsu PC228 utilizeaz\u0103 diverse elemente de etan\u0219are pentru a asigura func\u021bionarea eficient\u0103 a sistemului hidraulic. Corpul cilindrului \u0219i suprafe\u021bele filetate ale cap\u0103tului sunt prelucrate cu precizie pentru a \u00eembun\u0103t\u0103\u021bi rezisten\u021ba la uzur\u0103. Este necesar\u0103 lubrifierea regulat\u0103 cu ulei hidraulic adecvat.<\/p>\n<p><img decoding=\"async\" src=\"https:\/\/www.hydraulic-cylinders.net\/wp-content\/uploads\/2025\/01\/songte-chushion-collar.webp\" alt=\"Cilindru cup\u0103 pentru excavator Komatsu PC228\" \/><\/p>\n<h2>\u00centre\u021binere \u0219i repara\u021bii<\/h2>\n<p>Urm\u0103toarele sunt sarcini comune de \u00eentre\u021binere:<\/p>\n<ul>\n<li>Inspec\u021bie regulat\u0103<\/li>\n<li>Lubrifiere adecvat\u0103<\/li>\n<li>\u00cenlocuirea garniturii<\/li>\n<li>Verificare calibrare<\/li>\n<\/ul>\n<p>Instalarea, lubrifierea \u0219i reglarea corect\u0103 sunt esen\u021biale pentru a asigura o durat\u0103 lung\u0103 de via\u021b\u0103. \u00cen timpul instal\u0103rii, se recomand\u0103 alinierea corect\u0103 a cilindrului \u0219i utilizarea suporturilor de montare adecvate pentru a-l fixa. Se recomand\u0103 proceduri regulate de inspec\u021bie, reparare \u0219i \u00eenlocuire pentru a men\u021bine performan\u021ba optim\u0103 \u0219i a prelungi durata de via\u021b\u0103 a cilindrului cupei pentru excavatorul Komatsu PC228.<\/p>\n<p><img decoding=\"async\" src=\"https:\/\/www.hydraulic-cylinders.net\/wp-content\/uploads\/2025\/01\/songte-bushings-with-all-kinds-of-excavator-models.webp\" alt=\"Cilindru cup\u0103 pentru excavator Komatsu PC228\" \/><\/p>\n<h2>Considera\u021bii de siguran\u021b\u0103 \u0219i factori de mediu<\/h2>\n<p>C\u00e2nd se utilizeaz\u0103 cilindrul cupei pentru excavatorul Komatsu PC228, m\u0103surile de siguran\u021b\u0103 sunt vitale pentru a preveni accidentele \u0219i r\u0103nirile. Factorii de mediu, cum ar fi temperatura \u0219i umiditatea, trebuie lua\u021bi \u00een considerare la proiectarea \u0219i selectarea cilindrilor hidraulici.<\/p>\n<h2>Diagnosticarea defec\u021biunilor \u0219i probleme frecvente<\/h2>\n<p>Defec\u021biunile frecvente includ scurgeri de ulei, zgomot anormal \u0219i mi\u0219care lent\u0103 sau instabil\u0103. Acestea pot fi cauzate de diver\u0219i factori, cum ar fi uzura, defectarea garniturii sau instalarea necorespunz\u0103toare.<\/p>\n<h2>Introducerea companiei<\/h2>\n<p>Suntem produc\u0103tori de cilindri hidraulici de schimb de calitate \u0219i un produc\u0103tor \u0219i distribuitor angro de top de cilindri hidraulici pe pie\u021bele interne \u0219i externe. Urm\u0103m strategia calit\u0103\u021bii excelente, ne baz\u0103m pe managementul produc\u021biei industriale din ateliere de produc\u021bie de \u00eenalt\u0103 calitate \u0219i \u00eembun\u0103t\u0103\u021bim continuu platforma de produc\u021bie a produselor din ateliere \u00een ceea ce prive\u0219te talentele tehnice, echipamentele digitale de produc\u021bie de ultim\u0103 genera\u021bie \u0219i sistemele profesionale de testare. Cu principii eficiente, precise \u0219i de \u00eenalt\u0103 calitate, satisfacem nevoile diverse ale clien\u021bilor.<\/p>\n<p><img decoding=\"async\" src=\"https:\/\/hzpt.com\/wp-content\/uploads\/2024\/11\/songte-company-1.webp\" alt=\"Cilindru cup\u0103 pentru excavator Komatsu PC228\" \/><\/p>\n<h3>Profesionalism:<\/h3>\n<p>Avem o echip\u0103 de profesioni\u0219ti care respect\u0103 cele mai \u00eenalte standarde \u00een munca lor, asigur\u00e2ndu-ne c\u0103 oferim clien\u021bilor no\u0219tri produse \u0219i servicii de \u00eenalt\u0103 calitate.<\/p>\n<h3>Certificare interna\u021bional\u0103:<\/h3>\n<p>Compania noastr\u0103 de\u021bine diverse certific\u0103ri interna\u021bionale, precum ISO9001 \u0219i CE, asigur\u00e2nd c\u0103 produsele noastre respect\u0103 standardele globale de calitate.<\/p>\n<h3>Servicii de personalizare:<\/h3>\n<p>Oferim servicii de personalizare pentru a satisface orice nevoi \u0219i cerin\u021be specifice ale clien\u021bilor no\u0219tri.<\/p>\n<h3>Echipamente de produc\u021bie:<\/h3>\n<p>Echipamentele noastre de produc\u021bie includ centre de prelucrare CNC avansate, echipamente de testare \u0219i alte echipamente de \u00eenalt\u0103 tehnologie, permi\u021b\u00e2ndu-ne s\u0103 fabric\u0103m produse de \u00eenalt\u0103 calitate.<\/p>\n<h3>Servicii post-v\u00e2nzare:<\/h3>\n<p>Oferim servicii post-v\u00e2nzare excelente pentru a ne asigura c\u0103 clien\u021bii no\u0219tri sunt mul\u021bumi\u021bi de produsele \u0219i serviciile noastre, inclusiv \u00eentre\u021binere regulat\u0103, inspec\u021bie, repara\u021bii \u0219i \u00eenlocuire a pieselor.<\/p>\n<p>Autor: lyl<\/p>","protected":false},"excerpt":{"rendered":"<p>Bucket Cylinder For Komatsu Middle Excavator PC228 Introduction The Bucket Cylinder for Komatsu Middle Excavator PC228 is a specialized hydraulic cylinder designed to control the movement of the bucket in heavy machinery such as excavators, backhoes, and front-end loaders. Its primary function is to allow the bucket to lift, lower, and tilt, making it easier [&hellip;]<\/p>","protected":false},"featured_media":14787,"comment_status":"open","ping_status":"closed","template":"","meta":{"_et_pb_use_builder":"","_et_pb_old_content":"","_et_gb_content_width":""},"product_brand":[],"product_cat":[1494],"product_tag":[1495,1496],"class_list":{"0":"post-15134","1":"product","2":"type-product","3":"status-publish","4":"has-post-thumbnail","6":"product_cat-bucket-cylinders","7":"product_tag-bucket-cylinders","8":"product_tag-hydraulic-cylinders","10":"first","11":"instock","12":"shipping-taxable","13":"product-type-simple"},"amp_enabled":true,"_links":{"self":[{"href":"https:\/\/www.hydraulic-cylinders.net\/ro\/wp-json\/wp\/v2\/product\/15134","targetHints":{"allow":["GET"]}}],"collection":[{"href":"https:\/\/www.hydraulic-cylinders.net\/ro\/wp-json\/wp\/v2\/product"}],"about":[{"href":"https:\/\/www.hydraulic-cylinders.net\/ro\/wp-json\/wp\/v2\/types\/product"}],"replies":[{"embeddable":true,"href":"https:\/\/www.hydraulic-cylinders.net\/ro\/wp-json\/wp\/v2\/comments?post=15134"}],"wp:featuredmedia":[{"embeddable":true,"href":"https:\/\/www.hydraulic-cylinders.net\/ro\/wp-json\/wp\/v2\/media\/14787"}],"wp:attachment":[{"href":"https:\/\/www.hydraulic-cylinders.net\/ro\/wp-json\/wp\/v2\/media?parent=15134"}],"wp:term":[{"taxonomy":"product_brand","embeddable":true,"href":"https:\/\/www.hydraulic-cylinders.net\/ro\/wp-json\/wp\/v2\/product_brand?post=15134"},{"taxonomy":"product_cat","embeddable":true,"href":"https:\/\/www.hydraulic-cylinders.net\/ro\/wp-json\/wp\/v2\/product_cat?post=15134"},{"taxonomy":"product_tag","embeddable":true,"href":"https:\/\/www.hydraulic-cylinders.net\/ro\/wp-json\/wp\/v2\/product_tag?post=15134"}],"curies":[{"name":"wp","href":"https:\/\/api.w.org\/{rel}","templated":true}]}}