{"id":15140,"date":"2025-01-19T14:09:19","date_gmt":"2025-01-19T14:09:19","guid":{"rendered":"https:\/\/www.hydraulic-cylinders.net\/product\/bucket-cylinder-for-komatsu-middle-excavator-pc220-5-6-7-8-8mo\/"},"modified":"2025-01-19T14:09:21","modified_gmt":"2025-01-19T14:09:21","slug":"bucket-cylinder-for-komatsu-middle-excavator-pc220-5-6-7-8-8mo","status":"publish","type":"product","link":"https:\/\/www.hydraulic-cylinders.net\/ro\/produs\/bucket-cylinder-for-komatsu-middle-excavator-pc220-5-6-7-8-8mo\/","title":{"rendered":"Cilindru cu cup\u0103 pentru excavatorul mijlociu Komatsu PC220-5-6-7-8-8MO"},"content":{"rendered":"<h1>Cilindru cu cup\u0103 pentru excavatorul mijlociu Komatsu PC220-5-6-7-8-8MO<\/h1>\n<h2>Introducere<\/h2>\n<h3>Defini\u021bia cilindrului cupei<\/h3>\n<p>\nUn cilindru hidraulic este un tip de cilindru hidraulic special conceput, utilizat \u00een principal pentru a controla mi\u0219carea cupei \u00een utilaje grele, cum ar fi excavatoarele, excavatoarele \u0219i \u00eenc\u0103rc\u0103toarele frontale. Func\u021bia sa principal\u0103 este de a permite ridicarea, cobor\u00e2rea \u0219i \u00eenclinarea cupei, facilit\u00e2nd gestionarea diverselor sarcini de manipulare a materialelor. \u00cen sistemul hidraulic, cilindrul cupei realizeaz\u0103 un control precis al cupei prin schimb\u0103rile de presiune ale uleiului hidraulic, permi\u021b\u00e2nd operatorilor s\u0103 manipuleze eficient obiecte grele \u0219i s\u0103 se adapteze la medii de lucru complexe \u0219i cerin\u021be opera\u021bionale diversificate.\n<\/p>\n<p><img decoding=\"async\" src=\"https:\/\/www.hydraulic-cylinders.net\/wp-content\/uploads\/2025\/01\/songte-company-2.webp\" alt=\"Imaginea cilindrului cupei\"><\/p>\n<h3>Caracteristicile cilindrului cupei<\/h3>\n<ul>\n<li>Rezisten\u021b\u0103 \u0219i durabilitate ridicate: De obicei, fabricate din o\u021bel sau aluminiu de \u00eenalt\u0103 rezisten\u021b\u0103, pot rezista la presiuni ridicate \u0219i sarcini grele, se adapteaz\u0103 la medii de lucru dure \u0219i sunt proiectate av\u00e2nd \u00een vedere rezisten\u021ba la uzur\u0103 \u0219i la coroziune pentru a prelungi durata de via\u021b\u0103.<\/li>\n<li>Func\u021bionare hidraulic\u0103 eficient\u0103: Ac\u021biunea telescopic\u0103 lin\u0103 se ob\u021bine prin utilizarea presiunii uleiului hidraulic, care poate r\u0103spunde rapid la comenzile de control, ofer\u0103 for\u021be puternice de \u00eempingere \u0219i tragere \u0219i este potrivit\u0103 pentru manipularea obiectelor grele \u0219i a sarcinilor opera\u021bionale complexe.<\/li>\n<li>Diverse tipuri: Cilindri hidraulici cu ac\u021biune simpl\u0103 (care utilizeaz\u0103 hidraulica \u00eentr-o singur\u0103 direc\u021bie) sau cilindri hidraulici cu ac\u021biune dubl\u0103 (care utilizeaz\u0103 hidraulica \u00een dou\u0103 direc\u021bii) pot fi selecta\u021bi \u00een func\u021bie de nevoi, iar unele modele sunt telescopice, permi\u021b\u00e2nd o extensie mai mare f\u0103r\u0103 a cre\u0219te dimensiunile exterioare, fiind potrivi\u021bi pentru aplica\u021bii cu spa\u021biu limitat.<\/li>\n<li>\u00cenlocuibil: Produsele noastre pot \u00eenlocui perfect ace\u0219ti cilindri hidraulici.<\/li>\n<\/ul>\n<p><img decoding=\"async\" src=\"https:\/\/www.hydraulic-cylinders.net\/wp-content\/uploads\/2025\/01\/songte-cylinder-head-with-all-kinds-excavator-models.webp\" alt=\"Imagine de \u00eenlocuire a cilindrului cupei\"><\/p>\n<h3>Aplicarea cilindrului cupei<\/h3>\n<p>\nCilindrii cupei sunt esen\u021biali pentru echipamentele de construc\u021bii, cum ar fi excavatoarele, excavatoarele, \u00eenc\u0103rc\u0103toarele frontale \u0219i utilajele agricole. \u00cen cazul excavatoarelor, cilindrul cupei ajut\u0103 la excavare \u0219i ridicare. \u00cen cazul \u00eenc\u0103rc\u0103toarelor frontale, ace\u0219tia ajut\u0103 la ridicarea \u0219i \u00eenclinarea eficient\u0103 a \u00eenc\u0103rc\u0103turii.\n<\/p>\n<h4>Echipamente de construc\u021bii<\/h4>\n<ul>\n<li>Excavatoare: Cilindrul cupei permite cupei s\u0103 taie prin sol pentru a efectua excavarea.<\/li>\n<li>Excavatoare: Cilindrul cupei ajut\u0103 la excavare \u0219i ridicare.<\/li>\n<li>\u00cenc\u0103rc\u0103toare frontale: \u00cenc\u0103rc\u0103toarele frontale ajut\u0103 la ridicarea \u0219i \u00eenclinarea eficient\u0103 a \u00eenc\u0103rc\u0103turii.<\/li>\n<\/ul>\n<h4>Ma\u0219ini agricole<\/h4>\n<ul>\n<li>\u00cenc\u0103rc\u0103toare frontale: utilizate pentru \u00eenc\u0103rcarea, ridicarea \u0219i transportul solului, f\u00e2nului \u0219i altor materiale.<\/li>\n<\/ul>\n<p><img decoding=\"async\" src=\"https:\/\/www.hydraulic-cylinders.net\/wp-content\/uploads\/2025\/01\/songte-bushings-with-all-kinds-of-excavator-models.webp\" alt=\"Imaginea aplica\u021biei cilindrului cupei\"><\/p>\n<h2>Considera\u021bii de proiectare \u0219i standarde de selec\u021bie<\/h2>\n<h3>Considera\u021bii de proiectare<\/h3>\n<p>\nCilindrul cupei este proiectat s\u0103 suporte sarcini grele \u0219i s\u0103 func\u021bioneze \u00een medii dure, a\u0219adar considera\u021biile privind capacitatea portant\u0103, etan\u0219area, durabilitatea, siguran\u021ba \u0219i mentenan\u021ba sa sunt critice.\n<\/p>\n<h4>Capacitate portant\u0103<\/h4>\n<p>\nCilindrul cupei este fabricat din materiale de \u00eenalt\u0103 rezisten\u021b\u0103 pentru a rezista la presiuni ridicate \u0219i sarcini grele, fiind potrivit pentru aplica\u021bii grele.\n<\/p>\n<h4>Sigilare<\/h4>\n<p>\nCilindrul este echipat cu diverse componente de etan\u0219are, cum ar fi etan\u0219\u0103rile pistonului \u0219i etan\u0219\u0103rile tijei, care sunt de obicei fabricate din materiale rezistente la uzur\u0103, cum ar fi poliuretanul \u0219i cauciucul nitrilic, pentru a asigura performan\u021be de etan\u0219are pe termen lung.\n<\/p>\n<h4>Durabilitate<\/h4>\n<p>\nCorpul cilindrului \u0219i suprafa\u021ba cap\u0103tului filetat sunt prelucrate fin pentru a cre\u0219te rezisten\u021ba la uzur\u0103, iar tija pistonului este acoperit\u0103 cu crom pentru a \u00eembun\u0103t\u0103\u021bi rezisten\u021ba la zg\u00e2rieturi \u0219i a prelungi durata de via\u021b\u0103.\n<\/p>\n<h4>Siguran\u0163\u0103<\/h4>\n<p>\nCilindrul cupei este proiectat av\u00e2nd \u00een vedere siguran\u021ba, cum ar fi instalarea unui guler amortizor pentru a absorbi \u0219ocurile atunci c\u00e2nd cilindrul este complet extins sau retras \u0219i furnizarea de supape de oprire de urgen\u021b\u0103 pentru a preveni accidentele \u00een timpul lucrului.\n<\/p>\n<h4>Mentenabilitate<\/h4>\n<p>\nCilindrul cupei este proiectat av\u00e2nd \u00een vedere \u00eentre\u021binerea u\u0219oar\u0103, cum ar fi accesul la piesele interne \u0219i utilizarea unor componente de etan\u0219are \u00eenlocuibile pentru a reduce costurile de \u00eentre\u021binere.\n<\/p>\n<p><img decoding=\"async\" src=\"https:\/\/www.hydraulic-cylinders.net\/wp-content\/uploads\/2025\/01\/songte-oil-pipes-and-spare-parts.webp\" alt=\"Imagine de design a cilindrului cu g\u0103leat\u0103\"><\/p>\n<h3>Standarde de selec\u021bie<\/h3>\n<p>\nCilindrul cupei trebuie selectat \u00een func\u021bie de cerin\u021bele specifice ale aplica\u021biei, cum ar fi capacitatea portant\u0103, presiunea de func\u021bionare, temperatura de func\u021bionare \u0219i dimensiunile de instalare. De asemenea, este esen\u021bial s\u0103 se aleag\u0103 tipul adecvat de cilindru hidraulic, cum ar fi cu ac\u021biune simpl\u0103 sau cu ac\u021biune dubl\u0103, \u00een func\u021bie de cerin\u021bele aplica\u021biei.\n<\/p>\n<h2>Lubrifiere \u0219i etan\u0219are<\/h2>\n<p>\nCilindrul cupei necesit\u0103 \u00eentre\u021binere regulat\u0103 pentru a asigura performan\u021ba \u0219i fiabilitatea sa pe termen lung. Lubrifierea \u0219i etan\u0219area corespunz\u0103toare sunt esen\u021biale pentru men\u021binerea func\u021bion\u0103rii line a cilindrului \u0219i prevenirea scurgerilor sau deterior\u0103rii componentelor de etan\u0219are.\n<\/p>\n<h3>Lubrifiere<\/h3>\n<p>\nCilindrul cupei necesit\u0103 lubrifiere regulat\u0103 cu ulei hidraulic pentru a-\u0219i men\u021bine func\u021bionarea f\u0103r\u0103 probleme. Este necesar s\u0103 se utilizeze tipul corespunz\u0103tor de ulei hidraulic \u0219i s\u0103 se adauge \u00een mod regulat pentru a se asigura c\u0103 cilindrul este \u00eentotdeauna lubrifiat corespunz\u0103tor.\n<\/p>\n<h3>Sigilare<\/h3>\n<p>\nCilindrul cupei are diverse componente de etan\u0219are, cum ar fi etan\u0219\u0103rile pistonului \u0219i etan\u0219\u0103rile tijei, care sunt predispuse la deteriorare \u0219i uzur\u0103 \u00een timp. Este necesar s\u0103 \u00eenlocui\u021bi aceste piese \u00een mod regulat pentru a preveni scurgerile \u0219i a asigura performan\u021ba de etan\u0219are pe termen lung.\n<\/p>\n<p><img decoding=\"async\" src=\"https:\/\/www.hydraulic-cylinders.net\/wp-content\/uploads\/2025\/01\/songte-chushion-collar.webp\" alt=\"Imagine cu lubrifierea \u0219i etan\u0219area cilindrului cupei\"><\/p>\n<h2>\u00centre\u021binere \u0219i repara\u021bii<\/h2>\n<p>\nCilindrul cupei necesit\u0103 \u00eentre\u021binere \u0219i repara\u021bii regulate pentru a asigura performan\u021ba \u0219i fiabilitatea sa pe termen lung. Inspec\u021bia regulat\u0103, lubrifierea adecvat\u0103 \u0219i \u00eenlocuirea pieselor uzate sau deteriorate sunt necesare pentru a preveni problemele \u0219i a prelungi durata de via\u021b\u0103 a cilindrului.\n<\/p>\n<h3>Inspec\u021bie regulat\u0103<\/h3>\n<p>\nInspec\u021bia regulat\u0103 a cilindrului cupei este necesar\u0103 pentru a identifica orice probleme sau piese uzate \u0219i pentru a preveni orice poten\u021biale probleme. Este esen\u021bial s\u0103 verifica\u021bi dac\u0103 exist\u0103 scurgeri, \u00eendoituri sau zg\u00e2rieturi care pot afecta performan\u021ba cilindrului.\n<\/p>\n<h3>Lubrifiere \u0219i reglare<\/h3>\n<p>\nLubrifierea \u0219i reglarea regulat\u0103 a cilindrului cupei sunt necesare pentru a men\u021bine buna func\u021bionare a acestuia. Este necesar s\u0103 ad\u0103uga\u021bi lubrifiantul corespunz\u0103tor \u00een mod regulat \u0219i s\u0103 regla\u021bi pozi\u021bia cilindrului pentru a v\u0103 asigura c\u0103 este \u00eentotdeauna aliniat corect.\n<\/p>\n<h3>Calibrare \u0219i \u00eenlocuire<\/h3>\n<p>\nCalibrarea \u0219i \u00eenlocuirea pieselor uzate sau deteriorate ale cilindrului cupei sunt necesare pentru a men\u021bine performan\u021ba \u0219i fiabilitatea acestuia pe termen lung. Este esen\u021bial s\u0103 se \u00eenlocuiasc\u0103 prompt piesele uzate sau deteriorate pentru a preveni deteriorarea ulterioar\u0103 \u0219i a asigura buna func\u021bionare a cilindrului.\n<\/p>\n<p><img decoding=\"async\" src=\"https:\/\/hzpt.com\/wp-content\/uploads\/2024\/11\/songte-company-1.webp\" alt=\"Imagine de \u00eentre\u021binere \u0219i reparare a cilindrului cupei\"><\/p>\n<h2>Considera\u021bii de siguran\u021b\u0103 \u0219i factori de mediu<\/h2>\n<p>\nConsidera\u021biile de siguran\u021b\u0103 sunt esen\u021biale atunci c\u00e2nd se lucreaz\u0103 cu cilindri hidraulici. Este esen\u021bial s\u0103 se respecte procedurile de siguran\u021b\u0103 adecvate, cum ar fi purtarea echipamentului de protec\u021bie \u0219i asigurarea instal\u0103rii corecte \u0219i sigure. Factorii de mediu, cum ar fi temperatura \u0219i umiditatea, pot afecta, de asemenea, performan\u021ba cilindrului, a\u0219a c\u0103 este necesar s\u0103 se ia \u00een considerare ace\u0219ti factori la selectarea cilindrului \u0219i la proiectarea aplica\u021biei.\n<\/p>\n<h2>Depanare \u0219i probleme frecvente<\/h2>\n<p>\nCilindrul cupei poate \u00eent\u00e2mpina diverse probleme \u00een timpul func\u021bion\u0103rii, cum ar fi scurgeri, performan\u021be slabe sau deteriorarea componentelor de etan\u0219are. Este necesar s\u0103 se diagnosticheze aceste probleme \u0219i s\u0103 se ia m\u0103surile adecvate pentru a repara sau \u00eenlocui piesele deteriorate \u0219i a preveni deteriorarea ulterioar\u0103.\n<\/p>\n<h3>Sfaturi de depanare<\/h3>\n<ul>\n<li>Identifica\u021bi cauza problemei.<\/li>\n<li>Verifica\u021bi cilindrul pentru a depista eventuale scurgeri sau deterior\u0103ri.<\/li>\n<li>Verifica\u021bi sistemul hidraulic pentru orice alte probleme.<\/li>\n<li>\u00cenlocui\u021bi orice piese uzate sau deteriorate.<\/li>\n<\/ul>\n<h3>M\u0103suri preventive<\/h3>\n<p>\nPentru a preveni problemele cu cilindrul cupei, este necesar s\u0103 urma\u021bi procedurile de \u00eentre\u021binere adecvate, cum ar fi inspec\u021bia regulat\u0103, lubrifierea corespunz\u0103toare \u0219i \u00eenlocuirea pieselor uzate sau deteriorate. De asemenea, este necesar s\u0103 v\u0103 asigura\u021bi c\u0103 instalarea este corect\u0103 \u0219i sigur\u0103 \u0219i c\u0103 cilindrul este proiectat pentru aplica\u021bia \u0219i mediul specific.\n<\/p>\n<p><img decoding=\"async\" src=\"https:\/\/www.hydraulic-cylinders.net\/wp-content\/uploads\/2025\/01\/songte-bushings-with-all-kinds-of-excavator-models.webp\" alt=\"Imagine de depanare a cilindrului cupei\"><\/p>\n<h2>Despre compania noastr\u0103<\/h2>\n<p>\nSuntem un produc\u0103tor \u0219i distribuitor angro de top de cilindri hidraulici pe pie\u021bele interne \u0219i interna\u021bionale, cu o gam\u0103 complet\u0103 de produse. Urm\u0103m principiul calit\u0103\u021bii excelente \u0219i ne baz\u0103m pe strategia de management al produc\u021biei industriale a atelierelor de produc\u021bie fin\u0103. Compania noastr\u0103 \u00eembun\u0103t\u0103\u021be\u0219te continuu platforma de produc\u021bie a atelierului prin utilizarea talentelor tehnologice, a echipamentelor digitale de produc\u021bie de ultim\u0103 genera\u021bie \u0219i a sistemelor profesionale de testare, perfec\u021bion\u00e2nd linia de produc\u021bie a calit\u0103\u021bii produselor \u0219i av\u00e2nd o creativitate puternic\u0103 pentru a satisface nevoile diversificate ale clien\u021bilor cu eficien\u021b\u0103 ridicat\u0103, precizie ridicat\u0103 \u0219i calitate superioar\u0103.\n<\/p>\n<h3>Profesionalism<\/h3>\n<p>\nAvem o echip\u0103 de profesioni\u0219ti cu \u00eenalt\u0103 calificare, dedica\u021bi furniz\u0103rii clien\u021bilor de cele mai bune produse \u0219i servicii. Compania noastr\u0103 are o vast\u0103 experien\u021b\u0103 \u00een proiectarea, produc\u021bia \u0219i v\u00e2nzarea de cilindri hidraulici \u0219i poate oferi clien\u021bilor solu\u021bii personalizate pentru a satisface nevoile lor specifice.\n<\/p>\n<h3>Certificare interna\u021bional\u0103<\/h3>\n<p>\nCompania noastr\u0103 a ob\u021binut diverse certific\u0103ri interna\u021bionale, precum ISO9001 \u0219i CE, care demonstreaz\u0103 angajamentul nostru fa\u021b\u0103 de calitate \u0219i satisfac\u021bia clien\u021bilor.\n<\/p>\n<h3>Servicii de personalizare<\/h3>\n<p>\nOferim servicii de personalizare pentru a satisface nevoile specifice ale clien\u021bilor no\u0219tri, cum ar fi dimensiuni, forme \u0219i materiale personalizate, precum \u0219i etichetare \u0219i ambalare personalizate.\n<\/p>\n<h3>Echipamente de produc\u021bie<\/h3>\n<p>\nCompania noastr\u0103 dispune de echipamente de produc\u021bie avansate, cum ar fi ma\u0219ini de strunjire \u0219i frezare CNC, ma\u0219ini de g\u0103urit \u0219i ma\u0219ini de rectificat, care ne ofer\u0103 capacitatea de a produce cilindri hidraulici de \u00eenalt\u0103 calitate \u00een mod eficient \u0219i precis.\n<\/p>\n<h3>Servicii post-v\u00e2nzare<\/h3>\n<p>\nOferim servicii complete post-v\u00e2nzare, cum ar fi \u00eentre\u021binerea, repararea \u0219i \u00eenlocuirea pieselor, pentru a asigura performan\u021ba \u0219i fiabilitatea pe termen lung a produselor noastre. De asemenea, oferim asisten\u021b\u0103 tehnic\u0103 \u0219i instruire pentru a ajuta clien\u021bii no\u0219tri s\u0103 rezolve orice probleme pe care le \u00eent\u00e2mpin\u0103.\n<\/p>\n<p><img decoding=\"async\" src=\"https:\/\/www.hydraulic-cylinders.net\/wp-content\/uploads\/2025\/01\/songte-company-3.webp\" alt=\"Imaginea companiei cu cilindri de cup\u0103\"><\/p>\n<p>\nAutor: lyl.<\/p>","protected":false},"excerpt":{"rendered":"<p>Bucket Cylinder For Komatsu Middle Excavator PC220-5-6-7-8-8MO Introduction Definition of Bucket Cylinder A bucket cylinder is a type of specially designed hydraulic cylinder used mainly to control the movement of the bucket in heavy machinery such as excavators, backhoes and front-end loaders. Its main function is to allow the bucket to lift, lower and tilt, [&hellip;]<\/p>","protected":false},"featured_media":14776,"comment_status":"open","ping_status":"closed","template":"","meta":{"_et_pb_use_builder":"","_et_pb_old_content":"","_et_gb_content_width":""},"product_brand":[],"product_cat":[1494],"product_tag":[1495,1496],"class_list":{"0":"post-15140","1":"product","2":"type-product","3":"status-publish","4":"has-post-thumbnail","6":"product_cat-bucket-cylinders","7":"product_tag-bucket-cylinders","8":"product_tag-hydraulic-cylinders","10":"first","11":"instock","12":"shipping-taxable","13":"product-type-simple"},"amp_enabled":true,"_links":{"self":[{"href":"https:\/\/www.hydraulic-cylinders.net\/ro\/wp-json\/wp\/v2\/product\/15140","targetHints":{"allow":["GET"]}}],"collection":[{"href":"https:\/\/www.hydraulic-cylinders.net\/ro\/wp-json\/wp\/v2\/product"}],"about":[{"href":"https:\/\/www.hydraulic-cylinders.net\/ro\/wp-json\/wp\/v2\/types\/product"}],"replies":[{"embeddable":true,"href":"https:\/\/www.hydraulic-cylinders.net\/ro\/wp-json\/wp\/v2\/comments?post=15140"}],"wp:featuredmedia":[{"embeddable":true,"href":"https:\/\/www.hydraulic-cylinders.net\/ro\/wp-json\/wp\/v2\/media\/14776"}],"wp:attachment":[{"href":"https:\/\/www.hydraulic-cylinders.net\/ro\/wp-json\/wp\/v2\/media?parent=15140"}],"wp:term":[{"taxonomy":"product_brand","embeddable":true,"href":"https:\/\/www.hydraulic-cylinders.net\/ro\/wp-json\/wp\/v2\/product_brand?post=15140"},{"taxonomy":"product_cat","embeddable":true,"href":"https:\/\/www.hydraulic-cylinders.net\/ro\/wp-json\/wp\/v2\/product_cat?post=15140"},{"taxonomy":"product_tag","embeddable":true,"href":"https:\/\/www.hydraulic-cylinders.net\/ro\/wp-json\/wp\/v2\/product_tag?post=15140"}],"curies":[{"name":"wp","href":"https:\/\/api.w.org\/{rel}","templated":true}]}}