{"id":15145,"date":"2025-01-19T14:09:45","date_gmt":"2025-01-19T14:09:45","guid":{"rendered":"https:\/\/www.hydraulic-cylinders.net\/product\/bucket-cylinder-for-komatsu-large-excavator-pc850-8\/"},"modified":"2025-01-19T14:09:47","modified_gmt":"2025-01-19T14:09:47","slug":"bucket-cylinder-for-komatsu-large-excavator-pc850-8","status":"publish","type":"product","link":"https:\/\/www.hydraulic-cylinders.net\/ro\/produs\/bucket-cylinder-for-komatsu-large-excavator-pc850-8\/","title":{"rendered":"Cilindru cup\u0103 pentru excavator mare Komatsu PC850-8"},"content":{"rendered":"<h2>Introducere<\/h2>\n<h3>Cilindru cup\u0103 pentru excavator mare Komatsu PC850-8<\/h3>\n<p>Un cilindru hidraulic este un cilindru hidraulic special conceput, utilizat pentru a controla mi\u0219carea cupelor \u00een utilaje grele, cum ar fi excavatoarele, \u00eenc\u0103rc\u0103toarele excavatoare \u0219i \u00eenc\u0103rc\u0103toarele frontale. Func\u021bia sa principal\u0103 este de a permite ridicarea, cobor\u00e2rea \u0219i \u00eenclinarea cupei pentru diverse sarcini de manipulare a materialelor. \u00cen sistemul hidraulic, cilindrul cupei controleaz\u0103 mi\u0219carea cupei cu precizie, permi\u021b\u00e2nd operatorilor s\u0103 manipuleze eficient sarcini grele \u0219i s\u0103 se adapteze la medii de lucru complexe \u0219i cerin\u021be diverse ale lucr\u0103rilor.<\/p>\n<p><img decoding=\"async\" src=\"https:\/\/www.hydraulic-cylinders.net\/wp-content\/uploads\/2025\/01\/songte-company-2.webp\" alt=\"Imaginea cilindrului cupei\"\/><\/p>\n<h2>Caracteristici<\/h2>\n<ul>\n<li>\n<h3>Rezisten\u021b\u0103 \u0219i durabilitate ridicate<\/h3>\n<p>Cilindrul cupei este de obicei fabricat din o\u021bel sau aluminiu de \u00eenalt\u0103 rezisten\u021b\u0103, capabil s\u0103 reziste la presiuni ridicate \u0219i sarcini grele \u0219i proiectat \u021bin\u00e2nd cont de rezisten\u021ba la uzur\u0103 \u0219i la coroziune pentru a prelungi durata de via\u021b\u0103.<\/p>\n<\/li>\n<li>\n<h3>Func\u021bionare hidraulic\u0103 eficient\u0103<\/h3>\n<p>Cilindrul cupei folose\u0219te presiunea uleiului hidraulic pentru a ob\u021bine o extensie \u0219i retragere lin\u0103, un r\u0103spuns rapid la comenzile de control \u0219i o for\u021b\u0103 puternic\u0103 de \u00eempingere \u0219i tragere, potrivit\u0103 pentru manipularea sarcinilor grele \u0219i a opera\u021biunilor complexe.<\/p>\n<\/li>\n<li>\n<h3>Diverse tipuri<\/h3>\n<p>Cilindrul cupei poate fi ales, \u00een func\u021bie de necesit\u0103\u021bi, cu ac\u021biune simpl\u0103 (folosind sistemul hidraulic doar \u00eentr-o singur\u0103 direc\u021bie) sau cu ac\u021biune dubl\u0103 (folosind sistemul hidraulic \u00een dou\u0103 direc\u021bii), iar unele modele sunt telescopice, permi\u021b\u00e2nd o extensie mai mare f\u0103r\u0103 a cre\u0219te dimensiunile exterioare, potrivite pentru aplica\u021bii cu spa\u021biu limitat.<\/p>\n<\/li>\n<li>\n<h3>Interschimbabil cu produse similare<\/h3>\n<p>Cilindrul nostru pentru cup\u0103 poate \u00eenlocui perfect cilindrii hidraulici similari, oferind o solu\u021bie rentabil\u0103 pentru clien\u021bi.<\/p>\n<\/li>\n<li>\n<h3>Personalizabil<\/h3>\n<p>Putem personaliza cilindrul cupei \u00een func\u021bie de cerin\u021bele specifice.<\/p>\n<\/li>\n<\/ul>\n<p><img decoding=\"async\" src=\"https:\/\/www.hydraulic-cylinders.net\/wp-content\/uploads\/2025\/01\/songte-cylinder-head-with-all-kinds-excavator-models.webp\" alt=\"Imaginea cilindrului cupei\"\/><\/p>\n<h2>Aplica\u021bii<\/h2>\n<p>Cilindrul cupei este utilizat pe scar\u0103 larg\u0103 \u00een diverse utilaje grele, cum ar fi:<\/p>\n<ul>\n<li>\n<h3>Excavatoare<\/h3>\n<p>Cilindrul cupei permite cupei s\u0103 p\u0103trund\u0103 \u00een sol pentru excavare.<\/p>\n<\/li>\n<li>\n<h3>\u00cenc\u0103rc\u0103toare excavatoare<\/h3>\n<p>Cilindrul cupei ajut\u0103 at\u00e2t la excavare, c\u00e2t \u0219i la ridicare.<\/p>\n<\/li>\n<li>\n<h3>\u00cenc\u0103rc\u0103toare frontale<\/h3>\n<p>Cilindrul cupei contribuie la ridicarea \u0219i desc\u0103rcarea eficient\u0103 a materialelor.<\/p>\n<\/li>\n<\/ul>\n<h2>Considera\u021bii de proiectare \u0219i criterii de selec\u021bie<\/h2>\n<ul>\n<li>\n<h3>Capacitate portant\u0103<\/h3>\n<p>Cilindrul cupei trebuie s\u0103 aib\u0103 o capacitate portant\u0103 adecvat\u0103 pentru a suporta sarcini grele \u0219i presiune ridicat\u0103.<\/p>\n<\/li>\n<li>\n<h3>Sigilare<\/h3>\n<p>Cilindrul cupei necesit\u0103 diverse garnituri pentru a preveni scurgerile \u0219i a asigura o func\u021bionare fiabil\u0103. Este mai bine s\u0103 alege\u021bi garnituri fabricate din materiale rezistente la uzur\u0103, cum ar fi poliuretanul \u0219i cauciucul nitrilic.<\/p>\n<\/li>\n<li>\n<h3>Durabilitate<\/h3>\n<p>Cilindrul cupei trebuie proiectat \u021bin\u00e2nd cont de rezisten\u021ba la uzur\u0103 \u0219i la coroziune pentru a asigura o durat\u0103 lung\u0103 de via\u021b\u0103. Corpul cilindrului \u0219i capetele filetate trebuie prelucrate fin pentru a \u00eembun\u0103t\u0103\u021bi rezisten\u021ba la uzur\u0103.<\/p>\n<\/li>\n<li>\n<h3>Siguran\u0163\u0103<\/h3>\n<p>Cilindrul cupei trebuie s\u0103 \u00eendeplineasc\u0103 standardele de siguran\u021b\u0103 \u0219i s\u0103 fie instalat \u0219i utilizat corect pentru a evita accidentele.<\/p>\n<\/li>\n<li>\n<h3>\u00centre\u0163inere<\/h3>\n<p>Cilindrul cupei ar trebui s\u0103 fie u\u0219or de \u00eentre\u021binut \u0219i reparat, iar inspec\u021bia \u0219i lubrifierea regulate sunt necesare pentru o func\u021bionare eficient\u0103 pe termen lung.<\/p>\n<\/li>\n<\/ul>\n<p><img decoding=\"async\" src=\"https:\/\/www.hydraulic-cylinders.net\/wp-content\/uploads\/2025\/01\/songte-oil-pipes-and-spare-parts.webp\" alt=\"Imaginea cilindrului cupei\"\/><\/p>\n<h2>\u00centre\u021binere \u0219i repara\u021bii<\/h2>\n<p>\u00centre\u021binerea \u0219i repara\u021biile regulate sunt esen\u021biale pentru a asigura func\u021bionarea eficient\u0103 \u0219i sigur\u0103 a cilindrului cupei. Sarcinile tipice de \u00eentre\u021binere includ:<\/p>\n<ul>\n<li>\n<h3>Inspec\u021bie regulat\u0103<\/h3>\n<p>Inspecta\u021bi cilindrul cupei \u00een mod regulat pentru a detecta uzura \u0219i deteriorarea \u0219i a preveni poten\u021bialele probleme.<\/p>\n<\/li>\n<li>\n<h3>Lubrifiere<\/h3>\n<p>Aplica\u021bi ulei hidraulic adecvat \u00een mod regulat pentru a lubrifia cilindrul cupei \u0219i a preveni uzura \u0219i scurgerile.<\/p>\n<\/li>\n<li>\n<h3>\u00cenlocuirea garniturii<\/h3>\n<p>\u00cenlocui\u021bi garniturile \u00een mod regulat pentru a asigura o func\u021bionare fiabil\u0103 \u0219i a preveni scurgerile.<\/p>\n<\/li>\n<li>\n<h3>Verificare aliniere<\/h3>\n<p>Alinia\u021bi corect cilindrul cupei \u00een timpul instal\u0103rii pentru a evita accidentele \u0219i a asigura o func\u021bionare eficient\u0103.<\/p>\n<\/li>\n<li>\n<h3>Serviciu de reconstruc\u021bie<\/h3>\n<p>Oferim servicii de reconstruc\u021bie pentru cilindrii cupei uza\u021bi sau deteriora\u021bi pentru a le prelungi durata de via\u021b\u0103 \u0219i a economisi costurile de \u00eenlocuire.<\/p>\n<\/li>\n<\/ul>\n<p><img decoding=\"async\" src=\"https:\/\/www.hydraulic-cylinders.net\/wp-content\/uploads\/2025\/01\/songte-chushion-collar.webp\" alt=\"Imaginea cilindrului cupei\"\/><\/p>\n<h2>Considera\u021bii de siguran\u021b\u0103 \u0219i factori de mediu<\/h2>\n<p>La utilizarea cilindrului cupei, trebuie luate m\u0103suri de siguran\u021b\u0103, cum ar fi purtarea echipamentului de protec\u021bie, utilizarea dispozitivelor de ridicare adecvate \u0219i evitarea supra\u00eenc\u0103rc\u0103rii, pentru a preveni accidentele. De asemenea, trebuie lua\u021bi \u00een considerare factorii de mediu precum temperatura, umiditatea \u0219i substan\u021bele corozive pentru a asigura func\u021bionarea fiabil\u0103 \u0219i durata lung\u0103 de via\u021b\u0103 a cilindrului cupei.<\/p>\n<p><img decoding=\"async\" src=\"https:\/\/hzpt.com\/wp-content\/uploads\/2024\/11\/songte-company-1.webp\" alt=\"Imaginea cilindrului cupei\"\/><\/p>\n<h2>Probleme frecvente \u0219i depanare<\/h2>\n<p>Problemele frecvente ale cilindrului cupei includ scurgeri, uzur\u0103 \u0219i deteriorare. Sfaturile \u0219i solu\u021biile de depanare, cum ar fi verificarea garniturilor, \u00eenlocuirea pieselor deteriorate \u0219i service-ul de reconstruc\u021bie, pot ajuta la diagnosticarea \u0219i rezolvarea eficient\u0103 a problemelor, iar m\u0103surile preventive, cum ar fi inspec\u021bia \u0219i lubrifierea regulat\u0103, pot reduce poten\u021bialele probleme.<\/p>\n<p><img decoding=\"async\" src=\"https:\/\/www.hydraulic-cylinders.net\/wp-content\/uploads\/2025\/01\/songte-bushings-with-all-kinds-of-excavator-models.webp\" alt=\"Imaginea cilindrului cupei\"\/><\/p>\n<h2>Despre noi<\/h2>\n<p>Suntem produc\u0103tori de cilindri hidraulici, oferind o gam\u0103 larg\u0103 de produse \u0219i devenind unul dintre principalii produc\u0103tori \u0219i distribuitori angro de cilindri hidraulici pe pie\u021bele interne \u0219i interna\u021bionale. Ader\u0103m la principiul calit\u0103\u021bii excelente \u0219i ne baz\u0103m pe strategii industrializate de management al produc\u021biei \u00een ateliere de produc\u021bie de \u00eenalt\u0103 calitate. \u00cembun\u0103t\u0103\u021bim constant platforma de produc\u021bie a atelierelor noastre prin utilizarea talentelor tehnice, a echipamentelor digitale de produc\u021bie de ultim\u0103 genera\u021bie \u0219i a sistemelor profesionale de testare, perfec\u021bion\u00e2nd linia de produc\u021bie a calit\u0103\u021bii produselor \u0219i av\u00e2nd o capacitate creativ\u0103 puternic\u0103 pentru a satisface nevoile diverse ale clien\u021bilor cu eficien\u021b\u0103 ridicat\u0103, precizie ridicat\u0103 \u0219i calitate superioar\u0103.<\/p>\n<p>Ne dedic\u0103m furniz\u0103rii de produse \u0219i servicii profesionale, certificate interna\u021bional, personalizate \u0219i de \u00eenalt\u0103 calitate, inclusiv:<\/p>\n<ul>\n<li>\n<h3>Profesionalism<\/h3>\n<p>Avem o echip\u0103 de profesioni\u0219ti experimenta\u021bi \u0219i califica\u021bi care v\u0103 pot oferi consultan\u021b\u0103 profesional\u0103 \u0219i asisten\u021b\u0103 tehnic\u0103.<\/p>\n<\/li>\n<li>\n<h3>Certificare interna\u021bional\u0103<\/h3>\n<p>Produsele noastre au trecut certific\u0103ri interna\u021bionale precum ISO9001:2015, CE \u0219i RoHS, asigur\u00e2ndu-le calitatea \u0219i siguran\u021ba.<\/p>\n<\/li>\n<li>\n<h3>Personalizare<\/h3>\n<p>Putem personaliza cilindrii hidraulici \u00een func\u021bie de cerin\u021bele specifice.<\/p>\n<\/li>\n<li>\n<h3>Echipamente avansate de produc\u021bie<\/h3>\n<p>Dispunem de echipamente de produc\u021bie avansate, cum ar fi ma\u0219ini CNC, strunguri \u0219i ma\u0219ini de rectificat, asigur\u00e2nd precizia \u0219i eficien\u021ba fabrica\u021biei.<\/p>\n<\/li>\n<li>\n<h3>Serviciu post-v\u00e2nzare<\/h3>\n<p>Oferim servicii complete post-v\u00e2nzare, cum ar fi \u00eentre\u021binere, repara\u021bii \u0219i \u00eenlocuire, asigur\u00e2nd func\u021bionarea eficient\u0103 \u0219i f\u0103r\u0103 probleme a cilindrilor hidraulici.<\/p>\n<\/li>\n<\/ul>\n<p><img decoding=\"async\" src=\"https:\/\/www.hydraulic-cylinders.net\/wp-content\/uploads\/2025\/01\/songte-company-3.webp\" alt=\"Imaginea cilindrului cupei\"\/><\/p>\n<p>Autor: lyl<\/p>","protected":false},"excerpt":{"rendered":"<p>Introduction Bucket Cylinder For Komatsu Large Excavator PC850-8 A bucket cylinder is a specially designed hydraulic cylinder used to control the movement of buckets in heavy machinery such as excavators, backhoe loaders, and front-end loaders. Its main function is to enable the bucket to lift, lower, and tilt for various material handling tasks. In the [&hellip;]<\/p>","protected":false},"featured_media":14762,"comment_status":"open","ping_status":"closed","template":"","meta":{"_et_pb_use_builder":"","_et_pb_old_content":"","_et_gb_content_width":""},"product_brand":[],"product_cat":[1494],"product_tag":[1495,1496],"class_list":{"0":"post-15145","1":"product","2":"type-product","3":"status-publish","4":"has-post-thumbnail","6":"product_cat-bucket-cylinders","7":"product_tag-bucket-cylinders","8":"product_tag-hydraulic-cylinders","10":"first","11":"instock","12":"shipping-taxable","13":"product-type-simple"},"amp_enabled":true,"_links":{"self":[{"href":"https:\/\/www.hydraulic-cylinders.net\/ro\/wp-json\/wp\/v2\/product\/15145","targetHints":{"allow":["GET"]}}],"collection":[{"href":"https:\/\/www.hydraulic-cylinders.net\/ro\/wp-json\/wp\/v2\/product"}],"about":[{"href":"https:\/\/www.hydraulic-cylinders.net\/ro\/wp-json\/wp\/v2\/types\/product"}],"replies":[{"embeddable":true,"href":"https:\/\/www.hydraulic-cylinders.net\/ro\/wp-json\/wp\/v2\/comments?post=15145"}],"wp:featuredmedia":[{"embeddable":true,"href":"https:\/\/www.hydraulic-cylinders.net\/ro\/wp-json\/wp\/v2\/media\/14762"}],"wp:attachment":[{"href":"https:\/\/www.hydraulic-cylinders.net\/ro\/wp-json\/wp\/v2\/media?parent=15145"}],"wp:term":[{"taxonomy":"product_brand","embeddable":true,"href":"https:\/\/www.hydraulic-cylinders.net\/ro\/wp-json\/wp\/v2\/product_brand?post=15145"},{"taxonomy":"product_cat","embeddable":true,"href":"https:\/\/www.hydraulic-cylinders.net\/ro\/wp-json\/wp\/v2\/product_cat?post=15145"},{"taxonomy":"product_tag","embeddable":true,"href":"https:\/\/www.hydraulic-cylinders.net\/ro\/wp-json\/wp\/v2\/product_tag?post=15145"}],"curies":[{"name":"wp","href":"https:\/\/api.w.org\/{rel}","templated":true}]}}