{"id":15146,"date":"2025-01-19T14:09:50","date_gmt":"2025-01-19T14:09:50","guid":{"rendered":"https:\/\/www.hydraulic-cylinders.net\/product\/bucket-cylinder-for-komatsu-large-excavator-pc300-3-5-6-7-8\/"},"modified":"2025-01-19T14:09:52","modified_gmt":"2025-01-19T14:09:52","slug":"bucket-cylinder-for-komatsu-large-excavator-pc300-3-5-6-7-8","status":"publish","type":"product","link":"https:\/\/www.hydraulic-cylinders.net\/ro\/produs\/bucket-cylinder-for-komatsu-large-excavator-pc300-3-5-6-7-8\/","title":{"rendered":"Cilindru cu cup\u0103 pentru excavator mare Komatsu PC300-3-5-6-7-8"},"content":{"rendered":"<h1>Cilindru cu cup\u0103 pentru excavator mare Komatsu PC300-3-5-6-7-8<\/h1>\n<h2>Introducere<\/h2>\n<p>Cilindrul cupei pentru excavatorul mare Komatsu PC300-3-5-6-7-8 este un cilindru hidraulic special conceput, utilizat pentru a controla mi\u0219carea cupei \u00een utilaje grele, cum ar fi excavatoarele, \u00eenc\u0103rc\u0103toarele cu excavator \u0219i \u00eenc\u0103rc\u0103toarele frontale. Func\u021bia sa principal\u0103 este de a permite ridicarea, cobor\u00e2rea \u0219i \u00eenclinarea cupei, facilit\u00e2nd gestionarea diverselor sarcini de manipulare a materialelor. \u00cen sistemul hidraulic, cilindrul cupei realizeaz\u0103 un control precis al cupei prin varia\u021bia presiunii uleiului hidraulic, permi\u021b\u00e2nd operatorilor s\u0103 manipuleze eficient sarcini grele \u0219i s\u0103 se adapteze la medii de lucru complexe \u0219i nevoi opera\u021bionale diverse.<\/p>\n<p><img decoding=\"async\" src=\"https:\/\/www.hydraulic-cylinders.net\/wp-content\/uploads\/2025\/01\/songte-company-2.webp\"><\/p>\n<h2>Caracteristici<\/h2>\n<ul>\n<li>Rezisten\u021b\u0103 \u0219i durabilitate ridicate: Fabricate de obicei din o\u021bel sau aluminiu de \u00eenalt\u0103 rezisten\u021b\u0103, pot rezista la presiuni ridicate \u0219i sarcini grele, adapt\u00e2ndu-se la medii de lucru dure. Designul ia \u00een considerare rezisten\u021ba la uzur\u0103 \u0219i rezisten\u021ba la coroziune, prelungind durata de via\u021b\u0103.<\/li>\n<li>Func\u021bionare hidraulic\u0103 eficient\u0103: Utiliz\u00e2nd presiunea uleiului hidraulic pentru a ob\u021bine mi\u0219c\u0103ri line de extensie \u0219i retragere, acesta poate r\u0103spunde rapid la comenzile de control, oferind for\u021be puternice de \u00eempingere \u0219i tragere, potrivite pentru manipularea sarcinilor grele \u0219i a sarcinilor opera\u021bionale complexe.<\/li>\n<li>Diverse tipuri: Cilindrii cu ac\u021biune simpl\u0103 (hidraulici utiliza\u021bi \u00eentr-o singur\u0103 direc\u021bie) sau cu ac\u021biune dubl\u0103 (hidraulici utiliza\u021bi \u00een ambele direc\u021bii) pot fi selecta\u021bi \u00een func\u021bie de cerin\u021be pentru a satisface diferite nevoi opera\u021bionale. Unele modele sunt telescopice, permi\u021b\u00e2nd o extensie mai mare f\u0103r\u0103 a cre\u0219te dimensiunile exterioare, potrivite pentru aplica\u021bii cu spa\u021biu limitat.<\/li>\n<\/ul>\n<p><img decoding=\"async\" src=\"https:\/\/www.hydraulic-cylinders.net\/wp-content\/uploads\/2025\/01\/songte-cylinder-head-with-all-kinds-excavator-models.webp\"><\/p>\n<h2>Aplica\u021bii<\/h2>\n<p>Cilindrul cupei pentru excavatorul mare Komatsu PC300-3-5-6-7-8 se g\u0103se\u0219te frecvent \u00een urm\u0103toarele aplica\u021bii:<\/p>\n<ul>\n<li>Echipamente de construc\u021bii: Se g\u0103sesc \u00een excavatoare, acestea sunt esen\u021biale pentru s\u0103pare, \u00eenc\u0103rcare \u0219i mutarea solului sau a resturilor. La \u00eenc\u0103rc\u0103toarele cu excavator, cilindrul cupei ajut\u0103 at\u00e2t la s\u0103pare, c\u00e2t \u0219i la ridicare.<\/li>\n<li>Ma\u0219ini agricole: utilizate \u00een \u00eenc\u0103rc\u0103toarele frontale pentru scobere, ridicare \u0219i transportul solului, f\u00e2nului \u0219i altor materiale.<\/li>\n<li>Excavatoare: Cilindrul cupei permite ac\u021biunile de s\u0103pare permi\u021b\u00e2nd cupei s\u0103 p\u0103trund\u0103 \u00een sol.<\/li>\n<li>\u00cenc\u0103rc\u0103toare: \u00cen \u00eenc\u0103rc\u0103toarele frontale, acestea ajut\u0103 la ridicarea \u0219i \u00eenclinarea eficient\u0103 a \u00eenc\u0103rc\u0103turii.<\/li>\n<\/ul>\n<h2>Considera\u021bii de proiectare \u0219i criterii de selec\u021bie<\/h2>\n<p>La proiectarea cilindrului cupei, se iau \u00een considerare c\u00e2teva aspecte cheie \u0219i criterii de selec\u021bie:<\/p>\n<ul>\n<li>Capacitate portant\u0103: Cilindrul trebuie proiectat pentru a suporta sarcinile \u0219i solicit\u0103rile preconizate \u00een timpul func\u021bion\u0103rii.<\/li>\n<li>Etan\u0219are: Diverse componente de etan\u0219are, cum ar fi etan\u0219\u0103rile pistonului \u0219i etan\u0219\u0103rile tijei, sunt utilizate pentru a asigura o etan\u0219are corect\u0103 \u0219i a preveni scurgerile de ulei hidraulic.<\/li>\n<li>Durabilitate: Componentele \u0219i suprafe\u021bele cilindrului sunt tratate fin pentru a spori rezisten\u021ba la uzur\u0103 \u0219i a prelungi durata de via\u021b\u0103 a acestuia.<\/li>\n<li>Siguran\u021b\u0103: Sunt \u00eencorporate caracteristici de siguran\u021b\u0103, cum ar fi supapele de suprapresiune, pentru a preveni presiunea excesiv\u0103 \u0219i a asigura func\u021bionarea \u00een siguran\u021b\u0103.<\/li>\n<li>\u00centre\u021binere: Cilindrul este proiectat pentru o \u00eentre\u021binere u\u0219oar\u0103, permi\u021b\u00e2nd repara\u021bii eficiente \u0219i \u00eenlocuirea componentelor.<\/li>\n<\/ul>\n<p><img decoding=\"async\" src=\"https:\/\/www.hydraulic-cylinders.net\/wp-content\/uploads\/2025\/01\/songte-oil-pipes-and-spare-parts.webp\"><\/p>\n<h2>Etan\u0219are \u0219i lubrifiere<\/h2>\n<p>Cilindrul cupei utilizeaz\u0103 diverse garnituri, cum ar fi garnituri de piston \u0219i garnituri de tij\u0103, fabricate din materiale rezistente la uzur\u0103, cum ar fi poliuretanul \u0219i cauciucul nitrilic. Corpul cilindrului \u0219i capetele filetate sunt tratate fin pentru a \u00eembun\u0103t\u0103\u021bi rezisten\u021ba la uzur\u0103. Este necesar\u0103 o lubrifiere regulat\u0103 \u0219i trebuie ad\u0103ugat\u0103 cantitatea corespunz\u0103toare de ulei hidraulic pentru a asigura o func\u021bionare lin\u0103.<\/p>\n<h2>Inspec\u021bie \u0219i \u00eentre\u021binere preventiv\u0103<\/h2>\n<p>Pentru a asigura performan\u021ba optim\u0103 \u0219i longevitatea cilindrului cupei, se recomand\u0103 inspec\u021bii regulate \u0219i \u00eentre\u021binere preventiv\u0103:<\/p>\n<ul>\n<li>Verifica\u021bi periodic dac\u0103 exist\u0103 semne de uzur\u0103, deteriorare sau scurgeri la nivelul cilindrului \u0219i al componentelor acestuia.<\/li>\n<li>Lubrifierea corect\u0103 a cilindrului \u0219i a pieselor sale mobile.<\/li>\n<li>\u00cenlocui\u021bi periodic garniturile pentru a men\u021bine o etan\u0219are corect\u0103 \u0219i a preveni scurgerile de ulei.<\/li>\n<li>Efectua\u021bi verific\u0103ri de calibrare pentru a asigura o func\u021bionare corect\u0103.<\/li>\n<\/ul>\n<p><img decoding=\"async\" src=\"https:\/\/www.hydraulic-cylinders.net\/wp-content\/uploads\/2025\/01\/songte-chushion-collar.webp\"><\/p>\n<h2>Considera\u021bii de siguran\u021b\u0103 \u0219i factori de mediu<\/h2>\n<p>C\u00e2nd utiliza\u021bi cilindrul cupei, este esen\u021bial s\u0103 respecta\u021bi m\u0103surile de siguran\u021b\u0103 pentru a preveni accidentele \u0219i a asigura un mediu de lucru sigur. Trebuie luate \u00een considerare m\u0103surile de siguran\u021b\u0103, cum ar fi utilizarea echipamentului individual de protec\u021bie adecvat \u0219i respectarea procedurilor de operare corecte.<\/p>\n<h2>Depanare \u0219i probleme frecvente<\/h2>\n<p>De\u0219i cilindrul cupei este proiectat pentru o func\u021bionare fiabil\u0103, pot ap\u0103rea probleme ocazionale. Iat\u0103 c\u00e2teva probleme frecvente \u0219i sfaturi de depanare:<\/p>\n<ul>\n<li>Problem\u0103: Scurgere de ulei hidraulic.<br \/>\n  Solu\u021bie: Verifica\u021bi dac\u0103 garniturile sunt deteriorate \u0219i \u00eenlocui\u021bi-le dac\u0103 este necesar. Asigura\u021bi str\u00e2ngerea corect\u0103 a conexiunilor.<\/li>\n<li>Problem\u0103: Mi\u0219care insuficient\u0103 sau neregulat\u0103 a cupei.<br \/>\n  Solu\u021bie: Verifica\u021bi nivelurile \u0219i calitatea fluidului hidraulic. Inspecta\u021bi pentru a depista eventuale blocaje sau componente deteriorate.<\/li>\n<li>Problem\u0103: Zgomot sau vibra\u021bii excesive \u00een timpul func\u021bion\u0103rii.<br \/>\n  Solu\u021bie: Verifica\u021bi dac\u0103 exist\u0103 piese sl\u0103bite sau deteriorate. Lubrifia\u021bi componentele mobile, dac\u0103 este necesar.<\/li>\n<\/ul>\n<p><img decoding=\"async\" src=\"https:\/\/www.hydraulic-cylinders.net\/wp-content\/uploads\/2025\/01\/songte-bushings-with-all-kinds-of-excavator-models.webp\"><\/p>\n<p>Nu uita s\u0103 organizezi articolul logic, s\u0103 folose\u0219ti subtitluri pentru o navigare u\u0219oar\u0103, s\u0103 incluzi imagini sau grafice relevante pentru a \u00eembun\u0103t\u0103\u021bi \u00een\u021belegerea \u0219i s\u0103 te asiguri c\u0103 respectivul con\u021binut este clar, concis \u0219i potrivit pentru cititorii cu diferite niveluri de cuno\u0219tin\u021be tehnice.<\/p>\n<h2>Despre compania noastr\u0103<\/h2>\n<p>Suntem produc\u0103tori de cilindri hidraulici de schimb \u0219i unul dintre principalii produc\u0103tori \u0219i distribuitori angro de cilindri hidraulici pe pie\u021bele interne \u0219i interna\u021bionale. Compania noastr\u0103 urmeaz\u0103 o strategie de management al produc\u021biei industriale bazat\u0103 pe o calitate excelent\u0103, utiliz\u00e2nd ateliere de fabrica\u021bie de \u00eenalt\u0103 calitate \u0219i angaj\u00e2nd talente tehnologice, echipamente digitale avansate de fabrica\u021bie \u0219i sisteme profesionale de testare. \u00cembun\u0103t\u0103\u021bim continuu platformele noastre de fabrica\u021bie, perfec\u021bion\u0103m rutele de produc\u021bie pentru calitatea produselor \u0219i avem o puternic\u0103 capacitate creativ\u0103. Urm\u00e2nd principiile eficien\u021bei ridicate, preciziei ridicate \u0219i calit\u0103\u021bii \u00eenalte, satisfacem nevoile diverse ale clien\u021bilor no\u0219tri.<\/p>\n<p><img decoding=\"async\" src=\"https:\/\/www.hydraulic-cylinders.net\/wp-content\/uploads\/2025\/01\/songte-company-3.webp\"><\/p>\n<p>\u00cen plus, oferim:<\/p>\n<ul>\n<li>Profesionalism \u0219i expertiz\u0103 \u00een domeniu<\/li>\n<li>Certific\u0103ri interna\u021bionale<\/li>\n<li>Servicii de personalizare<\/li>\n<li>Echipamente de produc\u021bie avansate<\/li>\n<li>Servicii post-v\u00e2nzare<\/li>\n<\/ul>\n<p>Nu uita, acest articol a fost scris de Lyl.<\/p>","protected":false},"excerpt":{"rendered":"<p>Bucket Cylinder For Komatsu Large Excavator PC300-3-5-6-7-8 Introduction The bucket cylinder for Komatsu large excavator PC300-3-5-6-7-8 is a specially designed hydraulic cylinder used to control the movement of the bucket in heavy machinery such as excavators, backhoe loaders, and front-end loaders. Its main function is to enable the bucket to lift, lower, and tilt, making [&hellip;]<\/p>","protected":false},"featured_media":14761,"comment_status":"open","ping_status":"closed","template":"","meta":{"_et_pb_use_builder":"","_et_pb_old_content":"","_et_gb_content_width":""},"product_brand":[],"product_cat":[1494],"product_tag":[1495,1496],"class_list":{"0":"post-15146","1":"product","2":"type-product","3":"status-publish","4":"has-post-thumbnail","6":"product_cat-bucket-cylinders","7":"product_tag-bucket-cylinders","8":"product_tag-hydraulic-cylinders","10":"first","11":"instock","12":"shipping-taxable","13":"product-type-simple"},"amp_enabled":true,"_links":{"self":[{"href":"https:\/\/www.hydraulic-cylinders.net\/ro\/wp-json\/wp\/v2\/product\/15146","targetHints":{"allow":["GET"]}}],"collection":[{"href":"https:\/\/www.hydraulic-cylinders.net\/ro\/wp-json\/wp\/v2\/product"}],"about":[{"href":"https:\/\/www.hydraulic-cylinders.net\/ro\/wp-json\/wp\/v2\/types\/product"}],"replies":[{"embeddable":true,"href":"https:\/\/www.hydraulic-cylinders.net\/ro\/wp-json\/wp\/v2\/comments?post=15146"}],"wp:featuredmedia":[{"embeddable":true,"href":"https:\/\/www.hydraulic-cylinders.net\/ro\/wp-json\/wp\/v2\/media\/14761"}],"wp:attachment":[{"href":"https:\/\/www.hydraulic-cylinders.net\/ro\/wp-json\/wp\/v2\/media?parent=15146"}],"wp:term":[{"taxonomy":"product_brand","embeddable":true,"href":"https:\/\/www.hydraulic-cylinders.net\/ro\/wp-json\/wp\/v2\/product_brand?post=15146"},{"taxonomy":"product_cat","embeddable":true,"href":"https:\/\/www.hydraulic-cylinders.net\/ro\/wp-json\/wp\/v2\/product_cat?post=15146"},{"taxonomy":"product_tag","embeddable":true,"href":"https:\/\/www.hydraulic-cylinders.net\/ro\/wp-json\/wp\/v2\/product_tag?post=15146"}],"curies":[{"name":"wp","href":"https:\/\/api.w.org\/{rel}","templated":true}]}}