{"id":15157,"date":"2025-01-19T14:10:35","date_gmt":"2025-01-19T14:10:35","guid":{"rendered":"https:\/\/www.hydraulic-cylinders.net\/product\/bucket-cylinder-for-komatsu-wheel-excavator-pw100s-3-5\/"},"modified":"2025-01-19T14:10:37","modified_gmt":"2025-01-19T14:10:37","slug":"bucket-cylinder-for-komatsu-wheel-excavator-pw100s-3-5","status":"publish","type":"product","link":"https:\/\/www.hydraulic-cylinders.net\/ro\/produs\/bucket-cylinder-for-komatsu-wheel-excavator-pw100s-3-5\/","title":{"rendered":"Cilindru cu cup\u0103 pentru excavatorul pe ro\u021bi Komatsu PW100S-3-5"},"content":{"rendered":"<h2>Cilindru cu cup\u0103 pentru excavatorul pe ro\u021bi Komatsu PW100S-3-5<\/h2>\n<p>Cilindrul cupei este un cilindru hidraulic special conceput, utilizat pentru a controla mi\u0219carea cupei \u00een utilaje grele, cum ar fi excavatoarele, \u00eenc\u0103rc\u0103toarele excavatoare \u0219i \u00eenc\u0103rc\u0103toare frontale. Func\u021bia sa principal\u0103 este de a permite ridicarea, cobor\u00e2rea \u0219i \u00eenclinarea cupei, facilit\u00e2nd diverse sarcini de manipulare a materialelor. \u00cen sistemul hidraulic, cilindrul cupei realizeaz\u0103 un control precis al cupei prin modific\u0103ri ale presiunii uleiului hidraulic, permi\u021b\u00e2nd operatorilor s\u0103 manipuleze eficient sarcini grele \u0219i s\u0103 se adapteze la medii de lucru complexe \u0219i nevoi opera\u021bionale diverse.<\/p>\n<p><img decoding=\"async\" src=\"https:\/\/www.hydraulic-cylinders.net\/wp-content\/uploads\/2025\/01\/songte-company-2.webp\" alt=\"Imaginea cilindrului cupei\"><\/p>\n<h3>Caracteristici ale cilindrului cupei:<\/h3>\n<ol>\n<li>Rezisten\u021b\u0103 \u0219i durabilitate ridicate: Fabricat de obicei din o\u021bel sau aluminiu de \u00eenalt\u0103 rezisten\u021b\u0103, poate rezista la presiuni ridicate \u0219i sarcini grele, adapt\u00e2ndu-se la medii de lucru dure. Designul ia \u00een considerare rezisten\u021ba la uzur\u0103 \u0219i la coroziune pentru a-i prelungi durata de via\u021b\u0103.<\/li>\n<li>Func\u021bionare hidraulic\u0103 eficient\u0103: Utiliz\u00e2nd presiunea uleiului hidraulic, realizeaz\u0103 mi\u0219c\u0103ri line de extensie \u0219i retragere, r\u0103spunz\u00e2nd rapid la comenzile de control \u0219i oferind for\u021be puternice de \u00eempingere \u0219i tragere, potrivite pentru manipularea sarcinilor grele \u0219i a sarcinilor opera\u021bionale complexe.<\/li>\n<li>Diverse tipuri: Cilindrii cu ac\u021biune simpl\u0103 (hidraulici utiliza\u021bi \u00eentr-o singur\u0103 direc\u021bie) sau cu ac\u021biune dubl\u0103 (hidraulici utiliza\u021bi \u00een ambele direc\u021bii) pot fi selecta\u021bi \u00een func\u021bie de cerin\u021be pentru a satisface diferite nevoi opera\u021bionale. Unele modele sunt telescopice, permi\u021b\u00e2nd o extensie mai mare f\u0103r\u0103 a cre\u0219te dimensiunile exterioare, fiind potrivi\u021bi pentru aplica\u021bii cu spa\u021biu limitat.<\/li>\n<li>\u00cenlocuitor perfect: Produsul nostru poate \u00eenlocui perfect ace\u0219ti cilindri hidraulici.<\/li>\n<\/ol>\n<p><img decoding=\"async\" src=\"https:\/\/www.hydraulic-cylinders.net\/wp-content\/uploads\/2025\/01\/songte-cylinder-head-with-all-kinds-excavator-models.webp\" alt=\"Imagine de \u00eenlocuire a cilindrului cupei\"><\/p>\n<h3>Aplica\u021bii ale cilindrului cupei:<\/h3>\n<p><strong>Echipamente de construc\u021bii:<\/strong> G\u0103site \u00een excavatoare, acestea sunt esen\u021biale pentru excavare, \u00eenc\u0103rcare \u0219i mi\u0219carea solului sau a resturilor. La \u00eenc\u0103rc\u0103toarele excavatoare, cilindrul cupei ajut\u0103 at\u00e2t la s\u0103pare, c\u00e2t \u0219i la ridicare.<\/p>\n<p><strong>Ma\u0219ini agricole:<\/strong> Folosit la \u00eenc\u0103rc\u0103toarele frontale pentru scobere, ridicare \u0219i transportul solului, f\u00e2nului \u0219i altor materiale.<\/p>\n<p><strong>Excavatoare:<\/strong> Cilindrul cupei permite ac\u021biunea de s\u0103pare permi\u021b\u00e2nd cupei s\u0103 p\u0103trund\u0103 \u00een sol.<\/p>\n<p><strong>\u00cenc\u0103rc\u0103toare frontale:<\/strong> \u00cen cazul \u00eenc\u0103rc\u0103toarelor frontale, acestea ajut\u0103 la ridicarea \u0219i desc\u0103rcarea eficient\u0103 a m\u0103rfurilor.<\/p>\n<h3>Considera\u021bii de proiectare \u0219i criterii de selec\u021bie:<\/h3>\n<p>La proiectarea cilindrilor pentru cupe, se iau \u00een considerare mai mul\u021bi factori:<\/p>\n<ol>\n<li>Capacitate portant\u0103: Cilindrul trebuie s\u0103 poat\u0103 suporta sarcinile maxime preconizate pentru a asigura o func\u021bionare sigur\u0103 \u0219i fiabil\u0103.<\/li>\n<li>Capacitate de etan\u0219are: Diferite componente de etan\u0219are, cum ar fi etan\u0219\u0103rile pistonului \u0219i etan\u0219\u0103rile tijei, sunt utilizate pentru a preveni scurgerile \u0219i a asigura o func\u021bionare eficient\u0103.<\/li>\n<li>Durabilitate: Cilindrul \u0219i capetele sale filetate sunt tratate fin pentru a \u00eembun\u0103t\u0103\u021bi rezisten\u021ba la uzur\u0103 \u0219i a prelungi durata de via\u021b\u0103.<\/li>\n<li>Siguran\u021b\u0103: Designul \u00eencorporeaz\u0103 elemente de siguran\u021b\u0103 pentru a preveni accidentele \u0219i a asigura protec\u021bia operatorului.<\/li>\n<li>\u00centre\u021binere: Accesul facil pentru \u00eentre\u021binere, reparare \u0219i \u00eenlocuire a componentelor este considerat a reduce la minimum timpul de nefunc\u021bionare.<\/li>\n<\/ol>\n<p><img decoding=\"async\" src=\"https:\/\/www.hydraulic-cylinders.net\/wp-content\/uploads\/2025\/01\/songte-oil-pipes-and-spare-parts.webp\" alt=\"Imagine de etan\u0219are \u0219i lubrifiere\"><\/p>\n<p>Pentru etan\u0219are, se utilizeaz\u0103 diverse elemente de etan\u0219are, cum ar fi poliuretanul \u0219i cauciucul nitrilic, pentru rezisten\u021ba lor la uzur\u0103. Corpul cilindrului \u0219i capetele filetate sunt supuse unor tratamente de suprafa\u021b\u0103 meticuloase pentru a spori rezisten\u021ba la uzur\u0103. Lubrifierea regulat\u0103 cu o cantitate adecvat\u0103 de ulei hidraulic este necesar\u0103 pentru a asigura o func\u021bionare f\u0103r\u0103 probleme.<\/p>\n<p>Inspec\u021biile regulate \u0219i m\u0103surile de \u00eentre\u021binere preventiv\u0103 sunt esen\u021biale pentru longevitatea \u0219i performan\u021ba optim\u0103 a cilindrului cupei:<\/p>\n<ul>\n<li>Verifica\u021bi periodic pentru scurgeri, uzur\u0103 \u0219i deteriorare.<\/li>\n<li>Asigura\u021bi lubrifierea corespunz\u0103toare a tuturor pieselor mobile.<\/li>\n<li>\u00cenlocui\u021bi garniturile dup\u0103 cum este necesar.<\/li>\n<li>Efectua\u021bi verific\u0103ri de calibrare pentru a men\u021bine precizia.<\/li>\n<\/ul>\n<p><img decoding=\"async\" src=\"https:\/\/www.hydraulic-cylinders.net\/wp-content\/uploads\/2025\/01\/songte-chushion-collar.webp\" alt=\"Imaginea sarcinilor de \u00eentre\u021binere\"><\/p>\n<p>Considera\u021biile de siguran\u021b\u0103 \u0219i factorii de mediu sunt cruciali atunci c\u00e2nd se lucreaz\u0103 cu cilindri excavatori. Respectarea m\u0103surilor de siguran\u021b\u0103 \u00een timpul utiliz\u0103rii cilindrului asigur\u0103 prevenirea accidentelor \u0219i bun\u0103starea operatorului.<\/p>\n<p>\u00cen ceea ce prive\u0219te depanarea \u0219i problemele comune, iat\u0103 c\u00e2teva sfaturi \u0219i solu\u021bii pentru a ajuta cititorii s\u0103 diagnosticheze \u0219i s\u0103 rezolve problemele \u00een mod eficient, \u00eempreun\u0103 cu m\u0103suri preventive pentru a minimiza poten\u021bialele probleme:<\/p>\n<p><img decoding=\"async\" src=\"https:\/\/www.hydraulic-cylinders.net\/wp-content\/uploads\/2025\/01\/songte-bushings-with-all-kinds-of-excavator-models.webp\" alt=\"Depanarea erorilor de imagine\"><\/p>\n<h3>Despre compania noastr\u0103:<\/h3>\n<p>Suntem un produc\u0103tor \u0219i distribuitor angro de top de cilindri hidraulici pe pie\u021bele interne \u0219i interna\u021bionale. Compania noastr\u0103 ofer\u0103 o gam\u0103 larg\u0103 de produse, respect\u00e2nd principiile excelen\u021bei \u00een calitate, utiliz\u00e2nd strategii de management al produc\u021biei industriale \u00een atelierele noastre de fabrica\u021bie rafinate. Pun\u00e2nd un accent puternic pe talentele tehnologice, echipamentele digitale avansate de fabrica\u021bie \u0219i sistemele profesionale de testare, \u00eembun\u0103t\u0103\u021bim continuu platforma noastr\u0103 de fabrica\u021bie \u0219i rutele de produc\u021bie a calit\u0103\u021bii produselor. Avem capacitatea de a satisface diversele nevoi ale clien\u021bilor cu eficien\u021b\u0103, precizie \u0219i calitate ridicate.<\/p>\n<p><img decoding=\"async\" src=\"https:\/\/www.hydraulic-cylinders.net\/wp-content\/uploads\/2025\/01\/songte-company-3.webp\" alt=\"Imaginea companiei\"><\/p>\n<p>Compania noastr\u0103 este cunoscut\u0103 pentru profesionalismul s\u0103u, certific\u0103rile interna\u021bionale, serviciile personalizate, echipamentele de produc\u021bie \u0219i asisten\u021ba post-v\u00e2nzare.<\/p>\n<h5>Autor: lyl<\/h5>","protected":false},"excerpt":{"rendered":"<p>Bucket Cylinder For Komatsu Wheel Excavator PW100S-3-5 Bucket cylinder is a specially designed hydraulic cylinder used to control the movement of the bucket in heavy machinery such as excavators, backhoe loaders, and wheel loaders. Its main function is to enable the bucket to lift, lower, and tilt, making it easier for various material handling tasks. [&hellip;]<\/p>","protected":false},"featured_media":14771,"comment_status":"open","ping_status":"closed","template":"","meta":{"_et_pb_use_builder":"","_et_pb_old_content":"","_et_gb_content_width":""},"product_brand":[],"product_cat":[1494],"product_tag":[1495,1496],"class_list":{"0":"post-15157","1":"product","2":"type-product","3":"status-publish","4":"has-post-thumbnail","6":"product_cat-bucket-cylinders","7":"product_tag-bucket-cylinders","8":"product_tag-hydraulic-cylinders","10":"first","11":"instock","12":"shipping-taxable","13":"product-type-simple"},"amp_enabled":true,"_links":{"self":[{"href":"https:\/\/www.hydraulic-cylinders.net\/ro\/wp-json\/wp\/v2\/product\/15157","targetHints":{"allow":["GET"]}}],"collection":[{"href":"https:\/\/www.hydraulic-cylinders.net\/ro\/wp-json\/wp\/v2\/product"}],"about":[{"href":"https:\/\/www.hydraulic-cylinders.net\/ro\/wp-json\/wp\/v2\/types\/product"}],"replies":[{"embeddable":true,"href":"https:\/\/www.hydraulic-cylinders.net\/ro\/wp-json\/wp\/v2\/comments?post=15157"}],"wp:featuredmedia":[{"embeddable":true,"href":"https:\/\/www.hydraulic-cylinders.net\/ro\/wp-json\/wp\/v2\/media\/14771"}],"wp:attachment":[{"href":"https:\/\/www.hydraulic-cylinders.net\/ro\/wp-json\/wp\/v2\/media?parent=15157"}],"wp:term":[{"taxonomy":"product_brand","embeddable":true,"href":"https:\/\/www.hydraulic-cylinders.net\/ro\/wp-json\/wp\/v2\/product_brand?post=15157"},{"taxonomy":"product_cat","embeddable":true,"href":"https:\/\/www.hydraulic-cylinders.net\/ro\/wp-json\/wp\/v2\/product_cat?post=15157"},{"taxonomy":"product_tag","embeddable":true,"href":"https:\/\/www.hydraulic-cylinders.net\/ro\/wp-json\/wp\/v2\/product_tag?post=15157"}],"curies":[{"name":"wp","href":"https:\/\/api.w.org\/{rel}","templated":true}]}}