{"id":15167,"date":"2025-01-19T14:11:23","date_gmt":"2025-01-19T14:11:23","guid":{"rendered":"https:\/\/www.hydraulic-cylinders.net\/product\/bucket-cylinder-for-sumitomo-small-excavator-sh75-75x-3b\/"},"modified":"2025-01-19T14:11:25","modified_gmt":"2025-01-19T14:11:25","slug":"bucket-cylinder-for-sumitomo-small-excavator-sh75-75x-3b","status":"publish","type":"product","link":"https:\/\/www.hydraulic-cylinders.net\/ro\/produs\/bucket-cylinder-for-sumitomo-small-excavator-sh75-75x-3b\/","title":{"rendered":"Cilindru cu cup\u0103 pentru excavatorul mic Sumitomo SH75\/75X-3B"},"content":{"rendered":"<p><!DOCTYPE html><br \/>\n<html><br \/>\n<head><br \/>\n<title>Cilindru cu cup\u0103 pentru excavatorul mic Sumitomo SH75\/75X-3B<\/title><br \/>\n<\/head><br \/>\n<body><\/p>\n<h1>Cilindru cu cup\u0103 pentru excavatorul mic Sumitomo SH75\/75X-3B<\/h1>\n<h2>Introducere<\/h2>\n<p>Un cilindru al cupei este un cilindru hidraulic special conceput, utilizat pentru a controla mi\u0219carea cupei \u00een utilaje grele, cum ar fi excavatoarele, \u00eenc\u0103rc\u0103toarele excavatoare \u0219i \u00eenc\u0103rc\u0103toarele frontale. Func\u021bia sa principal\u0103 este de a permite ridicarea, cobor\u00e2rea \u0219i \u00eenclinarea cupei, facilit\u00e2nd diverse sarcini de manipulare a materialelor. \u00cen sistemul hidraulic, cilindrul cupei realizeaz\u0103 un control precis al cupei prin modific\u0103ri ale presiunii uleiului hidraulic, permi\u021b\u00e2nd operatorilor s\u0103 manipuleze eficient sarcini grele \u0219i s\u0103 se adapteze la medii de lucru complexe \u0219i nevoi opera\u021bionale diverse.<\/p>\n<p><img decoding=\"async\" src=\"https:\/\/www.hydraulic-cylinders.net\/wp-content\/uploads\/2025\/01\/songte-company-2.webp\" alt=\"Imaginea cilindrului cupei\"><\/p>\n<h2>Caracteristici<\/h2>\n<ul>\n<li>Rezisten\u021b\u0103 \u0219i durabilitate ridicate: Fabricat de obicei din o\u021bel sau aluminiu de \u00eenalt\u0103 rezisten\u021b\u0103, cilindrul cupei poate rezista la presiuni ridicate \u0219i sarcini grele, adapt\u00e2ndu-se la medii de lucru dure. Designul s\u0103u ia \u00een considerare rezisten\u021ba la uzur\u0103 \u0219i la coroziune, prelungindu-i durata de via\u021b\u0103.<\/li>\n<li>Func\u021bionare hidraulic\u0103 eficient\u0103: Prin utilizarea presiunii uleiului hidraulic, cilindrul cupei permite ac\u021biuni line de extensie \u0219i retragere, oferind for\u021be puternice de \u00eempingere \u0219i tragere, potrivite pentru manipularea sarcinilor grele \u0219i a sarcinilor opera\u021bionale complexe.<\/li>\n<li>Diverse tipuri: Cilindrul poate fi selectat ca fiind cu ac\u021biune simpl\u0103 (utilizat hidraulic \u00eentr-o singur\u0103 direc\u021bie) sau cu ac\u021biune dubl\u0103 (utilizat hidraulic \u00een ambele direc\u021bii) \u00een func\u021bie de cerin\u021be, anumite modele fiind telescopice, permi\u021b\u00e2nd o extensie mai mare f\u0103r\u0103 a cre\u0219te dimensiunile exterioare, potrivit pentru aplica\u021bii cu spa\u021biu limitat.<\/li>\n<li>\u00cenlocuitor perfect pentru cilindrii hidraulici: Produsul nostru poate \u00eenlocui perfect cilindrii hidraulici existen\u021bi, cu performan\u021be \u0219i compatibilitate \u00eembun\u0103t\u0103\u021bite.<\/li>\n<\/ul>\n<p><img decoding=\"async\" src=\"https:\/\/www.hydraulic-cylinders.net\/wp-content\/uploads\/2025\/01\/songte-cylinder-head-with-all-kinds-excavator-models.webp\" alt=\"Imaginea produsului\"><\/p>\n<h2>Aplica\u021bii<\/h2>\n<ul>\n<li>Echipamente de construc\u021bii: Se g\u0103sesc \u00een excavatoare, acestea sunt esen\u021biale pentru excavare, \u00eenc\u0103rcare \u0219i mutarea solului sau a molozului. La \u00eenc\u0103rc\u0103toarele cu excavator, cilindrul cupei ajut\u0103 at\u00e2t la excavare, c\u00e2t \u0219i la ridicare.<\/li>\n<li>Ma\u0219ini agricole: utilizate \u00een \u00eenc\u0103rc\u0103toarele frontale, acestea ajut\u0103 la scoberea, ridicarea \u0219i transportul solului, f\u00e2nului \u0219i altor materiale.<\/li>\n<li>Excavatoare: Cilindrul cupei permite ac\u021biunile de excavare permi\u021b\u00e2nd cupei s\u0103 p\u0103trund\u0103 \u00een sol.<\/li>\n<li>\u00cenc\u0103rc\u0103toare: \u00cen cazul \u00eenc\u0103rc\u0103toarelor frontale, acestea contribuie la ridicarea \u0219i desc\u0103rcarea eficient\u0103 a m\u0103rfurilor.<\/li>\n<\/ul>\n<h2>Considera\u021bii de proiectare \u0219i criterii de selec\u021bie<\/h2>\n<ul>\n<li>Capacitate portant\u0103: Proiectarea cilindrului ia \u00een considerare capacitatea de a suporta sarcini mari \u0219i de a men\u021bine integritatea structural\u0103.<\/li>\n<li>Etan\u0219are: Se utilizeaz\u0103 diverse componente de etan\u0219are, cum ar fi etan\u0219\u0103rile pistonului \u0219i ale tijei, fabricate din materiale rezistente la uzur\u0103, cum ar fi poliuretanul \u0219i cauciucul nitrilic. Corpul cilindrului \u0219i suprafe\u021bele filetate ale cap\u0103tului sunt supuse unui tratament fin pentru a spori rezisten\u021ba la uzur\u0103.<\/li>\n<li>Durabilitate: Designul asigur\u0103 capacitatea cilindrului de a rezista la utilizare continu\u0103, factorii de mediu \u0219i impacturile poten\u021biale.<\/li>\n<li>Siguran\u021b\u0103: Sunt \u00eencorporate caracteristici de siguran\u021b\u0103, cum ar fi supapele de suprapresiune \u0219i capacele de protec\u021bie, pentru a preveni accidentele \u0219i a asigura siguran\u021ba operatorului.<\/li>\n<li>\u00centre\u021binere: Designul cilindrului permite \u00eentre\u021binerea \u0219i repararea u\u0219oar\u0103, cu puncte de acces \u0219i instruc\u021biuni adecvate.<\/li>\n<\/ul>\n<p><img decoding=\"async\" src=\"https:\/\/www.hydraulic-cylinders.net\/wp-content\/uploads\/2025\/01\/songte-oil-pipes-and-spare-parts.webp\" alt=\"Componente ale produsului\"><\/p>\n<h2>Etan\u0219are \u0219i lubrifiere<\/h2>\n<p>Cilindrul cupei utilizeaz\u0103 diverse componente de etan\u0219are, cum ar fi etan\u0219\u0103rile pistonului \u0219i etan\u0219\u0103rile tijei, fabricate din materiale rezistente la uzur\u0103, cum ar fi poliuretanul \u0219i cauciucul nitrilic. Corpul cilindrului \u0219i suprafe\u021bele filetate ale cap\u0103tului sunt supuse unui tratament fin pentru a spori rezisten\u021ba la uzur\u0103. Lubrifierea regulat\u0103 este necesar\u0103 pentru a asigura performan\u021be optime. Periodic, trebuie ad\u0103ugat\u0103 o cantitate adecvat\u0103 de ulei hidraulic pentru lubrifiere.<\/p>\n<h2>\u00centre\u021binere \u0219i m\u0103suri preventive<\/h2>\n<ul>\n<li>Inspec\u021bii regulate: Inspecta\u021bi periodic butelia pentru a depista orice semne de uzur\u0103, deteriorare sau scurgeri.<\/li>\n<li>Lubrifiere adecvat\u0103: Urma\u021bi programul de lubrifiere recomandat pentru a men\u021bine o func\u021bionare f\u0103r\u0103 probleme.<\/li>\n<li>\u00cenlocuirea garniturilor: Dac\u0103 garniturile sunt uzate sau deteriorate, \u00eenlocui\u021bi-le imediat pentru a preveni scurgerile \u0219i a men\u021bine eficacitatea etan\u0219\u0103rii.<\/li>\n<li>Verific\u0103ri de calibrare: Verifica\u021bi \u0219i calibra\u021bi periodic butelia pentru a asigura o func\u021bionare precis\u0103 \u0219i precis\u0103.<\/li>\n<\/ul>\n<p><img decoding=\"async\" src=\"https:\/\/www.hydraulic-cylinders.net\/wp-content\/uploads\/2025\/01\/songte-chushion-collar.webp\" alt=\"Imagine de instalare\"><\/p>\n<h2>Considera\u021bii privind siguran\u021ba produsului \u0219i factori de mediu<\/h2>\n<p>Atunci c\u00e2nd se utilizeaz\u0103 cilindrul cupei, este important s\u0103 se respecte m\u0103surile de siguran\u021b\u0103 pentru a preveni accidentele \u0219i a asigura bun\u0103starea operatorului. Proiectarea cilindrului ia \u00een considerare standardele \u0219i reglement\u0103rile de siguran\u021b\u0103 pentru a minimiza riscurile. \u00cen plus, trebuie lua\u021bi \u00een considerare factorii de mediu, cum ar fi scurgerile de fluide \u0219i eliminarea corespunz\u0103toare a de\u0219eurilor.<\/p>\n<h2>Depanare \u0219i probleme frecvente<\/h2>\n<p>Problemele frecvente care pot ap\u0103rea cu cilindrul cupei includ scurgeri, putere insuficient\u0103 \u0219i mi\u0219c\u0103ri anormale. Pentru a depana aceste probleme, se recomand\u0103 verificarea oric\u0103ror scurgeri, asigurarea nivelurilor adecvate de lichid hidraulic \u0219i inspectarea sistemului pentru eventuale defec\u021biuni. M\u0103surile preventive adecvate, cum ar fi \u00eentre\u021binerea regulat\u0103 \u0219i repara\u021biile la timp, pot ajuta la minimizarea poten\u021bialelor probleme.<\/p>\n<p><img decoding=\"async\" src=\"https:\/\/www.hydraulic-cylinders.net\/wp-content\/uploads\/2025\/01\/songte-bushings-with-all-kinds-of-excavator-models.webp\" alt=\"Depanarea erorilor de imagine\"><\/p>\n<h2>Despre compania noastr\u0103<\/h2>\n<p>Suntem produc\u0103tori de cilindri hidraulici de schimb, oferind o gam\u0103 larg\u0103 de produse. Am devenit unul dintre principalii produc\u0103tori \u0219i angrosi\u0219ti \u200b\u200bde cilindri hidraulici pe pie\u021bele interne \u0219i interna\u021bionale. Datorit\u0103 angajamentului nostru fa\u021b\u0103 de excelen\u021b\u0103 \u0219i strategiilor industrializate de management al produc\u021biei implementate \u00een atelierul nostru sofisticat de fabrica\u021bie, ne \u00eembun\u0103t\u0103\u021bim continuu platforma de produc\u021bie, rafin\u0103m linia de produc\u021bie a calit\u0103\u021bii produselor \u0219i de\u021binem capacit\u0103\u021bi inovatoare puternice. Ne str\u0103duim s\u0103 satisfacem diversele nevoi ale clien\u021bilor cu eficien\u021b\u0103 ridicat\u0103, precizie \u0219i principii de calitate.<\/p>\n<p><img decoding=\"async\" src=\"https:\/\/www.hydraulic-cylinders.net\/wp-content\/uploads\/2025\/01\/songte-company-3.webp\" alt=\"Imaginea companiei\"><\/p>\n<h3>De ce s\u0103 ne alege\u021bi pe noi?<\/h3>\n<ul>\n<li>Expertiz\u0103: Avem o echip\u0103 de profesioni\u0219ti cu cuno\u0219tin\u021be \u0219i experien\u021b\u0103 vaste \u00een produc\u021bia de cilindri hidraulici.<\/li>\n<li>Certific\u0103ri interna\u021bionale: Produsele noastre \u00eendeplinesc standardele interna\u021bionale de calitate \u0219i siguran\u021b\u0103, asigur\u00e2nd fiabilitate \u0219i performan\u021b\u0103.<\/li>\n<li>Servicii de personalizare: Oferim solu\u021bii personalizate pentru a satisface cerin\u021bele specifice ale clien\u021bilor.<\/li>\n<li>Echipamente de produc\u021bie avansate: Folosim echipamente digitale de fabrica\u021bie de ultim\u0103 genera\u021bie pentru o produc\u021bie precis\u0103 \u0219i eficient\u0103.<\/li>\n<li>Serviciu post-v\u00e2nzare: Compania noastr\u0103 ofer\u0103 asisten\u021b\u0103 post-v\u00e2nzare complet\u0103, inclusiv \u00eenlocuirea pieselor \u0219i servicii de reconstruc\u021bie, pentru a prelungi durata de via\u021b\u0103 a produselor noastre.<\/li>\n<\/ul>\n<p>Autor: lyl<\/p>\n<p><\/body><br \/>\n<\/html><\/p>","protected":false},"excerpt":{"rendered":"<p>Bucket Cylinder For Sumitomo Small Excavator SH75\/75X-3B Bucket Cylinder For Sumitomo Small Excavator SH75\/75X-3B Introduction A bucket cylinder is a specially designed hydraulic cylinder used to control the movement of the bucket in heavy machinery such as excavators, backhoe loaders, and front-end loaders. Its main function is to enable the bucket to lift, lower, and [&hellip;]<\/p>","protected":false},"featured_media":14782,"comment_status":"open","ping_status":"closed","template":"","meta":{"_et_pb_use_builder":"","_et_pb_old_content":"","_et_gb_content_width":""},"product_brand":[],"product_cat":[1494],"product_tag":[1495,1496],"class_list":{"0":"post-15167","1":"product","2":"type-product","3":"status-publish","4":"has-post-thumbnail","6":"product_cat-bucket-cylinders","7":"product_tag-bucket-cylinders","8":"product_tag-hydraulic-cylinders","10":"first","11":"instock","12":"shipping-taxable","13":"product-type-simple"},"amp_enabled":true,"_links":{"self":[{"href":"https:\/\/www.hydraulic-cylinders.net\/ro\/wp-json\/wp\/v2\/product\/15167","targetHints":{"allow":["GET"]}}],"collection":[{"href":"https:\/\/www.hydraulic-cylinders.net\/ro\/wp-json\/wp\/v2\/product"}],"about":[{"href":"https:\/\/www.hydraulic-cylinders.net\/ro\/wp-json\/wp\/v2\/types\/product"}],"replies":[{"embeddable":true,"href":"https:\/\/www.hydraulic-cylinders.net\/ro\/wp-json\/wp\/v2\/comments?post=15167"}],"wp:featuredmedia":[{"embeddable":true,"href":"https:\/\/www.hydraulic-cylinders.net\/ro\/wp-json\/wp\/v2\/media\/14782"}],"wp:attachment":[{"href":"https:\/\/www.hydraulic-cylinders.net\/ro\/wp-json\/wp\/v2\/media?parent=15167"}],"wp:term":[{"taxonomy":"product_brand","embeddable":true,"href":"https:\/\/www.hydraulic-cylinders.net\/ro\/wp-json\/wp\/v2\/product_brand?post=15167"},{"taxonomy":"product_cat","embeddable":true,"href":"https:\/\/www.hydraulic-cylinders.net\/ro\/wp-json\/wp\/v2\/product_cat?post=15167"},{"taxonomy":"product_tag","embeddable":true,"href":"https:\/\/www.hydraulic-cylinders.net\/ro\/wp-json\/wp\/v2\/product_tag?post=15167"}],"curies":[{"name":"wp","href":"https:\/\/api.w.org\/{rel}","templated":true}]}}