{"id":15168,"date":"2025-01-19T14:11:26","date_gmt":"2025-01-19T14:11:26","guid":{"rendered":"https:\/\/www.hydraulic-cylinders.net\/product\/bucket-cylinder-for-sumitomo-small-excavator-sh100a1a2a3\/"},"modified":"2025-01-19T14:11:28","modified_gmt":"2025-01-19T14:11:28","slug":"bucket-cylinder-for-sumitomo-small-excavator-sh100a1a2a3","status":"publish","type":"product","link":"https:\/\/www.hydraulic-cylinders.net\/ro\/produs\/bucket-cylinder-for-sumitomo-small-excavator-sh100a1a2a3\/","title":{"rendered":"Cilindru cu cup\u0103 pentru excavatorul mic Sumitomo SH100A1A2A3"},"content":{"rendered":"<h1>Cilindru cu cup\u0103 pentru excavatorul mic Sumitomo SH100A1A2A3<\/h1>\n<h2>Introducere<\/h2>\n<p>Cilindrul cupei pentru excavatorul mic Sumitomo SH100A1A2A3 este un cilindru hidraulic specializat, conceput pentru a controla mi\u0219carea cupei \u00een utilaje grele, cum ar fi excavatoarele, \u00eenc\u0103rc\u0103toarele excavatoare \u0219i \u00eenc\u0103rc\u0103toarele frontale. Func\u021bia sa principal\u0103 este de a permite ridicarea, cobor\u00e2rea \u0219i \u00eenclinarea cupei, facilit\u00e2nd gestionarea diverselor sarcini de manipulare a materialelor. Cilindrul cupei realizeaz\u0103 un control precis al mi\u0219c\u0103rii cupei prin modific\u0103ri ale presiunii uleiului hidraulic din sistemul hidraulic, permi\u021b\u00e2nd operatorilor s\u0103 manipuleze eficient obiecte grele \u0219i s\u0103 se adapteze la medii de lucru complexe \u0219i cerin\u021be diverse ale lucr\u0103rilor.<\/p>\n<p><img decoding=\"async\" src=\"https:\/\/www.hydraulic-cylinders.net\/wp-content\/uploads\/2025\/01\/songte-company-2.webp\"><\/p>\n<h2>Caracteristici<\/h2>\n<ul>\n<li>Rezisten\u021b\u0103 \u0219i durabilitate ridicate: Fabricate de obicei din o\u021bel sau aluminiu de \u00eenalt\u0103 rezisten\u021b\u0103, pot rezista la presiuni ridicate \u0219i sarcini grele, se adapteaz\u0103 la medii de lucru dure \u0219i sunt proiectate av\u00e2nd \u00een vedere rezisten\u021ba la uzur\u0103 \u0219i la coroziune pentru a-i prelungi durata de via\u021b\u0103.<\/li>\n<li>Func\u021bionare hidraulic\u0103 eficient\u0103: Extensia \u0219i contrac\u021bia lin\u0103 se realizeaz\u0103 folosind presiunea uleiului hidraulic. Poate r\u0103spunde rapid la comenzile de control, poate oferi for\u021be puternice de \u00eempingere \u0219i tragere \u0219i este potrivit pentru manipularea obiectelor grele \u0219i a sarcinilor complexe.<\/li>\n<li>Varietate de tipuri: Cilindrii cu ac\u021biune simpl\u0103 (utiliza\u021bi hidraulic \u00eentr-o singur\u0103 direc\u021bie) sau cu ac\u021biune dubl\u0103 (utiliza\u021bi hidraulic \u00een ambele direc\u021bii) pot fi selecta\u021bi \u00een func\u021bie de necesit\u0103\u021bi pentru a satisface diferite nevoi opera\u021bionale. Unele modele sunt telescopice, permi\u021b\u00e2nd o extensie mai mare f\u0103r\u0103 a cre\u0219te dimensiunile exterioare, fiind potrivi\u021bi pentru aplica\u021bii cu spa\u021biu limitat.<\/li>\n<li>U\u0219or de instalat: Compania noastr\u0103 poate produce acest produs, iar produsul nostru poate \u00eenlocui perfect ace\u0219ti cilindri hidraulici.<\/li>\n<\/ul>\n<p><img decoding=\"async\" src=\"https:\/\/www.hydraulic-cylinders.net\/wp-content\/uploads\/2025\/01\/songte-cylinder-head-with-all-kinds-excavator-models.webp\"><\/p>\n<h2>Aplica\u021bii<\/h2>\n<p>Cilindrul cu cup\u0103 are o gam\u0103 larg\u0103 de aplica\u021bii, cum ar fi:<\/p>\n<ul>\n<li>Echipamente de construc\u021bii: \u00cen cazul excavatoarelor, acestea sunt esen\u021biale pentru excavare, \u00eenc\u0103rcare \u0219i mutarea solului sau a resturilor. \u00cen cazul \u00eenc\u0103rc\u0103toarelor excavatoare, cilindrul cupei ajut\u0103 at\u00e2t la s\u0103pare, c\u00e2t \u0219i la ridicare. <\/li>\n<li>Ma\u0219ini agricole: utilizate \u00een \u00eenc\u0103rc\u0103toare frontale, pentru scobere, ridicare \u0219i transportul solului, f\u00e2nului \u0219i altor materiale. <\/li>\n<li>Excavatoare: Cilindrul cupei realizeaz\u0103 ac\u021biunea de s\u0103pare permi\u021b\u00e2nd cupei s\u0103 p\u0103trund\u0103 \u00een sol.<\/li>\n<li>\u00cenc\u0103rc\u0103toare: \u00cen \u00eenc\u0103rc\u0103toarele frontale, acestea ajut\u0103 la ridicarea \u0219i \u00eenclinarea eficient\u0103 a m\u0103rfurilor.<\/li>\n<\/ul>\n<p>Iat\u0103 c\u00e2teva exemple despre cum este utilizat cilindrul cupei \u00een diferite aplica\u021bii:<\/p>\n<h3>Echipamente de construc\u021bii<\/h3>\n<p>\u00cen excavatoare, acestea sunt esen\u021biale pentru excavare, \u00eenc\u0103rcare \u0219i mutarea solului sau a resturilor. \u00cen buldoexcavatoarele, cilindrul cupei ajut\u0103 at\u00e2t la s\u0103pare, c\u00e2t \u0219i la ridicare.<\/p>\n<h3>Ma\u0219ini agricole<\/h3>\n<p>Folosit la \u00eenc\u0103rc\u0103toare frontale, pentru scobere, ridicare \u0219i transportul solului, f\u00e2nului \u0219i altor materiale.<\/p>\n<h3>Excavatoare<\/h3>\n<p>Cilindrul cupei realizeaz\u0103 ac\u021biunea de s\u0103pare permi\u021b\u00e2nd cupei s\u0103 p\u0103trund\u0103 \u00een sol.<\/p>\n<h3>\u00cenc\u0103rc\u0103toare<\/h3>\n<p>\u00cen cazul \u00eenc\u0103rc\u0103toarelor frontale, acestea ajut\u0103 la ridicarea \u0219i \u00eenclinarea eficient\u0103 a m\u0103rfurilor.<\/p>\n<h2>Considera\u021bii de proiectare \u0219i criterii de selec\u021bie<\/h2>\n<h3>Capacitate portant\u0103<\/h3>\n<p>Cilindrul cupei este proiectat s\u0103 suporte sarcini grele \u0219i presiuni ridicate. Materialele utilizate, cum ar fi o\u021belul de \u00eenalt\u0103 rezisten\u021b\u0103 sau aluminiul, sunt alese pentru durabilitatea \u0219i rezisten\u021ba lor la uzur\u0103 \u0219i coroziune. <\/p>\n<h3>Etan\u0219are \u0219i durabilitate<\/h3>\n<p>Diverse componente de etan\u0219are, cum ar fi etan\u0219\u0103rile pistonului \u0219i etan\u0219\u0103rile tijei, sunt utilizate pentru a se asigura c\u0103 fluidul hidraulic nu se scurge din cilindru. Acestea sunt fabricate din materiale rezistente la uzur\u0103, cum ar fi poliuretanul \u0219i cauciucul nitrilic. Suprafa\u021ba interioar\u0103 a corpului cilindrului \u0219i cap\u0103tul filetat sunt prelucrate cu precizie pentru a cre\u0219te rezisten\u021ba la uzur\u0103. Ad\u0103ugarea regulat\u0103 a unei cantit\u0103\u021bi adecvate de ulei hidraulic pentru lubrifiere este necesar\u0103 pentru a men\u021bine durabilitatea.<\/p>\n<p><img decoding=\"async\" src=\"https:\/\/www.hydraulic-cylinders.net\/wp-content\/uploads\/2025\/01\/songte-oil-pipes-and-spare-parts.webp\"><\/p>\n<h2>\u00centre\u021binere \u0219i repara\u021bii<\/h2>\n<p>\u00centre\u021binerea regulat\u0103 \u0219i m\u0103surile preventive sunt necesare pentru a asigura func\u021bionarea pe termen lung a cilindrului cupei. Iat\u0103 c\u00e2teva sarcini importante:<\/p>\n<h3>Instalare<\/h3>\n<p>La instalarea cilindrului, este esen\u021bial s\u0103 \u00eel alinia\u021bi corect \u0219i s\u0103 furniza\u021bi suporturi de montare adecvate pentru a-l fixa \u00een pozi\u021bie.<\/p>\n<h3>\u00centre\u0163inere<\/h3>\n<p>Sarcinile de \u00eentre\u021binere regulate includ lubrifierea corespunz\u0103toare, verificarea garniturilor pentru uzur\u0103 \u0219i scurgeri \u0219i inspec\u021bia cilindrului pentru semne de deteriorare sau defec\u021biuni.<\/p>\n<h3>Repara<\/h3>\n<p>\u00cen caz de deteriorare sau defec\u021biune, poate fi necesar\u0103 \u00eenlocuirea anumitor componente ale cilindrului sau reconstruirea acestuia \u00een \u00eentregime. Compania noastr\u0103 ofer\u0103 piese de schimb \u0219i servicii de reconstruc\u021bie pentru a ajuta la prelungirea duratei de via\u021b\u0103 a cilindrului \u0219i la reducerea timpilor de nefunc\u021bionare.<\/p>\n<p><img decoding=\"async\" src=\"https:\/\/www.hydraulic-cylinders.net\/wp-content\/uploads\/2025\/01\/songte-chushion-collar.webp\"><\/p>\n<h2>Considera\u021bii de siguran\u021b\u0103 \u0219i factori de mediu<\/h2>\n<p>M\u0103surile de siguran\u021b\u0103 sunt esen\u021biale atunci c\u00e2nd se utilizeaz\u0103 cilindrul cupei. Este necesar\u0103 o instruire adecvat\u0103 pentru a se asigura c\u0103 operatorii pot utiliza cilindrul \u00een siguran\u021b\u0103 \u0219i eficient. Factorii de mediu, cum ar fi temperatura \u0219i umiditatea, pot afecta, de asemenea, performan\u021ba \u0219i longevitatea cilindrului.<\/p>\n<h2>Probleme frecvente \u0219i depanare<\/h2>\n<p>Cilindrul cupei poate \u00eent\u00e2mpina diverse probleme \u00een timpul utiliz\u0103rii, cum ar fi scurgeri, zgomot sau func\u021bionare lent\u0103. Este esen\u021bial s\u0103 se diagnosticheze aceste probleme cu precizie \u0219i eficien\u021b\u0103 pentru a minimiza timpii de nefunc\u021bionare. \u00centre\u021binerea regulat\u0103 \u0219i instalarea corect\u0103 sunt, de asemenea, m\u0103suri preventive importante.<\/p>\n<p><img decoding=\"async\" src=\"https:\/\/www.hydraulic-cylinders.net\/wp-content\/uploads\/2025\/01\/songte-bushings-with-all-kinds-of-excavator-models.webp\"><\/p>\n<h2>Despre compania noastr\u0103<\/h2>\n<p>Compania noastr\u0103 este un produc\u0103tor \u0219i distribuitor angro de cilindri hidraulici de top pe pie\u021bele interne \u0219i interna\u021bionale. Ne angaj\u0103m s\u0103 oferim produse de calitate excelent\u0103 \u0219i ne baz\u0103m pe strategiile noastre de management al produc\u021biei industriale, cum ar fi utilizarea tehnologiei avansate \u0219i a sistemelor profesionale de testare, pentru a \u00eembun\u0103t\u0103\u021bi continuu platformele noastre de fabrica\u021bie \u0219i calitatea produselor. Capacit\u0103\u021bile noastre puternice de inovare \u0219i creativitate ne permit s\u0103 satisfacem diversele nevoi ale clien\u021bilor cu eficien\u021b\u0103, precizie \u0219i calitate ridicate.<\/p>\n<h3>Profesionalism<\/h3>\n<p>Avem o echip\u0103 de profesioni\u0219ti cu experien\u021b\u0103, dedica\u021bi furniz\u0103rii celor mai bune solu\u021bii pentru cerin\u021bele clien\u021bilor no\u0219tri.<\/p>\n<h3>Certificare interna\u021bional\u0103<\/h3>\n<p>Compania noastr\u0103 a ob\u021binut o varietate de certific\u0103ri interna\u021bionale, precum ISO9001, CE \u0219i SGS, asigur\u00e2nd c\u0103 produsele noastre respect\u0103 standardele interna\u021bionale de calitate.<\/p>\n<h3>Personalizare<\/h3>\n<p>Oferim servicii personalizate pentru a satisface nevoile diverse ale clien\u021bilor no\u0219tri, inclusiv design, produc\u021bie \u0219i ambalare personalizate, precum \u0219i servicii post-v\u00e2nzare personalizate.<\/p>\n<h3>Echipamente de produc\u021bie<\/h3>\n<p>Compania noastr\u0103 utilizeaz\u0103 echipamente de fabrica\u021bie avansate, cum ar fi ma\u0219ini CNC \u0219i linii de asamblare automatizate, pentru a asigura o eficien\u021b\u0103 \u0219i o precizie ridicate \u00een produc\u021bie.<\/p>\n<h3>Serviciu post-v\u00e2nzare<\/h3>\n<p>Oferim servicii profesionale post-v\u00e2nzare pentru a ajuta clien\u021bii s\u0103 rezolve problemele \u00een procesul de utilizare a produselor noastre \u0219i, de asemenea, oferim asisten\u021b\u0103 tehnic\u0103 \u0219i servicii de instruire pentru a ajuta clien\u021bii s\u0103 \u00ee\u0219i \u00eembun\u0103t\u0103\u021beasc\u0103 abilit\u0103\u021bile \u0219i cuno\u0219tin\u021bele.<\/p>\n<p><img decoding=\"async\" src=\"https:\/\/www.hydraulic-cylinders.net\/wp-content\/uploads\/2025\/01\/songte-company-3.webp\"><\/p>\n<p>Autor: lyl.<\/p>","protected":false},"excerpt":{"rendered":"<p>Bucket Cylinder For Sumitomo Small Excavator SH100A1A2A3 Introduction The bucket cylinder for Sumitomo small excavator SH100A1A2A3 is a specialized hydraulic cylinder designed to control the movement of the bucket in heavy machinery such as excavators, backhoe loaders, and front-end loaders. Its main function is to enable the bucket to lift, lower, and tilt, making it [&hellip;]<\/p>","protected":false},"featured_media":14780,"comment_status":"open","ping_status":"closed","template":"","meta":{"_et_pb_use_builder":"","_et_pb_old_content":"","_et_gb_content_width":""},"product_brand":[],"product_cat":[1494],"product_tag":[1495,1496],"class_list":{"0":"post-15168","1":"product","2":"type-product","3":"status-publish","4":"has-post-thumbnail","6":"product_cat-bucket-cylinders","7":"product_tag-bucket-cylinders","8":"product_tag-hydraulic-cylinders","10":"first","11":"instock","12":"shipping-taxable","13":"product-type-simple"},"amp_enabled":true,"_links":{"self":[{"href":"https:\/\/www.hydraulic-cylinders.net\/ro\/wp-json\/wp\/v2\/product\/15168","targetHints":{"allow":["GET"]}}],"collection":[{"href":"https:\/\/www.hydraulic-cylinders.net\/ro\/wp-json\/wp\/v2\/product"}],"about":[{"href":"https:\/\/www.hydraulic-cylinders.net\/ro\/wp-json\/wp\/v2\/types\/product"}],"replies":[{"embeddable":true,"href":"https:\/\/www.hydraulic-cylinders.net\/ro\/wp-json\/wp\/v2\/comments?post=15168"}],"wp:featuredmedia":[{"embeddable":true,"href":"https:\/\/www.hydraulic-cylinders.net\/ro\/wp-json\/wp\/v2\/media\/14780"}],"wp:attachment":[{"href":"https:\/\/www.hydraulic-cylinders.net\/ro\/wp-json\/wp\/v2\/media?parent=15168"}],"wp:term":[{"taxonomy":"product_brand","embeddable":true,"href":"https:\/\/www.hydraulic-cylinders.net\/ro\/wp-json\/wp\/v2\/product_brand?post=15168"},{"taxonomy":"product_cat","embeddable":true,"href":"https:\/\/www.hydraulic-cylinders.net\/ro\/wp-json\/wp\/v2\/product_cat?post=15168"},{"taxonomy":"product_tag","embeddable":true,"href":"https:\/\/www.hydraulic-cylinders.net\/ro\/wp-json\/wp\/v2\/product_tag?post=15168"}],"curies":[{"name":"wp","href":"https:\/\/api.w.org\/{rel}","templated":true}]}}