{"id":15170,"date":"2025-01-19T14:11:34","date_gmt":"2025-01-19T14:11:34","guid":{"rendered":"https:\/\/www.hydraulic-cylinders.net\/product\/bucket-cylinder-for-sumitomo-small-excavator-sh60a3\/"},"modified":"2025-01-19T14:11:36","modified_gmt":"2025-01-19T14:11:36","slug":"bucket-cylinder-for-sumitomo-small-excavator-sh60a3","status":"publish","type":"product","link":"https:\/\/www.hydraulic-cylinders.net\/ro\/produs\/bucket-cylinder-for-sumitomo-small-excavator-sh60a3\/","title":{"rendered":"Cilindru cu cup\u0103 pentru excavatorul mic Sumitomo SH60A3"},"content":{"rendered":"<h1>Cilindru cu cup\u0103 pentru excavatorul mic Sumitomo SH60A3<\/h1>\n<h2>Introducere<\/h2>\n<p>Cilindrul cupei pentru excavatorul mic Sumitomo SH60A3 este un cilindru hidraulic specializat, utilizat \u00een principal pentru a controla mi\u0219carea cupelor \u00een utilaje grele, cum ar fi excavatoarele, excavatoarele \u0219i \u00eenc\u0103rc\u0103toarele frontale. Func\u021bia sa principal\u0103 este de a permite ridicarea, cobor\u00e2rea \u0219i \u00eenclinarea cupei, facilit\u00e2nd manipularea unei variet\u0103\u021bi de materiale. \u00cen sistemul hidraulic, cilindrul cupei realizeaz\u0103 un control precis al cupei prin modific\u0103ri ale presiunii uleiului hidraulic, permi\u021b\u00e2nd operatorilor s\u0103 manipuleze eficient sarcini grele \u0219i s\u0103 se adapteze la medii de lucru complexe \u0219i cerin\u021be opera\u021bionale diverse.<\/p>\n<p><img decoding=\"async\" src=\"https:\/\/www.hydraulic-cylinders.net\/wp-content\/uploads\/2025\/01\/songte-company-2.webp\"\/><\/p>\n<h2>Caracteristici<\/h2>\n<ul>\n<li>Rezisten\u021b\u0103 \u0219i durabilitate ridicate: Fabricate de obicei din o\u021bel sau aluminiu de \u00eenalt\u0103 rezisten\u021b\u0103, pot rezista la presiuni ridicate \u0219i sarcini grele, se adapteaz\u0103 la medii de lucru dure \u0219i sunt proiectate av\u00e2nd \u00een vedere rezisten\u021ba la uzur\u0103 \u0219i la coroziune, prelungindu-i durata de via\u021b\u0103.<\/li>\n<li>Func\u021bionare hidraulic\u0103 eficient\u0103: Folosind presiunea uleiului hidraulic pentru a ob\u021bine o mi\u0219care telescopic\u0103 lin\u0103, poate r\u0103spunde rapid la comenzile de control, oferind for\u021be puternice de \u00eempingere \u0219i tragere, potrivite pentru manipularea sarcinilor grele \u0219i a sarcinilor de lucru complexe.<\/li>\n<li>Diverse tipuri: Cilindrii cu ac\u021biune simpl\u0103 (utiliza\u021bi hidraulic doar \u00eentr-o singur\u0103 direc\u021bie) sau cu ac\u021biune dubl\u0103 (utiliza\u021bi hidraulic \u00een ambele direc\u021bii) pot fi selecta\u021bi \u00een func\u021bie de necesit\u0103\u021bi pentru a satisface diferite cerin\u021be opera\u021bionale. Unele modele sunt telescopice, permi\u021b\u00e2nd o extensie mai mare f\u0103r\u0103 a cre\u0219te dimensiunile exterioare, potrivite pentru aplica\u021bii cu spa\u021biu limitat.<\/li>\n<li>\u00cenlocuitor perfect: Produsul nostru poate \u00eenlocui perfect ace\u0219ti cilindri hidraulici.<\/li>\n<\/ul>\n<p><img decoding=\"async\" src=\"https:\/\/www.hydraulic-cylinders.net\/wp-content\/uploads\/2025\/01\/songte-cylinder-head-with-all-kinds-excavator-models.webp\"\/><\/p>\n<h2>Aplica\u021bii<\/h2>\n<p>Cilindrul cupei pentru excavatorul mic Sumitomo SH60A3 este utilizat pe scar\u0103 larg\u0103 \u00een diverse industrii. C\u00e2teva dintre aplica\u021biile comune sunt:<\/p>\n<ul>\n<li>Echipamente de construc\u021bii: \u00cen excavatoare, acestea sunt esen\u021biale pentru excavare, \u00eenc\u0103rcare \u0219i mutarea solului sau a resturilor. \u00cen buldoexcavatoarele, cilindrii cupei ajut\u0103 at\u00e2t la excavare, c\u00e2t \u0219i la ridicare. <\/li>\n<li>Ma\u0219ini agricole: utilizate \u00een \u00eenc\u0103rc\u0103toare frontale pentru scobere, ridicare \u0219i transportul solului, f\u00e2nului \u0219i altor materiale. <\/li>\n<li>Excavatoare: Cilindrii cupei realizeaz\u0103 ac\u021biunea de s\u0103pare permi\u021b\u00e2nd cupei s\u0103 p\u0103trund\u0103 \u00een sol. <\/li>\n<li>\u00cenc\u0103rc\u0103toare: \u00cen \u00eenc\u0103rc\u0103toarele frontale, acestea ajut\u0103 la ridicarea \u0219i \u00eenclinarea eficient\u0103 a m\u0103rfurilor. <\/li>\n<\/ul>\n<h2>Considera\u021bii de proiectare \u0219i criterii de selec\u021bie<\/h2>\n<p>La selectarea cilindrului cupei pentru excavatorul mic Sumitomo SH60A3, trebuie luate \u00een considerare mai multe aspecte de proiectare \u0219i criterii de selec\u021bie, cum ar fi:<\/p>\n<ul>\n<li>Capacitate de \u00eenc\u0103rcare: Cilindrul trebuie s\u0103 poat\u0103 suporta capacitatea maxim\u0103 de \u00eenc\u0103rcare a echipamentului.<\/li>\n<li>Etan\u0219are: Pentru a asigura scurgeri minime \u0219i o durat\u0103 de via\u021b\u0103 mai lung\u0103, trebuie utilizat\u0103 o varietate de componente de etan\u0219are, cum ar fi etan\u0219\u0103rile pistonului \u0219i etan\u0219\u0103rile tijei. <\/li>\n<li>Durabilitate: Cilindrul trebuie proiectat pentru a rezista la condi\u021bii dure de lucru, iar corpul cilindrului \u0219i suprafa\u021ba cap\u0103tului filetat trebuie prelucrate fin pentru a \u00eembun\u0103t\u0103\u021bi rezisten\u021ba la uzur\u0103. <\/li>\n<li>Siguran\u021b\u0103: Cilindrul trebuie proiectat cu elemente de siguran\u021b\u0103 pentru a preveni accidentele \u00een timpul func\u021bion\u0103rii. <\/li>\n<li>\u00centre\u021binere: Cilindrul trebuie s\u0103 fie u\u0219or de \u00eentre\u021binut, iar piesele de schimb trebuie s\u0103 fie u\u0219or disponibile.<\/li>\n<\/ul>\n<p><img decoding=\"async\" src=\"https:\/\/www.hydraulic-cylinders.net\/wp-content\/uploads\/2025\/01\/songte-oil-pipes-and-spare-parts.webp\"\/><\/p>\n<h2>Etan\u0219are \u0219i lubrifiere<\/h2>\n<p>Cilindrul cupei pentru excavatorul mic Sumitomo SH60A3 utilizeaz\u0103 diverse componente de etan\u0219are, cum ar fi etan\u0219\u0103ri de piston \u0219i etan\u0219\u0103ri de tij\u0103, fabricate din materiale rezistente la uzur\u0103, cum ar fi poliuretanul \u0219i cauciucul nitrilic, pentru a minimiza scurgerile \u0219i a cre\u0219te durata de via\u021b\u0103. Corpul cilindrului \u0219i suprafa\u021ba cap\u0103tului filetat sunt, de asemenea, prelucrate pentru a \u00eembun\u0103t\u0103\u021bi rezisten\u021ba la uzur\u0103. Lubrifierea regulat\u0103 cu ulei hidraulic este necesar\u0103 pentru a men\u021bine func\u021bionarea corect\u0103 a cilindrului.<\/p>\n<h2>\u00centre\u021binere \u0219i repara\u021bii<\/h2>\n<p>Inspec\u021bia regulat\u0103 \u0219i \u00eentre\u021binerea preventiv\u0103 sunt cruciale pentru a asigura func\u021bionarea eficient\u0103 a cilindrului cupei pentru excavatorul mic Sumitomo SH60A3. C\u00e2teva sarcini comune de \u00eentre\u021binere includ:<\/p>\n<ul>\n<li>Inspec\u021bie regulat\u0103: Verifica\u021bi dac\u0103 cilindrul prezint\u0103 uzur\u0103 sau deterior\u0103ri \u0219i repara\u021bi sau \u00eenlocui\u021bi piesele dup\u0103 cum este necesar. <\/li>\n<li>Lubrifiere: Unge\u021bi cilindrul \u00een mod regulat cu ulei hidraulic pentru a men\u021bine o func\u021bionare corect\u0103. <\/li>\n<li>\u00cenlocuirea garniturilor: \u00cenlocui\u021bi garniturile dup\u0103 cum este necesar pentru a preveni scurgerile. <\/li>\n<li>Verificarea calibr\u0103rii: Verifica\u021bi calibrarea corect\u0103 a cilindrului pentru a asigura func\u021bionarea eficient\u0103.<\/li>\n<\/ul>\n<p><img decoding=\"async\" src=\"https:\/\/www.hydraulic-cylinders.net\/wp-content\/uploads\/2025\/01\/songte-chushion-collar.webp\"\/><\/p>\n<h2>Considera\u021bii de siguran\u021b\u0103 \u0219i factori de mediu<\/h2>\n<p>C\u00e2nd se utilizeaz\u0103 cilindrul cupei pentru excavatorul mic Sumitomo SH60A3, trebuie luate m\u0103suri de siguran\u021b\u0103 pentru a preveni accidentele \u00een timpul func\u021bion\u0103rii. De asemenea, este esen\u021bial s\u0103 se ia \u00een considerare impactul asupra mediului al func\u021bion\u0103rii cilindrului \u0219i s\u0103 se ia m\u0103surile adecvate pentru a-l minimiza.<\/p>\n<h2>Depanare \u0219i probleme frecvente<\/h2>\n<p>C\u00e2teva probleme frecvente care pot ap\u0103rea la utilizarea cilindrului cupei pentru excavatorul mic Sumitomo SH60A3 includ scurgeri, presiune sc\u0103zut\u0103 \u0219i mi\u0219care neregulat\u0103. Inspec\u021bia \u0219i diagnosticarea adecvate sunt esen\u021biale pentru a identifica cauza principal\u0103 a problemei \u0219i a lua m\u0103surile corective necesare.<\/p>\n<h2>Informa\u021bii despre companie<\/h2>\n<p>Suntem produc\u0103tori de cilindri hidraulici de schimb, oferind o gam\u0103 complet\u0103 de produse \u0219i devenind unul dintre principalii produc\u0103tori \u0219i distribuitori angro de cilindri hidraulici pe pie\u021bele interne \u0219i interna\u021bionale. Ader\u0103m la principiul calit\u0103\u021bii excelente, ne baz\u0103m pe strategia de management al produc\u021biei industriale a atelierului de produc\u021bie fin\u0103 \u0219i \u00eembun\u0103t\u0103\u021bim continuu platforma de produc\u021bie a atelierului, \u00eembun\u0103t\u0103\u021bim calitatea produc\u021biei produselor \u0219i avem o capacitate puternic\u0103 de crea\u021bie. Satisfacem nevoile diverse ale clien\u021bilor cu eficien\u021b\u0103 ridicat\u0103, precizie ridicat\u0103 \u0219i calitate superioar\u0103. <\/p>\n<p><img decoding=\"async\" src=\"https:\/\/hzpt.com\/wp-content\/uploads\/2024\/11\/songte-company-1.webp\"\/><\/p>\n<h3>Profesionalism<\/h3>\n<p>Compania noastr\u0103 are o echip\u0103 de speciali\u0219ti tehnici cu mul\u021bi ani de experien\u021b\u0103 \u00een industria hidraulic\u0103, oferind clien\u021bilor servicii profesionale \u0219i de \u00eenalt\u0103 calitate.<\/p>\n<h3>Certificare interna\u021bional\u0103<\/h3>\n<p>Produsele noastre au trecut diverse certific\u0103ri interna\u021bionale, cum ar fi ISO9001, CE \u0219i SGS, asigur\u00e2nd c\u0103 produsele noastre \u00eendeplinesc standardele interna\u021bionale de calitate \u0219i sunt exportate \u00een numeroase \u021b\u0103ri \u0219i regiuni.<\/p>\n<h3>Servicii de personalizare<\/h3>\n<p>Oferim clien\u021bilor cilindri hidraulici personaliza\u021bi \u00een func\u021bie de cerin\u021bele lor specifice, oferind solu\u021bii personalizate care s\u0103 le satisfac\u0103 nevoile.<\/p>\n<h3>Echipamente de produc\u021bie<\/h3>\n<p>Compania noastr\u0103 dispune de echipamente \u0219i tehnologii de produc\u021bie avansate, inclusiv centre de prelucrare CNC, ma\u0219ini de rectificat de precizie \u0219i ma\u0219ini automate de sudur\u0103, asigur\u00e2nd calitatea \u0219i precizia ridicat\u0103 a produselor noastre.<\/p>\n<h3>Serviciu post-v\u00e2nzare<\/h3>\n<p>Oferim clien\u021bilor servicii complete post-v\u00e2nzare, inclusiv asisten\u021b\u0103 tehnic\u0103, repararea \u0219i \u00eenlocuirea produselor, pentru a ne asigura c\u0103 to\u021bi clien\u021bii no\u0219tri sunt mul\u021bumi\u021bi de produsele \u0219i serviciile noastre.<\/p>\n<h4>Autor: lyl<\/h4>","protected":false},"excerpt":{"rendered":"<p>Bucket Cylinder For Sumitomo Small Excavator SH60A3 Introduction The bucket cylinder for Sumitomo small excavator SH60A3 is a specialized hydraulic cylinder primarily used to control the movement of buckets in heavy machinery such as excavators, backhoes, and front loaders. Its main function is to allow the bucket to lift, lower, and tilt, making it easier [&hellip;]<\/p>","protected":false},"featured_media":14776,"comment_status":"open","ping_status":"closed","template":"","meta":{"_et_pb_use_builder":"","_et_pb_old_content":"","_et_gb_content_width":""},"product_brand":[],"product_cat":[1494],"product_tag":[1495,1496],"class_list":{"0":"post-15170","1":"product","2":"type-product","3":"status-publish","4":"has-post-thumbnail","6":"product_cat-bucket-cylinders","7":"product_tag-bucket-cylinders","8":"product_tag-hydraulic-cylinders","10":"first","11":"instock","12":"shipping-taxable","13":"product-type-simple"},"amp_enabled":true,"_links":{"self":[{"href":"https:\/\/www.hydraulic-cylinders.net\/ro\/wp-json\/wp\/v2\/product\/15170","targetHints":{"allow":["GET"]}}],"collection":[{"href":"https:\/\/www.hydraulic-cylinders.net\/ro\/wp-json\/wp\/v2\/product"}],"about":[{"href":"https:\/\/www.hydraulic-cylinders.net\/ro\/wp-json\/wp\/v2\/types\/product"}],"replies":[{"embeddable":true,"href":"https:\/\/www.hydraulic-cylinders.net\/ro\/wp-json\/wp\/v2\/comments?post=15170"}],"wp:featuredmedia":[{"embeddable":true,"href":"https:\/\/www.hydraulic-cylinders.net\/ro\/wp-json\/wp\/v2\/media\/14776"}],"wp:attachment":[{"href":"https:\/\/www.hydraulic-cylinders.net\/ro\/wp-json\/wp\/v2\/media?parent=15170"}],"wp:term":[{"taxonomy":"product_brand","embeddable":true,"href":"https:\/\/www.hydraulic-cylinders.net\/ro\/wp-json\/wp\/v2\/product_brand?post=15170"},{"taxonomy":"product_cat","embeddable":true,"href":"https:\/\/www.hydraulic-cylinders.net\/ro\/wp-json\/wp\/v2\/product_cat?post=15170"},{"taxonomy":"product_tag","embeddable":true,"href":"https:\/\/www.hydraulic-cylinders.net\/ro\/wp-json\/wp\/v2\/product_tag?post=15170"}],"curies":[{"name":"wp","href":"https:\/\/api.w.org\/{rel}","templated":true}]}}